{"id":45926,"date":"2026-02-14T14:45:08","date_gmt":"2026-02-14T14:45:08","guid":{"rendered":"https:\/\/anadolupet.com.tr\/urun\/moderna-smarty-mama-kabi-gri-no-3\/"},"modified":"2026-02-23T12:51:35","modified_gmt":"2026-02-23T12:51:35","slug":"moderna-smarty-mama-kabi-gri-no-3","status":"publish","type":"product","link":"https:\/\/anadolupet.com.tr\/en\/urun\/moderna-smarty-mama-kabi-gri-no-3\/","title":{"rendered":"Moderna Smarty Mama Kab\u0131 &#8211; Gri No 3"},"content":{"rendered":"","protected":false},"excerpt":{"rendered":"<p>Smarty Bowl Large \u2013 Kaymaz Mama &#038; Su Kab\u0131<br \/>\nB\u00fcy\u00fck dostlar\u0131n\u0131z i\u00e7in g\u00fcvenli ve pratik beslenme \u00e7\u00f6z\u00fcm\u00fc! Smarty Bowl Large, kaymaz taban\u0131 ve ergonomik tasar\u0131m\u0131yla kedinizin veya k\u00f6pe\u011finizin mama ve su ihtiyac\u0131n\u0131 kar\u015f\u0131lamak i\u00e7in m\u00fckemmel bir se\u00e7imdir. Geni\u015f hacmi sayesinde b\u00fcy\u00fck \u0131rklar i\u00e7in idealdir ve uzun \u00f6m\u00fcrl\u00fc kullan\u0131m sunar.<br \/>\n\ud83d\udc3e \u00d6ne \u00c7\u0131kan \u00d6zellikler<br \/>\nKaymaz kau\u00e7uk ayaklar \u2013 yemek veya su i\u00e7erken kaymay\u0131 \u00f6nler<br \/>\nKolay kavrama i\u00e7in yan tutma yerleri \u2013 g\u00fcvenli kullan\u0131m sa\u011flar<br \/>\nSa\u011flam taban \u2013 devrilmeyi \u00f6nler<br \/>\nBula\u015f\u0131k makinesinde y\u0131kanabilir \u2013 g\u00fcnl\u00fck kullan\u0131mda pratik temizlik<br \/>\nPremium plastik malzeme \u2013 dayan\u0131kl\u0131 ve uzun \u00f6m\u00fcrl\u00fc<br \/>\nBPA i\u00e7ermeyen, toksik olmayan ve %100 geri d\u00f6n\u00fc\u015ft\u00fcr\u00fclebilir plastik<br \/>\nFarkl\u0131 renk ve boy se\u00e7enekleri \u2013 her \u0131rk i\u00e7in uygun<br \/>\nSmarty Bowl, evcil dostunuzun hem mama hem de su ihtiyac\u0131n\u0131 kar\u015f\u0131lamak i\u00e7in tasarlanm\u0131\u015ft\u0131r. Kaymaz taban\u0131 sayesinde g\u00fcvenli kullan\u0131m sunarken, modern tasar\u0131m\u0131yla evinize estetik bir dokunu\u015f katar.<br \/>\n\ud83d\udccf \u00dcr\u00fcn \u00d6l\u00e7\u00fcleri 23.9 x 21.4 x 8.4 cm<br \/>\n\ud83d\udca7 Hacim 1,248 ml<\/p>","protected":false},"featured_media":43515,"comment_status":"open","ping_status":"closed","template":"","meta":{"_acf_changed":false},"product_brand":[],"product_cat":[2431],"product_tag":[],"class_list":{"0":"post-45926","1":"product","2":"type-product","3":"status-publish","4":"has-post-thumbnail","6":"product_cat-mama-kaplari","8":"first","9":"instock","10":"shipping-taxable","11":"product-type-simple"},"acf":[],"yoast_head":"<!-- This site is optimized with the Yoast SEO plugin v27.4 - https:\/\/yoast.com\/product\/yoast-seo-wordpress\/ -->\n<title>Moderna Smarty Mama Kab\u0131 - Gri No 3 - Anadolu Pet Grup<\/title>\n<meta name=\"robots\" content=\"index, follow, max-snippet:-1, max-image-preview:large, max-video-preview:-1\" \/>\n<link rel=\"canonical\" href=\"https:\/\/anadolupet.com.tr\/en\/product\/moderna-smarty-mama-kabi-gri-no-3\/\" \/>\n<meta property=\"og:locale\" content=\"en_US\" \/>\n<meta property=\"og:type\" content=\"article\" \/>\n<meta property=\"og:title\" content=\"Moderna Smarty Mama Kab\u0131 - Gri No 3 - Anadolu Pet Grup\" \/>\n<meta property=\"og:description\" content=\"Smarty Bowl Large \u2013 Kaymaz Mama &amp; Su Kab\u0131 B\u00fcy\u00fck dostlar\u0131n\u0131z i\u00e7in g\u00fcvenli ve pratik beslenme \u00e7\u00f6z\u00fcm\u00fc! Smarty Bowl Large, kaymaz taban\u0131 ve ergonomik tasar\u0131m\u0131yla kedinizin veya k\u00f6pe\u011finizin mama ve su ihtiyac\u0131n\u0131 kar\u015f\u0131lamak i\u00e7in m\u00fckemmel bir se\u00e7imdir. Geni\u015f hacmi sayesinde b\u00fcy\u00fck \u0131rklar i\u00e7in idealdir ve uzun \u00f6m\u00fcrl\u00fc kullan\u0131m sunar. \ud83d\udc3e \u00d6ne \u00c7\u0131kan \u00d6zellikler Kaymaz kau\u00e7uk ayaklar \u2013 yemek veya su i\u00e7erken kaymay\u0131 \u00f6nler Kolay kavrama i\u00e7in yan tutma yerleri \u2013 g\u00fcvenli kullan\u0131m sa\u011flar Sa\u011flam taban \u2013 devrilmeyi \u00f6nler Bula\u015f\u0131k makinesinde y\u0131kanabilir \u2013 g\u00fcnl\u00fck kullan\u0131mda pratik temizlik Premium plastik malzeme \u2013 dayan\u0131kl\u0131 ve uzun \u00f6m\u00fcrl\u00fc BPA i\u00e7ermeyen, toksik olmayan ve %100 geri d\u00f6n\u00fc\u015ft\u00fcr\u00fclebilir plastik Farkl\u0131 renk ve boy se\u00e7enekleri \u2013 her \u0131rk i\u00e7in uygun Smarty Bowl, evcil dostunuzun hem mama hem de su ihtiyac\u0131n\u0131 kar\u015f\u0131lamak i\u00e7in tasarlanm\u0131\u015ft\u0131r. Kaymaz taban\u0131 sayesinde g\u00fcvenli kullan\u0131m sunarken, modern tasar\u0131m\u0131yla evinize estetik bir dokunu\u015f katar. \ud83d\udccf \u00dcr\u00fcn \u00d6l\u00e7\u00fcleri 23.9 x 21.4 x 8.4 cm \ud83d\udca7 Hacim 1,248 ml\" \/>\n<meta property=\"og:url\" content=\"https:\/\/anadolupet.com.tr\/en\/product\/moderna-smarty-mama-kabi-gri-no-3\/\" \/>\n<meta property=\"og:site_name\" content=\"Anadolu Pet Grup\" \/>\n<meta property=\"article:modified_time\" content=\"2026-02-23T12:51:35+00:00\" \/>\n<meta property=\"og:image\" content=\"https:\/\/anadolupet.com.tr\/wp-content\/uploads\/2026\/02\/242-H103-330.jpg\" \/>\n\t<meta property=\"og:image:width\" content=\"750\" \/>\n\t<meta property=\"og:image:height\" content=\"750\" \/>\n\t<meta property=\"og:image:type\" content=\"image\/jpeg\" \/>\n<meta name=\"twitter:card\" content=\"summary_large_image\" \/>\n<script type=\"application\/ld+json\" class=\"yoast-schema-graph\">{\"@context\":\"https:\\\/\\\/schema.org\",\"@graph\":[{\"@type\":\"WebPage\",\"@id\":\"https:\\\/\\\/anadolupet.com.tr\\\/urun\\\/moderna-smarty-mama-kabi-gri-no-3\\\/\",\"url\":\"https:\\\/\\\/anadolupet.com.tr\\\/urun\\\/moderna-smarty-mama-kabi-gri-no-3\\\/\",\"name\":\"Moderna Smarty Mama Kab\u0131 - Gri No 3 - Anadolu Pet Grup\",\"isPartOf\":{\"@id\":\"https:\\\/\\\/anadolupet.com.tr\\\/#website\"},\"primaryImageOfPage\":{\"@id\":\"https:\\\/\\\/anadolupet.com.tr\\\/urun\\\/moderna-smarty-mama-kabi-gri-no-3\\\/#primaryimage\"},\"image\":{\"@id\":\"https:\\\/\\\/anadolupet.com.tr\\\/urun\\\/moderna-smarty-mama-kabi-gri-no-3\\\/#primaryimage\"},\"thumbnailUrl\":\"https:\\\/\\\/anadolupet.com.tr\\\/wp-content\\\/uploads\\\/2026\\\/02\\\/242-H103-330.jpg\",\"datePublished\":\"2026-02-14T14:45:08+00:00\",\"dateModified\":\"2026-02-23T12:51:35+00:00\",\"breadcrumb\":{\"@id\":\"https:\\\/\\\/anadolupet.com.tr\\\/urun\\\/moderna-smarty-mama-kabi-gri-no-3\\\/#breadcrumb\"},\"inLanguage\":\"en-US\",\"potentialAction\":[{\"@type\":\"ReadAction\",\"target\":[\"https:\\\/\\\/anadolupet.com.tr\\\/urun\\\/moderna-smarty-mama-kabi-gri-no-3\\\/\"]}]},{\"@type\":\"ImageObject\",\"inLanguage\":\"en-US\",\"@id\":\"https:\\\/\\\/anadolupet.com.tr\\\/urun\\\/moderna-smarty-mama-kabi-gri-no-3\\\/#primaryimage\",\"url\":\"https:\\\/\\\/anadolupet.com.tr\\\/wp-content\\\/uploads\\\/2026\\\/02\\\/242-H103-330.jpg\",\"contentUrl\":\"https:\\\/\\\/anadolupet.com.tr\\\/wp-content\\\/uploads\\\/2026\\\/02\\\/242-H103-330.jpg\",\"width\":750,\"height\":750},{\"@type\":\"BreadcrumbList\",\"@id\":\"https:\\\/\\\/anadolupet.com.tr\\\/urun\\\/moderna-smarty-mama-kabi-gri-no-3\\\/#breadcrumb\",\"itemListElement\":[{\"@type\":\"ListItem\",\"position\":1,\"name\":\"Anasayfa\",\"item\":\"https:\\\/\\\/anadolupet.com.tr\\\/\"},{\"@type\":\"ListItem\",\"position\":2,\"name\":\"\u00dcr\u00fcnler\",\"item\":\"https:\\\/\\\/anadolupet.com.tr\\\/urunler\\\/\"},{\"@type\":\"ListItem\",\"position\":3,\"name\":\"Moderna Smarty Mama Kab\u0131 &#8211; Gri No 3\"}]},{\"@type\":\"WebSite\",\"@id\":\"https:\\\/\\\/anadolupet.com.tr\\\/#website\",\"url\":\"https:\\\/\\\/anadolupet.com.tr\\\/\",\"name\":\"Anadolu Pet Grup\",\"description\":\"Her Can\u0131n \u0130yi Ya\u015fam\u0131 \u0130\u00e7in Biraraday\u0131z\",\"publisher\":{\"@id\":\"https:\\\/\\\/anadolupet.com.tr\\\/#organization\"},\"potentialAction\":[{\"@type\":\"SearchAction\",\"target\":{\"@type\":\"EntryPoint\",\"urlTemplate\":\"https:\\\/\\\/anadolupet.com.tr\\\/?s={search_term_string}\"},\"query-input\":{\"@type\":\"PropertyValueSpecification\",\"valueRequired\":true,\"valueName\":\"search_term_string\"}}],\"inLanguage\":\"en-US\"},{\"@type\":\"Organization\",\"@id\":\"https:\\\/\\\/anadolupet.com.tr\\\/#organization\",\"name\":\"Anadolu Pet Grup\",\"alternateName\":\"Anadolu Pet\",\"url\":\"https:\\\/\\\/anadolupet.com.tr\\\/\",\"logo\":{\"@type\":\"ImageObject\",\"inLanguage\":\"en-US\",\"@id\":\"https:\\\/\\\/anadolupet.com.tr\\\/#\\\/schema\\\/logo\\\/image\\\/\",\"url\":\"https:\\\/\\\/anadolupet.com.tr\\\/wp-content\\\/uploads\\\/2026\\\/03\\\/1614666743370.jpg\",\"contentUrl\":\"https:\\\/\\\/anadolupet.com.tr\\\/wp-content\\\/uploads\\\/2026\\\/03\\\/1614666743370.jpg\",\"width\":800,\"height\":571,\"caption\":\"Anadolu Pet Grup\"},\"image\":{\"@id\":\"https:\\\/\\\/anadolupet.com.tr\\\/#\\\/schema\\\/logo\\\/image\\\/\"}}]}<\/script>\n<!-- \/ Yoast SEO plugin. -->","yoast_head_json":{"title":"Moderna Smarty Mama Kab\u0131 - Gri No 3 - Anadolu Pet Grup","robots":{"index":"index","follow":"follow","max-snippet":"max-snippet:-1","max-image-preview":"max-image-preview:large","max-video-preview":"max-video-preview:-1"},"canonical":"https:\/\/anadolupet.com.tr\/en\/product\/moderna-smarty-mama-kabi-gri-no-3\/","og_locale":"en_US","og_type":"article","og_title":"Moderna Smarty Mama Kab\u0131 - Gri No 3 - Anadolu Pet Grup","og_description":"Smarty Bowl Large \u2013 Kaymaz Mama & Su Kab\u0131 B\u00fcy\u00fck dostlar\u0131n\u0131z i\u00e7in g\u00fcvenli ve pratik beslenme \u00e7\u00f6z\u00fcm\u00fc! Smarty Bowl Large, kaymaz taban\u0131 ve ergonomik tasar\u0131m\u0131yla kedinizin veya k\u00f6pe\u011finizin mama ve su ihtiyac\u0131n\u0131 kar\u015f\u0131lamak i\u00e7in m\u00fckemmel bir se\u00e7imdir. Geni\u015f hacmi sayesinde b\u00fcy\u00fck \u0131rklar i\u00e7in idealdir ve uzun \u00f6m\u00fcrl\u00fc kullan\u0131m sunar. \ud83d\udc3e \u00d6ne \u00c7\u0131kan \u00d6zellikler Kaymaz kau\u00e7uk ayaklar \u2013 yemek veya su i\u00e7erken kaymay\u0131 \u00f6nler Kolay kavrama i\u00e7in yan tutma yerleri \u2013 g\u00fcvenli kullan\u0131m sa\u011flar Sa\u011flam taban \u2013 devrilmeyi \u00f6nler Bula\u015f\u0131k makinesinde y\u0131kanabilir \u2013 g\u00fcnl\u00fck kullan\u0131mda pratik temizlik Premium plastik malzeme \u2013 dayan\u0131kl\u0131 ve uzun \u00f6m\u00fcrl\u00fc BPA i\u00e7ermeyen, toksik olmayan ve %100 geri d\u00f6n\u00fc\u015ft\u00fcr\u00fclebilir plastik Farkl\u0131 renk ve boy se\u00e7enekleri \u2013 her \u0131rk i\u00e7in uygun Smarty Bowl, evcil dostunuzun hem mama hem de su ihtiyac\u0131n\u0131 kar\u015f\u0131lamak i\u00e7in tasarlanm\u0131\u015ft\u0131r. Kaymaz taban\u0131 sayesinde g\u00fcvenli kullan\u0131m sunarken, modern tasar\u0131m\u0131yla evinize estetik bir dokunu\u015f katar. \ud83d\udccf \u00dcr\u00fcn \u00d6l\u00e7\u00fcleri 23.9 x 21.4 x 8.4 cm \ud83d\udca7 Hacim 1,248 ml","og_url":"https:\/\/anadolupet.com.tr\/en\/product\/moderna-smarty-mama-kabi-gri-no-3\/","og_site_name":"Anadolu Pet Grup","article_modified_time":"2026-02-23T12:51:35+00:00","og_image":[{"width":750,"height":750,"url":"https:\/\/anadolupet.com.tr\/wp-content\/uploads\/2026\/02\/242-H103-330.jpg","type":"image\/jpeg"}],"twitter_card":"summary_large_image","schema":{"@context":"https:\/\/schema.org","@graph":[{"@type":"WebPage","@id":"https:\/\/anadolupet.com.tr\/urun\/moderna-smarty-mama-kabi-gri-no-3\/","url":"https:\/\/anadolupet.com.tr\/urun\/moderna-smarty-mama-kabi-gri-no-3\/","name":"Moderna Smarty Mama Kab\u0131 - Gri No 3 - Anadolu Pet Grup","isPartOf":{"@id":"https:\/\/anadolupet.com.tr\/#website"},"primaryImageOfPage":{"@id":"https:\/\/anadolupet.com.tr\/urun\/moderna-smarty-mama-kabi-gri-no-3\/#primaryimage"},"image":{"@id":"https:\/\/anadolupet.com.tr\/urun\/moderna-smarty-mama-kabi-gri-no-3\/#primaryimage"},"thumbnailUrl":"https:\/\/anadolupet.com.tr\/wp-content\/uploads\/2026\/02\/242-H103-330.jpg","datePublished":"2026-02-14T14:45:08+00:00","dateModified":"2026-02-23T12:51:35+00:00","breadcrumb":{"@id":"https:\/\/anadolupet.com.tr\/urun\/moderna-smarty-mama-kabi-gri-no-3\/#breadcrumb"},"inLanguage":"en-US","potentialAction":[{"@type":"ReadAction","target":["https:\/\/anadolupet.com.tr\/urun\/moderna-smarty-mama-kabi-gri-no-3\/"]}]},{"@type":"ImageObject","inLanguage":"en-US","@id":"https:\/\/anadolupet.com.tr\/urun\/moderna-smarty-mama-kabi-gri-no-3\/#primaryimage","url":"https:\/\/anadolupet.com.tr\/wp-content\/uploads\/2026\/02\/242-H103-330.jpg","contentUrl":"https:\/\/anadolupet.com.tr\/wp-content\/uploads\/2026\/02\/242-H103-330.jpg","width":750,"height":750},{"@type":"BreadcrumbList","@id":"https:\/\/anadolupet.com.tr\/urun\/moderna-smarty-mama-kabi-gri-no-3\/#breadcrumb","itemListElement":[{"@type":"ListItem","position":1,"name":"Anasayfa","item":"https:\/\/anadolupet.com.tr\/"},{"@type":"ListItem","position":2,"name":"\u00dcr\u00fcnler","item":"https:\/\/anadolupet.com.tr\/urunler\/"},{"@type":"ListItem","position":3,"name":"Moderna Smarty Mama Kab\u0131 &#8211; Gri No 3"}]},{"@type":"WebSite","@id":"https:\/\/anadolupet.com.tr\/#website","url":"https:\/\/anadolupet.com.tr\/","name":"Anadolu Pet Group","description":"We Stand Together for the Well-Being of Every Life","publisher":{"@id":"https:\/\/anadolupet.com.tr\/#organization"},"potentialAction":[{"@type":"SearchAction","target":{"@type":"EntryPoint","urlTemplate":"https:\/\/anadolupet.com.tr\/?s={search_term_string}"},"query-input":{"@type":"PropertyValueSpecification","valueRequired":true,"valueName":"search_term_string"}}],"inLanguage":"en-US"},{"@type":"Organization","@id":"https:\/\/anadolupet.com.tr\/#organization","name":"Anadolu Pet Group","alternateName":"Anadolu Pet","url":"https:\/\/anadolupet.com.tr\/","logo":{"@type":"ImageObject","inLanguage":"en-US","@id":"https:\/\/anadolupet.com.tr\/#\/schema\/logo\/image\/","url":"https:\/\/anadolupet.com.tr\/wp-content\/uploads\/2026\/03\/1614666743370.jpg","contentUrl":"https:\/\/anadolupet.com.tr\/wp-content\/uploads\/2026\/03\/1614666743370.jpg","width":800,"height":571,"caption":"Anadolu Pet Grup"},"image":{"@id":"https:\/\/anadolupet.com.tr\/#\/schema\/logo\/image\/"}}]}},"_links":{"self":[{"href":"https:\/\/anadolupet.com.tr\/en\/wp-json\/wp\/v2\/product\/45926","targetHints":{"allow":["GET"]}}],"collection":[{"href":"https:\/\/anadolupet.com.tr\/en\/wp-json\/wp\/v2\/product"}],"about":[{"href":"https:\/\/anadolupet.com.tr\/en\/wp-json\/wp\/v2\/types\/product"}],"replies":[{"embeddable":true,"href":"https:\/\/anadolupet.com.tr\/en\/wp-json\/wp\/v2\/comments?post=45926"}],"wp:featuredmedia":[{"embeddable":true,"href":"https:\/\/anadolupet.com.tr\/en\/wp-json\/wp\/v2\/media\/43515"}],"wp:attachment":[{"href":"https:\/\/anadolupet.com.tr\/en\/wp-json\/wp\/v2\/media?parent=45926"}],"wp:term":[{"taxonomy":"product_brand","embeddable":true,"href":"https:\/\/anadolupet.com.tr\/en\/wp-json\/wp\/v2\/product_brand?post=45926"},{"taxonomy":"product_cat","embeddable":true,"href":"https:\/\/anadolupet.com.tr\/en\/wp-json\/wp\/v2\/product_cat?post=45926"},{"taxonomy":"product_tag","embeddable":true,"href":"https:\/\/anadolupet.com.tr\/en\/wp-json\/wp\/v2\/product_tag?post=45926"}],"curies":[{"name":"wp","href":"https:\/\/api.w.org\/{rel}","templated":true}]}}