{"id":45931,"date":"2026-02-14T14:45:10","date_gmt":"2026-02-14T14:45:10","guid":{"rendered":"https:\/\/anadolupet.com.tr\/urun\/moderna-top-cat-kapali-kedi-tuvaleti-gri-acik-gri-59-cm\/"},"modified":"2026-02-23T12:51:35","modified_gmt":"2026-02-23T12:51:35","slug":"moderna-top-cat-kapali-kedi-tuvaleti-gri-acik-gri-59-cm","status":"publish","type":"product","link":"https:\/\/anadolupet.com.tr\/en\/urun\/moderna-top-cat-kapali-kedi-tuvaleti-gri-acik-gri-59-cm\/","title":{"rendered":"Moderna Top Cat Kapal\u0131 Kedi Tuvaleti &#8211; Gri \/ A\u00e7\u0131k Gri 59 CM"},"content":{"rendered":"","protected":false},"excerpt":{"rendered":"<p>Top Cat \u2013 \u00dcstten A\u00e7\u0131lan Kedi Tuvaleti<br \/>\nKediniz mutlu, eviniz temiz! Top Cat, kedinizin ihtiya\u00e7lar\u0131n\u0131 kar\u015f\u0131lamak ve evinizi hijyenik tutmak i\u00e7in m\u00fckemmel bir \u00e7\u00f6z\u00fcmd\u00fcr.<br \/>\nYuvarlat\u0131lm\u0131\u015f kenarlar sayesinde yap\u0131\u015fmaz y\u00fczey<br \/>\nKolay kavrama i\u00e7in yan tutma yerleri<br \/>\nIl\u0131k sabunlu su ile kolay temizlik<br \/>\nK\u00f6pek ve k\u00fc\u00e7\u00fck \u00e7ocuklara kar\u015f\u0131 dayan\u0131kl\u0131 tasar\u0131m<br \/>\nKapakta yerle\u015fik iz tutucu paspas<br \/>\nSa\u011flam ve dengeli yap\u0131, kirin i\u00e7eride kalmas\u0131n\u0131 sa\u011flar<br \/>\nS\u0131zd\u0131rmaz taban ve duvarlar<br \/>\nGeni\u015f giri\u015f, b\u00fcy\u00fck kediler i\u00e7in ideal<br \/>\nKediniz mahremiyeti seviyorsa, Top Cat tam ona g\u00f6re! \u00dcstten a\u00e7\u0131lan tasar\u0131m\u0131 sayesinde kediniz rahat\u00e7a i\u00e7ine girer, oturur ve saklan\u0131r. \u00dcstelik yaln\u0131zca kapa\u011f\u0131 hafif\u00e7e e\u011ferek, \u00fczerinde kalan kumun kutuya geri d\u00fc\u015fmesini sa\u011flayabilirsiniz. Ne kadar pratik de\u011fil mi?<br \/>\nKapak \u00e7ift i\u015flevlidir: hem kedinizin i\u015fini g\u00f6zlerden uzak tutar hem de \u00fczerine d\u00f6k\u00fclen kumu yakalayarak d\u0131\u015far\u0131 ta\u015fmas\u0131n\u0131 engeller. Y\u00fcksek kenarl\u0131, ek yeri olmayan taban ise olas\u0131 s\u0131z\u0131nt\u0131lar\u0131 tamamen \u00f6nler.<br \/>\n%100 geri d\u00f6n\u00fc\u015ft\u00fcr\u00fclebilir, y\u00fcksek kaliteli plastikten \u00fcretilen Top Cat, uzun \u00f6m\u00fcrl\u00fcd\u00fcr ve \u00e7evre dostudur.<br \/>\n\ud83d\udccf \u00d6l\u00e7\u00fcler: Uzunluk 59 cm x Geni\u015flik 39 cm x Y\u00fckseklik 38,3 cm<\/p>","protected":false},"featured_media":43399,"comment_status":"open","ping_status":"closed","template":"","meta":{"_acf_changed":false},"product_brand":[],"product_cat":[2430],"product_tag":[],"class_list":{"0":"post-45931","1":"product","2":"type-product","3":"status-publish","4":"has-post-thumbnail","6":"product_cat-kedi-tuvaletleri","8":"first","9":"instock","10":"shipping-taxable","11":"product-type-simple"},"acf":[],"yoast_head":"<!-- This site is optimized with the Yoast SEO plugin v27.4 - https:\/\/yoast.com\/product\/yoast-seo-wordpress\/ -->\n<title>Moderna Top Cat Kapal\u0131 Kedi Tuvaleti - Gri \/ A\u00e7\u0131k Gri 59 CM - Anadolu Pet Grup<\/title>\n<meta name=\"robots\" content=\"index, follow, max-snippet:-1, max-image-preview:large, max-video-preview:-1\" \/>\n<link rel=\"canonical\" href=\"https:\/\/anadolupet.com.tr\/en\/product\/moderna-top-cat-kapali-kedi-tuvaleti-gri-acik-gri-59-cm\/\" \/>\n<meta property=\"og:locale\" content=\"en_US\" \/>\n<meta property=\"og:type\" content=\"article\" \/>\n<meta property=\"og:title\" content=\"Moderna Top Cat Kapal\u0131 Kedi Tuvaleti - Gri \/ A\u00e7\u0131k Gri 59 CM - Anadolu Pet Grup\" \/>\n<meta property=\"og:description\" content=\"Top Cat \u2013 \u00dcstten A\u00e7\u0131lan Kedi Tuvaleti Kediniz mutlu, eviniz temiz! Top Cat, kedinizin ihtiya\u00e7lar\u0131n\u0131 kar\u015f\u0131lamak ve evinizi hijyenik tutmak i\u00e7in m\u00fckemmel bir \u00e7\u00f6z\u00fcmd\u00fcr. Yuvarlat\u0131lm\u0131\u015f kenarlar sayesinde yap\u0131\u015fmaz y\u00fczey Kolay kavrama i\u00e7in yan tutma yerleri Il\u0131k sabunlu su ile kolay temizlik K\u00f6pek ve k\u00fc\u00e7\u00fck \u00e7ocuklara kar\u015f\u0131 dayan\u0131kl\u0131 tasar\u0131m Kapakta yerle\u015fik iz tutucu paspas Sa\u011flam ve dengeli yap\u0131, kirin i\u00e7eride kalmas\u0131n\u0131 sa\u011flar S\u0131zd\u0131rmaz taban ve duvarlar Geni\u015f giri\u015f, b\u00fcy\u00fck kediler i\u00e7in ideal Kediniz mahremiyeti seviyorsa, Top Cat tam ona g\u00f6re! \u00dcstten a\u00e7\u0131lan tasar\u0131m\u0131 sayesinde kediniz rahat\u00e7a i\u00e7ine girer, oturur ve saklan\u0131r. \u00dcstelik yaln\u0131zca kapa\u011f\u0131 hafif\u00e7e e\u011ferek, \u00fczerinde kalan kumun kutuya geri d\u00fc\u015fmesini sa\u011flayabilirsiniz. Ne kadar pratik de\u011fil mi? Kapak \u00e7ift i\u015flevlidir: hem kedinizin i\u015fini g\u00f6zlerden uzak tutar hem de \u00fczerine d\u00f6k\u00fclen kumu yakalayarak d\u0131\u015far\u0131 ta\u015fmas\u0131n\u0131 engeller. Y\u00fcksek kenarl\u0131, ek yeri olmayan taban ise olas\u0131 s\u0131z\u0131nt\u0131lar\u0131 tamamen \u00f6nler. %100 geri d\u00f6n\u00fc\u015ft\u00fcr\u00fclebilir, y\u00fcksek kaliteli plastikten \u00fcretilen Top Cat, uzun \u00f6m\u00fcrl\u00fcd\u00fcr ve \u00e7evre dostudur. \ud83d\udccf \u00d6l\u00e7\u00fcler: Uzunluk 59 cm x Geni\u015flik 39 cm x Y\u00fckseklik 38,3 cm\" \/>\n<meta property=\"og:url\" content=\"https:\/\/anadolupet.com.tr\/en\/product\/moderna-top-cat-kapali-kedi-tuvaleti-gri-acik-gri-59-cm\/\" \/>\n<meta property=\"og:site_name\" content=\"Anadolu Pet Grup\" \/>\n<meta property=\"article:modified_time\" content=\"2026-02-23T12:51:35+00:00\" \/>\n<meta property=\"og:image\" content=\"https:\/\/anadolupet.com.tr\/wp-content\/uploads\/2026\/02\/242-AG50-373_4.jpg\" \/>\n\t<meta property=\"og:image:width\" content=\"750\" \/>\n\t<meta property=\"og:image:height\" content=\"750\" \/>\n\t<meta property=\"og:image:type\" content=\"image\/jpeg\" \/>\n<meta name=\"twitter:card\" content=\"summary_large_image\" \/>\n<script type=\"application\/ld+json\" class=\"yoast-schema-graph\">{\"@context\":\"https:\\\/\\\/schema.org\",\"@graph\":[{\"@type\":\"WebPage\",\"@id\":\"https:\\\/\\\/anadolupet.com.tr\\\/urun\\\/moderna-top-cat-kapali-kedi-tuvaleti-gri-acik-gri-59-cm\\\/\",\"url\":\"https:\\\/\\\/anadolupet.com.tr\\\/urun\\\/moderna-top-cat-kapali-kedi-tuvaleti-gri-acik-gri-59-cm\\\/\",\"name\":\"Moderna Top Cat Kapal\u0131 Kedi Tuvaleti - Gri \\\/ A\u00e7\u0131k Gri 59 CM - Anadolu Pet Grup\",\"isPartOf\":{\"@id\":\"https:\\\/\\\/anadolupet.com.tr\\\/#website\"},\"primaryImageOfPage\":{\"@id\":\"https:\\\/\\\/anadolupet.com.tr\\\/urun\\\/moderna-top-cat-kapali-kedi-tuvaleti-gri-acik-gri-59-cm\\\/#primaryimage\"},\"image\":{\"@id\":\"https:\\\/\\\/anadolupet.com.tr\\\/urun\\\/moderna-top-cat-kapali-kedi-tuvaleti-gri-acik-gri-59-cm\\\/#primaryimage\"},\"thumbnailUrl\":\"https:\\\/\\\/anadolupet.com.tr\\\/wp-content\\\/uploads\\\/2026\\\/02\\\/242-AG50-373_4.jpg\",\"datePublished\":\"2026-02-14T14:45:10+00:00\",\"dateModified\":\"2026-02-23T12:51:35+00:00\",\"breadcrumb\":{\"@id\":\"https:\\\/\\\/anadolupet.com.tr\\\/urun\\\/moderna-top-cat-kapali-kedi-tuvaleti-gri-acik-gri-59-cm\\\/#breadcrumb\"},\"inLanguage\":\"en-US\",\"potentialAction\":[{\"@type\":\"ReadAction\",\"target\":[\"https:\\\/\\\/anadolupet.com.tr\\\/urun\\\/moderna-top-cat-kapali-kedi-tuvaleti-gri-acik-gri-59-cm\\\/\"]}]},{\"@type\":\"ImageObject\",\"inLanguage\":\"en-US\",\"@id\":\"https:\\\/\\\/anadolupet.com.tr\\\/urun\\\/moderna-top-cat-kapali-kedi-tuvaleti-gri-acik-gri-59-cm\\\/#primaryimage\",\"url\":\"https:\\\/\\\/anadolupet.com.tr\\\/wp-content\\\/uploads\\\/2026\\\/02\\\/242-AG50-373_4.jpg\",\"contentUrl\":\"https:\\\/\\\/anadolupet.com.tr\\\/wp-content\\\/uploads\\\/2026\\\/02\\\/242-AG50-373_4.jpg\",\"width\":750,\"height\":750},{\"@type\":\"BreadcrumbList\",\"@id\":\"https:\\\/\\\/anadolupet.com.tr\\\/urun\\\/moderna-top-cat-kapali-kedi-tuvaleti-gri-acik-gri-59-cm\\\/#breadcrumb\",\"itemListElement\":[{\"@type\":\"ListItem\",\"position\":1,\"name\":\"Anasayfa\",\"item\":\"https:\\\/\\\/anadolupet.com.tr\\\/\"},{\"@type\":\"ListItem\",\"position\":2,\"name\":\"\u00dcr\u00fcnler\",\"item\":\"https:\\\/\\\/anadolupet.com.tr\\\/urunler\\\/\"},{\"@type\":\"ListItem\",\"position\":3,\"name\":\"Moderna Top Cat Kapal\u0131 Kedi Tuvaleti &#8211; Gri \\\/ A\u00e7\u0131k Gri 59 CM\"}]},{\"@type\":\"WebSite\",\"@id\":\"https:\\\/\\\/anadolupet.com.tr\\\/#website\",\"url\":\"https:\\\/\\\/anadolupet.com.tr\\\/\",\"name\":\"Anadolu Pet Grup\",\"description\":\"Her Can\u0131n \u0130yi Ya\u015fam\u0131 \u0130\u00e7in Biraraday\u0131z\",\"publisher\":{\"@id\":\"https:\\\/\\\/anadolupet.com.tr\\\/#organization\"},\"potentialAction\":[{\"@type\":\"SearchAction\",\"target\":{\"@type\":\"EntryPoint\",\"urlTemplate\":\"https:\\\/\\\/anadolupet.com.tr\\\/?s={search_term_string}\"},\"query-input\":{\"@type\":\"PropertyValueSpecification\",\"valueRequired\":true,\"valueName\":\"search_term_string\"}}],\"inLanguage\":\"en-US\"},{\"@type\":\"Organization\",\"@id\":\"https:\\\/\\\/anadolupet.com.tr\\\/#organization\",\"name\":\"Anadolu Pet Grup\",\"alternateName\":\"Anadolu Pet\",\"url\":\"https:\\\/\\\/anadolupet.com.tr\\\/\",\"logo\":{\"@type\":\"ImageObject\",\"inLanguage\":\"en-US\",\"@id\":\"https:\\\/\\\/anadolupet.com.tr\\\/#\\\/schema\\\/logo\\\/image\\\/\",\"url\":\"https:\\\/\\\/anadolupet.com.tr\\\/wp-content\\\/uploads\\\/2026\\\/03\\\/1614666743370.jpg\",\"contentUrl\":\"https:\\\/\\\/anadolupet.com.tr\\\/wp-content\\\/uploads\\\/2026\\\/03\\\/1614666743370.jpg\",\"width\":800,\"height\":571,\"caption\":\"Anadolu Pet Grup\"},\"image\":{\"@id\":\"https:\\\/\\\/anadolupet.com.tr\\\/#\\\/schema\\\/logo\\\/image\\\/\"}}]}<\/script>\n<!-- \/ Yoast SEO plugin. -->","yoast_head_json":{"title":"Moderna Top Cat Kapal\u0131 Kedi Tuvaleti - Gri \/ A\u00e7\u0131k Gri 59 CM - Anadolu Pet Grup","robots":{"index":"index","follow":"follow","max-snippet":"max-snippet:-1","max-image-preview":"max-image-preview:large","max-video-preview":"max-video-preview:-1"},"canonical":"https:\/\/anadolupet.com.tr\/en\/product\/moderna-top-cat-kapali-kedi-tuvaleti-gri-acik-gri-59-cm\/","og_locale":"en_US","og_type":"article","og_title":"Moderna Top Cat Kapal\u0131 Kedi Tuvaleti - Gri \/ A\u00e7\u0131k Gri 59 CM - Anadolu Pet Grup","og_description":"Top Cat \u2013 \u00dcstten A\u00e7\u0131lan Kedi Tuvaleti Kediniz mutlu, eviniz temiz! Top Cat, kedinizin ihtiya\u00e7lar\u0131n\u0131 kar\u015f\u0131lamak ve evinizi hijyenik tutmak i\u00e7in m\u00fckemmel bir \u00e7\u00f6z\u00fcmd\u00fcr. Yuvarlat\u0131lm\u0131\u015f kenarlar sayesinde yap\u0131\u015fmaz y\u00fczey Kolay kavrama i\u00e7in yan tutma yerleri Il\u0131k sabunlu su ile kolay temizlik K\u00f6pek ve k\u00fc\u00e7\u00fck \u00e7ocuklara kar\u015f\u0131 dayan\u0131kl\u0131 tasar\u0131m Kapakta yerle\u015fik iz tutucu paspas Sa\u011flam ve dengeli yap\u0131, kirin i\u00e7eride kalmas\u0131n\u0131 sa\u011flar S\u0131zd\u0131rmaz taban ve duvarlar Geni\u015f giri\u015f, b\u00fcy\u00fck kediler i\u00e7in ideal Kediniz mahremiyeti seviyorsa, Top Cat tam ona g\u00f6re! \u00dcstten a\u00e7\u0131lan tasar\u0131m\u0131 sayesinde kediniz rahat\u00e7a i\u00e7ine girer, oturur ve saklan\u0131r. \u00dcstelik yaln\u0131zca kapa\u011f\u0131 hafif\u00e7e e\u011ferek, \u00fczerinde kalan kumun kutuya geri d\u00fc\u015fmesini sa\u011flayabilirsiniz. Ne kadar pratik de\u011fil mi? Kapak \u00e7ift i\u015flevlidir: hem kedinizin i\u015fini g\u00f6zlerden uzak tutar hem de \u00fczerine d\u00f6k\u00fclen kumu yakalayarak d\u0131\u015far\u0131 ta\u015fmas\u0131n\u0131 engeller. Y\u00fcksek kenarl\u0131, ek yeri olmayan taban ise olas\u0131 s\u0131z\u0131nt\u0131lar\u0131 tamamen \u00f6nler. %100 geri d\u00f6n\u00fc\u015ft\u00fcr\u00fclebilir, y\u00fcksek kaliteli plastikten \u00fcretilen Top Cat, uzun \u00f6m\u00fcrl\u00fcd\u00fcr ve \u00e7evre dostudur. \ud83d\udccf \u00d6l\u00e7\u00fcler: Uzunluk 59 cm x Geni\u015flik 39 cm x Y\u00fckseklik 38,3 cm","og_url":"https:\/\/anadolupet.com.tr\/en\/product\/moderna-top-cat-kapali-kedi-tuvaleti-gri-acik-gri-59-cm\/","og_site_name":"Anadolu Pet Grup","article_modified_time":"2026-02-23T12:51:35+00:00","og_image":[{"width":750,"height":750,"url":"https:\/\/anadolupet.com.tr\/wp-content\/uploads\/2026\/02\/242-AG50-373_4.jpg","type":"image\/jpeg"}],"twitter_card":"summary_large_image","schema":{"@context":"https:\/\/schema.org","@graph":[{"@type":"WebPage","@id":"https:\/\/anadolupet.com.tr\/urun\/moderna-top-cat-kapali-kedi-tuvaleti-gri-acik-gri-59-cm\/","url":"https:\/\/anadolupet.com.tr\/urun\/moderna-top-cat-kapali-kedi-tuvaleti-gri-acik-gri-59-cm\/","name":"Moderna Top Cat Kapal\u0131 Kedi Tuvaleti - Gri \/ A\u00e7\u0131k Gri 59 CM - Anadolu Pet Grup","isPartOf":{"@id":"https:\/\/anadolupet.com.tr\/#website"},"primaryImageOfPage":{"@id":"https:\/\/anadolupet.com.tr\/urun\/moderna-top-cat-kapali-kedi-tuvaleti-gri-acik-gri-59-cm\/#primaryimage"},"image":{"@id":"https:\/\/anadolupet.com.tr\/urun\/moderna-top-cat-kapali-kedi-tuvaleti-gri-acik-gri-59-cm\/#primaryimage"},"thumbnailUrl":"https:\/\/anadolupet.com.tr\/wp-content\/uploads\/2026\/02\/242-AG50-373_4.jpg","datePublished":"2026-02-14T14:45:10+00:00","dateModified":"2026-02-23T12:51:35+00:00","breadcrumb":{"@id":"https:\/\/anadolupet.com.tr\/urun\/moderna-top-cat-kapali-kedi-tuvaleti-gri-acik-gri-59-cm\/#breadcrumb"},"inLanguage":"en-US","potentialAction":[{"@type":"ReadAction","target":["https:\/\/anadolupet.com.tr\/urun\/moderna-top-cat-kapali-kedi-tuvaleti-gri-acik-gri-59-cm\/"]}]},{"@type":"ImageObject","inLanguage":"en-US","@id":"https:\/\/anadolupet.com.tr\/urun\/moderna-top-cat-kapali-kedi-tuvaleti-gri-acik-gri-59-cm\/#primaryimage","url":"https:\/\/anadolupet.com.tr\/wp-content\/uploads\/2026\/02\/242-AG50-373_4.jpg","contentUrl":"https:\/\/anadolupet.com.tr\/wp-content\/uploads\/2026\/02\/242-AG50-373_4.jpg","width":750,"height":750},{"@type":"BreadcrumbList","@id":"https:\/\/anadolupet.com.tr\/urun\/moderna-top-cat-kapali-kedi-tuvaleti-gri-acik-gri-59-cm\/#breadcrumb","itemListElement":[{"@type":"ListItem","position":1,"name":"Anasayfa","item":"https:\/\/anadolupet.com.tr\/"},{"@type":"ListItem","position":2,"name":"\u00dcr\u00fcnler","item":"https:\/\/anadolupet.com.tr\/urunler\/"},{"@type":"ListItem","position":3,"name":"Moderna Top Cat Kapal\u0131 Kedi Tuvaleti &#8211; Gri \/ A\u00e7\u0131k Gri 59 CM"}]},{"@type":"WebSite","@id":"https:\/\/anadolupet.com.tr\/#website","url":"https:\/\/anadolupet.com.tr\/","name":"Anadolu Pet Group","description":"We Stand Together for the Well-Being of Every Life","publisher":{"@id":"https:\/\/anadolupet.com.tr\/#organization"},"potentialAction":[{"@type":"SearchAction","target":{"@type":"EntryPoint","urlTemplate":"https:\/\/anadolupet.com.tr\/?s={search_term_string}"},"query-input":{"@type":"PropertyValueSpecification","valueRequired":true,"valueName":"search_term_string"}}],"inLanguage":"en-US"},{"@type":"Organization","@id":"https:\/\/anadolupet.com.tr\/#organization","name":"Anadolu Pet Group","alternateName":"Anadolu Pet","url":"https:\/\/anadolupet.com.tr\/","logo":{"@type":"ImageObject","inLanguage":"en-US","@id":"https:\/\/anadolupet.com.tr\/#\/schema\/logo\/image\/","url":"https:\/\/anadolupet.com.tr\/wp-content\/uploads\/2026\/03\/1614666743370.jpg","contentUrl":"https:\/\/anadolupet.com.tr\/wp-content\/uploads\/2026\/03\/1614666743370.jpg","width":800,"height":571,"caption":"Anadolu Pet Grup"},"image":{"@id":"https:\/\/anadolupet.com.tr\/#\/schema\/logo\/image\/"}}]}},"_links":{"self":[{"href":"https:\/\/anadolupet.com.tr\/en\/wp-json\/wp\/v2\/product\/45931","targetHints":{"allow":["GET"]}}],"collection":[{"href":"https:\/\/anadolupet.com.tr\/en\/wp-json\/wp\/v2\/product"}],"about":[{"href":"https:\/\/anadolupet.com.tr\/en\/wp-json\/wp\/v2\/types\/product"}],"replies":[{"embeddable":true,"href":"https:\/\/anadolupet.com.tr\/en\/wp-json\/wp\/v2\/comments?post=45931"}],"wp:featuredmedia":[{"embeddable":true,"href":"https:\/\/anadolupet.com.tr\/en\/wp-json\/wp\/v2\/media\/43399"}],"wp:attachment":[{"href":"https:\/\/anadolupet.com.tr\/en\/wp-json\/wp\/v2\/media?parent=45931"}],"wp:term":[{"taxonomy":"product_brand","embeddable":true,"href":"https:\/\/anadolupet.com.tr\/en\/wp-json\/wp\/v2\/product_brand?post=45931"},{"taxonomy":"product_cat","embeddable":true,"href":"https:\/\/anadolupet.com.tr\/en\/wp-json\/wp\/v2\/product_cat?post=45931"},{"taxonomy":"product_tag","embeddable":true,"href":"https:\/\/anadolupet.com.tr\/en\/wp-json\/wp\/v2\/product_tag?post=45931"}],"curies":[{"name":"wp","href":"https:\/\/api.w.org\/{rel}","templated":true}]}}