{"id":45936,"date":"2026-02-14T14:45:11","date_gmt":"2026-02-14T14:45:11","guid":{"rendered":"https:\/\/anadolupet.com.tr\/?post_type=product&#038;p=45936"},"modified":"2026-02-23T12:51:35","modified_gmt":"2026-02-23T12:51:35","slug":"moderna-trendy-love-mama-ve-su-kabi-350-ml","status":"publish","type":"product","link":"https:\/\/anadolupet.com.tr\/en\/urun\/moderna-trendy-love-mama-ve-su-kabi-350-ml\/","title":{"rendered":"Moderna Trendy Love Mama ve Su Kab\u0131 &#8211; 350 ML"},"content":{"rendered":"","protected":false},"excerpt":{"rendered":"<p>Trendy Dinner Small Cats in Love \u2013 Mama Kab\u0131 (350 ml)<br \/>\nA\u015fk dolu tasar\u0131m, hijyen ve pratik kullan\u0131m bir arada! Trendy Dinner Small Cats in Love, evcil dostlar\u0131n\u0131z i\u00e7in hem fonksiyonel hem de estetik bir mama kab\u0131d\u0131r. \u00dczerindeki sevgi dolu tasar\u0131m ve hayali kedi fig\u00fcr\u00fc, kedinizi yeme\u011fe davet ederken evinize de dekoratif bir hava katar. \u00d6zel IML dekorasyon tekni\u011fi sayesinde \u00e7izilmez ve UV \u0131\u015f\u0131nlar\u0131na kar\u015f\u0131 dayan\u0131kl\u0131d\u0131r.<br \/>\n\u00d6ne \u00c7\u0131kan \u00d6zellikler<br \/>\nIML dekorasyon tekni\u011fi ile \u00e7izilmez ve UV\u2019ye dayan\u0131kl\u0131 tasar\u0131m<br \/>\nKaymaz kau\u00e7uk ayaklar ile sabit kullan\u0131m<br \/>\nSa\u011flam ve dengeli taban, devrilmeyi \u00f6nler<br \/>\nKar\u0131nca \u00f6nleyici kenar: \u00e7evresindeki bo\u015fluk su ile doldurularak kar\u0131ncalar\u0131n mamaya ula\u015fmas\u0131 engellenir<br \/>\nKolay temizlenebilir, bula\u015f\u0131k makinesinde y\u0131kanabilir<br \/>\nPremium plastik malzeme, uzun \u00f6m\u00fcrl\u00fc ve toksik madde i\u00e7ermez<br \/>\nFarkl\u0131 boy se\u00e7enekleri ile her \u0131rk i\u00e7in uygun<br \/>\nKolayca istiflenebilir, yerden tasarruf sa\u011flar<br \/>\nTrendy Dinner Small Cats in Love, evcil dostunuzun mama ihtiyac\u0131n\u0131 g\u00fcvenli, hijyenik ve \u015f\u0131k bir \u015fekilde kar\u015f\u0131lar. Sevimli tasar\u0131m\u0131yla hem i\u015flevsel hem de dekoratif bir se\u00e7imdir.<br \/>\nHacim 350 ml<br \/>\n\u00dcr\u00fcn \u00d6l\u00e7\u00fcleri 17 x 17 x 5.3 cm<\/p>","protected":false},"featured_media":43531,"comment_status":"open","ping_status":"closed","template":"","meta":{"_acf_changed":false},"product_brand":[],"product_cat":[2431],"product_tag":[],"class_list":{"0":"post-45936","1":"product","2":"type-product","3":"status-publish","4":"has-post-thumbnail","6":"product_cat-mama-kaplari","8":"first","9":"instock","10":"shipping-taxable","11":"product-type-simple"},"acf":[],"yoast_head":"<!-- This site is optimized with the Yoast SEO plugin v27.4 - https:\/\/yoast.com\/product\/yoast-seo-wordpress\/ -->\n<title>Moderna Trendy Love Mama ve Su Kab\u0131 - 350 ML - Anadolu Pet Grup<\/title>\n<meta name=\"robots\" content=\"index, follow, max-snippet:-1, max-image-preview:large, max-video-preview:-1\" \/>\n<link rel=\"canonical\" href=\"https:\/\/anadolupet.com.tr\/en\/product\/moderna-trendy-love-mama-ve-su-kabi-350-ml\/\" \/>\n<meta property=\"og:locale\" content=\"en_US\" \/>\n<meta property=\"og:type\" content=\"article\" \/>\n<meta property=\"og:title\" content=\"Moderna Trendy Love Mama ve Su Kab\u0131 - 350 ML - Anadolu Pet Grup\" \/>\n<meta property=\"og:description\" content=\"Trendy Dinner Small Cats in Love \u2013 Mama Kab\u0131 (350 ml) A\u015fk dolu tasar\u0131m, hijyen ve pratik kullan\u0131m bir arada! Trendy Dinner Small Cats in Love, evcil dostlar\u0131n\u0131z i\u00e7in hem fonksiyonel hem de estetik bir mama kab\u0131d\u0131r. \u00dczerindeki sevgi dolu tasar\u0131m ve hayali kedi fig\u00fcr\u00fc, kedinizi yeme\u011fe davet ederken evinize de dekoratif bir hava katar. \u00d6zel IML dekorasyon tekni\u011fi sayesinde \u00e7izilmez ve UV \u0131\u015f\u0131nlar\u0131na kar\u015f\u0131 dayan\u0131kl\u0131d\u0131r. \u00d6ne \u00c7\u0131kan \u00d6zellikler IML dekorasyon tekni\u011fi ile \u00e7izilmez ve UV\u2019ye dayan\u0131kl\u0131 tasar\u0131m Kaymaz kau\u00e7uk ayaklar ile sabit kullan\u0131m Sa\u011flam ve dengeli taban, devrilmeyi \u00f6nler Kar\u0131nca \u00f6nleyici kenar: \u00e7evresindeki bo\u015fluk su ile doldurularak kar\u0131ncalar\u0131n mamaya ula\u015fmas\u0131 engellenir Kolay temizlenebilir, bula\u015f\u0131k makinesinde y\u0131kanabilir Premium plastik malzeme, uzun \u00f6m\u00fcrl\u00fc ve toksik madde i\u00e7ermez Farkl\u0131 boy se\u00e7enekleri ile her \u0131rk i\u00e7in uygun Kolayca istiflenebilir, yerden tasarruf sa\u011flar Trendy Dinner Small Cats in Love, evcil dostunuzun mama ihtiyac\u0131n\u0131 g\u00fcvenli, hijyenik ve \u015f\u0131k bir \u015fekilde kar\u015f\u0131lar. Sevimli tasar\u0131m\u0131yla hem i\u015flevsel hem de dekoratif bir se\u00e7imdir. Hacim 350 ml \u00dcr\u00fcn \u00d6l\u00e7\u00fcleri 17 x 17 x 5.3 cm\" \/>\n<meta property=\"og:url\" content=\"https:\/\/anadolupet.com.tr\/en\/product\/moderna-trendy-love-mama-ve-su-kabi-350-ml\/\" \/>\n<meta property=\"og:site_name\" content=\"Anadolu Pet Grup\" \/>\n<meta property=\"article:modified_time\" content=\"2026-02-23T12:51:35+00:00\" \/>\n<meta property=\"og:image\" content=\"https:\/\/anadolupet.com.tr\/wp-content\/uploads\/2026\/02\/242-H131-027.jpg\" \/>\n\t<meta property=\"og:image:width\" content=\"750\" \/>\n\t<meta property=\"og:image:height\" content=\"750\" \/>\n\t<meta property=\"og:image:type\" content=\"image\/jpeg\" \/>\n<meta name=\"twitter:card\" content=\"summary_large_image\" \/>\n<script type=\"application\/ld+json\" class=\"yoast-schema-graph\">{\"@context\":\"https:\\\/\\\/schema.org\",\"@graph\":[{\"@type\":\"WebPage\",\"@id\":\"https:\\\/\\\/anadolupet.com.tr\\\/urun\\\/moderna-trendy-love-mama-ve-su-kabi-350-ml\\\/\",\"url\":\"https:\\\/\\\/anadolupet.com.tr\\\/urun\\\/moderna-trendy-love-mama-ve-su-kabi-350-ml\\\/\",\"name\":\"Moderna Trendy Love Mama ve Su Kab\u0131 - 350 ML - Anadolu Pet Grup\",\"isPartOf\":{\"@id\":\"https:\\\/\\\/anadolupet.com.tr\\\/#website\"},\"primaryImageOfPage\":{\"@id\":\"https:\\\/\\\/anadolupet.com.tr\\\/urun\\\/moderna-trendy-love-mama-ve-su-kabi-350-ml\\\/#primaryimage\"},\"image\":{\"@id\":\"https:\\\/\\\/anadolupet.com.tr\\\/urun\\\/moderna-trendy-love-mama-ve-su-kabi-350-ml\\\/#primaryimage\"},\"thumbnailUrl\":\"https:\\\/\\\/anadolupet.com.tr\\\/wp-content\\\/uploads\\\/2026\\\/02\\\/242-H131-027.jpg\",\"datePublished\":\"2026-02-14T14:45:11+00:00\",\"dateModified\":\"2026-02-23T12:51:35+00:00\",\"breadcrumb\":{\"@id\":\"https:\\\/\\\/anadolupet.com.tr\\\/urun\\\/moderna-trendy-love-mama-ve-su-kabi-350-ml\\\/#breadcrumb\"},\"inLanguage\":\"en-US\",\"potentialAction\":[{\"@type\":\"ReadAction\",\"target\":[\"https:\\\/\\\/anadolupet.com.tr\\\/urun\\\/moderna-trendy-love-mama-ve-su-kabi-350-ml\\\/\"]}]},{\"@type\":\"ImageObject\",\"inLanguage\":\"en-US\",\"@id\":\"https:\\\/\\\/anadolupet.com.tr\\\/urun\\\/moderna-trendy-love-mama-ve-su-kabi-350-ml\\\/#primaryimage\",\"url\":\"https:\\\/\\\/anadolupet.com.tr\\\/wp-content\\\/uploads\\\/2026\\\/02\\\/242-H131-027.jpg\",\"contentUrl\":\"https:\\\/\\\/anadolupet.com.tr\\\/wp-content\\\/uploads\\\/2026\\\/02\\\/242-H131-027.jpg\",\"width\":750,\"height\":750},{\"@type\":\"BreadcrumbList\",\"@id\":\"https:\\\/\\\/anadolupet.com.tr\\\/urun\\\/moderna-trendy-love-mama-ve-su-kabi-350-ml\\\/#breadcrumb\",\"itemListElement\":[{\"@type\":\"ListItem\",\"position\":1,\"name\":\"Anasayfa\",\"item\":\"https:\\\/\\\/anadolupet.com.tr\\\/\"},{\"@type\":\"ListItem\",\"position\":2,\"name\":\"\u00dcr\u00fcnler\",\"item\":\"https:\\\/\\\/anadolupet.com.tr\\\/urunler\\\/\"},{\"@type\":\"ListItem\",\"position\":3,\"name\":\"Moderna Trendy Love Mama ve Su Kab\u0131 &#8211; 350 ML\"}]},{\"@type\":\"WebSite\",\"@id\":\"https:\\\/\\\/anadolupet.com.tr\\\/#website\",\"url\":\"https:\\\/\\\/anadolupet.com.tr\\\/\",\"name\":\"Anadolu Pet Grup\",\"description\":\"Her Can\u0131n \u0130yi Ya\u015fam\u0131 \u0130\u00e7in Biraraday\u0131z\",\"publisher\":{\"@id\":\"https:\\\/\\\/anadolupet.com.tr\\\/#organization\"},\"potentialAction\":[{\"@type\":\"SearchAction\",\"target\":{\"@type\":\"EntryPoint\",\"urlTemplate\":\"https:\\\/\\\/anadolupet.com.tr\\\/?s={search_term_string}\"},\"query-input\":{\"@type\":\"PropertyValueSpecification\",\"valueRequired\":true,\"valueName\":\"search_term_string\"}}],\"inLanguage\":\"en-US\"},{\"@type\":\"Organization\",\"@id\":\"https:\\\/\\\/anadolupet.com.tr\\\/#organization\",\"name\":\"Anadolu Pet Grup\",\"alternateName\":\"Anadolu Pet\",\"url\":\"https:\\\/\\\/anadolupet.com.tr\\\/\",\"logo\":{\"@type\":\"ImageObject\",\"inLanguage\":\"en-US\",\"@id\":\"https:\\\/\\\/anadolupet.com.tr\\\/#\\\/schema\\\/logo\\\/image\\\/\",\"url\":\"https:\\\/\\\/anadolupet.com.tr\\\/wp-content\\\/uploads\\\/2026\\\/03\\\/1614666743370.jpg\",\"contentUrl\":\"https:\\\/\\\/anadolupet.com.tr\\\/wp-content\\\/uploads\\\/2026\\\/03\\\/1614666743370.jpg\",\"width\":800,\"height\":571,\"caption\":\"Anadolu Pet Grup\"},\"image\":{\"@id\":\"https:\\\/\\\/anadolupet.com.tr\\\/#\\\/schema\\\/logo\\\/image\\\/\"}}]}<\/script>\n<!-- \/ Yoast SEO plugin. -->","yoast_head_json":{"title":"Moderna Trendy Love Mama ve Su Kab\u0131 - 350 ML - Anadolu Pet Grup","robots":{"index":"index","follow":"follow","max-snippet":"max-snippet:-1","max-image-preview":"max-image-preview:large","max-video-preview":"max-video-preview:-1"},"canonical":"https:\/\/anadolupet.com.tr\/en\/product\/moderna-trendy-love-mama-ve-su-kabi-350-ml\/","og_locale":"en_US","og_type":"article","og_title":"Moderna Trendy Love Mama ve Su Kab\u0131 - 350 ML - Anadolu Pet Grup","og_description":"Trendy Dinner Small Cats in Love \u2013 Mama Kab\u0131 (350 ml) A\u015fk dolu tasar\u0131m, hijyen ve pratik kullan\u0131m bir arada! Trendy Dinner Small Cats in Love, evcil dostlar\u0131n\u0131z i\u00e7in hem fonksiyonel hem de estetik bir mama kab\u0131d\u0131r. \u00dczerindeki sevgi dolu tasar\u0131m ve hayali kedi fig\u00fcr\u00fc, kedinizi yeme\u011fe davet ederken evinize de dekoratif bir hava katar. \u00d6zel IML dekorasyon tekni\u011fi sayesinde \u00e7izilmez ve UV \u0131\u015f\u0131nlar\u0131na kar\u015f\u0131 dayan\u0131kl\u0131d\u0131r. \u00d6ne \u00c7\u0131kan \u00d6zellikler IML dekorasyon tekni\u011fi ile \u00e7izilmez ve UV\u2019ye dayan\u0131kl\u0131 tasar\u0131m Kaymaz kau\u00e7uk ayaklar ile sabit kullan\u0131m Sa\u011flam ve dengeli taban, devrilmeyi \u00f6nler Kar\u0131nca \u00f6nleyici kenar: \u00e7evresindeki bo\u015fluk su ile doldurularak kar\u0131ncalar\u0131n mamaya ula\u015fmas\u0131 engellenir Kolay temizlenebilir, bula\u015f\u0131k makinesinde y\u0131kanabilir Premium plastik malzeme, uzun \u00f6m\u00fcrl\u00fc ve toksik madde i\u00e7ermez Farkl\u0131 boy se\u00e7enekleri ile her \u0131rk i\u00e7in uygun Kolayca istiflenebilir, yerden tasarruf sa\u011flar Trendy Dinner Small Cats in Love, evcil dostunuzun mama ihtiyac\u0131n\u0131 g\u00fcvenli, hijyenik ve \u015f\u0131k bir \u015fekilde kar\u015f\u0131lar. Sevimli tasar\u0131m\u0131yla hem i\u015flevsel hem de dekoratif bir se\u00e7imdir. Hacim 350 ml \u00dcr\u00fcn \u00d6l\u00e7\u00fcleri 17 x 17 x 5.3 cm","og_url":"https:\/\/anadolupet.com.tr\/en\/product\/moderna-trendy-love-mama-ve-su-kabi-350-ml\/","og_site_name":"Anadolu Pet Grup","article_modified_time":"2026-02-23T12:51:35+00:00","og_image":[{"width":750,"height":750,"url":"https:\/\/anadolupet.com.tr\/wp-content\/uploads\/2026\/02\/242-H131-027.jpg","type":"image\/jpeg"}],"twitter_card":"summary_large_image","schema":{"@context":"https:\/\/schema.org","@graph":[{"@type":"WebPage","@id":"https:\/\/anadolupet.com.tr\/urun\/moderna-trendy-love-mama-ve-su-kabi-350-ml\/","url":"https:\/\/anadolupet.com.tr\/urun\/moderna-trendy-love-mama-ve-su-kabi-350-ml\/","name":"Moderna Trendy Love Mama ve Su Kab\u0131 - 350 ML - Anadolu Pet Grup","isPartOf":{"@id":"https:\/\/anadolupet.com.tr\/#website"},"primaryImageOfPage":{"@id":"https:\/\/anadolupet.com.tr\/urun\/moderna-trendy-love-mama-ve-su-kabi-350-ml\/#primaryimage"},"image":{"@id":"https:\/\/anadolupet.com.tr\/urun\/moderna-trendy-love-mama-ve-su-kabi-350-ml\/#primaryimage"},"thumbnailUrl":"https:\/\/anadolupet.com.tr\/wp-content\/uploads\/2026\/02\/242-H131-027.jpg","datePublished":"2026-02-14T14:45:11+00:00","dateModified":"2026-02-23T12:51:35+00:00","breadcrumb":{"@id":"https:\/\/anadolupet.com.tr\/urun\/moderna-trendy-love-mama-ve-su-kabi-350-ml\/#breadcrumb"},"inLanguage":"en-US","potentialAction":[{"@type":"ReadAction","target":["https:\/\/anadolupet.com.tr\/urun\/moderna-trendy-love-mama-ve-su-kabi-350-ml\/"]}]},{"@type":"ImageObject","inLanguage":"en-US","@id":"https:\/\/anadolupet.com.tr\/urun\/moderna-trendy-love-mama-ve-su-kabi-350-ml\/#primaryimage","url":"https:\/\/anadolupet.com.tr\/wp-content\/uploads\/2026\/02\/242-H131-027.jpg","contentUrl":"https:\/\/anadolupet.com.tr\/wp-content\/uploads\/2026\/02\/242-H131-027.jpg","width":750,"height":750},{"@type":"BreadcrumbList","@id":"https:\/\/anadolupet.com.tr\/urun\/moderna-trendy-love-mama-ve-su-kabi-350-ml\/#breadcrumb","itemListElement":[{"@type":"ListItem","position":1,"name":"Anasayfa","item":"https:\/\/anadolupet.com.tr\/"},{"@type":"ListItem","position":2,"name":"\u00dcr\u00fcnler","item":"https:\/\/anadolupet.com.tr\/urunler\/"},{"@type":"ListItem","position":3,"name":"Moderna Trendy Love Mama ve Su Kab\u0131 &#8211; 350 ML"}]},{"@type":"WebSite","@id":"https:\/\/anadolupet.com.tr\/#website","url":"https:\/\/anadolupet.com.tr\/","name":"Anadolu Pet Group","description":"We Stand Together for the Well-Being of Every Life","publisher":{"@id":"https:\/\/anadolupet.com.tr\/#organization"},"potentialAction":[{"@type":"SearchAction","target":{"@type":"EntryPoint","urlTemplate":"https:\/\/anadolupet.com.tr\/?s={search_term_string}"},"query-input":{"@type":"PropertyValueSpecification","valueRequired":true,"valueName":"search_term_string"}}],"inLanguage":"en-US"},{"@type":"Organization","@id":"https:\/\/anadolupet.com.tr\/#organization","name":"Anadolu Pet Group","alternateName":"Anadolu Pet","url":"https:\/\/anadolupet.com.tr\/","logo":{"@type":"ImageObject","inLanguage":"en-US","@id":"https:\/\/anadolupet.com.tr\/#\/schema\/logo\/image\/","url":"https:\/\/anadolupet.com.tr\/wp-content\/uploads\/2026\/03\/1614666743370.jpg","contentUrl":"https:\/\/anadolupet.com.tr\/wp-content\/uploads\/2026\/03\/1614666743370.jpg","width":800,"height":571,"caption":"Anadolu Pet Grup"},"image":{"@id":"https:\/\/anadolupet.com.tr\/#\/schema\/logo\/image\/"}}]}},"_links":{"self":[{"href":"https:\/\/anadolupet.com.tr\/en\/wp-json\/wp\/v2\/product\/45936","targetHints":{"allow":["GET"]}}],"collection":[{"href":"https:\/\/anadolupet.com.tr\/en\/wp-json\/wp\/v2\/product"}],"about":[{"href":"https:\/\/anadolupet.com.tr\/en\/wp-json\/wp\/v2\/types\/product"}],"replies":[{"embeddable":true,"href":"https:\/\/anadolupet.com.tr\/en\/wp-json\/wp\/v2\/comments?post=45936"}],"wp:featuredmedia":[{"embeddable":true,"href":"https:\/\/anadolupet.com.tr\/en\/wp-json\/wp\/v2\/media\/43531"}],"wp:attachment":[{"href":"https:\/\/anadolupet.com.tr\/en\/wp-json\/wp\/v2\/media?parent=45936"}],"wp:term":[{"taxonomy":"product_brand","embeddable":true,"href":"https:\/\/anadolupet.com.tr\/en\/wp-json\/wp\/v2\/product_brand?post=45936"},{"taxonomy":"product_cat","embeddable":true,"href":"https:\/\/anadolupet.com.tr\/en\/wp-json\/wp\/v2\/product_cat?post=45936"},{"taxonomy":"product_tag","embeddable":true,"href":"https:\/\/anadolupet.com.tr\/en\/wp-json\/wp\/v2\/product_tag?post=45936"}],"curies":[{"name":"wp","href":"https:\/\/api.w.org\/{rel}","templated":true}]}}