{"id":45940,"date":"2026-02-14T14:45:11","date_gmt":"2026-02-14T14:45:11","guid":{"rendered":"https:\/\/anadolupet.com.tr\/?post_type=product&#038;p=45940"},"modified":"2026-02-23T12:51:36","modified_gmt":"2026-02-23T12:51:36","slug":"professionel-3-1200xl-debi-gosterge-seti-2080","status":"publish","type":"product","link":"https:\/\/anadolupet.com.tr\/en\/urun\/professionel-3-1200xl-debi-gosterge-seti-2080\/","title":{"rendered":"Professionel 3 1200XL Debi G\u00f6sterge Seti (2080)"},"content":{"rendered":"","protected":false},"excerpt":{"rendered":"<p>EHEIM indicator (g\u00f6sterge par\u00e7as\u0131), Professionel 3 1200XL (2080) ve 1200XLT (2180) d\u0131\u015f filtre modelleri i\u00e7in \u00f6zel olarak \u00fcretilmi\u015f orijinal yedek par\u00e7ad\u0131r. Bu par\u00e7a, filtrenin \u00fcst k\u0131sm\u0131nda yer al\u0131r ve su ak\u0131\u015f\u0131n\u0131n durumu ile bak\u0131m ihtiyac\u0131n\u0131 g\u00f6rsel olarak takip etmenizi sa\u011flar.<\/p>\n<p>Avantajlar ve \u00d6zellikler<br \/>\nOrijinal EHEIM yedek par\u00e7a \u2013 tam uyum ve g\u00fcvenilirlik<\/p>\n<p>Uyumlu modeller: Professionel 3 1200XL \/ 1200XLT<\/p>\n<p>Su ak\u0131\u015f\u0131n\u0131n azald\u0131\u011f\u0131n\u0131 veya bak\u0131m gerekti\u011fini g\u00f6rsel olarak bildirir<\/p>\n<p>Filtrenin performans\u0131n\u0131 kontrol etmenizi kolayla\u015ft\u0131r\u0131r<\/p>\n<p>Dayan\u0131kl\u0131 plastik yap\u0131 \u2013 uzun \u00f6m\u00fcrl\u00fc kullan\u0131m<\/p>\n<p>Kolay tak\u0131l\u0131p \u00e7\u0131kar\u0131labilir<\/p>","protected":false},"featured_media":42707,"comment_status":"open","ping_status":"closed","template":"","meta":{"_acf_changed":false},"product_brand":[],"product_cat":[2385],"product_tag":[],"class_list":{"0":"post-45940","1":"product","2":"type-product","3":"status-publish","4":"has-post-thumbnail","6":"product_cat-diger-yedek-parcalar","8":"first","9":"instock","10":"shipping-taxable","11":"product-type-simple"},"acf":[],"yoast_head":"<!-- This site is optimized with the Yoast SEO plugin v27.5 - https:\/\/yoast.com\/product\/yoast-seo-wordpress\/ -->\n<title>Professionel 3 1200XL Debi G\u00f6sterge Seti (2080) - Anadolu Pet Grup<\/title>\n<meta name=\"robots\" content=\"index, follow, max-snippet:-1, max-image-preview:large, max-video-preview:-1\" \/>\n<link rel=\"canonical\" href=\"https:\/\/anadolupet.com.tr\/en\/product\/professionel-3-1200xl-debi-gosterge-seti-2080\/\" \/>\n<meta property=\"og:locale\" content=\"en_US\" \/>\n<meta property=\"og:type\" content=\"article\" \/>\n<meta property=\"og:title\" content=\"Professionel 3 1200XL Debi G\u00f6sterge Seti (2080) - Anadolu Pet Grup\" \/>\n<meta property=\"og:description\" content=\"EHEIM indicator (g\u00f6sterge par\u00e7as\u0131), Professionel 3 1200XL (2080) ve 1200XLT (2180) d\u0131\u015f filtre modelleri i\u00e7in \u00f6zel olarak \u00fcretilmi\u015f orijinal yedek par\u00e7ad\u0131r. Bu par\u00e7a, filtrenin \u00fcst k\u0131sm\u0131nda yer al\u0131r ve su ak\u0131\u015f\u0131n\u0131n durumu ile bak\u0131m ihtiyac\u0131n\u0131 g\u00f6rsel olarak takip etmenizi sa\u011flar. Avantajlar ve \u00d6zellikler Orijinal EHEIM yedek par\u00e7a \u2013 tam uyum ve g\u00fcvenilirlik Uyumlu modeller: Professionel 3 1200XL \/ 1200XLT Su ak\u0131\u015f\u0131n\u0131n azald\u0131\u011f\u0131n\u0131 veya bak\u0131m gerekti\u011fini g\u00f6rsel olarak bildirir Filtrenin performans\u0131n\u0131 kontrol etmenizi kolayla\u015ft\u0131r\u0131r Dayan\u0131kl\u0131 plastik yap\u0131 \u2013 uzun \u00f6m\u00fcrl\u00fc kullan\u0131m Kolay tak\u0131l\u0131p \u00e7\u0131kar\u0131labilir\" \/>\n<meta property=\"og:url\" content=\"https:\/\/anadolupet.com.tr\/en\/product\/professionel-3-1200xl-debi-gosterge-seti-2080\/\" \/>\n<meta property=\"og:site_name\" content=\"Anadolu Pet Grup\" \/>\n<meta property=\"article:modified_time\" content=\"2026-02-23T12:51:36+00:00\" \/>\n<meta property=\"og:image\" content=\"https:\/\/anadolupet.com.tr\/wp-content\/uploads\/2026\/02\/110-7446208.jpg\" \/>\n\t<meta property=\"og:image:width\" content=\"750\" \/>\n\t<meta property=\"og:image:height\" content=\"750\" \/>\n\t<meta property=\"og:image:type\" content=\"image\/jpeg\" \/>\n<meta name=\"twitter:card\" content=\"summary_large_image\" \/>\n<script type=\"application\/ld+json\" class=\"yoast-schema-graph\">{\"@context\":\"https:\\\/\\\/schema.org\",\"@graph\":[{\"@type\":\"WebPage\",\"@id\":\"https:\\\/\\\/anadolupet.com.tr\\\/urun\\\/professionel-3-1200xl-debi-gosterge-seti-2080\\\/\",\"url\":\"https:\\\/\\\/anadolupet.com.tr\\\/urun\\\/professionel-3-1200xl-debi-gosterge-seti-2080\\\/\",\"name\":\"Professionel 3 1200XL Debi G\u00f6sterge Seti (2080) - Anadolu Pet Grup\",\"isPartOf\":{\"@id\":\"https:\\\/\\\/anadolupet.com.tr\\\/#website\"},\"primaryImageOfPage\":{\"@id\":\"https:\\\/\\\/anadolupet.com.tr\\\/urun\\\/professionel-3-1200xl-debi-gosterge-seti-2080\\\/#primaryimage\"},\"image\":{\"@id\":\"https:\\\/\\\/anadolupet.com.tr\\\/urun\\\/professionel-3-1200xl-debi-gosterge-seti-2080\\\/#primaryimage\"},\"thumbnailUrl\":\"https:\\\/\\\/anadolupet.com.tr\\\/wp-content\\\/uploads\\\/2026\\\/02\\\/110-7446208.jpg\",\"datePublished\":\"2026-02-14T14:45:11+00:00\",\"dateModified\":\"2026-02-23T12:51:36+00:00\",\"breadcrumb\":{\"@id\":\"https:\\\/\\\/anadolupet.com.tr\\\/urun\\\/professionel-3-1200xl-debi-gosterge-seti-2080\\\/#breadcrumb\"},\"inLanguage\":\"en-US\",\"potentialAction\":[{\"@type\":\"ReadAction\",\"target\":[\"https:\\\/\\\/anadolupet.com.tr\\\/urun\\\/professionel-3-1200xl-debi-gosterge-seti-2080\\\/\"]}]},{\"@type\":\"ImageObject\",\"inLanguage\":\"en-US\",\"@id\":\"https:\\\/\\\/anadolupet.com.tr\\\/urun\\\/professionel-3-1200xl-debi-gosterge-seti-2080\\\/#primaryimage\",\"url\":\"https:\\\/\\\/anadolupet.com.tr\\\/wp-content\\\/uploads\\\/2026\\\/02\\\/110-7446208.jpg\",\"contentUrl\":\"https:\\\/\\\/anadolupet.com.tr\\\/wp-content\\\/uploads\\\/2026\\\/02\\\/110-7446208.jpg\",\"width\":750,\"height\":750},{\"@type\":\"BreadcrumbList\",\"@id\":\"https:\\\/\\\/anadolupet.com.tr\\\/urun\\\/professionel-3-1200xl-debi-gosterge-seti-2080\\\/#breadcrumb\",\"itemListElement\":[{\"@type\":\"ListItem\",\"position\":1,\"name\":\"Anasayfa\",\"item\":\"https:\\\/\\\/anadolupet.com.tr\\\/\"},{\"@type\":\"ListItem\",\"position\":2,\"name\":\"\u00dcr\u00fcnler\",\"item\":\"https:\\\/\\\/anadolupet.com.tr\\\/urunler\\\/\"},{\"@type\":\"ListItem\",\"position\":3,\"name\":\"Professionel 3 1200XL Debi G\u00f6sterge Seti (2080)\"}]},{\"@type\":\"WebSite\",\"@id\":\"https:\\\/\\\/anadolupet.com.tr\\\/#website\",\"url\":\"https:\\\/\\\/anadolupet.com.tr\\\/\",\"name\":\"Anadolu Pet Grup\",\"description\":\"Her Can\u0131n \u0130yi Ya\u015fam\u0131 \u0130\u00e7in Biraraday\u0131z\",\"publisher\":{\"@id\":\"https:\\\/\\\/anadolupet.com.tr\\\/#organization\"},\"potentialAction\":[{\"@type\":\"SearchAction\",\"target\":{\"@type\":\"EntryPoint\",\"urlTemplate\":\"https:\\\/\\\/anadolupet.com.tr\\\/?s={search_term_string}\"},\"query-input\":{\"@type\":\"PropertyValueSpecification\",\"valueRequired\":true,\"valueName\":\"search_term_string\"}}],\"inLanguage\":\"en-US\"},{\"@type\":\"Organization\",\"@id\":\"https:\\\/\\\/anadolupet.com.tr\\\/#organization\",\"name\":\"Anadolu Pet Grup\",\"alternateName\":\"Anadolu Pet\",\"url\":\"https:\\\/\\\/anadolupet.com.tr\\\/\",\"logo\":{\"@type\":\"ImageObject\",\"inLanguage\":\"en-US\",\"@id\":\"https:\\\/\\\/anadolupet.com.tr\\\/#\\\/schema\\\/logo\\\/image\\\/\",\"url\":\"https:\\\/\\\/anadolupet.com.tr\\\/wp-content\\\/uploads\\\/2026\\\/03\\\/1614666743370.jpg\",\"contentUrl\":\"https:\\\/\\\/anadolupet.com.tr\\\/wp-content\\\/uploads\\\/2026\\\/03\\\/1614666743370.jpg\",\"width\":800,\"height\":571,\"caption\":\"Anadolu Pet Grup\"},\"image\":{\"@id\":\"https:\\\/\\\/anadolupet.com.tr\\\/#\\\/schema\\\/logo\\\/image\\\/\"}}]}<\/script>\n<!-- \/ Yoast SEO plugin. -->","yoast_head_json":{"title":"Professionel 3 1200XL Debi G\u00f6sterge Seti (2080) - Anadolu Pet Grup","robots":{"index":"index","follow":"follow","max-snippet":"max-snippet:-1","max-image-preview":"max-image-preview:large","max-video-preview":"max-video-preview:-1"},"canonical":"https:\/\/anadolupet.com.tr\/en\/product\/professionel-3-1200xl-debi-gosterge-seti-2080\/","og_locale":"en_US","og_type":"article","og_title":"Professionel 3 1200XL Debi G\u00f6sterge Seti (2080) - Anadolu Pet Grup","og_description":"EHEIM indicator (g\u00f6sterge par\u00e7as\u0131), Professionel 3 1200XL (2080) ve 1200XLT (2180) d\u0131\u015f filtre modelleri i\u00e7in \u00f6zel olarak \u00fcretilmi\u015f orijinal yedek par\u00e7ad\u0131r. Bu par\u00e7a, filtrenin \u00fcst k\u0131sm\u0131nda yer al\u0131r ve su ak\u0131\u015f\u0131n\u0131n durumu ile bak\u0131m ihtiyac\u0131n\u0131 g\u00f6rsel olarak takip etmenizi sa\u011flar. Avantajlar ve \u00d6zellikler Orijinal EHEIM yedek par\u00e7a \u2013 tam uyum ve g\u00fcvenilirlik Uyumlu modeller: Professionel 3 1200XL \/ 1200XLT Su ak\u0131\u015f\u0131n\u0131n azald\u0131\u011f\u0131n\u0131 veya bak\u0131m gerekti\u011fini g\u00f6rsel olarak bildirir Filtrenin performans\u0131n\u0131 kontrol etmenizi kolayla\u015ft\u0131r\u0131r Dayan\u0131kl\u0131 plastik yap\u0131 \u2013 uzun \u00f6m\u00fcrl\u00fc kullan\u0131m Kolay tak\u0131l\u0131p \u00e7\u0131kar\u0131labilir","og_url":"https:\/\/anadolupet.com.tr\/en\/product\/professionel-3-1200xl-debi-gosterge-seti-2080\/","og_site_name":"Anadolu Pet Grup","article_modified_time":"2026-02-23T12:51:36+00:00","og_image":[{"width":750,"height":750,"url":"https:\/\/anadolupet.com.tr\/wp-content\/uploads\/2026\/02\/110-7446208.jpg","type":"image\/jpeg"}],"twitter_card":"summary_large_image","schema":{"@context":"https:\/\/schema.org","@graph":[{"@type":"WebPage","@id":"https:\/\/anadolupet.com.tr\/urun\/professionel-3-1200xl-debi-gosterge-seti-2080\/","url":"https:\/\/anadolupet.com.tr\/urun\/professionel-3-1200xl-debi-gosterge-seti-2080\/","name":"Professionel 3 1200XL Debi G\u00f6sterge Seti (2080) - Anadolu Pet Grup","isPartOf":{"@id":"https:\/\/anadolupet.com.tr\/#website"},"primaryImageOfPage":{"@id":"https:\/\/anadolupet.com.tr\/urun\/professionel-3-1200xl-debi-gosterge-seti-2080\/#primaryimage"},"image":{"@id":"https:\/\/anadolupet.com.tr\/urun\/professionel-3-1200xl-debi-gosterge-seti-2080\/#primaryimage"},"thumbnailUrl":"https:\/\/anadolupet.com.tr\/wp-content\/uploads\/2026\/02\/110-7446208.jpg","datePublished":"2026-02-14T14:45:11+00:00","dateModified":"2026-02-23T12:51:36+00:00","breadcrumb":{"@id":"https:\/\/anadolupet.com.tr\/urun\/professionel-3-1200xl-debi-gosterge-seti-2080\/#breadcrumb"},"inLanguage":"en-US","potentialAction":[{"@type":"ReadAction","target":["https:\/\/anadolupet.com.tr\/urun\/professionel-3-1200xl-debi-gosterge-seti-2080\/"]}]},{"@type":"ImageObject","inLanguage":"en-US","@id":"https:\/\/anadolupet.com.tr\/urun\/professionel-3-1200xl-debi-gosterge-seti-2080\/#primaryimage","url":"https:\/\/anadolupet.com.tr\/wp-content\/uploads\/2026\/02\/110-7446208.jpg","contentUrl":"https:\/\/anadolupet.com.tr\/wp-content\/uploads\/2026\/02\/110-7446208.jpg","width":750,"height":750},{"@type":"BreadcrumbList","@id":"https:\/\/anadolupet.com.tr\/urun\/professionel-3-1200xl-debi-gosterge-seti-2080\/#breadcrumb","itemListElement":[{"@type":"ListItem","position":1,"name":"Anasayfa","item":"https:\/\/anadolupet.com.tr\/"},{"@type":"ListItem","position":2,"name":"\u00dcr\u00fcnler","item":"https:\/\/anadolupet.com.tr\/urunler\/"},{"@type":"ListItem","position":3,"name":"Professionel 3 1200XL Debi G\u00f6sterge Seti (2080)"}]},{"@type":"WebSite","@id":"https:\/\/anadolupet.com.tr\/#website","url":"https:\/\/anadolupet.com.tr\/","name":"Anadolu Pet Group","description":"We Stand Together for the Well-Being of Every Life","publisher":{"@id":"https:\/\/anadolupet.com.tr\/#organization"},"potentialAction":[{"@type":"SearchAction","target":{"@type":"EntryPoint","urlTemplate":"https:\/\/anadolupet.com.tr\/?s={search_term_string}"},"query-input":{"@type":"PropertyValueSpecification","valueRequired":true,"valueName":"search_term_string"}}],"inLanguage":"en-US"},{"@type":"Organization","@id":"https:\/\/anadolupet.com.tr\/#organization","name":"Anadolu Pet Group","alternateName":"Anadolu Pet","url":"https:\/\/anadolupet.com.tr\/","logo":{"@type":"ImageObject","inLanguage":"en-US","@id":"https:\/\/anadolupet.com.tr\/#\/schema\/logo\/image\/","url":"https:\/\/anadolupet.com.tr\/wp-content\/uploads\/2026\/03\/1614666743370.jpg","contentUrl":"https:\/\/anadolupet.com.tr\/wp-content\/uploads\/2026\/03\/1614666743370.jpg","width":800,"height":571,"caption":"Anadolu Pet Grup"},"image":{"@id":"https:\/\/anadolupet.com.tr\/#\/schema\/logo\/image\/"}}]}},"_links":{"self":[{"href":"https:\/\/anadolupet.com.tr\/en\/wp-json\/wp\/v2\/product\/45940","targetHints":{"allow":["GET"]}}],"collection":[{"href":"https:\/\/anadolupet.com.tr\/en\/wp-json\/wp\/v2\/product"}],"about":[{"href":"https:\/\/anadolupet.com.tr\/en\/wp-json\/wp\/v2\/types\/product"}],"replies":[{"embeddable":true,"href":"https:\/\/anadolupet.com.tr\/en\/wp-json\/wp\/v2\/comments?post=45940"}],"wp:featuredmedia":[{"embeddable":true,"href":"https:\/\/anadolupet.com.tr\/en\/wp-json\/wp\/v2\/media\/42707"}],"wp:attachment":[{"href":"https:\/\/anadolupet.com.tr\/en\/wp-json\/wp\/v2\/media?parent=45940"}],"wp:term":[{"taxonomy":"product_brand","embeddable":true,"href":"https:\/\/anadolupet.com.tr\/en\/wp-json\/wp\/v2\/product_brand?post=45940"},{"taxonomy":"product_cat","embeddable":true,"href":"https:\/\/anadolupet.com.tr\/en\/wp-json\/wp\/v2\/product_cat?post=45940"},{"taxonomy":"product_tag","embeddable":true,"href":"https:\/\/anadolupet.com.tr\/en\/wp-json\/wp\/v2\/product_tag?post=45940"}],"curies":[{"name":"wp","href":"https:\/\/api.w.org\/{rel}","templated":true}]}}