{"id":45941,"date":"2026-02-14T14:45:11","date_gmt":"2026-02-14T14:45:11","guid":{"rendered":"https:\/\/anadolupet.com.tr\/?post_type=product&#038;p=45941"},"modified":"2026-02-23T12:51:36","modified_gmt":"2026-02-23T12:51:36","slug":"pronature-kisirlastirilmis-yetiskin-kedi-mamasi-weight-protect-tavuk-etli-ve-pirincli-10-kg","status":"publish","type":"product","link":"https:\/\/anadolupet.com.tr\/en\/urun\/pronature-kisirlastirilmis-yetiskin-kedi-mamasi-weight-protect-tavuk-etli-ve-pirincli-10-kg\/","title":{"rendered":"Pronature K\u0131s\u0131rla\u015ft\u0131r\u0131lm\u0131\u015f Yeti\u015fkin Kedi Mamas\u0131 (Weight Protect) Tavuk Etli ve Pirin\u00e7li 10 KG"},"content":{"rendered":"","protected":false},"excerpt":{"rendered":"<p>Tavuk Etli ve Pirin\u00e7li<br \/>\nK\u0131s\u0131rla\u015ft\u0131r\u0131lm\u0131\u015f Yeti\u015fkin Kedi Mamas\u0131<br \/>\nWeight Protect, 12 ay ve \u00fczeri kilo almaya yatk\u0131n veya k\u0131s\u0131rla\u015ft\u0131r\u0131lm\u0131\u015f yeti\u015fkin kedilerin t\u00fcm besin maddesi gereksinimlerini kar\u015f\u0131lamak i\u00e7in \u00f6zel olarak form\u00fcle edilmi\u015ftir. \u0130deal kilonun korunmas\u0131na yard\u0131mc\u0131 olmak amac\u0131yla kalori seviyesi d\u00fczenlenmi\u015ftir.<br \/>\nKilo Kontrol\u00fc<br \/>\nK\u0131s\u0131rla\u015ft\u0131r\u0131lm\u0131\u015f kediler i\u00e7in \u00f6zel olarak form\u00fcle edilmi\u015f olup, tavuk gibi hayvansal k\u00f6kenli proteinler ve az miktardaki ya\u011f i\u00e7eri\u011fi ile kilo kontrol\u00fcn\u00fc sa\u011flayan tam ve dengeli kedi mamas\u0131d\u0131r.<br \/>\nYa\u015flanmaya Kar\u015f\u0131 Etki<br \/>\nYa\u015flanmaya kar\u015f\u0131 etkiye sahiptir ve serbest radikalleri temizleme \u00f6zelli\u011fi ile v\u00fccudun do\u011fal savunma sistemini g\u00fc\u00e7lendirir.<br \/>\nPrebiyotik Aktivite<br \/>\nPrebiyotik aktiviteye sahip Frukto oligosakkaritler (FOS) ile form\u00fcle edilmi\u015ftir.<br \/>\nSindirim Deste\u011fi<br \/>\nEtkili sindirim ve besin maddelerinin emilimini art\u0131rmak i\u00e7in y\u00fcksek kaliteli ham maddelerden \u00fcretilmi\u015ftir.<br \/>\n\u0130\u00c7ER\u0130K<br \/>\n\u0130\u015flenmi\u015f Hayvansal Protein (%30 Tavuk), Bu\u011fday, M\u0131s\u0131r Gluteni, \u0130\u015flenmi\u015f Bal\u0131k Proteini, Pirin\u00e7 (%5), Tavuk Ya\u011f\u0131, Hidrolize Hayvansal Protein, bitkisel lifler, \u015eeker pancar\u0131, Kurutulmu\u015f Maya, Potasyum Klor\u00fcr, Sodyum Klor\u00fcr, Fruktooligosakkaritler (FOS) %0,2, yucca schidigera %0,1, meyveler ve baharatlar\u0131n i\u015flenmesi ile elde edilmi\u015f \u00fcr\u00fcnler %0,05 (karanfil (clove), zerde\u00e7al (curcuma sp.), turun\u00e7gil (citrus sp.), biberiye (rosmarinus sp.), \u00fcz\u00fcm \u00e7ekirde\u011fi (vitis sp.), Glukosamin (200 mg\/kg)<br \/>\nANAL\u0130T\u0130K B\u0130LE\u015eENLER<br \/>\nProtein: %37, Ya\u011f \u0130\u00e7eri\u011fi: %11 Ham Sel\u00fcloz: %4, Ham K\u00fcl: %7,2, Kalsiyum: %1,1, Fosfor: %0,6, Magnezyum: %0,08<br \/>\nBESLEY\u0130C\u0130 \u0130LAVELER<br \/>\nVitamin A (3a672a) 31,000 IU\/kg, Vitamin D3 (3a671) 1,850 IU\/kg, Vitamin E (3a700) 300 mg\/kg, L-carnitine 200 mg\/kg, Demir(II) s\u00fclfat monohidrat 342 mg\/kg (Demir (3b103) 112 mg\/kg), Bak\u0131r s\u00fclfat pentahidrat 44 mg\/kg (Bak\u0131r (3b405) 11,2 mg\/kg), Mangan s\u00fclfat monohidrat 38,5 mg\/kg (Mangan (3b503) 12,5 mg\/kg), \u00c7inko s\u00fclfat monohidrat 342 mg\/kg (\u00c7inko (3b605) 125 mg\/kg), Anhidre kalsiyum iyodat 3,4 mg\/kg (\u0130yot (3b203) 2,2 mg\/kg), Sodyum Selenit 0,68 mg\/kg (Selenyum (3b802) 0,31 mg\/kg).<br \/>\nAntioksidanlar<br \/>\nBESLEME REHBER\u0130<br \/>\nMamaya, tabloda belirtilen miktarlarda ba\u015flaman\u0131z \u00f6nerilir. G\u00fcnl\u00fck miktar yol g\u00f6stericidir ve hayvan\u0131n aktivitesine, fizyolojik durumuna ve \u00e7evre s\u0131cakl\u0131\u011f\u0131na ba\u011fl\u0131 olarak de\u011fi\u015febilir. Kedinizin \u00f6n\u00fcnde mama ile birlikte her zaman taze ve temiz su bulundurunuz. Mamay\u0131 serin ve kuru yerde saklay\u0131n\u0131z.<\/p>","protected":false},"featured_media":43629,"comment_status":"open","ping_status":"closed","template":"","meta":{"_acf_changed":false},"product_brand":[],"product_cat":[2442],"product_tag":[],"class_list":{"0":"post-45941","1":"product","2":"type-product","3":"status-publish","4":"has-post-thumbnail","6":"product_cat-yetiskin-kedi-mamalari","8":"first","9":"instock","10":"shipping-taxable","11":"product-type-simple"},"acf":[],"yoast_head":"<!-- This site is optimized with the Yoast SEO plugin v27.5 - https:\/\/yoast.com\/product\/yoast-seo-wordpress\/ -->\n<title>Pronature K\u0131s\u0131rla\u015ft\u0131r\u0131lm\u0131\u015f Yeti\u015fkin Kedi Mamas\u0131 (Weight Protect) Tavuk Etli ve Pirin\u00e7li 10 KG - Anadolu Pet Grup<\/title>\n<meta name=\"robots\" content=\"index, follow, max-snippet:-1, max-image-preview:large, max-video-preview:-1\" \/>\n<link rel=\"canonical\" href=\"https:\/\/anadolupet.com.tr\/en\/product\/pronature-kisirlastirilmis-yetiskin-kedi-mamasi-weight-protect-tavuk-etli-ve-pirincli-10-kg\/\" \/>\n<meta property=\"og:locale\" content=\"en_US\" \/>\n<meta property=\"og:type\" content=\"article\" \/>\n<meta property=\"og:title\" content=\"Pronature K\u0131s\u0131rla\u015ft\u0131r\u0131lm\u0131\u015f Yeti\u015fkin Kedi Mamas\u0131 (Weight Protect) Tavuk Etli ve Pirin\u00e7li 10 KG - Anadolu Pet Grup\" \/>\n<meta property=\"og:description\" content=\"Tavuk Etli ve Pirin\u00e7li K\u0131s\u0131rla\u015ft\u0131r\u0131lm\u0131\u015f Yeti\u015fkin Kedi Mamas\u0131 Weight Protect, 12 ay ve \u00fczeri kilo almaya yatk\u0131n veya k\u0131s\u0131rla\u015ft\u0131r\u0131lm\u0131\u015f yeti\u015fkin kedilerin t\u00fcm besin maddesi gereksinimlerini kar\u015f\u0131lamak i\u00e7in \u00f6zel olarak form\u00fcle edilmi\u015ftir. \u0130deal kilonun korunmas\u0131na yard\u0131mc\u0131 olmak amac\u0131yla kalori seviyesi d\u00fczenlenmi\u015ftir. Kilo Kontrol\u00fc K\u0131s\u0131rla\u015ft\u0131r\u0131lm\u0131\u015f kediler i\u00e7in \u00f6zel olarak form\u00fcle edilmi\u015f olup, tavuk gibi hayvansal k\u00f6kenli proteinler ve az miktardaki ya\u011f i\u00e7eri\u011fi ile kilo kontrol\u00fcn\u00fc sa\u011flayan tam ve dengeli kedi mamas\u0131d\u0131r. Ya\u015flanmaya Kar\u015f\u0131 Etki Ya\u015flanmaya kar\u015f\u0131 etkiye sahiptir ve serbest radikalleri temizleme \u00f6zelli\u011fi ile v\u00fccudun do\u011fal savunma sistemini g\u00fc\u00e7lendirir. Prebiyotik Aktivite Prebiyotik aktiviteye sahip Frukto oligosakkaritler (FOS) ile form\u00fcle edilmi\u015ftir. Sindirim Deste\u011fi Etkili sindirim ve besin maddelerinin emilimini art\u0131rmak i\u00e7in y\u00fcksek kaliteli ham maddelerden \u00fcretilmi\u015ftir. \u0130\u00c7ER\u0130K \u0130\u015flenmi\u015f Hayvansal Protein (%30 Tavuk), Bu\u011fday, M\u0131s\u0131r Gluteni, \u0130\u015flenmi\u015f Bal\u0131k Proteini, Pirin\u00e7 (%5), Tavuk Ya\u011f\u0131, Hidrolize Hayvansal Protein, bitkisel lifler, \u015eeker pancar\u0131, Kurutulmu\u015f Maya, Potasyum Klor\u00fcr, Sodyum Klor\u00fcr, Fruktooligosakkaritler (FOS) %0,2, yucca schidigera %0,1, meyveler ve baharatlar\u0131n i\u015flenmesi ile elde edilmi\u015f \u00fcr\u00fcnler %0,05 (karanfil (clove), zerde\u00e7al (curcuma sp.), turun\u00e7gil (citrus sp.), biberiye (rosmarinus sp.), \u00fcz\u00fcm \u00e7ekirde\u011fi (vitis sp.), Glukosamin (200 mg\/kg) ANAL\u0130T\u0130K B\u0130LE\u015eENLER Protein: %37, Ya\u011f \u0130\u00e7eri\u011fi: %11 Ham Sel\u00fcloz: %4, Ham K\u00fcl: %7,2, Kalsiyum: %1,1, Fosfor: %0,6, Magnezyum: %0,08 BESLEY\u0130C\u0130 \u0130LAVELER Vitamin A (3a672a) 31,000 IU\/kg, Vitamin D3 (3a671) 1,850 IU\/kg, Vitamin E (3a700) 300 mg\/kg, L-carnitine 200 mg\/kg, Demir(II) s\u00fclfat monohidrat 342 mg\/kg (Demir (3b103) 112 mg\/kg), Bak\u0131r s\u00fclfat pentahidrat 44 mg\/kg (Bak\u0131r (3b405) 11,2 mg\/kg), Mangan s\u00fclfat monohidrat 38,5 mg\/kg (Mangan (3b503) 12,5 mg\/kg), \u00c7inko s\u00fclfat monohidrat 342 mg\/kg (\u00c7inko (3b605) 125 mg\/kg), Anhidre kalsiyum iyodat 3,4 mg\/kg (\u0130yot (3b203) 2,2 mg\/kg), Sodyum Selenit 0,68 mg\/kg (Selenyum (3b802) 0,31 mg\/kg). Antioksidanlar BESLEME REHBER\u0130 Mamaya, tabloda belirtilen miktarlarda ba\u015flaman\u0131z \u00f6nerilir. G\u00fcnl\u00fck miktar yol g\u00f6stericidir ve hayvan\u0131n aktivitesine, fizyolojik durumuna ve \u00e7evre s\u0131cakl\u0131\u011f\u0131na ba\u011fl\u0131 olarak de\u011fi\u015febilir. Kedinizin \u00f6n\u00fcnde mama ile birlikte her zaman taze ve temiz su bulundurunuz. Mamay\u0131 serin ve kuru yerde saklay\u0131n\u0131z.\" \/>\n<meta property=\"og:url\" content=\"https:\/\/anadolupet.com.tr\/en\/product\/pronature-kisirlastirilmis-yetiskin-kedi-mamasi-weight-protect-tavuk-etli-ve-pirincli-10-kg\/\" \/>\n<meta property=\"og:site_name\" content=\"Anadolu Pet Grup\" \/>\n<meta property=\"article:modified_time\" content=\"2026-02-23T12:51:36+00:00\" \/>\n<meta property=\"og:image\" content=\"https:\/\/anadolupet.com.tr\/wp-content\/uploads\/2026\/02\/286-100005.jpg\" \/>\n\t<meta property=\"og:image:width\" content=\"750\" \/>\n\t<meta property=\"og:image:height\" content=\"750\" \/>\n\t<meta property=\"og:image:type\" content=\"image\/jpeg\" \/>\n<meta name=\"twitter:card\" content=\"summary_large_image\" \/>\n<script type=\"application\/ld+json\" class=\"yoast-schema-graph\">{\"@context\":\"https:\\\/\\\/schema.org\",\"@graph\":[{\"@type\":\"WebPage\",\"@id\":\"https:\\\/\\\/anadolupet.com.tr\\\/urun\\\/pronature-kisirlastirilmis-yetiskin-kedi-mamasi-weight-protect-tavuk-etli-ve-pirincli-10-kg\\\/\",\"url\":\"https:\\\/\\\/anadolupet.com.tr\\\/urun\\\/pronature-kisirlastirilmis-yetiskin-kedi-mamasi-weight-protect-tavuk-etli-ve-pirincli-10-kg\\\/\",\"name\":\"Pronature K\u0131s\u0131rla\u015ft\u0131r\u0131lm\u0131\u015f Yeti\u015fkin Kedi Mamas\u0131 (Weight Protect) Tavuk Etli ve Pirin\u00e7li 10 KG - Anadolu Pet Grup\",\"isPartOf\":{\"@id\":\"https:\\\/\\\/anadolupet.com.tr\\\/#website\"},\"primaryImageOfPage\":{\"@id\":\"https:\\\/\\\/anadolupet.com.tr\\\/urun\\\/pronature-kisirlastirilmis-yetiskin-kedi-mamasi-weight-protect-tavuk-etli-ve-pirincli-10-kg\\\/#primaryimage\"},\"image\":{\"@id\":\"https:\\\/\\\/anadolupet.com.tr\\\/urun\\\/pronature-kisirlastirilmis-yetiskin-kedi-mamasi-weight-protect-tavuk-etli-ve-pirincli-10-kg\\\/#primaryimage\"},\"thumbnailUrl\":\"https:\\\/\\\/anadolupet.com.tr\\\/wp-content\\\/uploads\\\/2026\\\/02\\\/286-100005.jpg\",\"datePublished\":\"2026-02-14T14:45:11+00:00\",\"dateModified\":\"2026-02-23T12:51:36+00:00\",\"breadcrumb\":{\"@id\":\"https:\\\/\\\/anadolupet.com.tr\\\/urun\\\/pronature-kisirlastirilmis-yetiskin-kedi-mamasi-weight-protect-tavuk-etli-ve-pirincli-10-kg\\\/#breadcrumb\"},\"inLanguage\":\"en-US\",\"potentialAction\":[{\"@type\":\"ReadAction\",\"target\":[\"https:\\\/\\\/anadolupet.com.tr\\\/urun\\\/pronature-kisirlastirilmis-yetiskin-kedi-mamasi-weight-protect-tavuk-etli-ve-pirincli-10-kg\\\/\"]}]},{\"@type\":\"ImageObject\",\"inLanguage\":\"en-US\",\"@id\":\"https:\\\/\\\/anadolupet.com.tr\\\/urun\\\/pronature-kisirlastirilmis-yetiskin-kedi-mamasi-weight-protect-tavuk-etli-ve-pirincli-10-kg\\\/#primaryimage\",\"url\":\"https:\\\/\\\/anadolupet.com.tr\\\/wp-content\\\/uploads\\\/2026\\\/02\\\/286-100005.jpg\",\"contentUrl\":\"https:\\\/\\\/anadolupet.com.tr\\\/wp-content\\\/uploads\\\/2026\\\/02\\\/286-100005.jpg\",\"width\":750,\"height\":750},{\"@type\":\"BreadcrumbList\",\"@id\":\"https:\\\/\\\/anadolupet.com.tr\\\/urun\\\/pronature-kisirlastirilmis-yetiskin-kedi-mamasi-weight-protect-tavuk-etli-ve-pirincli-10-kg\\\/#breadcrumb\",\"itemListElement\":[{\"@type\":\"ListItem\",\"position\":1,\"name\":\"Anasayfa\",\"item\":\"https:\\\/\\\/anadolupet.com.tr\\\/\"},{\"@type\":\"ListItem\",\"position\":2,\"name\":\"\u00dcr\u00fcnler\",\"item\":\"https:\\\/\\\/anadolupet.com.tr\\\/urunler\\\/\"},{\"@type\":\"ListItem\",\"position\":3,\"name\":\"Pronature K\u0131s\u0131rla\u015ft\u0131r\u0131lm\u0131\u015f Yeti\u015fkin Kedi Mamas\u0131 (Weight Protect) Tavuk Etli ve Pirin\u00e7li 10 KG\"}]},{\"@type\":\"WebSite\",\"@id\":\"https:\\\/\\\/anadolupet.com.tr\\\/#website\",\"url\":\"https:\\\/\\\/anadolupet.com.tr\\\/\",\"name\":\"Anadolu Pet Grup\",\"description\":\"Her Can\u0131n \u0130yi Ya\u015fam\u0131 \u0130\u00e7in Biraraday\u0131z\",\"publisher\":{\"@id\":\"https:\\\/\\\/anadolupet.com.tr\\\/#organization\"},\"potentialAction\":[{\"@type\":\"SearchAction\",\"target\":{\"@type\":\"EntryPoint\",\"urlTemplate\":\"https:\\\/\\\/anadolupet.com.tr\\\/?s={search_term_string}\"},\"query-input\":{\"@type\":\"PropertyValueSpecification\",\"valueRequired\":true,\"valueName\":\"search_term_string\"}}],\"inLanguage\":\"en-US\"},{\"@type\":\"Organization\",\"@id\":\"https:\\\/\\\/anadolupet.com.tr\\\/#organization\",\"name\":\"Anadolu Pet Grup\",\"alternateName\":\"Anadolu Pet\",\"url\":\"https:\\\/\\\/anadolupet.com.tr\\\/\",\"logo\":{\"@type\":\"ImageObject\",\"inLanguage\":\"en-US\",\"@id\":\"https:\\\/\\\/anadolupet.com.tr\\\/#\\\/schema\\\/logo\\\/image\\\/\",\"url\":\"https:\\\/\\\/anadolupet.com.tr\\\/wp-content\\\/uploads\\\/2026\\\/03\\\/1614666743370.jpg\",\"contentUrl\":\"https:\\\/\\\/anadolupet.com.tr\\\/wp-content\\\/uploads\\\/2026\\\/03\\\/1614666743370.jpg\",\"width\":800,\"height\":571,\"caption\":\"Anadolu Pet Grup\"},\"image\":{\"@id\":\"https:\\\/\\\/anadolupet.com.tr\\\/#\\\/schema\\\/logo\\\/image\\\/\"}}]}<\/script>\n<!-- \/ Yoast SEO plugin. -->","yoast_head_json":{"title":"Pronature K\u0131s\u0131rla\u015ft\u0131r\u0131lm\u0131\u015f Yeti\u015fkin Kedi Mamas\u0131 (Weight Protect) Tavuk Etli ve Pirin\u00e7li 10 KG - Anadolu Pet Grup","robots":{"index":"index","follow":"follow","max-snippet":"max-snippet:-1","max-image-preview":"max-image-preview:large","max-video-preview":"max-video-preview:-1"},"canonical":"https:\/\/anadolupet.com.tr\/en\/product\/pronature-kisirlastirilmis-yetiskin-kedi-mamasi-weight-protect-tavuk-etli-ve-pirincli-10-kg\/","og_locale":"en_US","og_type":"article","og_title":"Pronature K\u0131s\u0131rla\u015ft\u0131r\u0131lm\u0131\u015f Yeti\u015fkin Kedi Mamas\u0131 (Weight Protect) Tavuk Etli ve Pirin\u00e7li 10 KG - Anadolu Pet Grup","og_description":"Tavuk Etli ve Pirin\u00e7li K\u0131s\u0131rla\u015ft\u0131r\u0131lm\u0131\u015f Yeti\u015fkin Kedi Mamas\u0131 Weight Protect, 12 ay ve \u00fczeri kilo almaya yatk\u0131n veya k\u0131s\u0131rla\u015ft\u0131r\u0131lm\u0131\u015f yeti\u015fkin kedilerin t\u00fcm besin maddesi gereksinimlerini kar\u015f\u0131lamak i\u00e7in \u00f6zel olarak form\u00fcle edilmi\u015ftir. \u0130deal kilonun korunmas\u0131na yard\u0131mc\u0131 olmak amac\u0131yla kalori seviyesi d\u00fczenlenmi\u015ftir. Kilo Kontrol\u00fc K\u0131s\u0131rla\u015ft\u0131r\u0131lm\u0131\u015f kediler i\u00e7in \u00f6zel olarak form\u00fcle edilmi\u015f olup, tavuk gibi hayvansal k\u00f6kenli proteinler ve az miktardaki ya\u011f i\u00e7eri\u011fi ile kilo kontrol\u00fcn\u00fc sa\u011flayan tam ve dengeli kedi mamas\u0131d\u0131r. Ya\u015flanmaya Kar\u015f\u0131 Etki Ya\u015flanmaya kar\u015f\u0131 etkiye sahiptir ve serbest radikalleri temizleme \u00f6zelli\u011fi ile v\u00fccudun do\u011fal savunma sistemini g\u00fc\u00e7lendirir. Prebiyotik Aktivite Prebiyotik aktiviteye sahip Frukto oligosakkaritler (FOS) ile form\u00fcle edilmi\u015ftir. Sindirim Deste\u011fi Etkili sindirim ve besin maddelerinin emilimini art\u0131rmak i\u00e7in y\u00fcksek kaliteli ham maddelerden \u00fcretilmi\u015ftir. \u0130\u00c7ER\u0130K \u0130\u015flenmi\u015f Hayvansal Protein (%30 Tavuk), Bu\u011fday, M\u0131s\u0131r Gluteni, \u0130\u015flenmi\u015f Bal\u0131k Proteini, Pirin\u00e7 (%5), Tavuk Ya\u011f\u0131, Hidrolize Hayvansal Protein, bitkisel lifler, \u015eeker pancar\u0131, Kurutulmu\u015f Maya, Potasyum Klor\u00fcr, Sodyum Klor\u00fcr, Fruktooligosakkaritler (FOS) %0,2, yucca schidigera %0,1, meyveler ve baharatlar\u0131n i\u015flenmesi ile elde edilmi\u015f \u00fcr\u00fcnler %0,05 (karanfil (clove), zerde\u00e7al (curcuma sp.), turun\u00e7gil (citrus sp.), biberiye (rosmarinus sp.), \u00fcz\u00fcm \u00e7ekirde\u011fi (vitis sp.), Glukosamin (200 mg\/kg) ANAL\u0130T\u0130K B\u0130LE\u015eENLER Protein: %37, Ya\u011f \u0130\u00e7eri\u011fi: %11 Ham Sel\u00fcloz: %4, Ham K\u00fcl: %7,2, Kalsiyum: %1,1, Fosfor: %0,6, Magnezyum: %0,08 BESLEY\u0130C\u0130 \u0130LAVELER Vitamin A (3a672a) 31,000 IU\/kg, Vitamin D3 (3a671) 1,850 IU\/kg, Vitamin E (3a700) 300 mg\/kg, L-carnitine 200 mg\/kg, Demir(II) s\u00fclfat monohidrat 342 mg\/kg (Demir (3b103) 112 mg\/kg), Bak\u0131r s\u00fclfat pentahidrat 44 mg\/kg (Bak\u0131r (3b405) 11,2 mg\/kg), Mangan s\u00fclfat monohidrat 38,5 mg\/kg (Mangan (3b503) 12,5 mg\/kg), \u00c7inko s\u00fclfat monohidrat 342 mg\/kg (\u00c7inko (3b605) 125 mg\/kg), Anhidre kalsiyum iyodat 3,4 mg\/kg (\u0130yot (3b203) 2,2 mg\/kg), Sodyum Selenit 0,68 mg\/kg (Selenyum (3b802) 0,31 mg\/kg). Antioksidanlar BESLEME REHBER\u0130 Mamaya, tabloda belirtilen miktarlarda ba\u015flaman\u0131z \u00f6nerilir. G\u00fcnl\u00fck miktar yol g\u00f6stericidir ve hayvan\u0131n aktivitesine, fizyolojik durumuna ve \u00e7evre s\u0131cakl\u0131\u011f\u0131na ba\u011fl\u0131 olarak de\u011fi\u015febilir. Kedinizin \u00f6n\u00fcnde mama ile birlikte her zaman taze ve temiz su bulundurunuz. Mamay\u0131 serin ve kuru yerde saklay\u0131n\u0131z.","og_url":"https:\/\/anadolupet.com.tr\/en\/product\/pronature-kisirlastirilmis-yetiskin-kedi-mamasi-weight-protect-tavuk-etli-ve-pirincli-10-kg\/","og_site_name":"Anadolu Pet Grup","article_modified_time":"2026-02-23T12:51:36+00:00","og_image":[{"width":750,"height":750,"url":"https:\/\/anadolupet.com.tr\/wp-content\/uploads\/2026\/02\/286-100005.jpg","type":"image\/jpeg"}],"twitter_card":"summary_large_image","schema":{"@context":"https:\/\/schema.org","@graph":[{"@type":"WebPage","@id":"https:\/\/anadolupet.com.tr\/urun\/pronature-kisirlastirilmis-yetiskin-kedi-mamasi-weight-protect-tavuk-etli-ve-pirincli-10-kg\/","url":"https:\/\/anadolupet.com.tr\/urun\/pronature-kisirlastirilmis-yetiskin-kedi-mamasi-weight-protect-tavuk-etli-ve-pirincli-10-kg\/","name":"Pronature K\u0131s\u0131rla\u015ft\u0131r\u0131lm\u0131\u015f Yeti\u015fkin Kedi Mamas\u0131 (Weight Protect) Tavuk Etli ve Pirin\u00e7li 10 KG - Anadolu Pet Grup","isPartOf":{"@id":"https:\/\/anadolupet.com.tr\/#website"},"primaryImageOfPage":{"@id":"https:\/\/anadolupet.com.tr\/urun\/pronature-kisirlastirilmis-yetiskin-kedi-mamasi-weight-protect-tavuk-etli-ve-pirincli-10-kg\/#primaryimage"},"image":{"@id":"https:\/\/anadolupet.com.tr\/urun\/pronature-kisirlastirilmis-yetiskin-kedi-mamasi-weight-protect-tavuk-etli-ve-pirincli-10-kg\/#primaryimage"},"thumbnailUrl":"https:\/\/anadolupet.com.tr\/wp-content\/uploads\/2026\/02\/286-100005.jpg","datePublished":"2026-02-14T14:45:11+00:00","dateModified":"2026-02-23T12:51:36+00:00","breadcrumb":{"@id":"https:\/\/anadolupet.com.tr\/urun\/pronature-kisirlastirilmis-yetiskin-kedi-mamasi-weight-protect-tavuk-etli-ve-pirincli-10-kg\/#breadcrumb"},"inLanguage":"en-US","potentialAction":[{"@type":"ReadAction","target":["https:\/\/anadolupet.com.tr\/urun\/pronature-kisirlastirilmis-yetiskin-kedi-mamasi-weight-protect-tavuk-etli-ve-pirincli-10-kg\/"]}]},{"@type":"ImageObject","inLanguage":"en-US","@id":"https:\/\/anadolupet.com.tr\/urun\/pronature-kisirlastirilmis-yetiskin-kedi-mamasi-weight-protect-tavuk-etli-ve-pirincli-10-kg\/#primaryimage","url":"https:\/\/anadolupet.com.tr\/wp-content\/uploads\/2026\/02\/286-100005.jpg","contentUrl":"https:\/\/anadolupet.com.tr\/wp-content\/uploads\/2026\/02\/286-100005.jpg","width":750,"height":750},{"@type":"BreadcrumbList","@id":"https:\/\/anadolupet.com.tr\/urun\/pronature-kisirlastirilmis-yetiskin-kedi-mamasi-weight-protect-tavuk-etli-ve-pirincli-10-kg\/#breadcrumb","itemListElement":[{"@type":"ListItem","position":1,"name":"Anasayfa","item":"https:\/\/anadolupet.com.tr\/"},{"@type":"ListItem","position":2,"name":"\u00dcr\u00fcnler","item":"https:\/\/anadolupet.com.tr\/urunler\/"},{"@type":"ListItem","position":3,"name":"Pronature K\u0131s\u0131rla\u015ft\u0131r\u0131lm\u0131\u015f Yeti\u015fkin Kedi Mamas\u0131 (Weight Protect) Tavuk Etli ve Pirin\u00e7li 10 KG"}]},{"@type":"WebSite","@id":"https:\/\/anadolupet.com.tr\/#website","url":"https:\/\/anadolupet.com.tr\/","name":"Anadolu Pet Group","description":"We Stand Together for the Well-Being of Every Life","publisher":{"@id":"https:\/\/anadolupet.com.tr\/#organization"},"potentialAction":[{"@type":"SearchAction","target":{"@type":"EntryPoint","urlTemplate":"https:\/\/anadolupet.com.tr\/?s={search_term_string}"},"query-input":{"@type":"PropertyValueSpecification","valueRequired":true,"valueName":"search_term_string"}}],"inLanguage":"en-US"},{"@type":"Organization","@id":"https:\/\/anadolupet.com.tr\/#organization","name":"Anadolu Pet Group","alternateName":"Anadolu Pet","url":"https:\/\/anadolupet.com.tr\/","logo":{"@type":"ImageObject","inLanguage":"en-US","@id":"https:\/\/anadolupet.com.tr\/#\/schema\/logo\/image\/","url":"https:\/\/anadolupet.com.tr\/wp-content\/uploads\/2026\/03\/1614666743370.jpg","contentUrl":"https:\/\/anadolupet.com.tr\/wp-content\/uploads\/2026\/03\/1614666743370.jpg","width":800,"height":571,"caption":"Anadolu Pet Grup"},"image":{"@id":"https:\/\/anadolupet.com.tr\/#\/schema\/logo\/image\/"}}]}},"_links":{"self":[{"href":"https:\/\/anadolupet.com.tr\/en\/wp-json\/wp\/v2\/product\/45941","targetHints":{"allow":["GET"]}}],"collection":[{"href":"https:\/\/anadolupet.com.tr\/en\/wp-json\/wp\/v2\/product"}],"about":[{"href":"https:\/\/anadolupet.com.tr\/en\/wp-json\/wp\/v2\/types\/product"}],"replies":[{"embeddable":true,"href":"https:\/\/anadolupet.com.tr\/en\/wp-json\/wp\/v2\/comments?post=45941"}],"wp:featuredmedia":[{"embeddable":true,"href":"https:\/\/anadolupet.com.tr\/en\/wp-json\/wp\/v2\/media\/43629"}],"wp:attachment":[{"href":"https:\/\/anadolupet.com.tr\/en\/wp-json\/wp\/v2\/media?parent=45941"}],"wp:term":[{"taxonomy":"product_brand","embeddable":true,"href":"https:\/\/anadolupet.com.tr\/en\/wp-json\/wp\/v2\/product_brand?post=45941"},{"taxonomy":"product_cat","embeddable":true,"href":"https:\/\/anadolupet.com.tr\/en\/wp-json\/wp\/v2\/product_cat?post=45941"},{"taxonomy":"product_tag","embeddable":true,"href":"https:\/\/anadolupet.com.tr\/en\/wp-json\/wp\/v2\/product_tag?post=45941"}],"curies":[{"name":"wp","href":"https:\/\/api.w.org\/{rel}","templated":true}]}}