{"id":45942,"date":"2026-02-14T14:45:11","date_gmt":"2026-02-14T14:45:11","guid":{"rendered":"https:\/\/anadolupet.com.tr\/?post_type=product&#038;p=45942"},"modified":"2026-02-23T12:51:36","modified_gmt":"2026-02-23T12:51:36","slug":"pronature-kisirlastirilmis-yetiskin-kuru-kedi-mamasi-weight-protect-hamsili-ve-pirincli-15kg","status":"publish","type":"product","link":"https:\/\/anadolupet.com.tr\/en\/urun\/pronature-kisirlastirilmis-yetiskin-kuru-kedi-mamasi-weight-protect-hamsili-ve-pirincli-15kg\/","title":{"rendered":"Pronature K\u0131s\u0131rla\u015ft\u0131r\u0131lm\u0131\u015f Yeti\u015fkin Kuru Kedi Mamas\u0131 (Weight Protect) Hamsili ve Pirin\u00e7li 1,5KG"},"content":{"rendered":"","protected":false},"excerpt":{"rendered":"<p>Pronature K\u0131s\u0131rla\u015ft\u0131r\u0131lm\u0131\u015f Yeti\u015fkin Kuru Kedi Mamas\u0131 (Weight Protect) \u0130\u00e7erdi\u011fi tam, dengeli ve kaliteli besin madde kaynaklar\u0131 sayesinde 12 ay ve \u00fczeri kilo alma e\u011filimi olan veya k\u0131s\u0131rla\u015ft\u0131r\u0131lm\u0131\u015f yeti\u015fkin kedilerin ihtiya\u00e7 duydu\u011fu besin maddesi gereksinimlerini kar\u015f\u0131lamakta ve ideal kilonun korunmas\u0131na yard\u0131mc\u0131 olmaktad\u0131r. K\u0131s\u0131rla\u015ft\u0131r\u0131lm\u0131\u015f kediler i\u00e7in \u00f6zel olarak form\u00fcle edilmi\u015ftir. \u0130\u00e7eri\u011finde bulunan ya\u011f miktar\u0131n\u0131n az olmas\u0131 nedeniyle k\u0131s\u0131rla\u015ft\u0131rmadan sonra kedilerin sa\u011fl\u0131kl\u0131 kilosunu korumaya y\u00f6nelik benzersiz bir kilo kontrol form\u00fcl\u00fc sunmaktad\u0131r. Kilo kontrol\u00fcn\u00fcn yan\u0131 s\u0131ra y\u00fcksek kalitede lezzet ve beslenme dengesine sahip tam ve dengeli bir mamad\u0131r. \u0130\u00e7eri\u011finde bulunan kaliteli protein kayna\u011f\u0131, arjinin, taurin gibi esansiyel aminoasitler, vitamin- mineral, omega-3 ya\u011f asitleri sayesinde kedinizin deri- t\u00fcy sa\u011fl\u0131\u011f\u0131n\u0131 korumakta ve ba\u011f\u0131\u015f\u0131kl\u0131k sistemini g\u00fc\u00e7lendirmeye yard\u0131mc\u0131 olmaktad\u0131r.<br \/>\n* Prebiyotik \u00f6zellik g\u00f6steren Frukto-oligasakkaritler (FOS) sayesinde ba\u011f\u0131rsak floras\u0131n\u0131n sa\u011fl\u0131\u011f\u0131n\u0131 d\u00fczenlemektedir. * \u0130\u00e7erdi\u011fi bitkisel ekstraktlar sayesinde serbest radikallere kar\u015f\u0131 antioksidan \u00f6zellik g\u00f6stererek dokular\u0131 ve h\u00fccreleri korur. Ayr\u0131ca ya\u015flanma kar\u015f\u0131t\u0131 etkilere destek olmaktad\u0131r.<br \/>\n* Zengin lif i\u00e7eri\u011fi sayesinde sindirimi destekleyerek kilo kontrol\u00fcn\u00fc sa\u011flar. Ayr\u0131ca sindirim sisteminde t\u00fcy yumaklar\u0131n\u0131n olu\u015fmas\u0131n\u0131 engellemeye yard\u0131mc\u0131 olmaktad\u0131r. * Kontroll\u00fc mineral seviyeleri sayesinde \u00fcriner sistemi sa\u011fl\u0131\u011f\u0131n\u0131 korumaya destek olur. \u0130\u00e7eri\u011fi: \u0130\u015flenmi\u015f Hayvansal Protein (% 10 Hamsi), M\u0131s\u0131r, Pirin\u00e7 (% 15), M\u0131s\u0131r Gluteni, Tavuk Ya\u011f\u0131, Hidrolize Hayvansal Protein, Bitkisel Lifler, \u015eeker Pancar\u0131, Kurutulmu\u015f Maya, N\u00fckleotid Maya Proteini, Potasyum Klor\u00fcr, Sodyum Klor\u00fcr, Frukto-oligosakkaritler (FOS) % 0,2, Yucca Schidigera % 0,1, meyveler ve baharatlar\u0131n i\u015flenmesi ile elde edilmi\u015f \u00fcr\u00fcnler % 0,05 [Karanfil (Clove), Zerde\u00e7al (Curcuma sp.), Turun\u00e7gil (Citrus sp.), Biberiye (Rosmarinus sp.), \u00dcz\u00fcm \u00c7ekirde\u011fi Ekstrakt\u0131 (Vitis sp.)], Glukosamin (200 mg\/kg)<br \/>\n\u0130lave Katk\u0131lar:<br \/>\nBesinsel Katk\u0131lar: Vitamin A (3a672a) 31,000 IU\/kg, Vitamin D3 (3a671) 1,850 IU\/kg, Vitamin E (3a700) 300 mg\/kg, L-carnitine 200 mg\/kg, Demir (II) S\u00fclfat Monohidrat 342 mg\/kg (Demir(3b103) 112 mg\/kg), Bak\u0131r S\u00fclfat Pentahidrat 44 mg\/kg (Bak\u0131r (3b405) 11,2 mg\/kg), Mangan S\u00fclfat Monohidrat 38,5 mg\/kg (Mangan (3b503) 12,5 mg\/kg), \u00c7inko S\u00fclfat Monohidrat 342 mg\/kg (\u00c7inko (3b605) 125 mg\/kg), Anhidre Kalsiyum \u0130yodat 3,4 mg\/kg (\u0130yot (3b203) 2,2 mg\/kg), Sodyum Selenit 0,68 mg\/kg (Selenyum (3b802) 0,31 mg\/kg)<br \/>\nTeknolojik Katk\u0131lar: Antioksidanlar.<br \/>\nBesleme \u00d6nerileri:<br \/>\nMamaya, tabloda belirtilen miktarlarda ba\u015flaman\u0131z \u00f6nerilir. G\u00fcnl\u00fck miktar yol g\u00f6stericidir ve hayvan\u0131n aktivitesine, fizyolojik durumuna ve \u00e7evre s\u0131cakl\u0131\u011f\u0131na ba\u011fl\u0131 olarak de\u011fi\u015febilir. Kedinizin \u00f6n\u00fcnde mama ile birlikte her zaman taze ve temiz su bulundurunuz. Mamay\u0131, serin ve kuru yerde saklay\u0131n\u0131z.<\/p>\n","protected":false},"featured_media":43631,"comment_status":"open","ping_status":"closed","template":"","meta":{"_acf_changed":false},"product_brand":[],"product_cat":[2442],"product_tag":[],"class_list":{"0":"post-45942","1":"product","2":"type-product","3":"status-publish","4":"has-post-thumbnail","6":"product_cat-yetiskin-kedi-mamalari","8":"first","9":"instock","10":"shipping-taxable","11":"product-type-simple"},"acf":[],"yoast_head":"<!-- This site is optimized with the Yoast SEO plugin v27.5 - https:\/\/yoast.com\/product\/yoast-seo-wordpress\/ -->\n<title>Pronature K\u0131s\u0131rla\u015ft\u0131r\u0131lm\u0131\u015f Yeti\u015fkin Kuru Kedi Mamas\u0131 (Weight Protect) Hamsili ve Pirin\u00e7li 1,5KG - Anadolu Pet Grup<\/title>\n<meta name=\"robots\" content=\"index, follow, max-snippet:-1, max-image-preview:large, max-video-preview:-1\" \/>\n<link rel=\"canonical\" href=\"https:\/\/anadolupet.com.tr\/en\/product\/pronature-kisirlastirilmis-yetiskin-kuru-kedi-mamasi-weight-protect-hamsili-ve-pirincli-15kg\/\" \/>\n<meta property=\"og:locale\" content=\"en_US\" \/>\n<meta property=\"og:type\" content=\"article\" \/>\n<meta property=\"og:title\" content=\"Pronature K\u0131s\u0131rla\u015ft\u0131r\u0131lm\u0131\u015f Yeti\u015fkin Kuru Kedi Mamas\u0131 (Weight Protect) Hamsili ve Pirin\u00e7li 1,5KG - Anadolu Pet Grup\" \/>\n<meta property=\"og:description\" content=\"Pronature K\u0131s\u0131rla\u015ft\u0131r\u0131lm\u0131\u015f Yeti\u015fkin Kuru Kedi Mamas\u0131 (Weight Protect) \u0130\u00e7erdi\u011fi tam, dengeli ve kaliteli besin madde kaynaklar\u0131 sayesinde 12 ay ve \u00fczeri kilo alma e\u011filimi olan veya k\u0131s\u0131rla\u015ft\u0131r\u0131lm\u0131\u015f yeti\u015fkin kedilerin ihtiya\u00e7 duydu\u011fu besin maddesi gereksinimlerini kar\u015f\u0131lamakta ve ideal kilonun korunmas\u0131na yard\u0131mc\u0131 olmaktad\u0131r. K\u0131s\u0131rla\u015ft\u0131r\u0131lm\u0131\u015f kediler i\u00e7in \u00f6zel olarak form\u00fcle edilmi\u015ftir. \u0130\u00e7eri\u011finde bulunan ya\u011f miktar\u0131n\u0131n az olmas\u0131 nedeniyle k\u0131s\u0131rla\u015ft\u0131rmadan sonra kedilerin sa\u011fl\u0131kl\u0131 kilosunu korumaya y\u00f6nelik benzersiz bir kilo kontrol form\u00fcl\u00fc sunmaktad\u0131r. Kilo kontrol\u00fcn\u00fcn yan\u0131 s\u0131ra y\u00fcksek kalitede lezzet ve beslenme dengesine sahip tam ve dengeli bir mamad\u0131r. \u0130\u00e7eri\u011finde bulunan kaliteli protein kayna\u011f\u0131, arjinin, taurin gibi esansiyel aminoasitler, vitamin- mineral, omega-3 ya\u011f asitleri sayesinde kedinizin deri- t\u00fcy sa\u011fl\u0131\u011f\u0131n\u0131 korumakta ve ba\u011f\u0131\u015f\u0131kl\u0131k sistemini g\u00fc\u00e7lendirmeye yard\u0131mc\u0131 olmaktad\u0131r. * Prebiyotik \u00f6zellik g\u00f6steren Frukto-oligasakkaritler (FOS) sayesinde ba\u011f\u0131rsak floras\u0131n\u0131n sa\u011fl\u0131\u011f\u0131n\u0131 d\u00fczenlemektedir. * \u0130\u00e7erdi\u011fi bitkisel ekstraktlar sayesinde serbest radikallere kar\u015f\u0131 antioksidan \u00f6zellik g\u00f6stererek dokular\u0131 ve h\u00fccreleri korur. Ayr\u0131ca ya\u015flanma kar\u015f\u0131t\u0131 etkilere destek olmaktad\u0131r. * Zengin lif i\u00e7eri\u011fi sayesinde sindirimi destekleyerek kilo kontrol\u00fcn\u00fc sa\u011flar. Ayr\u0131ca sindirim sisteminde t\u00fcy yumaklar\u0131n\u0131n olu\u015fmas\u0131n\u0131 engellemeye yard\u0131mc\u0131 olmaktad\u0131r. * Kontroll\u00fc mineral seviyeleri sayesinde \u00fcriner sistemi sa\u011fl\u0131\u011f\u0131n\u0131 korumaya destek olur. \u0130\u00e7eri\u011fi: \u0130\u015flenmi\u015f Hayvansal Protein (% 10 Hamsi), M\u0131s\u0131r, Pirin\u00e7 (% 15), M\u0131s\u0131r Gluteni, Tavuk Ya\u011f\u0131, Hidrolize Hayvansal Protein, Bitkisel Lifler, \u015eeker Pancar\u0131, Kurutulmu\u015f Maya, N\u00fckleotid Maya Proteini, Potasyum Klor\u00fcr, Sodyum Klor\u00fcr, Frukto-oligosakkaritler (FOS) % 0,2, Yucca Schidigera % 0,1, meyveler ve baharatlar\u0131n i\u015flenmesi ile elde edilmi\u015f \u00fcr\u00fcnler % 0,05 [Karanfil (Clove), Zerde\u00e7al (Curcuma sp.), Turun\u00e7gil (Citrus sp.), Biberiye (Rosmarinus sp.), \u00dcz\u00fcm \u00c7ekirde\u011fi Ekstrakt\u0131 (Vitis sp.)], Glukosamin (200 mg\/kg) \u0130lave Katk\u0131lar: Besinsel Katk\u0131lar: Vitamin A (3a672a) 31,000 IU\/kg, Vitamin D3 (3a671) 1,850 IU\/kg, Vitamin E (3a700) 300 mg\/kg, L-carnitine 200 mg\/kg, Demir (II) S\u00fclfat Monohidrat 342 mg\/kg (Demir(3b103) 112 mg\/kg), Bak\u0131r S\u00fclfat Pentahidrat 44 mg\/kg (Bak\u0131r (3b405) 11,2 mg\/kg), Mangan S\u00fclfat Monohidrat 38,5 mg\/kg (Mangan (3b503) 12,5 mg\/kg), \u00c7inko S\u00fclfat Monohidrat 342 mg\/kg (\u00c7inko (3b605) 125 mg\/kg), Anhidre Kalsiyum \u0130yodat 3,4 mg\/kg (\u0130yot (3b203) 2,2 mg\/kg), Sodyum Selenit 0,68 mg\/kg (Selenyum (3b802) 0,31 mg\/kg) Teknolojik Katk\u0131lar: Antioksidanlar. Besleme \u00d6nerileri: Mamaya, tabloda belirtilen miktarlarda ba\u015flaman\u0131z \u00f6nerilir. G\u00fcnl\u00fck miktar yol g\u00f6stericidir ve hayvan\u0131n aktivitesine, fizyolojik durumuna ve \u00e7evre s\u0131cakl\u0131\u011f\u0131na ba\u011fl\u0131 olarak de\u011fi\u015febilir. Kedinizin \u00f6n\u00fcnde mama ile birlikte her zaman taze ve temiz su bulundurunuz. Mamay\u0131, serin ve kuru yerde saklay\u0131n\u0131z.\" \/>\n<meta property=\"og:url\" content=\"https:\/\/anadolupet.com.tr\/en\/product\/pronature-kisirlastirilmis-yetiskin-kuru-kedi-mamasi-weight-protect-hamsili-ve-pirincli-15kg\/\" \/>\n<meta property=\"og:site_name\" content=\"Anadolu Pet Grup\" \/>\n<meta property=\"article:modified_time\" content=\"2026-02-23T12:51:36+00:00\" \/>\n<meta property=\"og:image\" content=\"https:\/\/anadolupet.com.tr\/wp-content\/uploads\/2026\/02\/286-100007.jpg\" \/>\n\t<meta property=\"og:image:width\" content=\"750\" \/>\n\t<meta property=\"og:image:height\" content=\"750\" \/>\n\t<meta property=\"og:image:type\" content=\"image\/jpeg\" \/>\n<meta name=\"twitter:card\" content=\"summary_large_image\" \/>\n<script type=\"application\/ld+json\" class=\"yoast-schema-graph\">{\"@context\":\"https:\\\/\\\/schema.org\",\"@graph\":[{\"@type\":\"WebPage\",\"@id\":\"https:\\\/\\\/anadolupet.com.tr\\\/urun\\\/pronature-kisirlastirilmis-yetiskin-kuru-kedi-mamasi-weight-protect-hamsili-ve-pirincli-15kg\\\/\",\"url\":\"https:\\\/\\\/anadolupet.com.tr\\\/urun\\\/pronature-kisirlastirilmis-yetiskin-kuru-kedi-mamasi-weight-protect-hamsili-ve-pirincli-15kg\\\/\",\"name\":\"Pronature K\u0131s\u0131rla\u015ft\u0131r\u0131lm\u0131\u015f Yeti\u015fkin Kuru Kedi Mamas\u0131 (Weight Protect) Hamsili ve Pirin\u00e7li 1,5KG - Anadolu Pet Grup\",\"isPartOf\":{\"@id\":\"https:\\\/\\\/anadolupet.com.tr\\\/#website\"},\"primaryImageOfPage\":{\"@id\":\"https:\\\/\\\/anadolupet.com.tr\\\/urun\\\/pronature-kisirlastirilmis-yetiskin-kuru-kedi-mamasi-weight-protect-hamsili-ve-pirincli-15kg\\\/#primaryimage\"},\"image\":{\"@id\":\"https:\\\/\\\/anadolupet.com.tr\\\/urun\\\/pronature-kisirlastirilmis-yetiskin-kuru-kedi-mamasi-weight-protect-hamsili-ve-pirincli-15kg\\\/#primaryimage\"},\"thumbnailUrl\":\"https:\\\/\\\/anadolupet.com.tr\\\/wp-content\\\/uploads\\\/2026\\\/02\\\/286-100007.jpg\",\"datePublished\":\"2026-02-14T14:45:11+00:00\",\"dateModified\":\"2026-02-23T12:51:36+00:00\",\"breadcrumb\":{\"@id\":\"https:\\\/\\\/anadolupet.com.tr\\\/urun\\\/pronature-kisirlastirilmis-yetiskin-kuru-kedi-mamasi-weight-protect-hamsili-ve-pirincli-15kg\\\/#breadcrumb\"},\"inLanguage\":\"en-US\",\"potentialAction\":[{\"@type\":\"ReadAction\",\"target\":[\"https:\\\/\\\/anadolupet.com.tr\\\/urun\\\/pronature-kisirlastirilmis-yetiskin-kuru-kedi-mamasi-weight-protect-hamsili-ve-pirincli-15kg\\\/\"]}]},{\"@type\":\"ImageObject\",\"inLanguage\":\"en-US\",\"@id\":\"https:\\\/\\\/anadolupet.com.tr\\\/urun\\\/pronature-kisirlastirilmis-yetiskin-kuru-kedi-mamasi-weight-protect-hamsili-ve-pirincli-15kg\\\/#primaryimage\",\"url\":\"https:\\\/\\\/anadolupet.com.tr\\\/wp-content\\\/uploads\\\/2026\\\/02\\\/286-100007.jpg\",\"contentUrl\":\"https:\\\/\\\/anadolupet.com.tr\\\/wp-content\\\/uploads\\\/2026\\\/02\\\/286-100007.jpg\",\"width\":750,\"height\":750},{\"@type\":\"BreadcrumbList\",\"@id\":\"https:\\\/\\\/anadolupet.com.tr\\\/urun\\\/pronature-kisirlastirilmis-yetiskin-kuru-kedi-mamasi-weight-protect-hamsili-ve-pirincli-15kg\\\/#breadcrumb\",\"itemListElement\":[{\"@type\":\"ListItem\",\"position\":1,\"name\":\"Anasayfa\",\"item\":\"https:\\\/\\\/anadolupet.com.tr\\\/\"},{\"@type\":\"ListItem\",\"position\":2,\"name\":\"\u00dcr\u00fcnler\",\"item\":\"https:\\\/\\\/anadolupet.com.tr\\\/urunler\\\/\"},{\"@type\":\"ListItem\",\"position\":3,\"name\":\"Pronature K\u0131s\u0131rla\u015ft\u0131r\u0131lm\u0131\u015f Yeti\u015fkin Kuru Kedi Mamas\u0131 (Weight Protect) Hamsili ve Pirin\u00e7li 1,5KG\"}]},{\"@type\":\"WebSite\",\"@id\":\"https:\\\/\\\/anadolupet.com.tr\\\/#website\",\"url\":\"https:\\\/\\\/anadolupet.com.tr\\\/\",\"name\":\"Anadolu Pet Grup\",\"description\":\"Her Can\u0131n \u0130yi Ya\u015fam\u0131 \u0130\u00e7in Biraraday\u0131z\",\"publisher\":{\"@id\":\"https:\\\/\\\/anadolupet.com.tr\\\/#organization\"},\"potentialAction\":[{\"@type\":\"SearchAction\",\"target\":{\"@type\":\"EntryPoint\",\"urlTemplate\":\"https:\\\/\\\/anadolupet.com.tr\\\/?s={search_term_string}\"},\"query-input\":{\"@type\":\"PropertyValueSpecification\",\"valueRequired\":true,\"valueName\":\"search_term_string\"}}],\"inLanguage\":\"en-US\"},{\"@type\":\"Organization\",\"@id\":\"https:\\\/\\\/anadolupet.com.tr\\\/#organization\",\"name\":\"Anadolu Pet Grup\",\"alternateName\":\"Anadolu Pet\",\"url\":\"https:\\\/\\\/anadolupet.com.tr\\\/\",\"logo\":{\"@type\":\"ImageObject\",\"inLanguage\":\"en-US\",\"@id\":\"https:\\\/\\\/anadolupet.com.tr\\\/#\\\/schema\\\/logo\\\/image\\\/\",\"url\":\"https:\\\/\\\/anadolupet.com.tr\\\/wp-content\\\/uploads\\\/2026\\\/03\\\/1614666743370.jpg\",\"contentUrl\":\"https:\\\/\\\/anadolupet.com.tr\\\/wp-content\\\/uploads\\\/2026\\\/03\\\/1614666743370.jpg\",\"width\":800,\"height\":571,\"caption\":\"Anadolu Pet Grup\"},\"image\":{\"@id\":\"https:\\\/\\\/anadolupet.com.tr\\\/#\\\/schema\\\/logo\\\/image\\\/\"}}]}<\/script>\n<!-- \/ Yoast SEO plugin. -->","yoast_head_json":{"title":"Pronature K\u0131s\u0131rla\u015ft\u0131r\u0131lm\u0131\u015f Yeti\u015fkin Kuru Kedi Mamas\u0131 (Weight Protect) Hamsili ve Pirin\u00e7li 1,5KG - Anadolu Pet Grup","robots":{"index":"index","follow":"follow","max-snippet":"max-snippet:-1","max-image-preview":"max-image-preview:large","max-video-preview":"max-video-preview:-1"},"canonical":"https:\/\/anadolupet.com.tr\/en\/product\/pronature-kisirlastirilmis-yetiskin-kuru-kedi-mamasi-weight-protect-hamsili-ve-pirincli-15kg\/","og_locale":"en_US","og_type":"article","og_title":"Pronature K\u0131s\u0131rla\u015ft\u0131r\u0131lm\u0131\u015f Yeti\u015fkin Kuru Kedi Mamas\u0131 (Weight Protect) Hamsili ve Pirin\u00e7li 1,5KG - Anadolu Pet Grup","og_description":"Pronature K\u0131s\u0131rla\u015ft\u0131r\u0131lm\u0131\u015f Yeti\u015fkin Kuru Kedi Mamas\u0131 (Weight Protect) \u0130\u00e7erdi\u011fi tam, dengeli ve kaliteli besin madde kaynaklar\u0131 sayesinde 12 ay ve \u00fczeri kilo alma e\u011filimi olan veya k\u0131s\u0131rla\u015ft\u0131r\u0131lm\u0131\u015f yeti\u015fkin kedilerin ihtiya\u00e7 duydu\u011fu besin maddesi gereksinimlerini kar\u015f\u0131lamakta ve ideal kilonun korunmas\u0131na yard\u0131mc\u0131 olmaktad\u0131r. K\u0131s\u0131rla\u015ft\u0131r\u0131lm\u0131\u015f kediler i\u00e7in \u00f6zel olarak form\u00fcle edilmi\u015ftir. \u0130\u00e7eri\u011finde bulunan ya\u011f miktar\u0131n\u0131n az olmas\u0131 nedeniyle k\u0131s\u0131rla\u015ft\u0131rmadan sonra kedilerin sa\u011fl\u0131kl\u0131 kilosunu korumaya y\u00f6nelik benzersiz bir kilo kontrol form\u00fcl\u00fc sunmaktad\u0131r. Kilo kontrol\u00fcn\u00fcn yan\u0131 s\u0131ra y\u00fcksek kalitede lezzet ve beslenme dengesine sahip tam ve dengeli bir mamad\u0131r. \u0130\u00e7eri\u011finde bulunan kaliteli protein kayna\u011f\u0131, arjinin, taurin gibi esansiyel aminoasitler, vitamin- mineral, omega-3 ya\u011f asitleri sayesinde kedinizin deri- t\u00fcy sa\u011fl\u0131\u011f\u0131n\u0131 korumakta ve ba\u011f\u0131\u015f\u0131kl\u0131k sistemini g\u00fc\u00e7lendirmeye yard\u0131mc\u0131 olmaktad\u0131r. * Prebiyotik \u00f6zellik g\u00f6steren Frukto-oligasakkaritler (FOS) sayesinde ba\u011f\u0131rsak floras\u0131n\u0131n sa\u011fl\u0131\u011f\u0131n\u0131 d\u00fczenlemektedir. * \u0130\u00e7erdi\u011fi bitkisel ekstraktlar sayesinde serbest radikallere kar\u015f\u0131 antioksidan \u00f6zellik g\u00f6stererek dokular\u0131 ve h\u00fccreleri korur. Ayr\u0131ca ya\u015flanma kar\u015f\u0131t\u0131 etkilere destek olmaktad\u0131r. * Zengin lif i\u00e7eri\u011fi sayesinde sindirimi destekleyerek kilo kontrol\u00fcn\u00fc sa\u011flar. Ayr\u0131ca sindirim sisteminde t\u00fcy yumaklar\u0131n\u0131n olu\u015fmas\u0131n\u0131 engellemeye yard\u0131mc\u0131 olmaktad\u0131r. * Kontroll\u00fc mineral seviyeleri sayesinde \u00fcriner sistemi sa\u011fl\u0131\u011f\u0131n\u0131 korumaya destek olur. \u0130\u00e7eri\u011fi: \u0130\u015flenmi\u015f Hayvansal Protein (% 10 Hamsi), M\u0131s\u0131r, Pirin\u00e7 (% 15), M\u0131s\u0131r Gluteni, Tavuk Ya\u011f\u0131, Hidrolize Hayvansal Protein, Bitkisel Lifler, \u015eeker Pancar\u0131, Kurutulmu\u015f Maya, N\u00fckleotid Maya Proteini, Potasyum Klor\u00fcr, Sodyum Klor\u00fcr, Frukto-oligosakkaritler (FOS) % 0,2, Yucca Schidigera % 0,1, meyveler ve baharatlar\u0131n i\u015flenmesi ile elde edilmi\u015f \u00fcr\u00fcnler % 0,05 [Karanfil (Clove), Zerde\u00e7al (Curcuma sp.), Turun\u00e7gil (Citrus sp.), Biberiye (Rosmarinus sp.), \u00dcz\u00fcm \u00c7ekirde\u011fi Ekstrakt\u0131 (Vitis sp.)], Glukosamin (200 mg\/kg) \u0130lave Katk\u0131lar: Besinsel Katk\u0131lar: Vitamin A (3a672a) 31,000 IU\/kg, Vitamin D3 (3a671) 1,850 IU\/kg, Vitamin E (3a700) 300 mg\/kg, L-carnitine 200 mg\/kg, Demir (II) S\u00fclfat Monohidrat 342 mg\/kg (Demir(3b103) 112 mg\/kg), Bak\u0131r S\u00fclfat Pentahidrat 44 mg\/kg (Bak\u0131r (3b405) 11,2 mg\/kg), Mangan S\u00fclfat Monohidrat 38,5 mg\/kg (Mangan (3b503) 12,5 mg\/kg), \u00c7inko S\u00fclfat Monohidrat 342 mg\/kg (\u00c7inko (3b605) 125 mg\/kg), Anhidre Kalsiyum \u0130yodat 3,4 mg\/kg (\u0130yot (3b203) 2,2 mg\/kg), Sodyum Selenit 0,68 mg\/kg (Selenyum (3b802) 0,31 mg\/kg) Teknolojik Katk\u0131lar: Antioksidanlar. Besleme \u00d6nerileri: Mamaya, tabloda belirtilen miktarlarda ba\u015flaman\u0131z \u00f6nerilir. G\u00fcnl\u00fck miktar yol g\u00f6stericidir ve hayvan\u0131n aktivitesine, fizyolojik durumuna ve \u00e7evre s\u0131cakl\u0131\u011f\u0131na ba\u011fl\u0131 olarak de\u011fi\u015febilir. Kedinizin \u00f6n\u00fcnde mama ile birlikte her zaman taze ve temiz su bulundurunuz. Mamay\u0131, serin ve kuru yerde saklay\u0131n\u0131z.","og_url":"https:\/\/anadolupet.com.tr\/en\/product\/pronature-kisirlastirilmis-yetiskin-kuru-kedi-mamasi-weight-protect-hamsili-ve-pirincli-15kg\/","og_site_name":"Anadolu Pet Grup","article_modified_time":"2026-02-23T12:51:36+00:00","og_image":[{"width":750,"height":750,"url":"https:\/\/anadolupet.com.tr\/wp-content\/uploads\/2026\/02\/286-100007.jpg","type":"image\/jpeg"}],"twitter_card":"summary_large_image","schema":{"@context":"https:\/\/schema.org","@graph":[{"@type":"WebPage","@id":"https:\/\/anadolupet.com.tr\/urun\/pronature-kisirlastirilmis-yetiskin-kuru-kedi-mamasi-weight-protect-hamsili-ve-pirincli-15kg\/","url":"https:\/\/anadolupet.com.tr\/urun\/pronature-kisirlastirilmis-yetiskin-kuru-kedi-mamasi-weight-protect-hamsili-ve-pirincli-15kg\/","name":"Pronature K\u0131s\u0131rla\u015ft\u0131r\u0131lm\u0131\u015f Yeti\u015fkin Kuru Kedi Mamas\u0131 (Weight Protect) Hamsili ve Pirin\u00e7li 1,5KG - Anadolu Pet Grup","isPartOf":{"@id":"https:\/\/anadolupet.com.tr\/#website"},"primaryImageOfPage":{"@id":"https:\/\/anadolupet.com.tr\/urun\/pronature-kisirlastirilmis-yetiskin-kuru-kedi-mamasi-weight-protect-hamsili-ve-pirincli-15kg\/#primaryimage"},"image":{"@id":"https:\/\/anadolupet.com.tr\/urun\/pronature-kisirlastirilmis-yetiskin-kuru-kedi-mamasi-weight-protect-hamsili-ve-pirincli-15kg\/#primaryimage"},"thumbnailUrl":"https:\/\/anadolupet.com.tr\/wp-content\/uploads\/2026\/02\/286-100007.jpg","datePublished":"2026-02-14T14:45:11+00:00","dateModified":"2026-02-23T12:51:36+00:00","breadcrumb":{"@id":"https:\/\/anadolupet.com.tr\/urun\/pronature-kisirlastirilmis-yetiskin-kuru-kedi-mamasi-weight-protect-hamsili-ve-pirincli-15kg\/#breadcrumb"},"inLanguage":"en-US","potentialAction":[{"@type":"ReadAction","target":["https:\/\/anadolupet.com.tr\/urun\/pronature-kisirlastirilmis-yetiskin-kuru-kedi-mamasi-weight-protect-hamsili-ve-pirincli-15kg\/"]}]},{"@type":"ImageObject","inLanguage":"en-US","@id":"https:\/\/anadolupet.com.tr\/urun\/pronature-kisirlastirilmis-yetiskin-kuru-kedi-mamasi-weight-protect-hamsili-ve-pirincli-15kg\/#primaryimage","url":"https:\/\/anadolupet.com.tr\/wp-content\/uploads\/2026\/02\/286-100007.jpg","contentUrl":"https:\/\/anadolupet.com.tr\/wp-content\/uploads\/2026\/02\/286-100007.jpg","width":750,"height":750},{"@type":"BreadcrumbList","@id":"https:\/\/anadolupet.com.tr\/urun\/pronature-kisirlastirilmis-yetiskin-kuru-kedi-mamasi-weight-protect-hamsili-ve-pirincli-15kg\/#breadcrumb","itemListElement":[{"@type":"ListItem","position":1,"name":"Anasayfa","item":"https:\/\/anadolupet.com.tr\/"},{"@type":"ListItem","position":2,"name":"\u00dcr\u00fcnler","item":"https:\/\/anadolupet.com.tr\/urunler\/"},{"@type":"ListItem","position":3,"name":"Pronature K\u0131s\u0131rla\u015ft\u0131r\u0131lm\u0131\u015f Yeti\u015fkin Kuru Kedi Mamas\u0131 (Weight Protect) Hamsili ve Pirin\u00e7li 1,5KG"}]},{"@type":"WebSite","@id":"https:\/\/anadolupet.com.tr\/#website","url":"https:\/\/anadolupet.com.tr\/","name":"Anadolu Pet Group","description":"We Stand Together for the Well-Being of Every Life","publisher":{"@id":"https:\/\/anadolupet.com.tr\/#organization"},"potentialAction":[{"@type":"SearchAction","target":{"@type":"EntryPoint","urlTemplate":"https:\/\/anadolupet.com.tr\/?s={search_term_string}"},"query-input":{"@type":"PropertyValueSpecification","valueRequired":true,"valueName":"search_term_string"}}],"inLanguage":"en-US"},{"@type":"Organization","@id":"https:\/\/anadolupet.com.tr\/#organization","name":"Anadolu Pet Group","alternateName":"Anadolu Pet","url":"https:\/\/anadolupet.com.tr\/","logo":{"@type":"ImageObject","inLanguage":"en-US","@id":"https:\/\/anadolupet.com.tr\/#\/schema\/logo\/image\/","url":"https:\/\/anadolupet.com.tr\/wp-content\/uploads\/2026\/03\/1614666743370.jpg","contentUrl":"https:\/\/anadolupet.com.tr\/wp-content\/uploads\/2026\/03\/1614666743370.jpg","width":800,"height":571,"caption":"Anadolu Pet Grup"},"image":{"@id":"https:\/\/anadolupet.com.tr\/#\/schema\/logo\/image\/"}}]}},"_links":{"self":[{"href":"https:\/\/anadolupet.com.tr\/en\/wp-json\/wp\/v2\/product\/45942","targetHints":{"allow":["GET"]}}],"collection":[{"href":"https:\/\/anadolupet.com.tr\/en\/wp-json\/wp\/v2\/product"}],"about":[{"href":"https:\/\/anadolupet.com.tr\/en\/wp-json\/wp\/v2\/types\/product"}],"replies":[{"embeddable":true,"href":"https:\/\/anadolupet.com.tr\/en\/wp-json\/wp\/v2\/comments?post=45942"}],"wp:featuredmedia":[{"embeddable":true,"href":"https:\/\/anadolupet.com.tr\/en\/wp-json\/wp\/v2\/media\/43631"}],"wp:attachment":[{"href":"https:\/\/anadolupet.com.tr\/en\/wp-json\/wp\/v2\/media?parent=45942"}],"wp:term":[{"taxonomy":"product_brand","embeddable":true,"href":"https:\/\/anadolupet.com.tr\/en\/wp-json\/wp\/v2\/product_brand?post=45942"},{"taxonomy":"product_cat","embeddable":true,"href":"https:\/\/anadolupet.com.tr\/en\/wp-json\/wp\/v2\/product_cat?post=45942"},{"taxonomy":"product_tag","embeddable":true,"href":"https:\/\/anadolupet.com.tr\/en\/wp-json\/wp\/v2\/product_tag?post=45942"}],"curies":[{"name":"wp","href":"https:\/\/api.w.org\/{rel}","templated":true}]}}