{"id":45945,"date":"2026-02-14T14:45:12","date_gmt":"2026-02-14T14:45:12","guid":{"rendered":"https:\/\/anadolupet.com.tr\/?post_type=product&#038;p=45945"},"modified":"2026-02-23T12:51:36","modified_gmt":"2026-02-23T12:51:36","slug":"pronature-kucuk-irk-yetiskin-kuru-kopek-mamasi-daily-protect-kuzu-etli-ve-pirincli-3kg","status":"publish","type":"product","link":"https:\/\/anadolupet.com.tr\/en\/urun\/pronature-kucuk-irk-yetiskin-kuru-kopek-mamasi-daily-protect-kuzu-etli-ve-pirincli-3kg\/","title":{"rendered":"Pronature K\u00fc\u00e7\u00fck Irk Yeti\u015fkin Kuru K\u00f6pek Mamas\u0131 (Daily Protect) Kuzu Etli ve Pirin\u00e7li 3KG"},"content":{"rendered":"","protected":false},"excerpt":{"rendered":"<p>Pronature K\u00fc\u00e7\u00fck Irk Yeti\u015fkin Kuru K\u00f6pek Mamas\u0131 (Daily Protect), k\u00fc\u00e7\u00fck \u0131rk yeti\u015fkin k\u00f6pekler i\u00e7in form\u00fcle edilmi\u015f kuzu eti i\u00e7eren tam ve dengeli bir mamad\u0131r. 1 ya\u015f ve \u00fczeri k\u00fc\u00e7\u00fck \u0131rk k\u00f6peklerin b\u00fct\u00fcn besin madde ve enerji ihtiya\u00e7lar\u0131n\u0131n kar\u015f\u0131lamakta, ba\u011f\u0131\u015f\u0131kl\u0131k ve genel sa\u011fl\u0131\u011f\u0131n\u0131 desteklemektedir. Bu \u00f6zel form\u00fcl hem ideal kilonun korunmas\u0131nda hem de eklem ve kemik yap\u0131s\u0131n\u0131n g\u00fc\u00e7lendirilmesine katk\u0131da bulunmaktad\u0131r. * Bile\u015fiminde bulunan yaban mersininin fenolitik bile\u015fenlerce zengin olmas\u0131 nedeniyle hem fiziksel hem de zihinsel sa\u011fl\u0131k korunmaktad\u0131r. * Bile\u015fimindeki Sodyum Tripolifosfat sayesinde a\u011f\u0131z ve di\u015f sa\u011fl\u0131\u011f\u0131n\u0131 desteklemektedir. * \u0130\u00e7erdi\u011fi bitkisel ekstraktlar sayesinde serbest radikallere kar\u015f\u0131 antioksidan \u00f6zellik g\u00f6stererek dokular\u0131 ve h\u00fccreleri zararl\u0131 etkilerden korur. Ayr\u0131ca ya\u015flanma kar\u015f\u0131t\u0131 etkilere destek olmaktad\u0131r. * \u0130\u00e7erdi\u011fi kaliteli ham maddeler ile besinlerin sindirim ve emilimini artt\u0131rmaya yard\u0131mc\u0131 olmaktad\u0131r. \u0130\u00e7eri\u011fi:<br \/>\n\u0130\u015flenmi\u015f Hayvansal Protein (% 10 Kuzu), Bu\u011fday, M\u0131s\u0131r, Tavuk Ya\u011f\u0131, M\u0131s\u0131r Gluteni, Pirin\u00e7 % 8, \u0130\u015flenmi\u015f Somon Proteini, Hidrolize Hayvansal Protein, \u015eeker Pancar\u0131, Kurutulmu\u015f Maya, Frukto-Oligosakkaritler (FOS) % 0,5, Potasyum Klor\u00fcr, Sodyum Tripolifosfat, Yucca Schidigera % 0,1, Meyveler ve baharatlar\u0131n i\u015flenmesi ile elde edilmi\u015f \u00fcr\u00fcnler %0,05 [(Blueberry (Vaccinum angustifolium), \u00dcz\u00fcm Ekstrakt\u0131 (Vitis vinifera), (Karanfil (Clove), Zerde\u00e7al (Curcuma sp.), Turun\u00e7gil (Citrus sp.), Biberiye (Rosmarinus sp.), \u00dcz\u00fcm \u00c7ekirde\u011fi (Vitis sp.)], Glukozamin (150 mg\/kg), Kondroitin(100 mg\/kg).<br \/>\n\u0130lave Katk\u0131lar:<br \/>\nBesleyici \u0130laveler: Vitamin A (3a672a) 25,000 IU\/kg, Vitamin D3 (3b671) 1,500 IU\/kg, Vitamin E (3a700) 240 mg\/kg, Demir(II) S\u00fclfat Monohidrat 274 mg\/kg (Demir (3b103) 90 mg\/kg), Bak\u0131r S\u00fclfat Pentahidrat 35,4 mg\/kg (Bak\u0131r (3b405) 9 mg\/kg), Mangan S\u00fclfat Monohidrat 30,8 mg\/kg (Mangan(3b503) 10 mg\/kg), \u00c7inko S\u00fclfat Monohidrat 274 mg\/kg (\u00c7inko (3b605) 100 mg\/kg), Anhidre Kalsiyum \u0130yodat 2,8 mg\/kg (\u0130yot (3b203) 1,8mg\/kg), Sodyum Selenit 0,55 mg\/kg (Selenyum (3b802) 0,25 mg\/kg)<br \/>\nTeknolojik \u0130laveler: Antioksidanlar<br \/>\nBesleme \u00d6nerileri:<br \/>\nMamaya, tabloda belirtilen miktarlarda ba\u015flaman\u0131z \u00f6nerilir. G\u00fcnl\u00fck miktar yol g\u00f6stericidir ve hayvan\u0131n aktivitesine, fizyolojik durumuna ve \u00e7evre s\u0131cakl\u0131\u011f\u0131na ba\u011fl\u0131 olarak de\u011fi\u015febilir. K\u00f6pe\u011finizin \u00f6n\u00fcnde mama ile birlikte her zaman taze ve temiz su bulundurunuz. Mamay\u0131, serin ve kuru yerde saklay\u0131n\u0131z.<\/p>\n","protected":false},"featured_media":43622,"comment_status":"open","ping_status":"closed","template":"","meta":{"_acf_changed":false},"product_brand":[],"product_cat":[2464],"product_tag":[],"class_list":{"0":"post-45945","1":"product","2":"type-product","3":"status-publish","4":"has-post-thumbnail","6":"product_cat-yetiskin-kopek-mamalari","8":"first","9":"instock","10":"shipping-taxable","11":"product-type-simple"},"acf":[],"yoast_head":"<!-- This site is optimized with the Yoast SEO plugin v27.5 - https:\/\/yoast.com\/product\/yoast-seo-wordpress\/ -->\n<title>Pronature K\u00fc\u00e7\u00fck Irk Yeti\u015fkin Kuru K\u00f6pek Mamas\u0131 (Daily Protect) Kuzu Etli ve Pirin\u00e7li 3KG - Anadolu Pet Grup<\/title>\n<meta name=\"robots\" content=\"index, follow, max-snippet:-1, max-image-preview:large, max-video-preview:-1\" \/>\n<link rel=\"canonical\" href=\"https:\/\/anadolupet.com.tr\/en\/product\/pronature-kucuk-irk-yetiskin-kuru-kopek-mamasi-daily-protect-kuzu-etli-ve-pirincli-3kg\/\" \/>\n<meta property=\"og:locale\" content=\"en_US\" \/>\n<meta property=\"og:type\" content=\"article\" \/>\n<meta property=\"og:title\" content=\"Pronature K\u00fc\u00e7\u00fck Irk Yeti\u015fkin Kuru K\u00f6pek Mamas\u0131 (Daily Protect) Kuzu Etli ve Pirin\u00e7li 3KG - Anadolu Pet Grup\" \/>\n<meta property=\"og:description\" content=\"Pronature K\u00fc\u00e7\u00fck Irk Yeti\u015fkin Kuru K\u00f6pek Mamas\u0131 (Daily Protect), k\u00fc\u00e7\u00fck \u0131rk yeti\u015fkin k\u00f6pekler i\u00e7in form\u00fcle edilmi\u015f kuzu eti i\u00e7eren tam ve dengeli bir mamad\u0131r. 1 ya\u015f ve \u00fczeri k\u00fc\u00e7\u00fck \u0131rk k\u00f6peklerin b\u00fct\u00fcn besin madde ve enerji ihtiya\u00e7lar\u0131n\u0131n kar\u015f\u0131lamakta, ba\u011f\u0131\u015f\u0131kl\u0131k ve genel sa\u011fl\u0131\u011f\u0131n\u0131 desteklemektedir. Bu \u00f6zel form\u00fcl hem ideal kilonun korunmas\u0131nda hem de eklem ve kemik yap\u0131s\u0131n\u0131n g\u00fc\u00e7lendirilmesine katk\u0131da bulunmaktad\u0131r. * Bile\u015fiminde bulunan yaban mersininin fenolitik bile\u015fenlerce zengin olmas\u0131 nedeniyle hem fiziksel hem de zihinsel sa\u011fl\u0131k korunmaktad\u0131r. * Bile\u015fimindeki Sodyum Tripolifosfat sayesinde a\u011f\u0131z ve di\u015f sa\u011fl\u0131\u011f\u0131n\u0131 desteklemektedir. * \u0130\u00e7erdi\u011fi bitkisel ekstraktlar sayesinde serbest radikallere kar\u015f\u0131 antioksidan \u00f6zellik g\u00f6stererek dokular\u0131 ve h\u00fccreleri zararl\u0131 etkilerden korur. Ayr\u0131ca ya\u015flanma kar\u015f\u0131t\u0131 etkilere destek olmaktad\u0131r. * \u0130\u00e7erdi\u011fi kaliteli ham maddeler ile besinlerin sindirim ve emilimini artt\u0131rmaya yard\u0131mc\u0131 olmaktad\u0131r. \u0130\u00e7eri\u011fi: \u0130\u015flenmi\u015f Hayvansal Protein (% 10 Kuzu), Bu\u011fday, M\u0131s\u0131r, Tavuk Ya\u011f\u0131, M\u0131s\u0131r Gluteni, Pirin\u00e7 % 8, \u0130\u015flenmi\u015f Somon Proteini, Hidrolize Hayvansal Protein, \u015eeker Pancar\u0131, Kurutulmu\u015f Maya, Frukto-Oligosakkaritler (FOS) % 0,5, Potasyum Klor\u00fcr, Sodyum Tripolifosfat, Yucca Schidigera % 0,1, Meyveler ve baharatlar\u0131n i\u015flenmesi ile elde edilmi\u015f \u00fcr\u00fcnler %0,05 [(Blueberry (Vaccinum angustifolium), \u00dcz\u00fcm Ekstrakt\u0131 (Vitis vinifera), (Karanfil (Clove), Zerde\u00e7al (Curcuma sp.), Turun\u00e7gil (Citrus sp.), Biberiye (Rosmarinus sp.), \u00dcz\u00fcm \u00c7ekirde\u011fi (Vitis sp.)], Glukozamin (150 mg\/kg), Kondroitin(100 mg\/kg). \u0130lave Katk\u0131lar: Besleyici \u0130laveler: Vitamin A (3a672a) 25,000 IU\/kg, Vitamin D3 (3b671) 1,500 IU\/kg, Vitamin E (3a700) 240 mg\/kg, Demir(II) S\u00fclfat Monohidrat 274 mg\/kg (Demir (3b103) 90 mg\/kg), Bak\u0131r S\u00fclfat Pentahidrat 35,4 mg\/kg (Bak\u0131r (3b405) 9 mg\/kg), Mangan S\u00fclfat Monohidrat 30,8 mg\/kg (Mangan(3b503) 10 mg\/kg), \u00c7inko S\u00fclfat Monohidrat 274 mg\/kg (\u00c7inko (3b605) 100 mg\/kg), Anhidre Kalsiyum \u0130yodat 2,8 mg\/kg (\u0130yot (3b203) 1,8mg\/kg), Sodyum Selenit 0,55 mg\/kg (Selenyum (3b802) 0,25 mg\/kg) Teknolojik \u0130laveler: Antioksidanlar Besleme \u00d6nerileri: Mamaya, tabloda belirtilen miktarlarda ba\u015flaman\u0131z \u00f6nerilir. G\u00fcnl\u00fck miktar yol g\u00f6stericidir ve hayvan\u0131n aktivitesine, fizyolojik durumuna ve \u00e7evre s\u0131cakl\u0131\u011f\u0131na ba\u011fl\u0131 olarak de\u011fi\u015febilir. K\u00f6pe\u011finizin \u00f6n\u00fcnde mama ile birlikte her zaman taze ve temiz su bulundurunuz. Mamay\u0131, serin ve kuru yerde saklay\u0131n\u0131z.\" \/>\n<meta property=\"og:url\" content=\"https:\/\/anadolupet.com.tr\/en\/product\/pronature-kucuk-irk-yetiskin-kuru-kopek-mamasi-daily-protect-kuzu-etli-ve-pirincli-3kg\/\" \/>\n<meta property=\"og:site_name\" content=\"Anadolu Pet Grup\" \/>\n<meta property=\"article:modified_time\" content=\"2026-02-23T12:51:36+00:00\" \/>\n<meta property=\"og:image\" content=\"https:\/\/anadolupet.com.tr\/wp-content\/uploads\/2026\/02\/286-000003.jpg\" \/>\n\t<meta property=\"og:image:width\" content=\"750\" \/>\n\t<meta property=\"og:image:height\" content=\"750\" \/>\n\t<meta property=\"og:image:type\" content=\"image\/jpeg\" \/>\n<meta name=\"twitter:card\" content=\"summary_large_image\" \/>\n<script type=\"application\/ld+json\" class=\"yoast-schema-graph\">{\"@context\":\"https:\\\/\\\/schema.org\",\"@graph\":[{\"@type\":\"WebPage\",\"@id\":\"https:\\\/\\\/anadolupet.com.tr\\\/en\\\/product\\\/pronature-kucuk-irk-yetiskin-kuru-kopek-mamasi-daily-protect-kuzu-etli-ve-pirincli-3kg\\\/\",\"url\":\"https:\\\/\\\/anadolupet.com.tr\\\/en\\\/product\\\/pronature-kucuk-irk-yetiskin-kuru-kopek-mamasi-daily-protect-kuzu-etli-ve-pirincli-3kg\\\/\",\"name\":\"Pronature K\u00fc\u00e7\u00fck Irk Yeti\u015fkin Kuru K\u00f6pek Mamas\u0131 (Daily Protect) Kuzu Etli ve Pirin\u00e7li 3KG - Anadolu Pet Grup\",\"isPartOf\":{\"@id\":\"https:\\\/\\\/anadolupet.com.tr\\\/#website\"},\"primaryImageOfPage\":{\"@id\":\"https:\\\/\\\/anadolupet.com.tr\\\/en\\\/product\\\/pronature-kucuk-irk-yetiskin-kuru-kopek-mamasi-daily-protect-kuzu-etli-ve-pirincli-3kg\\\/#primaryimage\"},\"image\":{\"@id\":\"https:\\\/\\\/anadolupet.com.tr\\\/en\\\/product\\\/pronature-kucuk-irk-yetiskin-kuru-kopek-mamasi-daily-protect-kuzu-etli-ve-pirincli-3kg\\\/#primaryimage\"},\"thumbnailUrl\":\"https:\\\/\\\/anadolupet.com.tr\\\/wp-content\\\/uploads\\\/2026\\\/02\\\/286-000003.jpg\",\"datePublished\":\"2026-02-14T14:45:12+00:00\",\"dateModified\":\"2026-02-23T12:51:36+00:00\",\"breadcrumb\":{\"@id\":\"https:\\\/\\\/anadolupet.com.tr\\\/en\\\/product\\\/pronature-kucuk-irk-yetiskin-kuru-kopek-mamasi-daily-protect-kuzu-etli-ve-pirincli-3kg\\\/#breadcrumb\"},\"inLanguage\":\"en-US\",\"potentialAction\":[{\"@type\":\"ReadAction\",\"target\":[\"https:\\\/\\\/anadolupet.com.tr\\\/en\\\/product\\\/pronature-kucuk-irk-yetiskin-kuru-kopek-mamasi-daily-protect-kuzu-etli-ve-pirincli-3kg\\\/\"]}]},{\"@type\":\"ImageObject\",\"inLanguage\":\"en-US\",\"@id\":\"https:\\\/\\\/anadolupet.com.tr\\\/en\\\/product\\\/pronature-kucuk-irk-yetiskin-kuru-kopek-mamasi-daily-protect-kuzu-etli-ve-pirincli-3kg\\\/#primaryimage\",\"url\":\"https:\\\/\\\/anadolupet.com.tr\\\/wp-content\\\/uploads\\\/2026\\\/02\\\/286-000003.jpg\",\"contentUrl\":\"https:\\\/\\\/anadolupet.com.tr\\\/wp-content\\\/uploads\\\/2026\\\/02\\\/286-000003.jpg\",\"width\":750,\"height\":750},{\"@type\":\"BreadcrumbList\",\"@id\":\"https:\\\/\\\/anadolupet.com.tr\\\/en\\\/product\\\/pronature-kucuk-irk-yetiskin-kuru-kopek-mamasi-daily-protect-kuzu-etli-ve-pirincli-3kg\\\/#breadcrumb\",\"itemListElement\":[{\"@type\":\"ListItem\",\"position\":1,\"name\":\"Anasayfa\",\"item\":\"https:\\\/\\\/anadolupet.com.tr\\\/\"},{\"@type\":\"ListItem\",\"position\":2,\"name\":\"\u00dcr\u00fcnler\",\"item\":\"https:\\\/\\\/anadolupet.com.tr\\\/urunler\\\/\"},{\"@type\":\"ListItem\",\"position\":3,\"name\":\"Pronature K\u00fc\u00e7\u00fck Irk Yeti\u015fkin Kuru K\u00f6pek Mamas\u0131 (Daily Protect) Kuzu Etli ve Pirin\u00e7li 3KG\"}]},{\"@type\":\"WebSite\",\"@id\":\"https:\\\/\\\/anadolupet.com.tr\\\/#website\",\"url\":\"https:\\\/\\\/anadolupet.com.tr\\\/\",\"name\":\"Anadolu Pet Grup\",\"description\":\"Her Can\u0131n \u0130yi Ya\u015fam\u0131 \u0130\u00e7in Biraraday\u0131z\",\"publisher\":{\"@id\":\"https:\\\/\\\/anadolupet.com.tr\\\/#organization\"},\"potentialAction\":[{\"@type\":\"SearchAction\",\"target\":{\"@type\":\"EntryPoint\",\"urlTemplate\":\"https:\\\/\\\/anadolupet.com.tr\\\/?s={search_term_string}\"},\"query-input\":{\"@type\":\"PropertyValueSpecification\",\"valueRequired\":true,\"valueName\":\"search_term_string\"}}],\"inLanguage\":\"en-US\"},{\"@type\":\"Organization\",\"@id\":\"https:\\\/\\\/anadolupet.com.tr\\\/#organization\",\"name\":\"Anadolu Pet Grup\",\"alternateName\":\"Anadolu Pet\",\"url\":\"https:\\\/\\\/anadolupet.com.tr\\\/\",\"logo\":{\"@type\":\"ImageObject\",\"inLanguage\":\"en-US\",\"@id\":\"https:\\\/\\\/anadolupet.com.tr\\\/#\\\/schema\\\/logo\\\/image\\\/\",\"url\":\"https:\\\/\\\/anadolupet.com.tr\\\/wp-content\\\/uploads\\\/2026\\\/03\\\/1614666743370.jpg\",\"contentUrl\":\"https:\\\/\\\/anadolupet.com.tr\\\/wp-content\\\/uploads\\\/2026\\\/03\\\/1614666743370.jpg\",\"width\":800,\"height\":571,\"caption\":\"Anadolu Pet Grup\"},\"image\":{\"@id\":\"https:\\\/\\\/anadolupet.com.tr\\\/#\\\/schema\\\/logo\\\/image\\\/\"}}]}<\/script>\n<!-- \/ Yoast SEO plugin. -->","yoast_head_json":{"title":"Pronature K\u00fc\u00e7\u00fck Irk Yeti\u015fkin Kuru K\u00f6pek Mamas\u0131 (Daily Protect) Kuzu Etli ve Pirin\u00e7li 3KG - Anadolu Pet Grup","robots":{"index":"index","follow":"follow","max-snippet":"max-snippet:-1","max-image-preview":"max-image-preview:large","max-video-preview":"max-video-preview:-1"},"canonical":"https:\/\/anadolupet.com.tr\/en\/product\/pronature-kucuk-irk-yetiskin-kuru-kopek-mamasi-daily-protect-kuzu-etli-ve-pirincli-3kg\/","og_locale":"en_US","og_type":"article","og_title":"Pronature K\u00fc\u00e7\u00fck Irk Yeti\u015fkin Kuru K\u00f6pek Mamas\u0131 (Daily Protect) Kuzu Etli ve Pirin\u00e7li 3KG - Anadolu Pet Grup","og_description":"Pronature K\u00fc\u00e7\u00fck Irk Yeti\u015fkin Kuru K\u00f6pek Mamas\u0131 (Daily Protect), k\u00fc\u00e7\u00fck \u0131rk yeti\u015fkin k\u00f6pekler i\u00e7in form\u00fcle edilmi\u015f kuzu eti i\u00e7eren tam ve dengeli bir mamad\u0131r. 1 ya\u015f ve \u00fczeri k\u00fc\u00e7\u00fck \u0131rk k\u00f6peklerin b\u00fct\u00fcn besin madde ve enerji ihtiya\u00e7lar\u0131n\u0131n kar\u015f\u0131lamakta, ba\u011f\u0131\u015f\u0131kl\u0131k ve genel sa\u011fl\u0131\u011f\u0131n\u0131 desteklemektedir. Bu \u00f6zel form\u00fcl hem ideal kilonun korunmas\u0131nda hem de eklem ve kemik yap\u0131s\u0131n\u0131n g\u00fc\u00e7lendirilmesine katk\u0131da bulunmaktad\u0131r. * Bile\u015fiminde bulunan yaban mersininin fenolitik bile\u015fenlerce zengin olmas\u0131 nedeniyle hem fiziksel hem de zihinsel sa\u011fl\u0131k korunmaktad\u0131r. * Bile\u015fimindeki Sodyum Tripolifosfat sayesinde a\u011f\u0131z ve di\u015f sa\u011fl\u0131\u011f\u0131n\u0131 desteklemektedir. * \u0130\u00e7erdi\u011fi bitkisel ekstraktlar sayesinde serbest radikallere kar\u015f\u0131 antioksidan \u00f6zellik g\u00f6stererek dokular\u0131 ve h\u00fccreleri zararl\u0131 etkilerden korur. Ayr\u0131ca ya\u015flanma kar\u015f\u0131t\u0131 etkilere destek olmaktad\u0131r. * \u0130\u00e7erdi\u011fi kaliteli ham maddeler ile besinlerin sindirim ve emilimini artt\u0131rmaya yard\u0131mc\u0131 olmaktad\u0131r. \u0130\u00e7eri\u011fi: \u0130\u015flenmi\u015f Hayvansal Protein (% 10 Kuzu), Bu\u011fday, M\u0131s\u0131r, Tavuk Ya\u011f\u0131, M\u0131s\u0131r Gluteni, Pirin\u00e7 % 8, \u0130\u015flenmi\u015f Somon Proteini, Hidrolize Hayvansal Protein, \u015eeker Pancar\u0131, Kurutulmu\u015f Maya, Frukto-Oligosakkaritler (FOS) % 0,5, Potasyum Klor\u00fcr, Sodyum Tripolifosfat, Yucca Schidigera % 0,1, Meyveler ve baharatlar\u0131n i\u015flenmesi ile elde edilmi\u015f \u00fcr\u00fcnler %0,05 [(Blueberry (Vaccinum angustifolium), \u00dcz\u00fcm Ekstrakt\u0131 (Vitis vinifera), (Karanfil (Clove), Zerde\u00e7al (Curcuma sp.), Turun\u00e7gil (Citrus sp.), Biberiye (Rosmarinus sp.), \u00dcz\u00fcm \u00c7ekirde\u011fi (Vitis sp.)], Glukozamin (150 mg\/kg), Kondroitin(100 mg\/kg). \u0130lave Katk\u0131lar: Besleyici \u0130laveler: Vitamin A (3a672a) 25,000 IU\/kg, Vitamin D3 (3b671) 1,500 IU\/kg, Vitamin E (3a700) 240 mg\/kg, Demir(II) S\u00fclfat Monohidrat 274 mg\/kg (Demir (3b103) 90 mg\/kg), Bak\u0131r S\u00fclfat Pentahidrat 35,4 mg\/kg (Bak\u0131r (3b405) 9 mg\/kg), Mangan S\u00fclfat Monohidrat 30,8 mg\/kg (Mangan(3b503) 10 mg\/kg), \u00c7inko S\u00fclfat Monohidrat 274 mg\/kg (\u00c7inko (3b605) 100 mg\/kg), Anhidre Kalsiyum \u0130yodat 2,8 mg\/kg (\u0130yot (3b203) 1,8mg\/kg), Sodyum Selenit 0,55 mg\/kg (Selenyum (3b802) 0,25 mg\/kg) Teknolojik \u0130laveler: Antioksidanlar Besleme \u00d6nerileri: Mamaya, tabloda belirtilen miktarlarda ba\u015flaman\u0131z \u00f6nerilir. G\u00fcnl\u00fck miktar yol g\u00f6stericidir ve hayvan\u0131n aktivitesine, fizyolojik durumuna ve \u00e7evre s\u0131cakl\u0131\u011f\u0131na ba\u011fl\u0131 olarak de\u011fi\u015febilir. K\u00f6pe\u011finizin \u00f6n\u00fcnde mama ile birlikte her zaman taze ve temiz su bulundurunuz. Mamay\u0131, serin ve kuru yerde saklay\u0131n\u0131z.","og_url":"https:\/\/anadolupet.com.tr\/en\/product\/pronature-kucuk-irk-yetiskin-kuru-kopek-mamasi-daily-protect-kuzu-etli-ve-pirincli-3kg\/","og_site_name":"Anadolu Pet Grup","article_modified_time":"2026-02-23T12:51:36+00:00","og_image":[{"width":750,"height":750,"url":"https:\/\/anadolupet.com.tr\/wp-content\/uploads\/2026\/02\/286-000003.jpg","type":"image\/jpeg"}],"twitter_card":"summary_large_image","schema":{"@context":"https:\/\/schema.org","@graph":[{"@type":"WebPage","@id":"https:\/\/anadolupet.com.tr\/en\/product\/pronature-kucuk-irk-yetiskin-kuru-kopek-mamasi-daily-protect-kuzu-etli-ve-pirincli-3kg\/","url":"https:\/\/anadolupet.com.tr\/en\/product\/pronature-kucuk-irk-yetiskin-kuru-kopek-mamasi-daily-protect-kuzu-etli-ve-pirincli-3kg\/","name":"Pronature K\u00fc\u00e7\u00fck Irk Yeti\u015fkin Kuru K\u00f6pek Mamas\u0131 (Daily Protect) Kuzu Etli ve Pirin\u00e7li 3KG - Anadolu Pet Grup","isPartOf":{"@id":"https:\/\/anadolupet.com.tr\/#website"},"primaryImageOfPage":{"@id":"https:\/\/anadolupet.com.tr\/en\/product\/pronature-kucuk-irk-yetiskin-kuru-kopek-mamasi-daily-protect-kuzu-etli-ve-pirincli-3kg\/#primaryimage"},"image":{"@id":"https:\/\/anadolupet.com.tr\/en\/product\/pronature-kucuk-irk-yetiskin-kuru-kopek-mamasi-daily-protect-kuzu-etli-ve-pirincli-3kg\/#primaryimage"},"thumbnailUrl":"https:\/\/anadolupet.com.tr\/wp-content\/uploads\/2026\/02\/286-000003.jpg","datePublished":"2026-02-14T14:45:12+00:00","dateModified":"2026-02-23T12:51:36+00:00","breadcrumb":{"@id":"https:\/\/anadolupet.com.tr\/en\/product\/pronature-kucuk-irk-yetiskin-kuru-kopek-mamasi-daily-protect-kuzu-etli-ve-pirincli-3kg\/#breadcrumb"},"inLanguage":"en-US","potentialAction":[{"@type":"ReadAction","target":["https:\/\/anadolupet.com.tr\/en\/product\/pronature-kucuk-irk-yetiskin-kuru-kopek-mamasi-daily-protect-kuzu-etli-ve-pirincli-3kg\/"]}]},{"@type":"ImageObject","inLanguage":"en-US","@id":"https:\/\/anadolupet.com.tr\/en\/product\/pronature-kucuk-irk-yetiskin-kuru-kopek-mamasi-daily-protect-kuzu-etli-ve-pirincli-3kg\/#primaryimage","url":"https:\/\/anadolupet.com.tr\/wp-content\/uploads\/2026\/02\/286-000003.jpg","contentUrl":"https:\/\/anadolupet.com.tr\/wp-content\/uploads\/2026\/02\/286-000003.jpg","width":750,"height":750},{"@type":"BreadcrumbList","@id":"https:\/\/anadolupet.com.tr\/en\/product\/pronature-kucuk-irk-yetiskin-kuru-kopek-mamasi-daily-protect-kuzu-etli-ve-pirincli-3kg\/#breadcrumb","itemListElement":[{"@type":"ListItem","position":1,"name":"Anasayfa","item":"https:\/\/anadolupet.com.tr\/"},{"@type":"ListItem","position":2,"name":"\u00dcr\u00fcnler","item":"https:\/\/anadolupet.com.tr\/urunler\/"},{"@type":"ListItem","position":3,"name":"Pronature K\u00fc\u00e7\u00fck Irk Yeti\u015fkin Kuru K\u00f6pek Mamas\u0131 (Daily Protect) Kuzu Etli ve Pirin\u00e7li 3KG"}]},{"@type":"WebSite","@id":"https:\/\/anadolupet.com.tr\/#website","url":"https:\/\/anadolupet.com.tr\/","name":"Anadolu Pet Group","description":"We Stand Together for the Well-Being of Every Life","publisher":{"@id":"https:\/\/anadolupet.com.tr\/#organization"},"potentialAction":[{"@type":"SearchAction","target":{"@type":"EntryPoint","urlTemplate":"https:\/\/anadolupet.com.tr\/?s={search_term_string}"},"query-input":{"@type":"PropertyValueSpecification","valueRequired":true,"valueName":"search_term_string"}}],"inLanguage":"en-US"},{"@type":"Organization","@id":"https:\/\/anadolupet.com.tr\/#organization","name":"Anadolu Pet Group","alternateName":"Anadolu Pet","url":"https:\/\/anadolupet.com.tr\/","logo":{"@type":"ImageObject","inLanguage":"en-US","@id":"https:\/\/anadolupet.com.tr\/#\/schema\/logo\/image\/","url":"https:\/\/anadolupet.com.tr\/wp-content\/uploads\/2026\/03\/1614666743370.jpg","contentUrl":"https:\/\/anadolupet.com.tr\/wp-content\/uploads\/2026\/03\/1614666743370.jpg","width":800,"height":571,"caption":"Anadolu Pet Grup"},"image":{"@id":"https:\/\/anadolupet.com.tr\/#\/schema\/logo\/image\/"}}]}},"_links":{"self":[{"href":"https:\/\/anadolupet.com.tr\/en\/wp-json\/wp\/v2\/product\/45945","targetHints":{"allow":["GET"]}}],"collection":[{"href":"https:\/\/anadolupet.com.tr\/en\/wp-json\/wp\/v2\/product"}],"about":[{"href":"https:\/\/anadolupet.com.tr\/en\/wp-json\/wp\/v2\/types\/product"}],"replies":[{"embeddable":true,"href":"https:\/\/anadolupet.com.tr\/en\/wp-json\/wp\/v2\/comments?post=45945"}],"wp:featuredmedia":[{"embeddable":true,"href":"https:\/\/anadolupet.com.tr\/en\/wp-json\/wp\/v2\/media\/43622"}],"wp:attachment":[{"href":"https:\/\/anadolupet.com.tr\/en\/wp-json\/wp\/v2\/media?parent=45945"}],"wp:term":[{"taxonomy":"product_brand","embeddable":true,"href":"https:\/\/anadolupet.com.tr\/en\/wp-json\/wp\/v2\/product_brand?post=45945"},{"taxonomy":"product_cat","embeddable":true,"href":"https:\/\/anadolupet.com.tr\/en\/wp-json\/wp\/v2\/product_cat?post=45945"},{"taxonomy":"product_tag","embeddable":true,"href":"https:\/\/anadolupet.com.tr\/en\/wp-json\/wp\/v2\/product_tag?post=45945"}],"curies":[{"name":"wp","href":"https:\/\/api.w.org\/{rel}","templated":true}]}}