{"id":45946,"date":"2026-02-14T14:45:12","date_gmt":"2026-02-14T14:45:12","guid":{"rendered":"https:\/\/anadolupet.com.tr\/?post_type=product&#038;p=45946"},"modified":"2026-02-23T12:51:36","modified_gmt":"2026-02-23T12:51:36","slug":"pronature-mother-baby-kuru-kedi-mamasi-tavuk-etli-15kg","status":"publish","type":"product","link":"https:\/\/anadolupet.com.tr\/en\/urun\/pronature-mother-baby-kuru-kedi-mamasi-tavuk-etli-15kg\/","title":{"rendered":"Pronature Mother &#038; Baby Kuru Kedi Mamas\u0131 Tavuk Etli 1,5KG"},"content":{"rendered":"","protected":false},"excerpt":{"rendered":"<p>Gebelik ve emzirme d\u00f6nemindeki anne kediler ve s\u00fct emen yavru kediler (4-16 haftal\u0131k) i\u00e7in \u00f6zel olarak form\u00fcle edilmi\u015ftir. Gebelik ve emzirme s\u00fcrecinde daha y\u00fcksek enerji ve protein gereksinimi olan kedilerin enerji ve protein ihtiyac\u0131n\u0131 kar\u015f\u0131layan tam ve dengeli s\u00fcper premium bir Hamile Kedi, Emziren Kedi ve Yavru Kedi mamas\u0131d\u0131r. *Kaliteli ve y\u00fcksek sindirilebilir hayvansal protein kaynaklar\u0131 sayesinde onlar\u0131n ihtiya\u00e7 duydu\u011fu esansiyel amino asit ve ya\u011f asidi kaynaklar\u0131n\u0131 almas\u0131n\u0131 sa\u011flar.<br \/>\n*Ayr\u0131ca yavru kedilerin b\u00fcy\u00fcme ve geli\u015fimine destek verecek \u015fekilde y\u00fcksek oranda kaliteli protein ve besin maddesi i\u00e7eriklerine sahiptir.<br \/>\n*Prebiyotik katk\u0131s\u0131 fruktooligosakkaritler sayesinde ba\u011f\u0131rsak mikrofloras\u0131n\u0131 yararl\u0131 bakteriler y\u00f6n\u00fcnden zenginle\u015ftirerek sa\u011fl\u0131kl\u0131 sindirim sistemini ve g\u00fc\u00e7l\u00fc ba\u011f\u0131\u015f\u0131kl\u0131k sistemini destekler.<br \/>\n\u0130\u00e7eri\u011fi:<br \/>\n\u0130\u015flenmi\u015f Hayvansal Protein (%25 Tavuk), Tavuk Ya\u011f\u0131, Pirin\u00e7 %10, Bu\u011fday, M\u0131s\u0131r, M\u0131s\u0131r Gluteni, \u0130\u015flenmi\u015f Bal\u0131k Proteini, Krill unu %4, Hidrolize Hayvansal Protein, Kurutulmu\u015f Maya, Somon Ya\u011f\u0131 %1, Fruktooligosakkaritler (FOS) %0,5, Bitkisel Lifler, Mannan oligosakkaritler ve betaglukanlar, Potasyum Klor\u00fcr, Sodyum Klor\u00fcr, Taurin 1500 mg\/kg, Kadife \u00c7i\u00e7e\u011fi \u00d6z\u00fc (Lutein kayna\u011f\u0131), Yucca Schidigera %0,1, Meyveler ve Baharatlar\u0131n I\u015flenmesi Ile Elde Edilmi\u015f \u00dcr\u00fcnler %0,05 (Karanfil (Clove), Zerde\u00e7al (Curcuma Sp.), Turun\u00e7gil (Citrus Sp.), Biberiye (Rosmarinus Sp.).<br \/>\nBesinsel Katk\u0131lar:<br \/>\nVitamin A(3a672a) 31,000 IU\/kg, Vitamin D3 (3a671) 1,850 IU\/kg, Vitamin E (3a700) 300 mg\/kg, Demir (II) S\u00fclfat Monohidrat 342 mg\/kg (Demir (3b103) 112 mg\/kg), L-Karnitin 100 mg\/kg, Bak\u0131r S\u00fclfat Pentahidrat 44 mg\/kg (Bak\u0131r (3b405) 11,2 mg\/kg), Mangan S\u00fclfat Monohidrat 38,5 mg\/kg (Mangan (3b503) 12,5 mg\/kg), \u00c7inko S\u00fclfat Monohidrat 342 mg\/kg (\u00c7inko (3b605) 125 mg\/kg), Anhidre Kalsiyum Iyodat 3,4 mg\/kg (\u0130yot (3b203) 2,2 mg\/kg), Sodyum Selenit 0,68 mg\/kg (Selenyum (3b801) 0,31 mg\/kg).<br \/>\nTeknolojik Katk\u0131lar: Antioksidanlar<br \/>\nBesleme Talimat\u0131: Mamaya, tabloda belirtilen miktarlarda ba\u015flaman\u0131z \u00f6nerilir. G\u00fcnl\u00fck miktar yol g\u00f6stericidir ve hayvan\u0131n aktivitesine, fizyolojik durumuna ve \u00e7evre s\u0131cakl\u0131\u011f\u0131na ba\u011fl\u0131 olarak de\u011fi\u015febilir. Mama ile birlikte her zaman taze ve temiz su bulundurunuz. Mamay\u0131 serin ve kuru bir yerde saklay\u0131n\u0131z.<br \/>\nFabrika onay numaras\u0131\/Parti numaras\u0131\/Son Kullanma tarihi paketin \u00fczerindedir.<\/p>","protected":false},"featured_media":43643,"comment_status":"open","ping_status":"closed","template":"","meta":{"_acf_changed":false},"product_brand":[],"product_cat":[2442],"product_tag":[],"class_list":{"0":"post-45946","1":"product","2":"type-product","3":"status-publish","4":"has-post-thumbnail","6":"product_cat-yetiskin-kedi-mamalari","8":"first","9":"instock","10":"shipping-taxable","11":"product-type-simple"},"acf":[],"yoast_head":"<!-- This site is optimized with the Yoast SEO plugin v27.5 - https:\/\/yoast.com\/product\/yoast-seo-wordpress\/ -->\n<title>Pronature Mother &amp; Baby Kuru Kedi Mamas\u0131 Tavuk Etli 1,5KG - Anadolu Pet Grup<\/title>\n<meta name=\"robots\" content=\"index, follow, max-snippet:-1, max-image-preview:large, max-video-preview:-1\" \/>\n<link rel=\"canonical\" href=\"https:\/\/anadolupet.com.tr\/en\/product\/pronature-mother-baby-kuru-kedi-mamasi-tavuk-etli-15kg\/\" \/>\n<meta property=\"og:locale\" content=\"en_US\" \/>\n<meta property=\"og:type\" content=\"article\" \/>\n<meta property=\"og:title\" content=\"Pronature Mother &amp; Baby Kuru Kedi Mamas\u0131 Tavuk Etli 1,5KG - Anadolu Pet Grup\" \/>\n<meta property=\"og:description\" content=\"Gebelik ve emzirme d\u00f6nemindeki anne kediler ve s\u00fct emen yavru kediler (4-16 haftal\u0131k) i\u00e7in \u00f6zel olarak form\u00fcle edilmi\u015ftir. Gebelik ve emzirme s\u00fcrecinde daha y\u00fcksek enerji ve protein gereksinimi olan kedilerin enerji ve protein ihtiyac\u0131n\u0131 kar\u015f\u0131layan tam ve dengeli s\u00fcper premium bir Hamile Kedi, Emziren Kedi ve Yavru Kedi mamas\u0131d\u0131r. *Kaliteli ve y\u00fcksek sindirilebilir hayvansal protein kaynaklar\u0131 sayesinde onlar\u0131n ihtiya\u00e7 duydu\u011fu esansiyel amino asit ve ya\u011f asidi kaynaklar\u0131n\u0131 almas\u0131n\u0131 sa\u011flar. *Ayr\u0131ca yavru kedilerin b\u00fcy\u00fcme ve geli\u015fimine destek verecek \u015fekilde y\u00fcksek oranda kaliteli protein ve besin maddesi i\u00e7eriklerine sahiptir. *Prebiyotik katk\u0131s\u0131 fruktooligosakkaritler sayesinde ba\u011f\u0131rsak mikrofloras\u0131n\u0131 yararl\u0131 bakteriler y\u00f6n\u00fcnden zenginle\u015ftirerek sa\u011fl\u0131kl\u0131 sindirim sistemini ve g\u00fc\u00e7l\u00fc ba\u011f\u0131\u015f\u0131kl\u0131k sistemini destekler. \u0130\u00e7eri\u011fi: \u0130\u015flenmi\u015f Hayvansal Protein (%25 Tavuk), Tavuk Ya\u011f\u0131, Pirin\u00e7 %10, Bu\u011fday, M\u0131s\u0131r, M\u0131s\u0131r Gluteni, \u0130\u015flenmi\u015f Bal\u0131k Proteini, Krill unu %4, Hidrolize Hayvansal Protein, Kurutulmu\u015f Maya, Somon Ya\u011f\u0131 %1, Fruktooligosakkaritler (FOS) %0,5, Bitkisel Lifler, Mannan oligosakkaritler ve betaglukanlar, Potasyum Klor\u00fcr, Sodyum Klor\u00fcr, Taurin 1500 mg\/kg, Kadife \u00c7i\u00e7e\u011fi \u00d6z\u00fc (Lutein kayna\u011f\u0131), Yucca Schidigera %0,1, Meyveler ve Baharatlar\u0131n I\u015flenmesi Ile Elde Edilmi\u015f \u00dcr\u00fcnler %0,05 (Karanfil (Clove), Zerde\u00e7al (Curcuma Sp.), Turun\u00e7gil (Citrus Sp.), Biberiye (Rosmarinus Sp.). Besinsel Katk\u0131lar: Vitamin A(3a672a) 31,000 IU\/kg, Vitamin D3 (3a671) 1,850 IU\/kg, Vitamin E (3a700) 300 mg\/kg, Demir (II) S\u00fclfat Monohidrat 342 mg\/kg (Demir (3b103) 112 mg\/kg), L-Karnitin 100 mg\/kg, Bak\u0131r S\u00fclfat Pentahidrat 44 mg\/kg (Bak\u0131r (3b405) 11,2 mg\/kg), Mangan S\u00fclfat Monohidrat 38,5 mg\/kg (Mangan (3b503) 12,5 mg\/kg), \u00c7inko S\u00fclfat Monohidrat 342 mg\/kg (\u00c7inko (3b605) 125 mg\/kg), Anhidre Kalsiyum Iyodat 3,4 mg\/kg (\u0130yot (3b203) 2,2 mg\/kg), Sodyum Selenit 0,68 mg\/kg (Selenyum (3b801) 0,31 mg\/kg). Teknolojik Katk\u0131lar: Antioksidanlar Besleme Talimat\u0131: Mamaya, tabloda belirtilen miktarlarda ba\u015flaman\u0131z \u00f6nerilir. G\u00fcnl\u00fck miktar yol g\u00f6stericidir ve hayvan\u0131n aktivitesine, fizyolojik durumuna ve \u00e7evre s\u0131cakl\u0131\u011f\u0131na ba\u011fl\u0131 olarak de\u011fi\u015febilir. Mama ile birlikte her zaman taze ve temiz su bulundurunuz. Mamay\u0131 serin ve kuru bir yerde saklay\u0131n\u0131z. Fabrika onay numaras\u0131\/Parti numaras\u0131\/Son Kullanma tarihi paketin \u00fczerindedir.\" \/>\n<meta property=\"og:url\" content=\"https:\/\/anadolupet.com.tr\/en\/product\/pronature-mother-baby-kuru-kedi-mamasi-tavuk-etli-15kg\/\" \/>\n<meta property=\"og:site_name\" content=\"Anadolu Pet Grup\" \/>\n<meta property=\"article:modified_time\" content=\"2026-02-23T12:51:36+00:00\" \/>\n<meta property=\"og:image\" content=\"https:\/\/anadolupet.com.tr\/wp-content\/uploads\/2026\/02\/286-600001.jpg\" \/>\n\t<meta property=\"og:image:width\" content=\"750\" \/>\n\t<meta property=\"og:image:height\" content=\"750\" \/>\n\t<meta property=\"og:image:type\" content=\"image\/jpeg\" \/>\n<meta name=\"twitter:card\" content=\"summary_large_image\" \/>\n<script type=\"application\/ld+json\" class=\"yoast-schema-graph\">{\"@context\":\"https:\\\/\\\/schema.org\",\"@graph\":[{\"@type\":\"WebPage\",\"@id\":\"https:\\\/\\\/anadolupet.com.tr\\\/en\\\/product\\\/pronature-mother-baby-kuru-kedi-mamasi-tavuk-etli-15kg\\\/\",\"url\":\"https:\\\/\\\/anadolupet.com.tr\\\/en\\\/product\\\/pronature-mother-baby-kuru-kedi-mamasi-tavuk-etli-15kg\\\/\",\"name\":\"Pronature Mother & Baby Kuru Kedi Mamas\u0131 Tavuk Etli 1,5KG - Anadolu Pet Grup\",\"isPartOf\":{\"@id\":\"https:\\\/\\\/anadolupet.com.tr\\\/#website\"},\"primaryImageOfPage\":{\"@id\":\"https:\\\/\\\/anadolupet.com.tr\\\/en\\\/product\\\/pronature-mother-baby-kuru-kedi-mamasi-tavuk-etli-15kg\\\/#primaryimage\"},\"image\":{\"@id\":\"https:\\\/\\\/anadolupet.com.tr\\\/en\\\/product\\\/pronature-mother-baby-kuru-kedi-mamasi-tavuk-etli-15kg\\\/#primaryimage\"},\"thumbnailUrl\":\"https:\\\/\\\/anadolupet.com.tr\\\/wp-content\\\/uploads\\\/2026\\\/02\\\/286-600001.jpg\",\"datePublished\":\"2026-02-14T14:45:12+00:00\",\"dateModified\":\"2026-02-23T12:51:36+00:00\",\"breadcrumb\":{\"@id\":\"https:\\\/\\\/anadolupet.com.tr\\\/en\\\/product\\\/pronature-mother-baby-kuru-kedi-mamasi-tavuk-etli-15kg\\\/#breadcrumb\"},\"inLanguage\":\"en-US\",\"potentialAction\":[{\"@type\":\"ReadAction\",\"target\":[\"https:\\\/\\\/anadolupet.com.tr\\\/en\\\/product\\\/pronature-mother-baby-kuru-kedi-mamasi-tavuk-etli-15kg\\\/\"]}]},{\"@type\":\"ImageObject\",\"inLanguage\":\"en-US\",\"@id\":\"https:\\\/\\\/anadolupet.com.tr\\\/en\\\/product\\\/pronature-mother-baby-kuru-kedi-mamasi-tavuk-etli-15kg\\\/#primaryimage\",\"url\":\"https:\\\/\\\/anadolupet.com.tr\\\/wp-content\\\/uploads\\\/2026\\\/02\\\/286-600001.jpg\",\"contentUrl\":\"https:\\\/\\\/anadolupet.com.tr\\\/wp-content\\\/uploads\\\/2026\\\/02\\\/286-600001.jpg\",\"width\":750,\"height\":750},{\"@type\":\"BreadcrumbList\",\"@id\":\"https:\\\/\\\/anadolupet.com.tr\\\/en\\\/product\\\/pronature-mother-baby-kuru-kedi-mamasi-tavuk-etli-15kg\\\/#breadcrumb\",\"itemListElement\":[{\"@type\":\"ListItem\",\"position\":1,\"name\":\"Anasayfa\",\"item\":\"https:\\\/\\\/anadolupet.com.tr\\\/\"},{\"@type\":\"ListItem\",\"position\":2,\"name\":\"\u00dcr\u00fcnler\",\"item\":\"https:\\\/\\\/anadolupet.com.tr\\\/urunler\\\/\"},{\"@type\":\"ListItem\",\"position\":3,\"name\":\"Pronature Mother &#038; Baby Kuru Kedi Mamas\u0131 Tavuk Etli 1,5KG\"}]},{\"@type\":\"WebSite\",\"@id\":\"https:\\\/\\\/anadolupet.com.tr\\\/#website\",\"url\":\"https:\\\/\\\/anadolupet.com.tr\\\/\",\"name\":\"Anadolu Pet Grup\",\"description\":\"Her Can\u0131n \u0130yi Ya\u015fam\u0131 \u0130\u00e7in Biraraday\u0131z\",\"publisher\":{\"@id\":\"https:\\\/\\\/anadolupet.com.tr\\\/#organization\"},\"potentialAction\":[{\"@type\":\"SearchAction\",\"target\":{\"@type\":\"EntryPoint\",\"urlTemplate\":\"https:\\\/\\\/anadolupet.com.tr\\\/?s={search_term_string}\"},\"query-input\":{\"@type\":\"PropertyValueSpecification\",\"valueRequired\":true,\"valueName\":\"search_term_string\"}}],\"inLanguage\":\"en-US\"},{\"@type\":\"Organization\",\"@id\":\"https:\\\/\\\/anadolupet.com.tr\\\/#organization\",\"name\":\"Anadolu Pet Grup\",\"alternateName\":\"Anadolu Pet\",\"url\":\"https:\\\/\\\/anadolupet.com.tr\\\/\",\"logo\":{\"@type\":\"ImageObject\",\"inLanguage\":\"en-US\",\"@id\":\"https:\\\/\\\/anadolupet.com.tr\\\/#\\\/schema\\\/logo\\\/image\\\/\",\"url\":\"https:\\\/\\\/anadolupet.com.tr\\\/wp-content\\\/uploads\\\/2026\\\/03\\\/1614666743370.jpg\",\"contentUrl\":\"https:\\\/\\\/anadolupet.com.tr\\\/wp-content\\\/uploads\\\/2026\\\/03\\\/1614666743370.jpg\",\"width\":800,\"height\":571,\"caption\":\"Anadolu Pet Grup\"},\"image\":{\"@id\":\"https:\\\/\\\/anadolupet.com.tr\\\/#\\\/schema\\\/logo\\\/image\\\/\"}}]}<\/script>\n<!-- \/ Yoast SEO plugin. -->","yoast_head_json":{"title":"Pronature Mother & Baby Kuru Kedi Mamas\u0131 Tavuk Etli 1,5KG - Anadolu Pet Grup","robots":{"index":"index","follow":"follow","max-snippet":"max-snippet:-1","max-image-preview":"max-image-preview:large","max-video-preview":"max-video-preview:-1"},"canonical":"https:\/\/anadolupet.com.tr\/en\/product\/pronature-mother-baby-kuru-kedi-mamasi-tavuk-etli-15kg\/","og_locale":"en_US","og_type":"article","og_title":"Pronature Mother & Baby Kuru Kedi Mamas\u0131 Tavuk Etli 1,5KG - Anadolu Pet Grup","og_description":"Gebelik ve emzirme d\u00f6nemindeki anne kediler ve s\u00fct emen yavru kediler (4-16 haftal\u0131k) i\u00e7in \u00f6zel olarak form\u00fcle edilmi\u015ftir. Gebelik ve emzirme s\u00fcrecinde daha y\u00fcksek enerji ve protein gereksinimi olan kedilerin enerji ve protein ihtiyac\u0131n\u0131 kar\u015f\u0131layan tam ve dengeli s\u00fcper premium bir Hamile Kedi, Emziren Kedi ve Yavru Kedi mamas\u0131d\u0131r. *Kaliteli ve y\u00fcksek sindirilebilir hayvansal protein kaynaklar\u0131 sayesinde onlar\u0131n ihtiya\u00e7 duydu\u011fu esansiyel amino asit ve ya\u011f asidi kaynaklar\u0131n\u0131 almas\u0131n\u0131 sa\u011flar. *Ayr\u0131ca yavru kedilerin b\u00fcy\u00fcme ve geli\u015fimine destek verecek \u015fekilde y\u00fcksek oranda kaliteli protein ve besin maddesi i\u00e7eriklerine sahiptir. *Prebiyotik katk\u0131s\u0131 fruktooligosakkaritler sayesinde ba\u011f\u0131rsak mikrofloras\u0131n\u0131 yararl\u0131 bakteriler y\u00f6n\u00fcnden zenginle\u015ftirerek sa\u011fl\u0131kl\u0131 sindirim sistemini ve g\u00fc\u00e7l\u00fc ba\u011f\u0131\u015f\u0131kl\u0131k sistemini destekler. \u0130\u00e7eri\u011fi: \u0130\u015flenmi\u015f Hayvansal Protein (%25 Tavuk), Tavuk Ya\u011f\u0131, Pirin\u00e7 %10, Bu\u011fday, M\u0131s\u0131r, M\u0131s\u0131r Gluteni, \u0130\u015flenmi\u015f Bal\u0131k Proteini, Krill unu %4, Hidrolize Hayvansal Protein, Kurutulmu\u015f Maya, Somon Ya\u011f\u0131 %1, Fruktooligosakkaritler (FOS) %0,5, Bitkisel Lifler, Mannan oligosakkaritler ve betaglukanlar, Potasyum Klor\u00fcr, Sodyum Klor\u00fcr, Taurin 1500 mg\/kg, Kadife \u00c7i\u00e7e\u011fi \u00d6z\u00fc (Lutein kayna\u011f\u0131), Yucca Schidigera %0,1, Meyveler ve Baharatlar\u0131n I\u015flenmesi Ile Elde Edilmi\u015f \u00dcr\u00fcnler %0,05 (Karanfil (Clove), Zerde\u00e7al (Curcuma Sp.), Turun\u00e7gil (Citrus Sp.), Biberiye (Rosmarinus Sp.). Besinsel Katk\u0131lar: Vitamin A(3a672a) 31,000 IU\/kg, Vitamin D3 (3a671) 1,850 IU\/kg, Vitamin E (3a700) 300 mg\/kg, Demir (II) S\u00fclfat Monohidrat 342 mg\/kg (Demir (3b103) 112 mg\/kg), L-Karnitin 100 mg\/kg, Bak\u0131r S\u00fclfat Pentahidrat 44 mg\/kg (Bak\u0131r (3b405) 11,2 mg\/kg), Mangan S\u00fclfat Monohidrat 38,5 mg\/kg (Mangan (3b503) 12,5 mg\/kg), \u00c7inko S\u00fclfat Monohidrat 342 mg\/kg (\u00c7inko (3b605) 125 mg\/kg), Anhidre Kalsiyum Iyodat 3,4 mg\/kg (\u0130yot (3b203) 2,2 mg\/kg), Sodyum Selenit 0,68 mg\/kg (Selenyum (3b801) 0,31 mg\/kg). Teknolojik Katk\u0131lar: Antioksidanlar Besleme Talimat\u0131: Mamaya, tabloda belirtilen miktarlarda ba\u015flaman\u0131z \u00f6nerilir. G\u00fcnl\u00fck miktar yol g\u00f6stericidir ve hayvan\u0131n aktivitesine, fizyolojik durumuna ve \u00e7evre s\u0131cakl\u0131\u011f\u0131na ba\u011fl\u0131 olarak de\u011fi\u015febilir. Mama ile birlikte her zaman taze ve temiz su bulundurunuz. Mamay\u0131 serin ve kuru bir yerde saklay\u0131n\u0131z. Fabrika onay numaras\u0131\/Parti numaras\u0131\/Son Kullanma tarihi paketin \u00fczerindedir.","og_url":"https:\/\/anadolupet.com.tr\/en\/product\/pronature-mother-baby-kuru-kedi-mamasi-tavuk-etli-15kg\/","og_site_name":"Anadolu Pet Grup","article_modified_time":"2026-02-23T12:51:36+00:00","og_image":[{"width":750,"height":750,"url":"https:\/\/anadolupet.com.tr\/wp-content\/uploads\/2026\/02\/286-600001.jpg","type":"image\/jpeg"}],"twitter_card":"summary_large_image","schema":{"@context":"https:\/\/schema.org","@graph":[{"@type":"WebPage","@id":"https:\/\/anadolupet.com.tr\/en\/product\/pronature-mother-baby-kuru-kedi-mamasi-tavuk-etli-15kg\/","url":"https:\/\/anadolupet.com.tr\/en\/product\/pronature-mother-baby-kuru-kedi-mamasi-tavuk-etli-15kg\/","name":"Pronature Mother & Baby Kuru Kedi Mamas\u0131 Tavuk Etli 1,5KG - Anadolu Pet Grup","isPartOf":{"@id":"https:\/\/anadolupet.com.tr\/#website"},"primaryImageOfPage":{"@id":"https:\/\/anadolupet.com.tr\/en\/product\/pronature-mother-baby-kuru-kedi-mamasi-tavuk-etli-15kg\/#primaryimage"},"image":{"@id":"https:\/\/anadolupet.com.tr\/en\/product\/pronature-mother-baby-kuru-kedi-mamasi-tavuk-etli-15kg\/#primaryimage"},"thumbnailUrl":"https:\/\/anadolupet.com.tr\/wp-content\/uploads\/2026\/02\/286-600001.jpg","datePublished":"2026-02-14T14:45:12+00:00","dateModified":"2026-02-23T12:51:36+00:00","breadcrumb":{"@id":"https:\/\/anadolupet.com.tr\/en\/product\/pronature-mother-baby-kuru-kedi-mamasi-tavuk-etli-15kg\/#breadcrumb"},"inLanguage":"en-US","potentialAction":[{"@type":"ReadAction","target":["https:\/\/anadolupet.com.tr\/en\/product\/pronature-mother-baby-kuru-kedi-mamasi-tavuk-etli-15kg\/"]}]},{"@type":"ImageObject","inLanguage":"en-US","@id":"https:\/\/anadolupet.com.tr\/en\/product\/pronature-mother-baby-kuru-kedi-mamasi-tavuk-etli-15kg\/#primaryimage","url":"https:\/\/anadolupet.com.tr\/wp-content\/uploads\/2026\/02\/286-600001.jpg","contentUrl":"https:\/\/anadolupet.com.tr\/wp-content\/uploads\/2026\/02\/286-600001.jpg","width":750,"height":750},{"@type":"BreadcrumbList","@id":"https:\/\/anadolupet.com.tr\/en\/product\/pronature-mother-baby-kuru-kedi-mamasi-tavuk-etli-15kg\/#breadcrumb","itemListElement":[{"@type":"ListItem","position":1,"name":"Anasayfa","item":"https:\/\/anadolupet.com.tr\/"},{"@type":"ListItem","position":2,"name":"\u00dcr\u00fcnler","item":"https:\/\/anadolupet.com.tr\/urunler\/"},{"@type":"ListItem","position":3,"name":"Pronature Mother &#038; Baby Kuru Kedi Mamas\u0131 Tavuk Etli 1,5KG"}]},{"@type":"WebSite","@id":"https:\/\/anadolupet.com.tr\/#website","url":"https:\/\/anadolupet.com.tr\/","name":"Anadolu Pet Group","description":"We Stand Together for the Well-Being of Every Life","publisher":{"@id":"https:\/\/anadolupet.com.tr\/#organization"},"potentialAction":[{"@type":"SearchAction","target":{"@type":"EntryPoint","urlTemplate":"https:\/\/anadolupet.com.tr\/?s={search_term_string}"},"query-input":{"@type":"PropertyValueSpecification","valueRequired":true,"valueName":"search_term_string"}}],"inLanguage":"en-US"},{"@type":"Organization","@id":"https:\/\/anadolupet.com.tr\/#organization","name":"Anadolu Pet Group","alternateName":"Anadolu Pet","url":"https:\/\/anadolupet.com.tr\/","logo":{"@type":"ImageObject","inLanguage":"en-US","@id":"https:\/\/anadolupet.com.tr\/#\/schema\/logo\/image\/","url":"https:\/\/anadolupet.com.tr\/wp-content\/uploads\/2026\/03\/1614666743370.jpg","contentUrl":"https:\/\/anadolupet.com.tr\/wp-content\/uploads\/2026\/03\/1614666743370.jpg","width":800,"height":571,"caption":"Anadolu Pet Grup"},"image":{"@id":"https:\/\/anadolupet.com.tr\/#\/schema\/logo\/image\/"}}]}},"_links":{"self":[{"href":"https:\/\/anadolupet.com.tr\/en\/wp-json\/wp\/v2\/product\/45946","targetHints":{"allow":["GET"]}}],"collection":[{"href":"https:\/\/anadolupet.com.tr\/en\/wp-json\/wp\/v2\/product"}],"about":[{"href":"https:\/\/anadolupet.com.tr\/en\/wp-json\/wp\/v2\/types\/product"}],"replies":[{"embeddable":true,"href":"https:\/\/anadolupet.com.tr\/en\/wp-json\/wp\/v2\/comments?post=45946"}],"wp:featuredmedia":[{"embeddable":true,"href":"https:\/\/anadolupet.com.tr\/en\/wp-json\/wp\/v2\/media\/43643"}],"wp:attachment":[{"href":"https:\/\/anadolupet.com.tr\/en\/wp-json\/wp\/v2\/media?parent=45946"}],"wp:term":[{"taxonomy":"product_brand","embeddable":true,"href":"https:\/\/anadolupet.com.tr\/en\/wp-json\/wp\/v2\/product_brand?post=45946"},{"taxonomy":"product_cat","embeddable":true,"href":"https:\/\/anadolupet.com.tr\/en\/wp-json\/wp\/v2\/product_cat?post=45946"},{"taxonomy":"product_tag","embeddable":true,"href":"https:\/\/anadolupet.com.tr\/en\/wp-json\/wp\/v2\/product_tag?post=45946"}],"curies":[{"name":"wp","href":"https:\/\/api.w.org\/{rel}","templated":true}]}}