{"id":45947,"date":"2026-02-14T14:45:12","date_gmt":"2026-02-14T14:45:12","guid":{"rendered":"https:\/\/anadolupet.com.tr\/?post_type=product&#038;p=45947"},"modified":"2026-02-23T12:51:36","modified_gmt":"2026-02-23T12:51:36","slug":"pronature-mother-baby-kuru-kopek-mamasi-mini-kuzu-etli-12-kg-102-kg-bonus-paket","status":"publish","type":"product","link":"https:\/\/anadolupet.com.tr\/en\/urun\/pronature-mother-baby-kuru-kopek-mamasi-mini-kuzu-etli-12-kg-102-kg-bonus-paket\/","title":{"rendered":"Pronature Mother &#038; Baby Kuru K\u00f6pek Mamas\u0131 (Mini) Kuzu Etli 12 KG (10+2 KG Bonus Paket)"},"content":{"rendered":"","protected":false},"excerpt":{"rendered":"<p>G\u00f6rme i\u015flevini destekler:<br \/>\nEmbriyonik ve f\u00f6tal d\u00f6nemde yavrular\u0131n retinal geli\u015fimlerini destekler. Yeni do\u011fanlarda g\u00f6rme i\u015flevinin geli\u015fimi ve g\u00f6rsel odaklanman\u0131n iyile\u015ftirilmesine katk\u0131 sa\u011flar. Annelerde normal retina fonksiyonlar\u0131n\u0131n uzun s\u00fcreli korunmas\u0131 ve iyile\u015ftirilmesine yard\u0131mc\u0131 olarak ya\u015flanmaya ba\u011fl\u0131 \u015fekillen g\u00f6rme kusurlar\u0131n olu\u015fum s\u0131kl\u0131\u011f\u0131n\u0131 azalt\u0131r.<br \/>\nGebelik ve laktasyon destekleyici:<br \/>\nGebelik ve emzirme d\u00f6nemlerinde artan beslenme gereksinimlerinin (enerji, protein, vitamin ve mineraller gibi) yeterli ve dengeli olarak kar\u015f\u0131lanmas\u0131n\u0131 sa\u011flar. Gebe ve emziren anneler ile b\u00fcy\u00fcme d\u00f6nemindeki yavrular\u0131n ortak kullan\u0131m\u0131na uygun olarak form\u00fcle edilmi\u015ftir.<br \/>\nBa\u011f\u0131\u015f\u0131kl\u0131k sistemi destekleyici:<br \/>\n\u0130\u00e7eri\u011findeki bitkisel ekstraktlar, do\u011fal antioksidanlar, vitaminler, l\u00fctein ve di\u011fer aktif biyomolek\u00fcller sayesinde hem anne hem de yavrular\u0131n ba\u011f\u0131\u015f\u0131kl\u0131k sistemini destekler. Hastal\u0131klara ve serbest radikallere (reaktif oksijen t\u00fcrleri) kar\u015f\u0131 korunmaya yard\u0131mc\u0131 olur.<br \/>\nN\u00f6rolojik destek:<br \/>\nN\u00f6rolojik geli\u015fimde \u00f6nemli rolleri olan Omega 3 ya\u011f asitleri bak\u0131m\u0131ndan zengin i\u00e7eri\u011fi sayesinde yavrular\u0131n do\u011fum \u00f6ncesi ve do\u011fum sonras\u0131 sinir sistemi geli\u015fimini desteklemektedir. S\u00fct emme d\u00f6nemindeki yavrular\u0131n \u00f6\u011frenme yetene\u011finin artmas\u0131na ve haf\u0131zas\u0131n\u0131n g\u00fc\u00e7lenmesine yard\u0131mc\u0131 olur.<br \/>\n\u0130\u00c7ER\u0130K: \u0130\u015flenmi\u015f Hayvansal Protein (%5 Kuzu), Bu\u011fday, Tavuk Ya\u011f\u0131, M\u0131s\u0131r, M\u0131s\u0131r Gluteni, Pirin\u00e7 %6, Hidrolize Hayvansal Protein, Bezelye, \u0130\u015flenmi\u015f Somon Proteini, Krill Unu %4, \u015eeker Pancar\u0131, Kurutulmu\u015f Maya, Somon Ya\u011f\u0131 %1, Fruktooligosakkaritler(FOS) %0,6, Potasyum Klor\u00fcr, Sodyum Klor\u00fcr, Sodyum Tripolifosfat, Mannan oligosakkaritler ve beta glukanlar, Kadife \u00e7i\u00e7e\u011fi \u00f6z\u00fc (lutein kayna\u011f\u0131), yucca schidigera %0,1. Meyveler ve baharatlar\u0131n i\u015flenmesi ile elde edilmi\u015f \u00fcr\u00fcnler %0,05 (karanfil (clove), zerde\u00e7al (curcuma sp.), turun\u00e7gil (citrus sp.), biberiye (rosmarinus sp.), glukozamin (150 mg\/kg), kondroitin (100 mg\/kg).<br \/>\nANAL\u0130T\u0130K B\u0130LE\u015eENLER: Protein: %28, Ya\u011f \u0130\u00e7eri\u011fi: %22 Ham Sel\u00fcloz: %1,5, Ham K\u00fcl: %7,2, Kalsiyum: %2.2, Fosfor: %1.3<br \/>\n\u0130LAVE KATKILAR: Besleyici \u0130laveler: Vitamin A (3a672a) 25,000 IU\/kg, Vitamin D3 (3a671) 1,500 IU\/kg, Vitamin E (3a700) 240 mg\/kg, L-Karnitin 100 mg\/kg, Demir(II) S\u00fclfat Monohidrat 274 mg\/kg (Demir (3b103) 90 mg\/kg), Bak\u0131r S\u00fclfat Pentahidrat 35,4 mg\/kg (Bak\u0131r (3b405) 9 mg\/kg), Mangan S\u00fclfat Monohidrat 30,8 mg\/kg (Mangan (3b503) 10 mg\/kg), \u00c7inko S\u00fclfat Monohidrat 274 mg\/kg (\u00c7inko (3b605) 100 mg\/kg), Anhidre Kalsiyum Iyodat 2,8 mg\/kg (\u0130yot (3b203) 1,8 mg\/kg), Sodyum Selenit 0,55 mg\/kg (Selenyum (3b801) 0,25 mg\/kg).<br \/>\nTeknolojik \u0130laveler: Antioksidanlar<br \/>\nBESLEME \u00d6NER\u0130LER\u0130: Mamaya, tabloda belirtilen miktarlarda ba\u015flaman\u0131z \u00f6nerilir. G\u00fcnl\u00fck miktar yol g\u00f6stericidir ve hayvan\u0131n aktivitesine, fizyolojik durumuna ve \u00e7evre s\u0131cakl\u0131\u011f\u0131na ba\u011fl\u0131 olarak de\u011fi\u015febilir. Mama ile birlikte her zaman taze ve temiz su bulundurunuz. Mamay\u0131, serin ve kuru bir yerde saklay\u0131n\u0131z.<\/p>","protected":false},"featured_media":43646,"comment_status":"open","ping_status":"closed","template":"","meta":{"_acf_changed":false},"product_brand":[],"product_cat":[2464],"product_tag":[],"class_list":{"0":"post-45947","1":"product","2":"type-product","3":"status-publish","4":"has-post-thumbnail","6":"product_cat-yetiskin-kopek-mamalari","8":"first","9":"instock","10":"shipping-taxable","11":"product-type-simple"},"acf":[],"yoast_head":"<!-- This site is optimized with the Yoast SEO plugin v27.5 - https:\/\/yoast.com\/product\/yoast-seo-wordpress\/ -->\n<title>Pronature Mother &amp; Baby Kuru K\u00f6pek Mamas\u0131 (Mini) Kuzu Etli 12 KG (10+2 KG Bonus Paket) - Anadolu Pet Grup<\/title>\n<meta name=\"robots\" content=\"index, follow, max-snippet:-1, max-image-preview:large, max-video-preview:-1\" \/>\n<link rel=\"canonical\" href=\"https:\/\/anadolupet.com.tr\/en\/product\/pronature-mother-baby-kuru-kopek-mamasi-mini-kuzu-etli-12-kg-102-kg-bonus-paket\/\" \/>\n<meta property=\"og:locale\" content=\"en_US\" \/>\n<meta property=\"og:type\" content=\"article\" \/>\n<meta property=\"og:title\" content=\"Pronature Mother &amp; Baby Kuru K\u00f6pek Mamas\u0131 (Mini) Kuzu Etli 12 KG (10+2 KG Bonus Paket) - Anadolu Pet Grup\" \/>\n<meta property=\"og:description\" content=\"G\u00f6rme i\u015flevini destekler: Embriyonik ve f\u00f6tal d\u00f6nemde yavrular\u0131n retinal geli\u015fimlerini destekler. Yeni do\u011fanlarda g\u00f6rme i\u015flevinin geli\u015fimi ve g\u00f6rsel odaklanman\u0131n iyile\u015ftirilmesine katk\u0131 sa\u011flar. Annelerde normal retina fonksiyonlar\u0131n\u0131n uzun s\u00fcreli korunmas\u0131 ve iyile\u015ftirilmesine yard\u0131mc\u0131 olarak ya\u015flanmaya ba\u011fl\u0131 \u015fekillen g\u00f6rme kusurlar\u0131n olu\u015fum s\u0131kl\u0131\u011f\u0131n\u0131 azalt\u0131r. Gebelik ve laktasyon destekleyici: Gebelik ve emzirme d\u00f6nemlerinde artan beslenme gereksinimlerinin (enerji, protein, vitamin ve mineraller gibi) yeterli ve dengeli olarak kar\u015f\u0131lanmas\u0131n\u0131 sa\u011flar. Gebe ve emziren anneler ile b\u00fcy\u00fcme d\u00f6nemindeki yavrular\u0131n ortak kullan\u0131m\u0131na uygun olarak form\u00fcle edilmi\u015ftir. Ba\u011f\u0131\u015f\u0131kl\u0131k sistemi destekleyici: \u0130\u00e7eri\u011findeki bitkisel ekstraktlar, do\u011fal antioksidanlar, vitaminler, l\u00fctein ve di\u011fer aktif biyomolek\u00fcller sayesinde hem anne hem de yavrular\u0131n ba\u011f\u0131\u015f\u0131kl\u0131k sistemini destekler. Hastal\u0131klara ve serbest radikallere (reaktif oksijen t\u00fcrleri) kar\u015f\u0131 korunmaya yard\u0131mc\u0131 olur. N\u00f6rolojik destek: N\u00f6rolojik geli\u015fimde \u00f6nemli rolleri olan Omega 3 ya\u011f asitleri bak\u0131m\u0131ndan zengin i\u00e7eri\u011fi sayesinde yavrular\u0131n do\u011fum \u00f6ncesi ve do\u011fum sonras\u0131 sinir sistemi geli\u015fimini desteklemektedir. S\u00fct emme d\u00f6nemindeki yavrular\u0131n \u00f6\u011frenme yetene\u011finin artmas\u0131na ve haf\u0131zas\u0131n\u0131n g\u00fc\u00e7lenmesine yard\u0131mc\u0131 olur. \u0130\u00c7ER\u0130K: \u0130\u015flenmi\u015f Hayvansal Protein (%5 Kuzu), Bu\u011fday, Tavuk Ya\u011f\u0131, M\u0131s\u0131r, M\u0131s\u0131r Gluteni, Pirin\u00e7 %6, Hidrolize Hayvansal Protein, Bezelye, \u0130\u015flenmi\u015f Somon Proteini, Krill Unu %4, \u015eeker Pancar\u0131, Kurutulmu\u015f Maya, Somon Ya\u011f\u0131 %1, Fruktooligosakkaritler(FOS) %0,6, Potasyum Klor\u00fcr, Sodyum Klor\u00fcr, Sodyum Tripolifosfat, Mannan oligosakkaritler ve beta glukanlar, Kadife \u00e7i\u00e7e\u011fi \u00f6z\u00fc (lutein kayna\u011f\u0131), yucca schidigera %0,1. Meyveler ve baharatlar\u0131n i\u015flenmesi ile elde edilmi\u015f \u00fcr\u00fcnler %0,05 (karanfil (clove), zerde\u00e7al (curcuma sp.), turun\u00e7gil (citrus sp.), biberiye (rosmarinus sp.), glukozamin (150 mg\/kg), kondroitin (100 mg\/kg). ANAL\u0130T\u0130K B\u0130LE\u015eENLER: Protein: %28, Ya\u011f \u0130\u00e7eri\u011fi: %22 Ham Sel\u00fcloz: %1,5, Ham K\u00fcl: %7,2, Kalsiyum: %2.2, Fosfor: %1.3 \u0130LAVE KATKILAR: Besleyici \u0130laveler: Vitamin A (3a672a) 25,000 IU\/kg, Vitamin D3 (3a671) 1,500 IU\/kg, Vitamin E (3a700) 240 mg\/kg, L-Karnitin 100 mg\/kg, Demir(II) S\u00fclfat Monohidrat 274 mg\/kg (Demir (3b103) 90 mg\/kg), Bak\u0131r S\u00fclfat Pentahidrat 35,4 mg\/kg (Bak\u0131r (3b405) 9 mg\/kg), Mangan S\u00fclfat Monohidrat 30,8 mg\/kg (Mangan (3b503) 10 mg\/kg), \u00c7inko S\u00fclfat Monohidrat 274 mg\/kg (\u00c7inko (3b605) 100 mg\/kg), Anhidre Kalsiyum Iyodat 2,8 mg\/kg (\u0130yot (3b203) 1,8 mg\/kg), Sodyum Selenit 0,55 mg\/kg (Selenyum (3b801) 0,25 mg\/kg). Teknolojik \u0130laveler: Antioksidanlar BESLEME \u00d6NER\u0130LER\u0130: Mamaya, tabloda belirtilen miktarlarda ba\u015flaman\u0131z \u00f6nerilir. G\u00fcnl\u00fck miktar yol g\u00f6stericidir ve hayvan\u0131n aktivitesine, fizyolojik durumuna ve \u00e7evre s\u0131cakl\u0131\u011f\u0131na ba\u011fl\u0131 olarak de\u011fi\u015febilir. Mama ile birlikte her zaman taze ve temiz su bulundurunuz. Mamay\u0131, serin ve kuru bir yerde saklay\u0131n\u0131z.\" \/>\n<meta property=\"og:url\" content=\"https:\/\/anadolupet.com.tr\/en\/product\/pronature-mother-baby-kuru-kopek-mamasi-mini-kuzu-etli-12-kg-102-kg-bonus-paket\/\" \/>\n<meta property=\"og:site_name\" content=\"Anadolu Pet Grup\" \/>\n<meta property=\"article:modified_time\" content=\"2026-02-23T12:51:36+00:00\" \/>\n<meta property=\"og:image\" content=\"https:\/\/anadolupet.com.tr\/wp-content\/uploads\/2026\/02\/286-610003.jpg\" \/>\n\t<meta property=\"og:image:width\" content=\"750\" \/>\n\t<meta property=\"og:image:height\" content=\"750\" \/>\n\t<meta property=\"og:image:type\" content=\"image\/jpeg\" \/>\n<meta name=\"twitter:card\" content=\"summary_large_image\" \/>\n<script type=\"application\/ld+json\" class=\"yoast-schema-graph\">{\"@context\":\"https:\\\/\\\/schema.org\",\"@graph\":[{\"@type\":\"WebPage\",\"@id\":\"https:\\\/\\\/anadolupet.com.tr\\\/en\\\/product\\\/pronature-mother-baby-kuru-kopek-mamasi-mini-kuzu-etli-12-kg-102-kg-bonus-paket\\\/\",\"url\":\"https:\\\/\\\/anadolupet.com.tr\\\/en\\\/product\\\/pronature-mother-baby-kuru-kopek-mamasi-mini-kuzu-etli-12-kg-102-kg-bonus-paket\\\/\",\"name\":\"Pronature Mother & Baby Kuru K\u00f6pek Mamas\u0131 (Mini) Kuzu Etli 12 KG (10+2 KG Bonus Paket) - Anadolu Pet Grup\",\"isPartOf\":{\"@id\":\"https:\\\/\\\/anadolupet.com.tr\\\/#website\"},\"primaryImageOfPage\":{\"@id\":\"https:\\\/\\\/anadolupet.com.tr\\\/en\\\/product\\\/pronature-mother-baby-kuru-kopek-mamasi-mini-kuzu-etli-12-kg-102-kg-bonus-paket\\\/#primaryimage\"},\"image\":{\"@id\":\"https:\\\/\\\/anadolupet.com.tr\\\/en\\\/product\\\/pronature-mother-baby-kuru-kopek-mamasi-mini-kuzu-etli-12-kg-102-kg-bonus-paket\\\/#primaryimage\"},\"thumbnailUrl\":\"https:\\\/\\\/anadolupet.com.tr\\\/wp-content\\\/uploads\\\/2026\\\/02\\\/286-610003.jpg\",\"datePublished\":\"2026-02-14T14:45:12+00:00\",\"dateModified\":\"2026-02-23T12:51:36+00:00\",\"breadcrumb\":{\"@id\":\"https:\\\/\\\/anadolupet.com.tr\\\/en\\\/product\\\/pronature-mother-baby-kuru-kopek-mamasi-mini-kuzu-etli-12-kg-102-kg-bonus-paket\\\/#breadcrumb\"},\"inLanguage\":\"en-US\",\"potentialAction\":[{\"@type\":\"ReadAction\",\"target\":[\"https:\\\/\\\/anadolupet.com.tr\\\/en\\\/product\\\/pronature-mother-baby-kuru-kopek-mamasi-mini-kuzu-etli-12-kg-102-kg-bonus-paket\\\/\"]}]},{\"@type\":\"ImageObject\",\"inLanguage\":\"en-US\",\"@id\":\"https:\\\/\\\/anadolupet.com.tr\\\/en\\\/product\\\/pronature-mother-baby-kuru-kopek-mamasi-mini-kuzu-etli-12-kg-102-kg-bonus-paket\\\/#primaryimage\",\"url\":\"https:\\\/\\\/anadolupet.com.tr\\\/wp-content\\\/uploads\\\/2026\\\/02\\\/286-610003.jpg\",\"contentUrl\":\"https:\\\/\\\/anadolupet.com.tr\\\/wp-content\\\/uploads\\\/2026\\\/02\\\/286-610003.jpg\",\"width\":750,\"height\":750},{\"@type\":\"BreadcrumbList\",\"@id\":\"https:\\\/\\\/anadolupet.com.tr\\\/en\\\/product\\\/pronature-mother-baby-kuru-kopek-mamasi-mini-kuzu-etli-12-kg-102-kg-bonus-paket\\\/#breadcrumb\",\"itemListElement\":[{\"@type\":\"ListItem\",\"position\":1,\"name\":\"Anasayfa\",\"item\":\"https:\\\/\\\/anadolupet.com.tr\\\/\"},{\"@type\":\"ListItem\",\"position\":2,\"name\":\"\u00dcr\u00fcnler\",\"item\":\"https:\\\/\\\/anadolupet.com.tr\\\/urunler\\\/\"},{\"@type\":\"ListItem\",\"position\":3,\"name\":\"Pronature Mother &#038; Baby Kuru K\u00f6pek Mamas\u0131 (Mini) Kuzu Etli 12 KG (10+2 KG Bonus Paket)\"}]},{\"@type\":\"WebSite\",\"@id\":\"https:\\\/\\\/anadolupet.com.tr\\\/#website\",\"url\":\"https:\\\/\\\/anadolupet.com.tr\\\/\",\"name\":\"Anadolu Pet Grup\",\"description\":\"Her Can\u0131n \u0130yi Ya\u015fam\u0131 \u0130\u00e7in Biraraday\u0131z\",\"publisher\":{\"@id\":\"https:\\\/\\\/anadolupet.com.tr\\\/#organization\"},\"potentialAction\":[{\"@type\":\"SearchAction\",\"target\":{\"@type\":\"EntryPoint\",\"urlTemplate\":\"https:\\\/\\\/anadolupet.com.tr\\\/?s={search_term_string}\"},\"query-input\":{\"@type\":\"PropertyValueSpecification\",\"valueRequired\":true,\"valueName\":\"search_term_string\"}}],\"inLanguage\":\"en-US\"},{\"@type\":\"Organization\",\"@id\":\"https:\\\/\\\/anadolupet.com.tr\\\/#organization\",\"name\":\"Anadolu Pet Grup\",\"alternateName\":\"Anadolu Pet\",\"url\":\"https:\\\/\\\/anadolupet.com.tr\\\/\",\"logo\":{\"@type\":\"ImageObject\",\"inLanguage\":\"en-US\",\"@id\":\"https:\\\/\\\/anadolupet.com.tr\\\/#\\\/schema\\\/logo\\\/image\\\/\",\"url\":\"https:\\\/\\\/anadolupet.com.tr\\\/wp-content\\\/uploads\\\/2026\\\/03\\\/1614666743370.jpg\",\"contentUrl\":\"https:\\\/\\\/anadolupet.com.tr\\\/wp-content\\\/uploads\\\/2026\\\/03\\\/1614666743370.jpg\",\"width\":800,\"height\":571,\"caption\":\"Anadolu Pet Grup\"},\"image\":{\"@id\":\"https:\\\/\\\/anadolupet.com.tr\\\/#\\\/schema\\\/logo\\\/image\\\/\"}}]}<\/script>\n<!-- \/ Yoast SEO plugin. -->","yoast_head_json":{"title":"Pronature Mother & Baby Kuru K\u00f6pek Mamas\u0131 (Mini) Kuzu Etli 12 KG (10+2 KG Bonus Paket) - Anadolu Pet Grup","robots":{"index":"index","follow":"follow","max-snippet":"max-snippet:-1","max-image-preview":"max-image-preview:large","max-video-preview":"max-video-preview:-1"},"canonical":"https:\/\/anadolupet.com.tr\/en\/product\/pronature-mother-baby-kuru-kopek-mamasi-mini-kuzu-etli-12-kg-102-kg-bonus-paket\/","og_locale":"en_US","og_type":"article","og_title":"Pronature Mother & Baby Kuru K\u00f6pek Mamas\u0131 (Mini) Kuzu Etli 12 KG (10+2 KG Bonus Paket) - Anadolu Pet Grup","og_description":"G\u00f6rme i\u015flevini destekler: Embriyonik ve f\u00f6tal d\u00f6nemde yavrular\u0131n retinal geli\u015fimlerini destekler. Yeni do\u011fanlarda g\u00f6rme i\u015flevinin geli\u015fimi ve g\u00f6rsel odaklanman\u0131n iyile\u015ftirilmesine katk\u0131 sa\u011flar. Annelerde normal retina fonksiyonlar\u0131n\u0131n uzun s\u00fcreli korunmas\u0131 ve iyile\u015ftirilmesine yard\u0131mc\u0131 olarak ya\u015flanmaya ba\u011fl\u0131 \u015fekillen g\u00f6rme kusurlar\u0131n olu\u015fum s\u0131kl\u0131\u011f\u0131n\u0131 azalt\u0131r. Gebelik ve laktasyon destekleyici: Gebelik ve emzirme d\u00f6nemlerinde artan beslenme gereksinimlerinin (enerji, protein, vitamin ve mineraller gibi) yeterli ve dengeli olarak kar\u015f\u0131lanmas\u0131n\u0131 sa\u011flar. Gebe ve emziren anneler ile b\u00fcy\u00fcme d\u00f6nemindeki yavrular\u0131n ortak kullan\u0131m\u0131na uygun olarak form\u00fcle edilmi\u015ftir. Ba\u011f\u0131\u015f\u0131kl\u0131k sistemi destekleyici: \u0130\u00e7eri\u011findeki bitkisel ekstraktlar, do\u011fal antioksidanlar, vitaminler, l\u00fctein ve di\u011fer aktif biyomolek\u00fcller sayesinde hem anne hem de yavrular\u0131n ba\u011f\u0131\u015f\u0131kl\u0131k sistemini destekler. Hastal\u0131klara ve serbest radikallere (reaktif oksijen t\u00fcrleri) kar\u015f\u0131 korunmaya yard\u0131mc\u0131 olur. N\u00f6rolojik destek: N\u00f6rolojik geli\u015fimde \u00f6nemli rolleri olan Omega 3 ya\u011f asitleri bak\u0131m\u0131ndan zengin i\u00e7eri\u011fi sayesinde yavrular\u0131n do\u011fum \u00f6ncesi ve do\u011fum sonras\u0131 sinir sistemi geli\u015fimini desteklemektedir. S\u00fct emme d\u00f6nemindeki yavrular\u0131n \u00f6\u011frenme yetene\u011finin artmas\u0131na ve haf\u0131zas\u0131n\u0131n g\u00fc\u00e7lenmesine yard\u0131mc\u0131 olur. \u0130\u00c7ER\u0130K: \u0130\u015flenmi\u015f Hayvansal Protein (%5 Kuzu), Bu\u011fday, Tavuk Ya\u011f\u0131, M\u0131s\u0131r, M\u0131s\u0131r Gluteni, Pirin\u00e7 %6, Hidrolize Hayvansal Protein, Bezelye, \u0130\u015flenmi\u015f Somon Proteini, Krill Unu %4, \u015eeker Pancar\u0131, Kurutulmu\u015f Maya, Somon Ya\u011f\u0131 %1, Fruktooligosakkaritler(FOS) %0,6, Potasyum Klor\u00fcr, Sodyum Klor\u00fcr, Sodyum Tripolifosfat, Mannan oligosakkaritler ve beta glukanlar, Kadife \u00e7i\u00e7e\u011fi \u00f6z\u00fc (lutein kayna\u011f\u0131), yucca schidigera %0,1. Meyveler ve baharatlar\u0131n i\u015flenmesi ile elde edilmi\u015f \u00fcr\u00fcnler %0,05 (karanfil (clove), zerde\u00e7al (curcuma sp.), turun\u00e7gil (citrus sp.), biberiye (rosmarinus sp.), glukozamin (150 mg\/kg), kondroitin (100 mg\/kg). ANAL\u0130T\u0130K B\u0130LE\u015eENLER: Protein: %28, Ya\u011f \u0130\u00e7eri\u011fi: %22 Ham Sel\u00fcloz: %1,5, Ham K\u00fcl: %7,2, Kalsiyum: %2.2, Fosfor: %1.3 \u0130LAVE KATKILAR: Besleyici \u0130laveler: Vitamin A (3a672a) 25,000 IU\/kg, Vitamin D3 (3a671) 1,500 IU\/kg, Vitamin E (3a700) 240 mg\/kg, L-Karnitin 100 mg\/kg, Demir(II) S\u00fclfat Monohidrat 274 mg\/kg (Demir (3b103) 90 mg\/kg), Bak\u0131r S\u00fclfat Pentahidrat 35,4 mg\/kg (Bak\u0131r (3b405) 9 mg\/kg), Mangan S\u00fclfat Monohidrat 30,8 mg\/kg (Mangan (3b503) 10 mg\/kg), \u00c7inko S\u00fclfat Monohidrat 274 mg\/kg (\u00c7inko (3b605) 100 mg\/kg), Anhidre Kalsiyum Iyodat 2,8 mg\/kg (\u0130yot (3b203) 1,8 mg\/kg), Sodyum Selenit 0,55 mg\/kg (Selenyum (3b801) 0,25 mg\/kg). Teknolojik \u0130laveler: Antioksidanlar BESLEME \u00d6NER\u0130LER\u0130: Mamaya, tabloda belirtilen miktarlarda ba\u015flaman\u0131z \u00f6nerilir. G\u00fcnl\u00fck miktar yol g\u00f6stericidir ve hayvan\u0131n aktivitesine, fizyolojik durumuna ve \u00e7evre s\u0131cakl\u0131\u011f\u0131na ba\u011fl\u0131 olarak de\u011fi\u015febilir. Mama ile birlikte her zaman taze ve temiz su bulundurunuz. Mamay\u0131, serin ve kuru bir yerde saklay\u0131n\u0131z.","og_url":"https:\/\/anadolupet.com.tr\/en\/product\/pronature-mother-baby-kuru-kopek-mamasi-mini-kuzu-etli-12-kg-102-kg-bonus-paket\/","og_site_name":"Anadolu Pet Grup","article_modified_time":"2026-02-23T12:51:36+00:00","og_image":[{"width":750,"height":750,"url":"https:\/\/anadolupet.com.tr\/wp-content\/uploads\/2026\/02\/286-610003.jpg","type":"image\/jpeg"}],"twitter_card":"summary_large_image","schema":{"@context":"https:\/\/schema.org","@graph":[{"@type":"WebPage","@id":"https:\/\/anadolupet.com.tr\/en\/product\/pronature-mother-baby-kuru-kopek-mamasi-mini-kuzu-etli-12-kg-102-kg-bonus-paket\/","url":"https:\/\/anadolupet.com.tr\/en\/product\/pronature-mother-baby-kuru-kopek-mamasi-mini-kuzu-etli-12-kg-102-kg-bonus-paket\/","name":"Pronature Mother & Baby Kuru K\u00f6pek Mamas\u0131 (Mini) Kuzu Etli 12 KG (10+2 KG Bonus Paket) - Anadolu Pet Grup","isPartOf":{"@id":"https:\/\/anadolupet.com.tr\/#website"},"primaryImageOfPage":{"@id":"https:\/\/anadolupet.com.tr\/en\/product\/pronature-mother-baby-kuru-kopek-mamasi-mini-kuzu-etli-12-kg-102-kg-bonus-paket\/#primaryimage"},"image":{"@id":"https:\/\/anadolupet.com.tr\/en\/product\/pronature-mother-baby-kuru-kopek-mamasi-mini-kuzu-etli-12-kg-102-kg-bonus-paket\/#primaryimage"},"thumbnailUrl":"https:\/\/anadolupet.com.tr\/wp-content\/uploads\/2026\/02\/286-610003.jpg","datePublished":"2026-02-14T14:45:12+00:00","dateModified":"2026-02-23T12:51:36+00:00","breadcrumb":{"@id":"https:\/\/anadolupet.com.tr\/en\/product\/pronature-mother-baby-kuru-kopek-mamasi-mini-kuzu-etli-12-kg-102-kg-bonus-paket\/#breadcrumb"},"inLanguage":"en-US","potentialAction":[{"@type":"ReadAction","target":["https:\/\/anadolupet.com.tr\/en\/product\/pronature-mother-baby-kuru-kopek-mamasi-mini-kuzu-etli-12-kg-102-kg-bonus-paket\/"]}]},{"@type":"ImageObject","inLanguage":"en-US","@id":"https:\/\/anadolupet.com.tr\/en\/product\/pronature-mother-baby-kuru-kopek-mamasi-mini-kuzu-etli-12-kg-102-kg-bonus-paket\/#primaryimage","url":"https:\/\/anadolupet.com.tr\/wp-content\/uploads\/2026\/02\/286-610003.jpg","contentUrl":"https:\/\/anadolupet.com.tr\/wp-content\/uploads\/2026\/02\/286-610003.jpg","width":750,"height":750},{"@type":"BreadcrumbList","@id":"https:\/\/anadolupet.com.tr\/en\/product\/pronature-mother-baby-kuru-kopek-mamasi-mini-kuzu-etli-12-kg-102-kg-bonus-paket\/#breadcrumb","itemListElement":[{"@type":"ListItem","position":1,"name":"Anasayfa","item":"https:\/\/anadolupet.com.tr\/"},{"@type":"ListItem","position":2,"name":"\u00dcr\u00fcnler","item":"https:\/\/anadolupet.com.tr\/urunler\/"},{"@type":"ListItem","position":3,"name":"Pronature Mother &#038; Baby Kuru K\u00f6pek Mamas\u0131 (Mini) Kuzu Etli 12 KG (10+2 KG Bonus Paket)"}]},{"@type":"WebSite","@id":"https:\/\/anadolupet.com.tr\/#website","url":"https:\/\/anadolupet.com.tr\/","name":"Anadolu Pet Group","description":"We Stand Together for the Well-Being of Every Life","publisher":{"@id":"https:\/\/anadolupet.com.tr\/#organization"},"potentialAction":[{"@type":"SearchAction","target":{"@type":"EntryPoint","urlTemplate":"https:\/\/anadolupet.com.tr\/?s={search_term_string}"},"query-input":{"@type":"PropertyValueSpecification","valueRequired":true,"valueName":"search_term_string"}}],"inLanguage":"en-US"},{"@type":"Organization","@id":"https:\/\/anadolupet.com.tr\/#organization","name":"Anadolu Pet Group","alternateName":"Anadolu Pet","url":"https:\/\/anadolupet.com.tr\/","logo":{"@type":"ImageObject","inLanguage":"en-US","@id":"https:\/\/anadolupet.com.tr\/#\/schema\/logo\/image\/","url":"https:\/\/anadolupet.com.tr\/wp-content\/uploads\/2026\/03\/1614666743370.jpg","contentUrl":"https:\/\/anadolupet.com.tr\/wp-content\/uploads\/2026\/03\/1614666743370.jpg","width":800,"height":571,"caption":"Anadolu Pet Grup"},"image":{"@id":"https:\/\/anadolupet.com.tr\/#\/schema\/logo\/image\/"}}]}},"_links":{"self":[{"href":"https:\/\/anadolupet.com.tr\/en\/wp-json\/wp\/v2\/product\/45947","targetHints":{"allow":["GET"]}}],"collection":[{"href":"https:\/\/anadolupet.com.tr\/en\/wp-json\/wp\/v2\/product"}],"about":[{"href":"https:\/\/anadolupet.com.tr\/en\/wp-json\/wp\/v2\/types\/product"}],"replies":[{"embeddable":true,"href":"https:\/\/anadolupet.com.tr\/en\/wp-json\/wp\/v2\/comments?post=45947"}],"wp:featuredmedia":[{"embeddable":true,"href":"https:\/\/anadolupet.com.tr\/en\/wp-json\/wp\/v2\/media\/43646"}],"wp:attachment":[{"href":"https:\/\/anadolupet.com.tr\/en\/wp-json\/wp\/v2\/media?parent=45947"}],"wp:term":[{"taxonomy":"product_brand","embeddable":true,"href":"https:\/\/anadolupet.com.tr\/en\/wp-json\/wp\/v2\/product_brand?post=45947"},{"taxonomy":"product_cat","embeddable":true,"href":"https:\/\/anadolupet.com.tr\/en\/wp-json\/wp\/v2\/product_cat?post=45947"},{"taxonomy":"product_tag","embeddable":true,"href":"https:\/\/anadolupet.com.tr\/en\/wp-json\/wp\/v2\/product_tag?post=45947"}],"curies":[{"name":"wp","href":"https:\/\/api.w.org\/{rel}","templated":true}]}}