{"id":45951,"date":"2026-02-14T14:45:12","date_gmt":"2026-02-14T14:45:12","guid":{"rendered":"https:\/\/anadolupet.com.tr\/?post_type=product&#038;p=45951"},"modified":"2026-02-23T12:51:36","modified_gmt":"2026-02-23T12:51:36","slug":"pronature-puppy-no-grain-lamb-formula","status":"publish","type":"product","link":"https:\/\/anadolupet.com.tr\/en\/urun\/pronature-puppy-no-grain-lamb-formula\/","title":{"rendered":"Pronature Puppy No Grain Lamb Formula"},"content":{"rendered":"","protected":false},"excerpt":{"rendered":"<p>Yavru K\u00f6pekler i\u00e7in Tam ve Dengeli Tah\u0131ls\u0131z Mama<br \/>\nEnginar, patates ve kuzu eti i\u00e7eri\u011fi ile yavru ve b\u00fcy\u00fcme d\u00f6nemindeki k\u00f6pekler i\u00e7in tam ve dengeli mama. Pronature Perfect Growth, 2 ayl\u0131k ya\u015ftan yeti\u015fkin oluncaya kadarki d\u00f6nemde yavru k\u00f6peklerin t\u00fcm besin maddesi ihtiya\u00e7lar\u0131n\u0131n eksiksiz kar\u015f\u0131lanmas\u0131 ve sa\u011fl\u0131kl\u0131 bir b\u00fcy\u00fcme periyodu ge\u00e7irmesi i\u00e7in \u00f6zel olarak form\u00fcle edilmi\u015ftir.<br \/>\nDi\u015f Sa\u011fl\u0131\u011f\u0131<br \/>\n\u0130\u00e7eri\u011findeki Sodyum Tripolifosfat sayesinde di\u015f sa\u011fl\u0131\u011f\u0131n\u0131 korur.<br \/>\nYa\u015flanmaya Kar\u015f\u0131 Etki<br \/>\nSerbest radikallere kar\u015f\u0131 antioksidan \u00f6zelli\u011fine sahip bitki ekstraktlar\u0131 i\u00e7eri\u011fi sayesinde ya\u015flanma kar\u015f\u0131t\u0131 etkiye sahiptir.<br \/>\nPrebiyotik Aktivite<br \/>\nPrebiyotik aktiviteye sahip Frukto oligosakkaritler (FOS) ile form\u00fcle edilmi\u015ftir.<br \/>\nSindirim Deste\u011fi<br \/>\nEtkili bir sindirim ve besin maddelerinin emilimini art\u0131rmak i\u00e7in y\u00fcksek kaliteli ham maddelerden \u00fcretilmi\u015ftir.<br \/>\n\u0130\u00c7ER\u0130K<br \/>\n\u0130\u015flenmi\u015f Hayvansal Protein (%4 Lamb), Patates %25, Bezelye, \u0130\u015flenmi\u015f Bal\u0131k Proteini, Tavuk Ya\u011f\u0131, Hidrolize Hayvansal Protein, \u015eeker Pancar\u0131, Kurutulmu\u015f Enginar (%1), Fruktooligosakkaritler (FOS) %0,5, Potasyum Klor\u00fcr, Sodyum Klor\u00fcr, Sodyum Tripolifosfat %0,2, yucca schidigera %0,1, Prebiyotik Mannan Oligosakkaritler ve B-Glukan, Meyveler ve baharatlar\u0131n i\u015flenmesi ile elde edilmi\u015f \u00fcr\u00fcnler %0,05 (karanfil (clove), zerde\u00e7al (curcuma sp.), turun\u00e7gil (citrus sp.), biberiye (rosmarinus sp.), \u00fcz\u00fcm \u00e7ekirde\u011fi (vitis sp.)<br \/>\nANAL\u0130T\u0130K B\u0130LE\u015eENLER<br \/>\nProtein: %32.0, Ya\u011f \u0130\u00e7eri\u011fi: %20.0 Ham Sel\u00fcloz: %2.5, Ham K\u00fcl: %7.2, Kalsiyum: %1.9, Fosfor: %0.7, Magnezyum: %0.08<br \/>\nBESLEY\u0130C\u0130 \u0130LAVELER<br \/>\nVitamin A (3a672a) 25,000 IU\/kg, Vitamin D3 (3a671) 1,500 IU\/kg, Vitamin E (3a700) 240 mg\/kg, Demir(II) s\u00fclfat monohidrat 274 mg\/kg (Demir (3b103) 90 mg\/kg), Bak\u0131r s\u00fclfat pentahidrat 35,4 mg\/kg (Bak\u0131r (3b405) 9 mg\/kg), Mangan s\u00fclfat monohidrat 30,8 mg\/kg (Mangan (3b503) 10 mg\/kg), \u00c7inko s\u00fclfat monohidrat 274 mg(kg (\u00c7inko (3b605) 100 mg\/kg), Anhidre kalsiyum iyodat 2,8 mg\/kg (\u0130yot (3b203) 1,8mg\/kg), Sodyum Selenit 0,55 mg\/kg (Selenyum (3b802) 0,25 mg\/kg).<br \/>\nTEKNOLOJ\u0130K \u0130LAVELER<br \/>\nAntioksidanlar<\/p>","protected":false},"featured_media":43638,"comment_status":"open","ping_status":"closed","template":"","meta":{"_acf_changed":false},"product_brand":[],"product_cat":[2463],"product_tag":[],"class_list":{"0":"post-45951","1":"product","2":"type-product","3":"status-publish","4":"has-post-thumbnail","6":"product_cat-yavru-kopek-mamalari","8":"first","9":"instock","10":"shipping-taxable","11":"product-type-simple"},"acf":[],"yoast_head":"<!-- This site is optimized with the Yoast SEO plugin v27.5 - https:\/\/yoast.com\/product\/yoast-seo-wordpress\/ -->\n<title>Pronature Puppy No Grain Lamb Formula - Anadolu Pet Grup<\/title>\n<meta name=\"robots\" content=\"index, follow, max-snippet:-1, max-image-preview:large, max-video-preview:-1\" \/>\n<link rel=\"canonical\" href=\"https:\/\/anadolupet.com.tr\/en\/product\/pronature-puppy-no-grain-lamb-formula\/\" \/>\n<meta property=\"og:locale\" content=\"en_US\" \/>\n<meta property=\"og:type\" content=\"article\" \/>\n<meta property=\"og:title\" content=\"Pronature Puppy No Grain Lamb Formula - Anadolu Pet Grup\" \/>\n<meta property=\"og:description\" content=\"Yavru K\u00f6pekler i\u00e7in Tam ve Dengeli Tah\u0131ls\u0131z Mama Enginar, patates ve kuzu eti i\u00e7eri\u011fi ile yavru ve b\u00fcy\u00fcme d\u00f6nemindeki k\u00f6pekler i\u00e7in tam ve dengeli mama. Pronature Perfect Growth, 2 ayl\u0131k ya\u015ftan yeti\u015fkin oluncaya kadarki d\u00f6nemde yavru k\u00f6peklerin t\u00fcm besin maddesi ihtiya\u00e7lar\u0131n\u0131n eksiksiz kar\u015f\u0131lanmas\u0131 ve sa\u011fl\u0131kl\u0131 bir b\u00fcy\u00fcme periyodu ge\u00e7irmesi i\u00e7in \u00f6zel olarak form\u00fcle edilmi\u015ftir. Di\u015f Sa\u011fl\u0131\u011f\u0131 \u0130\u00e7eri\u011findeki Sodyum Tripolifosfat sayesinde di\u015f sa\u011fl\u0131\u011f\u0131n\u0131 korur. Ya\u015flanmaya Kar\u015f\u0131 Etki Serbest radikallere kar\u015f\u0131 antioksidan \u00f6zelli\u011fine sahip bitki ekstraktlar\u0131 i\u00e7eri\u011fi sayesinde ya\u015flanma kar\u015f\u0131t\u0131 etkiye sahiptir. Prebiyotik Aktivite Prebiyotik aktiviteye sahip Frukto oligosakkaritler (FOS) ile form\u00fcle edilmi\u015ftir. Sindirim Deste\u011fi Etkili bir sindirim ve besin maddelerinin emilimini art\u0131rmak i\u00e7in y\u00fcksek kaliteli ham maddelerden \u00fcretilmi\u015ftir. \u0130\u00c7ER\u0130K \u0130\u015flenmi\u015f Hayvansal Protein (%4 Lamb), Patates %25, Bezelye, \u0130\u015flenmi\u015f Bal\u0131k Proteini, Tavuk Ya\u011f\u0131, Hidrolize Hayvansal Protein, \u015eeker Pancar\u0131, Kurutulmu\u015f Enginar (%1), Fruktooligosakkaritler (FOS) %0,5, Potasyum Klor\u00fcr, Sodyum Klor\u00fcr, Sodyum Tripolifosfat %0,2, yucca schidigera %0,1, Prebiyotik Mannan Oligosakkaritler ve B-Glukan, Meyveler ve baharatlar\u0131n i\u015flenmesi ile elde edilmi\u015f \u00fcr\u00fcnler %0,05 (karanfil (clove), zerde\u00e7al (curcuma sp.), turun\u00e7gil (citrus sp.), biberiye (rosmarinus sp.), \u00fcz\u00fcm \u00e7ekirde\u011fi (vitis sp.) ANAL\u0130T\u0130K B\u0130LE\u015eENLER Protein: %32.0, Ya\u011f \u0130\u00e7eri\u011fi: %20.0 Ham Sel\u00fcloz: %2.5, Ham K\u00fcl: %7.2, Kalsiyum: %1.9, Fosfor: %0.7, Magnezyum: %0.08 BESLEY\u0130C\u0130 \u0130LAVELER Vitamin A (3a672a) 25,000 IU\/kg, Vitamin D3 (3a671) 1,500 IU\/kg, Vitamin E (3a700) 240 mg\/kg, Demir(II) s\u00fclfat monohidrat 274 mg\/kg (Demir (3b103) 90 mg\/kg), Bak\u0131r s\u00fclfat pentahidrat 35,4 mg\/kg (Bak\u0131r (3b405) 9 mg\/kg), Mangan s\u00fclfat monohidrat 30,8 mg\/kg (Mangan (3b503) 10 mg\/kg), \u00c7inko s\u00fclfat monohidrat 274 mg(kg (\u00c7inko (3b605) 100 mg\/kg), Anhidre kalsiyum iyodat 2,8 mg\/kg (\u0130yot (3b203) 1,8mg\/kg), Sodyum Selenit 0,55 mg\/kg (Selenyum (3b802) 0,25 mg\/kg). TEKNOLOJ\u0130K \u0130LAVELER Antioksidanlar\" \/>\n<meta property=\"og:url\" content=\"https:\/\/anadolupet.com.tr\/en\/product\/pronature-puppy-no-grain-lamb-formula\/\" \/>\n<meta property=\"og:site_name\" content=\"Anadolu Pet Grup\" \/>\n<meta property=\"article:modified_time\" content=\"2026-02-23T12:51:36+00:00\" \/>\n<meta property=\"og:image\" content=\"https:\/\/anadolupet.com.tr\/wp-content\/uploads\/2026\/02\/286-200003.jpg\" \/>\n\t<meta property=\"og:image:width\" content=\"750\" \/>\n\t<meta property=\"og:image:height\" content=\"750\" \/>\n\t<meta property=\"og:image:type\" content=\"image\/jpeg\" \/>\n<meta name=\"twitter:card\" content=\"summary_large_image\" \/>\n<script type=\"application\/ld+json\" class=\"yoast-schema-graph\">{\"@context\":\"https:\\\/\\\/schema.org\",\"@graph\":[{\"@type\":\"WebPage\",\"@id\":\"https:\\\/\\\/anadolupet.com.tr\\\/urun\\\/pronature-puppy-no-grain-lamb-formula\\\/\",\"url\":\"https:\\\/\\\/anadolupet.com.tr\\\/urun\\\/pronature-puppy-no-grain-lamb-formula\\\/\",\"name\":\"Pronature Puppy No Grain Lamb Formula - Anadolu Pet Grup\",\"isPartOf\":{\"@id\":\"https:\\\/\\\/anadolupet.com.tr\\\/#website\"},\"primaryImageOfPage\":{\"@id\":\"https:\\\/\\\/anadolupet.com.tr\\\/urun\\\/pronature-puppy-no-grain-lamb-formula\\\/#primaryimage\"},\"image\":{\"@id\":\"https:\\\/\\\/anadolupet.com.tr\\\/urun\\\/pronature-puppy-no-grain-lamb-formula\\\/#primaryimage\"},\"thumbnailUrl\":\"https:\\\/\\\/anadolupet.com.tr\\\/wp-content\\\/uploads\\\/2026\\\/02\\\/286-200003.jpg\",\"datePublished\":\"2026-02-14T14:45:12+00:00\",\"dateModified\":\"2026-02-23T12:51:36+00:00\",\"breadcrumb\":{\"@id\":\"https:\\\/\\\/anadolupet.com.tr\\\/urun\\\/pronature-puppy-no-grain-lamb-formula\\\/#breadcrumb\"},\"inLanguage\":\"en-US\",\"potentialAction\":[{\"@type\":\"ReadAction\",\"target\":[\"https:\\\/\\\/anadolupet.com.tr\\\/urun\\\/pronature-puppy-no-grain-lamb-formula\\\/\"]}]},{\"@type\":\"ImageObject\",\"inLanguage\":\"en-US\",\"@id\":\"https:\\\/\\\/anadolupet.com.tr\\\/urun\\\/pronature-puppy-no-grain-lamb-formula\\\/#primaryimage\",\"url\":\"https:\\\/\\\/anadolupet.com.tr\\\/wp-content\\\/uploads\\\/2026\\\/02\\\/286-200003.jpg\",\"contentUrl\":\"https:\\\/\\\/anadolupet.com.tr\\\/wp-content\\\/uploads\\\/2026\\\/02\\\/286-200003.jpg\",\"width\":750,\"height\":750},{\"@type\":\"BreadcrumbList\",\"@id\":\"https:\\\/\\\/anadolupet.com.tr\\\/urun\\\/pronature-puppy-no-grain-lamb-formula\\\/#breadcrumb\",\"itemListElement\":[{\"@type\":\"ListItem\",\"position\":1,\"name\":\"Anasayfa\",\"item\":\"https:\\\/\\\/anadolupet.com.tr\\\/\"},{\"@type\":\"ListItem\",\"position\":2,\"name\":\"\u00dcr\u00fcnler\",\"item\":\"https:\\\/\\\/anadolupet.com.tr\\\/urunler\\\/\"},{\"@type\":\"ListItem\",\"position\":3,\"name\":\"Pronature Puppy No Grain Lamb Formula\"}]},{\"@type\":\"WebSite\",\"@id\":\"https:\\\/\\\/anadolupet.com.tr\\\/#website\",\"url\":\"https:\\\/\\\/anadolupet.com.tr\\\/\",\"name\":\"Anadolu Pet Grup\",\"description\":\"Her Can\u0131n \u0130yi Ya\u015fam\u0131 \u0130\u00e7in Biraraday\u0131z\",\"publisher\":{\"@id\":\"https:\\\/\\\/anadolupet.com.tr\\\/#organization\"},\"potentialAction\":[{\"@type\":\"SearchAction\",\"target\":{\"@type\":\"EntryPoint\",\"urlTemplate\":\"https:\\\/\\\/anadolupet.com.tr\\\/?s={search_term_string}\"},\"query-input\":{\"@type\":\"PropertyValueSpecification\",\"valueRequired\":true,\"valueName\":\"search_term_string\"}}],\"inLanguage\":\"en-US\"},{\"@type\":\"Organization\",\"@id\":\"https:\\\/\\\/anadolupet.com.tr\\\/#organization\",\"name\":\"Anadolu Pet Grup\",\"alternateName\":\"Anadolu Pet\",\"url\":\"https:\\\/\\\/anadolupet.com.tr\\\/\",\"logo\":{\"@type\":\"ImageObject\",\"inLanguage\":\"en-US\",\"@id\":\"https:\\\/\\\/anadolupet.com.tr\\\/#\\\/schema\\\/logo\\\/image\\\/\",\"url\":\"https:\\\/\\\/anadolupet.com.tr\\\/wp-content\\\/uploads\\\/2026\\\/03\\\/1614666743370.jpg\",\"contentUrl\":\"https:\\\/\\\/anadolupet.com.tr\\\/wp-content\\\/uploads\\\/2026\\\/03\\\/1614666743370.jpg\",\"width\":800,\"height\":571,\"caption\":\"Anadolu Pet Grup\"},\"image\":{\"@id\":\"https:\\\/\\\/anadolupet.com.tr\\\/#\\\/schema\\\/logo\\\/image\\\/\"}}]}<\/script>\n<!-- \/ Yoast SEO plugin. -->","yoast_head_json":{"title":"Pronature Puppy No Grain Lamb Formula - Anadolu Pet Grup","robots":{"index":"index","follow":"follow","max-snippet":"max-snippet:-1","max-image-preview":"max-image-preview:large","max-video-preview":"max-video-preview:-1"},"canonical":"https:\/\/anadolupet.com.tr\/en\/product\/pronature-puppy-no-grain-lamb-formula\/","og_locale":"en_US","og_type":"article","og_title":"Pronature Puppy No Grain Lamb Formula - Anadolu Pet Grup","og_description":"Yavru K\u00f6pekler i\u00e7in Tam ve Dengeli Tah\u0131ls\u0131z Mama Enginar, patates ve kuzu eti i\u00e7eri\u011fi ile yavru ve b\u00fcy\u00fcme d\u00f6nemindeki k\u00f6pekler i\u00e7in tam ve dengeli mama. Pronature Perfect Growth, 2 ayl\u0131k ya\u015ftan yeti\u015fkin oluncaya kadarki d\u00f6nemde yavru k\u00f6peklerin t\u00fcm besin maddesi ihtiya\u00e7lar\u0131n\u0131n eksiksiz kar\u015f\u0131lanmas\u0131 ve sa\u011fl\u0131kl\u0131 bir b\u00fcy\u00fcme periyodu ge\u00e7irmesi i\u00e7in \u00f6zel olarak form\u00fcle edilmi\u015ftir. Di\u015f Sa\u011fl\u0131\u011f\u0131 \u0130\u00e7eri\u011findeki Sodyum Tripolifosfat sayesinde di\u015f sa\u011fl\u0131\u011f\u0131n\u0131 korur. Ya\u015flanmaya Kar\u015f\u0131 Etki Serbest radikallere kar\u015f\u0131 antioksidan \u00f6zelli\u011fine sahip bitki ekstraktlar\u0131 i\u00e7eri\u011fi sayesinde ya\u015flanma kar\u015f\u0131t\u0131 etkiye sahiptir. Prebiyotik Aktivite Prebiyotik aktiviteye sahip Frukto oligosakkaritler (FOS) ile form\u00fcle edilmi\u015ftir. Sindirim Deste\u011fi Etkili bir sindirim ve besin maddelerinin emilimini art\u0131rmak i\u00e7in y\u00fcksek kaliteli ham maddelerden \u00fcretilmi\u015ftir. \u0130\u00c7ER\u0130K \u0130\u015flenmi\u015f Hayvansal Protein (%4 Lamb), Patates %25, Bezelye, \u0130\u015flenmi\u015f Bal\u0131k Proteini, Tavuk Ya\u011f\u0131, Hidrolize Hayvansal Protein, \u015eeker Pancar\u0131, Kurutulmu\u015f Enginar (%1), Fruktooligosakkaritler (FOS) %0,5, Potasyum Klor\u00fcr, Sodyum Klor\u00fcr, Sodyum Tripolifosfat %0,2, yucca schidigera %0,1, Prebiyotik Mannan Oligosakkaritler ve B-Glukan, Meyveler ve baharatlar\u0131n i\u015flenmesi ile elde edilmi\u015f \u00fcr\u00fcnler %0,05 (karanfil (clove), zerde\u00e7al (curcuma sp.), turun\u00e7gil (citrus sp.), biberiye (rosmarinus sp.), \u00fcz\u00fcm \u00e7ekirde\u011fi (vitis sp.) ANAL\u0130T\u0130K B\u0130LE\u015eENLER Protein: %32.0, Ya\u011f \u0130\u00e7eri\u011fi: %20.0 Ham Sel\u00fcloz: %2.5, Ham K\u00fcl: %7.2, Kalsiyum: %1.9, Fosfor: %0.7, Magnezyum: %0.08 BESLEY\u0130C\u0130 \u0130LAVELER Vitamin A (3a672a) 25,000 IU\/kg, Vitamin D3 (3a671) 1,500 IU\/kg, Vitamin E (3a700) 240 mg\/kg, Demir(II) s\u00fclfat monohidrat 274 mg\/kg (Demir (3b103) 90 mg\/kg), Bak\u0131r s\u00fclfat pentahidrat 35,4 mg\/kg (Bak\u0131r (3b405) 9 mg\/kg), Mangan s\u00fclfat monohidrat 30,8 mg\/kg (Mangan (3b503) 10 mg\/kg), \u00c7inko s\u00fclfat monohidrat 274 mg(kg (\u00c7inko (3b605) 100 mg\/kg), Anhidre kalsiyum iyodat 2,8 mg\/kg (\u0130yot (3b203) 1,8mg\/kg), Sodyum Selenit 0,55 mg\/kg (Selenyum (3b802) 0,25 mg\/kg). TEKNOLOJ\u0130K \u0130LAVELER Antioksidanlar","og_url":"https:\/\/anadolupet.com.tr\/en\/product\/pronature-puppy-no-grain-lamb-formula\/","og_site_name":"Anadolu Pet Grup","article_modified_time":"2026-02-23T12:51:36+00:00","og_image":[{"width":750,"height":750,"url":"https:\/\/anadolupet.com.tr\/wp-content\/uploads\/2026\/02\/286-200003.jpg","type":"image\/jpeg"}],"twitter_card":"summary_large_image","schema":{"@context":"https:\/\/schema.org","@graph":[{"@type":"WebPage","@id":"https:\/\/anadolupet.com.tr\/urun\/pronature-puppy-no-grain-lamb-formula\/","url":"https:\/\/anadolupet.com.tr\/urun\/pronature-puppy-no-grain-lamb-formula\/","name":"Pronature Puppy No Grain Lamb Formula - Anadolu Pet Grup","isPartOf":{"@id":"https:\/\/anadolupet.com.tr\/#website"},"primaryImageOfPage":{"@id":"https:\/\/anadolupet.com.tr\/urun\/pronature-puppy-no-grain-lamb-formula\/#primaryimage"},"image":{"@id":"https:\/\/anadolupet.com.tr\/urun\/pronature-puppy-no-grain-lamb-formula\/#primaryimage"},"thumbnailUrl":"https:\/\/anadolupet.com.tr\/wp-content\/uploads\/2026\/02\/286-200003.jpg","datePublished":"2026-02-14T14:45:12+00:00","dateModified":"2026-02-23T12:51:36+00:00","breadcrumb":{"@id":"https:\/\/anadolupet.com.tr\/urun\/pronature-puppy-no-grain-lamb-formula\/#breadcrumb"},"inLanguage":"en-US","potentialAction":[{"@type":"ReadAction","target":["https:\/\/anadolupet.com.tr\/urun\/pronature-puppy-no-grain-lamb-formula\/"]}]},{"@type":"ImageObject","inLanguage":"en-US","@id":"https:\/\/anadolupet.com.tr\/urun\/pronature-puppy-no-grain-lamb-formula\/#primaryimage","url":"https:\/\/anadolupet.com.tr\/wp-content\/uploads\/2026\/02\/286-200003.jpg","contentUrl":"https:\/\/anadolupet.com.tr\/wp-content\/uploads\/2026\/02\/286-200003.jpg","width":750,"height":750},{"@type":"BreadcrumbList","@id":"https:\/\/anadolupet.com.tr\/urun\/pronature-puppy-no-grain-lamb-formula\/#breadcrumb","itemListElement":[{"@type":"ListItem","position":1,"name":"Anasayfa","item":"https:\/\/anadolupet.com.tr\/"},{"@type":"ListItem","position":2,"name":"\u00dcr\u00fcnler","item":"https:\/\/anadolupet.com.tr\/urunler\/"},{"@type":"ListItem","position":3,"name":"Pronature Puppy No Grain Lamb Formula"}]},{"@type":"WebSite","@id":"https:\/\/anadolupet.com.tr\/#website","url":"https:\/\/anadolupet.com.tr\/","name":"Anadolu Pet Group","description":"We Stand Together for the Well-Being of Every Life","publisher":{"@id":"https:\/\/anadolupet.com.tr\/#organization"},"potentialAction":[{"@type":"SearchAction","target":{"@type":"EntryPoint","urlTemplate":"https:\/\/anadolupet.com.tr\/?s={search_term_string}"},"query-input":{"@type":"PropertyValueSpecification","valueRequired":true,"valueName":"search_term_string"}}],"inLanguage":"en-US"},{"@type":"Organization","@id":"https:\/\/anadolupet.com.tr\/#organization","name":"Anadolu Pet Group","alternateName":"Anadolu Pet","url":"https:\/\/anadolupet.com.tr\/","logo":{"@type":"ImageObject","inLanguage":"en-US","@id":"https:\/\/anadolupet.com.tr\/#\/schema\/logo\/image\/","url":"https:\/\/anadolupet.com.tr\/wp-content\/uploads\/2026\/03\/1614666743370.jpg","contentUrl":"https:\/\/anadolupet.com.tr\/wp-content\/uploads\/2026\/03\/1614666743370.jpg","width":800,"height":571,"caption":"Anadolu Pet Grup"},"image":{"@id":"https:\/\/anadolupet.com.tr\/#\/schema\/logo\/image\/"}}]}},"_links":{"self":[{"href":"https:\/\/anadolupet.com.tr\/en\/wp-json\/wp\/v2\/product\/45951","targetHints":{"allow":["GET"]}}],"collection":[{"href":"https:\/\/anadolupet.com.tr\/en\/wp-json\/wp\/v2\/product"}],"about":[{"href":"https:\/\/anadolupet.com.tr\/en\/wp-json\/wp\/v2\/types\/product"}],"replies":[{"embeddable":true,"href":"https:\/\/anadolupet.com.tr\/en\/wp-json\/wp\/v2\/comments?post=45951"}],"wp:featuredmedia":[{"embeddable":true,"href":"https:\/\/anadolupet.com.tr\/en\/wp-json\/wp\/v2\/media\/43638"}],"wp:attachment":[{"href":"https:\/\/anadolupet.com.tr\/en\/wp-json\/wp\/v2\/media?parent=45951"}],"wp:term":[{"taxonomy":"product_brand","embeddable":true,"href":"https:\/\/anadolupet.com.tr\/en\/wp-json\/wp\/v2\/product_brand?post=45951"},{"taxonomy":"product_cat","embeddable":true,"href":"https:\/\/anadolupet.com.tr\/en\/wp-json\/wp\/v2\/product_cat?post=45951"},{"taxonomy":"product_tag","embeddable":true,"href":"https:\/\/anadolupet.com.tr\/en\/wp-json\/wp\/v2\/product_tag?post=45951"}],"curies":[{"name":"wp","href":"https:\/\/api.w.org\/{rel}","templated":true}]}}