{"id":45954,"date":"2026-02-14T14:45:13","date_gmt":"2026-02-14T14:45:13","guid":{"rendered":"https:\/\/anadolupet.com.tr\/urun\/moderna-trendy-midye-desenli-kapali-kedi-tuvaleti-57cm\/"},"modified":"2026-02-23T12:51:36","modified_gmt":"2026-02-23T12:51:36","slug":"moderna-trendy-midye-desenli-kapali-kedi-tuvaleti-57cm","status":"publish","type":"product","link":"https:\/\/anadolupet.com.tr\/en\/urun\/moderna-trendy-midye-desenli-kapali-kedi-tuvaleti-57cm\/","title":{"rendered":"Moderna Trendy Midye Desenli Kapal\u0131 Kedi Tuvaleti &#8211; 57CM"},"content":{"rendered":"","protected":false},"excerpt":{"rendered":"<p>Moderna Trendy Midye Desenli Kapal\u0131 Kedi Tuvaleti \u2013 57 cm<br \/>\n\u015e\u0131kl\u0131k ve fonksiyonelli\u011fi bir arada sunan \u00f6zel tasar\u0131m! Modern kabuk\u2013midye desenli g\u00f6r\u00fcn\u00fcm\u00fcyle ev dekorasyonuna estetik bir dokunu\u015f katan Moderna Trendy Kapal\u0131 Kedi Tuvaleti, kedinizin konforunu art\u0131r\u0131rken evinizde hijyenik bir ortam sa\u011flar. Kapal\u0131 yap\u0131s\u0131 sayesinde k\u00f6t\u00fc kokular\u0131 hapseder, kum sa\u00e7\u0131lmas\u0131n\u0131 minimuma indirir.<br \/>\n\u00d6ne \u00c7\u0131kan \u00d6zellikler<br \/>\n\u015e\u0131k Midye Desenli Tasar\u0131m Modern ve zarif g\u00f6r\u00fcn\u00fcm\u00fcyle evinizde dekoratif bir detay olarak \u00f6ne \u00e7\u0131kar.<br \/>\nKapal\u0131 Tasar\u0131m ile \u00dcst\u00fcn Koku Kontrol\u00fc K\u00f6t\u00fc kokular\u0131n d\u0131\u015far\u0131 \u00e7\u0131kmas\u0131n\u0131 engelleyerek ferah bir ortam sunar.<br \/>\nSallan\u0131r Kap\u0131 ile Mahremiyet Kedinizin kendini g\u00fcvende hissetmesini sa\u011flar, kumun d\u0131\u015far\u0131 ta\u015fmas\u0131n\u0131 azalt\u0131r.<br \/>\nKolay Temizlik \u0130\u00e7in \u00c7\u0131kar\u0131labilir \u00dcst Kapak Pratik kullan\u0131m sayesinde h\u0131zl\u0131 kum de\u011fi\u015fimi ve kolay i\u00e7 temizlik imk\u00e2n\u0131 verir.<br \/>\nDayan\u0131kl\u0131 ve G\u00fcvenli Malzeme Moderna \u00fcretim kalitesiyle g\u00fc\u00e7lendirilmi\u015f, sa\u011flam ve uzun \u00f6m\u00fcrl\u00fc plastikten \u00fcretilmi\u015ftir.<br \/>\nHafif ve Ta\u015f\u0131nabilir Tutma b\u00f6l\u00fcm\u00fc sayesinde ev i\u00e7inde kolayca ta\u015f\u0131nabilir.<br \/>\n\ud83d\udccf \u00dcr\u00fcn \u00d6l\u00e7\u00fcleri Uzunluk: 57 cm<\/p>","protected":false},"featured_media":43445,"comment_status":"open","ping_status":"closed","template":"","meta":{"_acf_changed":false},"product_brand":[],"product_cat":[2430],"product_tag":[],"class_list":{"0":"post-45954","1":"product","2":"type-product","3":"status-publish","4":"has-post-thumbnail","6":"product_cat-kedi-tuvaletleri","8":"first","9":"instock","10":"shipping-taxable","11":"product-type-simple"},"acf":[],"yoast_head":"<!-- This site is optimized with the Yoast SEO plugin v27.5 - https:\/\/yoast.com\/product\/yoast-seo-wordpress\/ -->\n<title>Moderna Trendy Midye Desenli Kapal\u0131 Kedi Tuvaleti - 57CM - Anadolu Pet Grup<\/title>\n<meta name=\"robots\" content=\"index, follow, max-snippet:-1, max-image-preview:large, max-video-preview:-1\" \/>\n<link rel=\"canonical\" href=\"https:\/\/anadolupet.com.tr\/en\/product\/moderna-trendy-midye-desenli-kapali-kedi-tuvaleti-57cm\/\" \/>\n<meta property=\"og:locale\" content=\"en_US\" \/>\n<meta property=\"og:type\" content=\"article\" \/>\n<meta property=\"og:title\" content=\"Moderna Trendy Midye Desenli Kapal\u0131 Kedi Tuvaleti - 57CM - Anadolu Pet Grup\" \/>\n<meta property=\"og:description\" content=\"Moderna Trendy Midye Desenli Kapal\u0131 Kedi Tuvaleti \u2013 57 cm \u015e\u0131kl\u0131k ve fonksiyonelli\u011fi bir arada sunan \u00f6zel tasar\u0131m! Modern kabuk\u2013midye desenli g\u00f6r\u00fcn\u00fcm\u00fcyle ev dekorasyonuna estetik bir dokunu\u015f katan Moderna Trendy Kapal\u0131 Kedi Tuvaleti, kedinizin konforunu art\u0131r\u0131rken evinizde hijyenik bir ortam sa\u011flar. Kapal\u0131 yap\u0131s\u0131 sayesinde k\u00f6t\u00fc kokular\u0131 hapseder, kum sa\u00e7\u0131lmas\u0131n\u0131 minimuma indirir. \u00d6ne \u00c7\u0131kan \u00d6zellikler \u015e\u0131k Midye Desenli Tasar\u0131m Modern ve zarif g\u00f6r\u00fcn\u00fcm\u00fcyle evinizde dekoratif bir detay olarak \u00f6ne \u00e7\u0131kar. Kapal\u0131 Tasar\u0131m ile \u00dcst\u00fcn Koku Kontrol\u00fc K\u00f6t\u00fc kokular\u0131n d\u0131\u015far\u0131 \u00e7\u0131kmas\u0131n\u0131 engelleyerek ferah bir ortam sunar. Sallan\u0131r Kap\u0131 ile Mahremiyet Kedinizin kendini g\u00fcvende hissetmesini sa\u011flar, kumun d\u0131\u015far\u0131 ta\u015fmas\u0131n\u0131 azalt\u0131r. Kolay Temizlik \u0130\u00e7in \u00c7\u0131kar\u0131labilir \u00dcst Kapak Pratik kullan\u0131m sayesinde h\u0131zl\u0131 kum de\u011fi\u015fimi ve kolay i\u00e7 temizlik imk\u00e2n\u0131 verir. Dayan\u0131kl\u0131 ve G\u00fcvenli Malzeme Moderna \u00fcretim kalitesiyle g\u00fc\u00e7lendirilmi\u015f, sa\u011flam ve uzun \u00f6m\u00fcrl\u00fc plastikten \u00fcretilmi\u015ftir. Hafif ve Ta\u015f\u0131nabilir Tutma b\u00f6l\u00fcm\u00fc sayesinde ev i\u00e7inde kolayca ta\u015f\u0131nabilir. \ud83d\udccf \u00dcr\u00fcn \u00d6l\u00e7\u00fcleri Uzunluk: 57 cm\" \/>\n<meta property=\"og:url\" content=\"https:\/\/anadolupet.com.tr\/en\/product\/moderna-trendy-midye-desenli-kapali-kedi-tuvaleti-57cm\/\" \/>\n<meta property=\"og:site_name\" content=\"Anadolu Pet Grup\" \/>\n<meta property=\"article:modified_time\" content=\"2026-02-23T12:51:36+00:00\" \/>\n<meta property=\"og:image\" content=\"https:\/\/anadolupet.com.tr\/wp-content\/uploads\/2026\/02\/242-BJ61-0331-0001.jpg\" \/>\n\t<meta property=\"og:image:width\" content=\"750\" \/>\n\t<meta property=\"og:image:height\" content=\"750\" \/>\n\t<meta property=\"og:image:type\" content=\"image\/jpeg\" \/>\n<meta name=\"twitter:card\" content=\"summary_large_image\" \/>\n<script type=\"application\/ld+json\" class=\"yoast-schema-graph\">{\"@context\":\"https:\\\/\\\/schema.org\",\"@graph\":[{\"@type\":\"WebPage\",\"@id\":\"https:\\\/\\\/anadolupet.com.tr\\\/urun\\\/moderna-trendy-midye-desenli-kapali-kedi-tuvaleti-57cm\\\/\",\"url\":\"https:\\\/\\\/anadolupet.com.tr\\\/urun\\\/moderna-trendy-midye-desenli-kapali-kedi-tuvaleti-57cm\\\/\",\"name\":\"Moderna Trendy Midye Desenli Kapal\u0131 Kedi Tuvaleti - 57CM - Anadolu Pet Grup\",\"isPartOf\":{\"@id\":\"https:\\\/\\\/anadolupet.com.tr\\\/#website\"},\"primaryImageOfPage\":{\"@id\":\"https:\\\/\\\/anadolupet.com.tr\\\/urun\\\/moderna-trendy-midye-desenli-kapali-kedi-tuvaleti-57cm\\\/#primaryimage\"},\"image\":{\"@id\":\"https:\\\/\\\/anadolupet.com.tr\\\/urun\\\/moderna-trendy-midye-desenli-kapali-kedi-tuvaleti-57cm\\\/#primaryimage\"},\"thumbnailUrl\":\"https:\\\/\\\/anadolupet.com.tr\\\/wp-content\\\/uploads\\\/2026\\\/02\\\/242-BJ61-0331-0001.jpg\",\"datePublished\":\"2026-02-14T14:45:13+00:00\",\"dateModified\":\"2026-02-23T12:51:36+00:00\",\"breadcrumb\":{\"@id\":\"https:\\\/\\\/anadolupet.com.tr\\\/urun\\\/moderna-trendy-midye-desenli-kapali-kedi-tuvaleti-57cm\\\/#breadcrumb\"},\"inLanguage\":\"en-US\",\"potentialAction\":[{\"@type\":\"ReadAction\",\"target\":[\"https:\\\/\\\/anadolupet.com.tr\\\/urun\\\/moderna-trendy-midye-desenli-kapali-kedi-tuvaleti-57cm\\\/\"]}]},{\"@type\":\"ImageObject\",\"inLanguage\":\"en-US\",\"@id\":\"https:\\\/\\\/anadolupet.com.tr\\\/urun\\\/moderna-trendy-midye-desenli-kapali-kedi-tuvaleti-57cm\\\/#primaryimage\",\"url\":\"https:\\\/\\\/anadolupet.com.tr\\\/wp-content\\\/uploads\\\/2026\\\/02\\\/242-BJ61-0331-0001.jpg\",\"contentUrl\":\"https:\\\/\\\/anadolupet.com.tr\\\/wp-content\\\/uploads\\\/2026\\\/02\\\/242-BJ61-0331-0001.jpg\",\"width\":750,\"height\":750},{\"@type\":\"BreadcrumbList\",\"@id\":\"https:\\\/\\\/anadolupet.com.tr\\\/urun\\\/moderna-trendy-midye-desenli-kapali-kedi-tuvaleti-57cm\\\/#breadcrumb\",\"itemListElement\":[{\"@type\":\"ListItem\",\"position\":1,\"name\":\"Anasayfa\",\"item\":\"https:\\\/\\\/anadolupet.com.tr\\\/\"},{\"@type\":\"ListItem\",\"position\":2,\"name\":\"\u00dcr\u00fcnler\",\"item\":\"https:\\\/\\\/anadolupet.com.tr\\\/urunler\\\/\"},{\"@type\":\"ListItem\",\"position\":3,\"name\":\"Moderna Trendy Midye Desenli Kapal\u0131 Kedi Tuvaleti &#8211; 57CM\"}]},{\"@type\":\"WebSite\",\"@id\":\"https:\\\/\\\/anadolupet.com.tr\\\/#website\",\"url\":\"https:\\\/\\\/anadolupet.com.tr\\\/\",\"name\":\"Anadolu Pet Grup\",\"description\":\"Her Can\u0131n \u0130yi Ya\u015fam\u0131 \u0130\u00e7in Biraraday\u0131z\",\"publisher\":{\"@id\":\"https:\\\/\\\/anadolupet.com.tr\\\/#organization\"},\"potentialAction\":[{\"@type\":\"SearchAction\",\"target\":{\"@type\":\"EntryPoint\",\"urlTemplate\":\"https:\\\/\\\/anadolupet.com.tr\\\/?s={search_term_string}\"},\"query-input\":{\"@type\":\"PropertyValueSpecification\",\"valueRequired\":true,\"valueName\":\"search_term_string\"}}],\"inLanguage\":\"en-US\"},{\"@type\":\"Organization\",\"@id\":\"https:\\\/\\\/anadolupet.com.tr\\\/#organization\",\"name\":\"Anadolu Pet Grup\",\"alternateName\":\"Anadolu Pet\",\"url\":\"https:\\\/\\\/anadolupet.com.tr\\\/\",\"logo\":{\"@type\":\"ImageObject\",\"inLanguage\":\"en-US\",\"@id\":\"https:\\\/\\\/anadolupet.com.tr\\\/#\\\/schema\\\/logo\\\/image\\\/\",\"url\":\"https:\\\/\\\/anadolupet.com.tr\\\/wp-content\\\/uploads\\\/2026\\\/03\\\/1614666743370.jpg\",\"contentUrl\":\"https:\\\/\\\/anadolupet.com.tr\\\/wp-content\\\/uploads\\\/2026\\\/03\\\/1614666743370.jpg\",\"width\":800,\"height\":571,\"caption\":\"Anadolu Pet Grup\"},\"image\":{\"@id\":\"https:\\\/\\\/anadolupet.com.tr\\\/#\\\/schema\\\/logo\\\/image\\\/\"}}]}<\/script>\n<!-- \/ Yoast SEO plugin. -->","yoast_head_json":{"title":"Moderna Trendy Midye Desenli Kapal\u0131 Kedi Tuvaleti - 57CM - Anadolu Pet Grup","robots":{"index":"index","follow":"follow","max-snippet":"max-snippet:-1","max-image-preview":"max-image-preview:large","max-video-preview":"max-video-preview:-1"},"canonical":"https:\/\/anadolupet.com.tr\/en\/product\/moderna-trendy-midye-desenli-kapali-kedi-tuvaleti-57cm\/","og_locale":"en_US","og_type":"article","og_title":"Moderna Trendy Midye Desenli Kapal\u0131 Kedi Tuvaleti - 57CM - Anadolu Pet Grup","og_description":"Moderna Trendy Midye Desenli Kapal\u0131 Kedi Tuvaleti \u2013 57 cm \u015e\u0131kl\u0131k ve fonksiyonelli\u011fi bir arada sunan \u00f6zel tasar\u0131m! Modern kabuk\u2013midye desenli g\u00f6r\u00fcn\u00fcm\u00fcyle ev dekorasyonuna estetik bir dokunu\u015f katan Moderna Trendy Kapal\u0131 Kedi Tuvaleti, kedinizin konforunu art\u0131r\u0131rken evinizde hijyenik bir ortam sa\u011flar. Kapal\u0131 yap\u0131s\u0131 sayesinde k\u00f6t\u00fc kokular\u0131 hapseder, kum sa\u00e7\u0131lmas\u0131n\u0131 minimuma indirir. \u00d6ne \u00c7\u0131kan \u00d6zellikler \u015e\u0131k Midye Desenli Tasar\u0131m Modern ve zarif g\u00f6r\u00fcn\u00fcm\u00fcyle evinizde dekoratif bir detay olarak \u00f6ne \u00e7\u0131kar. Kapal\u0131 Tasar\u0131m ile \u00dcst\u00fcn Koku Kontrol\u00fc K\u00f6t\u00fc kokular\u0131n d\u0131\u015far\u0131 \u00e7\u0131kmas\u0131n\u0131 engelleyerek ferah bir ortam sunar. Sallan\u0131r Kap\u0131 ile Mahremiyet Kedinizin kendini g\u00fcvende hissetmesini sa\u011flar, kumun d\u0131\u015far\u0131 ta\u015fmas\u0131n\u0131 azalt\u0131r. Kolay Temizlik \u0130\u00e7in \u00c7\u0131kar\u0131labilir \u00dcst Kapak Pratik kullan\u0131m sayesinde h\u0131zl\u0131 kum de\u011fi\u015fimi ve kolay i\u00e7 temizlik imk\u00e2n\u0131 verir. Dayan\u0131kl\u0131 ve G\u00fcvenli Malzeme Moderna \u00fcretim kalitesiyle g\u00fc\u00e7lendirilmi\u015f, sa\u011flam ve uzun \u00f6m\u00fcrl\u00fc plastikten \u00fcretilmi\u015ftir. Hafif ve Ta\u015f\u0131nabilir Tutma b\u00f6l\u00fcm\u00fc sayesinde ev i\u00e7inde kolayca ta\u015f\u0131nabilir. \ud83d\udccf \u00dcr\u00fcn \u00d6l\u00e7\u00fcleri Uzunluk: 57 cm","og_url":"https:\/\/anadolupet.com.tr\/en\/product\/moderna-trendy-midye-desenli-kapali-kedi-tuvaleti-57cm\/","og_site_name":"Anadolu Pet Grup","article_modified_time":"2026-02-23T12:51:36+00:00","og_image":[{"width":750,"height":750,"url":"https:\/\/anadolupet.com.tr\/wp-content\/uploads\/2026\/02\/242-BJ61-0331-0001.jpg","type":"image\/jpeg"}],"twitter_card":"summary_large_image","schema":{"@context":"https:\/\/schema.org","@graph":[{"@type":"WebPage","@id":"https:\/\/anadolupet.com.tr\/urun\/moderna-trendy-midye-desenli-kapali-kedi-tuvaleti-57cm\/","url":"https:\/\/anadolupet.com.tr\/urun\/moderna-trendy-midye-desenli-kapali-kedi-tuvaleti-57cm\/","name":"Moderna Trendy Midye Desenli Kapal\u0131 Kedi Tuvaleti - 57CM - Anadolu Pet Grup","isPartOf":{"@id":"https:\/\/anadolupet.com.tr\/#website"},"primaryImageOfPage":{"@id":"https:\/\/anadolupet.com.tr\/urun\/moderna-trendy-midye-desenli-kapali-kedi-tuvaleti-57cm\/#primaryimage"},"image":{"@id":"https:\/\/anadolupet.com.tr\/urun\/moderna-trendy-midye-desenli-kapali-kedi-tuvaleti-57cm\/#primaryimage"},"thumbnailUrl":"https:\/\/anadolupet.com.tr\/wp-content\/uploads\/2026\/02\/242-BJ61-0331-0001.jpg","datePublished":"2026-02-14T14:45:13+00:00","dateModified":"2026-02-23T12:51:36+00:00","breadcrumb":{"@id":"https:\/\/anadolupet.com.tr\/urun\/moderna-trendy-midye-desenli-kapali-kedi-tuvaleti-57cm\/#breadcrumb"},"inLanguage":"en-US","potentialAction":[{"@type":"ReadAction","target":["https:\/\/anadolupet.com.tr\/urun\/moderna-trendy-midye-desenli-kapali-kedi-tuvaleti-57cm\/"]}]},{"@type":"ImageObject","inLanguage":"en-US","@id":"https:\/\/anadolupet.com.tr\/urun\/moderna-trendy-midye-desenli-kapali-kedi-tuvaleti-57cm\/#primaryimage","url":"https:\/\/anadolupet.com.tr\/wp-content\/uploads\/2026\/02\/242-BJ61-0331-0001.jpg","contentUrl":"https:\/\/anadolupet.com.tr\/wp-content\/uploads\/2026\/02\/242-BJ61-0331-0001.jpg","width":750,"height":750},{"@type":"BreadcrumbList","@id":"https:\/\/anadolupet.com.tr\/urun\/moderna-trendy-midye-desenli-kapali-kedi-tuvaleti-57cm\/#breadcrumb","itemListElement":[{"@type":"ListItem","position":1,"name":"Anasayfa","item":"https:\/\/anadolupet.com.tr\/"},{"@type":"ListItem","position":2,"name":"\u00dcr\u00fcnler","item":"https:\/\/anadolupet.com.tr\/urunler\/"},{"@type":"ListItem","position":3,"name":"Moderna Trendy Midye Desenli Kapal\u0131 Kedi Tuvaleti &#8211; 57CM"}]},{"@type":"WebSite","@id":"https:\/\/anadolupet.com.tr\/#website","url":"https:\/\/anadolupet.com.tr\/","name":"Anadolu Pet Group","description":"We Stand Together for the Well-Being of Every Life","publisher":{"@id":"https:\/\/anadolupet.com.tr\/#organization"},"potentialAction":[{"@type":"SearchAction","target":{"@type":"EntryPoint","urlTemplate":"https:\/\/anadolupet.com.tr\/?s={search_term_string}"},"query-input":{"@type":"PropertyValueSpecification","valueRequired":true,"valueName":"search_term_string"}}],"inLanguage":"en-US"},{"@type":"Organization","@id":"https:\/\/anadolupet.com.tr\/#organization","name":"Anadolu Pet Group","alternateName":"Anadolu Pet","url":"https:\/\/anadolupet.com.tr\/","logo":{"@type":"ImageObject","inLanguage":"en-US","@id":"https:\/\/anadolupet.com.tr\/#\/schema\/logo\/image\/","url":"https:\/\/anadolupet.com.tr\/wp-content\/uploads\/2026\/03\/1614666743370.jpg","contentUrl":"https:\/\/anadolupet.com.tr\/wp-content\/uploads\/2026\/03\/1614666743370.jpg","width":800,"height":571,"caption":"Anadolu Pet Grup"},"image":{"@id":"https:\/\/anadolupet.com.tr\/#\/schema\/logo\/image\/"}}]}},"_links":{"self":[{"href":"https:\/\/anadolupet.com.tr\/en\/wp-json\/wp\/v2\/product\/45954","targetHints":{"allow":["GET"]}}],"collection":[{"href":"https:\/\/anadolupet.com.tr\/en\/wp-json\/wp\/v2\/product"}],"about":[{"href":"https:\/\/anadolupet.com.tr\/en\/wp-json\/wp\/v2\/types\/product"}],"replies":[{"embeddable":true,"href":"https:\/\/anadolupet.com.tr\/en\/wp-json\/wp\/v2\/comments?post=45954"}],"wp:featuredmedia":[{"embeddable":true,"href":"https:\/\/anadolupet.com.tr\/en\/wp-json\/wp\/v2\/media\/43445"}],"wp:attachment":[{"href":"https:\/\/anadolupet.com.tr\/en\/wp-json\/wp\/v2\/media?parent=45954"}],"wp:term":[{"taxonomy":"product_brand","embeddable":true,"href":"https:\/\/anadolupet.com.tr\/en\/wp-json\/wp\/v2\/product_brand?post=45954"},{"taxonomy":"product_cat","embeddable":true,"href":"https:\/\/anadolupet.com.tr\/en\/wp-json\/wp\/v2\/product_cat?post=45954"},{"taxonomy":"product_tag","embeddable":true,"href":"https:\/\/anadolupet.com.tr\/en\/wp-json\/wp\/v2\/product_tag?post=45954"}],"curies":[{"name":"wp","href":"https:\/\/api.w.org\/{rel}","templated":true}]}}