{"id":45955,"date":"2026-02-14T14:45:13","date_gmt":"2026-02-14T14:45:13","guid":{"rendered":"https:\/\/anadolupet.com.tr\/urun\/moderna-trendy-story-pet-wisdom-xsmall\/"},"modified":"2026-02-23T12:51:36","modified_gmt":"2026-02-23T12:51:36","slug":"moderna-trendy-story-pet-wisdom-xsmall","status":"publish","type":"product","link":"https:\/\/anadolupet.com.tr\/en\/urun\/moderna-trendy-story-pet-wisdom-xsmall\/","title":{"rendered":"Moderna Trendy Story Pet Wisdom Xsmall"},"content":{"rendered":"","protected":false},"excerpt":{"rendered":"<p>Trendy Story X-Small Pet Wisdom \u2013 5L Mama Kab\u0131<br \/>\n\u00c7izilmez &#038; UV korumal\u0131 IML tasar\u0131m<br \/>\nKolay kavrama sa\u011flayan yan y\u00fczeyler<br \/>\nHer \u0131rka uygun farkl\u0131 boy se\u00e7enekleri<br \/>\nG\u00fcnl\u00fck kullan\u0131m i\u00e7in bula\u015f\u0131k makinesinde y\u0131kanabilir<br \/>\nUzun \u00f6m\u00fcrl\u00fc kullan\u0131m i\u00e7in premium plastik malzeme<br \/>\nKolay doldurma i\u00e7in b\u00fcy\u00fck mente\u015feli kapak<br \/>\nG\u00fcnl\u00fck pratik kullan\u0131m i\u00e7in k\u00fc\u00e7\u00fck sabit kapak<br \/>\nMamay\u0131 taze ve lezzetli tutar<br \/>\nEvcil hayvan mamalar\u0131n\u0131 g\u00fcvenle saklamak ister misiniz? Geni\u015f \u00fcr\u00fcn yelpazemizle ihtiyac\u0131n\u0131za uygun mama kaplar\u0131n\u0131 sunuyoruz. Trendy Story X-Small Pet Wisdom, 5 litrelik hacmiyle k\u00fc\u00e7\u00fck \u0131rklar i\u00e7in ideal bir \u00e7\u00f6z\u00fcmd\u00fcr.<br \/>\nYenilik\u00e7i IML (In Mould Label) teknolojisi sayesinde tasar\u0131m hem \u00e7izilmelere hem de g\u00fcne\u015f \u0131\u015f\u0131\u011f\u0131na kar\u015f\u0131 dayan\u0131kl\u0131d\u0131r. Temizlik i\u00e7in yaln\u0131zca \u0131l\u0131k su kullanabilir veya \u00fcr\u00fcn\u00fc do\u011frudan bula\u015f\u0131k makinesine yerle\u015ftirebilirsiniz.<\/p>","protected":false},"featured_media":43390,"comment_status":"open","ping_status":"closed","template":"","meta":{"_acf_changed":false},"product_brand":[],"product_cat":[2430],"product_tag":[],"class_list":{"0":"post-45955","1":"product","2":"type-product","3":"status-publish","4":"has-post-thumbnail","6":"product_cat-kedi-tuvaletleri","8":"first","9":"instock","10":"shipping-taxable","11":"product-type-simple"},"acf":[],"yoast_head":"<!-- This site is optimized with the Yoast SEO plugin v27.5 - https:\/\/yoast.com\/product\/yoast-seo-wordpress\/ -->\n<title>Moderna Trendy Story Pet Wisdom Xsmall - Anadolu Pet Grup<\/title>\n<meta name=\"robots\" content=\"index, follow, max-snippet:-1, max-image-preview:large, max-video-preview:-1\" \/>\n<link rel=\"canonical\" href=\"https:\/\/anadolupet.com.tr\/en\/product\/moderna-trendy-story-pet-wisdom-xsmall\/\" \/>\n<meta property=\"og:locale\" content=\"en_US\" \/>\n<meta property=\"og:type\" content=\"article\" \/>\n<meta property=\"og:title\" content=\"Moderna Trendy Story Pet Wisdom Xsmall - Anadolu Pet Grup\" \/>\n<meta property=\"og:description\" content=\"Trendy Story X-Small Pet Wisdom \u2013 5L Mama Kab\u0131 \u00c7izilmez &amp; UV korumal\u0131 IML tasar\u0131m Kolay kavrama sa\u011flayan yan y\u00fczeyler Her \u0131rka uygun farkl\u0131 boy se\u00e7enekleri G\u00fcnl\u00fck kullan\u0131m i\u00e7in bula\u015f\u0131k makinesinde y\u0131kanabilir Uzun \u00f6m\u00fcrl\u00fc kullan\u0131m i\u00e7in premium plastik malzeme Kolay doldurma i\u00e7in b\u00fcy\u00fck mente\u015feli kapak G\u00fcnl\u00fck pratik kullan\u0131m i\u00e7in k\u00fc\u00e7\u00fck sabit kapak Mamay\u0131 taze ve lezzetli tutar Evcil hayvan mamalar\u0131n\u0131 g\u00fcvenle saklamak ister misiniz? Geni\u015f \u00fcr\u00fcn yelpazemizle ihtiyac\u0131n\u0131za uygun mama kaplar\u0131n\u0131 sunuyoruz. Trendy Story X-Small Pet Wisdom, 5 litrelik hacmiyle k\u00fc\u00e7\u00fck \u0131rklar i\u00e7in ideal bir \u00e7\u00f6z\u00fcmd\u00fcr. Yenilik\u00e7i IML (In Mould Label) teknolojisi sayesinde tasar\u0131m hem \u00e7izilmelere hem de g\u00fcne\u015f \u0131\u015f\u0131\u011f\u0131na kar\u015f\u0131 dayan\u0131kl\u0131d\u0131r. Temizlik i\u00e7in yaln\u0131zca \u0131l\u0131k su kullanabilir veya \u00fcr\u00fcn\u00fc do\u011frudan bula\u015f\u0131k makinesine yerle\u015ftirebilirsiniz.\" \/>\n<meta property=\"og:url\" content=\"https:\/\/anadolupet.com.tr\/en\/product\/moderna-trendy-story-pet-wisdom-xsmall\/\" \/>\n<meta property=\"og:site_name\" content=\"Anadolu Pet Grup\" \/>\n<meta property=\"article:modified_time\" content=\"2026-02-23T12:51:36+00:00\" \/>\n<meta property=\"og:image\" content=\"https:\/\/anadolupet.com.tr\/wp-content\/uploads\/2026\/02\/242-AF52-0024-BK41.jpg\" \/>\n\t<meta property=\"og:image:width\" content=\"750\" \/>\n\t<meta property=\"og:image:height\" content=\"750\" \/>\n\t<meta property=\"og:image:type\" content=\"image\/jpeg\" \/>\n<meta name=\"twitter:card\" content=\"summary_large_image\" \/>\n<script type=\"application\/ld+json\" class=\"yoast-schema-graph\">{\"@context\":\"https:\\\/\\\/schema.org\",\"@graph\":[{\"@type\":\"WebPage\",\"@id\":\"https:\\\/\\\/anadolupet.com.tr\\\/urun\\\/moderna-trendy-story-pet-wisdom-xsmall\\\/\",\"url\":\"https:\\\/\\\/anadolupet.com.tr\\\/urun\\\/moderna-trendy-story-pet-wisdom-xsmall\\\/\",\"name\":\"Moderna Trendy Story Pet Wisdom Xsmall - Anadolu Pet Grup\",\"isPartOf\":{\"@id\":\"https:\\\/\\\/anadolupet.com.tr\\\/#website\"},\"primaryImageOfPage\":{\"@id\":\"https:\\\/\\\/anadolupet.com.tr\\\/urun\\\/moderna-trendy-story-pet-wisdom-xsmall\\\/#primaryimage\"},\"image\":{\"@id\":\"https:\\\/\\\/anadolupet.com.tr\\\/urun\\\/moderna-trendy-story-pet-wisdom-xsmall\\\/#primaryimage\"},\"thumbnailUrl\":\"https:\\\/\\\/anadolupet.com.tr\\\/wp-content\\\/uploads\\\/2026\\\/02\\\/242-AF52-0024-BK41.jpg\",\"datePublished\":\"2026-02-14T14:45:13+00:00\",\"dateModified\":\"2026-02-23T12:51:36+00:00\",\"breadcrumb\":{\"@id\":\"https:\\\/\\\/anadolupet.com.tr\\\/urun\\\/moderna-trendy-story-pet-wisdom-xsmall\\\/#breadcrumb\"},\"inLanguage\":\"en-US\",\"potentialAction\":[{\"@type\":\"ReadAction\",\"target\":[\"https:\\\/\\\/anadolupet.com.tr\\\/urun\\\/moderna-trendy-story-pet-wisdom-xsmall\\\/\"]}]},{\"@type\":\"ImageObject\",\"inLanguage\":\"en-US\",\"@id\":\"https:\\\/\\\/anadolupet.com.tr\\\/urun\\\/moderna-trendy-story-pet-wisdom-xsmall\\\/#primaryimage\",\"url\":\"https:\\\/\\\/anadolupet.com.tr\\\/wp-content\\\/uploads\\\/2026\\\/02\\\/242-AF52-0024-BK41.jpg\",\"contentUrl\":\"https:\\\/\\\/anadolupet.com.tr\\\/wp-content\\\/uploads\\\/2026\\\/02\\\/242-AF52-0024-BK41.jpg\",\"width\":750,\"height\":750},{\"@type\":\"BreadcrumbList\",\"@id\":\"https:\\\/\\\/anadolupet.com.tr\\\/urun\\\/moderna-trendy-story-pet-wisdom-xsmall\\\/#breadcrumb\",\"itemListElement\":[{\"@type\":\"ListItem\",\"position\":1,\"name\":\"Anasayfa\",\"item\":\"https:\\\/\\\/anadolupet.com.tr\\\/\"},{\"@type\":\"ListItem\",\"position\":2,\"name\":\"\u00dcr\u00fcnler\",\"item\":\"https:\\\/\\\/anadolupet.com.tr\\\/urunler\\\/\"},{\"@type\":\"ListItem\",\"position\":3,\"name\":\"Moderna Trendy Story Pet Wisdom Xsmall\"}]},{\"@type\":\"WebSite\",\"@id\":\"https:\\\/\\\/anadolupet.com.tr\\\/#website\",\"url\":\"https:\\\/\\\/anadolupet.com.tr\\\/\",\"name\":\"Anadolu Pet Grup\",\"description\":\"Her Can\u0131n \u0130yi Ya\u015fam\u0131 \u0130\u00e7in Biraraday\u0131z\",\"publisher\":{\"@id\":\"https:\\\/\\\/anadolupet.com.tr\\\/#organization\"},\"potentialAction\":[{\"@type\":\"SearchAction\",\"target\":{\"@type\":\"EntryPoint\",\"urlTemplate\":\"https:\\\/\\\/anadolupet.com.tr\\\/?s={search_term_string}\"},\"query-input\":{\"@type\":\"PropertyValueSpecification\",\"valueRequired\":true,\"valueName\":\"search_term_string\"}}],\"inLanguage\":\"en-US\"},{\"@type\":\"Organization\",\"@id\":\"https:\\\/\\\/anadolupet.com.tr\\\/#organization\",\"name\":\"Anadolu Pet Grup\",\"alternateName\":\"Anadolu Pet\",\"url\":\"https:\\\/\\\/anadolupet.com.tr\\\/\",\"logo\":{\"@type\":\"ImageObject\",\"inLanguage\":\"en-US\",\"@id\":\"https:\\\/\\\/anadolupet.com.tr\\\/#\\\/schema\\\/logo\\\/image\\\/\",\"url\":\"https:\\\/\\\/anadolupet.com.tr\\\/wp-content\\\/uploads\\\/2026\\\/03\\\/1614666743370.jpg\",\"contentUrl\":\"https:\\\/\\\/anadolupet.com.tr\\\/wp-content\\\/uploads\\\/2026\\\/03\\\/1614666743370.jpg\",\"width\":800,\"height\":571,\"caption\":\"Anadolu Pet Grup\"},\"image\":{\"@id\":\"https:\\\/\\\/anadolupet.com.tr\\\/#\\\/schema\\\/logo\\\/image\\\/\"}}]}<\/script>\n<!-- \/ Yoast SEO plugin. -->","yoast_head_json":{"title":"Moderna Trendy Story Pet Wisdom Xsmall - Anadolu Pet Grup","robots":{"index":"index","follow":"follow","max-snippet":"max-snippet:-1","max-image-preview":"max-image-preview:large","max-video-preview":"max-video-preview:-1"},"canonical":"https:\/\/anadolupet.com.tr\/en\/product\/moderna-trendy-story-pet-wisdom-xsmall\/","og_locale":"en_US","og_type":"article","og_title":"Moderna Trendy Story Pet Wisdom Xsmall - Anadolu Pet Grup","og_description":"Trendy Story X-Small Pet Wisdom \u2013 5L Mama Kab\u0131 \u00c7izilmez & UV korumal\u0131 IML tasar\u0131m Kolay kavrama sa\u011flayan yan y\u00fczeyler Her \u0131rka uygun farkl\u0131 boy se\u00e7enekleri G\u00fcnl\u00fck kullan\u0131m i\u00e7in bula\u015f\u0131k makinesinde y\u0131kanabilir Uzun \u00f6m\u00fcrl\u00fc kullan\u0131m i\u00e7in premium plastik malzeme Kolay doldurma i\u00e7in b\u00fcy\u00fck mente\u015feli kapak G\u00fcnl\u00fck pratik kullan\u0131m i\u00e7in k\u00fc\u00e7\u00fck sabit kapak Mamay\u0131 taze ve lezzetli tutar Evcil hayvan mamalar\u0131n\u0131 g\u00fcvenle saklamak ister misiniz? Geni\u015f \u00fcr\u00fcn yelpazemizle ihtiyac\u0131n\u0131za uygun mama kaplar\u0131n\u0131 sunuyoruz. Trendy Story X-Small Pet Wisdom, 5 litrelik hacmiyle k\u00fc\u00e7\u00fck \u0131rklar i\u00e7in ideal bir \u00e7\u00f6z\u00fcmd\u00fcr. Yenilik\u00e7i IML (In Mould Label) teknolojisi sayesinde tasar\u0131m hem \u00e7izilmelere hem de g\u00fcne\u015f \u0131\u015f\u0131\u011f\u0131na kar\u015f\u0131 dayan\u0131kl\u0131d\u0131r. Temizlik i\u00e7in yaln\u0131zca \u0131l\u0131k su kullanabilir veya \u00fcr\u00fcn\u00fc do\u011frudan bula\u015f\u0131k makinesine yerle\u015ftirebilirsiniz.","og_url":"https:\/\/anadolupet.com.tr\/en\/product\/moderna-trendy-story-pet-wisdom-xsmall\/","og_site_name":"Anadolu Pet Grup","article_modified_time":"2026-02-23T12:51:36+00:00","og_image":[{"width":750,"height":750,"url":"https:\/\/anadolupet.com.tr\/wp-content\/uploads\/2026\/02\/242-AF52-0024-BK41.jpg","type":"image\/jpeg"}],"twitter_card":"summary_large_image","schema":{"@context":"https:\/\/schema.org","@graph":[{"@type":"WebPage","@id":"https:\/\/anadolupet.com.tr\/urun\/moderna-trendy-story-pet-wisdom-xsmall\/","url":"https:\/\/anadolupet.com.tr\/urun\/moderna-trendy-story-pet-wisdom-xsmall\/","name":"Moderna Trendy Story Pet Wisdom Xsmall - Anadolu Pet Grup","isPartOf":{"@id":"https:\/\/anadolupet.com.tr\/#website"},"primaryImageOfPage":{"@id":"https:\/\/anadolupet.com.tr\/urun\/moderna-trendy-story-pet-wisdom-xsmall\/#primaryimage"},"image":{"@id":"https:\/\/anadolupet.com.tr\/urun\/moderna-trendy-story-pet-wisdom-xsmall\/#primaryimage"},"thumbnailUrl":"https:\/\/anadolupet.com.tr\/wp-content\/uploads\/2026\/02\/242-AF52-0024-BK41.jpg","datePublished":"2026-02-14T14:45:13+00:00","dateModified":"2026-02-23T12:51:36+00:00","breadcrumb":{"@id":"https:\/\/anadolupet.com.tr\/urun\/moderna-trendy-story-pet-wisdom-xsmall\/#breadcrumb"},"inLanguage":"en-US","potentialAction":[{"@type":"ReadAction","target":["https:\/\/anadolupet.com.tr\/urun\/moderna-trendy-story-pet-wisdom-xsmall\/"]}]},{"@type":"ImageObject","inLanguage":"en-US","@id":"https:\/\/anadolupet.com.tr\/urun\/moderna-trendy-story-pet-wisdom-xsmall\/#primaryimage","url":"https:\/\/anadolupet.com.tr\/wp-content\/uploads\/2026\/02\/242-AF52-0024-BK41.jpg","contentUrl":"https:\/\/anadolupet.com.tr\/wp-content\/uploads\/2026\/02\/242-AF52-0024-BK41.jpg","width":750,"height":750},{"@type":"BreadcrumbList","@id":"https:\/\/anadolupet.com.tr\/urun\/moderna-trendy-story-pet-wisdom-xsmall\/#breadcrumb","itemListElement":[{"@type":"ListItem","position":1,"name":"Anasayfa","item":"https:\/\/anadolupet.com.tr\/"},{"@type":"ListItem","position":2,"name":"\u00dcr\u00fcnler","item":"https:\/\/anadolupet.com.tr\/urunler\/"},{"@type":"ListItem","position":3,"name":"Moderna Trendy Story Pet Wisdom Xsmall"}]},{"@type":"WebSite","@id":"https:\/\/anadolupet.com.tr\/#website","url":"https:\/\/anadolupet.com.tr\/","name":"Anadolu Pet Group","description":"We Stand Together for the Well-Being of Every Life","publisher":{"@id":"https:\/\/anadolupet.com.tr\/#organization"},"potentialAction":[{"@type":"SearchAction","target":{"@type":"EntryPoint","urlTemplate":"https:\/\/anadolupet.com.tr\/?s={search_term_string}"},"query-input":{"@type":"PropertyValueSpecification","valueRequired":true,"valueName":"search_term_string"}}],"inLanguage":"en-US"},{"@type":"Organization","@id":"https:\/\/anadolupet.com.tr\/#organization","name":"Anadolu Pet Group","alternateName":"Anadolu Pet","url":"https:\/\/anadolupet.com.tr\/","logo":{"@type":"ImageObject","inLanguage":"en-US","@id":"https:\/\/anadolupet.com.tr\/#\/schema\/logo\/image\/","url":"https:\/\/anadolupet.com.tr\/wp-content\/uploads\/2026\/03\/1614666743370.jpg","contentUrl":"https:\/\/anadolupet.com.tr\/wp-content\/uploads\/2026\/03\/1614666743370.jpg","width":800,"height":571,"caption":"Anadolu Pet Grup"},"image":{"@id":"https:\/\/anadolupet.com.tr\/#\/schema\/logo\/image\/"}}]}},"_links":{"self":[{"href":"https:\/\/anadolupet.com.tr\/en\/wp-json\/wp\/v2\/product\/45955","targetHints":{"allow":["GET"]}}],"collection":[{"href":"https:\/\/anadolupet.com.tr\/en\/wp-json\/wp\/v2\/product"}],"about":[{"href":"https:\/\/anadolupet.com.tr\/en\/wp-json\/wp\/v2\/types\/product"}],"replies":[{"embeddable":true,"href":"https:\/\/anadolupet.com.tr\/en\/wp-json\/wp\/v2\/comments?post=45955"}],"wp:featuredmedia":[{"embeddable":true,"href":"https:\/\/anadolupet.com.tr\/en\/wp-json\/wp\/v2\/media\/43390"}],"wp:attachment":[{"href":"https:\/\/anadolupet.com.tr\/en\/wp-json\/wp\/v2\/media?parent=45955"}],"wp:term":[{"taxonomy":"product_brand","embeddable":true,"href":"https:\/\/anadolupet.com.tr\/en\/wp-json\/wp\/v2\/product_brand?post=45955"},{"taxonomy":"product_cat","embeddable":true,"href":"https:\/\/anadolupet.com.tr\/en\/wp-json\/wp\/v2\/product_cat?post=45955"},{"taxonomy":"product_tag","embeddable":true,"href":"https:\/\/anadolupet.com.tr\/en\/wp-json\/wp\/v2\/product_tag?post=45955"}],"curies":[{"name":"wp","href":"https:\/\/api.w.org\/{rel}","templated":true}]}}