{"id":45958,"date":"2026-02-14T14:45:13","date_gmt":"2026-02-14T14:45:13","guid":{"rendered":"https:\/\/anadolupet.com.tr\/urun\/paw-in-love-yetiskin-kedi-tavuk-etli-15kg\/"},"modified":"2026-02-23T12:51:37","modified_gmt":"2026-02-23T12:51:37","slug":"paw-in-love-yetiskin-kedi-tavuk-etli-15kg","status":"publish","type":"product","link":"https:\/\/anadolupet.com.tr\/en\/urun\/paw-in-love-yetiskin-kedi-tavuk-etli-15kg\/","title":{"rendered":"Paw In Love Yeti\u015fkin Kedi Tavuk Etli 15KG"},"content":{"rendered":"","protected":false},"excerpt":{"rendered":"<p>Paw Love Tavuklu Yeti\u015fkin Kedi Mamas\u0131 15 KG, kedinizin sa\u011fl\u0131kl\u0131 ve dengeli bir beslenmeyle desteklenmesi amac\u0131yla \u00f6zel olarak form\u00fcle edilmi\u015f bir mama markas\u0131n\u0131n \u00fcr\u00fcn\u00fcd\u00fcr. Bu \u00f6zel mama, i\u00e7eri\u011findeki y\u00fcksek kaliteli tavuk ile kedinizin protein ihtiyac\u0131n\u0131 kar\u015f\u0131lar.<br \/>\n15 kg&#8217;l\u0131k ekonomik ambalaj\u0131, uzun s\u00fcreli kullan\u0131m imkan\u0131 sa\u011flar ve kedinizin beslenme ihtiya\u00e7lar\u0131n\u0131 kar\u015f\u0131lamak i\u00e7in m\u00fckemmel bir se\u00e7enek sunar. Tavuk, kedinizin kas geli\u015fimini destekleyen de\u011ferli bir protein kayna\u011f\u0131d\u0131r. Ayn\u0131 zamanda i\u00e7eri\u011findeki dengeli vitamin ve mineral profili ile kedinizin genel sa\u011fl\u0131\u011f\u0131n\u0131 destekler.<br \/>\nPaw Love Tavuklu Yeti\u015fkin Kedi Mamas\u0131, kedinizin enerji ihtiyac\u0131n\u0131 kar\u015f\u0131lamak i\u00e7in y\u00fcksek kaliteli i\u00e7eri\u011fi ile \u00f6ne \u00e7\u0131kar. Mama ayn\u0131 zamanda kedinizin sindirim sa\u011fl\u0131\u011f\u0131n\u0131 destekleyen \u00f6zel form\u00fclasyonlar\u0131 i\u00e7erir. \u0130\u00e7erdi\u011fi taurin gibi \u00f6zel besin maddeleri, kedinizin g\u00f6z ve kalp sa\u011fl\u0131\u011f\u0131n\u0131 destekler.<br \/>\nBu mama, kedinizin beslenme ihtiya\u00e7lar\u0131na \u00f6zel bir \u00e7\u00f6z\u00fcm sunar. Y\u00fcksek kaliteli tavuk i\u00e7eri\u011fi ve dengeli besin profili ile Paw Love Tavuklu Yeti\u015fkin Kedi Mamas\u0131, kedinizin sa\u011fl\u0131kl\u0131 ve mutlu bir ya\u015fam s\u00fcrmesine katk\u0131da bulunarak ona \u00f6zel bir ziyafet sunar.<br \/>\n\u0130\u00c7\u0130NDEK\u0130LER:<br \/>\n\u0130\u015flenmi\u015f Tavuk Proteini,<br \/>\n\u0130\u015flenmi\u015f Hayvansal Protein,<br \/>\nM\u0131s\u0131r,<br \/>\nBu\u011fday ve bu\u011fday t\u00fcrevleri,<br \/>\nPirin\u00e7,<br \/>\nTavuk Ya\u011f\u0131,<br \/>\nHamsi Unu,<br \/>\nBira Mayas\u0131,<br \/>\nM\u0131s\u0131r Gluteni,<br \/>\n\u015eeker Pancar\u0131,<br \/>\nTavuk Ci\u011feri Aromas\u0131,<br \/>\nTaurin,<br \/>\nTuz,<br \/>\nVitaminler,<br \/>\nMinerallar,<br \/>\nNukleotid,<br \/>\nPrebiyotik,<br \/>\nKoruyucular-Antioksidanlar<\/p>","protected":false},"featured_media":43613,"comment_status":"open","ping_status":"closed","template":"","meta":{"_acf_changed":false},"product_brand":[],"product_cat":[2442],"product_tag":[],"class_list":{"0":"post-45958","1":"product","2":"type-product","3":"status-publish","4":"has-post-thumbnail","6":"product_cat-yetiskin-kedi-mamalari","8":"first","9":"instock","10":"shipping-taxable","11":"product-type-simple"},"acf":[],"yoast_head":"<!-- This site is optimized with the Yoast SEO plugin v27.5 - https:\/\/yoast.com\/product\/yoast-seo-wordpress\/ -->\n<title>Paw In Love Yeti\u015fkin Kedi Tavuk Etli 15KG - Anadolu Pet Grup<\/title>\n<meta name=\"robots\" content=\"index, follow, max-snippet:-1, max-image-preview:large, max-video-preview:-1\" \/>\n<link rel=\"canonical\" href=\"https:\/\/anadolupet.com.tr\/en\/product\/paw-in-love-yetiskin-kedi-tavuk-etli-15kg\/\" \/>\n<meta property=\"og:locale\" content=\"en_US\" \/>\n<meta property=\"og:type\" content=\"article\" \/>\n<meta property=\"og:title\" content=\"Paw In Love Yeti\u015fkin Kedi Tavuk Etli 15KG - Anadolu Pet Grup\" \/>\n<meta property=\"og:description\" content=\"Paw Love Tavuklu Yeti\u015fkin Kedi Mamas\u0131 15 KG, kedinizin sa\u011fl\u0131kl\u0131 ve dengeli bir beslenmeyle desteklenmesi amac\u0131yla \u00f6zel olarak form\u00fcle edilmi\u015f bir mama markas\u0131n\u0131n \u00fcr\u00fcn\u00fcd\u00fcr. Bu \u00f6zel mama, i\u00e7eri\u011findeki y\u00fcksek kaliteli tavuk ile kedinizin protein ihtiyac\u0131n\u0131 kar\u015f\u0131lar. 15 kg&#039;l\u0131k ekonomik ambalaj\u0131, uzun s\u00fcreli kullan\u0131m imkan\u0131 sa\u011flar ve kedinizin beslenme ihtiya\u00e7lar\u0131n\u0131 kar\u015f\u0131lamak i\u00e7in m\u00fckemmel bir se\u00e7enek sunar. Tavuk, kedinizin kas geli\u015fimini destekleyen de\u011ferli bir protein kayna\u011f\u0131d\u0131r. Ayn\u0131 zamanda i\u00e7eri\u011findeki dengeli vitamin ve mineral profili ile kedinizin genel sa\u011fl\u0131\u011f\u0131n\u0131 destekler. Paw Love Tavuklu Yeti\u015fkin Kedi Mamas\u0131, kedinizin enerji ihtiyac\u0131n\u0131 kar\u015f\u0131lamak i\u00e7in y\u00fcksek kaliteli i\u00e7eri\u011fi ile \u00f6ne \u00e7\u0131kar. Mama ayn\u0131 zamanda kedinizin sindirim sa\u011fl\u0131\u011f\u0131n\u0131 destekleyen \u00f6zel form\u00fclasyonlar\u0131 i\u00e7erir. \u0130\u00e7erdi\u011fi taurin gibi \u00f6zel besin maddeleri, kedinizin g\u00f6z ve kalp sa\u011fl\u0131\u011f\u0131n\u0131 destekler. Bu mama, kedinizin beslenme ihtiya\u00e7lar\u0131na \u00f6zel bir \u00e7\u00f6z\u00fcm sunar. Y\u00fcksek kaliteli tavuk i\u00e7eri\u011fi ve dengeli besin profili ile Paw Love Tavuklu Yeti\u015fkin Kedi Mamas\u0131, kedinizin sa\u011fl\u0131kl\u0131 ve mutlu bir ya\u015fam s\u00fcrmesine katk\u0131da bulunarak ona \u00f6zel bir ziyafet sunar. \u0130\u00c7\u0130NDEK\u0130LER: \u0130\u015flenmi\u015f Tavuk Proteini, \u0130\u015flenmi\u015f Hayvansal Protein, M\u0131s\u0131r, Bu\u011fday ve bu\u011fday t\u00fcrevleri, Pirin\u00e7, Tavuk Ya\u011f\u0131, Hamsi Unu, Bira Mayas\u0131, M\u0131s\u0131r Gluteni, \u015eeker Pancar\u0131, Tavuk Ci\u011feri Aromas\u0131, Taurin, Tuz, Vitaminler, Minerallar, Nukleotid, Prebiyotik, Koruyucular-Antioksidanlar\" \/>\n<meta property=\"og:url\" content=\"https:\/\/anadolupet.com.tr\/en\/product\/paw-in-love-yetiskin-kedi-tavuk-etli-15kg\/\" \/>\n<meta property=\"og:site_name\" content=\"Anadolu Pet Grup\" \/>\n<meta property=\"article:modified_time\" content=\"2026-02-23T12:51:37+00:00\" \/>\n<meta property=\"og:image\" content=\"https:\/\/anadolupet.com.tr\/wp-content\/uploads\/2026\/02\/284-000006.jpg\" \/>\n\t<meta property=\"og:image:width\" content=\"750\" \/>\n\t<meta property=\"og:image:height\" content=\"750\" \/>\n\t<meta property=\"og:image:type\" content=\"image\/jpeg\" \/>\n<meta name=\"twitter:card\" content=\"summary_large_image\" \/>\n<script type=\"application\/ld+json\" class=\"yoast-schema-graph\">{\"@context\":\"https:\\\/\\\/schema.org\",\"@graph\":[{\"@type\":\"WebPage\",\"@id\":\"https:\\\/\\\/anadolupet.com.tr\\\/urun\\\/paw-in-love-yetiskin-kedi-tavuk-etli-15kg\\\/\",\"url\":\"https:\\\/\\\/anadolupet.com.tr\\\/urun\\\/paw-in-love-yetiskin-kedi-tavuk-etli-15kg\\\/\",\"name\":\"Paw In Love Yeti\u015fkin Kedi Tavuk Etli 15KG - Anadolu Pet Grup\",\"isPartOf\":{\"@id\":\"https:\\\/\\\/anadolupet.com.tr\\\/#website\"},\"primaryImageOfPage\":{\"@id\":\"https:\\\/\\\/anadolupet.com.tr\\\/urun\\\/paw-in-love-yetiskin-kedi-tavuk-etli-15kg\\\/#primaryimage\"},\"image\":{\"@id\":\"https:\\\/\\\/anadolupet.com.tr\\\/urun\\\/paw-in-love-yetiskin-kedi-tavuk-etli-15kg\\\/#primaryimage\"},\"thumbnailUrl\":\"https:\\\/\\\/anadolupet.com.tr\\\/wp-content\\\/uploads\\\/2026\\\/02\\\/284-000006.jpg\",\"datePublished\":\"2026-02-14T14:45:13+00:00\",\"dateModified\":\"2026-02-23T12:51:37+00:00\",\"breadcrumb\":{\"@id\":\"https:\\\/\\\/anadolupet.com.tr\\\/urun\\\/paw-in-love-yetiskin-kedi-tavuk-etli-15kg\\\/#breadcrumb\"},\"inLanguage\":\"en-US\",\"potentialAction\":[{\"@type\":\"ReadAction\",\"target\":[\"https:\\\/\\\/anadolupet.com.tr\\\/urun\\\/paw-in-love-yetiskin-kedi-tavuk-etli-15kg\\\/\"]}]},{\"@type\":\"ImageObject\",\"inLanguage\":\"en-US\",\"@id\":\"https:\\\/\\\/anadolupet.com.tr\\\/urun\\\/paw-in-love-yetiskin-kedi-tavuk-etli-15kg\\\/#primaryimage\",\"url\":\"https:\\\/\\\/anadolupet.com.tr\\\/wp-content\\\/uploads\\\/2026\\\/02\\\/284-000006.jpg\",\"contentUrl\":\"https:\\\/\\\/anadolupet.com.tr\\\/wp-content\\\/uploads\\\/2026\\\/02\\\/284-000006.jpg\",\"width\":750,\"height\":750},{\"@type\":\"BreadcrumbList\",\"@id\":\"https:\\\/\\\/anadolupet.com.tr\\\/urun\\\/paw-in-love-yetiskin-kedi-tavuk-etli-15kg\\\/#breadcrumb\",\"itemListElement\":[{\"@type\":\"ListItem\",\"position\":1,\"name\":\"Anasayfa\",\"item\":\"https:\\\/\\\/anadolupet.com.tr\\\/\"},{\"@type\":\"ListItem\",\"position\":2,\"name\":\"\u00dcr\u00fcnler\",\"item\":\"https:\\\/\\\/anadolupet.com.tr\\\/urunler\\\/\"},{\"@type\":\"ListItem\",\"position\":3,\"name\":\"Paw In Love Yeti\u015fkin Kedi Tavuk Etli 15KG\"}]},{\"@type\":\"WebSite\",\"@id\":\"https:\\\/\\\/anadolupet.com.tr\\\/#website\",\"url\":\"https:\\\/\\\/anadolupet.com.tr\\\/\",\"name\":\"Anadolu Pet Grup\",\"description\":\"Her Can\u0131n \u0130yi Ya\u015fam\u0131 \u0130\u00e7in Biraraday\u0131z\",\"publisher\":{\"@id\":\"https:\\\/\\\/anadolupet.com.tr\\\/#organization\"},\"potentialAction\":[{\"@type\":\"SearchAction\",\"target\":{\"@type\":\"EntryPoint\",\"urlTemplate\":\"https:\\\/\\\/anadolupet.com.tr\\\/?s={search_term_string}\"},\"query-input\":{\"@type\":\"PropertyValueSpecification\",\"valueRequired\":true,\"valueName\":\"search_term_string\"}}],\"inLanguage\":\"en-US\"},{\"@type\":\"Organization\",\"@id\":\"https:\\\/\\\/anadolupet.com.tr\\\/#organization\",\"name\":\"Anadolu Pet Grup\",\"alternateName\":\"Anadolu Pet\",\"url\":\"https:\\\/\\\/anadolupet.com.tr\\\/\",\"logo\":{\"@type\":\"ImageObject\",\"inLanguage\":\"en-US\",\"@id\":\"https:\\\/\\\/anadolupet.com.tr\\\/#\\\/schema\\\/logo\\\/image\\\/\",\"url\":\"https:\\\/\\\/anadolupet.com.tr\\\/wp-content\\\/uploads\\\/2026\\\/03\\\/1614666743370.jpg\",\"contentUrl\":\"https:\\\/\\\/anadolupet.com.tr\\\/wp-content\\\/uploads\\\/2026\\\/03\\\/1614666743370.jpg\",\"width\":800,\"height\":571,\"caption\":\"Anadolu Pet Grup\"},\"image\":{\"@id\":\"https:\\\/\\\/anadolupet.com.tr\\\/#\\\/schema\\\/logo\\\/image\\\/\"}}]}<\/script>\n<!-- \/ Yoast SEO plugin. -->","yoast_head_json":{"title":"Paw In Love Yeti\u015fkin Kedi Tavuk Etli 15KG - Anadolu Pet Grup","robots":{"index":"index","follow":"follow","max-snippet":"max-snippet:-1","max-image-preview":"max-image-preview:large","max-video-preview":"max-video-preview:-1"},"canonical":"https:\/\/anadolupet.com.tr\/en\/product\/paw-in-love-yetiskin-kedi-tavuk-etli-15kg\/","og_locale":"en_US","og_type":"article","og_title":"Paw In Love Yeti\u015fkin Kedi Tavuk Etli 15KG - Anadolu Pet Grup","og_description":"Paw Love Tavuklu Yeti\u015fkin Kedi Mamas\u0131 15 KG, kedinizin sa\u011fl\u0131kl\u0131 ve dengeli bir beslenmeyle desteklenmesi amac\u0131yla \u00f6zel olarak form\u00fcle edilmi\u015f bir mama markas\u0131n\u0131n \u00fcr\u00fcn\u00fcd\u00fcr. Bu \u00f6zel mama, i\u00e7eri\u011findeki y\u00fcksek kaliteli tavuk ile kedinizin protein ihtiyac\u0131n\u0131 kar\u015f\u0131lar. 15 kg'l\u0131k ekonomik ambalaj\u0131, uzun s\u00fcreli kullan\u0131m imkan\u0131 sa\u011flar ve kedinizin beslenme ihtiya\u00e7lar\u0131n\u0131 kar\u015f\u0131lamak i\u00e7in m\u00fckemmel bir se\u00e7enek sunar. Tavuk, kedinizin kas geli\u015fimini destekleyen de\u011ferli bir protein kayna\u011f\u0131d\u0131r. Ayn\u0131 zamanda i\u00e7eri\u011findeki dengeli vitamin ve mineral profili ile kedinizin genel sa\u011fl\u0131\u011f\u0131n\u0131 destekler. Paw Love Tavuklu Yeti\u015fkin Kedi Mamas\u0131, kedinizin enerji ihtiyac\u0131n\u0131 kar\u015f\u0131lamak i\u00e7in y\u00fcksek kaliteli i\u00e7eri\u011fi ile \u00f6ne \u00e7\u0131kar. Mama ayn\u0131 zamanda kedinizin sindirim sa\u011fl\u0131\u011f\u0131n\u0131 destekleyen \u00f6zel form\u00fclasyonlar\u0131 i\u00e7erir. \u0130\u00e7erdi\u011fi taurin gibi \u00f6zel besin maddeleri, kedinizin g\u00f6z ve kalp sa\u011fl\u0131\u011f\u0131n\u0131 destekler. Bu mama, kedinizin beslenme ihtiya\u00e7lar\u0131na \u00f6zel bir \u00e7\u00f6z\u00fcm sunar. Y\u00fcksek kaliteli tavuk i\u00e7eri\u011fi ve dengeli besin profili ile Paw Love Tavuklu Yeti\u015fkin Kedi Mamas\u0131, kedinizin sa\u011fl\u0131kl\u0131 ve mutlu bir ya\u015fam s\u00fcrmesine katk\u0131da bulunarak ona \u00f6zel bir ziyafet sunar. \u0130\u00c7\u0130NDEK\u0130LER: \u0130\u015flenmi\u015f Tavuk Proteini, \u0130\u015flenmi\u015f Hayvansal Protein, M\u0131s\u0131r, Bu\u011fday ve bu\u011fday t\u00fcrevleri, Pirin\u00e7, Tavuk Ya\u011f\u0131, Hamsi Unu, Bira Mayas\u0131, M\u0131s\u0131r Gluteni, \u015eeker Pancar\u0131, Tavuk Ci\u011feri Aromas\u0131, Taurin, Tuz, Vitaminler, Minerallar, Nukleotid, Prebiyotik, Koruyucular-Antioksidanlar","og_url":"https:\/\/anadolupet.com.tr\/en\/product\/paw-in-love-yetiskin-kedi-tavuk-etli-15kg\/","og_site_name":"Anadolu Pet Grup","article_modified_time":"2026-02-23T12:51:37+00:00","og_image":[{"width":750,"height":750,"url":"https:\/\/anadolupet.com.tr\/wp-content\/uploads\/2026\/02\/284-000006.jpg","type":"image\/jpeg"}],"twitter_card":"summary_large_image","schema":{"@context":"https:\/\/schema.org","@graph":[{"@type":"WebPage","@id":"https:\/\/anadolupet.com.tr\/urun\/paw-in-love-yetiskin-kedi-tavuk-etli-15kg\/","url":"https:\/\/anadolupet.com.tr\/urun\/paw-in-love-yetiskin-kedi-tavuk-etli-15kg\/","name":"Paw In Love Yeti\u015fkin Kedi Tavuk Etli 15KG - Anadolu Pet Grup","isPartOf":{"@id":"https:\/\/anadolupet.com.tr\/#website"},"primaryImageOfPage":{"@id":"https:\/\/anadolupet.com.tr\/urun\/paw-in-love-yetiskin-kedi-tavuk-etli-15kg\/#primaryimage"},"image":{"@id":"https:\/\/anadolupet.com.tr\/urun\/paw-in-love-yetiskin-kedi-tavuk-etli-15kg\/#primaryimage"},"thumbnailUrl":"https:\/\/anadolupet.com.tr\/wp-content\/uploads\/2026\/02\/284-000006.jpg","datePublished":"2026-02-14T14:45:13+00:00","dateModified":"2026-02-23T12:51:37+00:00","breadcrumb":{"@id":"https:\/\/anadolupet.com.tr\/urun\/paw-in-love-yetiskin-kedi-tavuk-etli-15kg\/#breadcrumb"},"inLanguage":"en-US","potentialAction":[{"@type":"ReadAction","target":["https:\/\/anadolupet.com.tr\/urun\/paw-in-love-yetiskin-kedi-tavuk-etli-15kg\/"]}]},{"@type":"ImageObject","inLanguage":"en-US","@id":"https:\/\/anadolupet.com.tr\/urun\/paw-in-love-yetiskin-kedi-tavuk-etli-15kg\/#primaryimage","url":"https:\/\/anadolupet.com.tr\/wp-content\/uploads\/2026\/02\/284-000006.jpg","contentUrl":"https:\/\/anadolupet.com.tr\/wp-content\/uploads\/2026\/02\/284-000006.jpg","width":750,"height":750},{"@type":"BreadcrumbList","@id":"https:\/\/anadolupet.com.tr\/urun\/paw-in-love-yetiskin-kedi-tavuk-etli-15kg\/#breadcrumb","itemListElement":[{"@type":"ListItem","position":1,"name":"Anasayfa","item":"https:\/\/anadolupet.com.tr\/"},{"@type":"ListItem","position":2,"name":"\u00dcr\u00fcnler","item":"https:\/\/anadolupet.com.tr\/urunler\/"},{"@type":"ListItem","position":3,"name":"Paw In Love Yeti\u015fkin Kedi Tavuk Etli 15KG"}]},{"@type":"WebSite","@id":"https:\/\/anadolupet.com.tr\/#website","url":"https:\/\/anadolupet.com.tr\/","name":"Anadolu Pet Group","description":"We Stand Together for the Well-Being of Every Life","publisher":{"@id":"https:\/\/anadolupet.com.tr\/#organization"},"potentialAction":[{"@type":"SearchAction","target":{"@type":"EntryPoint","urlTemplate":"https:\/\/anadolupet.com.tr\/?s={search_term_string}"},"query-input":{"@type":"PropertyValueSpecification","valueRequired":true,"valueName":"search_term_string"}}],"inLanguage":"en-US"},{"@type":"Organization","@id":"https:\/\/anadolupet.com.tr\/#organization","name":"Anadolu Pet Group","alternateName":"Anadolu Pet","url":"https:\/\/anadolupet.com.tr\/","logo":{"@type":"ImageObject","inLanguage":"en-US","@id":"https:\/\/anadolupet.com.tr\/#\/schema\/logo\/image\/","url":"https:\/\/anadolupet.com.tr\/wp-content\/uploads\/2026\/03\/1614666743370.jpg","contentUrl":"https:\/\/anadolupet.com.tr\/wp-content\/uploads\/2026\/03\/1614666743370.jpg","width":800,"height":571,"caption":"Anadolu Pet Grup"},"image":{"@id":"https:\/\/anadolupet.com.tr\/#\/schema\/logo\/image\/"}}]}},"_links":{"self":[{"href":"https:\/\/anadolupet.com.tr\/en\/wp-json\/wp\/v2\/product\/45958","targetHints":{"allow":["GET"]}}],"collection":[{"href":"https:\/\/anadolupet.com.tr\/en\/wp-json\/wp\/v2\/product"}],"about":[{"href":"https:\/\/anadolupet.com.tr\/en\/wp-json\/wp\/v2\/types\/product"}],"replies":[{"embeddable":true,"href":"https:\/\/anadolupet.com.tr\/en\/wp-json\/wp\/v2\/comments?post=45958"}],"wp:featuredmedia":[{"embeddable":true,"href":"https:\/\/anadolupet.com.tr\/en\/wp-json\/wp\/v2\/media\/43613"}],"wp:attachment":[{"href":"https:\/\/anadolupet.com.tr\/en\/wp-json\/wp\/v2\/media?parent=45958"}],"wp:term":[{"taxonomy":"product_brand","embeddable":true,"href":"https:\/\/anadolupet.com.tr\/en\/wp-json\/wp\/v2\/product_brand?post=45958"},{"taxonomy":"product_cat","embeddable":true,"href":"https:\/\/anadolupet.com.tr\/en\/wp-json\/wp\/v2\/product_cat?post=45958"},{"taxonomy":"product_tag","embeddable":true,"href":"https:\/\/anadolupet.com.tr\/en\/wp-json\/wp\/v2\/product_tag?post=45958"}],"curies":[{"name":"wp","href":"https:\/\/api.w.org\/{rel}","templated":true}]}}