{"id":45959,"date":"2026-02-14T14:45:14","date_gmt":"2026-02-14T14:45:14","guid":{"rendered":"https:\/\/anadolupet.com.tr\/urun\/paw-in-love-yetiskin-kopek-kuzu-etli-15kg-super-economic\/"},"modified":"2026-02-23T12:51:37","modified_gmt":"2026-02-23T12:51:37","slug":"paw-in-love-yetiskin-kopek-kuzu-etli-15kg-super-economic","status":"publish","type":"product","link":"https:\/\/anadolupet.com.tr\/en\/urun\/paw-in-love-yetiskin-kopek-kuzu-etli-15kg-super-economic\/","title":{"rendered":"Paw In Love Yeti\u015fkin K\u00f6pek Kuzu Etli 15KG (Super Economic)"},"content":{"rendered":"","protected":false},"excerpt":{"rendered":"<p>Paw Love Kuzulu Yeti\u015fkin K\u00f6pek Mamas\u0131 15 KG, k\u00f6pe\u011finizin sa\u011fl\u0131\u011f\u0131n\u0131 desteklemek ve g\u00fc\u00e7l\u00fc bir ba\u011f\u0131\u015f\u0131kl\u0131k sistemi olu\u015fturmak i\u00e7in \u00f6zel olarak form\u00fcle edilmi\u015f bir besin kayna\u011f\u0131d\u0131r. Bu \u00f6zel mama, y\u00fcksek kaliteli kuzu eti i\u00e7eri\u011fiyle dikkat \u00e7eker. Kuzu eti, k\u00f6pe\u011finizin kas geli\u015fimini destekler ve lezzetli bir besin kayna\u011f\u0131 sunar.<br \/>\n15 kg&#8217;l\u0131k ekonomik ambalaj\u0131, uzun s\u00fcreli kullan\u0131m imkan\u0131 sa\u011flar ve k\u00f6pe\u011finizin beslenme ihtiya\u00e7lar\u0131n\u0131 kar\u015f\u0131lamak i\u00e7in m\u00fckemmel bir se\u00e7enek sunar. Y\u00fcksek protein i\u00e7eri\u011fi, enerji ihtiyac\u0131n\u0131 kar\u015f\u0131lamak ve sa\u011fl\u0131kl\u0131 bir ya\u015fam s\u00fcrd\u00fcrmek isteyen yeti\u015fkin k\u00f6pekler i\u00e7in ideal bir beslenme \u00e7\u00f6z\u00fcm\u00fc sunar.<br \/>\nPaw Love Kuzulu Yeti\u015fkin K\u00f6pek Mamas\u0131, i\u00e7eri\u011findeki dengeli vitamin ve mineral profili ile k\u00f6pe\u011finizin genel sa\u011fl\u0131\u011f\u0131n\u0131 destekler. Ayn\u0131 zamanda omega-3 ve omega-6 ya\u011f asitleri i\u00e7erir, bu da k\u00f6pe\u011finizin deri ve t\u00fcy sa\u011fl\u0131\u011f\u0131n\u0131 destekleyerek parlak bir g\u00f6r\u00fcn\u00fcm kazanmas\u0131na yard\u0131mc\u0131 olur.<br \/>\nBu \u00f6zel mama, taurin gibi \u00f6nemli besin maddelerini i\u00e7erir. Taurin, k\u00f6pe\u011finizin g\u00f6z ve kalp sa\u011fl\u0131\u011f\u0131n\u0131 destekleyen kritik bir amino asittir. Paw Love Kuzulu Yeti\u015fkin K\u00f6pek Mamas\u0131, k\u00f6pe\u011finizin enerjik, sa\u011fl\u0131kl\u0131 ve mutlu bir ya\u015fam s\u00fcrmesine katk\u0131da bulunarak ona \u00f6zel bir beslenme deneyimi sunar.<br \/>\n\u0130\u00e7indekiler<br \/>\n\u0130\u015flenmi\u015f Kuzu Proteini,<br \/>\n\u0130\u015flenmi\u015f Hayvansal Protein,<br \/>\nPirin\u00e7,<br \/>\nHamsi Unu,<br \/>\nM\u0131s\u0131r,<br \/>\nBu\u011fday,<br \/>\nBira Mayas\u0131,<br \/>\nM\u0131s\u0131r Gluteni,<br \/>\nTavuk Ya\u011f\u0131,<br \/>\n\u015eeker Pancar\u0131,<br \/>\nSomon Ya\u011f\u0131,<br \/>\nTavuk Ci\u011feri Aromas\u0131,<br \/>\nVitaminler,<br \/>\nMinerallar,<br \/>\nNukleotid,<br \/>\nPrebiyotik,<br \/>\nKoruyucular-Antioksidanlar.<br \/>\nANAL\u0130T\u0130K B\u0130LE\u0218ENLER<br \/>\nHam Protein %18<br \/>\nHam Ya\u011f %8<br \/>\nHam K\u00fcl %8<br \/>\nHam Sel\u00fcloz (Lif) %4<br \/>\nKalsiyum %1.5<br \/>\nFosfor %1<br \/>\nSodyum %0,5<\/p>","protected":false},"featured_media":43616,"comment_status":"open","ping_status":"closed","template":"","meta":{"_acf_changed":false},"product_brand":[],"product_cat":[2464],"product_tag":[],"class_list":{"0":"post-45959","1":"product","2":"type-product","3":"status-publish","4":"has-post-thumbnail","6":"product_cat-yetiskin-kopek-mamalari","8":"first","9":"instock","10":"shipping-taxable","11":"product-type-simple"},"acf":[],"yoast_head":"<!-- This site is optimized with the Yoast SEO plugin v27.5 - https:\/\/yoast.com\/product\/yoast-seo-wordpress\/ -->\n<title>Paw In Love Yeti\u015fkin K\u00f6pek Kuzu Etli 15KG (Super Economic) - Anadolu Pet Grup<\/title>\n<meta name=\"robots\" content=\"index, follow, max-snippet:-1, max-image-preview:large, max-video-preview:-1\" \/>\n<link rel=\"canonical\" href=\"https:\/\/anadolupet.com.tr\/en\/product\/paw-in-love-yetiskin-kopek-kuzu-etli-15kg-super-economic\/\" \/>\n<meta property=\"og:locale\" content=\"en_US\" \/>\n<meta property=\"og:type\" content=\"article\" \/>\n<meta property=\"og:title\" content=\"Paw In Love Yeti\u015fkin K\u00f6pek Kuzu Etli 15KG (Super Economic) - Anadolu Pet Grup\" \/>\n<meta property=\"og:description\" content=\"Paw Love Kuzulu Yeti\u015fkin K\u00f6pek Mamas\u0131 15 KG, k\u00f6pe\u011finizin sa\u011fl\u0131\u011f\u0131n\u0131 desteklemek ve g\u00fc\u00e7l\u00fc bir ba\u011f\u0131\u015f\u0131kl\u0131k sistemi olu\u015fturmak i\u00e7in \u00f6zel olarak form\u00fcle edilmi\u015f bir besin kayna\u011f\u0131d\u0131r. Bu \u00f6zel mama, y\u00fcksek kaliteli kuzu eti i\u00e7eri\u011fiyle dikkat \u00e7eker. Kuzu eti, k\u00f6pe\u011finizin kas geli\u015fimini destekler ve lezzetli bir besin kayna\u011f\u0131 sunar. 15 kg&#039;l\u0131k ekonomik ambalaj\u0131, uzun s\u00fcreli kullan\u0131m imkan\u0131 sa\u011flar ve k\u00f6pe\u011finizin beslenme ihtiya\u00e7lar\u0131n\u0131 kar\u015f\u0131lamak i\u00e7in m\u00fckemmel bir se\u00e7enek sunar. Y\u00fcksek protein i\u00e7eri\u011fi, enerji ihtiyac\u0131n\u0131 kar\u015f\u0131lamak ve sa\u011fl\u0131kl\u0131 bir ya\u015fam s\u00fcrd\u00fcrmek isteyen yeti\u015fkin k\u00f6pekler i\u00e7in ideal bir beslenme \u00e7\u00f6z\u00fcm\u00fc sunar. Paw Love Kuzulu Yeti\u015fkin K\u00f6pek Mamas\u0131, i\u00e7eri\u011findeki dengeli vitamin ve mineral profili ile k\u00f6pe\u011finizin genel sa\u011fl\u0131\u011f\u0131n\u0131 destekler. Ayn\u0131 zamanda omega-3 ve omega-6 ya\u011f asitleri i\u00e7erir, bu da k\u00f6pe\u011finizin deri ve t\u00fcy sa\u011fl\u0131\u011f\u0131n\u0131 destekleyerek parlak bir g\u00f6r\u00fcn\u00fcm kazanmas\u0131na yard\u0131mc\u0131 olur. Bu \u00f6zel mama, taurin gibi \u00f6nemli besin maddelerini i\u00e7erir. Taurin, k\u00f6pe\u011finizin g\u00f6z ve kalp sa\u011fl\u0131\u011f\u0131n\u0131 destekleyen kritik bir amino asittir. Paw Love Kuzulu Yeti\u015fkin K\u00f6pek Mamas\u0131, k\u00f6pe\u011finizin enerjik, sa\u011fl\u0131kl\u0131 ve mutlu bir ya\u015fam s\u00fcrmesine katk\u0131da bulunarak ona \u00f6zel bir beslenme deneyimi sunar. \u0130\u00e7indekiler \u0130\u015flenmi\u015f Kuzu Proteini, \u0130\u015flenmi\u015f Hayvansal Protein, Pirin\u00e7, Hamsi Unu, M\u0131s\u0131r, Bu\u011fday, Bira Mayas\u0131, M\u0131s\u0131r Gluteni, Tavuk Ya\u011f\u0131, \u015eeker Pancar\u0131, Somon Ya\u011f\u0131, Tavuk Ci\u011feri Aromas\u0131, Vitaminler, Minerallar, Nukleotid, Prebiyotik, Koruyucular-Antioksidanlar. ANAL\u0130T\u0130K B\u0130LE\u0218ENLER Ham Protein %18 Ham Ya\u011f %8 Ham K\u00fcl %8 Ham Sel\u00fcloz (Lif) %4 Kalsiyum %1.5 Fosfor %1 Sodyum %0,5\" \/>\n<meta property=\"og:url\" content=\"https:\/\/anadolupet.com.tr\/en\/product\/paw-in-love-yetiskin-kopek-kuzu-etli-15kg-super-economic\/\" \/>\n<meta property=\"og:site_name\" content=\"Anadolu Pet Grup\" \/>\n<meta property=\"article:modified_time\" content=\"2026-02-23T12:51:37+00:00\" \/>\n<meta property=\"og:image\" content=\"https:\/\/anadolupet.com.tr\/wp-content\/uploads\/2026\/02\/284-000007_3.jpg\" \/>\n\t<meta property=\"og:image:width\" content=\"750\" \/>\n\t<meta property=\"og:image:height\" content=\"750\" \/>\n\t<meta property=\"og:image:type\" content=\"image\/jpeg\" \/>\n<meta name=\"twitter:card\" content=\"summary_large_image\" \/>\n<script type=\"application\/ld+json\" class=\"yoast-schema-graph\">{\"@context\":\"https:\\\/\\\/schema.org\",\"@graph\":[{\"@type\":\"WebPage\",\"@id\":\"https:\\\/\\\/anadolupet.com.tr\\\/urun\\\/paw-in-love-yetiskin-kopek-kuzu-etli-15kg-super-economic\\\/\",\"url\":\"https:\\\/\\\/anadolupet.com.tr\\\/urun\\\/paw-in-love-yetiskin-kopek-kuzu-etli-15kg-super-economic\\\/\",\"name\":\"Paw In Love Yeti\u015fkin K\u00f6pek Kuzu Etli 15KG (Super Economic) - Anadolu Pet Grup\",\"isPartOf\":{\"@id\":\"https:\\\/\\\/anadolupet.com.tr\\\/#website\"},\"primaryImageOfPage\":{\"@id\":\"https:\\\/\\\/anadolupet.com.tr\\\/urun\\\/paw-in-love-yetiskin-kopek-kuzu-etli-15kg-super-economic\\\/#primaryimage\"},\"image\":{\"@id\":\"https:\\\/\\\/anadolupet.com.tr\\\/urun\\\/paw-in-love-yetiskin-kopek-kuzu-etli-15kg-super-economic\\\/#primaryimage\"},\"thumbnailUrl\":\"https:\\\/\\\/anadolupet.com.tr\\\/wp-content\\\/uploads\\\/2026\\\/02\\\/284-000007_3.jpg\",\"datePublished\":\"2026-02-14T14:45:14+00:00\",\"dateModified\":\"2026-02-23T12:51:37+00:00\",\"breadcrumb\":{\"@id\":\"https:\\\/\\\/anadolupet.com.tr\\\/urun\\\/paw-in-love-yetiskin-kopek-kuzu-etli-15kg-super-economic\\\/#breadcrumb\"},\"inLanguage\":\"en-US\",\"potentialAction\":[{\"@type\":\"ReadAction\",\"target\":[\"https:\\\/\\\/anadolupet.com.tr\\\/urun\\\/paw-in-love-yetiskin-kopek-kuzu-etli-15kg-super-economic\\\/\"]}]},{\"@type\":\"ImageObject\",\"inLanguage\":\"en-US\",\"@id\":\"https:\\\/\\\/anadolupet.com.tr\\\/urun\\\/paw-in-love-yetiskin-kopek-kuzu-etli-15kg-super-economic\\\/#primaryimage\",\"url\":\"https:\\\/\\\/anadolupet.com.tr\\\/wp-content\\\/uploads\\\/2026\\\/02\\\/284-000007_3.jpg\",\"contentUrl\":\"https:\\\/\\\/anadolupet.com.tr\\\/wp-content\\\/uploads\\\/2026\\\/02\\\/284-000007_3.jpg\",\"width\":750,\"height\":750},{\"@type\":\"BreadcrumbList\",\"@id\":\"https:\\\/\\\/anadolupet.com.tr\\\/urun\\\/paw-in-love-yetiskin-kopek-kuzu-etli-15kg-super-economic\\\/#breadcrumb\",\"itemListElement\":[{\"@type\":\"ListItem\",\"position\":1,\"name\":\"Anasayfa\",\"item\":\"https:\\\/\\\/anadolupet.com.tr\\\/\"},{\"@type\":\"ListItem\",\"position\":2,\"name\":\"\u00dcr\u00fcnler\",\"item\":\"https:\\\/\\\/anadolupet.com.tr\\\/urunler\\\/\"},{\"@type\":\"ListItem\",\"position\":3,\"name\":\"Paw In Love Yeti\u015fkin K\u00f6pek Kuzu Etli 15KG (Super Economic)\"}]},{\"@type\":\"WebSite\",\"@id\":\"https:\\\/\\\/anadolupet.com.tr\\\/#website\",\"url\":\"https:\\\/\\\/anadolupet.com.tr\\\/\",\"name\":\"Anadolu Pet Grup\",\"description\":\"Her Can\u0131n \u0130yi Ya\u015fam\u0131 \u0130\u00e7in Biraraday\u0131z\",\"publisher\":{\"@id\":\"https:\\\/\\\/anadolupet.com.tr\\\/#organization\"},\"potentialAction\":[{\"@type\":\"SearchAction\",\"target\":{\"@type\":\"EntryPoint\",\"urlTemplate\":\"https:\\\/\\\/anadolupet.com.tr\\\/?s={search_term_string}\"},\"query-input\":{\"@type\":\"PropertyValueSpecification\",\"valueRequired\":true,\"valueName\":\"search_term_string\"}}],\"inLanguage\":\"en-US\"},{\"@type\":\"Organization\",\"@id\":\"https:\\\/\\\/anadolupet.com.tr\\\/#organization\",\"name\":\"Anadolu Pet Grup\",\"alternateName\":\"Anadolu Pet\",\"url\":\"https:\\\/\\\/anadolupet.com.tr\\\/\",\"logo\":{\"@type\":\"ImageObject\",\"inLanguage\":\"en-US\",\"@id\":\"https:\\\/\\\/anadolupet.com.tr\\\/#\\\/schema\\\/logo\\\/image\\\/\",\"url\":\"https:\\\/\\\/anadolupet.com.tr\\\/wp-content\\\/uploads\\\/2026\\\/03\\\/1614666743370.jpg\",\"contentUrl\":\"https:\\\/\\\/anadolupet.com.tr\\\/wp-content\\\/uploads\\\/2026\\\/03\\\/1614666743370.jpg\",\"width\":800,\"height\":571,\"caption\":\"Anadolu Pet Grup\"},\"image\":{\"@id\":\"https:\\\/\\\/anadolupet.com.tr\\\/#\\\/schema\\\/logo\\\/image\\\/\"}}]}<\/script>\n<!-- \/ Yoast SEO plugin. -->","yoast_head_json":{"title":"Paw In Love Yeti\u015fkin K\u00f6pek Kuzu Etli 15KG (Super Economic) - Anadolu Pet Grup","robots":{"index":"index","follow":"follow","max-snippet":"max-snippet:-1","max-image-preview":"max-image-preview:large","max-video-preview":"max-video-preview:-1"},"canonical":"https:\/\/anadolupet.com.tr\/en\/product\/paw-in-love-yetiskin-kopek-kuzu-etli-15kg-super-economic\/","og_locale":"en_US","og_type":"article","og_title":"Paw In Love Yeti\u015fkin K\u00f6pek Kuzu Etli 15KG (Super Economic) - Anadolu Pet Grup","og_description":"Paw Love Kuzulu Yeti\u015fkin K\u00f6pek Mamas\u0131 15 KG, k\u00f6pe\u011finizin sa\u011fl\u0131\u011f\u0131n\u0131 desteklemek ve g\u00fc\u00e7l\u00fc bir ba\u011f\u0131\u015f\u0131kl\u0131k sistemi olu\u015fturmak i\u00e7in \u00f6zel olarak form\u00fcle edilmi\u015f bir besin kayna\u011f\u0131d\u0131r. Bu \u00f6zel mama, y\u00fcksek kaliteli kuzu eti i\u00e7eri\u011fiyle dikkat \u00e7eker. Kuzu eti, k\u00f6pe\u011finizin kas geli\u015fimini destekler ve lezzetli bir besin kayna\u011f\u0131 sunar. 15 kg'l\u0131k ekonomik ambalaj\u0131, uzun s\u00fcreli kullan\u0131m imkan\u0131 sa\u011flar ve k\u00f6pe\u011finizin beslenme ihtiya\u00e7lar\u0131n\u0131 kar\u015f\u0131lamak i\u00e7in m\u00fckemmel bir se\u00e7enek sunar. Y\u00fcksek protein i\u00e7eri\u011fi, enerji ihtiyac\u0131n\u0131 kar\u015f\u0131lamak ve sa\u011fl\u0131kl\u0131 bir ya\u015fam s\u00fcrd\u00fcrmek isteyen yeti\u015fkin k\u00f6pekler i\u00e7in ideal bir beslenme \u00e7\u00f6z\u00fcm\u00fc sunar. Paw Love Kuzulu Yeti\u015fkin K\u00f6pek Mamas\u0131, i\u00e7eri\u011findeki dengeli vitamin ve mineral profili ile k\u00f6pe\u011finizin genel sa\u011fl\u0131\u011f\u0131n\u0131 destekler. Ayn\u0131 zamanda omega-3 ve omega-6 ya\u011f asitleri i\u00e7erir, bu da k\u00f6pe\u011finizin deri ve t\u00fcy sa\u011fl\u0131\u011f\u0131n\u0131 destekleyerek parlak bir g\u00f6r\u00fcn\u00fcm kazanmas\u0131na yard\u0131mc\u0131 olur. Bu \u00f6zel mama, taurin gibi \u00f6nemli besin maddelerini i\u00e7erir. Taurin, k\u00f6pe\u011finizin g\u00f6z ve kalp sa\u011fl\u0131\u011f\u0131n\u0131 destekleyen kritik bir amino asittir. Paw Love Kuzulu Yeti\u015fkin K\u00f6pek Mamas\u0131, k\u00f6pe\u011finizin enerjik, sa\u011fl\u0131kl\u0131 ve mutlu bir ya\u015fam s\u00fcrmesine katk\u0131da bulunarak ona \u00f6zel bir beslenme deneyimi sunar. \u0130\u00e7indekiler \u0130\u015flenmi\u015f Kuzu Proteini, \u0130\u015flenmi\u015f Hayvansal Protein, Pirin\u00e7, Hamsi Unu, M\u0131s\u0131r, Bu\u011fday, Bira Mayas\u0131, M\u0131s\u0131r Gluteni, Tavuk Ya\u011f\u0131, \u015eeker Pancar\u0131, Somon Ya\u011f\u0131, Tavuk Ci\u011feri Aromas\u0131, Vitaminler, Minerallar, Nukleotid, Prebiyotik, Koruyucular-Antioksidanlar. ANAL\u0130T\u0130K B\u0130LE\u0218ENLER Ham Protein %18 Ham Ya\u011f %8 Ham K\u00fcl %8 Ham Sel\u00fcloz (Lif) %4 Kalsiyum %1.5 Fosfor %1 Sodyum %0,5","og_url":"https:\/\/anadolupet.com.tr\/en\/product\/paw-in-love-yetiskin-kopek-kuzu-etli-15kg-super-economic\/","og_site_name":"Anadolu Pet Grup","article_modified_time":"2026-02-23T12:51:37+00:00","og_image":[{"width":750,"height":750,"url":"https:\/\/anadolupet.com.tr\/wp-content\/uploads\/2026\/02\/284-000007_3.jpg","type":"image\/jpeg"}],"twitter_card":"summary_large_image","schema":{"@context":"https:\/\/schema.org","@graph":[{"@type":"WebPage","@id":"https:\/\/anadolupet.com.tr\/urun\/paw-in-love-yetiskin-kopek-kuzu-etli-15kg-super-economic\/","url":"https:\/\/anadolupet.com.tr\/urun\/paw-in-love-yetiskin-kopek-kuzu-etli-15kg-super-economic\/","name":"Paw In Love Yeti\u015fkin K\u00f6pek Kuzu Etli 15KG (Super Economic) - Anadolu Pet Grup","isPartOf":{"@id":"https:\/\/anadolupet.com.tr\/#website"},"primaryImageOfPage":{"@id":"https:\/\/anadolupet.com.tr\/urun\/paw-in-love-yetiskin-kopek-kuzu-etli-15kg-super-economic\/#primaryimage"},"image":{"@id":"https:\/\/anadolupet.com.tr\/urun\/paw-in-love-yetiskin-kopek-kuzu-etli-15kg-super-economic\/#primaryimage"},"thumbnailUrl":"https:\/\/anadolupet.com.tr\/wp-content\/uploads\/2026\/02\/284-000007_3.jpg","datePublished":"2026-02-14T14:45:14+00:00","dateModified":"2026-02-23T12:51:37+00:00","breadcrumb":{"@id":"https:\/\/anadolupet.com.tr\/urun\/paw-in-love-yetiskin-kopek-kuzu-etli-15kg-super-economic\/#breadcrumb"},"inLanguage":"en-US","potentialAction":[{"@type":"ReadAction","target":["https:\/\/anadolupet.com.tr\/urun\/paw-in-love-yetiskin-kopek-kuzu-etli-15kg-super-economic\/"]}]},{"@type":"ImageObject","inLanguage":"en-US","@id":"https:\/\/anadolupet.com.tr\/urun\/paw-in-love-yetiskin-kopek-kuzu-etli-15kg-super-economic\/#primaryimage","url":"https:\/\/anadolupet.com.tr\/wp-content\/uploads\/2026\/02\/284-000007_3.jpg","contentUrl":"https:\/\/anadolupet.com.tr\/wp-content\/uploads\/2026\/02\/284-000007_3.jpg","width":750,"height":750},{"@type":"BreadcrumbList","@id":"https:\/\/anadolupet.com.tr\/urun\/paw-in-love-yetiskin-kopek-kuzu-etli-15kg-super-economic\/#breadcrumb","itemListElement":[{"@type":"ListItem","position":1,"name":"Anasayfa","item":"https:\/\/anadolupet.com.tr\/"},{"@type":"ListItem","position":2,"name":"\u00dcr\u00fcnler","item":"https:\/\/anadolupet.com.tr\/urunler\/"},{"@type":"ListItem","position":3,"name":"Paw In Love Yeti\u015fkin K\u00f6pek Kuzu Etli 15KG (Super Economic)"}]},{"@type":"WebSite","@id":"https:\/\/anadolupet.com.tr\/#website","url":"https:\/\/anadolupet.com.tr\/","name":"Anadolu Pet Group","description":"We Stand Together for the Well-Being of Every Life","publisher":{"@id":"https:\/\/anadolupet.com.tr\/#organization"},"potentialAction":[{"@type":"SearchAction","target":{"@type":"EntryPoint","urlTemplate":"https:\/\/anadolupet.com.tr\/?s={search_term_string}"},"query-input":{"@type":"PropertyValueSpecification","valueRequired":true,"valueName":"search_term_string"}}],"inLanguage":"en-US"},{"@type":"Organization","@id":"https:\/\/anadolupet.com.tr\/#organization","name":"Anadolu Pet Group","alternateName":"Anadolu Pet","url":"https:\/\/anadolupet.com.tr\/","logo":{"@type":"ImageObject","inLanguage":"en-US","@id":"https:\/\/anadolupet.com.tr\/#\/schema\/logo\/image\/","url":"https:\/\/anadolupet.com.tr\/wp-content\/uploads\/2026\/03\/1614666743370.jpg","contentUrl":"https:\/\/anadolupet.com.tr\/wp-content\/uploads\/2026\/03\/1614666743370.jpg","width":800,"height":571,"caption":"Anadolu Pet Grup"},"image":{"@id":"https:\/\/anadolupet.com.tr\/#\/schema\/logo\/image\/"}}]}},"_links":{"self":[{"href":"https:\/\/anadolupet.com.tr\/en\/wp-json\/wp\/v2\/product\/45959","targetHints":{"allow":["GET"]}}],"collection":[{"href":"https:\/\/anadolupet.com.tr\/en\/wp-json\/wp\/v2\/product"}],"about":[{"href":"https:\/\/anadolupet.com.tr\/en\/wp-json\/wp\/v2\/types\/product"}],"replies":[{"embeddable":true,"href":"https:\/\/anadolupet.com.tr\/en\/wp-json\/wp\/v2\/comments?post=45959"}],"wp:featuredmedia":[{"embeddable":true,"href":"https:\/\/anadolupet.com.tr\/en\/wp-json\/wp\/v2\/media\/43616"}],"wp:attachment":[{"href":"https:\/\/anadolupet.com.tr\/en\/wp-json\/wp\/v2\/media?parent=45959"}],"wp:term":[{"taxonomy":"product_brand","embeddable":true,"href":"https:\/\/anadolupet.com.tr\/en\/wp-json\/wp\/v2\/product_brand?post=45959"},{"taxonomy":"product_cat","embeddable":true,"href":"https:\/\/anadolupet.com.tr\/en\/wp-json\/wp\/v2\/product_cat?post=45959"},{"taxonomy":"product_tag","embeddable":true,"href":"https:\/\/anadolupet.com.tr\/en\/wp-json\/wp\/v2\/product_tag?post=45959"}],"curies":[{"name":"wp","href":"https:\/\/api.w.org\/{rel}","templated":true}]}}