{"id":45960,"date":"2026-02-14T14:45:14","date_gmt":"2026-02-14T14:45:14","guid":{"rendered":"https:\/\/anadolupet.com.tr\/urun\/paw-in-love-yetiskin-kopek-tavuk-etli-15kg-super-economic\/"},"modified":"2026-02-23T12:51:37","modified_gmt":"2026-02-23T12:51:37","slug":"paw-in-love-yetiskin-kopek-tavuk-etli-15kg-super-economic","status":"publish","type":"product","link":"https:\/\/anadolupet.com.tr\/en\/urun\/paw-in-love-yetiskin-kopek-tavuk-etli-15kg-super-economic\/","title":{"rendered":"Paw In Love Yeti\u015fkin K\u00f6pek Tavuk Etli 15KG (Super Economic)"},"content":{"rendered":"","protected":false},"excerpt":{"rendered":"<p>Yeti\u015fkin K\u00f6pek Mamas\u0131<br \/>\n15 ay ve \u00fczeri t\u00fcm yeti\u015fkin \u0131rklar i\u00e7in g\u00fcnl\u00fck beslenme ihtiya\u00e7lar\u0131n\u0131 kar\u015f\u0131lamak \u00fczere kedi\/k\u00f6pek beslenme uzmanlar\u0131 taraf\u0131ndan \u00f6zenle form\u00fcle edilmi\u015f tam ve dengeli, kuzu proteini i\u00e7eren k\u00f6pek mamas\u0131d\u0131r.<br \/>\n\u0130\u00c7ER\u0130K<br \/>\n\u0130\u015flenmi\u015f Hayvansal Protein (Tavuk %15), Tah\u0131llar, Tavuk Ya\u011f\u0131, Ci\u011fer Aromas\u0131, Tuz, Mannanoligosakkaritler ve B-Glukanlar (%0,1)<br \/>\nANAL\u0130T\u0130K B\u0130LE\u015eENLER<br \/>\nProtein: %21, Ya\u011f i\u00e7eri\u011fi: %11, Ham Sel\u00fcloz: %3, Ham K\u00fcl: %8<br \/>\nBESLEY\u0130C\u0130 \u0130LAVELER<br \/>\nVitamin A (3a672a) 10,000 IU\/kg, Vitamin D3 (3a671) 600 IU\/kg, Vitamin E (3a700) 96 mg\/kg Demir(II) s\u00fclfat monohidrat (3b103) 36 mg\/kg, Bak\u0131r s\u00fclfat pentahidrat (3b405) 3,6 mg\/kg, Mangan s\u00fclfat monohidrat (3b503) 4 mg\/kg, \u00c7inko s\u00fclfat monohidrat (3b605) 40 mg\/kg, Anhidre kalsiyum iyodat (3b203) 0,72 mg\/kg, Sodyum Selenit (3b802) 0.10 mg\/kg<br \/>\nTEKNOLOJ\u0130K \u0130LAVELER<br \/>\nAntioksidanlar, koruyucular<\/p>","protected":false},"featured_media":43619,"comment_status":"open","ping_status":"closed","template":"","meta":{"_acf_changed":false},"product_brand":[],"product_cat":[2464],"product_tag":[],"class_list":{"0":"post-45960","1":"product","2":"type-product","3":"status-publish","4":"has-post-thumbnail","6":"product_cat-yetiskin-kopek-mamalari","8":"first","9":"instock","10":"shipping-taxable","11":"product-type-simple"},"acf":[],"yoast_head":"<!-- This site is optimized with the Yoast SEO plugin v27.5 - https:\/\/yoast.com\/product\/yoast-seo-wordpress\/ -->\n<title>Paw In Love Yeti\u015fkin K\u00f6pek Tavuk Etli 15KG (Super Economic) - Anadolu Pet Grup<\/title>\n<meta name=\"robots\" content=\"index, follow, max-snippet:-1, max-image-preview:large, max-video-preview:-1\" \/>\n<link rel=\"canonical\" href=\"https:\/\/anadolupet.com.tr\/en\/product\/paw-in-love-yetiskin-kopek-tavuk-etli-15kg-super-economic\/\" \/>\n<meta property=\"og:locale\" content=\"en_US\" \/>\n<meta property=\"og:type\" content=\"article\" \/>\n<meta property=\"og:title\" content=\"Paw In Love Yeti\u015fkin K\u00f6pek Tavuk Etli 15KG (Super Economic) - Anadolu Pet Grup\" \/>\n<meta property=\"og:description\" content=\"Yeti\u015fkin K\u00f6pek Mamas\u0131 15 ay ve \u00fczeri t\u00fcm yeti\u015fkin \u0131rklar i\u00e7in g\u00fcnl\u00fck beslenme ihtiya\u00e7lar\u0131n\u0131 kar\u015f\u0131lamak \u00fczere kedi\/k\u00f6pek beslenme uzmanlar\u0131 taraf\u0131ndan \u00f6zenle form\u00fcle edilmi\u015f tam ve dengeli, kuzu proteini i\u00e7eren k\u00f6pek mamas\u0131d\u0131r. \u0130\u00c7ER\u0130K \u0130\u015flenmi\u015f Hayvansal Protein (Tavuk %15), Tah\u0131llar, Tavuk Ya\u011f\u0131, Ci\u011fer Aromas\u0131, Tuz, Mannanoligosakkaritler ve B-Glukanlar (%0,1) ANAL\u0130T\u0130K B\u0130LE\u015eENLER Protein: %21, Ya\u011f i\u00e7eri\u011fi: %11, Ham Sel\u00fcloz: %3, Ham K\u00fcl: %8 BESLEY\u0130C\u0130 \u0130LAVELER Vitamin A (3a672a) 10,000 IU\/kg, Vitamin D3 (3a671) 600 IU\/kg, Vitamin E (3a700) 96 mg\/kg Demir(II) s\u00fclfat monohidrat (3b103) 36 mg\/kg, Bak\u0131r s\u00fclfat pentahidrat (3b405) 3,6 mg\/kg, Mangan s\u00fclfat monohidrat (3b503) 4 mg\/kg, \u00c7inko s\u00fclfat monohidrat (3b605) 40 mg\/kg, Anhidre kalsiyum iyodat (3b203) 0,72 mg\/kg, Sodyum Selenit (3b802) 0.10 mg\/kg TEKNOLOJ\u0130K \u0130LAVELER Antioksidanlar, koruyucular\" \/>\n<meta property=\"og:url\" content=\"https:\/\/anadolupet.com.tr\/en\/product\/paw-in-love-yetiskin-kopek-tavuk-etli-15kg-super-economic\/\" \/>\n<meta property=\"og:site_name\" content=\"Anadolu Pet Grup\" \/>\n<meta property=\"article:modified_time\" content=\"2026-02-23T12:51:37+00:00\" \/>\n<meta property=\"og:image\" content=\"https:\/\/anadolupet.com.tr\/wp-content\/uploads\/2026\/02\/284-000008_3.jpg\" \/>\n\t<meta property=\"og:image:width\" content=\"750\" \/>\n\t<meta property=\"og:image:height\" content=\"750\" \/>\n\t<meta property=\"og:image:type\" content=\"image\/jpeg\" \/>\n<meta name=\"twitter:card\" content=\"summary_large_image\" \/>\n<script type=\"application\/ld+json\" class=\"yoast-schema-graph\">{\"@context\":\"https:\\\/\\\/schema.org\",\"@graph\":[{\"@type\":\"WebPage\",\"@id\":\"https:\\\/\\\/anadolupet.com.tr\\\/urun\\\/paw-in-love-yetiskin-kopek-tavuk-etli-15kg-super-economic\\\/\",\"url\":\"https:\\\/\\\/anadolupet.com.tr\\\/urun\\\/paw-in-love-yetiskin-kopek-tavuk-etli-15kg-super-economic\\\/\",\"name\":\"Paw In Love Yeti\u015fkin K\u00f6pek Tavuk Etli 15KG (Super Economic) - Anadolu Pet Grup\",\"isPartOf\":{\"@id\":\"https:\\\/\\\/anadolupet.com.tr\\\/#website\"},\"primaryImageOfPage\":{\"@id\":\"https:\\\/\\\/anadolupet.com.tr\\\/urun\\\/paw-in-love-yetiskin-kopek-tavuk-etli-15kg-super-economic\\\/#primaryimage\"},\"image\":{\"@id\":\"https:\\\/\\\/anadolupet.com.tr\\\/urun\\\/paw-in-love-yetiskin-kopek-tavuk-etli-15kg-super-economic\\\/#primaryimage\"},\"thumbnailUrl\":\"https:\\\/\\\/anadolupet.com.tr\\\/wp-content\\\/uploads\\\/2026\\\/02\\\/284-000008_3.jpg\",\"datePublished\":\"2026-02-14T14:45:14+00:00\",\"dateModified\":\"2026-02-23T12:51:37+00:00\",\"breadcrumb\":{\"@id\":\"https:\\\/\\\/anadolupet.com.tr\\\/urun\\\/paw-in-love-yetiskin-kopek-tavuk-etli-15kg-super-economic\\\/#breadcrumb\"},\"inLanguage\":\"en-US\",\"potentialAction\":[{\"@type\":\"ReadAction\",\"target\":[\"https:\\\/\\\/anadolupet.com.tr\\\/urun\\\/paw-in-love-yetiskin-kopek-tavuk-etli-15kg-super-economic\\\/\"]}]},{\"@type\":\"ImageObject\",\"inLanguage\":\"en-US\",\"@id\":\"https:\\\/\\\/anadolupet.com.tr\\\/urun\\\/paw-in-love-yetiskin-kopek-tavuk-etli-15kg-super-economic\\\/#primaryimage\",\"url\":\"https:\\\/\\\/anadolupet.com.tr\\\/wp-content\\\/uploads\\\/2026\\\/02\\\/284-000008_3.jpg\",\"contentUrl\":\"https:\\\/\\\/anadolupet.com.tr\\\/wp-content\\\/uploads\\\/2026\\\/02\\\/284-000008_3.jpg\",\"width\":750,\"height\":750},{\"@type\":\"BreadcrumbList\",\"@id\":\"https:\\\/\\\/anadolupet.com.tr\\\/urun\\\/paw-in-love-yetiskin-kopek-tavuk-etli-15kg-super-economic\\\/#breadcrumb\",\"itemListElement\":[{\"@type\":\"ListItem\",\"position\":1,\"name\":\"Anasayfa\",\"item\":\"https:\\\/\\\/anadolupet.com.tr\\\/\"},{\"@type\":\"ListItem\",\"position\":2,\"name\":\"\u00dcr\u00fcnler\",\"item\":\"https:\\\/\\\/anadolupet.com.tr\\\/urunler\\\/\"},{\"@type\":\"ListItem\",\"position\":3,\"name\":\"Paw In Love Yeti\u015fkin K\u00f6pek Tavuk Etli 15KG (Super Economic)\"}]},{\"@type\":\"WebSite\",\"@id\":\"https:\\\/\\\/anadolupet.com.tr\\\/#website\",\"url\":\"https:\\\/\\\/anadolupet.com.tr\\\/\",\"name\":\"Anadolu Pet Grup\",\"description\":\"Her Can\u0131n \u0130yi Ya\u015fam\u0131 \u0130\u00e7in Biraraday\u0131z\",\"publisher\":{\"@id\":\"https:\\\/\\\/anadolupet.com.tr\\\/#organization\"},\"potentialAction\":[{\"@type\":\"SearchAction\",\"target\":{\"@type\":\"EntryPoint\",\"urlTemplate\":\"https:\\\/\\\/anadolupet.com.tr\\\/?s={search_term_string}\"},\"query-input\":{\"@type\":\"PropertyValueSpecification\",\"valueRequired\":true,\"valueName\":\"search_term_string\"}}],\"inLanguage\":\"en-US\"},{\"@type\":\"Organization\",\"@id\":\"https:\\\/\\\/anadolupet.com.tr\\\/#organization\",\"name\":\"Anadolu Pet Grup\",\"alternateName\":\"Anadolu Pet\",\"url\":\"https:\\\/\\\/anadolupet.com.tr\\\/\",\"logo\":{\"@type\":\"ImageObject\",\"inLanguage\":\"en-US\",\"@id\":\"https:\\\/\\\/anadolupet.com.tr\\\/#\\\/schema\\\/logo\\\/image\\\/\",\"url\":\"https:\\\/\\\/anadolupet.com.tr\\\/wp-content\\\/uploads\\\/2026\\\/03\\\/1614666743370.jpg\",\"contentUrl\":\"https:\\\/\\\/anadolupet.com.tr\\\/wp-content\\\/uploads\\\/2026\\\/03\\\/1614666743370.jpg\",\"width\":800,\"height\":571,\"caption\":\"Anadolu Pet Grup\"},\"image\":{\"@id\":\"https:\\\/\\\/anadolupet.com.tr\\\/#\\\/schema\\\/logo\\\/image\\\/\"}}]}<\/script>\n<!-- \/ Yoast SEO plugin. -->","yoast_head_json":{"title":"Paw In Love Yeti\u015fkin K\u00f6pek Tavuk Etli 15KG (Super Economic) - Anadolu Pet Grup","robots":{"index":"index","follow":"follow","max-snippet":"max-snippet:-1","max-image-preview":"max-image-preview:large","max-video-preview":"max-video-preview:-1"},"canonical":"https:\/\/anadolupet.com.tr\/en\/product\/paw-in-love-yetiskin-kopek-tavuk-etli-15kg-super-economic\/","og_locale":"en_US","og_type":"article","og_title":"Paw In Love Yeti\u015fkin K\u00f6pek Tavuk Etli 15KG (Super Economic) - Anadolu Pet Grup","og_description":"Yeti\u015fkin K\u00f6pek Mamas\u0131 15 ay ve \u00fczeri t\u00fcm yeti\u015fkin \u0131rklar i\u00e7in g\u00fcnl\u00fck beslenme ihtiya\u00e7lar\u0131n\u0131 kar\u015f\u0131lamak \u00fczere kedi\/k\u00f6pek beslenme uzmanlar\u0131 taraf\u0131ndan \u00f6zenle form\u00fcle edilmi\u015f tam ve dengeli, kuzu proteini i\u00e7eren k\u00f6pek mamas\u0131d\u0131r. \u0130\u00c7ER\u0130K \u0130\u015flenmi\u015f Hayvansal Protein (Tavuk %15), Tah\u0131llar, Tavuk Ya\u011f\u0131, Ci\u011fer Aromas\u0131, Tuz, Mannanoligosakkaritler ve B-Glukanlar (%0,1) ANAL\u0130T\u0130K B\u0130LE\u015eENLER Protein: %21, Ya\u011f i\u00e7eri\u011fi: %11, Ham Sel\u00fcloz: %3, Ham K\u00fcl: %8 BESLEY\u0130C\u0130 \u0130LAVELER Vitamin A (3a672a) 10,000 IU\/kg, Vitamin D3 (3a671) 600 IU\/kg, Vitamin E (3a700) 96 mg\/kg Demir(II) s\u00fclfat monohidrat (3b103) 36 mg\/kg, Bak\u0131r s\u00fclfat pentahidrat (3b405) 3,6 mg\/kg, Mangan s\u00fclfat monohidrat (3b503) 4 mg\/kg, \u00c7inko s\u00fclfat monohidrat (3b605) 40 mg\/kg, Anhidre kalsiyum iyodat (3b203) 0,72 mg\/kg, Sodyum Selenit (3b802) 0.10 mg\/kg TEKNOLOJ\u0130K \u0130LAVELER Antioksidanlar, koruyucular","og_url":"https:\/\/anadolupet.com.tr\/en\/product\/paw-in-love-yetiskin-kopek-tavuk-etli-15kg-super-economic\/","og_site_name":"Anadolu Pet Grup","article_modified_time":"2026-02-23T12:51:37+00:00","og_image":[{"width":750,"height":750,"url":"https:\/\/anadolupet.com.tr\/wp-content\/uploads\/2026\/02\/284-000008_3.jpg","type":"image\/jpeg"}],"twitter_card":"summary_large_image","schema":{"@context":"https:\/\/schema.org","@graph":[{"@type":"WebPage","@id":"https:\/\/anadolupet.com.tr\/urun\/paw-in-love-yetiskin-kopek-tavuk-etli-15kg-super-economic\/","url":"https:\/\/anadolupet.com.tr\/urun\/paw-in-love-yetiskin-kopek-tavuk-etli-15kg-super-economic\/","name":"Paw In Love Yeti\u015fkin K\u00f6pek Tavuk Etli 15KG (Super Economic) - Anadolu Pet Grup","isPartOf":{"@id":"https:\/\/anadolupet.com.tr\/#website"},"primaryImageOfPage":{"@id":"https:\/\/anadolupet.com.tr\/urun\/paw-in-love-yetiskin-kopek-tavuk-etli-15kg-super-economic\/#primaryimage"},"image":{"@id":"https:\/\/anadolupet.com.tr\/urun\/paw-in-love-yetiskin-kopek-tavuk-etli-15kg-super-economic\/#primaryimage"},"thumbnailUrl":"https:\/\/anadolupet.com.tr\/wp-content\/uploads\/2026\/02\/284-000008_3.jpg","datePublished":"2026-02-14T14:45:14+00:00","dateModified":"2026-02-23T12:51:37+00:00","breadcrumb":{"@id":"https:\/\/anadolupet.com.tr\/urun\/paw-in-love-yetiskin-kopek-tavuk-etli-15kg-super-economic\/#breadcrumb"},"inLanguage":"en-US","potentialAction":[{"@type":"ReadAction","target":["https:\/\/anadolupet.com.tr\/urun\/paw-in-love-yetiskin-kopek-tavuk-etli-15kg-super-economic\/"]}]},{"@type":"ImageObject","inLanguage":"en-US","@id":"https:\/\/anadolupet.com.tr\/urun\/paw-in-love-yetiskin-kopek-tavuk-etli-15kg-super-economic\/#primaryimage","url":"https:\/\/anadolupet.com.tr\/wp-content\/uploads\/2026\/02\/284-000008_3.jpg","contentUrl":"https:\/\/anadolupet.com.tr\/wp-content\/uploads\/2026\/02\/284-000008_3.jpg","width":750,"height":750},{"@type":"BreadcrumbList","@id":"https:\/\/anadolupet.com.tr\/urun\/paw-in-love-yetiskin-kopek-tavuk-etli-15kg-super-economic\/#breadcrumb","itemListElement":[{"@type":"ListItem","position":1,"name":"Anasayfa","item":"https:\/\/anadolupet.com.tr\/"},{"@type":"ListItem","position":2,"name":"\u00dcr\u00fcnler","item":"https:\/\/anadolupet.com.tr\/urunler\/"},{"@type":"ListItem","position":3,"name":"Paw In Love Yeti\u015fkin K\u00f6pek Tavuk Etli 15KG (Super Economic)"}]},{"@type":"WebSite","@id":"https:\/\/anadolupet.com.tr\/#website","url":"https:\/\/anadolupet.com.tr\/","name":"Anadolu Pet Group","description":"We Stand Together for the Well-Being of Every Life","publisher":{"@id":"https:\/\/anadolupet.com.tr\/#organization"},"potentialAction":[{"@type":"SearchAction","target":{"@type":"EntryPoint","urlTemplate":"https:\/\/anadolupet.com.tr\/?s={search_term_string}"},"query-input":{"@type":"PropertyValueSpecification","valueRequired":true,"valueName":"search_term_string"}}],"inLanguage":"en-US"},{"@type":"Organization","@id":"https:\/\/anadolupet.com.tr\/#organization","name":"Anadolu Pet Group","alternateName":"Anadolu Pet","url":"https:\/\/anadolupet.com.tr\/","logo":{"@type":"ImageObject","inLanguage":"en-US","@id":"https:\/\/anadolupet.com.tr\/#\/schema\/logo\/image\/","url":"https:\/\/anadolupet.com.tr\/wp-content\/uploads\/2026\/03\/1614666743370.jpg","contentUrl":"https:\/\/anadolupet.com.tr\/wp-content\/uploads\/2026\/03\/1614666743370.jpg","width":800,"height":571,"caption":"Anadolu Pet Grup"},"image":{"@id":"https:\/\/anadolupet.com.tr\/#\/schema\/logo\/image\/"}}]}},"_links":{"self":[{"href":"https:\/\/anadolupet.com.tr\/en\/wp-json\/wp\/v2\/product\/45960","targetHints":{"allow":["GET"]}}],"collection":[{"href":"https:\/\/anadolupet.com.tr\/en\/wp-json\/wp\/v2\/product"}],"about":[{"href":"https:\/\/anadolupet.com.tr\/en\/wp-json\/wp\/v2\/types\/product"}],"replies":[{"embeddable":true,"href":"https:\/\/anadolupet.com.tr\/en\/wp-json\/wp\/v2\/comments?post=45960"}],"wp:featuredmedia":[{"embeddable":true,"href":"https:\/\/anadolupet.com.tr\/en\/wp-json\/wp\/v2\/media\/43619"}],"wp:attachment":[{"href":"https:\/\/anadolupet.com.tr\/en\/wp-json\/wp\/v2\/media?parent=45960"}],"wp:term":[{"taxonomy":"product_brand","embeddable":true,"href":"https:\/\/anadolupet.com.tr\/en\/wp-json\/wp\/v2\/product_brand?post=45960"},{"taxonomy":"product_cat","embeddable":true,"href":"https:\/\/anadolupet.com.tr\/en\/wp-json\/wp\/v2\/product_cat?post=45960"},{"taxonomy":"product_tag","embeddable":true,"href":"https:\/\/anadolupet.com.tr\/en\/wp-json\/wp\/v2\/product_tag?post=45960"}],"curies":[{"name":"wp","href":"https:\/\/api.w.org\/{rel}","templated":true}]}}