{"id":45963,"date":"2026-02-14T14:45:15","date_gmt":"2026-02-14T14:45:15","guid":{"rendered":"https:\/\/anadolupet.com.tr\/urun\/pronature-mother-baby-kuru-kopek-mamasi-mini-kuzu-etli-3kg\/"},"modified":"2026-02-23T12:51:37","modified_gmt":"2026-02-23T12:51:37","slug":"pronature-mother-baby-kuru-kopek-mamasi-mini-kuzu-etli-3kg","status":"publish","type":"product","link":"https:\/\/anadolupet.com.tr\/en\/urun\/pronature-mother-baby-kuru-kopek-mamasi-mini-kuzu-etli-3kg\/","title":{"rendered":"Pronature Mother &#038; Baby Kuru K\u00f6pek Mamas\u0131 (Mini) Kuzu Etli 3KG"},"content":{"rendered":"","protected":false},"excerpt":{"rendered":"<p>Gebelik ve emzirme d\u00f6nemindeki anne k\u00f6pekler ve s\u00fct emen yavru k\u00f6pekler (3-8 haftal\u0131k) i\u00e7in \u00f6zel olarak form\u00fcle edilmi\u015ftir.<br \/>\n*Gebelik ve emzirme s\u00fcrecinde daha y\u00fcksek enerji ve protein gereksinimi olan anne k\u00f6peklerin enerji ve protein ihtiyac\u0131n\u0131 kar\u015f\u0131layan tam ve dengeli s\u00fcper premium bir Hamile K\u00f6pek, Emziren K\u00f6pek ve Yavru K\u00f6pek mamas\u0131d\u0131r.<br \/>\n*Kaliteli ve y\u00fcksek sindirilebilir hayvansal protein kaynaklar\u0131 sayesinde onlar\u0131n ihtiya\u00e7 duydu\u011fu esansiyel amino asit ve ya\u011f asidi kaynaklar\u0131n\u0131 almas\u0131n\u0131 sa\u011flar. Ayr\u0131ca yavru k\u00f6peklerin b\u00fcy\u00fcme ve geli\u015fimine destek verecek \u015fekilde y\u00fcksek oranda kaliteli protein ve besin maddesi i\u00e7eriklerine sahiptir.<br \/>\n*Prebiyotik katk\u0131s\u0131 fruktooligosakkaritler sayesinde ba\u011f\u0131rsak mikrofloras\u0131n\u0131 yararl\u0131 bakteriler y\u00f6n\u00fcnden zenginle\u015ftirerek sa\u011fl\u0131kl\u0131 sindirim sistemini ve g\u00fc\u00e7l\u00fc ba\u011f\u0131\u015f\u0131kl\u0131k sistemini destekler.<br \/>\n\u0130\u00e7eri\u011fi:<br \/>\n\u0130\u015flenmi\u015f Hayvansal Protein (%5 Kuzu), Bu\u011fday, Tavuk Ya\u011f\u0131, M\u0131s\u0131r, M\u0131s\u0131r Gluteni, Pirin\u00e7 %6, Hidrolize Hayvansal Protein, Bezelye, \u0130\u015flenmi\u015f Somon Proteini, Krill Unu %4, \u015eeker Pancar\u0131, Kurutulmu\u015f Maya, Somon Ya\u011f\u0131 %1, Fruktooligosakkaritler(FOS) %0,6, Potasyum Klor\u00fcr, Sodyum Klor\u00fcr, Sodyum Tripolifosfat, Mannan oligosakkaritler ve beta glukanlar, Kadife \u00e7i\u00e7e\u011fi \u00f6z\u00fc (lutein kayna\u011f\u0131), yucca schidigera %0,1. Meyveler ve baharatlar\u0131n i\u015flenmesi ile elde edilmi\u015f \u00fcr\u00fcnler %0,05 (karanfil (clove), zerde\u00e7al (curcuma sp.), turun\u00e7gil (citrus sp.), biberiye (rosmarinus sp.), glukozamin (150 mg\/kg), kondroitin (100 mg\/kg).<br \/>\n\u0130lave Katk\u0131lar\u0131:<br \/>\nBesleyici \u0130laveler: Vitamin A (3a672a) 25,000 IU\/kg, Vitamin D3 (3a671) 1,500 IU\/kg, Vitamin E (3a700) 240 mg\/kg, L-Karnitin 100 mg\/kg, Demir(II) S\u00fclfat Monohidrat 274 mg\/kg (Demir (3b103) 90 mg\/kg), Bak\u0131r S\u00fclfat Pentahidrat 35,4 mg\/kg (Bak\u0131r (3b405) 9 mg\/kg), Mangan S\u00fclfat Monohidrat 30,8 mg\/kg (Mangan (3b503) 10 mg\/kg), \u00c7inko S\u00fclfat Monohidrat 274 mg\/kg (\u00c7inko (3b605) 100 mg\/kg), Anhidre Kalsiyum Iyodat 2,8 mg\/kg (\u0130yot (3b203) 1,8 mg\/kg), Sodyum Selenit 0,55 mg\/kg (Selenyum (3b801) 0,25 mg\/kg).<br \/>\nTeknolojik \u0130laveler: Antioksidanlar<br \/>\nBesleme \u00d6nerileri:<br \/>\nMamaya, tabloda belirtilen miktarlarda ba\u015flaman\u0131z \u00f6nerilir. G\u00fcnl\u00fck miktar yol g\u00f6stericidir ve hayvan\u0131n aktivitesine, fizyolojik durumuna ve \u00e7evre s\u0131cakl\u0131\u011f\u0131na ba\u011fl\u0131 olarak de\u011fi\u015febilir. Mama ile birlikte her zaman taze ve temiz su bulundurunuz. Mamay\u0131, serin ve kuru bir yerde saklay\u0131n\u0131z.<\/p>","protected":false},"featured_media":43645,"comment_status":"open","ping_status":"closed","template":"","meta":{"_acf_changed":false},"product_brand":[],"product_cat":[2464],"product_tag":[],"class_list":{"0":"post-45963","1":"product","2":"type-product","3":"status-publish","4":"has-post-thumbnail","6":"product_cat-yetiskin-kopek-mamalari","8":"first","9":"instock","10":"shipping-taxable","11":"product-type-simple"},"acf":[],"yoast_head":"<!-- This site is optimized with the Yoast SEO plugin v27.5 - https:\/\/yoast.com\/product\/yoast-seo-wordpress\/ -->\n<title>Pronature Mother &amp; Baby Kuru K\u00f6pek Mamas\u0131 (Mini) Kuzu Etli 3KG - Anadolu Pet Grup<\/title>\n<meta name=\"robots\" content=\"index, follow, max-snippet:-1, max-image-preview:large, max-video-preview:-1\" \/>\n<link rel=\"canonical\" href=\"https:\/\/anadolupet.com.tr\/en\/product\/pronature-mother-baby-kuru-kopek-mamasi-mini-kuzu-etli-3kg\/\" \/>\n<meta property=\"og:locale\" content=\"en_US\" \/>\n<meta property=\"og:type\" content=\"article\" \/>\n<meta property=\"og:title\" content=\"Pronature Mother &amp; Baby Kuru K\u00f6pek Mamas\u0131 (Mini) Kuzu Etli 3KG - Anadolu Pet Grup\" \/>\n<meta property=\"og:description\" content=\"Gebelik ve emzirme d\u00f6nemindeki anne k\u00f6pekler ve s\u00fct emen yavru k\u00f6pekler (3-8 haftal\u0131k) i\u00e7in \u00f6zel olarak form\u00fcle edilmi\u015ftir. *Gebelik ve emzirme s\u00fcrecinde daha y\u00fcksek enerji ve protein gereksinimi olan anne k\u00f6peklerin enerji ve protein ihtiyac\u0131n\u0131 kar\u015f\u0131layan tam ve dengeli s\u00fcper premium bir Hamile K\u00f6pek, Emziren K\u00f6pek ve Yavru K\u00f6pek mamas\u0131d\u0131r. *Kaliteli ve y\u00fcksek sindirilebilir hayvansal protein kaynaklar\u0131 sayesinde onlar\u0131n ihtiya\u00e7 duydu\u011fu esansiyel amino asit ve ya\u011f asidi kaynaklar\u0131n\u0131 almas\u0131n\u0131 sa\u011flar. Ayr\u0131ca yavru k\u00f6peklerin b\u00fcy\u00fcme ve geli\u015fimine destek verecek \u015fekilde y\u00fcksek oranda kaliteli protein ve besin maddesi i\u00e7eriklerine sahiptir. *Prebiyotik katk\u0131s\u0131 fruktooligosakkaritler sayesinde ba\u011f\u0131rsak mikrofloras\u0131n\u0131 yararl\u0131 bakteriler y\u00f6n\u00fcnden zenginle\u015ftirerek sa\u011fl\u0131kl\u0131 sindirim sistemini ve g\u00fc\u00e7l\u00fc ba\u011f\u0131\u015f\u0131kl\u0131k sistemini destekler. \u0130\u00e7eri\u011fi: \u0130\u015flenmi\u015f Hayvansal Protein (%5 Kuzu), Bu\u011fday, Tavuk Ya\u011f\u0131, M\u0131s\u0131r, M\u0131s\u0131r Gluteni, Pirin\u00e7 %6, Hidrolize Hayvansal Protein, Bezelye, \u0130\u015flenmi\u015f Somon Proteini, Krill Unu %4, \u015eeker Pancar\u0131, Kurutulmu\u015f Maya, Somon Ya\u011f\u0131 %1, Fruktooligosakkaritler(FOS) %0,6, Potasyum Klor\u00fcr, Sodyum Klor\u00fcr, Sodyum Tripolifosfat, Mannan oligosakkaritler ve beta glukanlar, Kadife \u00e7i\u00e7e\u011fi \u00f6z\u00fc (lutein kayna\u011f\u0131), yucca schidigera %0,1. Meyveler ve baharatlar\u0131n i\u015flenmesi ile elde edilmi\u015f \u00fcr\u00fcnler %0,05 (karanfil (clove), zerde\u00e7al (curcuma sp.), turun\u00e7gil (citrus sp.), biberiye (rosmarinus sp.), glukozamin (150 mg\/kg), kondroitin (100 mg\/kg). \u0130lave Katk\u0131lar\u0131: Besleyici \u0130laveler: Vitamin A (3a672a) 25,000 IU\/kg, Vitamin D3 (3a671) 1,500 IU\/kg, Vitamin E (3a700) 240 mg\/kg, L-Karnitin 100 mg\/kg, Demir(II) S\u00fclfat Monohidrat 274 mg\/kg (Demir (3b103) 90 mg\/kg), Bak\u0131r S\u00fclfat Pentahidrat 35,4 mg\/kg (Bak\u0131r (3b405) 9 mg\/kg), Mangan S\u00fclfat Monohidrat 30,8 mg\/kg (Mangan (3b503) 10 mg\/kg), \u00c7inko S\u00fclfat Monohidrat 274 mg\/kg (\u00c7inko (3b605) 100 mg\/kg), Anhidre Kalsiyum Iyodat 2,8 mg\/kg (\u0130yot (3b203) 1,8 mg\/kg), Sodyum Selenit 0,55 mg\/kg (Selenyum (3b801) 0,25 mg\/kg). Teknolojik \u0130laveler: Antioksidanlar Besleme \u00d6nerileri: Mamaya, tabloda belirtilen miktarlarda ba\u015flaman\u0131z \u00f6nerilir. G\u00fcnl\u00fck miktar yol g\u00f6stericidir ve hayvan\u0131n aktivitesine, fizyolojik durumuna ve \u00e7evre s\u0131cakl\u0131\u011f\u0131na ba\u011fl\u0131 olarak de\u011fi\u015febilir. Mama ile birlikte her zaman taze ve temiz su bulundurunuz. Mamay\u0131, serin ve kuru bir yerde saklay\u0131n\u0131z.\" \/>\n<meta property=\"og:url\" content=\"https:\/\/anadolupet.com.tr\/en\/product\/pronature-mother-baby-kuru-kopek-mamasi-mini-kuzu-etli-3kg\/\" \/>\n<meta property=\"og:site_name\" content=\"Anadolu Pet Grup\" \/>\n<meta property=\"article:modified_time\" content=\"2026-02-23T12:51:37+00:00\" \/>\n<meta property=\"og:image\" content=\"https:\/\/anadolupet.com.tr\/wp-content\/uploads\/2026\/02\/286-610002.jpg\" \/>\n\t<meta property=\"og:image:width\" content=\"750\" \/>\n\t<meta property=\"og:image:height\" content=\"750\" \/>\n\t<meta property=\"og:image:type\" content=\"image\/jpeg\" \/>\n<meta name=\"twitter:card\" content=\"summary_large_image\" \/>\n<script type=\"application\/ld+json\" class=\"yoast-schema-graph\">{\"@context\":\"https:\\\/\\\/schema.org\",\"@graph\":[{\"@type\":\"WebPage\",\"@id\":\"https:\\\/\\\/anadolupet.com.tr\\\/urun\\\/pronature-mother-baby-kuru-kopek-mamasi-mini-kuzu-etli-3kg\\\/\",\"url\":\"https:\\\/\\\/anadolupet.com.tr\\\/urun\\\/pronature-mother-baby-kuru-kopek-mamasi-mini-kuzu-etli-3kg\\\/\",\"name\":\"Pronature Mother & Baby Kuru K\u00f6pek Mamas\u0131 (Mini) Kuzu Etli 3KG - Anadolu Pet Grup\",\"isPartOf\":{\"@id\":\"https:\\\/\\\/anadolupet.com.tr\\\/#website\"},\"primaryImageOfPage\":{\"@id\":\"https:\\\/\\\/anadolupet.com.tr\\\/urun\\\/pronature-mother-baby-kuru-kopek-mamasi-mini-kuzu-etli-3kg\\\/#primaryimage\"},\"image\":{\"@id\":\"https:\\\/\\\/anadolupet.com.tr\\\/urun\\\/pronature-mother-baby-kuru-kopek-mamasi-mini-kuzu-etli-3kg\\\/#primaryimage\"},\"thumbnailUrl\":\"https:\\\/\\\/anadolupet.com.tr\\\/wp-content\\\/uploads\\\/2026\\\/02\\\/286-610002.jpg\",\"datePublished\":\"2026-02-14T14:45:15+00:00\",\"dateModified\":\"2026-02-23T12:51:37+00:00\",\"breadcrumb\":{\"@id\":\"https:\\\/\\\/anadolupet.com.tr\\\/urun\\\/pronature-mother-baby-kuru-kopek-mamasi-mini-kuzu-etli-3kg\\\/#breadcrumb\"},\"inLanguage\":\"en-US\",\"potentialAction\":[{\"@type\":\"ReadAction\",\"target\":[\"https:\\\/\\\/anadolupet.com.tr\\\/urun\\\/pronature-mother-baby-kuru-kopek-mamasi-mini-kuzu-etli-3kg\\\/\"]}]},{\"@type\":\"ImageObject\",\"inLanguage\":\"en-US\",\"@id\":\"https:\\\/\\\/anadolupet.com.tr\\\/urun\\\/pronature-mother-baby-kuru-kopek-mamasi-mini-kuzu-etli-3kg\\\/#primaryimage\",\"url\":\"https:\\\/\\\/anadolupet.com.tr\\\/wp-content\\\/uploads\\\/2026\\\/02\\\/286-610002.jpg\",\"contentUrl\":\"https:\\\/\\\/anadolupet.com.tr\\\/wp-content\\\/uploads\\\/2026\\\/02\\\/286-610002.jpg\",\"width\":750,\"height\":750},{\"@type\":\"BreadcrumbList\",\"@id\":\"https:\\\/\\\/anadolupet.com.tr\\\/urun\\\/pronature-mother-baby-kuru-kopek-mamasi-mini-kuzu-etli-3kg\\\/#breadcrumb\",\"itemListElement\":[{\"@type\":\"ListItem\",\"position\":1,\"name\":\"Anasayfa\",\"item\":\"https:\\\/\\\/anadolupet.com.tr\\\/\"},{\"@type\":\"ListItem\",\"position\":2,\"name\":\"\u00dcr\u00fcnler\",\"item\":\"https:\\\/\\\/anadolupet.com.tr\\\/urunler\\\/\"},{\"@type\":\"ListItem\",\"position\":3,\"name\":\"Pronature Mother &#038; Baby Kuru K\u00f6pek Mamas\u0131 (Mini) Kuzu Etli 3KG\"}]},{\"@type\":\"WebSite\",\"@id\":\"https:\\\/\\\/anadolupet.com.tr\\\/#website\",\"url\":\"https:\\\/\\\/anadolupet.com.tr\\\/\",\"name\":\"Anadolu Pet Grup\",\"description\":\"Her Can\u0131n \u0130yi Ya\u015fam\u0131 \u0130\u00e7in Biraraday\u0131z\",\"publisher\":{\"@id\":\"https:\\\/\\\/anadolupet.com.tr\\\/#organization\"},\"potentialAction\":[{\"@type\":\"SearchAction\",\"target\":{\"@type\":\"EntryPoint\",\"urlTemplate\":\"https:\\\/\\\/anadolupet.com.tr\\\/?s={search_term_string}\"},\"query-input\":{\"@type\":\"PropertyValueSpecification\",\"valueRequired\":true,\"valueName\":\"search_term_string\"}}],\"inLanguage\":\"en-US\"},{\"@type\":\"Organization\",\"@id\":\"https:\\\/\\\/anadolupet.com.tr\\\/#organization\",\"name\":\"Anadolu Pet Grup\",\"alternateName\":\"Anadolu Pet\",\"url\":\"https:\\\/\\\/anadolupet.com.tr\\\/\",\"logo\":{\"@type\":\"ImageObject\",\"inLanguage\":\"en-US\",\"@id\":\"https:\\\/\\\/anadolupet.com.tr\\\/#\\\/schema\\\/logo\\\/image\\\/\",\"url\":\"https:\\\/\\\/anadolupet.com.tr\\\/wp-content\\\/uploads\\\/2026\\\/03\\\/1614666743370.jpg\",\"contentUrl\":\"https:\\\/\\\/anadolupet.com.tr\\\/wp-content\\\/uploads\\\/2026\\\/03\\\/1614666743370.jpg\",\"width\":800,\"height\":571,\"caption\":\"Anadolu Pet Grup\"},\"image\":{\"@id\":\"https:\\\/\\\/anadolupet.com.tr\\\/#\\\/schema\\\/logo\\\/image\\\/\"}}]}<\/script>\n<!-- \/ Yoast SEO plugin. -->","yoast_head_json":{"title":"Pronature Mother & Baby Kuru K\u00f6pek Mamas\u0131 (Mini) Kuzu Etli 3KG - Anadolu Pet Grup","robots":{"index":"index","follow":"follow","max-snippet":"max-snippet:-1","max-image-preview":"max-image-preview:large","max-video-preview":"max-video-preview:-1"},"canonical":"https:\/\/anadolupet.com.tr\/en\/product\/pronature-mother-baby-kuru-kopek-mamasi-mini-kuzu-etli-3kg\/","og_locale":"en_US","og_type":"article","og_title":"Pronature Mother & Baby Kuru K\u00f6pek Mamas\u0131 (Mini) Kuzu Etli 3KG - Anadolu Pet Grup","og_description":"Gebelik ve emzirme d\u00f6nemindeki anne k\u00f6pekler ve s\u00fct emen yavru k\u00f6pekler (3-8 haftal\u0131k) i\u00e7in \u00f6zel olarak form\u00fcle edilmi\u015ftir. *Gebelik ve emzirme s\u00fcrecinde daha y\u00fcksek enerji ve protein gereksinimi olan anne k\u00f6peklerin enerji ve protein ihtiyac\u0131n\u0131 kar\u015f\u0131layan tam ve dengeli s\u00fcper premium bir Hamile K\u00f6pek, Emziren K\u00f6pek ve Yavru K\u00f6pek mamas\u0131d\u0131r. *Kaliteli ve y\u00fcksek sindirilebilir hayvansal protein kaynaklar\u0131 sayesinde onlar\u0131n ihtiya\u00e7 duydu\u011fu esansiyel amino asit ve ya\u011f asidi kaynaklar\u0131n\u0131 almas\u0131n\u0131 sa\u011flar. Ayr\u0131ca yavru k\u00f6peklerin b\u00fcy\u00fcme ve geli\u015fimine destek verecek \u015fekilde y\u00fcksek oranda kaliteli protein ve besin maddesi i\u00e7eriklerine sahiptir. *Prebiyotik katk\u0131s\u0131 fruktooligosakkaritler sayesinde ba\u011f\u0131rsak mikrofloras\u0131n\u0131 yararl\u0131 bakteriler y\u00f6n\u00fcnden zenginle\u015ftirerek sa\u011fl\u0131kl\u0131 sindirim sistemini ve g\u00fc\u00e7l\u00fc ba\u011f\u0131\u015f\u0131kl\u0131k sistemini destekler. \u0130\u00e7eri\u011fi: \u0130\u015flenmi\u015f Hayvansal Protein (%5 Kuzu), Bu\u011fday, Tavuk Ya\u011f\u0131, M\u0131s\u0131r, M\u0131s\u0131r Gluteni, Pirin\u00e7 %6, Hidrolize Hayvansal Protein, Bezelye, \u0130\u015flenmi\u015f Somon Proteini, Krill Unu %4, \u015eeker Pancar\u0131, Kurutulmu\u015f Maya, Somon Ya\u011f\u0131 %1, Fruktooligosakkaritler(FOS) %0,6, Potasyum Klor\u00fcr, Sodyum Klor\u00fcr, Sodyum Tripolifosfat, Mannan oligosakkaritler ve beta glukanlar, Kadife \u00e7i\u00e7e\u011fi \u00f6z\u00fc (lutein kayna\u011f\u0131), yucca schidigera %0,1. Meyveler ve baharatlar\u0131n i\u015flenmesi ile elde edilmi\u015f \u00fcr\u00fcnler %0,05 (karanfil (clove), zerde\u00e7al (curcuma sp.), turun\u00e7gil (citrus sp.), biberiye (rosmarinus sp.), glukozamin (150 mg\/kg), kondroitin (100 mg\/kg). \u0130lave Katk\u0131lar\u0131: Besleyici \u0130laveler: Vitamin A (3a672a) 25,000 IU\/kg, Vitamin D3 (3a671) 1,500 IU\/kg, Vitamin E (3a700) 240 mg\/kg, L-Karnitin 100 mg\/kg, Demir(II) S\u00fclfat Monohidrat 274 mg\/kg (Demir (3b103) 90 mg\/kg), Bak\u0131r S\u00fclfat Pentahidrat 35,4 mg\/kg (Bak\u0131r (3b405) 9 mg\/kg), Mangan S\u00fclfat Monohidrat 30,8 mg\/kg (Mangan (3b503) 10 mg\/kg), \u00c7inko S\u00fclfat Monohidrat 274 mg\/kg (\u00c7inko (3b605) 100 mg\/kg), Anhidre Kalsiyum Iyodat 2,8 mg\/kg (\u0130yot (3b203) 1,8 mg\/kg), Sodyum Selenit 0,55 mg\/kg (Selenyum (3b801) 0,25 mg\/kg). Teknolojik \u0130laveler: Antioksidanlar Besleme \u00d6nerileri: Mamaya, tabloda belirtilen miktarlarda ba\u015flaman\u0131z \u00f6nerilir. G\u00fcnl\u00fck miktar yol g\u00f6stericidir ve hayvan\u0131n aktivitesine, fizyolojik durumuna ve \u00e7evre s\u0131cakl\u0131\u011f\u0131na ba\u011fl\u0131 olarak de\u011fi\u015febilir. Mama ile birlikte her zaman taze ve temiz su bulundurunuz. Mamay\u0131, serin ve kuru bir yerde saklay\u0131n\u0131z.","og_url":"https:\/\/anadolupet.com.tr\/en\/product\/pronature-mother-baby-kuru-kopek-mamasi-mini-kuzu-etli-3kg\/","og_site_name":"Anadolu Pet Grup","article_modified_time":"2026-02-23T12:51:37+00:00","og_image":[{"width":750,"height":750,"url":"https:\/\/anadolupet.com.tr\/wp-content\/uploads\/2026\/02\/286-610002.jpg","type":"image\/jpeg"}],"twitter_card":"summary_large_image","schema":{"@context":"https:\/\/schema.org","@graph":[{"@type":"WebPage","@id":"https:\/\/anadolupet.com.tr\/urun\/pronature-mother-baby-kuru-kopek-mamasi-mini-kuzu-etli-3kg\/","url":"https:\/\/anadolupet.com.tr\/urun\/pronature-mother-baby-kuru-kopek-mamasi-mini-kuzu-etli-3kg\/","name":"Pronature Mother & Baby Kuru K\u00f6pek Mamas\u0131 (Mini) Kuzu Etli 3KG - Anadolu Pet Grup","isPartOf":{"@id":"https:\/\/anadolupet.com.tr\/#website"},"primaryImageOfPage":{"@id":"https:\/\/anadolupet.com.tr\/urun\/pronature-mother-baby-kuru-kopek-mamasi-mini-kuzu-etli-3kg\/#primaryimage"},"image":{"@id":"https:\/\/anadolupet.com.tr\/urun\/pronature-mother-baby-kuru-kopek-mamasi-mini-kuzu-etli-3kg\/#primaryimage"},"thumbnailUrl":"https:\/\/anadolupet.com.tr\/wp-content\/uploads\/2026\/02\/286-610002.jpg","datePublished":"2026-02-14T14:45:15+00:00","dateModified":"2026-02-23T12:51:37+00:00","breadcrumb":{"@id":"https:\/\/anadolupet.com.tr\/urun\/pronature-mother-baby-kuru-kopek-mamasi-mini-kuzu-etli-3kg\/#breadcrumb"},"inLanguage":"en-US","potentialAction":[{"@type":"ReadAction","target":["https:\/\/anadolupet.com.tr\/urun\/pronature-mother-baby-kuru-kopek-mamasi-mini-kuzu-etli-3kg\/"]}]},{"@type":"ImageObject","inLanguage":"en-US","@id":"https:\/\/anadolupet.com.tr\/urun\/pronature-mother-baby-kuru-kopek-mamasi-mini-kuzu-etli-3kg\/#primaryimage","url":"https:\/\/anadolupet.com.tr\/wp-content\/uploads\/2026\/02\/286-610002.jpg","contentUrl":"https:\/\/anadolupet.com.tr\/wp-content\/uploads\/2026\/02\/286-610002.jpg","width":750,"height":750},{"@type":"BreadcrumbList","@id":"https:\/\/anadolupet.com.tr\/urun\/pronature-mother-baby-kuru-kopek-mamasi-mini-kuzu-etli-3kg\/#breadcrumb","itemListElement":[{"@type":"ListItem","position":1,"name":"Anasayfa","item":"https:\/\/anadolupet.com.tr\/"},{"@type":"ListItem","position":2,"name":"\u00dcr\u00fcnler","item":"https:\/\/anadolupet.com.tr\/urunler\/"},{"@type":"ListItem","position":3,"name":"Pronature Mother &#038; Baby Kuru K\u00f6pek Mamas\u0131 (Mini) Kuzu Etli 3KG"}]},{"@type":"WebSite","@id":"https:\/\/anadolupet.com.tr\/#website","url":"https:\/\/anadolupet.com.tr\/","name":"Anadolu Pet Group","description":"We Stand Together for the Well-Being of Every Life","publisher":{"@id":"https:\/\/anadolupet.com.tr\/#organization"},"potentialAction":[{"@type":"SearchAction","target":{"@type":"EntryPoint","urlTemplate":"https:\/\/anadolupet.com.tr\/?s={search_term_string}"},"query-input":{"@type":"PropertyValueSpecification","valueRequired":true,"valueName":"search_term_string"}}],"inLanguage":"en-US"},{"@type":"Organization","@id":"https:\/\/anadolupet.com.tr\/#organization","name":"Anadolu Pet Group","alternateName":"Anadolu Pet","url":"https:\/\/anadolupet.com.tr\/","logo":{"@type":"ImageObject","inLanguage":"en-US","@id":"https:\/\/anadolupet.com.tr\/#\/schema\/logo\/image\/","url":"https:\/\/anadolupet.com.tr\/wp-content\/uploads\/2026\/03\/1614666743370.jpg","contentUrl":"https:\/\/anadolupet.com.tr\/wp-content\/uploads\/2026\/03\/1614666743370.jpg","width":800,"height":571,"caption":"Anadolu Pet Grup"},"image":{"@id":"https:\/\/anadolupet.com.tr\/#\/schema\/logo\/image\/"}}]}},"_links":{"self":[{"href":"https:\/\/anadolupet.com.tr\/en\/wp-json\/wp\/v2\/product\/45963","targetHints":{"allow":["GET"]}}],"collection":[{"href":"https:\/\/anadolupet.com.tr\/en\/wp-json\/wp\/v2\/product"}],"about":[{"href":"https:\/\/anadolupet.com.tr\/en\/wp-json\/wp\/v2\/types\/product"}],"replies":[{"embeddable":true,"href":"https:\/\/anadolupet.com.tr\/en\/wp-json\/wp\/v2\/comments?post=45963"}],"wp:featuredmedia":[{"embeddable":true,"href":"https:\/\/anadolupet.com.tr\/en\/wp-json\/wp\/v2\/media\/43645"}],"wp:attachment":[{"href":"https:\/\/anadolupet.com.tr\/en\/wp-json\/wp\/v2\/media?parent=45963"}],"wp:term":[{"taxonomy":"product_brand","embeddable":true,"href":"https:\/\/anadolupet.com.tr\/en\/wp-json\/wp\/v2\/product_brand?post=45963"},{"taxonomy":"product_cat","embeddable":true,"href":"https:\/\/anadolupet.com.tr\/en\/wp-json\/wp\/v2\/product_cat?post=45963"},{"taxonomy":"product_tag","embeddable":true,"href":"https:\/\/anadolupet.com.tr\/en\/wp-json\/wp\/v2\/product_tag?post=45963"}],"curies":[{"name":"wp","href":"https:\/\/api.w.org\/{rel}","templated":true}]}}