{"id":45968,"date":"2026-02-14T14:45:17","date_gmt":"2026-02-14T14:45:17","guid":{"rendered":"https:\/\/anadolupet.com.tr\/?post_type=product&#038;p=45968"},"modified":"2026-02-23T12:51:37","modified_gmt":"2026-02-23T12:51:37","slug":"pronature-tahilsiz-yetiskin-kuru-kedi-mamasi-perfect-maintenance-karidesli-somonlu-patatesli-ve-enginarli-10kg","status":"publish","type":"product","link":"https:\/\/anadolupet.com.tr\/en\/urun\/pronature-tahilsiz-yetiskin-kuru-kedi-mamasi-perfect-maintenance-karidesli-somonlu-patatesli-ve-enginarli-10kg\/","title":{"rendered":"Pronature Tah\u0131ls\u0131z Yeti\u015fkin Kuru Kedi Mamas\u0131 (Perfect Maintenance) Karidesli Somonlu &#038; Patatesli ve Enginarl\u0131 10KG"},"content":{"rendered":"","protected":false},"excerpt":{"rendered":"<p>Enginarl\u0131, Patatesli, Somonlu, Karidesli<br \/>\nYeti\u015fkin Kediler i\u00e7in Tah\u0131ls\u0131z Tam ve Dengeli Mama<br \/>\nPerfect Maintenance, yeti\u015fkin kedilerin optimum v\u00fccut a\u011f\u0131rl\u0131\u011f\u0131n\u0131 korumak, g\u00fcnl\u00fck enerji ve besin maddesi gereksinimlerini kar\u015f\u0131lamak amac\u0131yla \u00f6zel olarak form\u00fcle edilmi\u015ftir. Tah\u0131ls\u0131z olarak \u00fcretilmi\u015f olup, i\u00e7eri\u011finde bulunan enginar, patates, somon ve karidesin sa\u011flad\u0131\u011f\u0131 kaliteli besin maddeleri sayesinde kedinizin hayat standard\u0131n\u0131 art\u0131r\u0131r.<br \/>\nDeri ve T\u00fcy Sa\u011fl\u0131\u011f\u0131<br \/>\nSomon ya\u011f\u0131nda bulunan omega-3 ya\u011f asitleri ve somon proteini i\u00e7eri\u011fi sayesinde; ka\u015f\u0131nt\u0131, tahri\u015f, t\u00fcy d\u00f6k\u00fclmesi gibi sorunlar\u0131n olu\u015fma riskini azaltarak deri ve t\u00fcy sa\u011fl\u0131\u011f\u0131n\u0131 geli\u015ftirmeye katk\u0131da bulunur.<br \/>\nCanl\u0131l\u0131k<br \/>\nKedinizin kaslar\u0131n\u0131 g\u00fc\u00e7lendirmek ve zindeli\u011fini korumak i\u00e7in y\u00fcksek kaliteli hayvansal kaynakl\u0131 proteinler ile form\u00fcle edilmi\u015ftir.<br \/>\nDo\u011fal Savunma<br \/>\nSerbest radikalleri temizleme \u00f6zelli\u011fi ile v\u00fccudun do\u011fal savunma sistemini destekler.<br \/>\nPrebiyotik Aktivite<br \/>\nPrebiyotik aktiviteye sahip Frukto oligosakkaritler (FOS) ile \u00fcretilmi\u015ftir.<br \/>\n\u0130\u00c7ER\u0130K<br \/>\n\u0130\u015flenmi\u015f Hayvansal Protein (%10 Somon), Patates %22, Bezelye, Bezelye Proteini, \u0130\u015flenmi\u015f Bal\u0131k Proteini, Tavuk Ya\u011f\u0131, Hidrolize Hayvansal Protein, \u0130\u015flenmi\u015f Karides Unu %4, Kurutulmu\u015f Enginar (%1), Somon Ya\u011f\u0131 %1, Fruktooligosakkaritler (FOS) %0,5, Potasyum Klor\u00fcr, Sodyum Klor\u00fcr, yucca schidigera %0,1, Prebiyotik Mannan Oligosakkaritler ve B-Glukan, Meyveler ve baharatlar\u0131n i\u015flenmesi ile elde edilmi\u015f \u00fcr\u00fcnler %0,05 (karanfil (clove), zerde\u00e7al (curcuma sp.), turun\u00e7gil (citrus sp.), biberiye (rosmarinus sp.), \u00fcz\u00fcm \u00e7ekirde\u011fi (vitis sp.), Taurin 1500mg\/kg<br \/>\nANAL\u0130T\u0130K B\u0130LE\u015eENLER<br \/>\nProtein: %35.0, Ya\u011f \u0130\u00e7eri\u011fi: %18.0 Ham Sel\u00fcloz: %2.5, Ham K\u00fcl: %7.2, Kalsiyum: %1.4, Fosfor: %0.4, Magnezyum: %0.08<br \/>\nBESLEY\u0130C\u0130 \u0130LAVELER<br \/>\nVitamin A (3a672a) 31,000 IU\/kg, Vitamin D3 (3a671) 1,850 IU\/kg, Vitamin E (3a700) 300 mg\/kg, Demir(II) s\u00fclfat monohidrat 342 mg\/kg (Demir (3b103) 112 mg\/kg), Bak\u0131r s\u00fclfat pentahidrat 44 mg\/kg (Bak\u0131r (3b405) 11,2 mg\/kg), Mangan s\u00fclfat monohidrat 38,5 mg\/kg (Mangan (3b503) 12,5 mg\/kg), \u00c7inko s\u00fclfat monohidrat 342 mg(kg (\u00c7inko (3b605) 125 mg\/kg), Anhidre kalsiyum iyodat 3,4 mg\/kg (\u0130yot (3b203) 2,2 mg\/kg), Sodyum Selenit 0,68 mg\/kg (Selenyum (3b802) 0,31 mg\/kg).<br \/>\nAntioksidanlar<br \/>\nBESLEME REHBER\u0130<br \/>\nMamaya, tabloda belirtilen miktarlarda ba\u015flaman\u0131z \u00f6nerilir. G\u00fcnl\u00fck miktar yol g\u00f6stericidir ve hayvan\u0131n aktivitesine, fizyolojik durumuna ve \u00e7evre s\u0131cakl\u0131\u011f\u0131na ba\u011fl\u0131 olarak de\u011fi\u015febilir. Kedinizin \u00f6n\u00fcnde mama ile birlikte her zaman taze ve temiz su bulundurunuz. Mamay\u0131, serin ve kuru yerde saklay\u0131n\u0131z.<\/p>","protected":false},"featured_media":43642,"comment_status":"open","ping_status":"closed","template":"","meta":{"_acf_changed":false},"product_brand":[],"product_cat":[2442],"product_tag":[],"class_list":{"0":"post-45968","1":"product","2":"type-product","3":"status-publish","4":"has-post-thumbnail","6":"product_cat-yetiskin-kedi-mamalari","8":"first","9":"instock","10":"shipping-taxable","11":"product-type-simple"},"acf":[],"yoast_head":"<!-- This site is optimized with the Yoast SEO plugin v27.5 - https:\/\/yoast.com\/product\/yoast-seo-wordpress\/ -->\n<title>Pronature Tah\u0131ls\u0131z Yeti\u015fkin Kuru Kedi Mamas\u0131 (Perfect Maintenance) Karidesli Somonlu &amp; Patatesli ve Enginarl\u0131 10KG - Anadolu Pet Grup<\/title>\n<meta name=\"robots\" content=\"index, follow, max-snippet:-1, max-image-preview:large, max-video-preview:-1\" \/>\n<link rel=\"canonical\" href=\"https:\/\/anadolupet.com.tr\/en\/product\/pronature-tahilsiz-yetiskin-kuru-kedi-mamasi-perfect-maintenance-karidesli-somonlu-patatesli-ve-enginarli-10kg\/\" \/>\n<meta property=\"og:locale\" content=\"en_US\" \/>\n<meta property=\"og:type\" content=\"article\" \/>\n<meta property=\"og:title\" content=\"Pronature Tah\u0131ls\u0131z Yeti\u015fkin Kuru Kedi Mamas\u0131 (Perfect Maintenance) Karidesli Somonlu &amp; Patatesli ve Enginarl\u0131 10KG - Anadolu Pet Grup\" \/>\n<meta property=\"og:description\" content=\"Enginarl\u0131, Patatesli, Somonlu, Karidesli Yeti\u015fkin Kediler i\u00e7in Tah\u0131ls\u0131z Tam ve Dengeli Mama Perfect Maintenance, yeti\u015fkin kedilerin optimum v\u00fccut a\u011f\u0131rl\u0131\u011f\u0131n\u0131 korumak, g\u00fcnl\u00fck enerji ve besin maddesi gereksinimlerini kar\u015f\u0131lamak amac\u0131yla \u00f6zel olarak form\u00fcle edilmi\u015ftir. Tah\u0131ls\u0131z olarak \u00fcretilmi\u015f olup, i\u00e7eri\u011finde bulunan enginar, patates, somon ve karidesin sa\u011flad\u0131\u011f\u0131 kaliteli besin maddeleri sayesinde kedinizin hayat standard\u0131n\u0131 art\u0131r\u0131r. Deri ve T\u00fcy Sa\u011fl\u0131\u011f\u0131 Somon ya\u011f\u0131nda bulunan omega-3 ya\u011f asitleri ve somon proteini i\u00e7eri\u011fi sayesinde; ka\u015f\u0131nt\u0131, tahri\u015f, t\u00fcy d\u00f6k\u00fclmesi gibi sorunlar\u0131n olu\u015fma riskini azaltarak deri ve t\u00fcy sa\u011fl\u0131\u011f\u0131n\u0131 geli\u015ftirmeye katk\u0131da bulunur. Canl\u0131l\u0131k Kedinizin kaslar\u0131n\u0131 g\u00fc\u00e7lendirmek ve zindeli\u011fini korumak i\u00e7in y\u00fcksek kaliteli hayvansal kaynakl\u0131 proteinler ile form\u00fcle edilmi\u015ftir. Do\u011fal Savunma Serbest radikalleri temizleme \u00f6zelli\u011fi ile v\u00fccudun do\u011fal savunma sistemini destekler. Prebiyotik Aktivite Prebiyotik aktiviteye sahip Frukto oligosakkaritler (FOS) ile \u00fcretilmi\u015ftir. \u0130\u00c7ER\u0130K \u0130\u015flenmi\u015f Hayvansal Protein (%10 Somon), Patates %22, Bezelye, Bezelye Proteini, \u0130\u015flenmi\u015f Bal\u0131k Proteini, Tavuk Ya\u011f\u0131, Hidrolize Hayvansal Protein, \u0130\u015flenmi\u015f Karides Unu %4, Kurutulmu\u015f Enginar (%1), Somon Ya\u011f\u0131 %1, Fruktooligosakkaritler (FOS) %0,5, Potasyum Klor\u00fcr, Sodyum Klor\u00fcr, yucca schidigera %0,1, Prebiyotik Mannan Oligosakkaritler ve B-Glukan, Meyveler ve baharatlar\u0131n i\u015flenmesi ile elde edilmi\u015f \u00fcr\u00fcnler %0,05 (karanfil (clove), zerde\u00e7al (curcuma sp.), turun\u00e7gil (citrus sp.), biberiye (rosmarinus sp.), \u00fcz\u00fcm \u00e7ekirde\u011fi (vitis sp.), Taurin 1500mg\/kg ANAL\u0130T\u0130K B\u0130LE\u015eENLER Protein: %35.0, Ya\u011f \u0130\u00e7eri\u011fi: %18.0 Ham Sel\u00fcloz: %2.5, Ham K\u00fcl: %7.2, Kalsiyum: %1.4, Fosfor: %0.4, Magnezyum: %0.08 BESLEY\u0130C\u0130 \u0130LAVELER Vitamin A (3a672a) 31,000 IU\/kg, Vitamin D3 (3a671) 1,850 IU\/kg, Vitamin E (3a700) 300 mg\/kg, Demir(II) s\u00fclfat monohidrat 342 mg\/kg (Demir (3b103) 112 mg\/kg), Bak\u0131r s\u00fclfat pentahidrat 44 mg\/kg (Bak\u0131r (3b405) 11,2 mg\/kg), Mangan s\u00fclfat monohidrat 38,5 mg\/kg (Mangan (3b503) 12,5 mg\/kg), \u00c7inko s\u00fclfat monohidrat 342 mg(kg (\u00c7inko (3b605) 125 mg\/kg), Anhidre kalsiyum iyodat 3,4 mg\/kg (\u0130yot (3b203) 2,2 mg\/kg), Sodyum Selenit 0,68 mg\/kg (Selenyum (3b802) 0,31 mg\/kg). Antioksidanlar BESLEME REHBER\u0130 Mamaya, tabloda belirtilen miktarlarda ba\u015flaman\u0131z \u00f6nerilir. G\u00fcnl\u00fck miktar yol g\u00f6stericidir ve hayvan\u0131n aktivitesine, fizyolojik durumuna ve \u00e7evre s\u0131cakl\u0131\u011f\u0131na ba\u011fl\u0131 olarak de\u011fi\u015febilir. Kedinizin \u00f6n\u00fcnde mama ile birlikte her zaman taze ve temiz su bulundurunuz. Mamay\u0131, serin ve kuru yerde saklay\u0131n\u0131z.\" \/>\n<meta property=\"og:url\" content=\"https:\/\/anadolupet.com.tr\/en\/product\/pronature-tahilsiz-yetiskin-kuru-kedi-mamasi-perfect-maintenance-karidesli-somonlu-patatesli-ve-enginarli-10kg\/\" \/>\n<meta property=\"og:site_name\" content=\"Anadolu Pet Grup\" \/>\n<meta property=\"article:modified_time\" content=\"2026-02-23T12:51:37+00:00\" \/>\n<meta property=\"og:image\" content=\"https:\/\/anadolupet.com.tr\/wp-content\/uploads\/2026\/02\/286-300003.jpg\" \/>\n\t<meta property=\"og:image:width\" content=\"750\" \/>\n\t<meta property=\"og:image:height\" content=\"750\" \/>\n\t<meta property=\"og:image:type\" content=\"image\/jpeg\" \/>\n<meta name=\"twitter:card\" content=\"summary_large_image\" \/>\n<script type=\"application\/ld+json\" class=\"yoast-schema-graph\">{\"@context\":\"https:\\\/\\\/schema.org\",\"@graph\":[{\"@type\":\"WebPage\",\"@id\":\"https:\\\/\\\/anadolupet.com.tr\\\/urun\\\/pronature-tahilsiz-yetiskin-kuru-kedi-mamasi-perfect-maintenance-karidesli-somonlu-patatesli-ve-enginarli-10kg\\\/\",\"url\":\"https:\\\/\\\/anadolupet.com.tr\\\/urun\\\/pronature-tahilsiz-yetiskin-kuru-kedi-mamasi-perfect-maintenance-karidesli-somonlu-patatesli-ve-enginarli-10kg\\\/\",\"name\":\"Pronature Tah\u0131ls\u0131z Yeti\u015fkin Kuru Kedi Mamas\u0131 (Perfect Maintenance) Karidesli Somonlu & Patatesli ve Enginarl\u0131 10KG - Anadolu Pet Grup\",\"isPartOf\":{\"@id\":\"https:\\\/\\\/anadolupet.com.tr\\\/#website\"},\"primaryImageOfPage\":{\"@id\":\"https:\\\/\\\/anadolupet.com.tr\\\/urun\\\/pronature-tahilsiz-yetiskin-kuru-kedi-mamasi-perfect-maintenance-karidesli-somonlu-patatesli-ve-enginarli-10kg\\\/#primaryimage\"},\"image\":{\"@id\":\"https:\\\/\\\/anadolupet.com.tr\\\/urun\\\/pronature-tahilsiz-yetiskin-kuru-kedi-mamasi-perfect-maintenance-karidesli-somonlu-patatesli-ve-enginarli-10kg\\\/#primaryimage\"},\"thumbnailUrl\":\"https:\\\/\\\/anadolupet.com.tr\\\/wp-content\\\/uploads\\\/2026\\\/02\\\/286-300003.jpg\",\"datePublished\":\"2026-02-14T14:45:17+00:00\",\"dateModified\":\"2026-02-23T12:51:37+00:00\",\"breadcrumb\":{\"@id\":\"https:\\\/\\\/anadolupet.com.tr\\\/urun\\\/pronature-tahilsiz-yetiskin-kuru-kedi-mamasi-perfect-maintenance-karidesli-somonlu-patatesli-ve-enginarli-10kg\\\/#breadcrumb\"},\"inLanguage\":\"en-US\",\"potentialAction\":[{\"@type\":\"ReadAction\",\"target\":[\"https:\\\/\\\/anadolupet.com.tr\\\/urun\\\/pronature-tahilsiz-yetiskin-kuru-kedi-mamasi-perfect-maintenance-karidesli-somonlu-patatesli-ve-enginarli-10kg\\\/\"]}]},{\"@type\":\"ImageObject\",\"inLanguage\":\"en-US\",\"@id\":\"https:\\\/\\\/anadolupet.com.tr\\\/urun\\\/pronature-tahilsiz-yetiskin-kuru-kedi-mamasi-perfect-maintenance-karidesli-somonlu-patatesli-ve-enginarli-10kg\\\/#primaryimage\",\"url\":\"https:\\\/\\\/anadolupet.com.tr\\\/wp-content\\\/uploads\\\/2026\\\/02\\\/286-300003.jpg\",\"contentUrl\":\"https:\\\/\\\/anadolupet.com.tr\\\/wp-content\\\/uploads\\\/2026\\\/02\\\/286-300003.jpg\",\"width\":750,\"height\":750},{\"@type\":\"BreadcrumbList\",\"@id\":\"https:\\\/\\\/anadolupet.com.tr\\\/urun\\\/pronature-tahilsiz-yetiskin-kuru-kedi-mamasi-perfect-maintenance-karidesli-somonlu-patatesli-ve-enginarli-10kg\\\/#breadcrumb\",\"itemListElement\":[{\"@type\":\"ListItem\",\"position\":1,\"name\":\"Anasayfa\",\"item\":\"https:\\\/\\\/anadolupet.com.tr\\\/\"},{\"@type\":\"ListItem\",\"position\":2,\"name\":\"\u00dcr\u00fcnler\",\"item\":\"https:\\\/\\\/anadolupet.com.tr\\\/urunler\\\/\"},{\"@type\":\"ListItem\",\"position\":3,\"name\":\"Pronature Tah\u0131ls\u0131z Yeti\u015fkin Kuru Kedi Mamas\u0131 (Perfect Maintenance) Karidesli Somonlu &#038; Patatesli ve Enginarl\u0131 10KG\"}]},{\"@type\":\"WebSite\",\"@id\":\"https:\\\/\\\/anadolupet.com.tr\\\/#website\",\"url\":\"https:\\\/\\\/anadolupet.com.tr\\\/\",\"name\":\"Anadolu Pet Grup\",\"description\":\"Her Can\u0131n \u0130yi Ya\u015fam\u0131 \u0130\u00e7in Biraraday\u0131z\",\"publisher\":{\"@id\":\"https:\\\/\\\/anadolupet.com.tr\\\/#organization\"},\"potentialAction\":[{\"@type\":\"SearchAction\",\"target\":{\"@type\":\"EntryPoint\",\"urlTemplate\":\"https:\\\/\\\/anadolupet.com.tr\\\/?s={search_term_string}\"},\"query-input\":{\"@type\":\"PropertyValueSpecification\",\"valueRequired\":true,\"valueName\":\"search_term_string\"}}],\"inLanguage\":\"en-US\"},{\"@type\":\"Organization\",\"@id\":\"https:\\\/\\\/anadolupet.com.tr\\\/#organization\",\"name\":\"Anadolu Pet Grup\",\"alternateName\":\"Anadolu Pet\",\"url\":\"https:\\\/\\\/anadolupet.com.tr\\\/\",\"logo\":{\"@type\":\"ImageObject\",\"inLanguage\":\"en-US\",\"@id\":\"https:\\\/\\\/anadolupet.com.tr\\\/#\\\/schema\\\/logo\\\/image\\\/\",\"url\":\"https:\\\/\\\/anadolupet.com.tr\\\/wp-content\\\/uploads\\\/2026\\\/03\\\/1614666743370.jpg\",\"contentUrl\":\"https:\\\/\\\/anadolupet.com.tr\\\/wp-content\\\/uploads\\\/2026\\\/03\\\/1614666743370.jpg\",\"width\":800,\"height\":571,\"caption\":\"Anadolu Pet Grup\"},\"image\":{\"@id\":\"https:\\\/\\\/anadolupet.com.tr\\\/#\\\/schema\\\/logo\\\/image\\\/\"}}]}<\/script>\n<!-- \/ Yoast SEO plugin. -->","yoast_head_json":{"title":"Pronature Tah\u0131ls\u0131z Yeti\u015fkin Kuru Kedi Mamas\u0131 (Perfect Maintenance) Karidesli Somonlu & Patatesli ve Enginarl\u0131 10KG - Anadolu Pet Grup","robots":{"index":"index","follow":"follow","max-snippet":"max-snippet:-1","max-image-preview":"max-image-preview:large","max-video-preview":"max-video-preview:-1"},"canonical":"https:\/\/anadolupet.com.tr\/en\/product\/pronature-tahilsiz-yetiskin-kuru-kedi-mamasi-perfect-maintenance-karidesli-somonlu-patatesli-ve-enginarli-10kg\/","og_locale":"en_US","og_type":"article","og_title":"Pronature Tah\u0131ls\u0131z Yeti\u015fkin Kuru Kedi Mamas\u0131 (Perfect Maintenance) Karidesli Somonlu & Patatesli ve Enginarl\u0131 10KG - Anadolu Pet Grup","og_description":"Enginarl\u0131, Patatesli, Somonlu, Karidesli Yeti\u015fkin Kediler i\u00e7in Tah\u0131ls\u0131z Tam ve Dengeli Mama Perfect Maintenance, yeti\u015fkin kedilerin optimum v\u00fccut a\u011f\u0131rl\u0131\u011f\u0131n\u0131 korumak, g\u00fcnl\u00fck enerji ve besin maddesi gereksinimlerini kar\u015f\u0131lamak amac\u0131yla \u00f6zel olarak form\u00fcle edilmi\u015ftir. Tah\u0131ls\u0131z olarak \u00fcretilmi\u015f olup, i\u00e7eri\u011finde bulunan enginar, patates, somon ve karidesin sa\u011flad\u0131\u011f\u0131 kaliteli besin maddeleri sayesinde kedinizin hayat standard\u0131n\u0131 art\u0131r\u0131r. Deri ve T\u00fcy Sa\u011fl\u0131\u011f\u0131 Somon ya\u011f\u0131nda bulunan omega-3 ya\u011f asitleri ve somon proteini i\u00e7eri\u011fi sayesinde; ka\u015f\u0131nt\u0131, tahri\u015f, t\u00fcy d\u00f6k\u00fclmesi gibi sorunlar\u0131n olu\u015fma riskini azaltarak deri ve t\u00fcy sa\u011fl\u0131\u011f\u0131n\u0131 geli\u015ftirmeye katk\u0131da bulunur. Canl\u0131l\u0131k Kedinizin kaslar\u0131n\u0131 g\u00fc\u00e7lendirmek ve zindeli\u011fini korumak i\u00e7in y\u00fcksek kaliteli hayvansal kaynakl\u0131 proteinler ile form\u00fcle edilmi\u015ftir. Do\u011fal Savunma Serbest radikalleri temizleme \u00f6zelli\u011fi ile v\u00fccudun do\u011fal savunma sistemini destekler. Prebiyotik Aktivite Prebiyotik aktiviteye sahip Frukto oligosakkaritler (FOS) ile \u00fcretilmi\u015ftir. \u0130\u00c7ER\u0130K \u0130\u015flenmi\u015f Hayvansal Protein (%10 Somon), Patates %22, Bezelye, Bezelye Proteini, \u0130\u015flenmi\u015f Bal\u0131k Proteini, Tavuk Ya\u011f\u0131, Hidrolize Hayvansal Protein, \u0130\u015flenmi\u015f Karides Unu %4, Kurutulmu\u015f Enginar (%1), Somon Ya\u011f\u0131 %1, Fruktooligosakkaritler (FOS) %0,5, Potasyum Klor\u00fcr, Sodyum Klor\u00fcr, yucca schidigera %0,1, Prebiyotik Mannan Oligosakkaritler ve B-Glukan, Meyveler ve baharatlar\u0131n i\u015flenmesi ile elde edilmi\u015f \u00fcr\u00fcnler %0,05 (karanfil (clove), zerde\u00e7al (curcuma sp.), turun\u00e7gil (citrus sp.), biberiye (rosmarinus sp.), \u00fcz\u00fcm \u00e7ekirde\u011fi (vitis sp.), Taurin 1500mg\/kg ANAL\u0130T\u0130K B\u0130LE\u015eENLER Protein: %35.0, Ya\u011f \u0130\u00e7eri\u011fi: %18.0 Ham Sel\u00fcloz: %2.5, Ham K\u00fcl: %7.2, Kalsiyum: %1.4, Fosfor: %0.4, Magnezyum: %0.08 BESLEY\u0130C\u0130 \u0130LAVELER Vitamin A (3a672a) 31,000 IU\/kg, Vitamin D3 (3a671) 1,850 IU\/kg, Vitamin E (3a700) 300 mg\/kg, Demir(II) s\u00fclfat monohidrat 342 mg\/kg (Demir (3b103) 112 mg\/kg), Bak\u0131r s\u00fclfat pentahidrat 44 mg\/kg (Bak\u0131r (3b405) 11,2 mg\/kg), Mangan s\u00fclfat monohidrat 38,5 mg\/kg (Mangan (3b503) 12,5 mg\/kg), \u00c7inko s\u00fclfat monohidrat 342 mg(kg (\u00c7inko (3b605) 125 mg\/kg), Anhidre kalsiyum iyodat 3,4 mg\/kg (\u0130yot (3b203) 2,2 mg\/kg), Sodyum Selenit 0,68 mg\/kg (Selenyum (3b802) 0,31 mg\/kg). Antioksidanlar BESLEME REHBER\u0130 Mamaya, tabloda belirtilen miktarlarda ba\u015flaman\u0131z \u00f6nerilir. G\u00fcnl\u00fck miktar yol g\u00f6stericidir ve hayvan\u0131n aktivitesine, fizyolojik durumuna ve \u00e7evre s\u0131cakl\u0131\u011f\u0131na ba\u011fl\u0131 olarak de\u011fi\u015febilir. Kedinizin \u00f6n\u00fcnde mama ile birlikte her zaman taze ve temiz su bulundurunuz. Mamay\u0131, serin ve kuru yerde saklay\u0131n\u0131z.","og_url":"https:\/\/anadolupet.com.tr\/en\/product\/pronature-tahilsiz-yetiskin-kuru-kedi-mamasi-perfect-maintenance-karidesli-somonlu-patatesli-ve-enginarli-10kg\/","og_site_name":"Anadolu Pet Grup","article_modified_time":"2026-02-23T12:51:37+00:00","og_image":[{"width":750,"height":750,"url":"https:\/\/anadolupet.com.tr\/wp-content\/uploads\/2026\/02\/286-300003.jpg","type":"image\/jpeg"}],"twitter_card":"summary_large_image","schema":{"@context":"https:\/\/schema.org","@graph":[{"@type":"WebPage","@id":"https:\/\/anadolupet.com.tr\/urun\/pronature-tahilsiz-yetiskin-kuru-kedi-mamasi-perfect-maintenance-karidesli-somonlu-patatesli-ve-enginarli-10kg\/","url":"https:\/\/anadolupet.com.tr\/urun\/pronature-tahilsiz-yetiskin-kuru-kedi-mamasi-perfect-maintenance-karidesli-somonlu-patatesli-ve-enginarli-10kg\/","name":"Pronature Tah\u0131ls\u0131z Yeti\u015fkin Kuru Kedi Mamas\u0131 (Perfect Maintenance) Karidesli Somonlu & Patatesli ve Enginarl\u0131 10KG - Anadolu Pet Grup","isPartOf":{"@id":"https:\/\/anadolupet.com.tr\/#website"},"primaryImageOfPage":{"@id":"https:\/\/anadolupet.com.tr\/urun\/pronature-tahilsiz-yetiskin-kuru-kedi-mamasi-perfect-maintenance-karidesli-somonlu-patatesli-ve-enginarli-10kg\/#primaryimage"},"image":{"@id":"https:\/\/anadolupet.com.tr\/urun\/pronature-tahilsiz-yetiskin-kuru-kedi-mamasi-perfect-maintenance-karidesli-somonlu-patatesli-ve-enginarli-10kg\/#primaryimage"},"thumbnailUrl":"https:\/\/anadolupet.com.tr\/wp-content\/uploads\/2026\/02\/286-300003.jpg","datePublished":"2026-02-14T14:45:17+00:00","dateModified":"2026-02-23T12:51:37+00:00","breadcrumb":{"@id":"https:\/\/anadolupet.com.tr\/urun\/pronature-tahilsiz-yetiskin-kuru-kedi-mamasi-perfect-maintenance-karidesli-somonlu-patatesli-ve-enginarli-10kg\/#breadcrumb"},"inLanguage":"en-US","potentialAction":[{"@type":"ReadAction","target":["https:\/\/anadolupet.com.tr\/urun\/pronature-tahilsiz-yetiskin-kuru-kedi-mamasi-perfect-maintenance-karidesli-somonlu-patatesli-ve-enginarli-10kg\/"]}]},{"@type":"ImageObject","inLanguage":"en-US","@id":"https:\/\/anadolupet.com.tr\/urun\/pronature-tahilsiz-yetiskin-kuru-kedi-mamasi-perfect-maintenance-karidesli-somonlu-patatesli-ve-enginarli-10kg\/#primaryimage","url":"https:\/\/anadolupet.com.tr\/wp-content\/uploads\/2026\/02\/286-300003.jpg","contentUrl":"https:\/\/anadolupet.com.tr\/wp-content\/uploads\/2026\/02\/286-300003.jpg","width":750,"height":750},{"@type":"BreadcrumbList","@id":"https:\/\/anadolupet.com.tr\/urun\/pronature-tahilsiz-yetiskin-kuru-kedi-mamasi-perfect-maintenance-karidesli-somonlu-patatesli-ve-enginarli-10kg\/#breadcrumb","itemListElement":[{"@type":"ListItem","position":1,"name":"Anasayfa","item":"https:\/\/anadolupet.com.tr\/"},{"@type":"ListItem","position":2,"name":"\u00dcr\u00fcnler","item":"https:\/\/anadolupet.com.tr\/urunler\/"},{"@type":"ListItem","position":3,"name":"Pronature Tah\u0131ls\u0131z Yeti\u015fkin Kuru Kedi Mamas\u0131 (Perfect Maintenance) Karidesli Somonlu &#038; Patatesli ve Enginarl\u0131 10KG"}]},{"@type":"WebSite","@id":"https:\/\/anadolupet.com.tr\/#website","url":"https:\/\/anadolupet.com.tr\/","name":"Anadolu Pet Group","description":"We Stand Together for the Well-Being of Every Life","publisher":{"@id":"https:\/\/anadolupet.com.tr\/#organization"},"potentialAction":[{"@type":"SearchAction","target":{"@type":"EntryPoint","urlTemplate":"https:\/\/anadolupet.com.tr\/?s={search_term_string}"},"query-input":{"@type":"PropertyValueSpecification","valueRequired":true,"valueName":"search_term_string"}}],"inLanguage":"en-US"},{"@type":"Organization","@id":"https:\/\/anadolupet.com.tr\/#organization","name":"Anadolu Pet Group","alternateName":"Anadolu Pet","url":"https:\/\/anadolupet.com.tr\/","logo":{"@type":"ImageObject","inLanguage":"en-US","@id":"https:\/\/anadolupet.com.tr\/#\/schema\/logo\/image\/","url":"https:\/\/anadolupet.com.tr\/wp-content\/uploads\/2026\/03\/1614666743370.jpg","contentUrl":"https:\/\/anadolupet.com.tr\/wp-content\/uploads\/2026\/03\/1614666743370.jpg","width":800,"height":571,"caption":"Anadolu Pet Grup"},"image":{"@id":"https:\/\/anadolupet.com.tr\/#\/schema\/logo\/image\/"}}]}},"_links":{"self":[{"href":"https:\/\/anadolupet.com.tr\/en\/wp-json\/wp\/v2\/product\/45968","targetHints":{"allow":["GET"]}}],"collection":[{"href":"https:\/\/anadolupet.com.tr\/en\/wp-json\/wp\/v2\/product"}],"about":[{"href":"https:\/\/anadolupet.com.tr\/en\/wp-json\/wp\/v2\/types\/product"}],"replies":[{"embeddable":true,"href":"https:\/\/anadolupet.com.tr\/en\/wp-json\/wp\/v2\/comments?post=45968"}],"wp:featuredmedia":[{"embeddable":true,"href":"https:\/\/anadolupet.com.tr\/en\/wp-json\/wp\/v2\/media\/43642"}],"wp:attachment":[{"href":"https:\/\/anadolupet.com.tr\/en\/wp-json\/wp\/v2\/media?parent=45968"}],"wp:term":[{"taxonomy":"product_brand","embeddable":true,"href":"https:\/\/anadolupet.com.tr\/en\/wp-json\/wp\/v2\/product_brand?post=45968"},{"taxonomy":"product_cat","embeddable":true,"href":"https:\/\/anadolupet.com.tr\/en\/wp-json\/wp\/v2\/product_cat?post=45968"},{"taxonomy":"product_tag","embeddable":true,"href":"https:\/\/anadolupet.com.tr\/en\/wp-json\/wp\/v2\/product_tag?post=45968"}],"curies":[{"name":"wp","href":"https:\/\/api.w.org\/{rel}","templated":true}]}}