{"id":45975,"date":"2026-02-14T14:45:17","date_gmt":"2026-02-14T14:45:17","guid":{"rendered":"https:\/\/anadolupet.com.tr\/?post_type=product&#038;p=45975"},"modified":"2026-02-23T12:51:38","modified_gmt":"2026-02-23T12:51:38","slug":"pronature-yavru-kedi-mamasi-daily-growth-tavuk-etli-ve-pirincli-10-kg","status":"publish","type":"product","link":"https:\/\/anadolupet.com.tr\/en\/urun\/pronature-yavru-kedi-mamasi-daily-growth-tavuk-etli-ve-pirincli-10-kg\/","title":{"rendered":"Pronature Yavru Kedi Mamas\u0131 (Daily GRowth) Tavuk Etli ve Pirin\u00e7li 10 KG"},"content":{"rendered":"","protected":false},"excerpt":{"rendered":"<p>Yavru Kedi Mamas\u0131<br \/>\nDaily Growth, 3. haftadan &#8211; 12 ay aras\u0131 t\u00fcm yavru kedilerin sa\u011fl\u0131kl\u0131 b\u00fcy\u00fcmelerini destekleyen t\u00fcm besin maddelerini i\u00e7erir ve b\u00fcy\u00fcme d\u00f6neminde duyacaklar\u0131 t\u00fcm besin maddesi gereksinimlerini kar\u015f\u0131lar.<br \/>\nBeyin Fonksiyonlar\u0131n\u0131 Korur<br \/>\nOmega-3 ya\u011f asidi kayna\u011f\u0131 olan somon ya\u011f\u0131 ilave edilmi\u015ftir. (Gebe ve emziren annelerin beslenmesinde DHA al\u0131m\u0131, yavrularda bili\u015fsel i\u015flevleri ve do\u011fru beyin geli\u015fimini destekler).<br \/>\nYa\u015flanmaya Kar\u015f\u0131 Etki<br \/>\nSerbest radikallere kar\u015f\u0131 antioksidan \u00f6zelli\u011fe sahip bitki ekstraktlar\u0131 i\u00e7eri\u011fi sayesinde ya\u015flanma kar\u015f\u0131t\u0131 etkiye sahiptir.<br \/>\nPrebiyotik Aktivite<br \/>\nPrebiyotik aktiviteye sahip Frukto oligosakkaritler (FOS) ile form\u00fcle edilmi\u015ftir.<br \/>\nBa\u011f\u0131\u015f\u0131kl\u0131k Sistemi Deste\u011fi<br \/>\nBa\u011f\u0131\u015f\u0131kl\u0131\u011f\u0131 ve genel sa\u011fl\u0131\u011f\u0131 destekleyici antioksidanlar, vitaminler ve mineral katk\u0131lar\u0131 ile \u00fcretilmi\u015ftir.<br \/>\n\u0130\u00c7ER\u0130K<br \/>\n\u0130\u015flenmi\u015f Hayvansal Protein (%35 Tavuk), Bu\u011fday, Tavuk Ya\u011f\u0131, M\u0131s\u0131r Gluteni, \u0130\u015flenmi\u015f Bal\u0131k Proteini, Pirin\u00e7 %7, Hidrolize Hayvansal Protein, Somon Ya\u011f\u0131 %1, Kurutulmu\u015f Maya, Fruktooligosakkaritler(FOS) %0,5, Bitkisel lifler, Potasyum Klor\u00fcr, Sodyum Klor\u00fcr, yucca schidigera %0,1, meyveler ve baharatlar\u0131n i\u015flenmesi ile elde edilmi\u015f \u00fcr\u00fcnler %0,05 (karanfil (clove), zerde\u00e7al (curcuma sp.), turun\u00e7gil (citrus sp.), biberiye (rosmarinus sp.), \u00fcz\u00fcm \u00e7ekirde\u011fi (vitis sp.)<br \/>\nANAL\u0130T\u0130K B\u0130LE\u015eENLER<br \/>\nProtein: %38, Ya\u011f \u0130\u00e7eri\u011fi: %18 Ham Sel\u00fcloz: %1,5, Ham K\u00fcl: %7,2, Kalsiyum: %1,7, Fosfor: %0,7<br \/>\nBESLEY\u0130C\u0130 \u0130LAVELER<br \/>\nVitamin A (3a672a) 31,000 IU\/kg, Vitamin D3 (3a671) 1,850 IU\/kg, Vitamin E (3a700) 300 mg\/kg, Demir(II) s\u00fclfat monohidrat 342 mg\/kg (Demir (3b103) 112 mg\/kg), Bak\u0131r s\u00fclfat pentahidrat 44 mg\/kg (Bak\u0131r (3b405) 11,2 mg\/kg), Mangan s\u00fclfat monohidrat 38,5 mg\/kg (Mangan (3b503) 12,5 mg\/kg), \u00c7inko s\u00fclfat monohidrat 342 mg(kg (\u00c7inko (3b605) 125 mg\/kg), Anhidre kalsiyum iyodat 3,4 mg\/kg (\u0130yot (3b203) 2,2 mg\/kg), Sodyum Selenit 0,68 mg\/kg (Selenyum (3b802) 0,31 mg\/kg).<br \/>\nAntioksidanlar<br \/>\nBESLEME REHBER\u0130<br \/>\nMamaya, tabloda belirtilen miktarlarda ba\u015flaman\u0131z \u00f6nerilir. G\u00fcnl\u00fck miktar yol g\u00f6stericidir ve hayvan\u0131n aktivitesine, fizyolojik durumuna ve \u00e7evre s\u0131cakl\u0131\u011f\u0131na ba\u011fl\u0131 olarak de\u011fi\u015febilir. Kedinizin \u00f6n\u00fcnde mama ile birlikte her zaman taze ve temiz su bulundurunuz. Mamay\u0131 serin ve kuru bir yerde saklay\u0131n\u0131z.<\/p>","protected":false},"featured_media":43630,"comment_status":"open","ping_status":"closed","template":"","meta":{"_acf_changed":false},"product_brand":[],"product_cat":[2441],"product_tag":[],"class_list":{"0":"post-45975","1":"product","2":"type-product","3":"status-publish","4":"has-post-thumbnail","6":"product_cat-yavru-kedi-mamalari","8":"first","9":"instock","10":"shipping-taxable","11":"product-type-simple"},"acf":[],"yoast_head":"<!-- This site is optimized with the Yoast SEO plugin v27.4 - https:\/\/yoast.com\/product\/yoast-seo-wordpress\/ -->\n<title>Pronature Yavru Kedi Mamas\u0131 (Daily GRowth) Tavuk Etli ve Pirin\u00e7li 10 KG - Anadolu Pet Grup<\/title>\n<meta name=\"robots\" content=\"index, follow, max-snippet:-1, max-image-preview:large, max-video-preview:-1\" \/>\n<link rel=\"canonical\" href=\"https:\/\/anadolupet.com.tr\/en\/product\/pronature-yavru-kedi-mamasi-daily-growth-tavuk-etli-ve-pirincli-10-kg\/\" \/>\n<meta property=\"og:locale\" content=\"en_US\" \/>\n<meta property=\"og:type\" content=\"article\" \/>\n<meta property=\"og:title\" content=\"Pronature Yavru Kedi Mamas\u0131 (Daily GRowth) Tavuk Etli ve Pirin\u00e7li 10 KG - Anadolu Pet Grup\" \/>\n<meta property=\"og:description\" content=\"Yavru Kedi Mamas\u0131 Daily Growth, 3. haftadan - 12 ay aras\u0131 t\u00fcm yavru kedilerin sa\u011fl\u0131kl\u0131 b\u00fcy\u00fcmelerini destekleyen t\u00fcm besin maddelerini i\u00e7erir ve b\u00fcy\u00fcme d\u00f6neminde duyacaklar\u0131 t\u00fcm besin maddesi gereksinimlerini kar\u015f\u0131lar. Beyin Fonksiyonlar\u0131n\u0131 Korur Omega-3 ya\u011f asidi kayna\u011f\u0131 olan somon ya\u011f\u0131 ilave edilmi\u015ftir. (Gebe ve emziren annelerin beslenmesinde DHA al\u0131m\u0131, yavrularda bili\u015fsel i\u015flevleri ve do\u011fru beyin geli\u015fimini destekler). Ya\u015flanmaya Kar\u015f\u0131 Etki Serbest radikallere kar\u015f\u0131 antioksidan \u00f6zelli\u011fe sahip bitki ekstraktlar\u0131 i\u00e7eri\u011fi sayesinde ya\u015flanma kar\u015f\u0131t\u0131 etkiye sahiptir. Prebiyotik Aktivite Prebiyotik aktiviteye sahip Frukto oligosakkaritler (FOS) ile form\u00fcle edilmi\u015ftir. Ba\u011f\u0131\u015f\u0131kl\u0131k Sistemi Deste\u011fi Ba\u011f\u0131\u015f\u0131kl\u0131\u011f\u0131 ve genel sa\u011fl\u0131\u011f\u0131 destekleyici antioksidanlar, vitaminler ve mineral katk\u0131lar\u0131 ile \u00fcretilmi\u015ftir. \u0130\u00c7ER\u0130K \u0130\u015flenmi\u015f Hayvansal Protein (%35 Tavuk), Bu\u011fday, Tavuk Ya\u011f\u0131, M\u0131s\u0131r Gluteni, \u0130\u015flenmi\u015f Bal\u0131k Proteini, Pirin\u00e7 %7, Hidrolize Hayvansal Protein, Somon Ya\u011f\u0131 %1, Kurutulmu\u015f Maya, Fruktooligosakkaritler(FOS) %0,5, Bitkisel lifler, Potasyum Klor\u00fcr, Sodyum Klor\u00fcr, yucca schidigera %0,1, meyveler ve baharatlar\u0131n i\u015flenmesi ile elde edilmi\u015f \u00fcr\u00fcnler %0,05 (karanfil (clove), zerde\u00e7al (curcuma sp.), turun\u00e7gil (citrus sp.), biberiye (rosmarinus sp.), \u00fcz\u00fcm \u00e7ekirde\u011fi (vitis sp.) ANAL\u0130T\u0130K B\u0130LE\u015eENLER Protein: %38, Ya\u011f \u0130\u00e7eri\u011fi: %18 Ham Sel\u00fcloz: %1,5, Ham K\u00fcl: %7,2, Kalsiyum: %1,7, Fosfor: %0,7 BESLEY\u0130C\u0130 \u0130LAVELER Vitamin A (3a672a) 31,000 IU\/kg, Vitamin D3 (3a671) 1,850 IU\/kg, Vitamin E (3a700) 300 mg\/kg, Demir(II) s\u00fclfat monohidrat 342 mg\/kg (Demir (3b103) 112 mg\/kg), Bak\u0131r s\u00fclfat pentahidrat 44 mg\/kg (Bak\u0131r (3b405) 11,2 mg\/kg), Mangan s\u00fclfat monohidrat 38,5 mg\/kg (Mangan (3b503) 12,5 mg\/kg), \u00c7inko s\u00fclfat monohidrat 342 mg(kg (\u00c7inko (3b605) 125 mg\/kg), Anhidre kalsiyum iyodat 3,4 mg\/kg (\u0130yot (3b203) 2,2 mg\/kg), Sodyum Selenit 0,68 mg\/kg (Selenyum (3b802) 0,31 mg\/kg). Antioksidanlar BESLEME REHBER\u0130 Mamaya, tabloda belirtilen miktarlarda ba\u015flaman\u0131z \u00f6nerilir. G\u00fcnl\u00fck miktar yol g\u00f6stericidir ve hayvan\u0131n aktivitesine, fizyolojik durumuna ve \u00e7evre s\u0131cakl\u0131\u011f\u0131na ba\u011fl\u0131 olarak de\u011fi\u015febilir. Kedinizin \u00f6n\u00fcnde mama ile birlikte her zaman taze ve temiz su bulundurunuz. Mamay\u0131 serin ve kuru bir yerde saklay\u0131n\u0131z.\" \/>\n<meta property=\"og:url\" content=\"https:\/\/anadolupet.com.tr\/en\/product\/pronature-yavru-kedi-mamasi-daily-growth-tavuk-etli-ve-pirincli-10-kg\/\" \/>\n<meta property=\"og:site_name\" content=\"Anadolu Pet Grup\" \/>\n<meta property=\"article:modified_time\" content=\"2026-02-23T12:51:38+00:00\" \/>\n<meta property=\"og:image\" content=\"https:\/\/anadolupet.com.tr\/wp-content\/uploads\/2026\/02\/286-100006.jpg\" \/>\n\t<meta property=\"og:image:width\" content=\"750\" \/>\n\t<meta property=\"og:image:height\" content=\"750\" \/>\n\t<meta property=\"og:image:type\" content=\"image\/jpeg\" \/>\n<meta name=\"twitter:card\" content=\"summary_large_image\" \/>\n<script type=\"application\/ld+json\" class=\"yoast-schema-graph\">{\"@context\":\"https:\\\/\\\/schema.org\",\"@graph\":[{\"@type\":\"WebPage\",\"@id\":\"https:\\\/\\\/anadolupet.com.tr\\\/urun\\\/pronature-yavru-kedi-mamasi-daily-growth-tavuk-etli-ve-pirincli-10-kg\\\/\",\"url\":\"https:\\\/\\\/anadolupet.com.tr\\\/urun\\\/pronature-yavru-kedi-mamasi-daily-growth-tavuk-etli-ve-pirincli-10-kg\\\/\",\"name\":\"Pronature Yavru Kedi Mamas\u0131 (Daily GRowth) Tavuk Etli ve Pirin\u00e7li 10 KG - Anadolu Pet Grup\",\"isPartOf\":{\"@id\":\"https:\\\/\\\/anadolupet.com.tr\\\/#website\"},\"primaryImageOfPage\":{\"@id\":\"https:\\\/\\\/anadolupet.com.tr\\\/urun\\\/pronature-yavru-kedi-mamasi-daily-growth-tavuk-etli-ve-pirincli-10-kg\\\/#primaryimage\"},\"image\":{\"@id\":\"https:\\\/\\\/anadolupet.com.tr\\\/urun\\\/pronature-yavru-kedi-mamasi-daily-growth-tavuk-etli-ve-pirincli-10-kg\\\/#primaryimage\"},\"thumbnailUrl\":\"https:\\\/\\\/anadolupet.com.tr\\\/wp-content\\\/uploads\\\/2026\\\/02\\\/286-100006.jpg\",\"datePublished\":\"2026-02-14T14:45:17+00:00\",\"dateModified\":\"2026-02-23T12:51:38+00:00\",\"breadcrumb\":{\"@id\":\"https:\\\/\\\/anadolupet.com.tr\\\/urun\\\/pronature-yavru-kedi-mamasi-daily-growth-tavuk-etli-ve-pirincli-10-kg\\\/#breadcrumb\"},\"inLanguage\":\"en-US\",\"potentialAction\":[{\"@type\":\"ReadAction\",\"target\":[\"https:\\\/\\\/anadolupet.com.tr\\\/urun\\\/pronature-yavru-kedi-mamasi-daily-growth-tavuk-etli-ve-pirincli-10-kg\\\/\"]}]},{\"@type\":\"ImageObject\",\"inLanguage\":\"en-US\",\"@id\":\"https:\\\/\\\/anadolupet.com.tr\\\/urun\\\/pronature-yavru-kedi-mamasi-daily-growth-tavuk-etli-ve-pirincli-10-kg\\\/#primaryimage\",\"url\":\"https:\\\/\\\/anadolupet.com.tr\\\/wp-content\\\/uploads\\\/2026\\\/02\\\/286-100006.jpg\",\"contentUrl\":\"https:\\\/\\\/anadolupet.com.tr\\\/wp-content\\\/uploads\\\/2026\\\/02\\\/286-100006.jpg\",\"width\":750,\"height\":750},{\"@type\":\"BreadcrumbList\",\"@id\":\"https:\\\/\\\/anadolupet.com.tr\\\/urun\\\/pronature-yavru-kedi-mamasi-daily-growth-tavuk-etli-ve-pirincli-10-kg\\\/#breadcrumb\",\"itemListElement\":[{\"@type\":\"ListItem\",\"position\":1,\"name\":\"Anasayfa\",\"item\":\"https:\\\/\\\/anadolupet.com.tr\\\/\"},{\"@type\":\"ListItem\",\"position\":2,\"name\":\"\u00dcr\u00fcnler\",\"item\":\"https:\\\/\\\/anadolupet.com.tr\\\/urunler\\\/\"},{\"@type\":\"ListItem\",\"position\":3,\"name\":\"Pronature Yavru Kedi Mamas\u0131 (Daily GRowth) Tavuk Etli ve Pirin\u00e7li 10 KG\"}]},{\"@type\":\"WebSite\",\"@id\":\"https:\\\/\\\/anadolupet.com.tr\\\/#website\",\"url\":\"https:\\\/\\\/anadolupet.com.tr\\\/\",\"name\":\"Anadolu Pet Grup\",\"description\":\"Her Can\u0131n \u0130yi Ya\u015fam\u0131 \u0130\u00e7in Biraraday\u0131z\",\"publisher\":{\"@id\":\"https:\\\/\\\/anadolupet.com.tr\\\/#organization\"},\"potentialAction\":[{\"@type\":\"SearchAction\",\"target\":{\"@type\":\"EntryPoint\",\"urlTemplate\":\"https:\\\/\\\/anadolupet.com.tr\\\/?s={search_term_string}\"},\"query-input\":{\"@type\":\"PropertyValueSpecification\",\"valueRequired\":true,\"valueName\":\"search_term_string\"}}],\"inLanguage\":\"en-US\"},{\"@type\":\"Organization\",\"@id\":\"https:\\\/\\\/anadolupet.com.tr\\\/#organization\",\"name\":\"Anadolu Pet Grup\",\"alternateName\":\"Anadolu Pet\",\"url\":\"https:\\\/\\\/anadolupet.com.tr\\\/\",\"logo\":{\"@type\":\"ImageObject\",\"inLanguage\":\"en-US\",\"@id\":\"https:\\\/\\\/anadolupet.com.tr\\\/#\\\/schema\\\/logo\\\/image\\\/\",\"url\":\"https:\\\/\\\/anadolupet.com.tr\\\/wp-content\\\/uploads\\\/2026\\\/03\\\/1614666743370.jpg\",\"contentUrl\":\"https:\\\/\\\/anadolupet.com.tr\\\/wp-content\\\/uploads\\\/2026\\\/03\\\/1614666743370.jpg\",\"width\":800,\"height\":571,\"caption\":\"Anadolu Pet Grup\"},\"image\":{\"@id\":\"https:\\\/\\\/anadolupet.com.tr\\\/#\\\/schema\\\/logo\\\/image\\\/\"}}]}<\/script>\n<!-- \/ Yoast SEO plugin. -->","yoast_head_json":{"title":"Pronature Yavru Kedi Mamas\u0131 (Daily GRowth) Tavuk Etli ve Pirin\u00e7li 10 KG - Anadolu Pet Grup","robots":{"index":"index","follow":"follow","max-snippet":"max-snippet:-1","max-image-preview":"max-image-preview:large","max-video-preview":"max-video-preview:-1"},"canonical":"https:\/\/anadolupet.com.tr\/en\/product\/pronature-yavru-kedi-mamasi-daily-growth-tavuk-etli-ve-pirincli-10-kg\/","og_locale":"en_US","og_type":"article","og_title":"Pronature Yavru Kedi Mamas\u0131 (Daily GRowth) Tavuk Etli ve Pirin\u00e7li 10 KG - Anadolu Pet Grup","og_description":"Yavru Kedi Mamas\u0131 Daily Growth, 3. haftadan - 12 ay aras\u0131 t\u00fcm yavru kedilerin sa\u011fl\u0131kl\u0131 b\u00fcy\u00fcmelerini destekleyen t\u00fcm besin maddelerini i\u00e7erir ve b\u00fcy\u00fcme d\u00f6neminde duyacaklar\u0131 t\u00fcm besin maddesi gereksinimlerini kar\u015f\u0131lar. Beyin Fonksiyonlar\u0131n\u0131 Korur Omega-3 ya\u011f asidi kayna\u011f\u0131 olan somon ya\u011f\u0131 ilave edilmi\u015ftir. (Gebe ve emziren annelerin beslenmesinde DHA al\u0131m\u0131, yavrularda bili\u015fsel i\u015flevleri ve do\u011fru beyin geli\u015fimini destekler). Ya\u015flanmaya Kar\u015f\u0131 Etki Serbest radikallere kar\u015f\u0131 antioksidan \u00f6zelli\u011fe sahip bitki ekstraktlar\u0131 i\u00e7eri\u011fi sayesinde ya\u015flanma kar\u015f\u0131t\u0131 etkiye sahiptir. Prebiyotik Aktivite Prebiyotik aktiviteye sahip Frukto oligosakkaritler (FOS) ile form\u00fcle edilmi\u015ftir. Ba\u011f\u0131\u015f\u0131kl\u0131k Sistemi Deste\u011fi Ba\u011f\u0131\u015f\u0131kl\u0131\u011f\u0131 ve genel sa\u011fl\u0131\u011f\u0131 destekleyici antioksidanlar, vitaminler ve mineral katk\u0131lar\u0131 ile \u00fcretilmi\u015ftir. \u0130\u00c7ER\u0130K \u0130\u015flenmi\u015f Hayvansal Protein (%35 Tavuk), Bu\u011fday, Tavuk Ya\u011f\u0131, M\u0131s\u0131r Gluteni, \u0130\u015flenmi\u015f Bal\u0131k Proteini, Pirin\u00e7 %7, Hidrolize Hayvansal Protein, Somon Ya\u011f\u0131 %1, Kurutulmu\u015f Maya, Fruktooligosakkaritler(FOS) %0,5, Bitkisel lifler, Potasyum Klor\u00fcr, Sodyum Klor\u00fcr, yucca schidigera %0,1, meyveler ve baharatlar\u0131n i\u015flenmesi ile elde edilmi\u015f \u00fcr\u00fcnler %0,05 (karanfil (clove), zerde\u00e7al (curcuma sp.), turun\u00e7gil (citrus sp.), biberiye (rosmarinus sp.), \u00fcz\u00fcm \u00e7ekirde\u011fi (vitis sp.) ANAL\u0130T\u0130K B\u0130LE\u015eENLER Protein: %38, Ya\u011f \u0130\u00e7eri\u011fi: %18 Ham Sel\u00fcloz: %1,5, Ham K\u00fcl: %7,2, Kalsiyum: %1,7, Fosfor: %0,7 BESLEY\u0130C\u0130 \u0130LAVELER Vitamin A (3a672a) 31,000 IU\/kg, Vitamin D3 (3a671) 1,850 IU\/kg, Vitamin E (3a700) 300 mg\/kg, Demir(II) s\u00fclfat monohidrat 342 mg\/kg (Demir (3b103) 112 mg\/kg), Bak\u0131r s\u00fclfat pentahidrat 44 mg\/kg (Bak\u0131r (3b405) 11,2 mg\/kg), Mangan s\u00fclfat monohidrat 38,5 mg\/kg (Mangan (3b503) 12,5 mg\/kg), \u00c7inko s\u00fclfat monohidrat 342 mg(kg (\u00c7inko (3b605) 125 mg\/kg), Anhidre kalsiyum iyodat 3,4 mg\/kg (\u0130yot (3b203) 2,2 mg\/kg), Sodyum Selenit 0,68 mg\/kg (Selenyum (3b802) 0,31 mg\/kg). Antioksidanlar BESLEME REHBER\u0130 Mamaya, tabloda belirtilen miktarlarda ba\u015flaman\u0131z \u00f6nerilir. G\u00fcnl\u00fck miktar yol g\u00f6stericidir ve hayvan\u0131n aktivitesine, fizyolojik durumuna ve \u00e7evre s\u0131cakl\u0131\u011f\u0131na ba\u011fl\u0131 olarak de\u011fi\u015febilir. Kedinizin \u00f6n\u00fcnde mama ile birlikte her zaman taze ve temiz su bulundurunuz. Mamay\u0131 serin ve kuru bir yerde saklay\u0131n\u0131z.","og_url":"https:\/\/anadolupet.com.tr\/en\/product\/pronature-yavru-kedi-mamasi-daily-growth-tavuk-etli-ve-pirincli-10-kg\/","og_site_name":"Anadolu Pet Grup","article_modified_time":"2026-02-23T12:51:38+00:00","og_image":[{"width":750,"height":750,"url":"https:\/\/anadolupet.com.tr\/wp-content\/uploads\/2026\/02\/286-100006.jpg","type":"image\/jpeg"}],"twitter_card":"summary_large_image","schema":{"@context":"https:\/\/schema.org","@graph":[{"@type":"WebPage","@id":"https:\/\/anadolupet.com.tr\/urun\/pronature-yavru-kedi-mamasi-daily-growth-tavuk-etli-ve-pirincli-10-kg\/","url":"https:\/\/anadolupet.com.tr\/urun\/pronature-yavru-kedi-mamasi-daily-growth-tavuk-etli-ve-pirincli-10-kg\/","name":"Pronature Yavru Kedi Mamas\u0131 (Daily GRowth) Tavuk Etli ve Pirin\u00e7li 10 KG - Anadolu Pet Grup","isPartOf":{"@id":"https:\/\/anadolupet.com.tr\/#website"},"primaryImageOfPage":{"@id":"https:\/\/anadolupet.com.tr\/urun\/pronature-yavru-kedi-mamasi-daily-growth-tavuk-etli-ve-pirincli-10-kg\/#primaryimage"},"image":{"@id":"https:\/\/anadolupet.com.tr\/urun\/pronature-yavru-kedi-mamasi-daily-growth-tavuk-etli-ve-pirincli-10-kg\/#primaryimage"},"thumbnailUrl":"https:\/\/anadolupet.com.tr\/wp-content\/uploads\/2026\/02\/286-100006.jpg","datePublished":"2026-02-14T14:45:17+00:00","dateModified":"2026-02-23T12:51:38+00:00","breadcrumb":{"@id":"https:\/\/anadolupet.com.tr\/urun\/pronature-yavru-kedi-mamasi-daily-growth-tavuk-etli-ve-pirincli-10-kg\/#breadcrumb"},"inLanguage":"en-US","potentialAction":[{"@type":"ReadAction","target":["https:\/\/anadolupet.com.tr\/urun\/pronature-yavru-kedi-mamasi-daily-growth-tavuk-etli-ve-pirincli-10-kg\/"]}]},{"@type":"ImageObject","inLanguage":"en-US","@id":"https:\/\/anadolupet.com.tr\/urun\/pronature-yavru-kedi-mamasi-daily-growth-tavuk-etli-ve-pirincli-10-kg\/#primaryimage","url":"https:\/\/anadolupet.com.tr\/wp-content\/uploads\/2026\/02\/286-100006.jpg","contentUrl":"https:\/\/anadolupet.com.tr\/wp-content\/uploads\/2026\/02\/286-100006.jpg","width":750,"height":750},{"@type":"BreadcrumbList","@id":"https:\/\/anadolupet.com.tr\/urun\/pronature-yavru-kedi-mamasi-daily-growth-tavuk-etli-ve-pirincli-10-kg\/#breadcrumb","itemListElement":[{"@type":"ListItem","position":1,"name":"Anasayfa","item":"https:\/\/anadolupet.com.tr\/"},{"@type":"ListItem","position":2,"name":"\u00dcr\u00fcnler","item":"https:\/\/anadolupet.com.tr\/urunler\/"},{"@type":"ListItem","position":3,"name":"Pronature Yavru Kedi Mamas\u0131 (Daily GRowth) Tavuk Etli ve Pirin\u00e7li 10 KG"}]},{"@type":"WebSite","@id":"https:\/\/anadolupet.com.tr\/#website","url":"https:\/\/anadolupet.com.tr\/","name":"Anadolu Pet Group","description":"We Stand Together for the Well-Being of Every Life","publisher":{"@id":"https:\/\/anadolupet.com.tr\/#organization"},"potentialAction":[{"@type":"SearchAction","target":{"@type":"EntryPoint","urlTemplate":"https:\/\/anadolupet.com.tr\/?s={search_term_string}"},"query-input":{"@type":"PropertyValueSpecification","valueRequired":true,"valueName":"search_term_string"}}],"inLanguage":"en-US"},{"@type":"Organization","@id":"https:\/\/anadolupet.com.tr\/#organization","name":"Anadolu Pet Group","alternateName":"Anadolu Pet","url":"https:\/\/anadolupet.com.tr\/","logo":{"@type":"ImageObject","inLanguage":"en-US","@id":"https:\/\/anadolupet.com.tr\/#\/schema\/logo\/image\/","url":"https:\/\/anadolupet.com.tr\/wp-content\/uploads\/2026\/03\/1614666743370.jpg","contentUrl":"https:\/\/anadolupet.com.tr\/wp-content\/uploads\/2026\/03\/1614666743370.jpg","width":800,"height":571,"caption":"Anadolu Pet Grup"},"image":{"@id":"https:\/\/anadolupet.com.tr\/#\/schema\/logo\/image\/"}}]}},"_links":{"self":[{"href":"https:\/\/anadolupet.com.tr\/en\/wp-json\/wp\/v2\/product\/45975","targetHints":{"allow":["GET"]}}],"collection":[{"href":"https:\/\/anadolupet.com.tr\/en\/wp-json\/wp\/v2\/product"}],"about":[{"href":"https:\/\/anadolupet.com.tr\/en\/wp-json\/wp\/v2\/types\/product"}],"replies":[{"embeddable":true,"href":"https:\/\/anadolupet.com.tr\/en\/wp-json\/wp\/v2\/comments?post=45975"}],"wp:featuredmedia":[{"embeddable":true,"href":"https:\/\/anadolupet.com.tr\/en\/wp-json\/wp\/v2\/media\/43630"}],"wp:attachment":[{"href":"https:\/\/anadolupet.com.tr\/en\/wp-json\/wp\/v2\/media?parent=45975"}],"wp:term":[{"taxonomy":"product_brand","embeddable":true,"href":"https:\/\/anadolupet.com.tr\/en\/wp-json\/wp\/v2\/product_brand?post=45975"},{"taxonomy":"product_cat","embeddable":true,"href":"https:\/\/anadolupet.com.tr\/en\/wp-json\/wp\/v2\/product_cat?post=45975"},{"taxonomy":"product_tag","embeddable":true,"href":"https:\/\/anadolupet.com.tr\/en\/wp-json\/wp\/v2\/product_tag?post=45975"}],"curies":[{"name":"wp","href":"https:\/\/api.w.org\/{rel}","templated":true}]}}