{"id":45980,"date":"2026-02-14T14:45:18","date_gmt":"2026-02-14T14:45:18","guid":{"rendered":"https:\/\/anadolupet.com.tr\/?post_type=product&#038;p=45980"},"modified":"2026-02-23T12:51:38","modified_gmt":"2026-02-23T12:51:38","slug":"pronature-yetiskin-kuru-kedi-mamasi-daily-protect-hamsili-ve-pirincli-15kg","status":"publish","type":"product","link":"https:\/\/anadolupet.com.tr\/en\/urun\/pronature-yetiskin-kuru-kedi-mamasi-daily-protect-hamsili-ve-pirincli-15kg\/","title":{"rendered":"Pronature Yeti\u015fkin Kuru Kedi Mamas\u0131 (Daily Protect) Hamsili ve Pirin\u00e7li 1,5KG"},"content":{"rendered":"","protected":false},"excerpt":{"rendered":"<p>Yeti\u015fkin Kedi Mamas\u0131<br \/>\n12 ay ve \u00fczeri kedilerin optimum v\u00fccut a\u011f\u0131rl\u0131\u011f\u0131n\u0131 korumak ve g\u00fcnl\u00fck enerji ve besin maddesi gereksinimlerini kar\u015f\u0131lamak amac\u0131yla \u00f6zel olarak form\u00fcle edilmi\u015ftir.<br \/>\nCanl\u0131l\u0131k<br \/>\nY\u00fcksek lezzet i\u00e7eri\u011finin yan\u0131 s\u0131ra kaliteli protein, yeterli d\u00fczeyde arjinin, taurin, vitamin \u2013 mineral, Omega-3 ya\u011f asitleri (EPA \u2013 DHA) i\u00e7eri\u011fi sayesinde; kedinizin deri ve t\u00fcy sa\u011fl\u0131\u011f\u0131n\u0131 geli\u015ftirmeye, ba\u011f\u0131\u015f\u0131kl\u0131k sistemini g\u00fc\u00e7lendirmeye ve genel sa\u011fl\u0131\u011f\u0131n\u0131 korumaya yard\u0131mc\u0131 olur.<br \/>\nPrebiyotik Aktivite<br \/>\nPrebiyotik aktiviteye sahip Frukto oligosakkaritler (FOS) ile form\u00fcle edilmi\u015ftir.<br \/>\nDo\u011fal Savunma<br \/>\nSerbest radikalleri temizleme \u00f6zelli\u011fi ile v\u00fccudun do\u011fal savunma sistemini destekler.<br \/>\n\u0130\u00c7ER\u0130K<br \/>\n\u0130\u015flenmi\u015f Hayvansal Protein (Hamsi % 10), M\u0131s\u0131r, Pirin\u00e7 (% 15), Tavuk Ya\u011f\u0131, hidrolize hayvansal protein, Hamsi Ya\u011f\u0131 (% 2), kurutulmu\u015f maya, bitkisel lifler, frukto Oligosakkaritler(FOS) % 0,5, potasyum Klor\u00fcr, Sodyum Klor\u00fcr, yucca schidigera % 0,1, meyveler ve baharatlar\u0131n i\u015flenmesi ile elde edilmi\u015f \u00fcr\u00fcnler % 0,05 (Karanfil (clove), Zerde\u00e7al (curcuma sp.), Turun\u00e7gil (citrus sp.), Biberiye (rosmarinus sp.), \u00dcz\u00fcm \u00c7ekirde\u011fi Ekstrakt\u0131 (vitis sp.)<br \/>\nANAL\u0130T\u0130K B\u0130LE\u015eENLER<br \/>\nProtein: % 32, Ya\u011f \u0130\u00e7eri\u011fi: % 15, Ham Sel\u00fcloz: % 2,0, Ham K\u00fcl: % 8,0, Kalsiyum: % 1,3, Fosfor: % 0,7, Magnezyum: % 0,09<br \/>\nBESLEY\u0130C\u0130 \u0130LAVELER<br \/>\nVitamin A (3a672a) 31,000 IU\/kg, Vitamin D3 (3a671) 1,850 IU\/kg, Vitamin E (3a700) 300 mg\/kg.<br \/>\nBESLEME REHBER\u0130<br \/>\nMamaya, tabloda belirtilen miktarlarda ba\u015flaman\u0131z \u00f6nerilir. G\u00fcnl\u00fck miktar yol g\u00f6stericidir ve hayvan\u0131n aktivitesine, fizyolojik durumuna ve \u00e7evre s\u0131cakl\u0131\u011f\u0131na ba\u011fl\u0131 olarak de\u011fi\u015febilir. Kedinizin \u00f6n\u00fcnde mama ile birlikte her zaman taze ve temiz su bulundurunuz. Mamay\u0131 serin ve kuru yerde saklay\u0131n\u0131z.<\/p>","protected":false},"featured_media":43633,"comment_status":"open","ping_status":"closed","template":"","meta":{"_acf_changed":false},"product_brand":[],"product_cat":[2442],"product_tag":[],"class_list":{"0":"post-45980","1":"product","2":"type-product","3":"status-publish","4":"has-post-thumbnail","6":"product_cat-yetiskin-kedi-mamalari","8":"first","9":"instock","10":"shipping-taxable","11":"product-type-simple"},"acf":[],"yoast_head":"<!-- This site is optimized with the Yoast SEO plugin v27.5 - https:\/\/yoast.com\/product\/yoast-seo-wordpress\/ -->\n<title>Pronature Yeti\u015fkin Kuru Kedi Mamas\u0131 (Daily Protect) Hamsili ve Pirin\u00e7li 1,5KG - Anadolu Pet Grup<\/title>\n<meta name=\"robots\" content=\"index, follow, max-snippet:-1, max-image-preview:large, max-video-preview:-1\" \/>\n<link rel=\"canonical\" href=\"https:\/\/anadolupet.com.tr\/en\/product\/pronature-yetiskin-kuru-kedi-mamasi-daily-protect-hamsili-ve-pirincli-15kg\/\" \/>\n<meta property=\"og:locale\" content=\"en_US\" \/>\n<meta property=\"og:type\" content=\"article\" \/>\n<meta property=\"og:title\" content=\"Pronature Yeti\u015fkin Kuru Kedi Mamas\u0131 (Daily Protect) Hamsili ve Pirin\u00e7li 1,5KG - Anadolu Pet Grup\" \/>\n<meta property=\"og:description\" content=\"Yeti\u015fkin Kedi Mamas\u0131 12 ay ve \u00fczeri kedilerin optimum v\u00fccut a\u011f\u0131rl\u0131\u011f\u0131n\u0131 korumak ve g\u00fcnl\u00fck enerji ve besin maddesi gereksinimlerini kar\u015f\u0131lamak amac\u0131yla \u00f6zel olarak form\u00fcle edilmi\u015ftir. Canl\u0131l\u0131k Y\u00fcksek lezzet i\u00e7eri\u011finin yan\u0131 s\u0131ra kaliteli protein, yeterli d\u00fczeyde arjinin, taurin, vitamin \u2013 mineral, Omega-3 ya\u011f asitleri (EPA \u2013 DHA) i\u00e7eri\u011fi sayesinde; kedinizin deri ve t\u00fcy sa\u011fl\u0131\u011f\u0131n\u0131 geli\u015ftirmeye, ba\u011f\u0131\u015f\u0131kl\u0131k sistemini g\u00fc\u00e7lendirmeye ve genel sa\u011fl\u0131\u011f\u0131n\u0131 korumaya yard\u0131mc\u0131 olur. Prebiyotik Aktivite Prebiyotik aktiviteye sahip Frukto oligosakkaritler (FOS) ile form\u00fcle edilmi\u015ftir. Do\u011fal Savunma Serbest radikalleri temizleme \u00f6zelli\u011fi ile v\u00fccudun do\u011fal savunma sistemini destekler. \u0130\u00c7ER\u0130K \u0130\u015flenmi\u015f Hayvansal Protein (Hamsi % 10), M\u0131s\u0131r, Pirin\u00e7 (% 15), Tavuk Ya\u011f\u0131, hidrolize hayvansal protein, Hamsi Ya\u011f\u0131 (% 2), kurutulmu\u015f maya, bitkisel lifler, frukto Oligosakkaritler(FOS) % 0,5, potasyum Klor\u00fcr, Sodyum Klor\u00fcr, yucca schidigera % 0,1, meyveler ve baharatlar\u0131n i\u015flenmesi ile elde edilmi\u015f \u00fcr\u00fcnler % 0,05 (Karanfil (clove), Zerde\u00e7al (curcuma sp.), Turun\u00e7gil (citrus sp.), Biberiye (rosmarinus sp.), \u00dcz\u00fcm \u00c7ekirde\u011fi Ekstrakt\u0131 (vitis sp.) ANAL\u0130T\u0130K B\u0130LE\u015eENLER Protein: % 32, Ya\u011f \u0130\u00e7eri\u011fi: % 15, Ham Sel\u00fcloz: % 2,0, Ham K\u00fcl: % 8,0, Kalsiyum: % 1,3, Fosfor: % 0,7, Magnezyum: % 0,09 BESLEY\u0130C\u0130 \u0130LAVELER Vitamin A (3a672a) 31,000 IU\/kg, Vitamin D3 (3a671) 1,850 IU\/kg, Vitamin E (3a700) 300 mg\/kg. BESLEME REHBER\u0130 Mamaya, tabloda belirtilen miktarlarda ba\u015flaman\u0131z \u00f6nerilir. G\u00fcnl\u00fck miktar yol g\u00f6stericidir ve hayvan\u0131n aktivitesine, fizyolojik durumuna ve \u00e7evre s\u0131cakl\u0131\u011f\u0131na ba\u011fl\u0131 olarak de\u011fi\u015febilir. Kedinizin \u00f6n\u00fcnde mama ile birlikte her zaman taze ve temiz su bulundurunuz. Mamay\u0131 serin ve kuru yerde saklay\u0131n\u0131z.\" \/>\n<meta property=\"og:url\" content=\"https:\/\/anadolupet.com.tr\/en\/product\/pronature-yetiskin-kuru-kedi-mamasi-daily-protect-hamsili-ve-pirincli-15kg\/\" \/>\n<meta property=\"og:site_name\" content=\"Anadolu Pet Grup\" \/>\n<meta property=\"article:modified_time\" content=\"2026-02-23T12:51:38+00:00\" \/>\n<meta property=\"og:image\" content=\"https:\/\/anadolupet.com.tr\/wp-content\/uploads\/2026\/02\/286-100009.jpg\" \/>\n\t<meta property=\"og:image:width\" content=\"750\" \/>\n\t<meta property=\"og:image:height\" content=\"750\" \/>\n\t<meta property=\"og:image:type\" content=\"image\/jpeg\" \/>\n<meta name=\"twitter:card\" content=\"summary_large_image\" \/>\n<script type=\"application\/ld+json\" class=\"yoast-schema-graph\">{\"@context\":\"https:\\\/\\\/schema.org\",\"@graph\":[{\"@type\":\"WebPage\",\"@id\":\"https:\\\/\\\/anadolupet.com.tr\\\/urun\\\/pronature-yetiskin-kuru-kedi-mamasi-daily-protect-hamsili-ve-pirincli-15kg\\\/\",\"url\":\"https:\\\/\\\/anadolupet.com.tr\\\/urun\\\/pronature-yetiskin-kuru-kedi-mamasi-daily-protect-hamsili-ve-pirincli-15kg\\\/\",\"name\":\"Pronature Yeti\u015fkin Kuru Kedi Mamas\u0131 (Daily Protect) Hamsili ve Pirin\u00e7li 1,5KG - Anadolu Pet Grup\",\"isPartOf\":{\"@id\":\"https:\\\/\\\/anadolupet.com.tr\\\/#website\"},\"primaryImageOfPage\":{\"@id\":\"https:\\\/\\\/anadolupet.com.tr\\\/urun\\\/pronature-yetiskin-kuru-kedi-mamasi-daily-protect-hamsili-ve-pirincli-15kg\\\/#primaryimage\"},\"image\":{\"@id\":\"https:\\\/\\\/anadolupet.com.tr\\\/urun\\\/pronature-yetiskin-kuru-kedi-mamasi-daily-protect-hamsili-ve-pirincli-15kg\\\/#primaryimage\"},\"thumbnailUrl\":\"https:\\\/\\\/anadolupet.com.tr\\\/wp-content\\\/uploads\\\/2026\\\/02\\\/286-100009.jpg\",\"datePublished\":\"2026-02-14T14:45:18+00:00\",\"dateModified\":\"2026-02-23T12:51:38+00:00\",\"breadcrumb\":{\"@id\":\"https:\\\/\\\/anadolupet.com.tr\\\/urun\\\/pronature-yetiskin-kuru-kedi-mamasi-daily-protect-hamsili-ve-pirincli-15kg\\\/#breadcrumb\"},\"inLanguage\":\"en-US\",\"potentialAction\":[{\"@type\":\"ReadAction\",\"target\":[\"https:\\\/\\\/anadolupet.com.tr\\\/urun\\\/pronature-yetiskin-kuru-kedi-mamasi-daily-protect-hamsili-ve-pirincli-15kg\\\/\"]}]},{\"@type\":\"ImageObject\",\"inLanguage\":\"en-US\",\"@id\":\"https:\\\/\\\/anadolupet.com.tr\\\/urun\\\/pronature-yetiskin-kuru-kedi-mamasi-daily-protect-hamsili-ve-pirincli-15kg\\\/#primaryimage\",\"url\":\"https:\\\/\\\/anadolupet.com.tr\\\/wp-content\\\/uploads\\\/2026\\\/02\\\/286-100009.jpg\",\"contentUrl\":\"https:\\\/\\\/anadolupet.com.tr\\\/wp-content\\\/uploads\\\/2026\\\/02\\\/286-100009.jpg\",\"width\":750,\"height\":750},{\"@type\":\"BreadcrumbList\",\"@id\":\"https:\\\/\\\/anadolupet.com.tr\\\/urun\\\/pronature-yetiskin-kuru-kedi-mamasi-daily-protect-hamsili-ve-pirincli-15kg\\\/#breadcrumb\",\"itemListElement\":[{\"@type\":\"ListItem\",\"position\":1,\"name\":\"Anasayfa\",\"item\":\"https:\\\/\\\/anadolupet.com.tr\\\/\"},{\"@type\":\"ListItem\",\"position\":2,\"name\":\"\u00dcr\u00fcnler\",\"item\":\"https:\\\/\\\/anadolupet.com.tr\\\/urunler\\\/\"},{\"@type\":\"ListItem\",\"position\":3,\"name\":\"Pronature Yeti\u015fkin Kuru Kedi Mamas\u0131 (Daily Protect) Hamsili ve Pirin\u00e7li 1,5KG\"}]},{\"@type\":\"WebSite\",\"@id\":\"https:\\\/\\\/anadolupet.com.tr\\\/#website\",\"url\":\"https:\\\/\\\/anadolupet.com.tr\\\/\",\"name\":\"Anadolu Pet Grup\",\"description\":\"Her Can\u0131n \u0130yi Ya\u015fam\u0131 \u0130\u00e7in Biraraday\u0131z\",\"publisher\":{\"@id\":\"https:\\\/\\\/anadolupet.com.tr\\\/#organization\"},\"potentialAction\":[{\"@type\":\"SearchAction\",\"target\":{\"@type\":\"EntryPoint\",\"urlTemplate\":\"https:\\\/\\\/anadolupet.com.tr\\\/?s={search_term_string}\"},\"query-input\":{\"@type\":\"PropertyValueSpecification\",\"valueRequired\":true,\"valueName\":\"search_term_string\"}}],\"inLanguage\":\"en-US\"},{\"@type\":\"Organization\",\"@id\":\"https:\\\/\\\/anadolupet.com.tr\\\/#organization\",\"name\":\"Anadolu Pet Grup\",\"alternateName\":\"Anadolu Pet\",\"url\":\"https:\\\/\\\/anadolupet.com.tr\\\/\",\"logo\":{\"@type\":\"ImageObject\",\"inLanguage\":\"en-US\",\"@id\":\"https:\\\/\\\/anadolupet.com.tr\\\/#\\\/schema\\\/logo\\\/image\\\/\",\"url\":\"https:\\\/\\\/anadolupet.com.tr\\\/wp-content\\\/uploads\\\/2026\\\/03\\\/1614666743370.jpg\",\"contentUrl\":\"https:\\\/\\\/anadolupet.com.tr\\\/wp-content\\\/uploads\\\/2026\\\/03\\\/1614666743370.jpg\",\"width\":800,\"height\":571,\"caption\":\"Anadolu Pet Grup\"},\"image\":{\"@id\":\"https:\\\/\\\/anadolupet.com.tr\\\/#\\\/schema\\\/logo\\\/image\\\/\"}}]}<\/script>\n<!-- \/ Yoast SEO plugin. -->","yoast_head_json":{"title":"Pronature Yeti\u015fkin Kuru Kedi Mamas\u0131 (Daily Protect) Hamsili ve Pirin\u00e7li 1,5KG - Anadolu Pet Grup","robots":{"index":"index","follow":"follow","max-snippet":"max-snippet:-1","max-image-preview":"max-image-preview:large","max-video-preview":"max-video-preview:-1"},"canonical":"https:\/\/anadolupet.com.tr\/en\/product\/pronature-yetiskin-kuru-kedi-mamasi-daily-protect-hamsili-ve-pirincli-15kg\/","og_locale":"en_US","og_type":"article","og_title":"Pronature Yeti\u015fkin Kuru Kedi Mamas\u0131 (Daily Protect) Hamsili ve Pirin\u00e7li 1,5KG - Anadolu Pet Grup","og_description":"Yeti\u015fkin Kedi Mamas\u0131 12 ay ve \u00fczeri kedilerin optimum v\u00fccut a\u011f\u0131rl\u0131\u011f\u0131n\u0131 korumak ve g\u00fcnl\u00fck enerji ve besin maddesi gereksinimlerini kar\u015f\u0131lamak amac\u0131yla \u00f6zel olarak form\u00fcle edilmi\u015ftir. Canl\u0131l\u0131k Y\u00fcksek lezzet i\u00e7eri\u011finin yan\u0131 s\u0131ra kaliteli protein, yeterli d\u00fczeyde arjinin, taurin, vitamin \u2013 mineral, Omega-3 ya\u011f asitleri (EPA \u2013 DHA) i\u00e7eri\u011fi sayesinde; kedinizin deri ve t\u00fcy sa\u011fl\u0131\u011f\u0131n\u0131 geli\u015ftirmeye, ba\u011f\u0131\u015f\u0131kl\u0131k sistemini g\u00fc\u00e7lendirmeye ve genel sa\u011fl\u0131\u011f\u0131n\u0131 korumaya yard\u0131mc\u0131 olur. Prebiyotik Aktivite Prebiyotik aktiviteye sahip Frukto oligosakkaritler (FOS) ile form\u00fcle edilmi\u015ftir. Do\u011fal Savunma Serbest radikalleri temizleme \u00f6zelli\u011fi ile v\u00fccudun do\u011fal savunma sistemini destekler. \u0130\u00c7ER\u0130K \u0130\u015flenmi\u015f Hayvansal Protein (Hamsi % 10), M\u0131s\u0131r, Pirin\u00e7 (% 15), Tavuk Ya\u011f\u0131, hidrolize hayvansal protein, Hamsi Ya\u011f\u0131 (% 2), kurutulmu\u015f maya, bitkisel lifler, frukto Oligosakkaritler(FOS) % 0,5, potasyum Klor\u00fcr, Sodyum Klor\u00fcr, yucca schidigera % 0,1, meyveler ve baharatlar\u0131n i\u015flenmesi ile elde edilmi\u015f \u00fcr\u00fcnler % 0,05 (Karanfil (clove), Zerde\u00e7al (curcuma sp.), Turun\u00e7gil (citrus sp.), Biberiye (rosmarinus sp.), \u00dcz\u00fcm \u00c7ekirde\u011fi Ekstrakt\u0131 (vitis sp.) ANAL\u0130T\u0130K B\u0130LE\u015eENLER Protein: % 32, Ya\u011f \u0130\u00e7eri\u011fi: % 15, Ham Sel\u00fcloz: % 2,0, Ham K\u00fcl: % 8,0, Kalsiyum: % 1,3, Fosfor: % 0,7, Magnezyum: % 0,09 BESLEY\u0130C\u0130 \u0130LAVELER Vitamin A (3a672a) 31,000 IU\/kg, Vitamin D3 (3a671) 1,850 IU\/kg, Vitamin E (3a700) 300 mg\/kg. BESLEME REHBER\u0130 Mamaya, tabloda belirtilen miktarlarda ba\u015flaman\u0131z \u00f6nerilir. G\u00fcnl\u00fck miktar yol g\u00f6stericidir ve hayvan\u0131n aktivitesine, fizyolojik durumuna ve \u00e7evre s\u0131cakl\u0131\u011f\u0131na ba\u011fl\u0131 olarak de\u011fi\u015febilir. Kedinizin \u00f6n\u00fcnde mama ile birlikte her zaman taze ve temiz su bulundurunuz. Mamay\u0131 serin ve kuru yerde saklay\u0131n\u0131z.","og_url":"https:\/\/anadolupet.com.tr\/en\/product\/pronature-yetiskin-kuru-kedi-mamasi-daily-protect-hamsili-ve-pirincli-15kg\/","og_site_name":"Anadolu Pet Grup","article_modified_time":"2026-02-23T12:51:38+00:00","og_image":[{"width":750,"height":750,"url":"https:\/\/anadolupet.com.tr\/wp-content\/uploads\/2026\/02\/286-100009.jpg","type":"image\/jpeg"}],"twitter_card":"summary_large_image","schema":{"@context":"https:\/\/schema.org","@graph":[{"@type":"WebPage","@id":"https:\/\/anadolupet.com.tr\/urun\/pronature-yetiskin-kuru-kedi-mamasi-daily-protect-hamsili-ve-pirincli-15kg\/","url":"https:\/\/anadolupet.com.tr\/urun\/pronature-yetiskin-kuru-kedi-mamasi-daily-protect-hamsili-ve-pirincli-15kg\/","name":"Pronature Yeti\u015fkin Kuru Kedi Mamas\u0131 (Daily Protect) Hamsili ve Pirin\u00e7li 1,5KG - Anadolu Pet Grup","isPartOf":{"@id":"https:\/\/anadolupet.com.tr\/#website"},"primaryImageOfPage":{"@id":"https:\/\/anadolupet.com.tr\/urun\/pronature-yetiskin-kuru-kedi-mamasi-daily-protect-hamsili-ve-pirincli-15kg\/#primaryimage"},"image":{"@id":"https:\/\/anadolupet.com.tr\/urun\/pronature-yetiskin-kuru-kedi-mamasi-daily-protect-hamsili-ve-pirincli-15kg\/#primaryimage"},"thumbnailUrl":"https:\/\/anadolupet.com.tr\/wp-content\/uploads\/2026\/02\/286-100009.jpg","datePublished":"2026-02-14T14:45:18+00:00","dateModified":"2026-02-23T12:51:38+00:00","breadcrumb":{"@id":"https:\/\/anadolupet.com.tr\/urun\/pronature-yetiskin-kuru-kedi-mamasi-daily-protect-hamsili-ve-pirincli-15kg\/#breadcrumb"},"inLanguage":"en-US","potentialAction":[{"@type":"ReadAction","target":["https:\/\/anadolupet.com.tr\/urun\/pronature-yetiskin-kuru-kedi-mamasi-daily-protect-hamsili-ve-pirincli-15kg\/"]}]},{"@type":"ImageObject","inLanguage":"en-US","@id":"https:\/\/anadolupet.com.tr\/urun\/pronature-yetiskin-kuru-kedi-mamasi-daily-protect-hamsili-ve-pirincli-15kg\/#primaryimage","url":"https:\/\/anadolupet.com.tr\/wp-content\/uploads\/2026\/02\/286-100009.jpg","contentUrl":"https:\/\/anadolupet.com.tr\/wp-content\/uploads\/2026\/02\/286-100009.jpg","width":750,"height":750},{"@type":"BreadcrumbList","@id":"https:\/\/anadolupet.com.tr\/urun\/pronature-yetiskin-kuru-kedi-mamasi-daily-protect-hamsili-ve-pirincli-15kg\/#breadcrumb","itemListElement":[{"@type":"ListItem","position":1,"name":"Anasayfa","item":"https:\/\/anadolupet.com.tr\/"},{"@type":"ListItem","position":2,"name":"\u00dcr\u00fcnler","item":"https:\/\/anadolupet.com.tr\/urunler\/"},{"@type":"ListItem","position":3,"name":"Pronature Yeti\u015fkin Kuru Kedi Mamas\u0131 (Daily Protect) Hamsili ve Pirin\u00e7li 1,5KG"}]},{"@type":"WebSite","@id":"https:\/\/anadolupet.com.tr\/#website","url":"https:\/\/anadolupet.com.tr\/","name":"Anadolu Pet Group","description":"We Stand Together for the Well-Being of Every Life","publisher":{"@id":"https:\/\/anadolupet.com.tr\/#organization"},"potentialAction":[{"@type":"SearchAction","target":{"@type":"EntryPoint","urlTemplate":"https:\/\/anadolupet.com.tr\/?s={search_term_string}"},"query-input":{"@type":"PropertyValueSpecification","valueRequired":true,"valueName":"search_term_string"}}],"inLanguage":"en-US"},{"@type":"Organization","@id":"https:\/\/anadolupet.com.tr\/#organization","name":"Anadolu Pet Group","alternateName":"Anadolu Pet","url":"https:\/\/anadolupet.com.tr\/","logo":{"@type":"ImageObject","inLanguage":"en-US","@id":"https:\/\/anadolupet.com.tr\/#\/schema\/logo\/image\/","url":"https:\/\/anadolupet.com.tr\/wp-content\/uploads\/2026\/03\/1614666743370.jpg","contentUrl":"https:\/\/anadolupet.com.tr\/wp-content\/uploads\/2026\/03\/1614666743370.jpg","width":800,"height":571,"caption":"Anadolu Pet Grup"},"image":{"@id":"https:\/\/anadolupet.com.tr\/#\/schema\/logo\/image\/"}}]}},"_links":{"self":[{"href":"https:\/\/anadolupet.com.tr\/en\/wp-json\/wp\/v2\/product\/45980","targetHints":{"allow":["GET"]}}],"collection":[{"href":"https:\/\/anadolupet.com.tr\/en\/wp-json\/wp\/v2\/product"}],"about":[{"href":"https:\/\/anadolupet.com.tr\/en\/wp-json\/wp\/v2\/types\/product"}],"replies":[{"embeddable":true,"href":"https:\/\/anadolupet.com.tr\/en\/wp-json\/wp\/v2\/comments?post=45980"}],"wp:featuredmedia":[{"embeddable":true,"href":"https:\/\/anadolupet.com.tr\/en\/wp-json\/wp\/v2\/media\/43633"}],"wp:attachment":[{"href":"https:\/\/anadolupet.com.tr\/en\/wp-json\/wp\/v2\/media?parent=45980"}],"wp:term":[{"taxonomy":"product_brand","embeddable":true,"href":"https:\/\/anadolupet.com.tr\/en\/wp-json\/wp\/v2\/product_brand?post=45980"},{"taxonomy":"product_cat","embeddable":true,"href":"https:\/\/anadolupet.com.tr\/en\/wp-json\/wp\/v2\/product_cat?post=45980"},{"taxonomy":"product_tag","embeddable":true,"href":"https:\/\/anadolupet.com.tr\/en\/wp-json\/wp\/v2\/product_tag?post=45980"}],"curies":[{"name":"wp","href":"https:\/\/api.w.org\/{rel}","templated":true}]}}