{"id":45989,"date":"2026-02-14T14:45:19","date_gmt":"2026-02-14T14:45:19","guid":{"rendered":"https:\/\/anadolupet.com.tr\/urun\/pronature-tahilsiz-yetiskin-kuru-kopek-mamasi-perfect-maintenance-kuzu-etli-patatesli-ve-enginarli-12kg\/"},"modified":"2026-02-23T12:51:38","modified_gmt":"2026-02-23T12:51:38","slug":"pronature-tahilsiz-yetiskin-kuru-kopek-mamasi-perfect-maintenance-kuzu-etli-patatesli-ve-enginarli-12kg","status":"publish","type":"product","link":"https:\/\/anadolupet.com.tr\/en\/urun\/pronature-tahilsiz-yetiskin-kuru-kopek-mamasi-perfect-maintenance-kuzu-etli-patatesli-ve-enginarli-12kg\/","title":{"rendered":"Pronature Tah\u0131ls\u0131z Yeti\u015fkin Kuru K\u00f6pek Mamas\u0131 (Perfect Maintenance) Kuzu Etli Patatesli ve Enginarl\u0131 12KG"},"content":{"rendered":"","protected":false},"excerpt":{"rendered":"<p>Tah\u0131l i\u00e7ermeyen Pronature Tah\u0131ls\u0131z Yeti\u015fkin Kuru K\u00f6pek Mamas\u0131 enginar, patates gibi besin kaynaklar\u0131n\u0131 i\u00e7ermektedir. Bile\u015fiminde bulunan zengin besin maddeleri, vitamin-mineral i\u00e7eri\u011fi ve kaliteli protein kayna\u011f\u0131 sayesinde eklem ve kemik sa\u011fl\u0131\u011f\u0131n\u0131 destekleyerek k\u00f6pe\u011finizin ya\u015fam kalitesini artt\u0131r\u0131r. Ayr\u0131ca enginar, karaci\u011fer sa\u011fl\u0131\u011f\u0131n\u0131 korumaya ve kan kolesterol seviyesini dengede tutmaya yard\u0131mc\u0131 olur. * Prebiyotik \u00f6zellik g\u00f6steren Frukto-oligasakkaritler (FOS) sayesinde ba\u011f\u0131rsak floras\u0131n\u0131n sa\u011fl\u0131\u011f\u0131n\u0131 d\u00fczenlemektedir. * Sahip oldu\u011fu kaliteli ham madde kaynaklar\u0131 ile besinlerin sindirim ve emilimini artt\u0131rmaya yard\u0131mc\u0131 olmaktad\u0131r. * \u0130\u00e7erdi\u011fi bitkisel ekstraktlar sayesinde serbest radikallere kar\u015f\u0131 antioksidan \u00f6zellik g\u00f6stererek dokular\u0131 ve h\u00fccreleri zararl\u0131 etkilerden korur. Ayr\u0131ca ya\u015flanma kar\u015f\u0131t\u0131 etkilere destek olmaktad\u0131r. * Bile\u015fimindeki Sodyum Tripolifosfat sayesinde a\u011f\u0131z ve di\u015f sa\u011fl\u0131\u011f\u0131n\u0131 desteklemektedir. \u0130\u00e7eri\u011fi:<br \/>\n\u0130\u015flenmi\u015f Hayvansal Protein (% 4 Kuzu eti, % 30 Patates, Bezelye, \u0130\u015flenmi\u015f Bal\u0131k Proteini, Tavuk Ya\u011f\u0131, Hidrolize Hayvansal Protein, \u015eeker Pancar\u0131, Kurutulmu\u015f Enginar (% 1), Frukto-Oligosakkaritler (FOS) % 0,5, Potasyum Klor\u00fcr, Sodyum Klor\u00fcr, Yucca Schidigera % 0,1, Prebiyotik Mannan Oligosakkaritler ve B-Glukan, meyveler ve baharatlar\u0131n i\u015flenmesi ile elde edilmi\u015f \u00fcr\u00fcnler % 0,05 [(Karanfil (Clove), Zerde\u00e7al (Curcuma sp.), Turun\u00e7gil (Citrus sp.), Biberiye (Rosmarinus sp.), \u00dcz\u00fcm \u00c7ekirde\u011fi Ekstrakt\u0131 (Vitis sp.), Blueberry (Vaccinum angustifolium), \u00dcz\u00fcm Ekstrakt\u0131 (Vitis vinifera)], Glukozamin 150 mg\/kg, Kondroitin 100 mg\/kg.<br \/>\n\u0130lave Katk\u0131lar:<br \/>\nBesleyici \u0130laveler: Vitamin A (3a672a) 25,000 IU\/kg, Vitamin D3 (3a671) 1,500 IU\/kg, Vitamin E (3a700) 240 mg\/kg, Demir(II) S\u00fclfat Monohidrat 274 mg\/kg (Demir (3b103) 90 mg\/kg), Bak\u0131r S\u00fclfat Pentahidrat 35,4 mg\/kg (Bak\u0131r (3b405) 9 mg\/kg), Mangan S\u00fclfat Monohidrat 30,8 mg\/kg (Mangan (3b503) 10 mg\/kg), \u00c7inko S\u00fclfat Monohidrat 274 mg (kg (\u00c7inko (3b605) 100 mg\/kg), Anhidre Kalsiyum \u0130yodat 2,8 mg\/kg (\u0130yot (3b203) 1,8mg\/kg), Sodyum Selenit 0,55 mg\/kg (Selenyum (3b802) 0,25 mg\/kg).<br \/>\nTeknolojik \u0130laveler: Antioksidanlar.<br \/>\nBesleme \u00d6nerileri:<br \/>\nMamaya, tabloda belirtilen miktarlarda ba\u015flaman\u0131z \u00f6nerilir. G\u00fcnl\u00fck miktar yol g\u00f6stericidir ve hayvan\u0131n aktivitesine, fizyolojik durumuna ve \u00e7evre s\u0131cakl\u0131\u011f\u0131na ba\u011fl\u0131 olarak de\u011fi\u015febilir. K\u00f6pe\u011finizin \u00f6n\u00fcnde mama ile birlikte her zaman taze ve temiz su bulundurunuz. Mamay\u0131, serin ve kuru yerde saklay\u0131n\u0131z.<\/p>\n","protected":false},"featured_media":43639,"comment_status":"open","ping_status":"closed","template":"","meta":{"_acf_changed":false},"product_brand":[],"product_cat":[2464],"product_tag":[],"class_list":{"0":"post-45989","1":"product","2":"type-product","3":"status-publish","4":"has-post-thumbnail","6":"product_cat-yetiskin-kopek-mamalari","8":"first","9":"instock","10":"shipping-taxable","11":"product-type-simple"},"acf":[],"yoast_head":"<!-- This site is optimized with the Yoast SEO plugin v27.5 - https:\/\/yoast.com\/product\/yoast-seo-wordpress\/ -->\n<title>Pronature Tah\u0131ls\u0131z Yeti\u015fkin Kuru K\u00f6pek Mamas\u0131 (Perfect Maintenance) Kuzu Etli Patatesli ve Enginarl\u0131 12KG - Anadolu Pet Grup<\/title>\n<meta name=\"robots\" content=\"index, follow, max-snippet:-1, max-image-preview:large, max-video-preview:-1\" \/>\n<link rel=\"canonical\" href=\"https:\/\/anadolupet.com.tr\/en\/product\/pronature-tahilsiz-yetiskin-kuru-kopek-mamasi-perfect-maintenance-kuzu-etli-patatesli-ve-enginarli-12kg\/\" \/>\n<meta property=\"og:locale\" content=\"en_US\" \/>\n<meta property=\"og:type\" content=\"article\" \/>\n<meta property=\"og:title\" content=\"Pronature Tah\u0131ls\u0131z Yeti\u015fkin Kuru K\u00f6pek Mamas\u0131 (Perfect Maintenance) Kuzu Etli Patatesli ve Enginarl\u0131 12KG - Anadolu Pet Grup\" \/>\n<meta property=\"og:description\" content=\"Tah\u0131l i\u00e7ermeyen Pronature Tah\u0131ls\u0131z Yeti\u015fkin Kuru K\u00f6pek Mamas\u0131 enginar, patates gibi besin kaynaklar\u0131n\u0131 i\u00e7ermektedir. Bile\u015fiminde bulunan zengin besin maddeleri, vitamin-mineral i\u00e7eri\u011fi ve kaliteli protein kayna\u011f\u0131 sayesinde eklem ve kemik sa\u011fl\u0131\u011f\u0131n\u0131 destekleyerek k\u00f6pe\u011finizin ya\u015fam kalitesini artt\u0131r\u0131r. Ayr\u0131ca enginar, karaci\u011fer sa\u011fl\u0131\u011f\u0131n\u0131 korumaya ve kan kolesterol seviyesini dengede tutmaya yard\u0131mc\u0131 olur. * Prebiyotik \u00f6zellik g\u00f6steren Frukto-oligasakkaritler (FOS) sayesinde ba\u011f\u0131rsak floras\u0131n\u0131n sa\u011fl\u0131\u011f\u0131n\u0131 d\u00fczenlemektedir. * Sahip oldu\u011fu kaliteli ham madde kaynaklar\u0131 ile besinlerin sindirim ve emilimini artt\u0131rmaya yard\u0131mc\u0131 olmaktad\u0131r. * \u0130\u00e7erdi\u011fi bitkisel ekstraktlar sayesinde serbest radikallere kar\u015f\u0131 antioksidan \u00f6zellik g\u00f6stererek dokular\u0131 ve h\u00fccreleri zararl\u0131 etkilerden korur. Ayr\u0131ca ya\u015flanma kar\u015f\u0131t\u0131 etkilere destek olmaktad\u0131r. * Bile\u015fimindeki Sodyum Tripolifosfat sayesinde a\u011f\u0131z ve di\u015f sa\u011fl\u0131\u011f\u0131n\u0131 desteklemektedir. \u0130\u00e7eri\u011fi: \u0130\u015flenmi\u015f Hayvansal Protein (% 4 Kuzu eti, % 30 Patates, Bezelye, \u0130\u015flenmi\u015f Bal\u0131k Proteini, Tavuk Ya\u011f\u0131, Hidrolize Hayvansal Protein, \u015eeker Pancar\u0131, Kurutulmu\u015f Enginar (% 1), Frukto-Oligosakkaritler (FOS) % 0,5, Potasyum Klor\u00fcr, Sodyum Klor\u00fcr, Yucca Schidigera % 0,1, Prebiyotik Mannan Oligosakkaritler ve B-Glukan, meyveler ve baharatlar\u0131n i\u015flenmesi ile elde edilmi\u015f \u00fcr\u00fcnler % 0,05 [(Karanfil (Clove), Zerde\u00e7al (Curcuma sp.), Turun\u00e7gil (Citrus sp.), Biberiye (Rosmarinus sp.), \u00dcz\u00fcm \u00c7ekirde\u011fi Ekstrakt\u0131 (Vitis sp.), Blueberry (Vaccinum angustifolium), \u00dcz\u00fcm Ekstrakt\u0131 (Vitis vinifera)], Glukozamin 150 mg\/kg, Kondroitin 100 mg\/kg. \u0130lave Katk\u0131lar: Besleyici \u0130laveler: Vitamin A (3a672a) 25,000 IU\/kg, Vitamin D3 (3a671) 1,500 IU\/kg, Vitamin E (3a700) 240 mg\/kg, Demir(II) S\u00fclfat Monohidrat 274 mg\/kg (Demir (3b103) 90 mg\/kg), Bak\u0131r S\u00fclfat Pentahidrat 35,4 mg\/kg (Bak\u0131r (3b405) 9 mg\/kg), Mangan S\u00fclfat Monohidrat 30,8 mg\/kg (Mangan (3b503) 10 mg\/kg), \u00c7inko S\u00fclfat Monohidrat 274 mg (kg (\u00c7inko (3b605) 100 mg\/kg), Anhidre Kalsiyum \u0130yodat 2,8 mg\/kg (\u0130yot (3b203) 1,8mg\/kg), Sodyum Selenit 0,55 mg\/kg (Selenyum (3b802) 0,25 mg\/kg). Teknolojik \u0130laveler: Antioksidanlar. Besleme \u00d6nerileri: Mamaya, tabloda belirtilen miktarlarda ba\u015flaman\u0131z \u00f6nerilir. G\u00fcnl\u00fck miktar yol g\u00f6stericidir ve hayvan\u0131n aktivitesine, fizyolojik durumuna ve \u00e7evre s\u0131cakl\u0131\u011f\u0131na ba\u011fl\u0131 olarak de\u011fi\u015febilir. K\u00f6pe\u011finizin \u00f6n\u00fcnde mama ile birlikte her zaman taze ve temiz su bulundurunuz. Mamay\u0131, serin ve kuru yerde saklay\u0131n\u0131z.\" \/>\n<meta property=\"og:url\" content=\"https:\/\/anadolupet.com.tr\/en\/product\/pronature-tahilsiz-yetiskin-kuru-kopek-mamasi-perfect-maintenance-kuzu-etli-patatesli-ve-enginarli-12kg\/\" \/>\n<meta property=\"og:site_name\" content=\"Anadolu Pet Grup\" \/>\n<meta property=\"article:modified_time\" content=\"2026-02-23T12:51:38+00:00\" \/>\n<meta property=\"og:image\" content=\"https:\/\/anadolupet.com.tr\/wp-content\/uploads\/2026\/02\/286-200004.jpg\" \/>\n\t<meta property=\"og:image:width\" content=\"750\" \/>\n\t<meta property=\"og:image:height\" content=\"750\" \/>\n\t<meta property=\"og:image:type\" content=\"image\/jpeg\" \/>\n<meta name=\"twitter:card\" content=\"summary_large_image\" \/>\n<script type=\"application\/ld+json\" class=\"yoast-schema-graph\">{\"@context\":\"https:\\\/\\\/schema.org\",\"@graph\":[{\"@type\":\"WebPage\",\"@id\":\"https:\\\/\\\/anadolupet.com.tr\\\/urun\\\/pronature-tahilsiz-yetiskin-kuru-kopek-mamasi-perfect-maintenance-kuzu-etli-patatesli-ve-enginarli-12kg\\\/\",\"url\":\"https:\\\/\\\/anadolupet.com.tr\\\/urun\\\/pronature-tahilsiz-yetiskin-kuru-kopek-mamasi-perfect-maintenance-kuzu-etli-patatesli-ve-enginarli-12kg\\\/\",\"name\":\"Pronature Tah\u0131ls\u0131z Yeti\u015fkin Kuru K\u00f6pek Mamas\u0131 (Perfect Maintenance) Kuzu Etli Patatesli ve Enginarl\u0131 12KG - Anadolu Pet Grup\",\"isPartOf\":{\"@id\":\"https:\\\/\\\/anadolupet.com.tr\\\/#website\"},\"primaryImageOfPage\":{\"@id\":\"https:\\\/\\\/anadolupet.com.tr\\\/urun\\\/pronature-tahilsiz-yetiskin-kuru-kopek-mamasi-perfect-maintenance-kuzu-etli-patatesli-ve-enginarli-12kg\\\/#primaryimage\"},\"image\":{\"@id\":\"https:\\\/\\\/anadolupet.com.tr\\\/urun\\\/pronature-tahilsiz-yetiskin-kuru-kopek-mamasi-perfect-maintenance-kuzu-etli-patatesli-ve-enginarli-12kg\\\/#primaryimage\"},\"thumbnailUrl\":\"https:\\\/\\\/anadolupet.com.tr\\\/wp-content\\\/uploads\\\/2026\\\/02\\\/286-200004.jpg\",\"datePublished\":\"2026-02-14T14:45:19+00:00\",\"dateModified\":\"2026-02-23T12:51:38+00:00\",\"breadcrumb\":{\"@id\":\"https:\\\/\\\/anadolupet.com.tr\\\/urun\\\/pronature-tahilsiz-yetiskin-kuru-kopek-mamasi-perfect-maintenance-kuzu-etli-patatesli-ve-enginarli-12kg\\\/#breadcrumb\"},\"inLanguage\":\"en-US\",\"potentialAction\":[{\"@type\":\"ReadAction\",\"target\":[\"https:\\\/\\\/anadolupet.com.tr\\\/urun\\\/pronature-tahilsiz-yetiskin-kuru-kopek-mamasi-perfect-maintenance-kuzu-etli-patatesli-ve-enginarli-12kg\\\/\"]}]},{\"@type\":\"ImageObject\",\"inLanguage\":\"en-US\",\"@id\":\"https:\\\/\\\/anadolupet.com.tr\\\/urun\\\/pronature-tahilsiz-yetiskin-kuru-kopek-mamasi-perfect-maintenance-kuzu-etli-patatesli-ve-enginarli-12kg\\\/#primaryimage\",\"url\":\"https:\\\/\\\/anadolupet.com.tr\\\/wp-content\\\/uploads\\\/2026\\\/02\\\/286-200004.jpg\",\"contentUrl\":\"https:\\\/\\\/anadolupet.com.tr\\\/wp-content\\\/uploads\\\/2026\\\/02\\\/286-200004.jpg\",\"width\":750,\"height\":750},{\"@type\":\"BreadcrumbList\",\"@id\":\"https:\\\/\\\/anadolupet.com.tr\\\/urun\\\/pronature-tahilsiz-yetiskin-kuru-kopek-mamasi-perfect-maintenance-kuzu-etli-patatesli-ve-enginarli-12kg\\\/#breadcrumb\",\"itemListElement\":[{\"@type\":\"ListItem\",\"position\":1,\"name\":\"Anasayfa\",\"item\":\"https:\\\/\\\/anadolupet.com.tr\\\/\"},{\"@type\":\"ListItem\",\"position\":2,\"name\":\"\u00dcr\u00fcnler\",\"item\":\"https:\\\/\\\/anadolupet.com.tr\\\/urunler\\\/\"},{\"@type\":\"ListItem\",\"position\":3,\"name\":\"Pronature Tah\u0131ls\u0131z Yeti\u015fkin Kuru K\u00f6pek Mamas\u0131 (Perfect Maintenance) Kuzu Etli Patatesli ve Enginarl\u0131 12KG\"}]},{\"@type\":\"WebSite\",\"@id\":\"https:\\\/\\\/anadolupet.com.tr\\\/#website\",\"url\":\"https:\\\/\\\/anadolupet.com.tr\\\/\",\"name\":\"Anadolu Pet Grup\",\"description\":\"Her Can\u0131n \u0130yi Ya\u015fam\u0131 \u0130\u00e7in Biraraday\u0131z\",\"publisher\":{\"@id\":\"https:\\\/\\\/anadolupet.com.tr\\\/#organization\"},\"potentialAction\":[{\"@type\":\"SearchAction\",\"target\":{\"@type\":\"EntryPoint\",\"urlTemplate\":\"https:\\\/\\\/anadolupet.com.tr\\\/?s={search_term_string}\"},\"query-input\":{\"@type\":\"PropertyValueSpecification\",\"valueRequired\":true,\"valueName\":\"search_term_string\"}}],\"inLanguage\":\"en-US\"},{\"@type\":\"Organization\",\"@id\":\"https:\\\/\\\/anadolupet.com.tr\\\/#organization\",\"name\":\"Anadolu Pet Grup\",\"alternateName\":\"Anadolu Pet\",\"url\":\"https:\\\/\\\/anadolupet.com.tr\\\/\",\"logo\":{\"@type\":\"ImageObject\",\"inLanguage\":\"en-US\",\"@id\":\"https:\\\/\\\/anadolupet.com.tr\\\/#\\\/schema\\\/logo\\\/image\\\/\",\"url\":\"https:\\\/\\\/anadolupet.com.tr\\\/wp-content\\\/uploads\\\/2026\\\/03\\\/1614666743370.jpg\",\"contentUrl\":\"https:\\\/\\\/anadolupet.com.tr\\\/wp-content\\\/uploads\\\/2026\\\/03\\\/1614666743370.jpg\",\"width\":800,\"height\":571,\"caption\":\"Anadolu Pet Grup\"},\"image\":{\"@id\":\"https:\\\/\\\/anadolupet.com.tr\\\/#\\\/schema\\\/logo\\\/image\\\/\"}}]}<\/script>\n<!-- \/ Yoast SEO plugin. -->","yoast_head_json":{"title":"Pronature Tah\u0131ls\u0131z Yeti\u015fkin Kuru K\u00f6pek Mamas\u0131 (Perfect Maintenance) Kuzu Etli Patatesli ve Enginarl\u0131 12KG - Anadolu Pet Grup","robots":{"index":"index","follow":"follow","max-snippet":"max-snippet:-1","max-image-preview":"max-image-preview:large","max-video-preview":"max-video-preview:-1"},"canonical":"https:\/\/anadolupet.com.tr\/en\/product\/pronature-tahilsiz-yetiskin-kuru-kopek-mamasi-perfect-maintenance-kuzu-etli-patatesli-ve-enginarli-12kg\/","og_locale":"en_US","og_type":"article","og_title":"Pronature Tah\u0131ls\u0131z Yeti\u015fkin Kuru K\u00f6pek Mamas\u0131 (Perfect Maintenance) Kuzu Etli Patatesli ve Enginarl\u0131 12KG - Anadolu Pet Grup","og_description":"Tah\u0131l i\u00e7ermeyen Pronature Tah\u0131ls\u0131z Yeti\u015fkin Kuru K\u00f6pek Mamas\u0131 enginar, patates gibi besin kaynaklar\u0131n\u0131 i\u00e7ermektedir. Bile\u015fiminde bulunan zengin besin maddeleri, vitamin-mineral i\u00e7eri\u011fi ve kaliteli protein kayna\u011f\u0131 sayesinde eklem ve kemik sa\u011fl\u0131\u011f\u0131n\u0131 destekleyerek k\u00f6pe\u011finizin ya\u015fam kalitesini artt\u0131r\u0131r. Ayr\u0131ca enginar, karaci\u011fer sa\u011fl\u0131\u011f\u0131n\u0131 korumaya ve kan kolesterol seviyesini dengede tutmaya yard\u0131mc\u0131 olur. * Prebiyotik \u00f6zellik g\u00f6steren Frukto-oligasakkaritler (FOS) sayesinde ba\u011f\u0131rsak floras\u0131n\u0131n sa\u011fl\u0131\u011f\u0131n\u0131 d\u00fczenlemektedir. * Sahip oldu\u011fu kaliteli ham madde kaynaklar\u0131 ile besinlerin sindirim ve emilimini artt\u0131rmaya yard\u0131mc\u0131 olmaktad\u0131r. * \u0130\u00e7erdi\u011fi bitkisel ekstraktlar sayesinde serbest radikallere kar\u015f\u0131 antioksidan \u00f6zellik g\u00f6stererek dokular\u0131 ve h\u00fccreleri zararl\u0131 etkilerden korur. Ayr\u0131ca ya\u015flanma kar\u015f\u0131t\u0131 etkilere destek olmaktad\u0131r. * Bile\u015fimindeki Sodyum Tripolifosfat sayesinde a\u011f\u0131z ve di\u015f sa\u011fl\u0131\u011f\u0131n\u0131 desteklemektedir. \u0130\u00e7eri\u011fi: \u0130\u015flenmi\u015f Hayvansal Protein (% 4 Kuzu eti, % 30 Patates, Bezelye, \u0130\u015flenmi\u015f Bal\u0131k Proteini, Tavuk Ya\u011f\u0131, Hidrolize Hayvansal Protein, \u015eeker Pancar\u0131, Kurutulmu\u015f Enginar (% 1), Frukto-Oligosakkaritler (FOS) % 0,5, Potasyum Klor\u00fcr, Sodyum Klor\u00fcr, Yucca Schidigera % 0,1, Prebiyotik Mannan Oligosakkaritler ve B-Glukan, meyveler ve baharatlar\u0131n i\u015flenmesi ile elde edilmi\u015f \u00fcr\u00fcnler % 0,05 [(Karanfil (Clove), Zerde\u00e7al (Curcuma sp.), Turun\u00e7gil (Citrus sp.), Biberiye (Rosmarinus sp.), \u00dcz\u00fcm \u00c7ekirde\u011fi Ekstrakt\u0131 (Vitis sp.), Blueberry (Vaccinum angustifolium), \u00dcz\u00fcm Ekstrakt\u0131 (Vitis vinifera)], Glukozamin 150 mg\/kg, Kondroitin 100 mg\/kg. \u0130lave Katk\u0131lar: Besleyici \u0130laveler: Vitamin A (3a672a) 25,000 IU\/kg, Vitamin D3 (3a671) 1,500 IU\/kg, Vitamin E (3a700) 240 mg\/kg, Demir(II) S\u00fclfat Monohidrat 274 mg\/kg (Demir (3b103) 90 mg\/kg), Bak\u0131r S\u00fclfat Pentahidrat 35,4 mg\/kg (Bak\u0131r (3b405) 9 mg\/kg), Mangan S\u00fclfat Monohidrat 30,8 mg\/kg (Mangan (3b503) 10 mg\/kg), \u00c7inko S\u00fclfat Monohidrat 274 mg (kg (\u00c7inko (3b605) 100 mg\/kg), Anhidre Kalsiyum \u0130yodat 2,8 mg\/kg (\u0130yot (3b203) 1,8mg\/kg), Sodyum Selenit 0,55 mg\/kg (Selenyum (3b802) 0,25 mg\/kg). Teknolojik \u0130laveler: Antioksidanlar. Besleme \u00d6nerileri: Mamaya, tabloda belirtilen miktarlarda ba\u015flaman\u0131z \u00f6nerilir. G\u00fcnl\u00fck miktar yol g\u00f6stericidir ve hayvan\u0131n aktivitesine, fizyolojik durumuna ve \u00e7evre s\u0131cakl\u0131\u011f\u0131na ba\u011fl\u0131 olarak de\u011fi\u015febilir. K\u00f6pe\u011finizin \u00f6n\u00fcnde mama ile birlikte her zaman taze ve temiz su bulundurunuz. Mamay\u0131, serin ve kuru yerde saklay\u0131n\u0131z.","og_url":"https:\/\/anadolupet.com.tr\/en\/product\/pronature-tahilsiz-yetiskin-kuru-kopek-mamasi-perfect-maintenance-kuzu-etli-patatesli-ve-enginarli-12kg\/","og_site_name":"Anadolu Pet Grup","article_modified_time":"2026-02-23T12:51:38+00:00","og_image":[{"width":750,"height":750,"url":"https:\/\/anadolupet.com.tr\/wp-content\/uploads\/2026\/02\/286-200004.jpg","type":"image\/jpeg"}],"twitter_card":"summary_large_image","schema":{"@context":"https:\/\/schema.org","@graph":[{"@type":"WebPage","@id":"https:\/\/anadolupet.com.tr\/urun\/pronature-tahilsiz-yetiskin-kuru-kopek-mamasi-perfect-maintenance-kuzu-etli-patatesli-ve-enginarli-12kg\/","url":"https:\/\/anadolupet.com.tr\/urun\/pronature-tahilsiz-yetiskin-kuru-kopek-mamasi-perfect-maintenance-kuzu-etli-patatesli-ve-enginarli-12kg\/","name":"Pronature Tah\u0131ls\u0131z Yeti\u015fkin Kuru K\u00f6pek Mamas\u0131 (Perfect Maintenance) Kuzu Etli Patatesli ve Enginarl\u0131 12KG - Anadolu Pet Grup","isPartOf":{"@id":"https:\/\/anadolupet.com.tr\/#website"},"primaryImageOfPage":{"@id":"https:\/\/anadolupet.com.tr\/urun\/pronature-tahilsiz-yetiskin-kuru-kopek-mamasi-perfect-maintenance-kuzu-etli-patatesli-ve-enginarli-12kg\/#primaryimage"},"image":{"@id":"https:\/\/anadolupet.com.tr\/urun\/pronature-tahilsiz-yetiskin-kuru-kopek-mamasi-perfect-maintenance-kuzu-etli-patatesli-ve-enginarli-12kg\/#primaryimage"},"thumbnailUrl":"https:\/\/anadolupet.com.tr\/wp-content\/uploads\/2026\/02\/286-200004.jpg","datePublished":"2026-02-14T14:45:19+00:00","dateModified":"2026-02-23T12:51:38+00:00","breadcrumb":{"@id":"https:\/\/anadolupet.com.tr\/urun\/pronature-tahilsiz-yetiskin-kuru-kopek-mamasi-perfect-maintenance-kuzu-etli-patatesli-ve-enginarli-12kg\/#breadcrumb"},"inLanguage":"en-US","potentialAction":[{"@type":"ReadAction","target":["https:\/\/anadolupet.com.tr\/urun\/pronature-tahilsiz-yetiskin-kuru-kopek-mamasi-perfect-maintenance-kuzu-etli-patatesli-ve-enginarli-12kg\/"]}]},{"@type":"ImageObject","inLanguage":"en-US","@id":"https:\/\/anadolupet.com.tr\/urun\/pronature-tahilsiz-yetiskin-kuru-kopek-mamasi-perfect-maintenance-kuzu-etli-patatesli-ve-enginarli-12kg\/#primaryimage","url":"https:\/\/anadolupet.com.tr\/wp-content\/uploads\/2026\/02\/286-200004.jpg","contentUrl":"https:\/\/anadolupet.com.tr\/wp-content\/uploads\/2026\/02\/286-200004.jpg","width":750,"height":750},{"@type":"BreadcrumbList","@id":"https:\/\/anadolupet.com.tr\/urun\/pronature-tahilsiz-yetiskin-kuru-kopek-mamasi-perfect-maintenance-kuzu-etli-patatesli-ve-enginarli-12kg\/#breadcrumb","itemListElement":[{"@type":"ListItem","position":1,"name":"Anasayfa","item":"https:\/\/anadolupet.com.tr\/"},{"@type":"ListItem","position":2,"name":"\u00dcr\u00fcnler","item":"https:\/\/anadolupet.com.tr\/urunler\/"},{"@type":"ListItem","position":3,"name":"Pronature Tah\u0131ls\u0131z Yeti\u015fkin Kuru K\u00f6pek Mamas\u0131 (Perfect Maintenance) Kuzu Etli Patatesli ve Enginarl\u0131 12KG"}]},{"@type":"WebSite","@id":"https:\/\/anadolupet.com.tr\/#website","url":"https:\/\/anadolupet.com.tr\/","name":"Anadolu Pet Group","description":"We Stand Together for the Well-Being of Every Life","publisher":{"@id":"https:\/\/anadolupet.com.tr\/#organization"},"potentialAction":[{"@type":"SearchAction","target":{"@type":"EntryPoint","urlTemplate":"https:\/\/anadolupet.com.tr\/?s={search_term_string}"},"query-input":{"@type":"PropertyValueSpecification","valueRequired":true,"valueName":"search_term_string"}}],"inLanguage":"en-US"},{"@type":"Organization","@id":"https:\/\/anadolupet.com.tr\/#organization","name":"Anadolu Pet Group","alternateName":"Anadolu Pet","url":"https:\/\/anadolupet.com.tr\/","logo":{"@type":"ImageObject","inLanguage":"en-US","@id":"https:\/\/anadolupet.com.tr\/#\/schema\/logo\/image\/","url":"https:\/\/anadolupet.com.tr\/wp-content\/uploads\/2026\/03\/1614666743370.jpg","contentUrl":"https:\/\/anadolupet.com.tr\/wp-content\/uploads\/2026\/03\/1614666743370.jpg","width":800,"height":571,"caption":"Anadolu Pet Grup"},"image":{"@id":"https:\/\/anadolupet.com.tr\/#\/schema\/logo\/image\/"}}]}},"_links":{"self":[{"href":"https:\/\/anadolupet.com.tr\/en\/wp-json\/wp\/v2\/product\/45989","targetHints":{"allow":["GET"]}}],"collection":[{"href":"https:\/\/anadolupet.com.tr\/en\/wp-json\/wp\/v2\/product"}],"about":[{"href":"https:\/\/anadolupet.com.tr\/en\/wp-json\/wp\/v2\/types\/product"}],"replies":[{"embeddable":true,"href":"https:\/\/anadolupet.com.tr\/en\/wp-json\/wp\/v2\/comments?post=45989"}],"wp:featuredmedia":[{"embeddable":true,"href":"https:\/\/anadolupet.com.tr\/en\/wp-json\/wp\/v2\/media\/43639"}],"wp:attachment":[{"href":"https:\/\/anadolupet.com.tr\/en\/wp-json\/wp\/v2\/media?parent=45989"}],"wp:term":[{"taxonomy":"product_brand","embeddable":true,"href":"https:\/\/anadolupet.com.tr\/en\/wp-json\/wp\/v2\/product_brand?post=45989"},{"taxonomy":"product_cat","embeddable":true,"href":"https:\/\/anadolupet.com.tr\/en\/wp-json\/wp\/v2\/product_cat?post=45989"},{"taxonomy":"product_tag","embeddable":true,"href":"https:\/\/anadolupet.com.tr\/en\/wp-json\/wp\/v2\/product_tag?post=45989"}],"curies":[{"name":"wp","href":"https:\/\/api.w.org\/{rel}","templated":true}]}}