{"id":45990,"date":"2026-02-14T14:45:20","date_gmt":"2026-02-14T14:45:20","guid":{"rendered":"https:\/\/anadolupet.com.tr\/urun\/pronature-yavru-yas-kopek-mamasi-puppy-kuzu-etli-400gr-2\/"},"modified":"2026-02-23T12:51:38","modified_gmt":"2026-02-23T12:51:38","slug":"pronature-yavru-yas-kopek-mamasi-puppy-kuzu-etli-400gr-2","status":"publish","type":"product","link":"https:\/\/anadolupet.com.tr\/en\/urun\/pronature-yavru-yas-kopek-mamasi-puppy-kuzu-etli-400gr-2\/","title":{"rendered":"Pronature Yavru Ya\u015f K\u00f6pek Mamas\u0131 (Puppy) Kuzu Etli 400GR"},"content":{"rendered":"","protected":false},"excerpt":{"rendered":"<p>Yavru K\u00f6pekler i\u00e7in Kuzu Etli P\u00fcre<br \/>\n\u0130\u00e7erik:<br \/>\nHayvansal \u00dcr\u00fcnler ( kuzu min %4 ), pirin\u00e7 (min %4 ), bitkisel \u00fcr\u00fcnler, mineraller. Analitik Bile\u015fenler:<br \/>\nProtein %8, Ya\u011f \u0130\u00e7eri\u011fi %6, Ham K\u00fcl %2, Ham Sel\u00fcloz %0.4, Nem %80 Besleyici \u0130laveler:<br \/>\nVitamin A 1000 IU\/kg, Vitamin D3 100 IU\/kg, Vitamin E 13 mg\/kg, Fosfor %0.23, Kalsiyum %35, \u00c7in Tar\u00e7\u0131n\u0131 1275 mg\/kg. Beslenme Rehberi:<br \/>\n\u00d6nerilen g\u00fcnl\u00fck miktar beslenme tablosunda belirtilmi\u015ftir. Tavsiye edilen miktarlar \u0131rk, ya\u015f ve mevsime g\u00f6re farkl\u0131l\u0131k g\u00f6sterebilir. L\u00fctfen oda s\u0131cakl\u0131\u011f\u0131nda servis ediniz. Son kullanma tarihi ve seri numaras\u0131 \u00fcr\u00fcn alt\u0131nda yazmaktad\u0131r.<\/p>","protected":false},"featured_media":43649,"comment_status":"open","ping_status":"closed","template":"","meta":{"_acf_changed":false},"product_brand":[],"product_cat":[2464],"product_tag":[],"class_list":{"0":"post-45990","1":"product","2":"type-product","3":"status-publish","4":"has-post-thumbnail","6":"product_cat-yetiskin-kopek-mamalari","8":"first","9":"instock","10":"shipping-taxable","11":"product-type-simple"},"acf":[],"yoast_head":"<!-- This site is optimized with the Yoast SEO plugin v27.4 - https:\/\/yoast.com\/product\/yoast-seo-wordpress\/ -->\n<title>Pronature Yavru Ya\u015f K\u00f6pek Mamas\u0131 (Puppy) Kuzu Etli 400GR - Anadolu Pet Grup<\/title>\n<meta name=\"robots\" content=\"index, follow, max-snippet:-1, max-image-preview:large, max-video-preview:-1\" \/>\n<link rel=\"canonical\" href=\"https:\/\/anadolupet.com.tr\/en\/product\/pronature-yavru-yas-kopek-mamasi-puppy-kuzu-etli-400gr-2\/\" \/>\n<meta property=\"og:locale\" content=\"en_US\" \/>\n<meta property=\"og:type\" content=\"article\" \/>\n<meta property=\"og:title\" content=\"Pronature Yavru Ya\u015f K\u00f6pek Mamas\u0131 (Puppy) Kuzu Etli 400GR - Anadolu Pet Grup\" \/>\n<meta property=\"og:description\" content=\"Yavru K\u00f6pekler i\u00e7in Kuzu Etli P\u00fcre \u0130\u00e7erik: Hayvansal \u00dcr\u00fcnler ( kuzu min %4 ), pirin\u00e7 (min %4 ), bitkisel \u00fcr\u00fcnler, mineraller. Analitik Bile\u015fenler: Protein %8, Ya\u011f \u0130\u00e7eri\u011fi %6, Ham K\u00fcl %2, Ham Sel\u00fcloz %0.4, Nem %80 Besleyici \u0130laveler: Vitamin A 1000 IU\/kg, Vitamin D3 100 IU\/kg, Vitamin E 13 mg\/kg, Fosfor %0.23, Kalsiyum %35, \u00c7in Tar\u00e7\u0131n\u0131 1275 mg\/kg. Beslenme Rehberi: \u00d6nerilen g\u00fcnl\u00fck miktar beslenme tablosunda belirtilmi\u015ftir. Tavsiye edilen miktarlar \u0131rk, ya\u015f ve mevsime g\u00f6re farkl\u0131l\u0131k g\u00f6sterebilir. L\u00fctfen oda s\u0131cakl\u0131\u011f\u0131nda servis ediniz. Son kullanma tarihi ve seri numaras\u0131 \u00fcr\u00fcn alt\u0131nda yazmaktad\u0131r.\" \/>\n<meta property=\"og:url\" content=\"https:\/\/anadolupet.com.tr\/en\/product\/pronature-yavru-yas-kopek-mamasi-puppy-kuzu-etli-400gr-2\/\" \/>\n<meta property=\"og:site_name\" content=\"Anadolu Pet Grup\" \/>\n<meta property=\"article:modified_time\" content=\"2026-02-23T12:51:38+00:00\" \/>\n<meta property=\"og:image\" content=\"https:\/\/anadolupet.com.tr\/wp-content\/uploads\/2026\/02\/286-700003.jpeg\" \/>\n\t<meta property=\"og:image:width\" content=\"1000\" \/>\n\t<meta property=\"og:image:height\" content=\"1012\" \/>\n\t<meta property=\"og:image:type\" content=\"image\/jpeg\" \/>\n<meta name=\"twitter:card\" content=\"summary_large_image\" \/>\n<script type=\"application\/ld+json\" class=\"yoast-schema-graph\">{\"@context\":\"https:\\\/\\\/schema.org\",\"@graph\":[{\"@type\":\"WebPage\",\"@id\":\"https:\\\/\\\/anadolupet.com.tr\\\/urun\\\/pronature-yavru-yas-kopek-mamasi-puppy-kuzu-etli-400gr-2\\\/\",\"url\":\"https:\\\/\\\/anadolupet.com.tr\\\/urun\\\/pronature-yavru-yas-kopek-mamasi-puppy-kuzu-etli-400gr-2\\\/\",\"name\":\"Pronature Yavru Ya\u015f K\u00f6pek Mamas\u0131 (Puppy) Kuzu Etli 400GR - Anadolu Pet Grup\",\"isPartOf\":{\"@id\":\"https:\\\/\\\/anadolupet.com.tr\\\/#website\"},\"primaryImageOfPage\":{\"@id\":\"https:\\\/\\\/anadolupet.com.tr\\\/urun\\\/pronature-yavru-yas-kopek-mamasi-puppy-kuzu-etli-400gr-2\\\/#primaryimage\"},\"image\":{\"@id\":\"https:\\\/\\\/anadolupet.com.tr\\\/urun\\\/pronature-yavru-yas-kopek-mamasi-puppy-kuzu-etli-400gr-2\\\/#primaryimage\"},\"thumbnailUrl\":\"https:\\\/\\\/anadolupet.com.tr\\\/wp-content\\\/uploads\\\/2026\\\/02\\\/286-700003.jpeg\",\"datePublished\":\"2026-02-14T14:45:20+00:00\",\"dateModified\":\"2026-02-23T12:51:38+00:00\",\"breadcrumb\":{\"@id\":\"https:\\\/\\\/anadolupet.com.tr\\\/urun\\\/pronature-yavru-yas-kopek-mamasi-puppy-kuzu-etli-400gr-2\\\/#breadcrumb\"},\"inLanguage\":\"en-US\",\"potentialAction\":[{\"@type\":\"ReadAction\",\"target\":[\"https:\\\/\\\/anadolupet.com.tr\\\/urun\\\/pronature-yavru-yas-kopek-mamasi-puppy-kuzu-etli-400gr-2\\\/\"]}]},{\"@type\":\"ImageObject\",\"inLanguage\":\"en-US\",\"@id\":\"https:\\\/\\\/anadolupet.com.tr\\\/urun\\\/pronature-yavru-yas-kopek-mamasi-puppy-kuzu-etli-400gr-2\\\/#primaryimage\",\"url\":\"https:\\\/\\\/anadolupet.com.tr\\\/wp-content\\\/uploads\\\/2026\\\/02\\\/286-700003.jpeg\",\"contentUrl\":\"https:\\\/\\\/anadolupet.com.tr\\\/wp-content\\\/uploads\\\/2026\\\/02\\\/286-700003.jpeg\",\"width\":1000,\"height\":1012},{\"@type\":\"BreadcrumbList\",\"@id\":\"https:\\\/\\\/anadolupet.com.tr\\\/urun\\\/pronature-yavru-yas-kopek-mamasi-puppy-kuzu-etli-400gr-2\\\/#breadcrumb\",\"itemListElement\":[{\"@type\":\"ListItem\",\"position\":1,\"name\":\"Anasayfa\",\"item\":\"https:\\\/\\\/anadolupet.com.tr\\\/\"},{\"@type\":\"ListItem\",\"position\":2,\"name\":\"\u00dcr\u00fcnler\",\"item\":\"https:\\\/\\\/anadolupet.com.tr\\\/urunler\\\/\"},{\"@type\":\"ListItem\",\"position\":3,\"name\":\"Pronature Yavru Ya\u015f K\u00f6pek Mamas\u0131 (Puppy) Kuzu Etli 400GR\"}]},{\"@type\":\"WebSite\",\"@id\":\"https:\\\/\\\/anadolupet.com.tr\\\/#website\",\"url\":\"https:\\\/\\\/anadolupet.com.tr\\\/\",\"name\":\"Anadolu Pet Grup\",\"description\":\"Her Can\u0131n \u0130yi Ya\u015fam\u0131 \u0130\u00e7in Biraraday\u0131z\",\"publisher\":{\"@id\":\"https:\\\/\\\/anadolupet.com.tr\\\/#organization\"},\"potentialAction\":[{\"@type\":\"SearchAction\",\"target\":{\"@type\":\"EntryPoint\",\"urlTemplate\":\"https:\\\/\\\/anadolupet.com.tr\\\/?s={search_term_string}\"},\"query-input\":{\"@type\":\"PropertyValueSpecification\",\"valueRequired\":true,\"valueName\":\"search_term_string\"}}],\"inLanguage\":\"en-US\"},{\"@type\":\"Organization\",\"@id\":\"https:\\\/\\\/anadolupet.com.tr\\\/#organization\",\"name\":\"Anadolu Pet Grup\",\"alternateName\":\"Anadolu Pet\",\"url\":\"https:\\\/\\\/anadolupet.com.tr\\\/\",\"logo\":{\"@type\":\"ImageObject\",\"inLanguage\":\"en-US\",\"@id\":\"https:\\\/\\\/anadolupet.com.tr\\\/#\\\/schema\\\/logo\\\/image\\\/\",\"url\":\"https:\\\/\\\/anadolupet.com.tr\\\/wp-content\\\/uploads\\\/2026\\\/03\\\/1614666743370.jpg\",\"contentUrl\":\"https:\\\/\\\/anadolupet.com.tr\\\/wp-content\\\/uploads\\\/2026\\\/03\\\/1614666743370.jpg\",\"width\":800,\"height\":571,\"caption\":\"Anadolu Pet Grup\"},\"image\":{\"@id\":\"https:\\\/\\\/anadolupet.com.tr\\\/#\\\/schema\\\/logo\\\/image\\\/\"}}]}<\/script>\n<!-- \/ Yoast SEO plugin. -->","yoast_head_json":{"title":"Pronature Yavru Ya\u015f K\u00f6pek Mamas\u0131 (Puppy) Kuzu Etli 400GR - Anadolu Pet Grup","robots":{"index":"index","follow":"follow","max-snippet":"max-snippet:-1","max-image-preview":"max-image-preview:large","max-video-preview":"max-video-preview:-1"},"canonical":"https:\/\/anadolupet.com.tr\/en\/product\/pronature-yavru-yas-kopek-mamasi-puppy-kuzu-etli-400gr-2\/","og_locale":"en_US","og_type":"article","og_title":"Pronature Yavru Ya\u015f K\u00f6pek Mamas\u0131 (Puppy) Kuzu Etli 400GR - Anadolu Pet Grup","og_description":"Yavru K\u00f6pekler i\u00e7in Kuzu Etli P\u00fcre \u0130\u00e7erik: Hayvansal \u00dcr\u00fcnler ( kuzu min %4 ), pirin\u00e7 (min %4 ), bitkisel \u00fcr\u00fcnler, mineraller. Analitik Bile\u015fenler: Protein %8, Ya\u011f \u0130\u00e7eri\u011fi %6, Ham K\u00fcl %2, Ham Sel\u00fcloz %0.4, Nem %80 Besleyici \u0130laveler: Vitamin A 1000 IU\/kg, Vitamin D3 100 IU\/kg, Vitamin E 13 mg\/kg, Fosfor %0.23, Kalsiyum %35, \u00c7in Tar\u00e7\u0131n\u0131 1275 mg\/kg. Beslenme Rehberi: \u00d6nerilen g\u00fcnl\u00fck miktar beslenme tablosunda belirtilmi\u015ftir. Tavsiye edilen miktarlar \u0131rk, ya\u015f ve mevsime g\u00f6re farkl\u0131l\u0131k g\u00f6sterebilir. L\u00fctfen oda s\u0131cakl\u0131\u011f\u0131nda servis ediniz. Son kullanma tarihi ve seri numaras\u0131 \u00fcr\u00fcn alt\u0131nda yazmaktad\u0131r.","og_url":"https:\/\/anadolupet.com.tr\/en\/product\/pronature-yavru-yas-kopek-mamasi-puppy-kuzu-etli-400gr-2\/","og_site_name":"Anadolu Pet Grup","article_modified_time":"2026-02-23T12:51:38+00:00","og_image":[{"width":1000,"height":1012,"url":"https:\/\/anadolupet.com.tr\/wp-content\/uploads\/2026\/02\/286-700003.jpeg","type":"image\/jpeg"}],"twitter_card":"summary_large_image","schema":{"@context":"https:\/\/schema.org","@graph":[{"@type":"WebPage","@id":"https:\/\/anadolupet.com.tr\/urun\/pronature-yavru-yas-kopek-mamasi-puppy-kuzu-etli-400gr-2\/","url":"https:\/\/anadolupet.com.tr\/urun\/pronature-yavru-yas-kopek-mamasi-puppy-kuzu-etli-400gr-2\/","name":"Pronature Yavru Ya\u015f K\u00f6pek Mamas\u0131 (Puppy) Kuzu Etli 400GR - Anadolu Pet Grup","isPartOf":{"@id":"https:\/\/anadolupet.com.tr\/#website"},"primaryImageOfPage":{"@id":"https:\/\/anadolupet.com.tr\/urun\/pronature-yavru-yas-kopek-mamasi-puppy-kuzu-etli-400gr-2\/#primaryimage"},"image":{"@id":"https:\/\/anadolupet.com.tr\/urun\/pronature-yavru-yas-kopek-mamasi-puppy-kuzu-etli-400gr-2\/#primaryimage"},"thumbnailUrl":"https:\/\/anadolupet.com.tr\/wp-content\/uploads\/2026\/02\/286-700003.jpeg","datePublished":"2026-02-14T14:45:20+00:00","dateModified":"2026-02-23T12:51:38+00:00","breadcrumb":{"@id":"https:\/\/anadolupet.com.tr\/urun\/pronature-yavru-yas-kopek-mamasi-puppy-kuzu-etli-400gr-2\/#breadcrumb"},"inLanguage":"en-US","potentialAction":[{"@type":"ReadAction","target":["https:\/\/anadolupet.com.tr\/urun\/pronature-yavru-yas-kopek-mamasi-puppy-kuzu-etli-400gr-2\/"]}]},{"@type":"ImageObject","inLanguage":"en-US","@id":"https:\/\/anadolupet.com.tr\/urun\/pronature-yavru-yas-kopek-mamasi-puppy-kuzu-etli-400gr-2\/#primaryimage","url":"https:\/\/anadolupet.com.tr\/wp-content\/uploads\/2026\/02\/286-700003.jpeg","contentUrl":"https:\/\/anadolupet.com.tr\/wp-content\/uploads\/2026\/02\/286-700003.jpeg","width":1000,"height":1012},{"@type":"BreadcrumbList","@id":"https:\/\/anadolupet.com.tr\/urun\/pronature-yavru-yas-kopek-mamasi-puppy-kuzu-etli-400gr-2\/#breadcrumb","itemListElement":[{"@type":"ListItem","position":1,"name":"Anasayfa","item":"https:\/\/anadolupet.com.tr\/"},{"@type":"ListItem","position":2,"name":"\u00dcr\u00fcnler","item":"https:\/\/anadolupet.com.tr\/urunler\/"},{"@type":"ListItem","position":3,"name":"Pronature Yavru Ya\u015f K\u00f6pek Mamas\u0131 (Puppy) Kuzu Etli 400GR"}]},{"@type":"WebSite","@id":"https:\/\/anadolupet.com.tr\/#website","url":"https:\/\/anadolupet.com.tr\/","name":"Anadolu Pet Group","description":"We Stand Together for the Well-Being of Every Life","publisher":{"@id":"https:\/\/anadolupet.com.tr\/#organization"},"potentialAction":[{"@type":"SearchAction","target":{"@type":"EntryPoint","urlTemplate":"https:\/\/anadolupet.com.tr\/?s={search_term_string}"},"query-input":{"@type":"PropertyValueSpecification","valueRequired":true,"valueName":"search_term_string"}}],"inLanguage":"en-US"},{"@type":"Organization","@id":"https:\/\/anadolupet.com.tr\/#organization","name":"Anadolu Pet Group","alternateName":"Anadolu Pet","url":"https:\/\/anadolupet.com.tr\/","logo":{"@type":"ImageObject","inLanguage":"en-US","@id":"https:\/\/anadolupet.com.tr\/#\/schema\/logo\/image\/","url":"https:\/\/anadolupet.com.tr\/wp-content\/uploads\/2026\/03\/1614666743370.jpg","contentUrl":"https:\/\/anadolupet.com.tr\/wp-content\/uploads\/2026\/03\/1614666743370.jpg","width":800,"height":571,"caption":"Anadolu Pet Grup"},"image":{"@id":"https:\/\/anadolupet.com.tr\/#\/schema\/logo\/image\/"}}]}},"_links":{"self":[{"href":"https:\/\/anadolupet.com.tr\/en\/wp-json\/wp\/v2\/product\/45990","targetHints":{"allow":["GET"]}}],"collection":[{"href":"https:\/\/anadolupet.com.tr\/en\/wp-json\/wp\/v2\/product"}],"about":[{"href":"https:\/\/anadolupet.com.tr\/en\/wp-json\/wp\/v2\/types\/product"}],"replies":[{"embeddable":true,"href":"https:\/\/anadolupet.com.tr\/en\/wp-json\/wp\/v2\/comments?post=45990"}],"wp:featuredmedia":[{"embeddable":true,"href":"https:\/\/anadolupet.com.tr\/en\/wp-json\/wp\/v2\/media\/43649"}],"wp:attachment":[{"href":"https:\/\/anadolupet.com.tr\/en\/wp-json\/wp\/v2\/media?parent=45990"}],"wp:term":[{"taxonomy":"product_brand","embeddable":true,"href":"https:\/\/anadolupet.com.tr\/en\/wp-json\/wp\/v2\/product_brand?post=45990"},{"taxonomy":"product_cat","embeddable":true,"href":"https:\/\/anadolupet.com.tr\/en\/wp-json\/wp\/v2\/product_cat?post=45990"},{"taxonomy":"product_tag","embeddable":true,"href":"https:\/\/anadolupet.com.tr\/en\/wp-json\/wp\/v2\/product_tag?post=45990"}],"curies":[{"name":"wp","href":"https:\/\/api.w.org\/{rel}","templated":true}]}}