{"id":45992,"date":"2026-02-14T14:45:21","date_gmt":"2026-02-14T14:45:21","guid":{"rendered":"https:\/\/anadolupet.com.tr\/urun\/schesir-after-dark-tavuk-et-suyunda-yetiskin-kedi-konservesi-12x80g-2\/"},"modified":"2026-02-23T12:51:38","modified_gmt":"2026-02-23T12:51:38","slug":"schesir-after-dark-tavuk-et-suyunda-yetiskin-kedi-konservesi-12x80g-2","status":"publish","type":"product","link":"https:\/\/anadolupet.com.tr\/en\/urun\/schesir-after-dark-tavuk-et-suyunda-yetiskin-kedi-konservesi-12x80g-2\/","title":{"rendered":"Schesir After Dark Tavuk Et Suyunda Yeti\u015fkin Kedi Konservesi 12x80g"},"content":{"rendered":"","protected":false},"excerpt":{"rendered":"<p>Et suyunda pi\u015fmi\u015f ger\u00e7ek tavuk filetolar\u0131yla haz\u0131rlanan, lezzetli ve besleyici y\u00fcrek, karaci\u011fer ve ta\u015fl\u0131k par\u00e7alar\u0131yla zenginle\u015ftirilmi\u015f y\u00fcksek proteinli i\u00e7erik.<br \/>\n1. kedinizin ihtiya\u00e7 duydu\u011fu t\u00fcm protein, vitamin ve mineralleri i\u00e7eren %100 tam ve dengeli tarifler<br \/>\n2. besin a\u00e7\u0131s\u0131ndan zengin ger\u00e7ek y\u00fcrek, karaci\u011fer ve ta\u015fl\u0131k par\u00e7alar\u0131yla<br \/>\n3. ger\u00e7ek tavuk ve organlardan gelen y\u00fcksek protein i\u00e7eri\u011fi 4. et suyunda lezzetli filetolar formunda<br \/>\n5. kedinizin ihtiya\u00e7 duydu\u011fu s\u0131v\u0131 al\u0131m\u0131n\u0131 desteklemek i\u00e7in bol miktarda s\u0131v\u0131 i\u00e7erir<br \/>\n6. tah\u0131ls\u0131z<br \/>\n7. minimum d\u00fczeyde i\u015flenmi\u015f, y\u00fcksek besin de\u011ferine sahip kaliteli i\u00e7erikler<br \/>\n\u0130\u00c7\u0130NDEK\u0130LER: tavuk %66 (ta\u015fl\u0131k %5, karaci\u011fer %5, y\u00fcrek %5), tavuk suyu %29, rafine ay\u00e7i\u00e7ek ya\u011f\u0131, tapiyoka ni\u015fastas\u0131, mineraller. ANAL\u0130T\u0130K B\u0130LE\u015eENLER: protein %12, ham ya\u011f %2, ham k\u00fcl %2, ham sel\u00fcloz %0,5. Nem %82. Ca %0,19, P %0,18.<br \/>\nKULLANIM TAL\u0130MATI: 4 kg = g\u00fcnde 3\u00bd konserve<br \/>\n6 kg = g\u00fcnde 4\u00bd konserve<br \/>\n8 kg = g\u00fcnde 5\u00bd konserve<br \/>\nSAKLAMA Y\u00d6NTEM\u0130: Oda s\u0131cakl\u0131\u011f\u0131nda servis edin. A\u00e7\u0131ld\u0131ktan sonra buzdolab\u0131nda saklay\u0131n ve 48 saat i\u00e7inde t\u00fcketin.<\/p>","protected":false},"featured_media":42932,"comment_status":"open","ping_status":"closed","template":"","meta":{"_acf_changed":false},"product_brand":[],"product_cat":[2422],"product_tag":[],"class_list":{"0":"post-45992","1":"product","2":"type-product","3":"status-publish","4":"has-post-thumbnail","6":"product_cat-after-dark","8":"first","9":"instock","10":"shipping-taxable","11":"product-type-simple"},"acf":[],"yoast_head":"<!-- This site is optimized with the Yoast SEO plugin v27.4 - https:\/\/yoast.com\/product\/yoast-seo-wordpress\/ -->\n<title>Schesir After Dark Tavuk Et Suyunda Yeti\u015fkin Kedi Konservesi 12x80g - Anadolu Pet Grup<\/title>\n<meta name=\"robots\" content=\"index, follow, max-snippet:-1, max-image-preview:large, max-video-preview:-1\" \/>\n<link rel=\"canonical\" href=\"https:\/\/anadolupet.com.tr\/en\/product\/schesir-after-dark-tavuk-et-suyunda-yetiskin-kedi-konservesi-12x80g-2\/\" \/>\n<meta property=\"og:locale\" content=\"en_US\" \/>\n<meta property=\"og:type\" content=\"article\" \/>\n<meta property=\"og:title\" content=\"Schesir After Dark Tavuk Et Suyunda Yeti\u015fkin Kedi Konservesi 12x80g - Anadolu Pet Grup\" \/>\n<meta property=\"og:description\" content=\"Et suyunda pi\u015fmi\u015f ger\u00e7ek tavuk filetolar\u0131yla haz\u0131rlanan, lezzetli ve besleyici y\u00fcrek, karaci\u011fer ve ta\u015fl\u0131k par\u00e7alar\u0131yla zenginle\u015ftirilmi\u015f y\u00fcksek proteinli i\u00e7erik. 1. kedinizin ihtiya\u00e7 duydu\u011fu t\u00fcm protein, vitamin ve mineralleri i\u00e7eren %100 tam ve dengeli tarifler 2. besin a\u00e7\u0131s\u0131ndan zengin ger\u00e7ek y\u00fcrek, karaci\u011fer ve ta\u015fl\u0131k par\u00e7alar\u0131yla 3. ger\u00e7ek tavuk ve organlardan gelen y\u00fcksek protein i\u00e7eri\u011fi 4. et suyunda lezzetli filetolar formunda 5. kedinizin ihtiya\u00e7 duydu\u011fu s\u0131v\u0131 al\u0131m\u0131n\u0131 desteklemek i\u00e7in bol miktarda s\u0131v\u0131 i\u00e7erir 6. tah\u0131ls\u0131z 7. minimum d\u00fczeyde i\u015flenmi\u015f, y\u00fcksek besin de\u011ferine sahip kaliteli i\u00e7erikler \u0130\u00c7\u0130NDEK\u0130LER: tavuk %66 (ta\u015fl\u0131k %5, karaci\u011fer %5, y\u00fcrek %5), tavuk suyu %29, rafine ay\u00e7i\u00e7ek ya\u011f\u0131, tapiyoka ni\u015fastas\u0131, mineraller. ANAL\u0130T\u0130K B\u0130LE\u015eENLER: protein %12, ham ya\u011f %2, ham k\u00fcl %2, ham sel\u00fcloz %0,5. Nem %82. Ca %0,19, P %0,18. KULLANIM TAL\u0130MATI: 4 kg = g\u00fcnde 3\u00bd konserve 6 kg = g\u00fcnde 4\u00bd konserve 8 kg = g\u00fcnde 5\u00bd konserve SAKLAMA Y\u00d6NTEM\u0130: Oda s\u0131cakl\u0131\u011f\u0131nda servis edin. A\u00e7\u0131ld\u0131ktan sonra buzdolab\u0131nda saklay\u0131n ve 48 saat i\u00e7inde t\u00fcketin.\" \/>\n<meta property=\"og:url\" content=\"https:\/\/anadolupet.com.tr\/en\/product\/schesir-after-dark-tavuk-et-suyunda-yetiskin-kedi-konservesi-12x80g-2\/\" \/>\n<meta property=\"og:site_name\" content=\"Anadolu Pet Grup\" \/>\n<meta property=\"article:modified_time\" content=\"2026-02-23T12:51:38+00:00\" \/>\n<meta property=\"og:image\" content=\"https:\/\/anadolupet.com.tr\/wp-content\/uploads\/2026\/02\/230-21112003_2.jpg\" \/>\n\t<meta property=\"og:image:width\" content=\"750\" \/>\n\t<meta property=\"og:image:height\" content=\"750\" \/>\n\t<meta property=\"og:image:type\" content=\"image\/jpeg\" \/>\n<meta name=\"twitter:card\" content=\"summary_large_image\" \/>\n<script type=\"application\/ld+json\" class=\"yoast-schema-graph\">{\"@context\":\"https:\\\/\\\/schema.org\",\"@graph\":[{\"@type\":\"WebPage\",\"@id\":\"https:\\\/\\\/anadolupet.com.tr\\\/urun\\\/schesir-after-dark-tavuk-et-suyunda-yetiskin-kedi-konservesi-12x80g-2\\\/\",\"url\":\"https:\\\/\\\/anadolupet.com.tr\\\/urun\\\/schesir-after-dark-tavuk-et-suyunda-yetiskin-kedi-konservesi-12x80g-2\\\/\",\"name\":\"Schesir After Dark Tavuk Et Suyunda Yeti\u015fkin Kedi Konservesi 12x80g - Anadolu Pet Grup\",\"isPartOf\":{\"@id\":\"https:\\\/\\\/anadolupet.com.tr\\\/#website\"},\"primaryImageOfPage\":{\"@id\":\"https:\\\/\\\/anadolupet.com.tr\\\/urun\\\/schesir-after-dark-tavuk-et-suyunda-yetiskin-kedi-konservesi-12x80g-2\\\/#primaryimage\"},\"image\":{\"@id\":\"https:\\\/\\\/anadolupet.com.tr\\\/urun\\\/schesir-after-dark-tavuk-et-suyunda-yetiskin-kedi-konservesi-12x80g-2\\\/#primaryimage\"},\"thumbnailUrl\":\"https:\\\/\\\/anadolupet.com.tr\\\/wp-content\\\/uploads\\\/2026\\\/02\\\/230-21112003_2.jpg\",\"datePublished\":\"2026-02-14T14:45:21+00:00\",\"dateModified\":\"2026-02-23T12:51:38+00:00\",\"breadcrumb\":{\"@id\":\"https:\\\/\\\/anadolupet.com.tr\\\/urun\\\/schesir-after-dark-tavuk-et-suyunda-yetiskin-kedi-konservesi-12x80g-2\\\/#breadcrumb\"},\"inLanguage\":\"en-US\",\"potentialAction\":[{\"@type\":\"ReadAction\",\"target\":[\"https:\\\/\\\/anadolupet.com.tr\\\/urun\\\/schesir-after-dark-tavuk-et-suyunda-yetiskin-kedi-konservesi-12x80g-2\\\/\"]}]},{\"@type\":\"ImageObject\",\"inLanguage\":\"en-US\",\"@id\":\"https:\\\/\\\/anadolupet.com.tr\\\/urun\\\/schesir-after-dark-tavuk-et-suyunda-yetiskin-kedi-konservesi-12x80g-2\\\/#primaryimage\",\"url\":\"https:\\\/\\\/anadolupet.com.tr\\\/wp-content\\\/uploads\\\/2026\\\/02\\\/230-21112003_2.jpg\",\"contentUrl\":\"https:\\\/\\\/anadolupet.com.tr\\\/wp-content\\\/uploads\\\/2026\\\/02\\\/230-21112003_2.jpg\",\"width\":750,\"height\":750},{\"@type\":\"BreadcrumbList\",\"@id\":\"https:\\\/\\\/anadolupet.com.tr\\\/urun\\\/schesir-after-dark-tavuk-et-suyunda-yetiskin-kedi-konservesi-12x80g-2\\\/#breadcrumb\",\"itemListElement\":[{\"@type\":\"ListItem\",\"position\":1,\"name\":\"Anasayfa\",\"item\":\"https:\\\/\\\/anadolupet.com.tr\\\/\"},{\"@type\":\"ListItem\",\"position\":2,\"name\":\"\u00dcr\u00fcnler\",\"item\":\"https:\\\/\\\/anadolupet.com.tr\\\/urunler\\\/\"},{\"@type\":\"ListItem\",\"position\":3,\"name\":\"Schesir After Dark Tavuk Et Suyunda Yeti\u015fkin Kedi Konservesi 12x80g\"}]},{\"@type\":\"WebSite\",\"@id\":\"https:\\\/\\\/anadolupet.com.tr\\\/#website\",\"url\":\"https:\\\/\\\/anadolupet.com.tr\\\/\",\"name\":\"Anadolu Pet Grup\",\"description\":\"Her Can\u0131n \u0130yi Ya\u015fam\u0131 \u0130\u00e7in Biraraday\u0131z\",\"publisher\":{\"@id\":\"https:\\\/\\\/anadolupet.com.tr\\\/#organization\"},\"potentialAction\":[{\"@type\":\"SearchAction\",\"target\":{\"@type\":\"EntryPoint\",\"urlTemplate\":\"https:\\\/\\\/anadolupet.com.tr\\\/?s={search_term_string}\"},\"query-input\":{\"@type\":\"PropertyValueSpecification\",\"valueRequired\":true,\"valueName\":\"search_term_string\"}}],\"inLanguage\":\"en-US\"},{\"@type\":\"Organization\",\"@id\":\"https:\\\/\\\/anadolupet.com.tr\\\/#organization\",\"name\":\"Anadolu Pet Grup\",\"alternateName\":\"Anadolu Pet\",\"url\":\"https:\\\/\\\/anadolupet.com.tr\\\/\",\"logo\":{\"@type\":\"ImageObject\",\"inLanguage\":\"en-US\",\"@id\":\"https:\\\/\\\/anadolupet.com.tr\\\/#\\\/schema\\\/logo\\\/image\\\/\",\"url\":\"https:\\\/\\\/anadolupet.com.tr\\\/wp-content\\\/uploads\\\/2026\\\/03\\\/1614666743370.jpg\",\"contentUrl\":\"https:\\\/\\\/anadolupet.com.tr\\\/wp-content\\\/uploads\\\/2026\\\/03\\\/1614666743370.jpg\",\"width\":800,\"height\":571,\"caption\":\"Anadolu Pet Grup\"},\"image\":{\"@id\":\"https:\\\/\\\/anadolupet.com.tr\\\/#\\\/schema\\\/logo\\\/image\\\/\"}}]}<\/script>\n<!-- \/ Yoast SEO plugin. -->","yoast_head_json":{"title":"Schesir After Dark Tavuk Et Suyunda Yeti\u015fkin Kedi Konservesi 12x80g - Anadolu Pet Grup","robots":{"index":"index","follow":"follow","max-snippet":"max-snippet:-1","max-image-preview":"max-image-preview:large","max-video-preview":"max-video-preview:-1"},"canonical":"https:\/\/anadolupet.com.tr\/en\/product\/schesir-after-dark-tavuk-et-suyunda-yetiskin-kedi-konservesi-12x80g-2\/","og_locale":"en_US","og_type":"article","og_title":"Schesir After Dark Tavuk Et Suyunda Yeti\u015fkin Kedi Konservesi 12x80g - Anadolu Pet Grup","og_description":"Et suyunda pi\u015fmi\u015f ger\u00e7ek tavuk filetolar\u0131yla haz\u0131rlanan, lezzetli ve besleyici y\u00fcrek, karaci\u011fer ve ta\u015fl\u0131k par\u00e7alar\u0131yla zenginle\u015ftirilmi\u015f y\u00fcksek proteinli i\u00e7erik. 1. kedinizin ihtiya\u00e7 duydu\u011fu t\u00fcm protein, vitamin ve mineralleri i\u00e7eren %100 tam ve dengeli tarifler 2. besin a\u00e7\u0131s\u0131ndan zengin ger\u00e7ek y\u00fcrek, karaci\u011fer ve ta\u015fl\u0131k par\u00e7alar\u0131yla 3. ger\u00e7ek tavuk ve organlardan gelen y\u00fcksek protein i\u00e7eri\u011fi 4. et suyunda lezzetli filetolar formunda 5. kedinizin ihtiya\u00e7 duydu\u011fu s\u0131v\u0131 al\u0131m\u0131n\u0131 desteklemek i\u00e7in bol miktarda s\u0131v\u0131 i\u00e7erir 6. tah\u0131ls\u0131z 7. minimum d\u00fczeyde i\u015flenmi\u015f, y\u00fcksek besin de\u011ferine sahip kaliteli i\u00e7erikler \u0130\u00c7\u0130NDEK\u0130LER: tavuk %66 (ta\u015fl\u0131k %5, karaci\u011fer %5, y\u00fcrek %5), tavuk suyu %29, rafine ay\u00e7i\u00e7ek ya\u011f\u0131, tapiyoka ni\u015fastas\u0131, mineraller. ANAL\u0130T\u0130K B\u0130LE\u015eENLER: protein %12, ham ya\u011f %2, ham k\u00fcl %2, ham sel\u00fcloz %0,5. Nem %82. Ca %0,19, P %0,18. KULLANIM TAL\u0130MATI: 4 kg = g\u00fcnde 3\u00bd konserve 6 kg = g\u00fcnde 4\u00bd konserve 8 kg = g\u00fcnde 5\u00bd konserve SAKLAMA Y\u00d6NTEM\u0130: Oda s\u0131cakl\u0131\u011f\u0131nda servis edin. A\u00e7\u0131ld\u0131ktan sonra buzdolab\u0131nda saklay\u0131n ve 48 saat i\u00e7inde t\u00fcketin.","og_url":"https:\/\/anadolupet.com.tr\/en\/product\/schesir-after-dark-tavuk-et-suyunda-yetiskin-kedi-konservesi-12x80g-2\/","og_site_name":"Anadolu Pet Grup","article_modified_time":"2026-02-23T12:51:38+00:00","og_image":[{"width":750,"height":750,"url":"https:\/\/anadolupet.com.tr\/wp-content\/uploads\/2026\/02\/230-21112003_2.jpg","type":"image\/jpeg"}],"twitter_card":"summary_large_image","schema":{"@context":"https:\/\/schema.org","@graph":[{"@type":"WebPage","@id":"https:\/\/anadolupet.com.tr\/urun\/schesir-after-dark-tavuk-et-suyunda-yetiskin-kedi-konservesi-12x80g-2\/","url":"https:\/\/anadolupet.com.tr\/urun\/schesir-after-dark-tavuk-et-suyunda-yetiskin-kedi-konservesi-12x80g-2\/","name":"Schesir After Dark Tavuk Et Suyunda Yeti\u015fkin Kedi Konservesi 12x80g - Anadolu Pet Grup","isPartOf":{"@id":"https:\/\/anadolupet.com.tr\/#website"},"primaryImageOfPage":{"@id":"https:\/\/anadolupet.com.tr\/urun\/schesir-after-dark-tavuk-et-suyunda-yetiskin-kedi-konservesi-12x80g-2\/#primaryimage"},"image":{"@id":"https:\/\/anadolupet.com.tr\/urun\/schesir-after-dark-tavuk-et-suyunda-yetiskin-kedi-konservesi-12x80g-2\/#primaryimage"},"thumbnailUrl":"https:\/\/anadolupet.com.tr\/wp-content\/uploads\/2026\/02\/230-21112003_2.jpg","datePublished":"2026-02-14T14:45:21+00:00","dateModified":"2026-02-23T12:51:38+00:00","breadcrumb":{"@id":"https:\/\/anadolupet.com.tr\/urun\/schesir-after-dark-tavuk-et-suyunda-yetiskin-kedi-konservesi-12x80g-2\/#breadcrumb"},"inLanguage":"en-US","potentialAction":[{"@type":"ReadAction","target":["https:\/\/anadolupet.com.tr\/urun\/schesir-after-dark-tavuk-et-suyunda-yetiskin-kedi-konservesi-12x80g-2\/"]}]},{"@type":"ImageObject","inLanguage":"en-US","@id":"https:\/\/anadolupet.com.tr\/urun\/schesir-after-dark-tavuk-et-suyunda-yetiskin-kedi-konservesi-12x80g-2\/#primaryimage","url":"https:\/\/anadolupet.com.tr\/wp-content\/uploads\/2026\/02\/230-21112003_2.jpg","contentUrl":"https:\/\/anadolupet.com.tr\/wp-content\/uploads\/2026\/02\/230-21112003_2.jpg","width":750,"height":750},{"@type":"BreadcrumbList","@id":"https:\/\/anadolupet.com.tr\/urun\/schesir-after-dark-tavuk-et-suyunda-yetiskin-kedi-konservesi-12x80g-2\/#breadcrumb","itemListElement":[{"@type":"ListItem","position":1,"name":"Anasayfa","item":"https:\/\/anadolupet.com.tr\/"},{"@type":"ListItem","position":2,"name":"\u00dcr\u00fcnler","item":"https:\/\/anadolupet.com.tr\/urunler\/"},{"@type":"ListItem","position":3,"name":"Schesir After Dark Tavuk Et Suyunda Yeti\u015fkin Kedi Konservesi 12x80g"}]},{"@type":"WebSite","@id":"https:\/\/anadolupet.com.tr\/#website","url":"https:\/\/anadolupet.com.tr\/","name":"Anadolu Pet Group","description":"We Stand Together for the Well-Being of Every Life","publisher":{"@id":"https:\/\/anadolupet.com.tr\/#organization"},"potentialAction":[{"@type":"SearchAction","target":{"@type":"EntryPoint","urlTemplate":"https:\/\/anadolupet.com.tr\/?s={search_term_string}"},"query-input":{"@type":"PropertyValueSpecification","valueRequired":true,"valueName":"search_term_string"}}],"inLanguage":"en-US"},{"@type":"Organization","@id":"https:\/\/anadolupet.com.tr\/#organization","name":"Anadolu Pet Group","alternateName":"Anadolu Pet","url":"https:\/\/anadolupet.com.tr\/","logo":{"@type":"ImageObject","inLanguage":"en-US","@id":"https:\/\/anadolupet.com.tr\/#\/schema\/logo\/image\/","url":"https:\/\/anadolupet.com.tr\/wp-content\/uploads\/2026\/03\/1614666743370.jpg","contentUrl":"https:\/\/anadolupet.com.tr\/wp-content\/uploads\/2026\/03\/1614666743370.jpg","width":800,"height":571,"caption":"Anadolu Pet Grup"},"image":{"@id":"https:\/\/anadolupet.com.tr\/#\/schema\/logo\/image\/"}}]}},"_links":{"self":[{"href":"https:\/\/anadolupet.com.tr\/en\/wp-json\/wp\/v2\/product\/45992","targetHints":{"allow":["GET"]}}],"collection":[{"href":"https:\/\/anadolupet.com.tr\/en\/wp-json\/wp\/v2\/product"}],"about":[{"href":"https:\/\/anadolupet.com.tr\/en\/wp-json\/wp\/v2\/types\/product"}],"replies":[{"embeddable":true,"href":"https:\/\/anadolupet.com.tr\/en\/wp-json\/wp\/v2\/comments?post=45992"}],"wp:featuredmedia":[{"embeddable":true,"href":"https:\/\/anadolupet.com.tr\/en\/wp-json\/wp\/v2\/media\/42932"}],"wp:attachment":[{"href":"https:\/\/anadolupet.com.tr\/en\/wp-json\/wp\/v2\/media?parent=45992"}],"wp:term":[{"taxonomy":"product_brand","embeddable":true,"href":"https:\/\/anadolupet.com.tr\/en\/wp-json\/wp\/v2\/product_brand?post=45992"},{"taxonomy":"product_cat","embeddable":true,"href":"https:\/\/anadolupet.com.tr\/en\/wp-json\/wp\/v2\/product_cat?post=45992"},{"taxonomy":"product_tag","embeddable":true,"href":"https:\/\/anadolupet.com.tr\/en\/wp-json\/wp\/v2\/product_tag?post=45992"}],"curies":[{"name":"wp","href":"https:\/\/api.w.org\/{rel}","templated":true}]}}