{"id":45997,"date":"2026-02-14T14:45:22","date_gmt":"2026-02-14T14:45:22","guid":{"rendered":"https:\/\/anadolupet.com.tr\/?post_type=product&#038;p=45997"},"modified":"2026-02-23T12:51:39","modified_gmt":"2026-02-23T12:51:39","slug":"schesir-after-dark-tavuk-ile-ordek-pate-konserve-80g","status":"publish","type":"product","link":"https:\/\/anadolupet.com.tr\/en\/urun\/schesir-after-dark-tavuk-ile-ordek-pate-konserve-80g\/","title":{"rendered":"Schesir After Dark Tavuk ile \u00d6rdek Pat\u00e9 Konserve 80g"},"content":{"rendered":"","protected":false},"excerpt":{"rendered":"<p>Ger\u00e7ek tavuk bazl\u0131, lezzetli ve besleyici kalp, karaci\u011fer ve ta\u015fl\u0131k par\u00e7alar\u0131 ve leziz \u00f6rdekle birlikte protein dolu bir ezme.<br \/>\n1. %100 tam ve dengeli tarif, kedilerin ihtiyac\u0131 olan t\u00fcm protein, vitamin ve mineralleri i\u00e7erir<br \/>\n2. Besin a\u00e7\u0131s\u0131ndan zengin ger\u00e7ek y\u00fcrek, ci\u011fer ve ta\u015fl\u0131k par\u00e7alar\u0131 ile<br \/>\n3. Ger\u00e7ek tavuk ve organ etlerinden ve \u00f6rdekten gelen proteinle dolu 4. Lezzetli ezme halinde<br \/>\n5. Kedilerin ihtiya\u00e7 duydu\u011fu hidrasyonu almas\u0131n\u0131 sa\u011flamak i\u00e7in s\u0131v\u0131larla dolu<br \/>\n6. Tah\u0131ls\u0131z<br \/>\n7. Minimum i\u015fleme tabi tutulmu\u015f, y\u00fcksek besin de\u011ferine sahip, y\u00fcksek kaliteli bile\u015fenler<br \/>\n\u0130\u00e7indekiler:<br \/>\ntavuk %55 (ta\u015fl\u0131k %5, karaci\u011fer %5, kalp %5), tavuk pi\u015firme suyu %33, \u00f6rdek %6, rafine ay\u00e7i\u00e7ek ya\u011f\u0131, tapyoka ni\u015fastas\u0131, yumurta tozu, mineraller.<br \/>\n\u0130lave Malzemeler (kg):<br \/>\ntaurin 500 mg, Fe (demir (II) s\u00fclfat monohidrat) 13.2 mg, Zn (\u00e7inko oksit) 22 mg, Mn (manganez (II) oksit) 4.5 mg, Cu (glisin hidrat bak\u0131r (II) \u015felat\u0131) 1.3 mg, I (potasyum iyod\u00fcr), 0.9 mg, D3 vitamini 390 I.U., kolin klor\u00fcr 610 mg, A vitamini 19500 I.U., E vitamini 30 mg, B1 vitamini 60 mg, B3 vitamini 30 mg, B7 vitamini 0.3 mg, B12 vitamini 0.12 mg, B5 vitamini 3 mg, B2 vitamini 4.8 mg, B6 vitamini 2.4 mg, B9 vitamini 1.2 mg.<br \/>\nAnalitik Bile\u015fenler:<br \/>\nprotein %11, ham ya\u011f %3, ham k\u00fcl %2, ham sel\u00fcloz %0,5. Nem oran\u0131 %82. Ca %0,21, P %0,19.<br \/>\nkcal\/birim:<br \/>\n70 kcal\/80 g<br \/>\nBesleme Talimat\u0131:<br \/>\n4 kg = g\u00fcnde 3\u00bd kutu<br \/>\n6 kg = g\u00fcnde 4\u00bd kutu<br \/>\n8 kg = g\u00fcnde 5\u00bd kutu<br \/>\nSaklama Talimatlar\u0131:<br \/>\nOda s\u0131cakl\u0131\u011f\u0131nda servis edin. Ambalaj\u0131 a\u00e7\u0131lm\u0131\u015f \u00fcr\u00fcn\u00fc buzdolab\u0131nda saklay\u0131n ve 48 saat i\u00e7inde kullan\u0131n.<br \/>\nKullan\u0131m Tavsiyesi:<br \/>\nBelirtilen miktarlar tek ba\u015f\u0131na tam \u0131slak maman\u0131n servis edilmesini ifade eder ve dostunuzun \u00f6zel ihtiya\u00e7lar\u0131na g\u00f6re de\u011fi\u015febilir. Miktarlar, dostunuzun g\u00fcnl\u00fck beslenme gereksinimlerini (kilo, ya\u015f ve ya\u015fam tarz\u0131na ba\u011fl\u0131 olarak) ve maman\u0131n \u00f6zelliklerini dikkate al\u0131r.<\/p>","protected":false},"featured_media":43057,"comment_status":"open","ping_status":"closed","template":"","meta":{"_acf_changed":false},"product_brand":[],"product_cat":[2422],"product_tag":[],"class_list":{"0":"post-45997","1":"product","2":"type-product","3":"status-publish","4":"has-post-thumbnail","6":"product_cat-after-dark","8":"first","9":"instock","10":"shipping-taxable","11":"product-type-simple"},"acf":[],"yoast_head":"<!-- This site is optimized with the Yoast SEO plugin v27.4 - https:\/\/yoast.com\/product\/yoast-seo-wordpress\/ -->\n<title>Schesir After Dark Tavuk ile \u00d6rdek Pat\u00e9 Konserve 80g - Anadolu Pet Grup<\/title>\n<meta name=\"robots\" content=\"index, follow, max-snippet:-1, max-image-preview:large, max-video-preview:-1\" \/>\n<link rel=\"canonical\" href=\"https:\/\/anadolupet.com.tr\/en\/product\/schesir-after-dark-tavuk-ile-ordek-pate-konserve-80g\/\" \/>\n<meta property=\"og:locale\" content=\"en_US\" \/>\n<meta property=\"og:type\" content=\"article\" \/>\n<meta property=\"og:title\" content=\"Schesir After Dark Tavuk ile \u00d6rdek Pat\u00e9 Konserve 80g - Anadolu Pet Grup\" \/>\n<meta property=\"og:description\" content=\"Ger\u00e7ek tavuk bazl\u0131, lezzetli ve besleyici kalp, karaci\u011fer ve ta\u015fl\u0131k par\u00e7alar\u0131 ve leziz \u00f6rdekle birlikte protein dolu bir ezme. 1. %100 tam ve dengeli tarif, kedilerin ihtiyac\u0131 olan t\u00fcm protein, vitamin ve mineralleri i\u00e7erir 2. Besin a\u00e7\u0131s\u0131ndan zengin ger\u00e7ek y\u00fcrek, ci\u011fer ve ta\u015fl\u0131k par\u00e7alar\u0131 ile 3. Ger\u00e7ek tavuk ve organ etlerinden ve \u00f6rdekten gelen proteinle dolu 4. Lezzetli ezme halinde 5. Kedilerin ihtiya\u00e7 duydu\u011fu hidrasyonu almas\u0131n\u0131 sa\u011flamak i\u00e7in s\u0131v\u0131larla dolu 6. Tah\u0131ls\u0131z 7. Minimum i\u015fleme tabi tutulmu\u015f, y\u00fcksek besin de\u011ferine sahip, y\u00fcksek kaliteli bile\u015fenler \u0130\u00e7indekiler: tavuk %55 (ta\u015fl\u0131k %5, karaci\u011fer %5, kalp %5), tavuk pi\u015firme suyu %33, \u00f6rdek %6, rafine ay\u00e7i\u00e7ek ya\u011f\u0131, tapyoka ni\u015fastas\u0131, yumurta tozu, mineraller. \u0130lave Malzemeler (kg): taurin 500 mg, Fe (demir (II) s\u00fclfat monohidrat) 13.2 mg, Zn (\u00e7inko oksit) 22 mg, Mn (manganez (II) oksit) 4.5 mg, Cu (glisin hidrat bak\u0131r (II) \u015felat\u0131) 1.3 mg, I (potasyum iyod\u00fcr), 0.9 mg, D3 vitamini 390 I.U., kolin klor\u00fcr 610 mg, A vitamini 19500 I.U., E vitamini 30 mg, B1 vitamini 60 mg, B3 vitamini 30 mg, B7 vitamini 0.3 mg, B12 vitamini 0.12 mg, B5 vitamini 3 mg, B2 vitamini 4.8 mg, B6 vitamini 2.4 mg, B9 vitamini 1.2 mg. Analitik Bile\u015fenler: protein %11, ham ya\u011f %3, ham k\u00fcl %2, ham sel\u00fcloz %0,5. Nem oran\u0131 %82. Ca %0,21, P %0,19. kcal\/birim: 70 kcal\/80 g Besleme Talimat\u0131: 4 kg = g\u00fcnde 3\u00bd kutu 6 kg = g\u00fcnde 4\u00bd kutu 8 kg = g\u00fcnde 5\u00bd kutu Saklama Talimatlar\u0131: Oda s\u0131cakl\u0131\u011f\u0131nda servis edin. Ambalaj\u0131 a\u00e7\u0131lm\u0131\u015f \u00fcr\u00fcn\u00fc buzdolab\u0131nda saklay\u0131n ve 48 saat i\u00e7inde kullan\u0131n. Kullan\u0131m Tavsiyesi: Belirtilen miktarlar tek ba\u015f\u0131na tam \u0131slak maman\u0131n servis edilmesini ifade eder ve dostunuzun \u00f6zel ihtiya\u00e7lar\u0131na g\u00f6re de\u011fi\u015febilir. Miktarlar, dostunuzun g\u00fcnl\u00fck beslenme gereksinimlerini (kilo, ya\u015f ve ya\u015fam tarz\u0131na ba\u011fl\u0131 olarak) ve maman\u0131n \u00f6zelliklerini dikkate al\u0131r.\" \/>\n<meta property=\"og:url\" content=\"https:\/\/anadolupet.com.tr\/en\/product\/schesir-after-dark-tavuk-ile-ordek-pate-konserve-80g\/\" \/>\n<meta property=\"og:site_name\" content=\"Anadolu Pet Grup\" \/>\n<meta property=\"article:modified_time\" content=\"2026-02-23T12:51:39+00:00\" \/>\n<meta property=\"og:image\" content=\"https:\/\/anadolupet.com.tr\/wp-content\/uploads\/2026\/02\/230-21142360_2.jpg\" \/>\n\t<meta property=\"og:image:width\" content=\"750\" \/>\n\t<meta property=\"og:image:height\" content=\"750\" \/>\n\t<meta property=\"og:image:type\" content=\"image\/jpeg\" \/>\n<meta name=\"twitter:card\" content=\"summary_large_image\" \/>\n<script type=\"application\/ld+json\" class=\"yoast-schema-graph\">{\"@context\":\"https:\\\/\\\/schema.org\",\"@graph\":[{\"@type\":\"WebPage\",\"@id\":\"https:\\\/\\\/anadolupet.com.tr\\\/urun\\\/schesir-after-dark-tavuk-ile-ordek-pate-konserve-80g\\\/\",\"url\":\"https:\\\/\\\/anadolupet.com.tr\\\/urun\\\/schesir-after-dark-tavuk-ile-ordek-pate-konserve-80g\\\/\",\"name\":\"Schesir After Dark Tavuk ile \u00d6rdek Pat\u00e9 Konserve 80g - Anadolu Pet Grup\",\"isPartOf\":{\"@id\":\"https:\\\/\\\/anadolupet.com.tr\\\/#website\"},\"primaryImageOfPage\":{\"@id\":\"https:\\\/\\\/anadolupet.com.tr\\\/urun\\\/schesir-after-dark-tavuk-ile-ordek-pate-konserve-80g\\\/#primaryimage\"},\"image\":{\"@id\":\"https:\\\/\\\/anadolupet.com.tr\\\/urun\\\/schesir-after-dark-tavuk-ile-ordek-pate-konserve-80g\\\/#primaryimage\"},\"thumbnailUrl\":\"https:\\\/\\\/anadolupet.com.tr\\\/wp-content\\\/uploads\\\/2026\\\/02\\\/230-21142360_2.jpg\",\"datePublished\":\"2026-02-14T14:45:22+00:00\",\"dateModified\":\"2026-02-23T12:51:39+00:00\",\"breadcrumb\":{\"@id\":\"https:\\\/\\\/anadolupet.com.tr\\\/urun\\\/schesir-after-dark-tavuk-ile-ordek-pate-konserve-80g\\\/#breadcrumb\"},\"inLanguage\":\"en-US\",\"potentialAction\":[{\"@type\":\"ReadAction\",\"target\":[\"https:\\\/\\\/anadolupet.com.tr\\\/urun\\\/schesir-after-dark-tavuk-ile-ordek-pate-konserve-80g\\\/\"]}]},{\"@type\":\"ImageObject\",\"inLanguage\":\"en-US\",\"@id\":\"https:\\\/\\\/anadolupet.com.tr\\\/urun\\\/schesir-after-dark-tavuk-ile-ordek-pate-konserve-80g\\\/#primaryimage\",\"url\":\"https:\\\/\\\/anadolupet.com.tr\\\/wp-content\\\/uploads\\\/2026\\\/02\\\/230-21142360_2.jpg\",\"contentUrl\":\"https:\\\/\\\/anadolupet.com.tr\\\/wp-content\\\/uploads\\\/2026\\\/02\\\/230-21142360_2.jpg\",\"width\":750,\"height\":750},{\"@type\":\"BreadcrumbList\",\"@id\":\"https:\\\/\\\/anadolupet.com.tr\\\/urun\\\/schesir-after-dark-tavuk-ile-ordek-pate-konserve-80g\\\/#breadcrumb\",\"itemListElement\":[{\"@type\":\"ListItem\",\"position\":1,\"name\":\"Anasayfa\",\"item\":\"https:\\\/\\\/anadolupet.com.tr\\\/\"},{\"@type\":\"ListItem\",\"position\":2,\"name\":\"\u00dcr\u00fcnler\",\"item\":\"https:\\\/\\\/anadolupet.com.tr\\\/urunler\\\/\"},{\"@type\":\"ListItem\",\"position\":3,\"name\":\"Schesir After Dark Tavuk ile \u00d6rdek Pat\u00e9 Konserve 80g\"}]},{\"@type\":\"WebSite\",\"@id\":\"https:\\\/\\\/anadolupet.com.tr\\\/#website\",\"url\":\"https:\\\/\\\/anadolupet.com.tr\\\/\",\"name\":\"Anadolu Pet Grup\",\"description\":\"Her Can\u0131n \u0130yi Ya\u015fam\u0131 \u0130\u00e7in Biraraday\u0131z\",\"publisher\":{\"@id\":\"https:\\\/\\\/anadolupet.com.tr\\\/#organization\"},\"potentialAction\":[{\"@type\":\"SearchAction\",\"target\":{\"@type\":\"EntryPoint\",\"urlTemplate\":\"https:\\\/\\\/anadolupet.com.tr\\\/?s={search_term_string}\"},\"query-input\":{\"@type\":\"PropertyValueSpecification\",\"valueRequired\":true,\"valueName\":\"search_term_string\"}}],\"inLanguage\":\"en-US\"},{\"@type\":\"Organization\",\"@id\":\"https:\\\/\\\/anadolupet.com.tr\\\/#organization\",\"name\":\"Anadolu Pet Grup\",\"alternateName\":\"Anadolu Pet\",\"url\":\"https:\\\/\\\/anadolupet.com.tr\\\/\",\"logo\":{\"@type\":\"ImageObject\",\"inLanguage\":\"en-US\",\"@id\":\"https:\\\/\\\/anadolupet.com.tr\\\/#\\\/schema\\\/logo\\\/image\\\/\",\"url\":\"https:\\\/\\\/anadolupet.com.tr\\\/wp-content\\\/uploads\\\/2026\\\/03\\\/1614666743370.jpg\",\"contentUrl\":\"https:\\\/\\\/anadolupet.com.tr\\\/wp-content\\\/uploads\\\/2026\\\/03\\\/1614666743370.jpg\",\"width\":800,\"height\":571,\"caption\":\"Anadolu Pet Grup\"},\"image\":{\"@id\":\"https:\\\/\\\/anadolupet.com.tr\\\/#\\\/schema\\\/logo\\\/image\\\/\"}}]}<\/script>\n<!-- \/ Yoast SEO plugin. -->","yoast_head_json":{"title":"Schesir After Dark Tavuk ile \u00d6rdek Pat\u00e9 Konserve 80g - Anadolu Pet Grup","robots":{"index":"index","follow":"follow","max-snippet":"max-snippet:-1","max-image-preview":"max-image-preview:large","max-video-preview":"max-video-preview:-1"},"canonical":"https:\/\/anadolupet.com.tr\/en\/product\/schesir-after-dark-tavuk-ile-ordek-pate-konserve-80g\/","og_locale":"en_US","og_type":"article","og_title":"Schesir After Dark Tavuk ile \u00d6rdek Pat\u00e9 Konserve 80g - Anadolu Pet Grup","og_description":"Ger\u00e7ek tavuk bazl\u0131, lezzetli ve besleyici kalp, karaci\u011fer ve ta\u015fl\u0131k par\u00e7alar\u0131 ve leziz \u00f6rdekle birlikte protein dolu bir ezme. 1. %100 tam ve dengeli tarif, kedilerin ihtiyac\u0131 olan t\u00fcm protein, vitamin ve mineralleri i\u00e7erir 2. Besin a\u00e7\u0131s\u0131ndan zengin ger\u00e7ek y\u00fcrek, ci\u011fer ve ta\u015fl\u0131k par\u00e7alar\u0131 ile 3. Ger\u00e7ek tavuk ve organ etlerinden ve \u00f6rdekten gelen proteinle dolu 4. Lezzetli ezme halinde 5. Kedilerin ihtiya\u00e7 duydu\u011fu hidrasyonu almas\u0131n\u0131 sa\u011flamak i\u00e7in s\u0131v\u0131larla dolu 6. Tah\u0131ls\u0131z 7. Minimum i\u015fleme tabi tutulmu\u015f, y\u00fcksek besin de\u011ferine sahip, y\u00fcksek kaliteli bile\u015fenler \u0130\u00e7indekiler: tavuk %55 (ta\u015fl\u0131k %5, karaci\u011fer %5, kalp %5), tavuk pi\u015firme suyu %33, \u00f6rdek %6, rafine ay\u00e7i\u00e7ek ya\u011f\u0131, tapyoka ni\u015fastas\u0131, yumurta tozu, mineraller. \u0130lave Malzemeler (kg): taurin 500 mg, Fe (demir (II) s\u00fclfat monohidrat) 13.2 mg, Zn (\u00e7inko oksit) 22 mg, Mn (manganez (II) oksit) 4.5 mg, Cu (glisin hidrat bak\u0131r (II) \u015felat\u0131) 1.3 mg, I (potasyum iyod\u00fcr), 0.9 mg, D3 vitamini 390 I.U., kolin klor\u00fcr 610 mg, A vitamini 19500 I.U., E vitamini 30 mg, B1 vitamini 60 mg, B3 vitamini 30 mg, B7 vitamini 0.3 mg, B12 vitamini 0.12 mg, B5 vitamini 3 mg, B2 vitamini 4.8 mg, B6 vitamini 2.4 mg, B9 vitamini 1.2 mg. Analitik Bile\u015fenler: protein %11, ham ya\u011f %3, ham k\u00fcl %2, ham sel\u00fcloz %0,5. Nem oran\u0131 %82. Ca %0,21, P %0,19. kcal\/birim: 70 kcal\/80 g Besleme Talimat\u0131: 4 kg = g\u00fcnde 3\u00bd kutu 6 kg = g\u00fcnde 4\u00bd kutu 8 kg = g\u00fcnde 5\u00bd kutu Saklama Talimatlar\u0131: Oda s\u0131cakl\u0131\u011f\u0131nda servis edin. Ambalaj\u0131 a\u00e7\u0131lm\u0131\u015f \u00fcr\u00fcn\u00fc buzdolab\u0131nda saklay\u0131n ve 48 saat i\u00e7inde kullan\u0131n. Kullan\u0131m Tavsiyesi: Belirtilen miktarlar tek ba\u015f\u0131na tam \u0131slak maman\u0131n servis edilmesini ifade eder ve dostunuzun \u00f6zel ihtiya\u00e7lar\u0131na g\u00f6re de\u011fi\u015febilir. Miktarlar, dostunuzun g\u00fcnl\u00fck beslenme gereksinimlerini (kilo, ya\u015f ve ya\u015fam tarz\u0131na ba\u011fl\u0131 olarak) ve maman\u0131n \u00f6zelliklerini dikkate al\u0131r.","og_url":"https:\/\/anadolupet.com.tr\/en\/product\/schesir-after-dark-tavuk-ile-ordek-pate-konserve-80g\/","og_site_name":"Anadolu Pet Grup","article_modified_time":"2026-02-23T12:51:39+00:00","og_image":[{"width":750,"height":750,"url":"https:\/\/anadolupet.com.tr\/wp-content\/uploads\/2026\/02\/230-21142360_2.jpg","type":"image\/jpeg"}],"twitter_card":"summary_large_image","schema":{"@context":"https:\/\/schema.org","@graph":[{"@type":"WebPage","@id":"https:\/\/anadolupet.com.tr\/urun\/schesir-after-dark-tavuk-ile-ordek-pate-konserve-80g\/","url":"https:\/\/anadolupet.com.tr\/urun\/schesir-after-dark-tavuk-ile-ordek-pate-konserve-80g\/","name":"Schesir After Dark Tavuk ile \u00d6rdek Pat\u00e9 Konserve 80g - Anadolu Pet Grup","isPartOf":{"@id":"https:\/\/anadolupet.com.tr\/#website"},"primaryImageOfPage":{"@id":"https:\/\/anadolupet.com.tr\/urun\/schesir-after-dark-tavuk-ile-ordek-pate-konserve-80g\/#primaryimage"},"image":{"@id":"https:\/\/anadolupet.com.tr\/urun\/schesir-after-dark-tavuk-ile-ordek-pate-konserve-80g\/#primaryimage"},"thumbnailUrl":"https:\/\/anadolupet.com.tr\/wp-content\/uploads\/2026\/02\/230-21142360_2.jpg","datePublished":"2026-02-14T14:45:22+00:00","dateModified":"2026-02-23T12:51:39+00:00","breadcrumb":{"@id":"https:\/\/anadolupet.com.tr\/urun\/schesir-after-dark-tavuk-ile-ordek-pate-konserve-80g\/#breadcrumb"},"inLanguage":"en-US","potentialAction":[{"@type":"ReadAction","target":["https:\/\/anadolupet.com.tr\/urun\/schesir-after-dark-tavuk-ile-ordek-pate-konserve-80g\/"]}]},{"@type":"ImageObject","inLanguage":"en-US","@id":"https:\/\/anadolupet.com.tr\/urun\/schesir-after-dark-tavuk-ile-ordek-pate-konserve-80g\/#primaryimage","url":"https:\/\/anadolupet.com.tr\/wp-content\/uploads\/2026\/02\/230-21142360_2.jpg","contentUrl":"https:\/\/anadolupet.com.tr\/wp-content\/uploads\/2026\/02\/230-21142360_2.jpg","width":750,"height":750},{"@type":"BreadcrumbList","@id":"https:\/\/anadolupet.com.tr\/urun\/schesir-after-dark-tavuk-ile-ordek-pate-konserve-80g\/#breadcrumb","itemListElement":[{"@type":"ListItem","position":1,"name":"Anasayfa","item":"https:\/\/anadolupet.com.tr\/"},{"@type":"ListItem","position":2,"name":"\u00dcr\u00fcnler","item":"https:\/\/anadolupet.com.tr\/urunler\/"},{"@type":"ListItem","position":3,"name":"Schesir After Dark Tavuk ile \u00d6rdek Pat\u00e9 Konserve 80g"}]},{"@type":"WebSite","@id":"https:\/\/anadolupet.com.tr\/#website","url":"https:\/\/anadolupet.com.tr\/","name":"Anadolu Pet Group","description":"We Stand Together for the Well-Being of Every Life","publisher":{"@id":"https:\/\/anadolupet.com.tr\/#organization"},"potentialAction":[{"@type":"SearchAction","target":{"@type":"EntryPoint","urlTemplate":"https:\/\/anadolupet.com.tr\/?s={search_term_string}"},"query-input":{"@type":"PropertyValueSpecification","valueRequired":true,"valueName":"search_term_string"}}],"inLanguage":"en-US"},{"@type":"Organization","@id":"https:\/\/anadolupet.com.tr\/#organization","name":"Anadolu Pet Group","alternateName":"Anadolu Pet","url":"https:\/\/anadolupet.com.tr\/","logo":{"@type":"ImageObject","inLanguage":"en-US","@id":"https:\/\/anadolupet.com.tr\/#\/schema\/logo\/image\/","url":"https:\/\/anadolupet.com.tr\/wp-content\/uploads\/2026\/03\/1614666743370.jpg","contentUrl":"https:\/\/anadolupet.com.tr\/wp-content\/uploads\/2026\/03\/1614666743370.jpg","width":800,"height":571,"caption":"Anadolu Pet Grup"},"image":{"@id":"https:\/\/anadolupet.com.tr\/#\/schema\/logo\/image\/"}}]}},"_links":{"self":[{"href":"https:\/\/anadolupet.com.tr\/en\/wp-json\/wp\/v2\/product\/45997","targetHints":{"allow":["GET"]}}],"collection":[{"href":"https:\/\/anadolupet.com.tr\/en\/wp-json\/wp\/v2\/product"}],"about":[{"href":"https:\/\/anadolupet.com.tr\/en\/wp-json\/wp\/v2\/types\/product"}],"replies":[{"embeddable":true,"href":"https:\/\/anadolupet.com.tr\/en\/wp-json\/wp\/v2\/comments?post=45997"}],"wp:featuredmedia":[{"embeddable":true,"href":"https:\/\/anadolupet.com.tr\/en\/wp-json\/wp\/v2\/media\/43057"}],"wp:attachment":[{"href":"https:\/\/anadolupet.com.tr\/en\/wp-json\/wp\/v2\/media?parent=45997"}],"wp:term":[{"taxonomy":"product_brand","embeddable":true,"href":"https:\/\/anadolupet.com.tr\/en\/wp-json\/wp\/v2\/product_brand?post=45997"},{"taxonomy":"product_cat","embeddable":true,"href":"https:\/\/anadolupet.com.tr\/en\/wp-json\/wp\/v2\/product_cat?post=45997"},{"taxonomy":"product_tag","embeddable":true,"href":"https:\/\/anadolupet.com.tr\/en\/wp-json\/wp\/v2\/product_tag?post=45997"}],"curies":[{"name":"wp","href":"https:\/\/api.w.org\/{rel}","templated":true}]}}