{"id":45999,"date":"2026-02-14T14:45:23","date_gmt":"2026-02-14T14:45:23","guid":{"rendered":"https:\/\/anadolupet.com.tr\/?post_type=product&#038;p=45999"},"modified":"2026-02-23T12:51:39","modified_gmt":"2026-02-23T12:51:39","slug":"schesir-after-dark-tavuk-ile-sigir-mus-yetiskin-kedi-pouch-12x80g","status":"publish","type":"product","link":"https:\/\/anadolupet.com.tr\/en\/urun\/schesir-after-dark-tavuk-ile-sigir-mus-yetiskin-kedi-pouch-12x80g\/","title":{"rendered":"Schesir After Dark Tavuk ile S\u0131\u011f\u0131r Mus Yeti\u015fkin Kedi Pouch 12x80g"},"content":{"rendered":"","protected":false},"excerpt":{"rendered":"<p>Ger\u00e7ek tavuk filetolar\u0131 ile lezzetli ve besleyici kalp, karaci\u011fer ve ta\u015fl\u0131k par\u00e7alar\u0131 ve i\u015ftah a\u00e7\u0131c\u0131 s\u0131\u011f\u0131r eti i\u00e7eren, yumu\u015fak ve kadifemsi bir mus haline getirilmi\u015f, protein a\u00e7\u0131s\u0131ndan zengin bir tarif.<br \/>\n1. Kedilerin ihtiyac\u0131 olan t\u00fcm protein, vitamin ve mineralleri i\u00e7eren %100 tam ve dengeli tarif<br \/>\n2. Besin a\u00e7\u0131s\u0131ndan zengin ger\u00e7ek y\u00fcrek, ci\u011fer ve ta\u015fl\u0131k par\u00e7alar\u0131 ile<br \/>\n3. Ger\u00e7ek tavuk ve organlar\u0131ndan art\u0131 s\u0131\u011f\u0131r etinden gelen protein a\u00e7\u0131s\u0131ndan zengin 4. Kadifemsi mus i\u00e7inde<br \/>\n5. Kedi i\u00e7in gerekli hidrasyonu sa\u011flamak i\u00e7in s\u0131v\u0131 bak\u0131m\u0131ndan zengin<br \/>\n6. Tah\u0131ls\u0131z<br \/>\n7. Besin de\u011feri y\u00fcksek, minimum d\u00fczeyde i\u015flenmi\u015f kaliteli bile\u015fenler<br \/>\n\u0130\u00e7indekiler:<br \/>\ntavuk %61 (ta\u015fl\u0131k %5, karaci\u011fer %5, kalp %5), tavuk pi\u015firme suyu %26, s\u0131\u011f\u0131r %6, rafine ay\u00e7i\u00e7ek ya\u011f\u0131, tapyoka ni\u015fastas\u0131, yumurta tozu, mineraller. \u0130lave Malzemeler:<br \/>\ntaurin 500 mg, Fe (demir (II) s\u00fclfat monohidrat) 13.2 mg, Zn (\u00e7inko oksit) 22 mg, Mn (manganez (II) oksit) 4.5 mg, Cu (glisin hidrat bak\u0131r (II) \u015felat\u0131) 1.3 mg, I (potasyum iyod\u00fcr) 0.9 mg, D3 vitamini 390 I.U., kolin klor\u00fcr 560 mg, E vitamini 30 mg, A vitamini 19500 I.U., B1 vitamini 60 mg, B3 vitamini 30 mg, B7 vitamini 0.3 mg, B12 vitamini 0.12 mg, B5 vitamini 3 mg, B2 vitamini 4.8 mg, B6 vitamini 2.4 mg, B9 vitamini 1.2 mg.<br \/>\nAnalitik Bile\u015fenler:<br \/>\nprotein %11, ham ya\u011f %5, ham k\u00fcl %2, ham sel\u00fcloz %0,5. Nem oran\u0131 %80. Ca %0,23, P %0,20.<br \/>\nkcal\/birim:<br \/>\n80 kcal\/80 g<br \/>\nBesleme Talimat\u0131:<br \/>\n4 kg: g\u00fcnde 3<br \/>\n6 kg: g\u00fcnde 4<br \/>\n8 kg: g\u00fcnde 5<br \/>\nSaklama Ko\u015fullar\u0131:<br \/>\nOda s\u0131cakl\u0131\u011f\u0131nda servis edin. A\u00e7\u0131ld\u0131ktan sonra buzdolab\u0131nda saklay\u0131n ve 48 saat i\u00e7inde kullan\u0131n.<br \/>\nKullanma Tavsiyesi:<br \/>\nBelirtilen miktarlar sadece tam ya\u015f mamayla beslenmeyi ifade eder ve dostunuzun \u00f6zel ihtiya\u00e7lar\u0131na g\u00f6re de\u011fi\u015febilir. Belirtilen miktarlar, dostunuzun g\u00fcnl\u00fck beslenme gereksinimlerini (kilo, ya\u015f ve ya\u015fam tarz\u0131na ba\u011fl\u0131 olarak) ve maman\u0131n \u00f6zelliklerini dikkate al\u0131r.<\/p>","protected":false},"featured_media":43114,"comment_status":"open","ping_status":"closed","template":"","meta":{"_acf_changed":false},"product_brand":[],"product_cat":[2422],"product_tag":[],"class_list":{"0":"post-45999","1":"product","2":"type-product","3":"status-publish","4":"has-post-thumbnail","6":"product_cat-after-dark","8":"first","9":"instock","10":"shipping-taxable","11":"product-type-simple"},"acf":[],"yoast_head":"<!-- This site is optimized with the Yoast SEO plugin v27.4 - https:\/\/yoast.com\/product\/yoast-seo-wordpress\/ -->\n<title>Schesir After Dark Tavuk ile S\u0131\u011f\u0131r Mus Yeti\u015fkin Kedi Pouch 12x80g - Anadolu Pet Grup<\/title>\n<meta name=\"robots\" content=\"index, follow, max-snippet:-1, max-image-preview:large, max-video-preview:-1\" \/>\n<link rel=\"canonical\" href=\"https:\/\/anadolupet.com.tr\/en\/product\/schesir-after-dark-tavuk-ile-sigir-mus-yetiskin-kedi-pouch-12x80g\/\" \/>\n<meta property=\"og:locale\" content=\"en_US\" \/>\n<meta property=\"og:type\" content=\"article\" \/>\n<meta property=\"og:title\" content=\"Schesir After Dark Tavuk ile S\u0131\u011f\u0131r Mus Yeti\u015fkin Kedi Pouch 12x80g - Anadolu Pet Grup\" \/>\n<meta property=\"og:description\" content=\"Ger\u00e7ek tavuk filetolar\u0131 ile lezzetli ve besleyici kalp, karaci\u011fer ve ta\u015fl\u0131k par\u00e7alar\u0131 ve i\u015ftah a\u00e7\u0131c\u0131 s\u0131\u011f\u0131r eti i\u00e7eren, yumu\u015fak ve kadifemsi bir mus haline getirilmi\u015f, protein a\u00e7\u0131s\u0131ndan zengin bir tarif. 1. Kedilerin ihtiyac\u0131 olan t\u00fcm protein, vitamin ve mineralleri i\u00e7eren %100 tam ve dengeli tarif 2. Besin a\u00e7\u0131s\u0131ndan zengin ger\u00e7ek y\u00fcrek, ci\u011fer ve ta\u015fl\u0131k par\u00e7alar\u0131 ile 3. Ger\u00e7ek tavuk ve organlar\u0131ndan art\u0131 s\u0131\u011f\u0131r etinden gelen protein a\u00e7\u0131s\u0131ndan zengin 4. Kadifemsi mus i\u00e7inde 5. Kedi i\u00e7in gerekli hidrasyonu sa\u011flamak i\u00e7in s\u0131v\u0131 bak\u0131m\u0131ndan zengin 6. Tah\u0131ls\u0131z 7. Besin de\u011feri y\u00fcksek, minimum d\u00fczeyde i\u015flenmi\u015f kaliteli bile\u015fenler \u0130\u00e7indekiler: tavuk %61 (ta\u015fl\u0131k %5, karaci\u011fer %5, kalp %5), tavuk pi\u015firme suyu %26, s\u0131\u011f\u0131r %6, rafine ay\u00e7i\u00e7ek ya\u011f\u0131, tapyoka ni\u015fastas\u0131, yumurta tozu, mineraller. \u0130lave Malzemeler: taurin 500 mg, Fe (demir (II) s\u00fclfat monohidrat) 13.2 mg, Zn (\u00e7inko oksit) 22 mg, Mn (manganez (II) oksit) 4.5 mg, Cu (glisin hidrat bak\u0131r (II) \u015felat\u0131) 1.3 mg, I (potasyum iyod\u00fcr) 0.9 mg, D3 vitamini 390 I.U., kolin klor\u00fcr 560 mg, E vitamini 30 mg, A vitamini 19500 I.U., B1 vitamini 60 mg, B3 vitamini 30 mg, B7 vitamini 0.3 mg, B12 vitamini 0.12 mg, B5 vitamini 3 mg, B2 vitamini 4.8 mg, B6 vitamini 2.4 mg, B9 vitamini 1.2 mg. Analitik Bile\u015fenler: protein %11, ham ya\u011f %5, ham k\u00fcl %2, ham sel\u00fcloz %0,5. Nem oran\u0131 %80. Ca %0,23, P %0,20. kcal\/birim: 80 kcal\/80 g Besleme Talimat\u0131: 4 kg: g\u00fcnde 3 6 kg: g\u00fcnde 4 8 kg: g\u00fcnde 5 Saklama Ko\u015fullar\u0131: Oda s\u0131cakl\u0131\u011f\u0131nda servis edin. A\u00e7\u0131ld\u0131ktan sonra buzdolab\u0131nda saklay\u0131n ve 48 saat i\u00e7inde kullan\u0131n. Kullanma Tavsiyesi: Belirtilen miktarlar sadece tam ya\u015f mamayla beslenmeyi ifade eder ve dostunuzun \u00f6zel ihtiya\u00e7lar\u0131na g\u00f6re de\u011fi\u015febilir. Belirtilen miktarlar, dostunuzun g\u00fcnl\u00fck beslenme gereksinimlerini (kilo, ya\u015f ve ya\u015fam tarz\u0131na ba\u011fl\u0131 olarak) ve maman\u0131n \u00f6zelliklerini dikkate al\u0131r.\" \/>\n<meta property=\"og:url\" content=\"https:\/\/anadolupet.com.tr\/en\/product\/schesir-after-dark-tavuk-ile-sigir-mus-yetiskin-kedi-pouch-12x80g\/\" \/>\n<meta property=\"og:site_name\" content=\"Anadolu Pet Grup\" \/>\n<meta property=\"article:modified_time\" content=\"2026-02-23T12:51:39+00:00\" \/>\n<meta property=\"og:image\" content=\"https:\/\/anadolupet.com.tr\/wp-content\/uploads\/2026\/02\/230-21232360.jpg\" \/>\n\t<meta property=\"og:image:width\" content=\"750\" \/>\n\t<meta property=\"og:image:height\" content=\"750\" \/>\n\t<meta property=\"og:image:type\" content=\"image\/jpeg\" \/>\n<meta name=\"twitter:card\" content=\"summary_large_image\" \/>\n<script type=\"application\/ld+json\" class=\"yoast-schema-graph\">{\"@context\":\"https:\\\/\\\/schema.org\",\"@graph\":[{\"@type\":\"WebPage\",\"@id\":\"https:\\\/\\\/anadolupet.com.tr\\\/urun\\\/schesir-after-dark-tavuk-ile-sigir-mus-yetiskin-kedi-pouch-12x80g\\\/\",\"url\":\"https:\\\/\\\/anadolupet.com.tr\\\/urun\\\/schesir-after-dark-tavuk-ile-sigir-mus-yetiskin-kedi-pouch-12x80g\\\/\",\"name\":\"Schesir After Dark Tavuk ile S\u0131\u011f\u0131r Mus Yeti\u015fkin Kedi Pouch 12x80g - Anadolu Pet Grup\",\"isPartOf\":{\"@id\":\"https:\\\/\\\/anadolupet.com.tr\\\/#website\"},\"primaryImageOfPage\":{\"@id\":\"https:\\\/\\\/anadolupet.com.tr\\\/urun\\\/schesir-after-dark-tavuk-ile-sigir-mus-yetiskin-kedi-pouch-12x80g\\\/#primaryimage\"},\"image\":{\"@id\":\"https:\\\/\\\/anadolupet.com.tr\\\/urun\\\/schesir-after-dark-tavuk-ile-sigir-mus-yetiskin-kedi-pouch-12x80g\\\/#primaryimage\"},\"thumbnailUrl\":\"https:\\\/\\\/anadolupet.com.tr\\\/wp-content\\\/uploads\\\/2026\\\/02\\\/230-21232360.jpg\",\"datePublished\":\"2026-02-14T14:45:23+00:00\",\"dateModified\":\"2026-02-23T12:51:39+00:00\",\"breadcrumb\":{\"@id\":\"https:\\\/\\\/anadolupet.com.tr\\\/urun\\\/schesir-after-dark-tavuk-ile-sigir-mus-yetiskin-kedi-pouch-12x80g\\\/#breadcrumb\"},\"inLanguage\":\"en-US\",\"potentialAction\":[{\"@type\":\"ReadAction\",\"target\":[\"https:\\\/\\\/anadolupet.com.tr\\\/urun\\\/schesir-after-dark-tavuk-ile-sigir-mus-yetiskin-kedi-pouch-12x80g\\\/\"]}]},{\"@type\":\"ImageObject\",\"inLanguage\":\"en-US\",\"@id\":\"https:\\\/\\\/anadolupet.com.tr\\\/urun\\\/schesir-after-dark-tavuk-ile-sigir-mus-yetiskin-kedi-pouch-12x80g\\\/#primaryimage\",\"url\":\"https:\\\/\\\/anadolupet.com.tr\\\/wp-content\\\/uploads\\\/2026\\\/02\\\/230-21232360.jpg\",\"contentUrl\":\"https:\\\/\\\/anadolupet.com.tr\\\/wp-content\\\/uploads\\\/2026\\\/02\\\/230-21232360.jpg\",\"width\":750,\"height\":750},{\"@type\":\"BreadcrumbList\",\"@id\":\"https:\\\/\\\/anadolupet.com.tr\\\/urun\\\/schesir-after-dark-tavuk-ile-sigir-mus-yetiskin-kedi-pouch-12x80g\\\/#breadcrumb\",\"itemListElement\":[{\"@type\":\"ListItem\",\"position\":1,\"name\":\"Anasayfa\",\"item\":\"https:\\\/\\\/anadolupet.com.tr\\\/\"},{\"@type\":\"ListItem\",\"position\":2,\"name\":\"\u00dcr\u00fcnler\",\"item\":\"https:\\\/\\\/anadolupet.com.tr\\\/urunler\\\/\"},{\"@type\":\"ListItem\",\"position\":3,\"name\":\"Schesir After Dark Tavuk ile S\u0131\u011f\u0131r Mus Yeti\u015fkin Kedi Pouch 12x80g\"}]},{\"@type\":\"WebSite\",\"@id\":\"https:\\\/\\\/anadolupet.com.tr\\\/#website\",\"url\":\"https:\\\/\\\/anadolupet.com.tr\\\/\",\"name\":\"Anadolu Pet Grup\",\"description\":\"Her Can\u0131n \u0130yi Ya\u015fam\u0131 \u0130\u00e7in Biraraday\u0131z\",\"publisher\":{\"@id\":\"https:\\\/\\\/anadolupet.com.tr\\\/#organization\"},\"potentialAction\":[{\"@type\":\"SearchAction\",\"target\":{\"@type\":\"EntryPoint\",\"urlTemplate\":\"https:\\\/\\\/anadolupet.com.tr\\\/?s={search_term_string}\"},\"query-input\":{\"@type\":\"PropertyValueSpecification\",\"valueRequired\":true,\"valueName\":\"search_term_string\"}}],\"inLanguage\":\"en-US\"},{\"@type\":\"Organization\",\"@id\":\"https:\\\/\\\/anadolupet.com.tr\\\/#organization\",\"name\":\"Anadolu Pet Grup\",\"alternateName\":\"Anadolu Pet\",\"url\":\"https:\\\/\\\/anadolupet.com.tr\\\/\",\"logo\":{\"@type\":\"ImageObject\",\"inLanguage\":\"en-US\",\"@id\":\"https:\\\/\\\/anadolupet.com.tr\\\/#\\\/schema\\\/logo\\\/image\\\/\",\"url\":\"https:\\\/\\\/anadolupet.com.tr\\\/wp-content\\\/uploads\\\/2026\\\/03\\\/1614666743370.jpg\",\"contentUrl\":\"https:\\\/\\\/anadolupet.com.tr\\\/wp-content\\\/uploads\\\/2026\\\/03\\\/1614666743370.jpg\",\"width\":800,\"height\":571,\"caption\":\"Anadolu Pet Grup\"},\"image\":{\"@id\":\"https:\\\/\\\/anadolupet.com.tr\\\/#\\\/schema\\\/logo\\\/image\\\/\"}}]}<\/script>\n<!-- \/ Yoast SEO plugin. -->","yoast_head_json":{"title":"Schesir After Dark Tavuk ile S\u0131\u011f\u0131r Mus Yeti\u015fkin Kedi Pouch 12x80g - Anadolu Pet Grup","robots":{"index":"index","follow":"follow","max-snippet":"max-snippet:-1","max-image-preview":"max-image-preview:large","max-video-preview":"max-video-preview:-1"},"canonical":"https:\/\/anadolupet.com.tr\/en\/product\/schesir-after-dark-tavuk-ile-sigir-mus-yetiskin-kedi-pouch-12x80g\/","og_locale":"en_US","og_type":"article","og_title":"Schesir After Dark Tavuk ile S\u0131\u011f\u0131r Mus Yeti\u015fkin Kedi Pouch 12x80g - Anadolu Pet Grup","og_description":"Ger\u00e7ek tavuk filetolar\u0131 ile lezzetli ve besleyici kalp, karaci\u011fer ve ta\u015fl\u0131k par\u00e7alar\u0131 ve i\u015ftah a\u00e7\u0131c\u0131 s\u0131\u011f\u0131r eti i\u00e7eren, yumu\u015fak ve kadifemsi bir mus haline getirilmi\u015f, protein a\u00e7\u0131s\u0131ndan zengin bir tarif. 1. Kedilerin ihtiyac\u0131 olan t\u00fcm protein, vitamin ve mineralleri i\u00e7eren %100 tam ve dengeli tarif 2. Besin a\u00e7\u0131s\u0131ndan zengin ger\u00e7ek y\u00fcrek, ci\u011fer ve ta\u015fl\u0131k par\u00e7alar\u0131 ile 3. Ger\u00e7ek tavuk ve organlar\u0131ndan art\u0131 s\u0131\u011f\u0131r etinden gelen protein a\u00e7\u0131s\u0131ndan zengin 4. Kadifemsi mus i\u00e7inde 5. Kedi i\u00e7in gerekli hidrasyonu sa\u011flamak i\u00e7in s\u0131v\u0131 bak\u0131m\u0131ndan zengin 6. Tah\u0131ls\u0131z 7. Besin de\u011feri y\u00fcksek, minimum d\u00fczeyde i\u015flenmi\u015f kaliteli bile\u015fenler \u0130\u00e7indekiler: tavuk %61 (ta\u015fl\u0131k %5, karaci\u011fer %5, kalp %5), tavuk pi\u015firme suyu %26, s\u0131\u011f\u0131r %6, rafine ay\u00e7i\u00e7ek ya\u011f\u0131, tapyoka ni\u015fastas\u0131, yumurta tozu, mineraller. \u0130lave Malzemeler: taurin 500 mg, Fe (demir (II) s\u00fclfat monohidrat) 13.2 mg, Zn (\u00e7inko oksit) 22 mg, Mn (manganez (II) oksit) 4.5 mg, Cu (glisin hidrat bak\u0131r (II) \u015felat\u0131) 1.3 mg, I (potasyum iyod\u00fcr) 0.9 mg, D3 vitamini 390 I.U., kolin klor\u00fcr 560 mg, E vitamini 30 mg, A vitamini 19500 I.U., B1 vitamini 60 mg, B3 vitamini 30 mg, B7 vitamini 0.3 mg, B12 vitamini 0.12 mg, B5 vitamini 3 mg, B2 vitamini 4.8 mg, B6 vitamini 2.4 mg, B9 vitamini 1.2 mg. Analitik Bile\u015fenler: protein %11, ham ya\u011f %5, ham k\u00fcl %2, ham sel\u00fcloz %0,5. Nem oran\u0131 %80. Ca %0,23, P %0,20. kcal\/birim: 80 kcal\/80 g Besleme Talimat\u0131: 4 kg: g\u00fcnde 3 6 kg: g\u00fcnde 4 8 kg: g\u00fcnde 5 Saklama Ko\u015fullar\u0131: Oda s\u0131cakl\u0131\u011f\u0131nda servis edin. A\u00e7\u0131ld\u0131ktan sonra buzdolab\u0131nda saklay\u0131n ve 48 saat i\u00e7inde kullan\u0131n. Kullanma Tavsiyesi: Belirtilen miktarlar sadece tam ya\u015f mamayla beslenmeyi ifade eder ve dostunuzun \u00f6zel ihtiya\u00e7lar\u0131na g\u00f6re de\u011fi\u015febilir. Belirtilen miktarlar, dostunuzun g\u00fcnl\u00fck beslenme gereksinimlerini (kilo, ya\u015f ve ya\u015fam tarz\u0131na ba\u011fl\u0131 olarak) ve maman\u0131n \u00f6zelliklerini dikkate al\u0131r.","og_url":"https:\/\/anadolupet.com.tr\/en\/product\/schesir-after-dark-tavuk-ile-sigir-mus-yetiskin-kedi-pouch-12x80g\/","og_site_name":"Anadolu Pet Grup","article_modified_time":"2026-02-23T12:51:39+00:00","og_image":[{"width":750,"height":750,"url":"https:\/\/anadolupet.com.tr\/wp-content\/uploads\/2026\/02\/230-21232360.jpg","type":"image\/jpeg"}],"twitter_card":"summary_large_image","schema":{"@context":"https:\/\/schema.org","@graph":[{"@type":"WebPage","@id":"https:\/\/anadolupet.com.tr\/urun\/schesir-after-dark-tavuk-ile-sigir-mus-yetiskin-kedi-pouch-12x80g\/","url":"https:\/\/anadolupet.com.tr\/urun\/schesir-after-dark-tavuk-ile-sigir-mus-yetiskin-kedi-pouch-12x80g\/","name":"Schesir After Dark Tavuk ile S\u0131\u011f\u0131r Mus Yeti\u015fkin Kedi Pouch 12x80g - Anadolu Pet Grup","isPartOf":{"@id":"https:\/\/anadolupet.com.tr\/#website"},"primaryImageOfPage":{"@id":"https:\/\/anadolupet.com.tr\/urun\/schesir-after-dark-tavuk-ile-sigir-mus-yetiskin-kedi-pouch-12x80g\/#primaryimage"},"image":{"@id":"https:\/\/anadolupet.com.tr\/urun\/schesir-after-dark-tavuk-ile-sigir-mus-yetiskin-kedi-pouch-12x80g\/#primaryimage"},"thumbnailUrl":"https:\/\/anadolupet.com.tr\/wp-content\/uploads\/2026\/02\/230-21232360.jpg","datePublished":"2026-02-14T14:45:23+00:00","dateModified":"2026-02-23T12:51:39+00:00","breadcrumb":{"@id":"https:\/\/anadolupet.com.tr\/urun\/schesir-after-dark-tavuk-ile-sigir-mus-yetiskin-kedi-pouch-12x80g\/#breadcrumb"},"inLanguage":"en-US","potentialAction":[{"@type":"ReadAction","target":["https:\/\/anadolupet.com.tr\/urun\/schesir-after-dark-tavuk-ile-sigir-mus-yetiskin-kedi-pouch-12x80g\/"]}]},{"@type":"ImageObject","inLanguage":"en-US","@id":"https:\/\/anadolupet.com.tr\/urun\/schesir-after-dark-tavuk-ile-sigir-mus-yetiskin-kedi-pouch-12x80g\/#primaryimage","url":"https:\/\/anadolupet.com.tr\/wp-content\/uploads\/2026\/02\/230-21232360.jpg","contentUrl":"https:\/\/anadolupet.com.tr\/wp-content\/uploads\/2026\/02\/230-21232360.jpg","width":750,"height":750},{"@type":"BreadcrumbList","@id":"https:\/\/anadolupet.com.tr\/urun\/schesir-after-dark-tavuk-ile-sigir-mus-yetiskin-kedi-pouch-12x80g\/#breadcrumb","itemListElement":[{"@type":"ListItem","position":1,"name":"Anasayfa","item":"https:\/\/anadolupet.com.tr\/"},{"@type":"ListItem","position":2,"name":"\u00dcr\u00fcnler","item":"https:\/\/anadolupet.com.tr\/urunler\/"},{"@type":"ListItem","position":3,"name":"Schesir After Dark Tavuk ile S\u0131\u011f\u0131r Mus Yeti\u015fkin Kedi Pouch 12x80g"}]},{"@type":"WebSite","@id":"https:\/\/anadolupet.com.tr\/#website","url":"https:\/\/anadolupet.com.tr\/","name":"Anadolu Pet Group","description":"We Stand Together for the Well-Being of Every Life","publisher":{"@id":"https:\/\/anadolupet.com.tr\/#organization"},"potentialAction":[{"@type":"SearchAction","target":{"@type":"EntryPoint","urlTemplate":"https:\/\/anadolupet.com.tr\/?s={search_term_string}"},"query-input":{"@type":"PropertyValueSpecification","valueRequired":true,"valueName":"search_term_string"}}],"inLanguage":"en-US"},{"@type":"Organization","@id":"https:\/\/anadolupet.com.tr\/#organization","name":"Anadolu Pet Group","alternateName":"Anadolu Pet","url":"https:\/\/anadolupet.com.tr\/","logo":{"@type":"ImageObject","inLanguage":"en-US","@id":"https:\/\/anadolupet.com.tr\/#\/schema\/logo\/image\/","url":"https:\/\/anadolupet.com.tr\/wp-content\/uploads\/2026\/03\/1614666743370.jpg","contentUrl":"https:\/\/anadolupet.com.tr\/wp-content\/uploads\/2026\/03\/1614666743370.jpg","width":800,"height":571,"caption":"Anadolu Pet Grup"},"image":{"@id":"https:\/\/anadolupet.com.tr\/#\/schema\/logo\/image\/"}}]}},"_links":{"self":[{"href":"https:\/\/anadolupet.com.tr\/en\/wp-json\/wp\/v2\/product\/45999","targetHints":{"allow":["GET"]}}],"collection":[{"href":"https:\/\/anadolupet.com.tr\/en\/wp-json\/wp\/v2\/product"}],"about":[{"href":"https:\/\/anadolupet.com.tr\/en\/wp-json\/wp\/v2\/types\/product"}],"replies":[{"embeddable":true,"href":"https:\/\/anadolupet.com.tr\/en\/wp-json\/wp\/v2\/comments?post=45999"}],"wp:featuredmedia":[{"embeddable":true,"href":"https:\/\/anadolupet.com.tr\/en\/wp-json\/wp\/v2\/media\/43114"}],"wp:attachment":[{"href":"https:\/\/anadolupet.com.tr\/en\/wp-json\/wp\/v2\/media?parent=45999"}],"wp:term":[{"taxonomy":"product_brand","embeddable":true,"href":"https:\/\/anadolupet.com.tr\/en\/wp-json\/wp\/v2\/product_brand?post=45999"},{"taxonomy":"product_cat","embeddable":true,"href":"https:\/\/anadolupet.com.tr\/en\/wp-json\/wp\/v2\/product_cat?post=45999"},{"taxonomy":"product_tag","embeddable":true,"href":"https:\/\/anadolupet.com.tr\/en\/wp-json\/wp\/v2\/product_tag?post=45999"}],"curies":[{"name":"wp","href":"https:\/\/api.w.org\/{rel}","templated":true}]}}