{"id":46007,"date":"2026-02-14T14:45:23","date_gmt":"2026-02-14T14:45:23","guid":{"rendered":"https:\/\/anadolupet.com.tr\/?post_type=product&#038;p=46007"},"modified":"2026-02-23T12:51:39","modified_gmt":"2026-02-23T12:51:39","slug":"schesir-baby-tavuk-ile-tavuk-karacigeri-mus-pouch-70g","status":"publish","type":"product","link":"https:\/\/anadolupet.com.tr\/en\/urun\/schesir-baby-tavuk-ile-tavuk-karacigeri-mus-pouch-70g\/","title":{"rendered":"Schesir Baby Tavuk ile Tavuk Karaci\u011feri Mus Pouch 70g"},"content":{"rendered":"","protected":false},"excerpt":{"rendered":"<p>Yavru kedinin b\u00fcy\u00fcmesini desteklemek i\u00e7in protein, kalori ve ya\u011f dolu, ger\u00e7ek tavuk filetosuna dayal\u0131, ince do\u011franm\u0131\u015f, besleyici ve lezzetli tavuk karakaraci\u011feri i\u00e7eren bir tarif.<br \/>\n1. 2 ayl\u0131ktan bir ya\u015f\u0131na kadar olan yavru kedilerin ihtiyac\u0131 olan t\u00fcm protein, vitamin ve mineralleri i\u00e7eren %100 tam ve dengeli tarif<br \/>\n2. B\u00fcy\u00fcmeyi desteklemek i\u00e7in ilave taurin i\u00e7erir<br \/>\n3. Do\u011fru beyin geli\u015fimine yard\u0131mc\u0131 olmak i\u00e7in DHA i\u00e7erir<br \/>\n4. Ger\u00e7ek tavuk ve besleyici tavuk ci\u011ferinden gelen proteinle dolu<br \/>\n5. S\u00fctten kesilme s\u0131ras\u0131nda yavru kediye e\u015flik etmek \u00fczere ince do\u011franm\u0131\u015f filetolar halinde<br \/>\n6. Yavru Kedilerin ihtiyac\u0131 olan hidrasyonu almas\u0131n\u0131 sa\u011flamak i\u00e7in et suyu ile dolu<br \/>\n7. Tah\u0131ls\u0131z<br \/>\n8. Minimum i\u015fleme tabi tutulmu\u015f, y\u00fcksek besin de\u011ferine sahip, y\u00fcksek kaliteli bile\u015fenler.<br \/>\n\u0130\u00e7indekiler:<br \/>\ntavuk %63, tavuk pi\u015firme suyu %18, rafine ay\u00e7i\u00e7ek ya\u011f\u0131, tavuk karaci\u011feri %4, yumurta, tapyoka ni\u015fastas\u0131, mineraller, hindiba in\u00fclini, somon ya\u011f\u0131.<br \/>\n\u0130lave Malzemeler: taurin 2000 mg, Fe (demir (II) s\u00fclfat monohidrat) 24.5 mg, Zn (\u00e7inko oksit) 22 mg, Mn (manganez (II) oksit) 4.5 mg, Cu (glisin hidrat bak\u0131r (II) \u015felat\u0131) 3.2 mg, I (potasyum iyod\u00fcr) 0.9 mg, D3 vitamini 390 I.U, E vitamini 30 mg, A vitamini 19500 I.U., B1 vitamini 60 mg, B3 vitamini 30 mg, B12 vitamini 0.12 mg, B5 vitamini 3 mg, B6 vitamini 2.4 mg.<br \/>\nAnalitik Bile\u015fenler: protein %14, ham ya\u011f %7, ham k\u00fcl %2, ham sel\u00fcloz %0,1. Nem oran\u0131 %76. Ca %0,36, P %0,29, DHA %0,01.<br \/>\nkcal\/birim:<br \/>\n85 kcal\/70 g<br \/>\nBesleme Talimat\u0131:<br \/>\n2 &#8211; 4 ay = 24 saatte 3 kutu<br \/>\n5 &#8211; 7 ay = 24 saatte 4 kutu<br \/>\n8 &#8211; 12 ay = 24 saatte 3\u00bd kutu<br \/>\nSaklama Ko\u015fullar\u0131: Oda s\u0131cakl\u0131\u011f\u0131nda servis edin. A\u00e7\u0131ld\u0131ktan sonra buzdolab\u0131nda saklay\u0131n ve 48 saat i\u00e7inde kullan\u0131n.<br \/>\nKullan\u0131m Tavsiyesi:<br \/>\nBelirtilen miktarlar tek ba\u015f\u0131na tam \u0131slak maman\u0131n servis edilmesini ifade eder ve dostunuzun \u00f6zel ihtiya\u00e7lar\u0131na g\u00f6re de\u011fi\u015febilir. Miktarlar, dostunuzun g\u00fcnl\u00fck beslenme gereksinimlerini (kilo, ya\u015f ve ya\u015fam tarz\u0131na ba\u011fl\u0131 olarak) ve maman\u0131n \u00f6zelliklerini dikkate al\u0131r.<\/p>","protected":false},"featured_media":42926,"comment_status":"open","ping_status":"closed","template":"","meta":{"_acf_changed":false},"product_brand":[],"product_cat":[2423],"product_tag":[],"class_list":{"0":"post-46007","1":"product","2":"type-product","3":"status-publish","4":"has-post-thumbnail","6":"product_cat-baby","8":"first","9":"instock","10":"shipping-taxable","11":"product-type-simple"},"acf":[],"yoast_head":"<!-- This site is optimized with the Yoast SEO plugin v27.4 - https:\/\/yoast.com\/product\/yoast-seo-wordpress\/ -->\n<title>Schesir Baby Tavuk ile Tavuk Karaci\u011feri Mus Pouch 70g - Anadolu Pet Grup<\/title>\n<meta name=\"robots\" content=\"index, follow, max-snippet:-1, max-image-preview:large, max-video-preview:-1\" \/>\n<link rel=\"canonical\" href=\"https:\/\/anadolupet.com.tr\/en\/product\/schesir-baby-tavuk-ile-tavuk-karacigeri-mus-pouch-70g\/\" \/>\n<meta property=\"og:locale\" content=\"en_US\" \/>\n<meta property=\"og:type\" content=\"article\" \/>\n<meta property=\"og:title\" content=\"Schesir Baby Tavuk ile Tavuk Karaci\u011feri Mus Pouch 70g - Anadolu Pet Grup\" \/>\n<meta property=\"og:description\" content=\"Yavru kedinin b\u00fcy\u00fcmesini desteklemek i\u00e7in protein, kalori ve ya\u011f dolu, ger\u00e7ek tavuk filetosuna dayal\u0131, ince do\u011franm\u0131\u015f, besleyici ve lezzetli tavuk karakaraci\u011feri i\u00e7eren bir tarif. 1. 2 ayl\u0131ktan bir ya\u015f\u0131na kadar olan yavru kedilerin ihtiyac\u0131 olan t\u00fcm protein, vitamin ve mineralleri i\u00e7eren %100 tam ve dengeli tarif 2. B\u00fcy\u00fcmeyi desteklemek i\u00e7in ilave taurin i\u00e7erir 3. Do\u011fru beyin geli\u015fimine yard\u0131mc\u0131 olmak i\u00e7in DHA i\u00e7erir 4. Ger\u00e7ek tavuk ve besleyici tavuk ci\u011ferinden gelen proteinle dolu 5. S\u00fctten kesilme s\u0131ras\u0131nda yavru kediye e\u015flik etmek \u00fczere ince do\u011franm\u0131\u015f filetolar halinde 6. Yavru Kedilerin ihtiyac\u0131 olan hidrasyonu almas\u0131n\u0131 sa\u011flamak i\u00e7in et suyu ile dolu 7. Tah\u0131ls\u0131z 8. Minimum i\u015fleme tabi tutulmu\u015f, y\u00fcksek besin de\u011ferine sahip, y\u00fcksek kaliteli bile\u015fenler. \u0130\u00e7indekiler: tavuk %63, tavuk pi\u015firme suyu %18, rafine ay\u00e7i\u00e7ek ya\u011f\u0131, tavuk karaci\u011feri %4, yumurta, tapyoka ni\u015fastas\u0131, mineraller, hindiba in\u00fclini, somon ya\u011f\u0131. \u0130lave Malzemeler: taurin 2000 mg, Fe (demir (II) s\u00fclfat monohidrat) 24.5 mg, Zn (\u00e7inko oksit) 22 mg, Mn (manganez (II) oksit) 4.5 mg, Cu (glisin hidrat bak\u0131r (II) \u015felat\u0131) 3.2 mg, I (potasyum iyod\u00fcr) 0.9 mg, D3 vitamini 390 I.U, E vitamini 30 mg, A vitamini 19500 I.U., B1 vitamini 60 mg, B3 vitamini 30 mg, B12 vitamini 0.12 mg, B5 vitamini 3 mg, B6 vitamini 2.4 mg. Analitik Bile\u015fenler: protein %14, ham ya\u011f %7, ham k\u00fcl %2, ham sel\u00fcloz %0,1. Nem oran\u0131 %76. Ca %0,36, P %0,29, DHA %0,01. kcal\/birim: 85 kcal\/70 g Besleme Talimat\u0131: 2 - 4 ay = 24 saatte 3 kutu 5 - 7 ay = 24 saatte 4 kutu 8 - 12 ay = 24 saatte 3\u00bd kutu Saklama Ko\u015fullar\u0131: Oda s\u0131cakl\u0131\u011f\u0131nda servis edin. A\u00e7\u0131ld\u0131ktan sonra buzdolab\u0131nda saklay\u0131n ve 48 saat i\u00e7inde kullan\u0131n. Kullan\u0131m Tavsiyesi: Belirtilen miktarlar tek ba\u015f\u0131na tam \u0131slak maman\u0131n servis edilmesini ifade eder ve dostunuzun \u00f6zel ihtiya\u00e7lar\u0131na g\u00f6re de\u011fi\u015febilir. Miktarlar, dostunuzun g\u00fcnl\u00fck beslenme gereksinimlerini (kilo, ya\u015f ve ya\u015fam tarz\u0131na ba\u011fl\u0131 olarak) ve maman\u0131n \u00f6zelliklerini dikkate al\u0131r.\" \/>\n<meta property=\"og:url\" content=\"https:\/\/anadolupet.com.tr\/en\/product\/schesir-baby-tavuk-ile-tavuk-karacigeri-mus-pouch-70g\/\" \/>\n<meta property=\"og:site_name\" content=\"Anadolu Pet Grup\" \/>\n<meta property=\"article:modified_time\" content=\"2026-02-23T12:51:39+00:00\" \/>\n<meta property=\"og:image\" content=\"https:\/\/anadolupet.com.tr\/wp-content\/uploads\/2026\/02\/230-21111060_2.jpg\" \/>\n\t<meta property=\"og:image:width\" content=\"750\" \/>\n\t<meta property=\"og:image:height\" content=\"750\" \/>\n\t<meta property=\"og:image:type\" content=\"image\/jpeg\" \/>\n<meta name=\"twitter:card\" content=\"summary_large_image\" \/>\n<script type=\"application\/ld+json\" class=\"yoast-schema-graph\">{\"@context\":\"https:\\\/\\\/schema.org\",\"@graph\":[{\"@type\":\"WebPage\",\"@id\":\"https:\\\/\\\/anadolupet.com.tr\\\/urun\\\/schesir-baby-tavuk-ile-tavuk-karacigeri-mus-pouch-70g\\\/\",\"url\":\"https:\\\/\\\/anadolupet.com.tr\\\/urun\\\/schesir-baby-tavuk-ile-tavuk-karacigeri-mus-pouch-70g\\\/\",\"name\":\"Schesir Baby Tavuk ile Tavuk Karaci\u011feri Mus Pouch 70g - Anadolu Pet Grup\",\"isPartOf\":{\"@id\":\"https:\\\/\\\/anadolupet.com.tr\\\/#website\"},\"primaryImageOfPage\":{\"@id\":\"https:\\\/\\\/anadolupet.com.tr\\\/urun\\\/schesir-baby-tavuk-ile-tavuk-karacigeri-mus-pouch-70g\\\/#primaryimage\"},\"image\":{\"@id\":\"https:\\\/\\\/anadolupet.com.tr\\\/urun\\\/schesir-baby-tavuk-ile-tavuk-karacigeri-mus-pouch-70g\\\/#primaryimage\"},\"thumbnailUrl\":\"https:\\\/\\\/anadolupet.com.tr\\\/wp-content\\\/uploads\\\/2026\\\/02\\\/230-21111060_2.jpg\",\"datePublished\":\"2026-02-14T14:45:23+00:00\",\"dateModified\":\"2026-02-23T12:51:39+00:00\",\"breadcrumb\":{\"@id\":\"https:\\\/\\\/anadolupet.com.tr\\\/urun\\\/schesir-baby-tavuk-ile-tavuk-karacigeri-mus-pouch-70g\\\/#breadcrumb\"},\"inLanguage\":\"en-US\",\"potentialAction\":[{\"@type\":\"ReadAction\",\"target\":[\"https:\\\/\\\/anadolupet.com.tr\\\/urun\\\/schesir-baby-tavuk-ile-tavuk-karacigeri-mus-pouch-70g\\\/\"]}]},{\"@type\":\"ImageObject\",\"inLanguage\":\"en-US\",\"@id\":\"https:\\\/\\\/anadolupet.com.tr\\\/urun\\\/schesir-baby-tavuk-ile-tavuk-karacigeri-mus-pouch-70g\\\/#primaryimage\",\"url\":\"https:\\\/\\\/anadolupet.com.tr\\\/wp-content\\\/uploads\\\/2026\\\/02\\\/230-21111060_2.jpg\",\"contentUrl\":\"https:\\\/\\\/anadolupet.com.tr\\\/wp-content\\\/uploads\\\/2026\\\/02\\\/230-21111060_2.jpg\",\"width\":750,\"height\":750},{\"@type\":\"BreadcrumbList\",\"@id\":\"https:\\\/\\\/anadolupet.com.tr\\\/urun\\\/schesir-baby-tavuk-ile-tavuk-karacigeri-mus-pouch-70g\\\/#breadcrumb\",\"itemListElement\":[{\"@type\":\"ListItem\",\"position\":1,\"name\":\"Anasayfa\",\"item\":\"https:\\\/\\\/anadolupet.com.tr\\\/\"},{\"@type\":\"ListItem\",\"position\":2,\"name\":\"\u00dcr\u00fcnler\",\"item\":\"https:\\\/\\\/anadolupet.com.tr\\\/urunler\\\/\"},{\"@type\":\"ListItem\",\"position\":3,\"name\":\"Schesir Baby Tavuk ile Tavuk Karaci\u011feri Mus Pouch 70g\"}]},{\"@type\":\"WebSite\",\"@id\":\"https:\\\/\\\/anadolupet.com.tr\\\/#website\",\"url\":\"https:\\\/\\\/anadolupet.com.tr\\\/\",\"name\":\"Anadolu Pet Grup\",\"description\":\"Her Can\u0131n \u0130yi Ya\u015fam\u0131 \u0130\u00e7in Biraraday\u0131z\",\"publisher\":{\"@id\":\"https:\\\/\\\/anadolupet.com.tr\\\/#organization\"},\"potentialAction\":[{\"@type\":\"SearchAction\",\"target\":{\"@type\":\"EntryPoint\",\"urlTemplate\":\"https:\\\/\\\/anadolupet.com.tr\\\/?s={search_term_string}\"},\"query-input\":{\"@type\":\"PropertyValueSpecification\",\"valueRequired\":true,\"valueName\":\"search_term_string\"}}],\"inLanguage\":\"en-US\"},{\"@type\":\"Organization\",\"@id\":\"https:\\\/\\\/anadolupet.com.tr\\\/#organization\",\"name\":\"Anadolu Pet Grup\",\"alternateName\":\"Anadolu Pet\",\"url\":\"https:\\\/\\\/anadolupet.com.tr\\\/\",\"logo\":{\"@type\":\"ImageObject\",\"inLanguage\":\"en-US\",\"@id\":\"https:\\\/\\\/anadolupet.com.tr\\\/#\\\/schema\\\/logo\\\/image\\\/\",\"url\":\"https:\\\/\\\/anadolupet.com.tr\\\/wp-content\\\/uploads\\\/2026\\\/03\\\/1614666743370.jpg\",\"contentUrl\":\"https:\\\/\\\/anadolupet.com.tr\\\/wp-content\\\/uploads\\\/2026\\\/03\\\/1614666743370.jpg\",\"width\":800,\"height\":571,\"caption\":\"Anadolu Pet Grup\"},\"image\":{\"@id\":\"https:\\\/\\\/anadolupet.com.tr\\\/#\\\/schema\\\/logo\\\/image\\\/\"}}]}<\/script>\n<!-- \/ Yoast SEO plugin. -->","yoast_head_json":{"title":"Schesir Baby Tavuk ile Tavuk Karaci\u011feri Mus Pouch 70g - Anadolu Pet Grup","robots":{"index":"index","follow":"follow","max-snippet":"max-snippet:-1","max-image-preview":"max-image-preview:large","max-video-preview":"max-video-preview:-1"},"canonical":"https:\/\/anadolupet.com.tr\/en\/product\/schesir-baby-tavuk-ile-tavuk-karacigeri-mus-pouch-70g\/","og_locale":"en_US","og_type":"article","og_title":"Schesir Baby Tavuk ile Tavuk Karaci\u011feri Mus Pouch 70g - Anadolu Pet Grup","og_description":"Yavru kedinin b\u00fcy\u00fcmesini desteklemek i\u00e7in protein, kalori ve ya\u011f dolu, ger\u00e7ek tavuk filetosuna dayal\u0131, ince do\u011franm\u0131\u015f, besleyici ve lezzetli tavuk karakaraci\u011feri i\u00e7eren bir tarif. 1. 2 ayl\u0131ktan bir ya\u015f\u0131na kadar olan yavru kedilerin ihtiyac\u0131 olan t\u00fcm protein, vitamin ve mineralleri i\u00e7eren %100 tam ve dengeli tarif 2. B\u00fcy\u00fcmeyi desteklemek i\u00e7in ilave taurin i\u00e7erir 3. Do\u011fru beyin geli\u015fimine yard\u0131mc\u0131 olmak i\u00e7in DHA i\u00e7erir 4. Ger\u00e7ek tavuk ve besleyici tavuk ci\u011ferinden gelen proteinle dolu 5. S\u00fctten kesilme s\u0131ras\u0131nda yavru kediye e\u015flik etmek \u00fczere ince do\u011franm\u0131\u015f filetolar halinde 6. Yavru Kedilerin ihtiyac\u0131 olan hidrasyonu almas\u0131n\u0131 sa\u011flamak i\u00e7in et suyu ile dolu 7. Tah\u0131ls\u0131z 8. Minimum i\u015fleme tabi tutulmu\u015f, y\u00fcksek besin de\u011ferine sahip, y\u00fcksek kaliteli bile\u015fenler. \u0130\u00e7indekiler: tavuk %63, tavuk pi\u015firme suyu %18, rafine ay\u00e7i\u00e7ek ya\u011f\u0131, tavuk karaci\u011feri %4, yumurta, tapyoka ni\u015fastas\u0131, mineraller, hindiba in\u00fclini, somon ya\u011f\u0131. \u0130lave Malzemeler: taurin 2000 mg, Fe (demir (II) s\u00fclfat monohidrat) 24.5 mg, Zn (\u00e7inko oksit) 22 mg, Mn (manganez (II) oksit) 4.5 mg, Cu (glisin hidrat bak\u0131r (II) \u015felat\u0131) 3.2 mg, I (potasyum iyod\u00fcr) 0.9 mg, D3 vitamini 390 I.U, E vitamini 30 mg, A vitamini 19500 I.U., B1 vitamini 60 mg, B3 vitamini 30 mg, B12 vitamini 0.12 mg, B5 vitamini 3 mg, B6 vitamini 2.4 mg. Analitik Bile\u015fenler: protein %14, ham ya\u011f %7, ham k\u00fcl %2, ham sel\u00fcloz %0,1. Nem oran\u0131 %76. Ca %0,36, P %0,29, DHA %0,01. kcal\/birim: 85 kcal\/70 g Besleme Talimat\u0131: 2 - 4 ay = 24 saatte 3 kutu 5 - 7 ay = 24 saatte 4 kutu 8 - 12 ay = 24 saatte 3\u00bd kutu Saklama Ko\u015fullar\u0131: Oda s\u0131cakl\u0131\u011f\u0131nda servis edin. A\u00e7\u0131ld\u0131ktan sonra buzdolab\u0131nda saklay\u0131n ve 48 saat i\u00e7inde kullan\u0131n. Kullan\u0131m Tavsiyesi: Belirtilen miktarlar tek ba\u015f\u0131na tam \u0131slak maman\u0131n servis edilmesini ifade eder ve dostunuzun \u00f6zel ihtiya\u00e7lar\u0131na g\u00f6re de\u011fi\u015febilir. Miktarlar, dostunuzun g\u00fcnl\u00fck beslenme gereksinimlerini (kilo, ya\u015f ve ya\u015fam tarz\u0131na ba\u011fl\u0131 olarak) ve maman\u0131n \u00f6zelliklerini dikkate al\u0131r.","og_url":"https:\/\/anadolupet.com.tr\/en\/product\/schesir-baby-tavuk-ile-tavuk-karacigeri-mus-pouch-70g\/","og_site_name":"Anadolu Pet Grup","article_modified_time":"2026-02-23T12:51:39+00:00","og_image":[{"width":750,"height":750,"url":"https:\/\/anadolupet.com.tr\/wp-content\/uploads\/2026\/02\/230-21111060_2.jpg","type":"image\/jpeg"}],"twitter_card":"summary_large_image","schema":{"@context":"https:\/\/schema.org","@graph":[{"@type":"WebPage","@id":"https:\/\/anadolupet.com.tr\/urun\/schesir-baby-tavuk-ile-tavuk-karacigeri-mus-pouch-70g\/","url":"https:\/\/anadolupet.com.tr\/urun\/schesir-baby-tavuk-ile-tavuk-karacigeri-mus-pouch-70g\/","name":"Schesir Baby Tavuk ile Tavuk Karaci\u011feri Mus Pouch 70g - Anadolu Pet Grup","isPartOf":{"@id":"https:\/\/anadolupet.com.tr\/#website"},"primaryImageOfPage":{"@id":"https:\/\/anadolupet.com.tr\/urun\/schesir-baby-tavuk-ile-tavuk-karacigeri-mus-pouch-70g\/#primaryimage"},"image":{"@id":"https:\/\/anadolupet.com.tr\/urun\/schesir-baby-tavuk-ile-tavuk-karacigeri-mus-pouch-70g\/#primaryimage"},"thumbnailUrl":"https:\/\/anadolupet.com.tr\/wp-content\/uploads\/2026\/02\/230-21111060_2.jpg","datePublished":"2026-02-14T14:45:23+00:00","dateModified":"2026-02-23T12:51:39+00:00","breadcrumb":{"@id":"https:\/\/anadolupet.com.tr\/urun\/schesir-baby-tavuk-ile-tavuk-karacigeri-mus-pouch-70g\/#breadcrumb"},"inLanguage":"en-US","potentialAction":[{"@type":"ReadAction","target":["https:\/\/anadolupet.com.tr\/urun\/schesir-baby-tavuk-ile-tavuk-karacigeri-mus-pouch-70g\/"]}]},{"@type":"ImageObject","inLanguage":"en-US","@id":"https:\/\/anadolupet.com.tr\/urun\/schesir-baby-tavuk-ile-tavuk-karacigeri-mus-pouch-70g\/#primaryimage","url":"https:\/\/anadolupet.com.tr\/wp-content\/uploads\/2026\/02\/230-21111060_2.jpg","contentUrl":"https:\/\/anadolupet.com.tr\/wp-content\/uploads\/2026\/02\/230-21111060_2.jpg","width":750,"height":750},{"@type":"BreadcrumbList","@id":"https:\/\/anadolupet.com.tr\/urun\/schesir-baby-tavuk-ile-tavuk-karacigeri-mus-pouch-70g\/#breadcrumb","itemListElement":[{"@type":"ListItem","position":1,"name":"Anasayfa","item":"https:\/\/anadolupet.com.tr\/"},{"@type":"ListItem","position":2,"name":"\u00dcr\u00fcnler","item":"https:\/\/anadolupet.com.tr\/urunler\/"},{"@type":"ListItem","position":3,"name":"Schesir Baby Tavuk ile Tavuk Karaci\u011feri Mus Pouch 70g"}]},{"@type":"WebSite","@id":"https:\/\/anadolupet.com.tr\/#website","url":"https:\/\/anadolupet.com.tr\/","name":"Anadolu Pet Group","description":"We Stand Together for the Well-Being of Every Life","publisher":{"@id":"https:\/\/anadolupet.com.tr\/#organization"},"potentialAction":[{"@type":"SearchAction","target":{"@type":"EntryPoint","urlTemplate":"https:\/\/anadolupet.com.tr\/?s={search_term_string}"},"query-input":{"@type":"PropertyValueSpecification","valueRequired":true,"valueName":"search_term_string"}}],"inLanguage":"en-US"},{"@type":"Organization","@id":"https:\/\/anadolupet.com.tr\/#organization","name":"Anadolu Pet Group","alternateName":"Anadolu Pet","url":"https:\/\/anadolupet.com.tr\/","logo":{"@type":"ImageObject","inLanguage":"en-US","@id":"https:\/\/anadolupet.com.tr\/#\/schema\/logo\/image\/","url":"https:\/\/anadolupet.com.tr\/wp-content\/uploads\/2026\/03\/1614666743370.jpg","contentUrl":"https:\/\/anadolupet.com.tr\/wp-content\/uploads\/2026\/03\/1614666743370.jpg","width":800,"height":571,"caption":"Anadolu Pet Grup"},"image":{"@id":"https:\/\/anadolupet.com.tr\/#\/schema\/logo\/image\/"}}]}},"_links":{"self":[{"href":"https:\/\/anadolupet.com.tr\/en\/wp-json\/wp\/v2\/product\/46007","targetHints":{"allow":["GET"]}}],"collection":[{"href":"https:\/\/anadolupet.com.tr\/en\/wp-json\/wp\/v2\/product"}],"about":[{"href":"https:\/\/anadolupet.com.tr\/en\/wp-json\/wp\/v2\/types\/product"}],"replies":[{"embeddable":true,"href":"https:\/\/anadolupet.com.tr\/en\/wp-json\/wp\/v2\/comments?post=46007"}],"wp:featuredmedia":[{"embeddable":true,"href":"https:\/\/anadolupet.com.tr\/en\/wp-json\/wp\/v2\/media\/42926"}],"wp:attachment":[{"href":"https:\/\/anadolupet.com.tr\/en\/wp-json\/wp\/v2\/media?parent=46007"}],"wp:term":[{"taxonomy":"product_brand","embeddable":true,"href":"https:\/\/anadolupet.com.tr\/en\/wp-json\/wp\/v2\/product_brand?post=46007"},{"taxonomy":"product_cat","embeddable":true,"href":"https:\/\/anadolupet.com.tr\/en\/wp-json\/wp\/v2\/product_cat?post=46007"},{"taxonomy":"product_tag","embeddable":true,"href":"https:\/\/anadolupet.com.tr\/en\/wp-json\/wp\/v2\/product_tag?post=46007"}],"curies":[{"name":"wp","href":"https:\/\/api.w.org\/{rel}","templated":true}]}}