{"id":46020,"date":"2026-02-14T14:45:26","date_gmt":"2026-02-14T14:45:26","guid":{"rendered":"https:\/\/anadolupet.com.tr\/urun\/schesir-after-dark-tavukbildircin-yumurtasisigirordek-et-suyunda-pate-yetiskin-kedi-konservesi-cesit-paketi-12x80g-2\/"},"modified":"2026-02-23T12:51:40","modified_gmt":"2026-02-23T12:51:40","slug":"schesir-after-dark-tavukbildircin-yumurtasisigirordek-et-suyunda-pate-yetiskin-kedi-konservesi-cesit-paketi-12x80g-2","status":"publish","type":"product","link":"https:\/\/anadolupet.com.tr\/en\/urun\/schesir-after-dark-tavukbildircin-yumurtasisigirordek-et-suyunda-pate-yetiskin-kedi-konservesi-cesit-paketi-12x80g-2\/","title":{"rendered":"Schesir After Dark Tavuk&#038;B\u0131ld\u0131rc\u0131n Yumurtas\u0131&#038;S\u0131\u011f\u0131r&#038;\u00d6rdek Et Suyunda Pat\u00e9 Yeti\u015fkin Kedi Konservesi \u00c7e\u015fit Paketi 12x80g"},"content":{"rendered":"","protected":false},"excerpt":{"rendered":"<p>After Dark Pate Kar\u0131\u015f\u0131k Paket: tavuk bazl\u0131, y\u00fcksek proteinli ve av i\u00e7g\u00fcd\u00fcs\u00fcnden ilham alan tarifler.<br \/>\n1. kedinizin ihtiya\u00e7 duydu\u011fu t\u00fcm protein, vitamin ve mineralleri i\u00e7eren %100 tam ve dengeli tarif<br \/>\n2. besin a\u00e7\u0131s\u0131ndan zengin ger\u00e7ek y\u00fcrek, karaci\u011fer ve ta\u015fl\u0131k par\u00e7alar\u0131yla<br \/>\n3. ger\u00e7ek tavuk ve organlardan gelen y\u00fcksek protein i\u00e7eri\u011fi 4. p\u00fcr\u00fczs\u00fcz mousse k\u0131vam\u0131nda<br \/>\n5. kedinizin ihtiya\u00e7 duydu\u011fu s\u0131v\u0131 al\u0131m\u0131n\u0131 desteklemek i\u00e7in bol miktarda s\u0131v\u0131 i\u00e7erir<br \/>\n6. tah\u0131ls\u0131z<br \/>\n7. minimum d\u00fczeyde i\u015flenmi\u015f, y\u00fcksek besin de\u011ferine sahip kaliteli i\u00e7erikler<br \/>\n\u0130\u00c7\u0130NDEK\u0130LER: tavuk %52 (ta\u015fl\u0131k %5, karaci\u011fer %5, y\u00fcrek %5), tavuk suyu %35, b\u0131ld\u0131rc\u0131n yumurtas\u0131 %6, rafine ay\u00e7i\u00e7ek ya\u011f\u0131, tapiyoka ni\u015fastas\u0131, yumurta tozu, mineraller. ANAL\u0130T\u0130K B\u0130LE\u015eENLER: protein %11, ham ya\u011f %3, ham k\u00fcl %2, ham sel\u00fcloz %0,5. Nem %82. Ca %0,22, P %0,19.<br \/>\nKULLANIM TAL\u0130MATI: 4 kg = g\u00fcnde 3\u00bd konserve<br \/>\n6 kg = g\u00fcnde 4\u00bd konserve<br \/>\n8 kg = g\u00fcnde 5\u00bd konserve<br \/>\nSAKLAMA Y\u00d6NTEM\u0130: Oda s\u0131cakl\u0131\u011f\u0131nda servis edin. A\u00e7\u0131ld\u0131ktan sonra buzdolab\u0131nda saklay\u0131n ve 48 saat i\u00e7inde t\u00fcketin.<\/p>","protected":false},"featured_media":43063,"comment_status":"open","ping_status":"closed","template":"","meta":{"_acf_changed":false},"product_brand":[],"product_cat":[2422],"product_tag":[],"class_list":{"0":"post-46020","1":"product","2":"type-product","3":"status-publish","4":"has-post-thumbnail","6":"product_cat-after-dark","8":"first","9":"instock","10":"shipping-taxable","11":"product-type-simple"},"acf":[],"yoast_head":"<!-- This site is optimized with the Yoast SEO plugin v27.4 - https:\/\/yoast.com\/product\/yoast-seo-wordpress\/ -->\n<title>Schesir After Dark Tavuk&amp;B\u0131ld\u0131rc\u0131n Yumurtas\u0131&amp;S\u0131\u011f\u0131r&amp;\u00d6rdek Et Suyunda Pat\u00e9 Yeti\u015fkin Kedi Konservesi \u00c7e\u015fit Paketi 12x80g - Anadolu Pet Grup<\/title>\n<meta name=\"robots\" content=\"index, follow, max-snippet:-1, max-image-preview:large, max-video-preview:-1\" \/>\n<link rel=\"canonical\" href=\"https:\/\/anadolupet.com.tr\/en\/product\/schesir-after-dark-tavukbildircin-yumurtasisigirordek-et-suyunda-pate-yetiskin-kedi-konservesi-cesit-paketi-12x80g-2\/\" \/>\n<meta property=\"og:locale\" content=\"en_US\" \/>\n<meta property=\"og:type\" content=\"article\" \/>\n<meta property=\"og:title\" content=\"Schesir After Dark Tavuk&amp;B\u0131ld\u0131rc\u0131n Yumurtas\u0131&amp;S\u0131\u011f\u0131r&amp;\u00d6rdek Et Suyunda Pat\u00e9 Yeti\u015fkin Kedi Konservesi \u00c7e\u015fit Paketi 12x80g - Anadolu Pet Grup\" \/>\n<meta property=\"og:description\" content=\"After Dark Pate Kar\u0131\u015f\u0131k Paket: tavuk bazl\u0131, y\u00fcksek proteinli ve av i\u00e7g\u00fcd\u00fcs\u00fcnden ilham alan tarifler. 1. kedinizin ihtiya\u00e7 duydu\u011fu t\u00fcm protein, vitamin ve mineralleri i\u00e7eren %100 tam ve dengeli tarif 2. besin a\u00e7\u0131s\u0131ndan zengin ger\u00e7ek y\u00fcrek, karaci\u011fer ve ta\u015fl\u0131k par\u00e7alar\u0131yla 3. ger\u00e7ek tavuk ve organlardan gelen y\u00fcksek protein i\u00e7eri\u011fi 4. p\u00fcr\u00fczs\u00fcz mousse k\u0131vam\u0131nda 5. kedinizin ihtiya\u00e7 duydu\u011fu s\u0131v\u0131 al\u0131m\u0131n\u0131 desteklemek i\u00e7in bol miktarda s\u0131v\u0131 i\u00e7erir 6. tah\u0131ls\u0131z 7. minimum d\u00fczeyde i\u015flenmi\u015f, y\u00fcksek besin de\u011ferine sahip kaliteli i\u00e7erikler \u0130\u00c7\u0130NDEK\u0130LER: tavuk %52 (ta\u015fl\u0131k %5, karaci\u011fer %5, y\u00fcrek %5), tavuk suyu %35, b\u0131ld\u0131rc\u0131n yumurtas\u0131 %6, rafine ay\u00e7i\u00e7ek ya\u011f\u0131, tapiyoka ni\u015fastas\u0131, yumurta tozu, mineraller. ANAL\u0130T\u0130K B\u0130LE\u015eENLER: protein %11, ham ya\u011f %3, ham k\u00fcl %2, ham sel\u00fcloz %0,5. Nem %82. Ca %0,22, P %0,19. KULLANIM TAL\u0130MATI: 4 kg = g\u00fcnde 3\u00bd konserve 6 kg = g\u00fcnde 4\u00bd konserve 8 kg = g\u00fcnde 5\u00bd konserve SAKLAMA Y\u00d6NTEM\u0130: Oda s\u0131cakl\u0131\u011f\u0131nda servis edin. A\u00e7\u0131ld\u0131ktan sonra buzdolab\u0131nda saklay\u0131n ve 48 saat i\u00e7inde t\u00fcketin.\" \/>\n<meta property=\"og:url\" content=\"https:\/\/anadolupet.com.tr\/en\/product\/schesir-after-dark-tavukbildircin-yumurtasisigirordek-et-suyunda-pate-yetiskin-kedi-konservesi-cesit-paketi-12x80g-2\/\" \/>\n<meta property=\"og:site_name\" content=\"Anadolu Pet Grup\" \/>\n<meta property=\"article:modified_time\" content=\"2026-02-23T12:51:40+00:00\" \/>\n<meta property=\"og:image\" content=\"https:\/\/anadolupet.com.tr\/wp-content\/uploads\/2026\/02\/230-21149960_3.jpg\" \/>\n\t<meta property=\"og:image:width\" content=\"750\" \/>\n\t<meta property=\"og:image:height\" content=\"750\" \/>\n\t<meta property=\"og:image:type\" content=\"image\/jpeg\" \/>\n<meta name=\"twitter:card\" content=\"summary_large_image\" \/>\n<script type=\"application\/ld+json\" class=\"yoast-schema-graph\">{\"@context\":\"https:\\\/\\\/schema.org\",\"@graph\":[{\"@type\":\"WebPage\",\"@id\":\"https:\\\/\\\/anadolupet.com.tr\\\/urun\\\/schesir-after-dark-tavukbildircin-yumurtasisigirordek-et-suyunda-pate-yetiskin-kedi-konservesi-cesit-paketi-12x80g-2\\\/\",\"url\":\"https:\\\/\\\/anadolupet.com.tr\\\/urun\\\/schesir-after-dark-tavukbildircin-yumurtasisigirordek-et-suyunda-pate-yetiskin-kedi-konservesi-cesit-paketi-12x80g-2\\\/\",\"name\":\"Schesir After Dark Tavuk&B\u0131ld\u0131rc\u0131n Yumurtas\u0131&S\u0131\u011f\u0131r&\u00d6rdek Et Suyunda Pat\u00e9 Yeti\u015fkin Kedi Konservesi \u00c7e\u015fit Paketi 12x80g - Anadolu Pet Grup\",\"isPartOf\":{\"@id\":\"https:\\\/\\\/anadolupet.com.tr\\\/#website\"},\"primaryImageOfPage\":{\"@id\":\"https:\\\/\\\/anadolupet.com.tr\\\/urun\\\/schesir-after-dark-tavukbildircin-yumurtasisigirordek-et-suyunda-pate-yetiskin-kedi-konservesi-cesit-paketi-12x80g-2\\\/#primaryimage\"},\"image\":{\"@id\":\"https:\\\/\\\/anadolupet.com.tr\\\/urun\\\/schesir-after-dark-tavukbildircin-yumurtasisigirordek-et-suyunda-pate-yetiskin-kedi-konservesi-cesit-paketi-12x80g-2\\\/#primaryimage\"},\"thumbnailUrl\":\"https:\\\/\\\/anadolupet.com.tr\\\/wp-content\\\/uploads\\\/2026\\\/02\\\/230-21149960_3.jpg\",\"datePublished\":\"2026-02-14T14:45:26+00:00\",\"dateModified\":\"2026-02-23T12:51:40+00:00\",\"breadcrumb\":{\"@id\":\"https:\\\/\\\/anadolupet.com.tr\\\/urun\\\/schesir-after-dark-tavukbildircin-yumurtasisigirordek-et-suyunda-pate-yetiskin-kedi-konservesi-cesit-paketi-12x80g-2\\\/#breadcrumb\"},\"inLanguage\":\"en-US\",\"potentialAction\":[{\"@type\":\"ReadAction\",\"target\":[\"https:\\\/\\\/anadolupet.com.tr\\\/urun\\\/schesir-after-dark-tavukbildircin-yumurtasisigirordek-et-suyunda-pate-yetiskin-kedi-konservesi-cesit-paketi-12x80g-2\\\/\"]}]},{\"@type\":\"ImageObject\",\"inLanguage\":\"en-US\",\"@id\":\"https:\\\/\\\/anadolupet.com.tr\\\/urun\\\/schesir-after-dark-tavukbildircin-yumurtasisigirordek-et-suyunda-pate-yetiskin-kedi-konservesi-cesit-paketi-12x80g-2\\\/#primaryimage\",\"url\":\"https:\\\/\\\/anadolupet.com.tr\\\/wp-content\\\/uploads\\\/2026\\\/02\\\/230-21149960_3.jpg\",\"contentUrl\":\"https:\\\/\\\/anadolupet.com.tr\\\/wp-content\\\/uploads\\\/2026\\\/02\\\/230-21149960_3.jpg\",\"width\":750,\"height\":750},{\"@type\":\"BreadcrumbList\",\"@id\":\"https:\\\/\\\/anadolupet.com.tr\\\/urun\\\/schesir-after-dark-tavukbildircin-yumurtasisigirordek-et-suyunda-pate-yetiskin-kedi-konservesi-cesit-paketi-12x80g-2\\\/#breadcrumb\",\"itemListElement\":[{\"@type\":\"ListItem\",\"position\":1,\"name\":\"Anasayfa\",\"item\":\"https:\\\/\\\/anadolupet.com.tr\\\/\"},{\"@type\":\"ListItem\",\"position\":2,\"name\":\"\u00dcr\u00fcnler\",\"item\":\"https:\\\/\\\/anadolupet.com.tr\\\/urunler\\\/\"},{\"@type\":\"ListItem\",\"position\":3,\"name\":\"Schesir After Dark Tavuk&#038;B\u0131ld\u0131rc\u0131n Yumurtas\u0131&#038;S\u0131\u011f\u0131r&#038;\u00d6rdek Et Suyunda Pat\u00e9 Yeti\u015fkin Kedi Konservesi \u00c7e\u015fit Paketi 12x80g\"}]},{\"@type\":\"WebSite\",\"@id\":\"https:\\\/\\\/anadolupet.com.tr\\\/#website\",\"url\":\"https:\\\/\\\/anadolupet.com.tr\\\/\",\"name\":\"Anadolu Pet Grup\",\"description\":\"Her Can\u0131n \u0130yi Ya\u015fam\u0131 \u0130\u00e7in Biraraday\u0131z\",\"publisher\":{\"@id\":\"https:\\\/\\\/anadolupet.com.tr\\\/#organization\"},\"potentialAction\":[{\"@type\":\"SearchAction\",\"target\":{\"@type\":\"EntryPoint\",\"urlTemplate\":\"https:\\\/\\\/anadolupet.com.tr\\\/?s={search_term_string}\"},\"query-input\":{\"@type\":\"PropertyValueSpecification\",\"valueRequired\":true,\"valueName\":\"search_term_string\"}}],\"inLanguage\":\"en-US\"},{\"@type\":\"Organization\",\"@id\":\"https:\\\/\\\/anadolupet.com.tr\\\/#organization\",\"name\":\"Anadolu Pet Grup\",\"alternateName\":\"Anadolu Pet\",\"url\":\"https:\\\/\\\/anadolupet.com.tr\\\/\",\"logo\":{\"@type\":\"ImageObject\",\"inLanguage\":\"en-US\",\"@id\":\"https:\\\/\\\/anadolupet.com.tr\\\/#\\\/schema\\\/logo\\\/image\\\/\",\"url\":\"https:\\\/\\\/anadolupet.com.tr\\\/wp-content\\\/uploads\\\/2026\\\/03\\\/1614666743370.jpg\",\"contentUrl\":\"https:\\\/\\\/anadolupet.com.tr\\\/wp-content\\\/uploads\\\/2026\\\/03\\\/1614666743370.jpg\",\"width\":800,\"height\":571,\"caption\":\"Anadolu Pet Grup\"},\"image\":{\"@id\":\"https:\\\/\\\/anadolupet.com.tr\\\/#\\\/schema\\\/logo\\\/image\\\/\"}}]}<\/script>\n<!-- \/ Yoast SEO plugin. -->","yoast_head_json":{"title":"Schesir After Dark Tavuk&B\u0131ld\u0131rc\u0131n Yumurtas\u0131&S\u0131\u011f\u0131r&\u00d6rdek Et Suyunda Pat\u00e9 Yeti\u015fkin Kedi Konservesi \u00c7e\u015fit Paketi 12x80g - Anadolu Pet Grup","robots":{"index":"index","follow":"follow","max-snippet":"max-snippet:-1","max-image-preview":"max-image-preview:large","max-video-preview":"max-video-preview:-1"},"canonical":"https:\/\/anadolupet.com.tr\/en\/product\/schesir-after-dark-tavukbildircin-yumurtasisigirordek-et-suyunda-pate-yetiskin-kedi-konservesi-cesit-paketi-12x80g-2\/","og_locale":"en_US","og_type":"article","og_title":"Schesir After Dark Tavuk&B\u0131ld\u0131rc\u0131n Yumurtas\u0131&S\u0131\u011f\u0131r&\u00d6rdek Et Suyunda Pat\u00e9 Yeti\u015fkin Kedi Konservesi \u00c7e\u015fit Paketi 12x80g - Anadolu Pet Grup","og_description":"After Dark Pate Kar\u0131\u015f\u0131k Paket: tavuk bazl\u0131, y\u00fcksek proteinli ve av i\u00e7g\u00fcd\u00fcs\u00fcnden ilham alan tarifler. 1. kedinizin ihtiya\u00e7 duydu\u011fu t\u00fcm protein, vitamin ve mineralleri i\u00e7eren %100 tam ve dengeli tarif 2. besin a\u00e7\u0131s\u0131ndan zengin ger\u00e7ek y\u00fcrek, karaci\u011fer ve ta\u015fl\u0131k par\u00e7alar\u0131yla 3. ger\u00e7ek tavuk ve organlardan gelen y\u00fcksek protein i\u00e7eri\u011fi 4. p\u00fcr\u00fczs\u00fcz mousse k\u0131vam\u0131nda 5. kedinizin ihtiya\u00e7 duydu\u011fu s\u0131v\u0131 al\u0131m\u0131n\u0131 desteklemek i\u00e7in bol miktarda s\u0131v\u0131 i\u00e7erir 6. tah\u0131ls\u0131z 7. minimum d\u00fczeyde i\u015flenmi\u015f, y\u00fcksek besin de\u011ferine sahip kaliteli i\u00e7erikler \u0130\u00c7\u0130NDEK\u0130LER: tavuk %52 (ta\u015fl\u0131k %5, karaci\u011fer %5, y\u00fcrek %5), tavuk suyu %35, b\u0131ld\u0131rc\u0131n yumurtas\u0131 %6, rafine ay\u00e7i\u00e7ek ya\u011f\u0131, tapiyoka ni\u015fastas\u0131, yumurta tozu, mineraller. ANAL\u0130T\u0130K B\u0130LE\u015eENLER: protein %11, ham ya\u011f %3, ham k\u00fcl %2, ham sel\u00fcloz %0,5. Nem %82. Ca %0,22, P %0,19. KULLANIM TAL\u0130MATI: 4 kg = g\u00fcnde 3\u00bd konserve 6 kg = g\u00fcnde 4\u00bd konserve 8 kg = g\u00fcnde 5\u00bd konserve SAKLAMA Y\u00d6NTEM\u0130: Oda s\u0131cakl\u0131\u011f\u0131nda servis edin. A\u00e7\u0131ld\u0131ktan sonra buzdolab\u0131nda saklay\u0131n ve 48 saat i\u00e7inde t\u00fcketin.","og_url":"https:\/\/anadolupet.com.tr\/en\/product\/schesir-after-dark-tavukbildircin-yumurtasisigirordek-et-suyunda-pate-yetiskin-kedi-konservesi-cesit-paketi-12x80g-2\/","og_site_name":"Anadolu Pet Grup","article_modified_time":"2026-02-23T12:51:40+00:00","og_image":[{"width":750,"height":750,"url":"https:\/\/anadolupet.com.tr\/wp-content\/uploads\/2026\/02\/230-21149960_3.jpg","type":"image\/jpeg"}],"twitter_card":"summary_large_image","schema":{"@context":"https:\/\/schema.org","@graph":[{"@type":"WebPage","@id":"https:\/\/anadolupet.com.tr\/urun\/schesir-after-dark-tavukbildircin-yumurtasisigirordek-et-suyunda-pate-yetiskin-kedi-konservesi-cesit-paketi-12x80g-2\/","url":"https:\/\/anadolupet.com.tr\/urun\/schesir-after-dark-tavukbildircin-yumurtasisigirordek-et-suyunda-pate-yetiskin-kedi-konservesi-cesit-paketi-12x80g-2\/","name":"Schesir After Dark Tavuk&B\u0131ld\u0131rc\u0131n Yumurtas\u0131&S\u0131\u011f\u0131r&\u00d6rdek Et Suyunda Pat\u00e9 Yeti\u015fkin Kedi Konservesi \u00c7e\u015fit Paketi 12x80g - Anadolu Pet Grup","isPartOf":{"@id":"https:\/\/anadolupet.com.tr\/#website"},"primaryImageOfPage":{"@id":"https:\/\/anadolupet.com.tr\/urun\/schesir-after-dark-tavukbildircin-yumurtasisigirordek-et-suyunda-pate-yetiskin-kedi-konservesi-cesit-paketi-12x80g-2\/#primaryimage"},"image":{"@id":"https:\/\/anadolupet.com.tr\/urun\/schesir-after-dark-tavukbildircin-yumurtasisigirordek-et-suyunda-pate-yetiskin-kedi-konservesi-cesit-paketi-12x80g-2\/#primaryimage"},"thumbnailUrl":"https:\/\/anadolupet.com.tr\/wp-content\/uploads\/2026\/02\/230-21149960_3.jpg","datePublished":"2026-02-14T14:45:26+00:00","dateModified":"2026-02-23T12:51:40+00:00","breadcrumb":{"@id":"https:\/\/anadolupet.com.tr\/urun\/schesir-after-dark-tavukbildircin-yumurtasisigirordek-et-suyunda-pate-yetiskin-kedi-konservesi-cesit-paketi-12x80g-2\/#breadcrumb"},"inLanguage":"en-US","potentialAction":[{"@type":"ReadAction","target":["https:\/\/anadolupet.com.tr\/urun\/schesir-after-dark-tavukbildircin-yumurtasisigirordek-et-suyunda-pate-yetiskin-kedi-konservesi-cesit-paketi-12x80g-2\/"]}]},{"@type":"ImageObject","inLanguage":"en-US","@id":"https:\/\/anadolupet.com.tr\/urun\/schesir-after-dark-tavukbildircin-yumurtasisigirordek-et-suyunda-pate-yetiskin-kedi-konservesi-cesit-paketi-12x80g-2\/#primaryimage","url":"https:\/\/anadolupet.com.tr\/wp-content\/uploads\/2026\/02\/230-21149960_3.jpg","contentUrl":"https:\/\/anadolupet.com.tr\/wp-content\/uploads\/2026\/02\/230-21149960_3.jpg","width":750,"height":750},{"@type":"BreadcrumbList","@id":"https:\/\/anadolupet.com.tr\/urun\/schesir-after-dark-tavukbildircin-yumurtasisigirordek-et-suyunda-pate-yetiskin-kedi-konservesi-cesit-paketi-12x80g-2\/#breadcrumb","itemListElement":[{"@type":"ListItem","position":1,"name":"Anasayfa","item":"https:\/\/anadolupet.com.tr\/"},{"@type":"ListItem","position":2,"name":"\u00dcr\u00fcnler","item":"https:\/\/anadolupet.com.tr\/urunler\/"},{"@type":"ListItem","position":3,"name":"Schesir After Dark Tavuk&#038;B\u0131ld\u0131rc\u0131n Yumurtas\u0131&#038;S\u0131\u011f\u0131r&#038;\u00d6rdek Et Suyunda Pat\u00e9 Yeti\u015fkin Kedi Konservesi \u00c7e\u015fit Paketi 12x80g"}]},{"@type":"WebSite","@id":"https:\/\/anadolupet.com.tr\/#website","url":"https:\/\/anadolupet.com.tr\/","name":"Anadolu Pet Group","description":"We Stand Together for the Well-Being of Every Life","publisher":{"@id":"https:\/\/anadolupet.com.tr\/#organization"},"potentialAction":[{"@type":"SearchAction","target":{"@type":"EntryPoint","urlTemplate":"https:\/\/anadolupet.com.tr\/?s={search_term_string}"},"query-input":{"@type":"PropertyValueSpecification","valueRequired":true,"valueName":"search_term_string"}}],"inLanguage":"en-US"},{"@type":"Organization","@id":"https:\/\/anadolupet.com.tr\/#organization","name":"Anadolu Pet Group","alternateName":"Anadolu Pet","url":"https:\/\/anadolupet.com.tr\/","logo":{"@type":"ImageObject","inLanguage":"en-US","@id":"https:\/\/anadolupet.com.tr\/#\/schema\/logo\/image\/","url":"https:\/\/anadolupet.com.tr\/wp-content\/uploads\/2026\/03\/1614666743370.jpg","contentUrl":"https:\/\/anadolupet.com.tr\/wp-content\/uploads\/2026\/03\/1614666743370.jpg","width":800,"height":571,"caption":"Anadolu Pet Grup"},"image":{"@id":"https:\/\/anadolupet.com.tr\/#\/schema\/logo\/image\/"}}]}},"_links":{"self":[{"href":"https:\/\/anadolupet.com.tr\/en\/wp-json\/wp\/v2\/product\/46020","targetHints":{"allow":["GET"]}}],"collection":[{"href":"https:\/\/anadolupet.com.tr\/en\/wp-json\/wp\/v2\/product"}],"about":[{"href":"https:\/\/anadolupet.com.tr\/en\/wp-json\/wp\/v2\/types\/product"}],"replies":[{"embeddable":true,"href":"https:\/\/anadolupet.com.tr\/en\/wp-json\/wp\/v2\/comments?post=46020"}],"wp:featuredmedia":[{"embeddable":true,"href":"https:\/\/anadolupet.com.tr\/en\/wp-json\/wp\/v2\/media\/43063"}],"wp:attachment":[{"href":"https:\/\/anadolupet.com.tr\/en\/wp-json\/wp\/v2\/media?parent=46020"}],"wp:term":[{"taxonomy":"product_brand","embeddable":true,"href":"https:\/\/anadolupet.com.tr\/en\/wp-json\/wp\/v2\/product_brand?post=46020"},{"taxonomy":"product_cat","embeddable":true,"href":"https:\/\/anadolupet.com.tr\/en\/wp-json\/wp\/v2\/product_cat?post=46020"},{"taxonomy":"product_tag","embeddable":true,"href":"https:\/\/anadolupet.com.tr\/en\/wp-json\/wp\/v2\/product_tag?post=46020"}],"curies":[{"name":"wp","href":"https:\/\/api.w.org\/{rel}","templated":true}]}}