{"id":46021,"date":"2026-02-14T14:45:27","date_gmt":"2026-02-14T14:45:27","guid":{"rendered":"https:\/\/anadolupet.com.tr\/urun\/schesir-after-dark-tavukbildircin-yumurtasisigirordek-et-suyunda-yetiskin-kedi-konservesi-cesit-paketi-12x80g\/"},"modified":"2026-02-23T12:51:40","modified_gmt":"2026-02-23T12:51:40","slug":"schesir-after-dark-tavukbildircin-yumurtasisigirordek-et-suyunda-yetiskin-kedi-konservesi-cesit-paketi-12x80g","status":"publish","type":"product","link":"https:\/\/anadolupet.com.tr\/en\/urun\/schesir-after-dark-tavukbildircin-yumurtasisigirordek-et-suyunda-yetiskin-kedi-konservesi-cesit-paketi-12x80g\/","title":{"rendered":"Schesir After Dark Tavuk&#038;B\u0131ld\u0131rc\u0131n Yumurtas\u0131&#038;S\u0131\u011f\u0131r&#038;\u00d6rdek Et Suyunda Yeti\u015fkin Kedi Konservesi \u00c7e\u015fit Paketi 12x80g"},"content":{"rendered":"","protected":false},"excerpt":{"rendered":"<p>\u0130\u00e7indekiler:<br \/>\n3 X TAVUK:<br \/>\ntavuk %66 (ta\u015fl\u0131k %5, karaci\u011fer %5, kalp %5), tavuk pi\u015firme suyu %29, rafine ay\u00e7i\u00e7ek ya\u011f\u0131, tapyoka ni\u015fastas\u0131, mineraller. 3 X TAVUK \u0130LE BILDIRCIN YUMURTASI:<br \/>\ntavuk %66 (ta\u015fl\u0131k %5, karaci\u011fer %5, kalp %5), tavuk pi\u015firme suyu %29, rafine ay\u00e7i\u00e7ek ya\u011f\u0131, tapyoka ni\u015fastas\u0131, mineraller. 3 X TAVUK \u0130LE SI\u011eIR:<br \/>\ntavuk %60 (ta\u015fl\u0131k %5, karaci\u011fer %5, kalp %5), tavuk pi\u015firme suyu %29, s\u0131\u011f\u0131r %6, rafine ay\u00e7i\u00e7ek ya\u011f\u0131, tapyoka ni\u015fastas\u0131, mineraller. 3 X TAVUK \u0130LE \u00d6RDEK:<br \/>\ntavuk %60 (ta\u015fl\u0131k %5, karaci\u011fer %5, y\u00fcrek %5), tavuk pi\u015firme suyu %29, \u00f6rdek %6, rafine ay\u00e7i\u00e7ek ya\u011f\u0131, tapyoka ni\u015fastas\u0131, mineraller. \u0130lave Malzemeler (kg):<br \/>\n3 X TAVUK:<br \/>\ntaurin 500 mg, Fe (demir (II) s\u00fclfat monohidrat) 10.5 mg, Zn (\u00e7inko oksit) 22 mg, Mn (manganez (II) oksit) 4.5 mg, Cu (glisin hidrat bak\u0131r (II) \u015felat\u0131) 1.2 mg, I (potasyum iyod\u00fcr) 0.9 mg, D3 vitamini 390 I.U., kolin klor\u00fcr 560 mg, A vitamini 19500 I.U., E vitamini 30 mg, B1 vitamini 60 mg, B3 vitamini 30 mg, B7 vitamini 0.3 mg, B12 vitamini 0.12 mg, B5 vitamini 3 mg, B2 vitamini 4.8 mg, B6 vitamini 2.4 mg, B9 vitamini 1.2 mg.<br \/>\n3 X TAVUK \u0130LE BILDIRCIN YUMURTASI:<br \/>\ntaurin 500 mg, Fe (demir (II) s\u00fclfat monohidrat) 10.5 mg, Zn (\u00e7inko oksit) 22 mg, Mn (manganez (II) oksit) 4.5 mg, Cu (glisin hidrat bak\u0131r (II) \u015felat\u0131) 1.2 mg, I (potasyum iyod\u00fcr) 0.9 mg, D3 vitamini 390 I.U., kolin klor\u00fcr 560 mg, A vitamini 19500 I.U., E vitamini 30 mg, B1 vitamini 60 mg, B3 vitamini 30 mg, B7 vitamini 0.3 mg, B12 vitamini 0.12 mg, B5 vitamini 3 mg, B2 vitamini 4.8 mg, B6 vitamini 2.4 mg, B9 vitamini 1.2 mg.<br \/>\n3 X TAVUK \u0130LE SI\u011eIR:<br \/>\ntaurin 500 mg, Fe (demir (II) s\u00fclfat monohidrat) 10.5 mg, Zn (\u00e7inko oksit) 22 mg, Mn (manganez (II) oksit) 4.5 mg, Cu (glisin hidrat bak\u0131r (II) \u015felat\u0131) 1.2 mg, I (potasyum iyod\u00fcr) 0.9 mg, D3 vitamini 390 I.U., kolin klor\u00fcr 560 mg, A vitamini 19500 I.U., E vitamini 30 mg, B1 vitamini 60 mg, B3 vitamini 30 mg, B7 vitamini 0.3 mg, B12 vitamini 0.12 mg, B5 vitamini 3 mg, B2 vitamini 4.8 mg, B6 vitamini 2.4 mg, B9 vitamini 1.2 mg.<br \/>\n3 X TAVUK \u0130LE \u00d6RDEK:<br \/>\ntaurin 500 mg, Fe (demir (II) s\u00fclfat monohidrat) 10.5 mg, Zn (\u00e7inko oksit) 22 mg, Mn (manganez (II) oksit) 4.5 mg, Cu (glisin hidrat bak\u0131r (II) \u015felat\u0131) 1.2 mg, I (potasyum iyod\u00fcr) 0.9 mg, D3 vitamini 390 I.U., kolin klor\u00fcr 560 mg, A vitamini 19500 I.U., E vitamini 30 mg, B1 vitamini 60 mg, B3 vitamini 30 mg, B7 vitamini 0.3 mg, B12 vitamini 0.12 mg, B5 vitamini 3 mg, B2 vitamini 4.8 mg, B6 vitamini 2.4 mg, vitamini B9 1.2 mg.<br \/>\nAnalitik Bile\u015fenler:<br \/>\n3 X TAVUK:<br \/>\nprotein %12, ham ya\u011f %2, ham k\u00fcl %2, ham sel\u00fcloz %0,5. Nem oran\u0131 %82. Ca %0,19, P %0,18.<br \/>\n3 X TAVUK \u0130LE BILDIRCIN YUMURTASI:<br \/>\nprotein %12, ham ya\u011f %2, ham k\u00fcl %2, ham sel\u00fcloz %0,5. Nem oran\u0131 %82. Ca %0,19, P %0,18.<br \/>\n3 X TAVUK \u0130LE SI\u011eIR:<br \/>\nprotein %12, ham ya\u011f %2, ham k\u00fcl %2, ham sel\u00fcloz %0,5. Nem oran\u0131 %82. Ca %0,19, P %0,18.<br \/>\n3 X TAVUK \u0130LE \u00d6RDEK:<br \/>\nprotein %12, ham ya\u011f %2, ham k\u00fcl %2, ham sel\u00fcloz %0,5. Nem oran\u0131 %82. Ca %0,19, P %0,18.<\/p>","protected":false},"featured_media":42948,"comment_status":"open","ping_status":"closed","template":"","meta":{"_acf_changed":false},"product_brand":[],"product_cat":[2422],"product_tag":[],"class_list":{"0":"post-46021","1":"product","2":"type-product","3":"status-publish","4":"has-post-thumbnail","6":"product_cat-after-dark","8":"first","9":"instock","10":"shipping-taxable","11":"product-type-simple"},"acf":[],"yoast_head":"<!-- This site is optimized with the Yoast SEO plugin v27.4 - https:\/\/yoast.com\/product\/yoast-seo-wordpress\/ -->\n<title>Schesir After Dark Tavuk&amp;B\u0131ld\u0131rc\u0131n Yumurtas\u0131&amp;S\u0131\u011f\u0131r&amp;\u00d6rdek Et Suyunda Yeti\u015fkin Kedi Konservesi \u00c7e\u015fit Paketi 12x80g - Anadolu Pet Grup<\/title>\n<meta name=\"robots\" content=\"index, follow, max-snippet:-1, max-image-preview:large, max-video-preview:-1\" \/>\n<link rel=\"canonical\" href=\"https:\/\/anadolupet.com.tr\/en\/product\/schesir-after-dark-tavukbildircin-yumurtasisigirordek-et-suyunda-yetiskin-kedi-konservesi-cesit-paketi-12x80g\/\" \/>\n<meta property=\"og:locale\" content=\"en_US\" \/>\n<meta property=\"og:type\" content=\"article\" \/>\n<meta property=\"og:title\" content=\"Schesir After Dark Tavuk&amp;B\u0131ld\u0131rc\u0131n Yumurtas\u0131&amp;S\u0131\u011f\u0131r&amp;\u00d6rdek Et Suyunda Yeti\u015fkin Kedi Konservesi \u00c7e\u015fit Paketi 12x80g - Anadolu Pet Grup\" \/>\n<meta property=\"og:description\" content=\"\u0130\u00e7indekiler: 3 X TAVUK: tavuk %66 (ta\u015fl\u0131k %5, karaci\u011fer %5, kalp %5), tavuk pi\u015firme suyu %29, rafine ay\u00e7i\u00e7ek ya\u011f\u0131, tapyoka ni\u015fastas\u0131, mineraller. 3 X TAVUK \u0130LE BILDIRCIN YUMURTASI: tavuk %66 (ta\u015fl\u0131k %5, karaci\u011fer %5, kalp %5), tavuk pi\u015firme suyu %29, rafine ay\u00e7i\u00e7ek ya\u011f\u0131, tapyoka ni\u015fastas\u0131, mineraller. 3 X TAVUK \u0130LE SI\u011eIR: tavuk %60 (ta\u015fl\u0131k %5, karaci\u011fer %5, kalp %5), tavuk pi\u015firme suyu %29, s\u0131\u011f\u0131r %6, rafine ay\u00e7i\u00e7ek ya\u011f\u0131, tapyoka ni\u015fastas\u0131, mineraller. 3 X TAVUK \u0130LE \u00d6RDEK: tavuk %60 (ta\u015fl\u0131k %5, karaci\u011fer %5, y\u00fcrek %5), tavuk pi\u015firme suyu %29, \u00f6rdek %6, rafine ay\u00e7i\u00e7ek ya\u011f\u0131, tapyoka ni\u015fastas\u0131, mineraller. \u0130lave Malzemeler (kg): 3 X TAVUK: taurin 500 mg, Fe (demir (II) s\u00fclfat monohidrat) 10.5 mg, Zn (\u00e7inko oksit) 22 mg, Mn (manganez (II) oksit) 4.5 mg, Cu (glisin hidrat bak\u0131r (II) \u015felat\u0131) 1.2 mg, I (potasyum iyod\u00fcr) 0.9 mg, D3 vitamini 390 I.U., kolin klor\u00fcr 560 mg, A vitamini 19500 I.U., E vitamini 30 mg, B1 vitamini 60 mg, B3 vitamini 30 mg, B7 vitamini 0.3 mg, B12 vitamini 0.12 mg, B5 vitamini 3 mg, B2 vitamini 4.8 mg, B6 vitamini 2.4 mg, B9 vitamini 1.2 mg. 3 X TAVUK \u0130LE BILDIRCIN YUMURTASI: taurin 500 mg, Fe (demir (II) s\u00fclfat monohidrat) 10.5 mg, Zn (\u00e7inko oksit) 22 mg, Mn (manganez (II) oksit) 4.5 mg, Cu (glisin hidrat bak\u0131r (II) \u015felat\u0131) 1.2 mg, I (potasyum iyod\u00fcr) 0.9 mg, D3 vitamini 390 I.U., kolin klor\u00fcr 560 mg, A vitamini 19500 I.U., E vitamini 30 mg, B1 vitamini 60 mg, B3 vitamini 30 mg, B7 vitamini 0.3 mg, B12 vitamini 0.12 mg, B5 vitamini 3 mg, B2 vitamini 4.8 mg, B6 vitamini 2.4 mg, B9 vitamini 1.2 mg. 3 X TAVUK \u0130LE SI\u011eIR: taurin 500 mg, Fe (demir (II) s\u00fclfat monohidrat) 10.5 mg, Zn (\u00e7inko oksit) 22 mg, Mn (manganez (II) oksit) 4.5 mg, Cu (glisin hidrat bak\u0131r (II) \u015felat\u0131) 1.2 mg, I (potasyum iyod\u00fcr) 0.9 mg, D3 vitamini 390 I.U., kolin klor\u00fcr 560 mg, A vitamini 19500 I.U., E vitamini 30 mg, B1 vitamini 60 mg, B3 vitamini 30 mg, B7 vitamini 0.3 mg, B12 vitamini 0.12 mg, B5 vitamini 3 mg, B2 vitamini 4.8 mg, B6 vitamini 2.4 mg, B9 vitamini 1.2 mg. 3 X TAVUK \u0130LE \u00d6RDEK: taurin 500 mg, Fe (demir (II) s\u00fclfat monohidrat) 10.5 mg, Zn (\u00e7inko oksit) 22 mg, Mn (manganez (II) oksit) 4.5 mg, Cu (glisin hidrat bak\u0131r (II) \u015felat\u0131) 1.2 mg, I (potasyum iyod\u00fcr) 0.9 mg, D3 vitamini 390 I.U., kolin klor\u00fcr 560 mg, A vitamini 19500 I.U., E vitamini 30 mg, B1 vitamini 60 mg, B3 vitamini 30 mg, B7 vitamini 0.3 mg, B12 vitamini 0.12 mg, B5 vitamini 3 mg, B2 vitamini 4.8 mg, B6 vitamini 2.4 mg, vitamini B9 1.2 mg. Analitik Bile\u015fenler: 3 X TAVUK: protein %12, ham ya\u011f %2, ham k\u00fcl %2, ham sel\u00fcloz %0,5. Nem oran\u0131 %82. Ca %0,19, P %0,18. 3 X TAVUK \u0130LE BILDIRCIN YUMURTASI: protein %12, ham ya\u011f %2, ham k\u00fcl %2, ham sel\u00fcloz %0,5. Nem oran\u0131 %82. Ca %0,19, P %0,18. 3 X TAVUK \u0130LE SI\u011eIR: protein %12, ham ya\u011f %2, ham k\u00fcl %2, ham sel\u00fcloz %0,5. Nem oran\u0131 %82. Ca %0,19, P %0,18. 3 X TAVUK \u0130LE \u00d6RDEK: protein %12, ham ya\u011f %2, ham k\u00fcl %2, ham sel\u00fcloz %0,5. Nem oran\u0131 %82. Ca %0,19, P %0,18.\" \/>\n<meta property=\"og:url\" content=\"https:\/\/anadolupet.com.tr\/en\/product\/schesir-after-dark-tavukbildircin-yumurtasisigirordek-et-suyunda-yetiskin-kedi-konservesi-cesit-paketi-12x80g\/\" \/>\n<meta property=\"og:site_name\" content=\"Anadolu Pet Grup\" \/>\n<meta property=\"article:modified_time\" content=\"2026-02-23T12:51:40+00:00\" \/>\n<meta property=\"og:image\" content=\"https:\/\/anadolupet.com.tr\/wp-content\/uploads\/2026\/02\/230-21119904_2.jpg\" \/>\n\t<meta property=\"og:image:width\" content=\"750\" \/>\n\t<meta property=\"og:image:height\" content=\"750\" \/>\n\t<meta property=\"og:image:type\" content=\"image\/jpeg\" \/>\n<meta name=\"twitter:card\" content=\"summary_large_image\" \/>\n<script type=\"application\/ld+json\" class=\"yoast-schema-graph\">{\"@context\":\"https:\\\/\\\/schema.org\",\"@graph\":[{\"@type\":\"WebPage\",\"@id\":\"https:\\\/\\\/anadolupet.com.tr\\\/en\\\/product\\\/schesir-after-dark-tavukbildircin-yumurtasisigirordek-et-suyunda-yetiskin-kedi-konservesi-cesit-paketi-12x80g\\\/\",\"url\":\"https:\\\/\\\/anadolupet.com.tr\\\/en\\\/product\\\/schesir-after-dark-tavukbildircin-yumurtasisigirordek-et-suyunda-yetiskin-kedi-konservesi-cesit-paketi-12x80g\\\/\",\"name\":\"Schesir After Dark Tavuk&B\u0131ld\u0131rc\u0131n Yumurtas\u0131&S\u0131\u011f\u0131r&\u00d6rdek Et Suyunda Yeti\u015fkin Kedi Konservesi \u00c7e\u015fit Paketi 12x80g - Anadolu Pet Grup\",\"isPartOf\":{\"@id\":\"https:\\\/\\\/anadolupet.com.tr\\\/#website\"},\"primaryImageOfPage\":{\"@id\":\"https:\\\/\\\/anadolupet.com.tr\\\/en\\\/product\\\/schesir-after-dark-tavukbildircin-yumurtasisigirordek-et-suyunda-yetiskin-kedi-konservesi-cesit-paketi-12x80g\\\/#primaryimage\"},\"image\":{\"@id\":\"https:\\\/\\\/anadolupet.com.tr\\\/en\\\/product\\\/schesir-after-dark-tavukbildircin-yumurtasisigirordek-et-suyunda-yetiskin-kedi-konservesi-cesit-paketi-12x80g\\\/#primaryimage\"},\"thumbnailUrl\":\"https:\\\/\\\/anadolupet.com.tr\\\/wp-content\\\/uploads\\\/2026\\\/02\\\/230-21119904_2.jpg\",\"datePublished\":\"2026-02-14T14:45:27+00:00\",\"dateModified\":\"2026-02-23T12:51:40+00:00\",\"breadcrumb\":{\"@id\":\"https:\\\/\\\/anadolupet.com.tr\\\/en\\\/product\\\/schesir-after-dark-tavukbildircin-yumurtasisigirordek-et-suyunda-yetiskin-kedi-konservesi-cesit-paketi-12x80g\\\/#breadcrumb\"},\"inLanguage\":\"en-US\",\"potentialAction\":[{\"@type\":\"ReadAction\",\"target\":[\"https:\\\/\\\/anadolupet.com.tr\\\/en\\\/product\\\/schesir-after-dark-tavukbildircin-yumurtasisigirordek-et-suyunda-yetiskin-kedi-konservesi-cesit-paketi-12x80g\\\/\"]}]},{\"@type\":\"ImageObject\",\"inLanguage\":\"en-US\",\"@id\":\"https:\\\/\\\/anadolupet.com.tr\\\/en\\\/product\\\/schesir-after-dark-tavukbildircin-yumurtasisigirordek-et-suyunda-yetiskin-kedi-konservesi-cesit-paketi-12x80g\\\/#primaryimage\",\"url\":\"https:\\\/\\\/anadolupet.com.tr\\\/wp-content\\\/uploads\\\/2026\\\/02\\\/230-21119904_2.jpg\",\"contentUrl\":\"https:\\\/\\\/anadolupet.com.tr\\\/wp-content\\\/uploads\\\/2026\\\/02\\\/230-21119904_2.jpg\",\"width\":750,\"height\":750},{\"@type\":\"BreadcrumbList\",\"@id\":\"https:\\\/\\\/anadolupet.com.tr\\\/en\\\/product\\\/schesir-after-dark-tavukbildircin-yumurtasisigirordek-et-suyunda-yetiskin-kedi-konservesi-cesit-paketi-12x80g\\\/#breadcrumb\",\"itemListElement\":[{\"@type\":\"ListItem\",\"position\":1,\"name\":\"Anasayfa\",\"item\":\"https:\\\/\\\/anadolupet.com.tr\\\/\"},{\"@type\":\"ListItem\",\"position\":2,\"name\":\"\u00dcr\u00fcnler\",\"item\":\"https:\\\/\\\/anadolupet.com.tr\\\/urunler\\\/\"},{\"@type\":\"ListItem\",\"position\":3,\"name\":\"Schesir After Dark Tavuk&#038;B\u0131ld\u0131rc\u0131n Yumurtas\u0131&#038;S\u0131\u011f\u0131r&#038;\u00d6rdek Et Suyunda Yeti\u015fkin Kedi Konservesi \u00c7e\u015fit Paketi 12x80g\"}]},{\"@type\":\"WebSite\",\"@id\":\"https:\\\/\\\/anadolupet.com.tr\\\/#website\",\"url\":\"https:\\\/\\\/anadolupet.com.tr\\\/\",\"name\":\"Anadolu Pet Grup\",\"description\":\"Her Can\u0131n \u0130yi Ya\u015fam\u0131 \u0130\u00e7in Biraraday\u0131z\",\"publisher\":{\"@id\":\"https:\\\/\\\/anadolupet.com.tr\\\/#organization\"},\"potentialAction\":[{\"@type\":\"SearchAction\",\"target\":{\"@type\":\"EntryPoint\",\"urlTemplate\":\"https:\\\/\\\/anadolupet.com.tr\\\/?s={search_term_string}\"},\"query-input\":{\"@type\":\"PropertyValueSpecification\",\"valueRequired\":true,\"valueName\":\"search_term_string\"}}],\"inLanguage\":\"en-US\"},{\"@type\":\"Organization\",\"@id\":\"https:\\\/\\\/anadolupet.com.tr\\\/#organization\",\"name\":\"Anadolu Pet Grup\",\"alternateName\":\"Anadolu Pet\",\"url\":\"https:\\\/\\\/anadolupet.com.tr\\\/\",\"logo\":{\"@type\":\"ImageObject\",\"inLanguage\":\"en-US\",\"@id\":\"https:\\\/\\\/anadolupet.com.tr\\\/#\\\/schema\\\/logo\\\/image\\\/\",\"url\":\"https:\\\/\\\/anadolupet.com.tr\\\/wp-content\\\/uploads\\\/2026\\\/03\\\/1614666743370.jpg\",\"contentUrl\":\"https:\\\/\\\/anadolupet.com.tr\\\/wp-content\\\/uploads\\\/2026\\\/03\\\/1614666743370.jpg\",\"width\":800,\"height\":571,\"caption\":\"Anadolu Pet Grup\"},\"image\":{\"@id\":\"https:\\\/\\\/anadolupet.com.tr\\\/#\\\/schema\\\/logo\\\/image\\\/\"}}]}<\/script>\n<!-- \/ Yoast SEO plugin. -->","yoast_head_json":{"title":"Schesir After Dark Tavuk&B\u0131ld\u0131rc\u0131n Yumurtas\u0131&S\u0131\u011f\u0131r&\u00d6rdek Et Suyunda Yeti\u015fkin Kedi Konservesi \u00c7e\u015fit Paketi 12x80g - Anadolu Pet Grup","robots":{"index":"index","follow":"follow","max-snippet":"max-snippet:-1","max-image-preview":"max-image-preview:large","max-video-preview":"max-video-preview:-1"},"canonical":"https:\/\/anadolupet.com.tr\/en\/product\/schesir-after-dark-tavukbildircin-yumurtasisigirordek-et-suyunda-yetiskin-kedi-konservesi-cesit-paketi-12x80g\/","og_locale":"en_US","og_type":"article","og_title":"Schesir After Dark Tavuk&B\u0131ld\u0131rc\u0131n Yumurtas\u0131&S\u0131\u011f\u0131r&\u00d6rdek Et Suyunda Yeti\u015fkin Kedi Konservesi \u00c7e\u015fit Paketi 12x80g - Anadolu Pet Grup","og_description":"\u0130\u00e7indekiler: 3 X TAVUK: tavuk %66 (ta\u015fl\u0131k %5, karaci\u011fer %5, kalp %5), tavuk pi\u015firme suyu %29, rafine ay\u00e7i\u00e7ek ya\u011f\u0131, tapyoka ni\u015fastas\u0131, mineraller. 3 X TAVUK \u0130LE BILDIRCIN YUMURTASI: tavuk %66 (ta\u015fl\u0131k %5, karaci\u011fer %5, kalp %5), tavuk pi\u015firme suyu %29, rafine ay\u00e7i\u00e7ek ya\u011f\u0131, tapyoka ni\u015fastas\u0131, mineraller. 3 X TAVUK \u0130LE SI\u011eIR: tavuk %60 (ta\u015fl\u0131k %5, karaci\u011fer %5, kalp %5), tavuk pi\u015firme suyu %29, s\u0131\u011f\u0131r %6, rafine ay\u00e7i\u00e7ek ya\u011f\u0131, tapyoka ni\u015fastas\u0131, mineraller. 3 X TAVUK \u0130LE \u00d6RDEK: tavuk %60 (ta\u015fl\u0131k %5, karaci\u011fer %5, y\u00fcrek %5), tavuk pi\u015firme suyu %29, \u00f6rdek %6, rafine ay\u00e7i\u00e7ek ya\u011f\u0131, tapyoka ni\u015fastas\u0131, mineraller. \u0130lave Malzemeler (kg): 3 X TAVUK: taurin 500 mg, Fe (demir (II) s\u00fclfat monohidrat) 10.5 mg, Zn (\u00e7inko oksit) 22 mg, Mn (manganez (II) oksit) 4.5 mg, Cu (glisin hidrat bak\u0131r (II) \u015felat\u0131) 1.2 mg, I (potasyum iyod\u00fcr) 0.9 mg, D3 vitamini 390 I.U., kolin klor\u00fcr 560 mg, A vitamini 19500 I.U., E vitamini 30 mg, B1 vitamini 60 mg, B3 vitamini 30 mg, B7 vitamini 0.3 mg, B12 vitamini 0.12 mg, B5 vitamini 3 mg, B2 vitamini 4.8 mg, B6 vitamini 2.4 mg, B9 vitamini 1.2 mg. 3 X TAVUK \u0130LE BILDIRCIN YUMURTASI: taurin 500 mg, Fe (demir (II) s\u00fclfat monohidrat) 10.5 mg, Zn (\u00e7inko oksit) 22 mg, Mn (manganez (II) oksit) 4.5 mg, Cu (glisin hidrat bak\u0131r (II) \u015felat\u0131) 1.2 mg, I (potasyum iyod\u00fcr) 0.9 mg, D3 vitamini 390 I.U., kolin klor\u00fcr 560 mg, A vitamini 19500 I.U., E vitamini 30 mg, B1 vitamini 60 mg, B3 vitamini 30 mg, B7 vitamini 0.3 mg, B12 vitamini 0.12 mg, B5 vitamini 3 mg, B2 vitamini 4.8 mg, B6 vitamini 2.4 mg, B9 vitamini 1.2 mg. 3 X TAVUK \u0130LE SI\u011eIR: taurin 500 mg, Fe (demir (II) s\u00fclfat monohidrat) 10.5 mg, Zn (\u00e7inko oksit) 22 mg, Mn (manganez (II) oksit) 4.5 mg, Cu (glisin hidrat bak\u0131r (II) \u015felat\u0131) 1.2 mg, I (potasyum iyod\u00fcr) 0.9 mg, D3 vitamini 390 I.U., kolin klor\u00fcr 560 mg, A vitamini 19500 I.U., E vitamini 30 mg, B1 vitamini 60 mg, B3 vitamini 30 mg, B7 vitamini 0.3 mg, B12 vitamini 0.12 mg, B5 vitamini 3 mg, B2 vitamini 4.8 mg, B6 vitamini 2.4 mg, B9 vitamini 1.2 mg. 3 X TAVUK \u0130LE \u00d6RDEK: taurin 500 mg, Fe (demir (II) s\u00fclfat monohidrat) 10.5 mg, Zn (\u00e7inko oksit) 22 mg, Mn (manganez (II) oksit) 4.5 mg, Cu (glisin hidrat bak\u0131r (II) \u015felat\u0131) 1.2 mg, I (potasyum iyod\u00fcr) 0.9 mg, D3 vitamini 390 I.U., kolin klor\u00fcr 560 mg, A vitamini 19500 I.U., E vitamini 30 mg, B1 vitamini 60 mg, B3 vitamini 30 mg, B7 vitamini 0.3 mg, B12 vitamini 0.12 mg, B5 vitamini 3 mg, B2 vitamini 4.8 mg, B6 vitamini 2.4 mg, vitamini B9 1.2 mg. Analitik Bile\u015fenler: 3 X TAVUK: protein %12, ham ya\u011f %2, ham k\u00fcl %2, ham sel\u00fcloz %0,5. Nem oran\u0131 %82. Ca %0,19, P %0,18. 3 X TAVUK \u0130LE BILDIRCIN YUMURTASI: protein %12, ham ya\u011f %2, ham k\u00fcl %2, ham sel\u00fcloz %0,5. Nem oran\u0131 %82. Ca %0,19, P %0,18. 3 X TAVUK \u0130LE SI\u011eIR: protein %12, ham ya\u011f %2, ham k\u00fcl %2, ham sel\u00fcloz %0,5. Nem oran\u0131 %82. Ca %0,19, P %0,18. 3 X TAVUK \u0130LE \u00d6RDEK: protein %12, ham ya\u011f %2, ham k\u00fcl %2, ham sel\u00fcloz %0,5. Nem oran\u0131 %82. Ca %0,19, P %0,18.","og_url":"https:\/\/anadolupet.com.tr\/en\/product\/schesir-after-dark-tavukbildircin-yumurtasisigirordek-et-suyunda-yetiskin-kedi-konservesi-cesit-paketi-12x80g\/","og_site_name":"Anadolu Pet Grup","article_modified_time":"2026-02-23T12:51:40+00:00","og_image":[{"width":750,"height":750,"url":"https:\/\/anadolupet.com.tr\/wp-content\/uploads\/2026\/02\/230-21119904_2.jpg","type":"image\/jpeg"}],"twitter_card":"summary_large_image","schema":{"@context":"https:\/\/schema.org","@graph":[{"@type":"WebPage","@id":"https:\/\/anadolupet.com.tr\/en\/product\/schesir-after-dark-tavukbildircin-yumurtasisigirordek-et-suyunda-yetiskin-kedi-konservesi-cesit-paketi-12x80g\/","url":"https:\/\/anadolupet.com.tr\/en\/product\/schesir-after-dark-tavukbildircin-yumurtasisigirordek-et-suyunda-yetiskin-kedi-konservesi-cesit-paketi-12x80g\/","name":"Schesir After Dark Tavuk&B\u0131ld\u0131rc\u0131n Yumurtas\u0131&S\u0131\u011f\u0131r&\u00d6rdek Et Suyunda Yeti\u015fkin Kedi Konservesi \u00c7e\u015fit Paketi 12x80g - Anadolu Pet Grup","isPartOf":{"@id":"https:\/\/anadolupet.com.tr\/#website"},"primaryImageOfPage":{"@id":"https:\/\/anadolupet.com.tr\/en\/product\/schesir-after-dark-tavukbildircin-yumurtasisigirordek-et-suyunda-yetiskin-kedi-konservesi-cesit-paketi-12x80g\/#primaryimage"},"image":{"@id":"https:\/\/anadolupet.com.tr\/en\/product\/schesir-after-dark-tavukbildircin-yumurtasisigirordek-et-suyunda-yetiskin-kedi-konservesi-cesit-paketi-12x80g\/#primaryimage"},"thumbnailUrl":"https:\/\/anadolupet.com.tr\/wp-content\/uploads\/2026\/02\/230-21119904_2.jpg","datePublished":"2026-02-14T14:45:27+00:00","dateModified":"2026-02-23T12:51:40+00:00","breadcrumb":{"@id":"https:\/\/anadolupet.com.tr\/en\/product\/schesir-after-dark-tavukbildircin-yumurtasisigirordek-et-suyunda-yetiskin-kedi-konservesi-cesit-paketi-12x80g\/#breadcrumb"},"inLanguage":"en-US","potentialAction":[{"@type":"ReadAction","target":["https:\/\/anadolupet.com.tr\/en\/product\/schesir-after-dark-tavukbildircin-yumurtasisigirordek-et-suyunda-yetiskin-kedi-konservesi-cesit-paketi-12x80g\/"]}]},{"@type":"ImageObject","inLanguage":"en-US","@id":"https:\/\/anadolupet.com.tr\/en\/product\/schesir-after-dark-tavukbildircin-yumurtasisigirordek-et-suyunda-yetiskin-kedi-konservesi-cesit-paketi-12x80g\/#primaryimage","url":"https:\/\/anadolupet.com.tr\/wp-content\/uploads\/2026\/02\/230-21119904_2.jpg","contentUrl":"https:\/\/anadolupet.com.tr\/wp-content\/uploads\/2026\/02\/230-21119904_2.jpg","width":750,"height":750},{"@type":"BreadcrumbList","@id":"https:\/\/anadolupet.com.tr\/en\/product\/schesir-after-dark-tavukbildircin-yumurtasisigirordek-et-suyunda-yetiskin-kedi-konservesi-cesit-paketi-12x80g\/#breadcrumb","itemListElement":[{"@type":"ListItem","position":1,"name":"Anasayfa","item":"https:\/\/anadolupet.com.tr\/"},{"@type":"ListItem","position":2,"name":"\u00dcr\u00fcnler","item":"https:\/\/anadolupet.com.tr\/urunler\/"},{"@type":"ListItem","position":3,"name":"Schesir After Dark Tavuk&#038;B\u0131ld\u0131rc\u0131n Yumurtas\u0131&#038;S\u0131\u011f\u0131r&#038;\u00d6rdek Et Suyunda Yeti\u015fkin Kedi Konservesi \u00c7e\u015fit Paketi 12x80g"}]},{"@type":"WebSite","@id":"https:\/\/anadolupet.com.tr\/#website","url":"https:\/\/anadolupet.com.tr\/","name":"Anadolu Pet Group","description":"We Stand Together for the Well-Being of Every Life","publisher":{"@id":"https:\/\/anadolupet.com.tr\/#organization"},"potentialAction":[{"@type":"SearchAction","target":{"@type":"EntryPoint","urlTemplate":"https:\/\/anadolupet.com.tr\/?s={search_term_string}"},"query-input":{"@type":"PropertyValueSpecification","valueRequired":true,"valueName":"search_term_string"}}],"inLanguage":"en-US"},{"@type":"Organization","@id":"https:\/\/anadolupet.com.tr\/#organization","name":"Anadolu Pet Group","alternateName":"Anadolu Pet","url":"https:\/\/anadolupet.com.tr\/","logo":{"@type":"ImageObject","inLanguage":"en-US","@id":"https:\/\/anadolupet.com.tr\/#\/schema\/logo\/image\/","url":"https:\/\/anadolupet.com.tr\/wp-content\/uploads\/2026\/03\/1614666743370.jpg","contentUrl":"https:\/\/anadolupet.com.tr\/wp-content\/uploads\/2026\/03\/1614666743370.jpg","width":800,"height":571,"caption":"Anadolu Pet Grup"},"image":{"@id":"https:\/\/anadolupet.com.tr\/#\/schema\/logo\/image\/"}}]}},"_links":{"self":[{"href":"https:\/\/anadolupet.com.tr\/en\/wp-json\/wp\/v2\/product\/46021","targetHints":{"allow":["GET"]}}],"collection":[{"href":"https:\/\/anadolupet.com.tr\/en\/wp-json\/wp\/v2\/product"}],"about":[{"href":"https:\/\/anadolupet.com.tr\/en\/wp-json\/wp\/v2\/types\/product"}],"replies":[{"embeddable":true,"href":"https:\/\/anadolupet.com.tr\/en\/wp-json\/wp\/v2\/comments?post=46021"}],"wp:featuredmedia":[{"embeddable":true,"href":"https:\/\/anadolupet.com.tr\/en\/wp-json\/wp\/v2\/media\/42948"}],"wp:attachment":[{"href":"https:\/\/anadolupet.com.tr\/en\/wp-json\/wp\/v2\/media?parent=46021"}],"wp:term":[{"taxonomy":"product_brand","embeddable":true,"href":"https:\/\/anadolupet.com.tr\/en\/wp-json\/wp\/v2\/product_brand?post=46021"},{"taxonomy":"product_cat","embeddable":true,"href":"https:\/\/anadolupet.com.tr\/en\/wp-json\/wp\/v2\/product_cat?post=46021"},{"taxonomy":"product_tag","embeddable":true,"href":"https:\/\/anadolupet.com.tr\/en\/wp-json\/wp\/v2\/product_tag?post=46021"}],"curies":[{"name":"wp","href":"https:\/\/api.w.org\/{rel}","templated":true}]}}