{"id":46022,"date":"2026-02-14T14:45:27","date_gmt":"2026-02-14T14:45:27","guid":{"rendered":"https:\/\/anadolupet.com.tr\/urun\/schesir-baby-tavuk-ile-somon-mus-konserve-12x70g\/"},"modified":"2026-02-23T12:51:40","modified_gmt":"2026-02-23T12:51:40","slug":"schesir-baby-tavuk-ile-somon-mus-konserve-12x70g","status":"publish","type":"product","link":"https:\/\/anadolupet.com.tr\/en\/urun\/schesir-baby-tavuk-ile-somon-mus-konserve-12x70g\/","title":{"rendered":"Schesir Baby Tavuk ile Somon Mus Konserve 12x70g"},"content":{"rendered":"","protected":false},"excerpt":{"rendered":"<p>Ger\u00e7ek tavuk filetolar\u0131ndan yap\u0131lan, ince ince do\u011franm\u0131\u015f ve lezzetli somon i\u00e7eren, yavru kedilerin b\u00fcy\u00fcmesini destekleyecek \u015fekilde protein, kalori ve ya\u011f a\u00e7\u0131s\u0131ndan zengin bir tarif.<br \/>\n1. 2 ayl\u0131ktan 1 ya\u015f\u0131na kadar olan yavru kediler i\u00e7in gerekli t\u00fcm protein, vitamin ve mineralleri i\u00e7eren %100 tam ve dengeli tarif<br \/>\n2. b\u00fcy\u00fcmeyi desteklemek i\u00e7in taurin ilavesiyle 3. do\u011fru beyin geli\u015fimini desteklemek i\u00e7in DHA i\u00e7erir<br \/>\n4. ger\u00e7ek tavuk ve bal\u0131k etinden gelen y\u00fcksek protein i\u00e7eri\u011fi<br \/>\n5. s\u00fctten kesilme d\u00f6nemindeki yavru kedilere yard\u0131mc\u0131 olmak i\u00e7in ince ince k\u0131y\u0131lm\u0131\u015f filetolar<br \/>\n6. yavru kedinizin ihtiya\u00e7 duydu\u011fu s\u0131v\u0131 al\u0131m\u0131n\u0131 desteklemek i\u00e7in bol miktarda et suyu i\u00e7erir<br \/>\n7. tah\u0131ls\u0131z<br \/>\n8. minimum d\u00fczeyde i\u015flenmi\u015f, y\u00fcksek besin de\u011ferine sahip kaliteli i\u00e7erikler<br \/>\n\u0130\u00c7\u0130NDEK\u0130LER: tavuk %63, tavuk suyu %18, rafine ay\u00e7i\u00e7ek ya\u011f\u0131, tavuk ci\u011feri %4, somon %4, tapiyoka ni\u015fastas\u0131, mineraller, hindiba in\u00fclini, somon ya\u011f\u0131.<br \/>\nANAL\u0130T\u0130K B\u0130LE\u015eENLER: protein %14, ham ya\u011f %7, ham k\u00fcl %2, ham sel\u00fcloz %0,1. Nem %76. Ca %0,35, P %0,29, DHA %0,02.<br \/>\nKULLANIM TAL\u0130MATI: 2 &#8211; 4 ay = g\u00fcnde 3 konserve<br \/>\n5 &#8211; 7 ay = g\u00fcnde 4 konserve<br \/>\n8 &#8211; 12 ay = g\u00fcnde 3\u00bd konserve<br \/>\nSAKLAMA Y\u00d6NTEM\u0130: Oda s\u0131cakl\u0131\u011f\u0131nda servis edin. A\u00e7\u0131ld\u0131ktan sonra buzdolab\u0131nda saklay\u0131n ve 48 saat i\u00e7inde t\u00fcketin.<\/p>","protected":false},"featured_media":42928,"comment_status":"open","ping_status":"closed","template":"","meta":{"_acf_changed":false},"product_brand":[],"product_cat":[2423],"product_tag":[],"class_list":{"0":"post-46022","1":"product","2":"type-product","3":"status-publish","4":"has-post-thumbnail","6":"product_cat-baby","8":"first","9":"instock","10":"shipping-taxable","11":"product-type-simple"},"acf":[],"yoast_head":"<!-- This site is optimized with the Yoast SEO plugin v27.4 - https:\/\/yoast.com\/product\/yoast-seo-wordpress\/ -->\n<title>Schesir Baby Tavuk ile Somon Mus Konserve 12x70g - Anadolu Pet Grup<\/title>\n<meta name=\"robots\" content=\"index, follow, max-snippet:-1, max-image-preview:large, max-video-preview:-1\" \/>\n<link rel=\"canonical\" href=\"https:\/\/anadolupet.com.tr\/en\/product\/schesir-baby-tavuk-ile-somon-mus-konserve-12x70g\/\" \/>\n<meta property=\"og:locale\" content=\"en_US\" \/>\n<meta property=\"og:type\" content=\"article\" \/>\n<meta property=\"og:title\" content=\"Schesir Baby Tavuk ile Somon Mus Konserve 12x70g - Anadolu Pet Grup\" \/>\n<meta property=\"og:description\" content=\"Ger\u00e7ek tavuk filetolar\u0131ndan yap\u0131lan, ince ince do\u011franm\u0131\u015f ve lezzetli somon i\u00e7eren, yavru kedilerin b\u00fcy\u00fcmesini destekleyecek \u015fekilde protein, kalori ve ya\u011f a\u00e7\u0131s\u0131ndan zengin bir tarif. 1. 2 ayl\u0131ktan 1 ya\u015f\u0131na kadar olan yavru kediler i\u00e7in gerekli t\u00fcm protein, vitamin ve mineralleri i\u00e7eren %100 tam ve dengeli tarif 2. b\u00fcy\u00fcmeyi desteklemek i\u00e7in taurin ilavesiyle 3. do\u011fru beyin geli\u015fimini desteklemek i\u00e7in DHA i\u00e7erir 4. ger\u00e7ek tavuk ve bal\u0131k etinden gelen y\u00fcksek protein i\u00e7eri\u011fi 5. s\u00fctten kesilme d\u00f6nemindeki yavru kedilere yard\u0131mc\u0131 olmak i\u00e7in ince ince k\u0131y\u0131lm\u0131\u015f filetolar 6. yavru kedinizin ihtiya\u00e7 duydu\u011fu s\u0131v\u0131 al\u0131m\u0131n\u0131 desteklemek i\u00e7in bol miktarda et suyu i\u00e7erir 7. tah\u0131ls\u0131z 8. minimum d\u00fczeyde i\u015flenmi\u015f, y\u00fcksek besin de\u011ferine sahip kaliteli i\u00e7erikler \u0130\u00c7\u0130NDEK\u0130LER: tavuk %63, tavuk suyu %18, rafine ay\u00e7i\u00e7ek ya\u011f\u0131, tavuk ci\u011feri %4, somon %4, tapiyoka ni\u015fastas\u0131, mineraller, hindiba in\u00fclini, somon ya\u011f\u0131. ANAL\u0130T\u0130K B\u0130LE\u015eENLER: protein %14, ham ya\u011f %7, ham k\u00fcl %2, ham sel\u00fcloz %0,1. Nem %76. Ca %0,35, P %0,29, DHA %0,02. KULLANIM TAL\u0130MATI: 2 - 4 ay = g\u00fcnde 3 konserve 5 - 7 ay = g\u00fcnde 4 konserve 8 - 12 ay = g\u00fcnde 3\u00bd konserve SAKLAMA Y\u00d6NTEM\u0130: Oda s\u0131cakl\u0131\u011f\u0131nda servis edin. A\u00e7\u0131ld\u0131ktan sonra buzdolab\u0131nda saklay\u0131n ve 48 saat i\u00e7inde t\u00fcketin.\" \/>\n<meta property=\"og:url\" content=\"https:\/\/anadolupet.com.tr\/en\/product\/schesir-baby-tavuk-ile-somon-mus-konserve-12x70g\/\" \/>\n<meta property=\"og:site_name\" content=\"Anadolu Pet Grup\" \/>\n<meta property=\"article:modified_time\" content=\"2026-02-23T12:51:40+00:00\" \/>\n<meta property=\"og:image\" content=\"https:\/\/anadolupet.com.tr\/wp-content\/uploads\/2026\/02\/230-21111103_2.jpg\" \/>\n\t<meta property=\"og:image:width\" content=\"750\" \/>\n\t<meta property=\"og:image:height\" content=\"750\" \/>\n\t<meta property=\"og:image:type\" content=\"image\/jpeg\" \/>\n<meta name=\"twitter:card\" content=\"summary_large_image\" \/>\n<script type=\"application\/ld+json\" class=\"yoast-schema-graph\">{\"@context\":\"https:\\\/\\\/schema.org\",\"@graph\":[{\"@type\":\"WebPage\",\"@id\":\"https:\\\/\\\/anadolupet.com.tr\\\/urun\\\/schesir-baby-tavuk-ile-somon-mus-konserve-12x70g\\\/\",\"url\":\"https:\\\/\\\/anadolupet.com.tr\\\/urun\\\/schesir-baby-tavuk-ile-somon-mus-konserve-12x70g\\\/\",\"name\":\"Schesir Baby Tavuk ile Somon Mus Konserve 12x70g - Anadolu Pet Grup\",\"isPartOf\":{\"@id\":\"https:\\\/\\\/anadolupet.com.tr\\\/#website\"},\"primaryImageOfPage\":{\"@id\":\"https:\\\/\\\/anadolupet.com.tr\\\/urun\\\/schesir-baby-tavuk-ile-somon-mus-konserve-12x70g\\\/#primaryimage\"},\"image\":{\"@id\":\"https:\\\/\\\/anadolupet.com.tr\\\/urun\\\/schesir-baby-tavuk-ile-somon-mus-konserve-12x70g\\\/#primaryimage\"},\"thumbnailUrl\":\"https:\\\/\\\/anadolupet.com.tr\\\/wp-content\\\/uploads\\\/2026\\\/02\\\/230-21111103_2.jpg\",\"datePublished\":\"2026-02-14T14:45:27+00:00\",\"dateModified\":\"2026-02-23T12:51:40+00:00\",\"breadcrumb\":{\"@id\":\"https:\\\/\\\/anadolupet.com.tr\\\/urun\\\/schesir-baby-tavuk-ile-somon-mus-konserve-12x70g\\\/#breadcrumb\"},\"inLanguage\":\"en-US\",\"potentialAction\":[{\"@type\":\"ReadAction\",\"target\":[\"https:\\\/\\\/anadolupet.com.tr\\\/urun\\\/schesir-baby-tavuk-ile-somon-mus-konserve-12x70g\\\/\"]}]},{\"@type\":\"ImageObject\",\"inLanguage\":\"en-US\",\"@id\":\"https:\\\/\\\/anadolupet.com.tr\\\/urun\\\/schesir-baby-tavuk-ile-somon-mus-konserve-12x70g\\\/#primaryimage\",\"url\":\"https:\\\/\\\/anadolupet.com.tr\\\/wp-content\\\/uploads\\\/2026\\\/02\\\/230-21111103_2.jpg\",\"contentUrl\":\"https:\\\/\\\/anadolupet.com.tr\\\/wp-content\\\/uploads\\\/2026\\\/02\\\/230-21111103_2.jpg\",\"width\":750,\"height\":750},{\"@type\":\"BreadcrumbList\",\"@id\":\"https:\\\/\\\/anadolupet.com.tr\\\/urun\\\/schesir-baby-tavuk-ile-somon-mus-konserve-12x70g\\\/#breadcrumb\",\"itemListElement\":[{\"@type\":\"ListItem\",\"position\":1,\"name\":\"Anasayfa\",\"item\":\"https:\\\/\\\/anadolupet.com.tr\\\/\"},{\"@type\":\"ListItem\",\"position\":2,\"name\":\"\u00dcr\u00fcnler\",\"item\":\"https:\\\/\\\/anadolupet.com.tr\\\/urunler\\\/\"},{\"@type\":\"ListItem\",\"position\":3,\"name\":\"Schesir Baby Tavuk ile Somon Mus Konserve 12x70g\"}]},{\"@type\":\"WebSite\",\"@id\":\"https:\\\/\\\/anadolupet.com.tr\\\/#website\",\"url\":\"https:\\\/\\\/anadolupet.com.tr\\\/\",\"name\":\"Anadolu Pet Grup\",\"description\":\"Her Can\u0131n \u0130yi Ya\u015fam\u0131 \u0130\u00e7in Biraraday\u0131z\",\"publisher\":{\"@id\":\"https:\\\/\\\/anadolupet.com.tr\\\/#organization\"},\"potentialAction\":[{\"@type\":\"SearchAction\",\"target\":{\"@type\":\"EntryPoint\",\"urlTemplate\":\"https:\\\/\\\/anadolupet.com.tr\\\/?s={search_term_string}\"},\"query-input\":{\"@type\":\"PropertyValueSpecification\",\"valueRequired\":true,\"valueName\":\"search_term_string\"}}],\"inLanguage\":\"en-US\"},{\"@type\":\"Organization\",\"@id\":\"https:\\\/\\\/anadolupet.com.tr\\\/#organization\",\"name\":\"Anadolu Pet Grup\",\"alternateName\":\"Anadolu Pet\",\"url\":\"https:\\\/\\\/anadolupet.com.tr\\\/\",\"logo\":{\"@type\":\"ImageObject\",\"inLanguage\":\"en-US\",\"@id\":\"https:\\\/\\\/anadolupet.com.tr\\\/#\\\/schema\\\/logo\\\/image\\\/\",\"url\":\"https:\\\/\\\/anadolupet.com.tr\\\/wp-content\\\/uploads\\\/2026\\\/03\\\/1614666743370.jpg\",\"contentUrl\":\"https:\\\/\\\/anadolupet.com.tr\\\/wp-content\\\/uploads\\\/2026\\\/03\\\/1614666743370.jpg\",\"width\":800,\"height\":571,\"caption\":\"Anadolu Pet Grup\"},\"image\":{\"@id\":\"https:\\\/\\\/anadolupet.com.tr\\\/#\\\/schema\\\/logo\\\/image\\\/\"}}]}<\/script>\n<!-- \/ Yoast SEO plugin. -->","yoast_head_json":{"title":"Schesir Baby Tavuk ile Somon Mus Konserve 12x70g - Anadolu Pet Grup","robots":{"index":"index","follow":"follow","max-snippet":"max-snippet:-1","max-image-preview":"max-image-preview:large","max-video-preview":"max-video-preview:-1"},"canonical":"https:\/\/anadolupet.com.tr\/en\/product\/schesir-baby-tavuk-ile-somon-mus-konserve-12x70g\/","og_locale":"en_US","og_type":"article","og_title":"Schesir Baby Tavuk ile Somon Mus Konserve 12x70g - Anadolu Pet Grup","og_description":"Ger\u00e7ek tavuk filetolar\u0131ndan yap\u0131lan, ince ince do\u011franm\u0131\u015f ve lezzetli somon i\u00e7eren, yavru kedilerin b\u00fcy\u00fcmesini destekleyecek \u015fekilde protein, kalori ve ya\u011f a\u00e7\u0131s\u0131ndan zengin bir tarif. 1. 2 ayl\u0131ktan 1 ya\u015f\u0131na kadar olan yavru kediler i\u00e7in gerekli t\u00fcm protein, vitamin ve mineralleri i\u00e7eren %100 tam ve dengeli tarif 2. b\u00fcy\u00fcmeyi desteklemek i\u00e7in taurin ilavesiyle 3. do\u011fru beyin geli\u015fimini desteklemek i\u00e7in DHA i\u00e7erir 4. ger\u00e7ek tavuk ve bal\u0131k etinden gelen y\u00fcksek protein i\u00e7eri\u011fi 5. s\u00fctten kesilme d\u00f6nemindeki yavru kedilere yard\u0131mc\u0131 olmak i\u00e7in ince ince k\u0131y\u0131lm\u0131\u015f filetolar 6. yavru kedinizin ihtiya\u00e7 duydu\u011fu s\u0131v\u0131 al\u0131m\u0131n\u0131 desteklemek i\u00e7in bol miktarda et suyu i\u00e7erir 7. tah\u0131ls\u0131z 8. minimum d\u00fczeyde i\u015flenmi\u015f, y\u00fcksek besin de\u011ferine sahip kaliteli i\u00e7erikler \u0130\u00c7\u0130NDEK\u0130LER: tavuk %63, tavuk suyu %18, rafine ay\u00e7i\u00e7ek ya\u011f\u0131, tavuk ci\u011feri %4, somon %4, tapiyoka ni\u015fastas\u0131, mineraller, hindiba in\u00fclini, somon ya\u011f\u0131. ANAL\u0130T\u0130K B\u0130LE\u015eENLER: protein %14, ham ya\u011f %7, ham k\u00fcl %2, ham sel\u00fcloz %0,1. Nem %76. Ca %0,35, P %0,29, DHA %0,02. KULLANIM TAL\u0130MATI: 2 - 4 ay = g\u00fcnde 3 konserve 5 - 7 ay = g\u00fcnde 4 konserve 8 - 12 ay = g\u00fcnde 3\u00bd konserve SAKLAMA Y\u00d6NTEM\u0130: Oda s\u0131cakl\u0131\u011f\u0131nda servis edin. A\u00e7\u0131ld\u0131ktan sonra buzdolab\u0131nda saklay\u0131n ve 48 saat i\u00e7inde t\u00fcketin.","og_url":"https:\/\/anadolupet.com.tr\/en\/product\/schesir-baby-tavuk-ile-somon-mus-konserve-12x70g\/","og_site_name":"Anadolu Pet Grup","article_modified_time":"2026-02-23T12:51:40+00:00","og_image":[{"width":750,"height":750,"url":"https:\/\/anadolupet.com.tr\/wp-content\/uploads\/2026\/02\/230-21111103_2.jpg","type":"image\/jpeg"}],"twitter_card":"summary_large_image","schema":{"@context":"https:\/\/schema.org","@graph":[{"@type":"WebPage","@id":"https:\/\/anadolupet.com.tr\/urun\/schesir-baby-tavuk-ile-somon-mus-konserve-12x70g\/","url":"https:\/\/anadolupet.com.tr\/urun\/schesir-baby-tavuk-ile-somon-mus-konserve-12x70g\/","name":"Schesir Baby Tavuk ile Somon Mus Konserve 12x70g - Anadolu Pet Grup","isPartOf":{"@id":"https:\/\/anadolupet.com.tr\/#website"},"primaryImageOfPage":{"@id":"https:\/\/anadolupet.com.tr\/urun\/schesir-baby-tavuk-ile-somon-mus-konserve-12x70g\/#primaryimage"},"image":{"@id":"https:\/\/anadolupet.com.tr\/urun\/schesir-baby-tavuk-ile-somon-mus-konserve-12x70g\/#primaryimage"},"thumbnailUrl":"https:\/\/anadolupet.com.tr\/wp-content\/uploads\/2026\/02\/230-21111103_2.jpg","datePublished":"2026-02-14T14:45:27+00:00","dateModified":"2026-02-23T12:51:40+00:00","breadcrumb":{"@id":"https:\/\/anadolupet.com.tr\/urun\/schesir-baby-tavuk-ile-somon-mus-konserve-12x70g\/#breadcrumb"},"inLanguage":"en-US","potentialAction":[{"@type":"ReadAction","target":["https:\/\/anadolupet.com.tr\/urun\/schesir-baby-tavuk-ile-somon-mus-konserve-12x70g\/"]}]},{"@type":"ImageObject","inLanguage":"en-US","@id":"https:\/\/anadolupet.com.tr\/urun\/schesir-baby-tavuk-ile-somon-mus-konserve-12x70g\/#primaryimage","url":"https:\/\/anadolupet.com.tr\/wp-content\/uploads\/2026\/02\/230-21111103_2.jpg","contentUrl":"https:\/\/anadolupet.com.tr\/wp-content\/uploads\/2026\/02\/230-21111103_2.jpg","width":750,"height":750},{"@type":"BreadcrumbList","@id":"https:\/\/anadolupet.com.tr\/urun\/schesir-baby-tavuk-ile-somon-mus-konserve-12x70g\/#breadcrumb","itemListElement":[{"@type":"ListItem","position":1,"name":"Anasayfa","item":"https:\/\/anadolupet.com.tr\/"},{"@type":"ListItem","position":2,"name":"\u00dcr\u00fcnler","item":"https:\/\/anadolupet.com.tr\/urunler\/"},{"@type":"ListItem","position":3,"name":"Schesir Baby Tavuk ile Somon Mus Konserve 12x70g"}]},{"@type":"WebSite","@id":"https:\/\/anadolupet.com.tr\/#website","url":"https:\/\/anadolupet.com.tr\/","name":"Anadolu Pet Group","description":"We Stand Together for the Well-Being of Every Life","publisher":{"@id":"https:\/\/anadolupet.com.tr\/#organization"},"potentialAction":[{"@type":"SearchAction","target":{"@type":"EntryPoint","urlTemplate":"https:\/\/anadolupet.com.tr\/?s={search_term_string}"},"query-input":{"@type":"PropertyValueSpecification","valueRequired":true,"valueName":"search_term_string"}}],"inLanguage":"en-US"},{"@type":"Organization","@id":"https:\/\/anadolupet.com.tr\/#organization","name":"Anadolu Pet Group","alternateName":"Anadolu Pet","url":"https:\/\/anadolupet.com.tr\/","logo":{"@type":"ImageObject","inLanguage":"en-US","@id":"https:\/\/anadolupet.com.tr\/#\/schema\/logo\/image\/","url":"https:\/\/anadolupet.com.tr\/wp-content\/uploads\/2026\/03\/1614666743370.jpg","contentUrl":"https:\/\/anadolupet.com.tr\/wp-content\/uploads\/2026\/03\/1614666743370.jpg","width":800,"height":571,"caption":"Anadolu Pet Grup"},"image":{"@id":"https:\/\/anadolupet.com.tr\/#\/schema\/logo\/image\/"}}]}},"_links":{"self":[{"href":"https:\/\/anadolupet.com.tr\/en\/wp-json\/wp\/v2\/product\/46022","targetHints":{"allow":["GET"]}}],"collection":[{"href":"https:\/\/anadolupet.com.tr\/en\/wp-json\/wp\/v2\/product"}],"about":[{"href":"https:\/\/anadolupet.com.tr\/en\/wp-json\/wp\/v2\/types\/product"}],"replies":[{"embeddable":true,"href":"https:\/\/anadolupet.com.tr\/en\/wp-json\/wp\/v2\/comments?post=46022"}],"wp:featuredmedia":[{"embeddable":true,"href":"https:\/\/anadolupet.com.tr\/en\/wp-json\/wp\/v2\/media\/42928"}],"wp:attachment":[{"href":"https:\/\/anadolupet.com.tr\/en\/wp-json\/wp\/v2\/media?parent=46022"}],"wp:term":[{"taxonomy":"product_brand","embeddable":true,"href":"https:\/\/anadolupet.com.tr\/en\/wp-json\/wp\/v2\/product_brand?post=46022"},{"taxonomy":"product_cat","embeddable":true,"href":"https:\/\/anadolupet.com.tr\/en\/wp-json\/wp\/v2\/product_cat?post=46022"},{"taxonomy":"product_tag","embeddable":true,"href":"https:\/\/anadolupet.com.tr\/en\/wp-json\/wp\/v2\/product_tag?post=46022"}],"curies":[{"name":"wp","href":"https:\/\/api.w.org\/{rel}","templated":true}]}}