{"id":46049,"date":"2026-02-14T14:45:30","date_gmt":"2026-02-14T14:45:30","guid":{"rendered":"https:\/\/anadolupet.com.tr\/urun\/schesir-born-carnivore-somonlu-ve-ringa-balikli-yetiskin-kedi-mamasi-125kg\/"},"modified":"2026-02-23T12:51:42","modified_gmt":"2026-02-23T12:51:42","slug":"schesir-born-carnivore-somonlu-ve-ringa-balikli-yetiskin-kedi-mamasi-125kg","status":"publish","type":"product","link":"https:\/\/anadolupet.com.tr\/en\/urun\/schesir-born-carnivore-somonlu-ve-ringa-balikli-yetiskin-kedi-mamasi-125kg\/","title":{"rendered":"Schesir Born Carnivore Somonlu ve Ringa Bal\u0131kl\u0131 Yeti\u015fkin Kedi Mamas\u0131 1,25kg"},"content":{"rendered":"","protected":false},"excerpt":{"rendered":"<p>Vitamin ve mineralleri korumak i\u00e7in f\u0131r\u0131nda pi\u015firilen tek mamad\u0131r. Taze ringa bal\u0131\u011f\u0131 (%33) birinci bile\u015fendir ve d\u00fc\u015f\u00fck karbonhidratl\u0131 tarif, kolay sindirim i\u00e7in lif ve sa\u011fl\u0131kl\u0131 bir deri ve parlak bir t\u00fcy i\u00e7in omega-3 ve omega-6 ya\u011f asitleriyle zenginle\u015ftirilmi\u015ftir. Tam ve y\u00fcksek proteinli bu \u00f6\u011f\u00fcn, Kanada&#8217;da \u00fcretilmi\u015ftir.<br \/>\n\u0130\u00e7indekiler:<br \/>\nTaze ringa bal\u0131\u011f\u0131 (%33), kurutulmu\u015f ringa bal\u0131\u011f\u0131, kurutulmu\u015f somon (%4,8), yumurta tozu, kanola ya\u011f\u0131 (%4,7), kurutulmu\u015f bezelye, tapyoka, nohut, hidrolize tavuk proteini, keten tohumu (%3), bira mayas\u0131, domates posas\u0131 (%0,75), mineraller, balkaba\u011f\u0131 (%0,1), somon ya\u011f\u0131 (%0,1), inulin (%0,1).<br \/>\nAnalitik Bile\u015fenler:<br \/>\nProtein %4, Magnezyum %0.19, Ham ya\u011f %20.5, Sodyum %0.62, Ham lif %2.8, Omega-6 %2.9, Ham k\u00fcl %11.7, Omega-3 %5.2, Potasyum %1.16, Nem %10<br \/>\nBesleme \u00d6nerisi:<br \/>\nDo\u011fru, tam ve dengeli beslenme i\u00e7in, kediye g\u00fcnl\u00fck olarak hem kuru hem de ya\u015f Schesir mamas\u0131 verilmesi \u00f6nemlidir. Yeni mamaya ge\u00e7i\u015f kademeli olarak yap\u0131lmal\u0131d\u0131r. Miktarlar kuru mamay\u0131 tek ba\u015f\u0131na veya ya\u015f mamayla birlikte beslemeyle ve hayvan\u0131n \u00f6zel ihtiya\u00e7lar\u0131na g\u00f6re de\u011fi\u015febilir. Her zaman taze su bulundurmaya \u00f6zen g\u00f6sterin.<br \/>\nNeden bu \u00fcr\u00fcn\u00fc kullanmal\u0131y\u0131z?<br \/>\n\u2022 Vitamin ve mineralleri korumak i\u00e7in f\u0131r\u0131nda pi\u015firilmi\u015ftir.<br \/>\n\u2022 Schesir Born Carnivore, ger\u00e7ek etoburlar i\u00e7in y\u00fcksek oranda hayvansal protein i\u00e7eren bir form\u00fcld\u00fcr (%43). \u2022 Daha sa\u011fl\u0131kl\u0131 kediler i\u00e7in minimum karbonhidrat i\u00e7erir (%12).<br \/>\n\u2022 En y\u00fcksek 4 i\u00e7erik hayvansal kaynakl\u0131d\u0131r.<br \/>\n\u2022 Taze ringa bal\u0131\u011f\u0131 ilk bile\u015fendir. \u2022 Kolay sindirim i\u00e7in lif i\u00e7erir. \u2022 Deri ve t\u00fcyler i\u00e7in omega 3&#038;6 i\u00e7ermektedir. \u2022 Tah\u0131ls\u0131zd\u0131r. \u2022 Kanada&#8217;da \u00fcretilmi\u015ftir.<br \/>\nSaklama \u00d6nerisi:<br \/>\nSerin ve kuru bir yerde saklay\u0131n.<\/p>","protected":false},"featured_media":43169,"comment_status":"open","ping_status":"closed","template":"","meta":{"_acf_changed":false},"product_brand":[],"product_cat":[2427],"product_tag":[],"class_list":{"0":"post-46049","1":"product","2":"type-product","3":"status-publish","4":"has-post-thumbnail","6":"product_cat-kedi-konserveleri","8":"first","9":"instock","10":"shipping-taxable","11":"product-type-simple"},"acf":[],"yoast_head":"<!-- This site is optimized with the Yoast SEO plugin v27.5 - https:\/\/yoast.com\/product\/yoast-seo-wordpress\/ -->\n<title>Schesir Born Carnivore Somonlu ve Ringa Bal\u0131kl\u0131 Yeti\u015fkin Kedi Mamas\u0131 1,25kg - Anadolu Pet Grup<\/title>\n<meta name=\"robots\" content=\"index, follow, max-snippet:-1, max-image-preview:large, max-video-preview:-1\" \/>\n<link rel=\"canonical\" href=\"https:\/\/anadolupet.com.tr\/en\/product\/schesir-born-carnivore-somonlu-ve-ringa-balikli-yetiskin-kedi-mamasi-125kg\/\" \/>\n<meta property=\"og:locale\" content=\"en_US\" \/>\n<meta property=\"og:type\" content=\"article\" \/>\n<meta property=\"og:title\" content=\"Schesir Born Carnivore Somonlu ve Ringa Bal\u0131kl\u0131 Yeti\u015fkin Kedi Mamas\u0131 1,25kg - Anadolu Pet Grup\" \/>\n<meta property=\"og:description\" content=\"Vitamin ve mineralleri korumak i\u00e7in f\u0131r\u0131nda pi\u015firilen tek mamad\u0131r. Taze ringa bal\u0131\u011f\u0131 (%33) birinci bile\u015fendir ve d\u00fc\u015f\u00fck karbonhidratl\u0131 tarif, kolay sindirim i\u00e7in lif ve sa\u011fl\u0131kl\u0131 bir deri ve parlak bir t\u00fcy i\u00e7in omega-3 ve omega-6 ya\u011f asitleriyle zenginle\u015ftirilmi\u015ftir. Tam ve y\u00fcksek proteinli bu \u00f6\u011f\u00fcn, Kanada&#039;da \u00fcretilmi\u015ftir. \u0130\u00e7indekiler: Taze ringa bal\u0131\u011f\u0131 (%33), kurutulmu\u015f ringa bal\u0131\u011f\u0131, kurutulmu\u015f somon (%4,8), yumurta tozu, kanola ya\u011f\u0131 (%4,7), kurutulmu\u015f bezelye, tapyoka, nohut, hidrolize tavuk proteini, keten tohumu (%3), bira mayas\u0131, domates posas\u0131 (%0,75), mineraller, balkaba\u011f\u0131 (%0,1), somon ya\u011f\u0131 (%0,1), inulin (%0,1). Analitik Bile\u015fenler: Protein %4, Magnezyum %0.19, Ham ya\u011f %20.5, Sodyum %0.62, Ham lif %2.8, Omega-6 %2.9, Ham k\u00fcl %11.7, Omega-3 %5.2, Potasyum %1.16, Nem %10 Besleme \u00d6nerisi: Do\u011fru, tam ve dengeli beslenme i\u00e7in, kediye g\u00fcnl\u00fck olarak hem kuru hem de ya\u015f Schesir mamas\u0131 verilmesi \u00f6nemlidir. Yeni mamaya ge\u00e7i\u015f kademeli olarak yap\u0131lmal\u0131d\u0131r. Miktarlar kuru mamay\u0131 tek ba\u015f\u0131na veya ya\u015f mamayla birlikte beslemeyle ve hayvan\u0131n \u00f6zel ihtiya\u00e7lar\u0131na g\u00f6re de\u011fi\u015febilir. Her zaman taze su bulundurmaya \u00f6zen g\u00f6sterin. Neden bu \u00fcr\u00fcn\u00fc kullanmal\u0131y\u0131z? \u2022 Vitamin ve mineralleri korumak i\u00e7in f\u0131r\u0131nda pi\u015firilmi\u015ftir. \u2022 Schesir Born Carnivore, ger\u00e7ek etoburlar i\u00e7in y\u00fcksek oranda hayvansal protein i\u00e7eren bir form\u00fcld\u00fcr (%43). \u2022 Daha sa\u011fl\u0131kl\u0131 kediler i\u00e7in minimum karbonhidrat i\u00e7erir (%12). \u2022 En y\u00fcksek 4 i\u00e7erik hayvansal kaynakl\u0131d\u0131r. \u2022 Taze ringa bal\u0131\u011f\u0131 ilk bile\u015fendir. \u2022 Kolay sindirim i\u00e7in lif i\u00e7erir. \u2022 Deri ve t\u00fcyler i\u00e7in omega 3&amp;6 i\u00e7ermektedir. \u2022 Tah\u0131ls\u0131zd\u0131r. \u2022 Kanada&#039;da \u00fcretilmi\u015ftir. Saklama \u00d6nerisi: Serin ve kuru bir yerde saklay\u0131n.\" \/>\n<meta property=\"og:url\" content=\"https:\/\/anadolupet.com.tr\/en\/product\/schesir-born-carnivore-somonlu-ve-ringa-balikli-yetiskin-kedi-mamasi-125kg\/\" \/>\n<meta property=\"og:site_name\" content=\"Anadolu Pet Grup\" \/>\n<meta property=\"article:modified_time\" content=\"2026-02-23T12:51:42+00:00\" \/>\n<meta property=\"og:image\" content=\"https:\/\/anadolupet.com.tr\/wp-content\/uploads\/2026\/02\/230-23382206_3.jpg\" \/>\n\t<meta property=\"og:image:width\" content=\"750\" \/>\n\t<meta property=\"og:image:height\" content=\"750\" \/>\n\t<meta property=\"og:image:type\" content=\"image\/jpeg\" \/>\n<meta name=\"twitter:card\" content=\"summary_large_image\" \/>\n<script type=\"application\/ld+json\" class=\"yoast-schema-graph\">{\"@context\":\"https:\\\/\\\/schema.org\",\"@graph\":[{\"@type\":\"WebPage\",\"@id\":\"https:\\\/\\\/anadolupet.com.tr\\\/urun\\\/schesir-born-carnivore-somonlu-ve-ringa-balikli-yetiskin-kedi-mamasi-125kg\\\/\",\"url\":\"https:\\\/\\\/anadolupet.com.tr\\\/urun\\\/schesir-born-carnivore-somonlu-ve-ringa-balikli-yetiskin-kedi-mamasi-125kg\\\/\",\"name\":\"Schesir Born Carnivore Somonlu ve Ringa Bal\u0131kl\u0131 Yeti\u015fkin Kedi Mamas\u0131 1,25kg - Anadolu Pet Grup\",\"isPartOf\":{\"@id\":\"https:\\\/\\\/anadolupet.com.tr\\\/#website\"},\"primaryImageOfPage\":{\"@id\":\"https:\\\/\\\/anadolupet.com.tr\\\/urun\\\/schesir-born-carnivore-somonlu-ve-ringa-balikli-yetiskin-kedi-mamasi-125kg\\\/#primaryimage\"},\"image\":{\"@id\":\"https:\\\/\\\/anadolupet.com.tr\\\/urun\\\/schesir-born-carnivore-somonlu-ve-ringa-balikli-yetiskin-kedi-mamasi-125kg\\\/#primaryimage\"},\"thumbnailUrl\":\"https:\\\/\\\/anadolupet.com.tr\\\/wp-content\\\/uploads\\\/2026\\\/02\\\/230-23382206_3.jpg\",\"datePublished\":\"2026-02-14T14:45:30+00:00\",\"dateModified\":\"2026-02-23T12:51:42+00:00\",\"breadcrumb\":{\"@id\":\"https:\\\/\\\/anadolupet.com.tr\\\/urun\\\/schesir-born-carnivore-somonlu-ve-ringa-balikli-yetiskin-kedi-mamasi-125kg\\\/#breadcrumb\"},\"inLanguage\":\"en-US\",\"potentialAction\":[{\"@type\":\"ReadAction\",\"target\":[\"https:\\\/\\\/anadolupet.com.tr\\\/urun\\\/schesir-born-carnivore-somonlu-ve-ringa-balikli-yetiskin-kedi-mamasi-125kg\\\/\"]}]},{\"@type\":\"ImageObject\",\"inLanguage\":\"en-US\",\"@id\":\"https:\\\/\\\/anadolupet.com.tr\\\/urun\\\/schesir-born-carnivore-somonlu-ve-ringa-balikli-yetiskin-kedi-mamasi-125kg\\\/#primaryimage\",\"url\":\"https:\\\/\\\/anadolupet.com.tr\\\/wp-content\\\/uploads\\\/2026\\\/02\\\/230-23382206_3.jpg\",\"contentUrl\":\"https:\\\/\\\/anadolupet.com.tr\\\/wp-content\\\/uploads\\\/2026\\\/02\\\/230-23382206_3.jpg\",\"width\":750,\"height\":750},{\"@type\":\"BreadcrumbList\",\"@id\":\"https:\\\/\\\/anadolupet.com.tr\\\/urun\\\/schesir-born-carnivore-somonlu-ve-ringa-balikli-yetiskin-kedi-mamasi-125kg\\\/#breadcrumb\",\"itemListElement\":[{\"@type\":\"ListItem\",\"position\":1,\"name\":\"Anasayfa\",\"item\":\"https:\\\/\\\/anadolupet.com.tr\\\/\"},{\"@type\":\"ListItem\",\"position\":2,\"name\":\"\u00dcr\u00fcnler\",\"item\":\"https:\\\/\\\/anadolupet.com.tr\\\/urunler\\\/\"},{\"@type\":\"ListItem\",\"position\":3,\"name\":\"Schesir Born Carnivore Somonlu ve Ringa Bal\u0131kl\u0131 Yeti\u015fkin Kedi Mamas\u0131 1,25kg\"}]},{\"@type\":\"WebSite\",\"@id\":\"https:\\\/\\\/anadolupet.com.tr\\\/#website\",\"url\":\"https:\\\/\\\/anadolupet.com.tr\\\/\",\"name\":\"Anadolu Pet Grup\",\"description\":\"Her Can\u0131n \u0130yi Ya\u015fam\u0131 \u0130\u00e7in Biraraday\u0131z\",\"publisher\":{\"@id\":\"https:\\\/\\\/anadolupet.com.tr\\\/#organization\"},\"potentialAction\":[{\"@type\":\"SearchAction\",\"target\":{\"@type\":\"EntryPoint\",\"urlTemplate\":\"https:\\\/\\\/anadolupet.com.tr\\\/?s={search_term_string}\"},\"query-input\":{\"@type\":\"PropertyValueSpecification\",\"valueRequired\":true,\"valueName\":\"search_term_string\"}}],\"inLanguage\":\"en-US\"},{\"@type\":\"Organization\",\"@id\":\"https:\\\/\\\/anadolupet.com.tr\\\/#organization\",\"name\":\"Anadolu Pet Grup\",\"alternateName\":\"Anadolu Pet\",\"url\":\"https:\\\/\\\/anadolupet.com.tr\\\/\",\"logo\":{\"@type\":\"ImageObject\",\"inLanguage\":\"en-US\",\"@id\":\"https:\\\/\\\/anadolupet.com.tr\\\/#\\\/schema\\\/logo\\\/image\\\/\",\"url\":\"https:\\\/\\\/anadolupet.com.tr\\\/wp-content\\\/uploads\\\/2026\\\/03\\\/1614666743370.jpg\",\"contentUrl\":\"https:\\\/\\\/anadolupet.com.tr\\\/wp-content\\\/uploads\\\/2026\\\/03\\\/1614666743370.jpg\",\"width\":800,\"height\":571,\"caption\":\"Anadolu Pet Grup\"},\"image\":{\"@id\":\"https:\\\/\\\/anadolupet.com.tr\\\/#\\\/schema\\\/logo\\\/image\\\/\"}}]}<\/script>\n<!-- \/ Yoast SEO plugin. -->","yoast_head_json":{"title":"Schesir Born Carnivore Somonlu ve Ringa Bal\u0131kl\u0131 Yeti\u015fkin Kedi Mamas\u0131 1,25kg - Anadolu Pet Grup","robots":{"index":"index","follow":"follow","max-snippet":"max-snippet:-1","max-image-preview":"max-image-preview:large","max-video-preview":"max-video-preview:-1"},"canonical":"https:\/\/anadolupet.com.tr\/en\/product\/schesir-born-carnivore-somonlu-ve-ringa-balikli-yetiskin-kedi-mamasi-125kg\/","og_locale":"en_US","og_type":"article","og_title":"Schesir Born Carnivore Somonlu ve Ringa Bal\u0131kl\u0131 Yeti\u015fkin Kedi Mamas\u0131 1,25kg - Anadolu Pet Grup","og_description":"Vitamin ve mineralleri korumak i\u00e7in f\u0131r\u0131nda pi\u015firilen tek mamad\u0131r. Taze ringa bal\u0131\u011f\u0131 (%33) birinci bile\u015fendir ve d\u00fc\u015f\u00fck karbonhidratl\u0131 tarif, kolay sindirim i\u00e7in lif ve sa\u011fl\u0131kl\u0131 bir deri ve parlak bir t\u00fcy i\u00e7in omega-3 ve omega-6 ya\u011f asitleriyle zenginle\u015ftirilmi\u015ftir. Tam ve y\u00fcksek proteinli bu \u00f6\u011f\u00fcn, Kanada'da \u00fcretilmi\u015ftir. \u0130\u00e7indekiler: Taze ringa bal\u0131\u011f\u0131 (%33), kurutulmu\u015f ringa bal\u0131\u011f\u0131, kurutulmu\u015f somon (%4,8), yumurta tozu, kanola ya\u011f\u0131 (%4,7), kurutulmu\u015f bezelye, tapyoka, nohut, hidrolize tavuk proteini, keten tohumu (%3), bira mayas\u0131, domates posas\u0131 (%0,75), mineraller, balkaba\u011f\u0131 (%0,1), somon ya\u011f\u0131 (%0,1), inulin (%0,1). Analitik Bile\u015fenler: Protein %4, Magnezyum %0.19, Ham ya\u011f %20.5, Sodyum %0.62, Ham lif %2.8, Omega-6 %2.9, Ham k\u00fcl %11.7, Omega-3 %5.2, Potasyum %1.16, Nem %10 Besleme \u00d6nerisi: Do\u011fru, tam ve dengeli beslenme i\u00e7in, kediye g\u00fcnl\u00fck olarak hem kuru hem de ya\u015f Schesir mamas\u0131 verilmesi \u00f6nemlidir. Yeni mamaya ge\u00e7i\u015f kademeli olarak yap\u0131lmal\u0131d\u0131r. Miktarlar kuru mamay\u0131 tek ba\u015f\u0131na veya ya\u015f mamayla birlikte beslemeyle ve hayvan\u0131n \u00f6zel ihtiya\u00e7lar\u0131na g\u00f6re de\u011fi\u015febilir. Her zaman taze su bulundurmaya \u00f6zen g\u00f6sterin. Neden bu \u00fcr\u00fcn\u00fc kullanmal\u0131y\u0131z? \u2022 Vitamin ve mineralleri korumak i\u00e7in f\u0131r\u0131nda pi\u015firilmi\u015ftir. \u2022 Schesir Born Carnivore, ger\u00e7ek etoburlar i\u00e7in y\u00fcksek oranda hayvansal protein i\u00e7eren bir form\u00fcld\u00fcr (%43). \u2022 Daha sa\u011fl\u0131kl\u0131 kediler i\u00e7in minimum karbonhidrat i\u00e7erir (%12). \u2022 En y\u00fcksek 4 i\u00e7erik hayvansal kaynakl\u0131d\u0131r. \u2022 Taze ringa bal\u0131\u011f\u0131 ilk bile\u015fendir. \u2022 Kolay sindirim i\u00e7in lif i\u00e7erir. \u2022 Deri ve t\u00fcyler i\u00e7in omega 3&6 i\u00e7ermektedir. \u2022 Tah\u0131ls\u0131zd\u0131r. \u2022 Kanada'da \u00fcretilmi\u015ftir. Saklama \u00d6nerisi: Serin ve kuru bir yerde saklay\u0131n.","og_url":"https:\/\/anadolupet.com.tr\/en\/product\/schesir-born-carnivore-somonlu-ve-ringa-balikli-yetiskin-kedi-mamasi-125kg\/","og_site_name":"Anadolu Pet Grup","article_modified_time":"2026-02-23T12:51:42+00:00","og_image":[{"width":750,"height":750,"url":"https:\/\/anadolupet.com.tr\/wp-content\/uploads\/2026\/02\/230-23382206_3.jpg","type":"image\/jpeg"}],"twitter_card":"summary_large_image","schema":{"@context":"https:\/\/schema.org","@graph":[{"@type":"WebPage","@id":"https:\/\/anadolupet.com.tr\/urun\/schesir-born-carnivore-somonlu-ve-ringa-balikli-yetiskin-kedi-mamasi-125kg\/","url":"https:\/\/anadolupet.com.tr\/urun\/schesir-born-carnivore-somonlu-ve-ringa-balikli-yetiskin-kedi-mamasi-125kg\/","name":"Schesir Born Carnivore Somonlu ve Ringa Bal\u0131kl\u0131 Yeti\u015fkin Kedi Mamas\u0131 1,25kg - Anadolu Pet Grup","isPartOf":{"@id":"https:\/\/anadolupet.com.tr\/#website"},"primaryImageOfPage":{"@id":"https:\/\/anadolupet.com.tr\/urun\/schesir-born-carnivore-somonlu-ve-ringa-balikli-yetiskin-kedi-mamasi-125kg\/#primaryimage"},"image":{"@id":"https:\/\/anadolupet.com.tr\/urun\/schesir-born-carnivore-somonlu-ve-ringa-balikli-yetiskin-kedi-mamasi-125kg\/#primaryimage"},"thumbnailUrl":"https:\/\/anadolupet.com.tr\/wp-content\/uploads\/2026\/02\/230-23382206_3.jpg","datePublished":"2026-02-14T14:45:30+00:00","dateModified":"2026-02-23T12:51:42+00:00","breadcrumb":{"@id":"https:\/\/anadolupet.com.tr\/urun\/schesir-born-carnivore-somonlu-ve-ringa-balikli-yetiskin-kedi-mamasi-125kg\/#breadcrumb"},"inLanguage":"en-US","potentialAction":[{"@type":"ReadAction","target":["https:\/\/anadolupet.com.tr\/urun\/schesir-born-carnivore-somonlu-ve-ringa-balikli-yetiskin-kedi-mamasi-125kg\/"]}]},{"@type":"ImageObject","inLanguage":"en-US","@id":"https:\/\/anadolupet.com.tr\/urun\/schesir-born-carnivore-somonlu-ve-ringa-balikli-yetiskin-kedi-mamasi-125kg\/#primaryimage","url":"https:\/\/anadolupet.com.tr\/wp-content\/uploads\/2026\/02\/230-23382206_3.jpg","contentUrl":"https:\/\/anadolupet.com.tr\/wp-content\/uploads\/2026\/02\/230-23382206_3.jpg","width":750,"height":750},{"@type":"BreadcrumbList","@id":"https:\/\/anadolupet.com.tr\/urun\/schesir-born-carnivore-somonlu-ve-ringa-balikli-yetiskin-kedi-mamasi-125kg\/#breadcrumb","itemListElement":[{"@type":"ListItem","position":1,"name":"Anasayfa","item":"https:\/\/anadolupet.com.tr\/"},{"@type":"ListItem","position":2,"name":"\u00dcr\u00fcnler","item":"https:\/\/anadolupet.com.tr\/urunler\/"},{"@type":"ListItem","position":3,"name":"Schesir Born Carnivore Somonlu ve Ringa Bal\u0131kl\u0131 Yeti\u015fkin Kedi Mamas\u0131 1,25kg"}]},{"@type":"WebSite","@id":"https:\/\/anadolupet.com.tr\/#website","url":"https:\/\/anadolupet.com.tr\/","name":"Anadolu Pet Group","description":"We Stand Together for the Well-Being of Every Life","publisher":{"@id":"https:\/\/anadolupet.com.tr\/#organization"},"potentialAction":[{"@type":"SearchAction","target":{"@type":"EntryPoint","urlTemplate":"https:\/\/anadolupet.com.tr\/?s={search_term_string}"},"query-input":{"@type":"PropertyValueSpecification","valueRequired":true,"valueName":"search_term_string"}}],"inLanguage":"en-US"},{"@type":"Organization","@id":"https:\/\/anadolupet.com.tr\/#organization","name":"Anadolu Pet Group","alternateName":"Anadolu Pet","url":"https:\/\/anadolupet.com.tr\/","logo":{"@type":"ImageObject","inLanguage":"en-US","@id":"https:\/\/anadolupet.com.tr\/#\/schema\/logo\/image\/","url":"https:\/\/anadolupet.com.tr\/wp-content\/uploads\/2026\/03\/1614666743370.jpg","contentUrl":"https:\/\/anadolupet.com.tr\/wp-content\/uploads\/2026\/03\/1614666743370.jpg","width":800,"height":571,"caption":"Anadolu Pet Grup"},"image":{"@id":"https:\/\/anadolupet.com.tr\/#\/schema\/logo\/image\/"}}]}},"_links":{"self":[{"href":"https:\/\/anadolupet.com.tr\/en\/wp-json\/wp\/v2\/product\/46049","targetHints":{"allow":["GET"]}}],"collection":[{"href":"https:\/\/anadolupet.com.tr\/en\/wp-json\/wp\/v2\/product"}],"about":[{"href":"https:\/\/anadolupet.com.tr\/en\/wp-json\/wp\/v2\/types\/product"}],"replies":[{"embeddable":true,"href":"https:\/\/anadolupet.com.tr\/en\/wp-json\/wp\/v2\/comments?post=46049"}],"wp:featuredmedia":[{"embeddable":true,"href":"https:\/\/anadolupet.com.tr\/en\/wp-json\/wp\/v2\/media\/43169"}],"wp:attachment":[{"href":"https:\/\/anadolupet.com.tr\/en\/wp-json\/wp\/v2\/media?parent=46049"}],"wp:term":[{"taxonomy":"product_brand","embeddable":true,"href":"https:\/\/anadolupet.com.tr\/en\/wp-json\/wp\/v2\/product_brand?post=46049"},{"taxonomy":"product_cat","embeddable":true,"href":"https:\/\/anadolupet.com.tr\/en\/wp-json\/wp\/v2\/product_cat?post=46049"},{"taxonomy":"product_tag","embeddable":true,"href":"https:\/\/anadolupet.com.tr\/en\/wp-json\/wp\/v2\/product_tag?post=46049"}],"curies":[{"name":"wp","href":"https:\/\/api.w.org\/{rel}","templated":true}]}}