{"id":46052,"date":"2026-02-14T14:45:31","date_gmt":"2026-02-14T14:45:31","guid":{"rendered":"https:\/\/anadolupet.com.tr\/urun\/schesir-broth-ton-baligi-et-suyunda-yetiskin-kedi-konservesi-70g\/"},"modified":"2026-02-23T12:51:42","modified_gmt":"2026-02-23T12:51:42","slug":"schesir-broth-ton-baligi-et-suyunda-yetiskin-kedi-konservesi-70g","status":"publish","type":"product","link":"https:\/\/anadolupet.com.tr\/en\/urun\/schesir-broth-ton-baligi-et-suyunda-yetiskin-kedi-konservesi-70g\/","title":{"rendered":"Schesir Broth Ton Bal\u0131\u011f\u0131 Et Suyunda Yeti\u015fkin Kedi Konservesi 70g"},"content":{"rendered":"","protected":false},"excerpt":{"rendered":"<p>Schesir Broth Ton Bal\u0131kl\u0131 Et Suyunda Yeti\u015fkin Kedi Konservesi 70 Gr<br \/>\nBesinler dikkatli i\u015flenmesiyle elde edilmi\u015ftir. Y\u00fcksek kaliteli \u0131slak kedi mamas\u0131d\u0131r. Sos \u0130\u00e7erisinde ton bal\u0131\u011f\u0131 lezzetinde.<br \/>\nTam \u0131slak Schesir do\u011fal Do\u011fal ton bal\u0131kl\u0131 konserve kedi konservesi . T\u00fcm gerekli besinleri g\u00fcnl\u00fck diyet, mikro ve makro, vitaminler ve taurin i\u00e7erir.<br \/>\nTaze Do\u011fal ton bal\u0131\u011f\u0131 ile haz\u0131rlanan lezzetli ve sa\u011fl\u0131kl\u0131 \u00fcretimdir.<br \/>\nSchesir konserveler renklendirici ve koruyucu madde ilavesi olmadan do\u011fal ve organik \u00fcretilmi\u015ftir.<br \/>\n\u0130\u00e7erik:<br \/>\nTon bal\u0131\u011f\u0131 % 57,40, tapyoka ni\u015fastas\u0131 % 1,40, su % 41,20.<br \/>\nAnaliz:<br \/>\nHam protein % 12,00, ham s\u0131v\u0131 ve kat\u0131 ya\u011flar % 0,5, ham lif % 0,10, ham k\u00fcl % 1,00, nem % 86,00, vitamin A 1325 UI, vitamin E 15 mg, taurin 160 mg.<\/p>","protected":false},"featured_media":42906,"comment_status":"open","ping_status":"closed","template":"","meta":{"_acf_changed":false},"product_brand":[],"product_cat":[2427],"product_tag":[],"class_list":{"0":"post-46052","1":"product","2":"type-product","3":"status-publish","4":"has-post-thumbnail","6":"product_cat-kedi-konserveleri","8":"first","9":"instock","10":"shipping-taxable","11":"product-type-simple"},"acf":[],"yoast_head":"<!-- This site is optimized with the Yoast SEO plugin v27.5 - https:\/\/yoast.com\/product\/yoast-seo-wordpress\/ -->\n<title>Schesir Broth Ton Bal\u0131\u011f\u0131 Et Suyunda Yeti\u015fkin Kedi Konservesi 70g - Anadolu Pet Grup<\/title>\n<meta name=\"robots\" content=\"index, follow, max-snippet:-1, max-image-preview:large, max-video-preview:-1\" \/>\n<link rel=\"canonical\" href=\"https:\/\/anadolupet.com.tr\/en\/product\/schesir-broth-ton-baligi-et-suyunda-yetiskin-kedi-konservesi-70g\/\" \/>\n<meta property=\"og:locale\" content=\"en_US\" \/>\n<meta property=\"og:type\" content=\"article\" \/>\n<meta property=\"og:title\" content=\"Schesir Broth Ton Bal\u0131\u011f\u0131 Et Suyunda Yeti\u015fkin Kedi Konservesi 70g - Anadolu Pet Grup\" \/>\n<meta property=\"og:description\" content=\"Schesir Broth Ton Bal\u0131kl\u0131 Et Suyunda Yeti\u015fkin Kedi Konservesi 70 Gr Besinler dikkatli i\u015flenmesiyle elde edilmi\u015ftir. Y\u00fcksek kaliteli \u0131slak kedi mamas\u0131d\u0131r. Sos \u0130\u00e7erisinde ton bal\u0131\u011f\u0131 lezzetinde. Tam \u0131slak Schesir do\u011fal Do\u011fal ton bal\u0131kl\u0131 konserve kedi konservesi . T\u00fcm gerekli besinleri g\u00fcnl\u00fck diyet, mikro ve makro, vitaminler ve taurin i\u00e7erir. Taze Do\u011fal ton bal\u0131\u011f\u0131 ile haz\u0131rlanan lezzetli ve sa\u011fl\u0131kl\u0131 \u00fcretimdir. Schesir konserveler renklendirici ve koruyucu madde ilavesi olmadan do\u011fal ve organik \u00fcretilmi\u015ftir. \u0130\u00e7erik: Ton bal\u0131\u011f\u0131 % 57,40, tapyoka ni\u015fastas\u0131 % 1,40, su % 41,20. Analiz: Ham protein % 12,00, ham s\u0131v\u0131 ve kat\u0131 ya\u011flar % 0,5, ham lif % 0,10, ham k\u00fcl % 1,00, nem % 86,00, vitamin A 1325 UI, vitamin E 15 mg, taurin 160 mg.\" \/>\n<meta property=\"og:url\" content=\"https:\/\/anadolupet.com.tr\/en\/product\/schesir-broth-ton-baligi-et-suyunda-yetiskin-kedi-konservesi-70g\/\" \/>\n<meta property=\"og:site_name\" content=\"Anadolu Pet Grup\" \/>\n<meta property=\"article:modified_time\" content=\"2026-02-23T12:51:42+00:00\" \/>\n<meta property=\"og:image\" content=\"https:\/\/anadolupet.com.tr\/wp-content\/uploads\/2026\/02\/230-01064560.jpg\" \/>\n\t<meta property=\"og:image:width\" content=\"750\" \/>\n\t<meta property=\"og:image:height\" content=\"750\" \/>\n\t<meta property=\"og:image:type\" content=\"image\/jpeg\" \/>\n<meta name=\"twitter:card\" content=\"summary_large_image\" \/>\n<script type=\"application\/ld+json\" class=\"yoast-schema-graph\">{\"@context\":\"https:\\\/\\\/schema.org\",\"@graph\":[{\"@type\":\"WebPage\",\"@id\":\"https:\\\/\\\/anadolupet.com.tr\\\/urun\\\/schesir-broth-ton-baligi-et-suyunda-yetiskin-kedi-konservesi-70g\\\/\",\"url\":\"https:\\\/\\\/anadolupet.com.tr\\\/urun\\\/schesir-broth-ton-baligi-et-suyunda-yetiskin-kedi-konservesi-70g\\\/\",\"name\":\"Schesir Broth Ton Bal\u0131\u011f\u0131 Et Suyunda Yeti\u015fkin Kedi Konservesi 70g - Anadolu Pet Grup\",\"isPartOf\":{\"@id\":\"https:\\\/\\\/anadolupet.com.tr\\\/#website\"},\"primaryImageOfPage\":{\"@id\":\"https:\\\/\\\/anadolupet.com.tr\\\/urun\\\/schesir-broth-ton-baligi-et-suyunda-yetiskin-kedi-konservesi-70g\\\/#primaryimage\"},\"image\":{\"@id\":\"https:\\\/\\\/anadolupet.com.tr\\\/urun\\\/schesir-broth-ton-baligi-et-suyunda-yetiskin-kedi-konservesi-70g\\\/#primaryimage\"},\"thumbnailUrl\":\"https:\\\/\\\/anadolupet.com.tr\\\/wp-content\\\/uploads\\\/2026\\\/02\\\/230-01064560.jpg\",\"datePublished\":\"2026-02-14T14:45:31+00:00\",\"dateModified\":\"2026-02-23T12:51:42+00:00\",\"breadcrumb\":{\"@id\":\"https:\\\/\\\/anadolupet.com.tr\\\/urun\\\/schesir-broth-ton-baligi-et-suyunda-yetiskin-kedi-konservesi-70g\\\/#breadcrumb\"},\"inLanguage\":\"en-US\",\"potentialAction\":[{\"@type\":\"ReadAction\",\"target\":[\"https:\\\/\\\/anadolupet.com.tr\\\/urun\\\/schesir-broth-ton-baligi-et-suyunda-yetiskin-kedi-konservesi-70g\\\/\"]}]},{\"@type\":\"ImageObject\",\"inLanguage\":\"en-US\",\"@id\":\"https:\\\/\\\/anadolupet.com.tr\\\/urun\\\/schesir-broth-ton-baligi-et-suyunda-yetiskin-kedi-konservesi-70g\\\/#primaryimage\",\"url\":\"https:\\\/\\\/anadolupet.com.tr\\\/wp-content\\\/uploads\\\/2026\\\/02\\\/230-01064560.jpg\",\"contentUrl\":\"https:\\\/\\\/anadolupet.com.tr\\\/wp-content\\\/uploads\\\/2026\\\/02\\\/230-01064560.jpg\",\"width\":750,\"height\":750},{\"@type\":\"BreadcrumbList\",\"@id\":\"https:\\\/\\\/anadolupet.com.tr\\\/urun\\\/schesir-broth-ton-baligi-et-suyunda-yetiskin-kedi-konservesi-70g\\\/#breadcrumb\",\"itemListElement\":[{\"@type\":\"ListItem\",\"position\":1,\"name\":\"Anasayfa\",\"item\":\"https:\\\/\\\/anadolupet.com.tr\\\/\"},{\"@type\":\"ListItem\",\"position\":2,\"name\":\"\u00dcr\u00fcnler\",\"item\":\"https:\\\/\\\/anadolupet.com.tr\\\/urunler\\\/\"},{\"@type\":\"ListItem\",\"position\":3,\"name\":\"Schesir Broth Ton Bal\u0131\u011f\u0131 Et Suyunda Yeti\u015fkin Kedi Konservesi 70g\"}]},{\"@type\":\"WebSite\",\"@id\":\"https:\\\/\\\/anadolupet.com.tr\\\/#website\",\"url\":\"https:\\\/\\\/anadolupet.com.tr\\\/\",\"name\":\"Anadolu Pet Grup\",\"description\":\"Her Can\u0131n \u0130yi Ya\u015fam\u0131 \u0130\u00e7in Biraraday\u0131z\",\"publisher\":{\"@id\":\"https:\\\/\\\/anadolupet.com.tr\\\/#organization\"},\"potentialAction\":[{\"@type\":\"SearchAction\",\"target\":{\"@type\":\"EntryPoint\",\"urlTemplate\":\"https:\\\/\\\/anadolupet.com.tr\\\/?s={search_term_string}\"},\"query-input\":{\"@type\":\"PropertyValueSpecification\",\"valueRequired\":true,\"valueName\":\"search_term_string\"}}],\"inLanguage\":\"en-US\"},{\"@type\":\"Organization\",\"@id\":\"https:\\\/\\\/anadolupet.com.tr\\\/#organization\",\"name\":\"Anadolu Pet Grup\",\"alternateName\":\"Anadolu Pet\",\"url\":\"https:\\\/\\\/anadolupet.com.tr\\\/\",\"logo\":{\"@type\":\"ImageObject\",\"inLanguage\":\"en-US\",\"@id\":\"https:\\\/\\\/anadolupet.com.tr\\\/#\\\/schema\\\/logo\\\/image\\\/\",\"url\":\"https:\\\/\\\/anadolupet.com.tr\\\/wp-content\\\/uploads\\\/2026\\\/03\\\/1614666743370.jpg\",\"contentUrl\":\"https:\\\/\\\/anadolupet.com.tr\\\/wp-content\\\/uploads\\\/2026\\\/03\\\/1614666743370.jpg\",\"width\":800,\"height\":571,\"caption\":\"Anadolu Pet Grup\"},\"image\":{\"@id\":\"https:\\\/\\\/anadolupet.com.tr\\\/#\\\/schema\\\/logo\\\/image\\\/\"}}]}<\/script>\n<!-- \/ Yoast SEO plugin. -->","yoast_head_json":{"title":"Schesir Broth Ton Bal\u0131\u011f\u0131 Et Suyunda Yeti\u015fkin Kedi Konservesi 70g - Anadolu Pet Grup","robots":{"index":"index","follow":"follow","max-snippet":"max-snippet:-1","max-image-preview":"max-image-preview:large","max-video-preview":"max-video-preview:-1"},"canonical":"https:\/\/anadolupet.com.tr\/en\/product\/schesir-broth-ton-baligi-et-suyunda-yetiskin-kedi-konservesi-70g\/","og_locale":"en_US","og_type":"article","og_title":"Schesir Broth Ton Bal\u0131\u011f\u0131 Et Suyunda Yeti\u015fkin Kedi Konservesi 70g - Anadolu Pet Grup","og_description":"Schesir Broth Ton Bal\u0131kl\u0131 Et Suyunda Yeti\u015fkin Kedi Konservesi 70 Gr Besinler dikkatli i\u015flenmesiyle elde edilmi\u015ftir. Y\u00fcksek kaliteli \u0131slak kedi mamas\u0131d\u0131r. Sos \u0130\u00e7erisinde ton bal\u0131\u011f\u0131 lezzetinde. Tam \u0131slak Schesir do\u011fal Do\u011fal ton bal\u0131kl\u0131 konserve kedi konservesi . T\u00fcm gerekli besinleri g\u00fcnl\u00fck diyet, mikro ve makro, vitaminler ve taurin i\u00e7erir. Taze Do\u011fal ton bal\u0131\u011f\u0131 ile haz\u0131rlanan lezzetli ve sa\u011fl\u0131kl\u0131 \u00fcretimdir. Schesir konserveler renklendirici ve koruyucu madde ilavesi olmadan do\u011fal ve organik \u00fcretilmi\u015ftir. \u0130\u00e7erik: Ton bal\u0131\u011f\u0131 % 57,40, tapyoka ni\u015fastas\u0131 % 1,40, su % 41,20. Analiz: Ham protein % 12,00, ham s\u0131v\u0131 ve kat\u0131 ya\u011flar % 0,5, ham lif % 0,10, ham k\u00fcl % 1,00, nem % 86,00, vitamin A 1325 UI, vitamin E 15 mg, taurin 160 mg.","og_url":"https:\/\/anadolupet.com.tr\/en\/product\/schesir-broth-ton-baligi-et-suyunda-yetiskin-kedi-konservesi-70g\/","og_site_name":"Anadolu Pet Grup","article_modified_time":"2026-02-23T12:51:42+00:00","og_image":[{"width":750,"height":750,"url":"https:\/\/anadolupet.com.tr\/wp-content\/uploads\/2026\/02\/230-01064560.jpg","type":"image\/jpeg"}],"twitter_card":"summary_large_image","schema":{"@context":"https:\/\/schema.org","@graph":[{"@type":"WebPage","@id":"https:\/\/anadolupet.com.tr\/urun\/schesir-broth-ton-baligi-et-suyunda-yetiskin-kedi-konservesi-70g\/","url":"https:\/\/anadolupet.com.tr\/urun\/schesir-broth-ton-baligi-et-suyunda-yetiskin-kedi-konservesi-70g\/","name":"Schesir Broth Ton Bal\u0131\u011f\u0131 Et Suyunda Yeti\u015fkin Kedi Konservesi 70g - Anadolu Pet Grup","isPartOf":{"@id":"https:\/\/anadolupet.com.tr\/#website"},"primaryImageOfPage":{"@id":"https:\/\/anadolupet.com.tr\/urun\/schesir-broth-ton-baligi-et-suyunda-yetiskin-kedi-konservesi-70g\/#primaryimage"},"image":{"@id":"https:\/\/anadolupet.com.tr\/urun\/schesir-broth-ton-baligi-et-suyunda-yetiskin-kedi-konservesi-70g\/#primaryimage"},"thumbnailUrl":"https:\/\/anadolupet.com.tr\/wp-content\/uploads\/2026\/02\/230-01064560.jpg","datePublished":"2026-02-14T14:45:31+00:00","dateModified":"2026-02-23T12:51:42+00:00","breadcrumb":{"@id":"https:\/\/anadolupet.com.tr\/urun\/schesir-broth-ton-baligi-et-suyunda-yetiskin-kedi-konservesi-70g\/#breadcrumb"},"inLanguage":"en-US","potentialAction":[{"@type":"ReadAction","target":["https:\/\/anadolupet.com.tr\/urun\/schesir-broth-ton-baligi-et-suyunda-yetiskin-kedi-konservesi-70g\/"]}]},{"@type":"ImageObject","inLanguage":"en-US","@id":"https:\/\/anadolupet.com.tr\/urun\/schesir-broth-ton-baligi-et-suyunda-yetiskin-kedi-konservesi-70g\/#primaryimage","url":"https:\/\/anadolupet.com.tr\/wp-content\/uploads\/2026\/02\/230-01064560.jpg","contentUrl":"https:\/\/anadolupet.com.tr\/wp-content\/uploads\/2026\/02\/230-01064560.jpg","width":750,"height":750},{"@type":"BreadcrumbList","@id":"https:\/\/anadolupet.com.tr\/urun\/schesir-broth-ton-baligi-et-suyunda-yetiskin-kedi-konservesi-70g\/#breadcrumb","itemListElement":[{"@type":"ListItem","position":1,"name":"Anasayfa","item":"https:\/\/anadolupet.com.tr\/"},{"@type":"ListItem","position":2,"name":"\u00dcr\u00fcnler","item":"https:\/\/anadolupet.com.tr\/urunler\/"},{"@type":"ListItem","position":3,"name":"Schesir Broth Ton Bal\u0131\u011f\u0131 Et Suyunda Yeti\u015fkin Kedi Konservesi 70g"}]},{"@type":"WebSite","@id":"https:\/\/anadolupet.com.tr\/#website","url":"https:\/\/anadolupet.com.tr\/","name":"Anadolu Pet Group","description":"We Stand Together for the Well-Being of Every Life","publisher":{"@id":"https:\/\/anadolupet.com.tr\/#organization"},"potentialAction":[{"@type":"SearchAction","target":{"@type":"EntryPoint","urlTemplate":"https:\/\/anadolupet.com.tr\/?s={search_term_string}"},"query-input":{"@type":"PropertyValueSpecification","valueRequired":true,"valueName":"search_term_string"}}],"inLanguage":"en-US"},{"@type":"Organization","@id":"https:\/\/anadolupet.com.tr\/#organization","name":"Anadolu Pet Group","alternateName":"Anadolu Pet","url":"https:\/\/anadolupet.com.tr\/","logo":{"@type":"ImageObject","inLanguage":"en-US","@id":"https:\/\/anadolupet.com.tr\/#\/schema\/logo\/image\/","url":"https:\/\/anadolupet.com.tr\/wp-content\/uploads\/2026\/03\/1614666743370.jpg","contentUrl":"https:\/\/anadolupet.com.tr\/wp-content\/uploads\/2026\/03\/1614666743370.jpg","width":800,"height":571,"caption":"Anadolu Pet Grup"},"image":{"@id":"https:\/\/anadolupet.com.tr\/#\/schema\/logo\/image\/"}}]}},"_links":{"self":[{"href":"https:\/\/anadolupet.com.tr\/en\/wp-json\/wp\/v2\/product\/46052","targetHints":{"allow":["GET"]}}],"collection":[{"href":"https:\/\/anadolupet.com.tr\/en\/wp-json\/wp\/v2\/product"}],"about":[{"href":"https:\/\/anadolupet.com.tr\/en\/wp-json\/wp\/v2\/types\/product"}],"replies":[{"embeddable":true,"href":"https:\/\/anadolupet.com.tr\/en\/wp-json\/wp\/v2\/comments?post=46052"}],"wp:featuredmedia":[{"embeddable":true,"href":"https:\/\/anadolupet.com.tr\/en\/wp-json\/wp\/v2\/media\/42906"}],"wp:attachment":[{"href":"https:\/\/anadolupet.com.tr\/en\/wp-json\/wp\/v2\/media?parent=46052"}],"wp:term":[{"taxonomy":"product_brand","embeddable":true,"href":"https:\/\/anadolupet.com.tr\/en\/wp-json\/wp\/v2\/product_brand?post=46052"},{"taxonomy":"product_cat","embeddable":true,"href":"https:\/\/anadolupet.com.tr\/en\/wp-json\/wp\/v2\/product_cat?post=46052"},{"taxonomy":"product_tag","embeddable":true,"href":"https:\/\/anadolupet.com.tr\/en\/wp-json\/wp\/v2\/product_tag?post=46052"}],"curies":[{"name":"wp","href":"https:\/\/api.w.org\/{rel}","templated":true}]}}