{"id":46054,"date":"2026-02-14T14:45:32","date_gmt":"2026-02-14T14:45:32","guid":{"rendered":"https:\/\/anadolupet.com.tr\/urun\/schesir-exigent-tavuk-ile-ordek-karacigeri-tam-ve-dengeli-yetiskin-kedi-mamasi-pouch-12x70g\/"},"modified":"2026-02-23T12:51:42","modified_gmt":"2026-02-23T12:51:42","slug":"schesir-exigent-tavuk-ile-ordek-karacigeri-tam-ve-dengeli-yetiskin-kedi-mamasi-pouch-12x70g","status":"publish","type":"product","link":"https:\/\/anadolupet.com.tr\/en\/urun\/schesir-exigent-tavuk-ile-ordek-karacigeri-tam-ve-dengeli-yetiskin-kedi-mamasi-pouch-12x70g\/","title":{"rendered":"Schesir Exigent Tavuk ile \u00d6rdek Karaci\u011feri Tam ve Dengeli Yeti\u015fkin Kedi Mamas\u0131 Pouch 12x70g"},"content":{"rendered":"","protected":false},"excerpt":{"rendered":"<p>Se\u00e7ici kediler i\u00e7in \u00f6zel olarak form\u00fcle edilmi\u015f; besleyici, lezzetli \u00f6rdek karakaraci\u011feri ile yumu\u015fak, kadifemsi bir mus halinde harmanlanm\u0131\u015f ger\u00e7ek tavuk etine dayal\u0131 tarif.<br \/>\n1. Kedilerin ihtiyac\u0131 olan t\u00fcm proteinleri, vitaminleri ve mineralleri i\u00e7eren %100 tam ve dengeli tarif<br \/>\n2. En se\u00e7ici kediler i\u00e7in tasarlanm\u0131\u015ft\u0131r<br \/>\n3. Ger\u00e7ek et ve bal\u0131ktan elde edilen protein a\u00e7\u0131s\u0131ndan zengin<br \/>\n4. Yumu\u015fak, kadifemsi mus i\u00e7inde, en se\u00e7ici damaklar i\u00e7in m\u00fckemmel<br \/>\n5. Kedinizin ihtiyac\u0131 olan hidrasyonu sa\u011flamak i\u00e7in s\u0131v\u0131 bak\u0131m\u0131ndan zengindir<br \/>\n6. Tah\u0131ls\u0131z<br \/>\n7. Y\u00fcksek besin de\u011ferine sahip, kaliteli, minimum d\u00fczeyde i\u015flenmi\u015f bile\u015fenler<br \/>\n\u0130\u00e7indekiler:<br \/>\ntavuk %56, tavuk pi\u015firme suyu %27, \u00f6rdek karaci\u011feri %7, balkaba\u011f\u0131, tapyoka ni\u015fastas\u0131, rafine ay\u00e7i\u00e7ek ya\u011f\u0131, yumurta tozu, mineraller, ton bal\u0131\u011f\u0131 ya\u011f\u0131, zencefil tozu.<br \/>\n\u0130lave Malzemeler (kg):<br \/>\ntaurin 500 mg, Fe (demir (II) s\u00fclfat monohidrat) 15 mg, Zn (\u00e7inko oksit) 22 mg, Mn (manganez (II) oksit) 4,5 mg, I (potasyum iyod\u00fcr) 0,9 mg, D3 vitamini 390 I.U., kolin klor\u00fcr 560 mg, E vitamini 30 mg, A vitamini 19500 I.U., B1 vitamini 60 mg, B3 vitamini 30 mg, B7 vitamini 0.3 mg, B12 vitamini 0.12 mg, B5 vitamini 3 mg, B2 vitamini 4.8 mg, B6 vitamini 2.4 mg, B9 vitamini 1.2 mg.<br \/>\nAnalitik Bile\u015fenler:<br \/>\nprotein %10, ham ya\u011f %6, ham k\u00fcl %2, ham sel\u00fcloz %0,1. Nem oran\u0131 %80. Ca %0,25, P %0,22.<br \/>\nkcal\/birim:<br \/>\n60 kcal\/70 g<br \/>\nBesleme Talimat\u0131:<br \/>\n4 kg: g\u00fcnde 4<br \/>\n6 kg: g\u00fcnde 5<br \/>\n8 kg: g\u00fcnde 6<br \/>\nSaklama Talimatlar\u0131:<br \/>\nOda s\u0131cakl\u0131\u011f\u0131nda servis edin. A\u00e7\u0131ld\u0131ktan sonra buzdolab\u0131nda saklay\u0131n ve 48 saat i\u00e7inde kullan\u0131n.<br \/>\nKullan\u0131m Tavsiyesi:<br \/>\nBelirtilen miktarlar sadece tam ya\u015f mamayla beslenmeyi ifade eder ve dostunuzun \u00f6zel ihtiya\u00e7lar\u0131na g\u00f6re de\u011fi\u015febilir. Belirtilen miktarlar, dostunuzun g\u00fcnl\u00fck beslenme gereksinimlerini (kilo, ya\u015f ve ya\u015fam tarz\u0131na ba\u011fl\u0131 olarak) ve maman\u0131n \u00f6zelliklerini dikkate al\u0131r.<\/p>","protected":false},"featured_media":43108,"comment_status":"open","ping_status":"closed","template":"","meta":{"_acf_changed":false},"product_brand":[],"product_cat":[2427],"product_tag":[],"class_list":{"0":"post-46054","1":"product","2":"type-product","3":"status-publish","4":"has-post-thumbnail","6":"product_cat-kedi-konserveleri","8":"first","9":"instock","10":"shipping-taxable","11":"product-type-simple"},"acf":[],"yoast_head":"<!-- This site is optimized with the Yoast SEO plugin v27.5 - https:\/\/yoast.com\/product\/yoast-seo-wordpress\/ -->\n<title>Schesir Exigent Tavuk ile \u00d6rdek Karaci\u011feri Tam ve Dengeli Yeti\u015fkin Kedi Mamas\u0131 Pouch 12x70g - Anadolu Pet Grup<\/title>\n<meta name=\"robots\" content=\"index, follow, max-snippet:-1, max-image-preview:large, max-video-preview:-1\" \/>\n<link rel=\"canonical\" href=\"https:\/\/anadolupet.com.tr\/en\/product\/schesir-exigent-tavuk-ile-ordek-karacigeri-tam-ve-dengeli-yetiskin-kedi-mamasi-pouch-12x70g\/\" \/>\n<meta property=\"og:locale\" content=\"en_US\" \/>\n<meta property=\"og:type\" content=\"article\" \/>\n<meta property=\"og:title\" content=\"Schesir Exigent Tavuk ile \u00d6rdek Karaci\u011feri Tam ve Dengeli Yeti\u015fkin Kedi Mamas\u0131 Pouch 12x70g - Anadolu Pet Grup\" \/>\n<meta property=\"og:description\" content=\"Se\u00e7ici kediler i\u00e7in \u00f6zel olarak form\u00fcle edilmi\u015f; besleyici, lezzetli \u00f6rdek karakaraci\u011feri ile yumu\u015fak, kadifemsi bir mus halinde harmanlanm\u0131\u015f ger\u00e7ek tavuk etine dayal\u0131 tarif. 1. Kedilerin ihtiyac\u0131 olan t\u00fcm proteinleri, vitaminleri ve mineralleri i\u00e7eren %100 tam ve dengeli tarif 2. En se\u00e7ici kediler i\u00e7in tasarlanm\u0131\u015ft\u0131r 3. Ger\u00e7ek et ve bal\u0131ktan elde edilen protein a\u00e7\u0131s\u0131ndan zengin 4. Yumu\u015fak, kadifemsi mus i\u00e7inde, en se\u00e7ici damaklar i\u00e7in m\u00fckemmel 5. Kedinizin ihtiyac\u0131 olan hidrasyonu sa\u011flamak i\u00e7in s\u0131v\u0131 bak\u0131m\u0131ndan zengindir 6. Tah\u0131ls\u0131z 7. Y\u00fcksek besin de\u011ferine sahip, kaliteli, minimum d\u00fczeyde i\u015flenmi\u015f bile\u015fenler \u0130\u00e7indekiler: tavuk %56, tavuk pi\u015firme suyu %27, \u00f6rdek karaci\u011feri %7, balkaba\u011f\u0131, tapyoka ni\u015fastas\u0131, rafine ay\u00e7i\u00e7ek ya\u011f\u0131, yumurta tozu, mineraller, ton bal\u0131\u011f\u0131 ya\u011f\u0131, zencefil tozu. \u0130lave Malzemeler (kg): taurin 500 mg, Fe (demir (II) s\u00fclfat monohidrat) 15 mg, Zn (\u00e7inko oksit) 22 mg, Mn (manganez (II) oksit) 4,5 mg, I (potasyum iyod\u00fcr) 0,9 mg, D3 vitamini 390 I.U., kolin klor\u00fcr 560 mg, E vitamini 30 mg, A vitamini 19500 I.U., B1 vitamini 60 mg, B3 vitamini 30 mg, B7 vitamini 0.3 mg, B12 vitamini 0.12 mg, B5 vitamini 3 mg, B2 vitamini 4.8 mg, B6 vitamini 2.4 mg, B9 vitamini 1.2 mg. Analitik Bile\u015fenler: protein %10, ham ya\u011f %6, ham k\u00fcl %2, ham sel\u00fcloz %0,1. Nem oran\u0131 %80. Ca %0,25, P %0,22. kcal\/birim: 60 kcal\/70 g Besleme Talimat\u0131: 4 kg: g\u00fcnde 4 6 kg: g\u00fcnde 5 8 kg: g\u00fcnde 6 Saklama Talimatlar\u0131: Oda s\u0131cakl\u0131\u011f\u0131nda servis edin. A\u00e7\u0131ld\u0131ktan sonra buzdolab\u0131nda saklay\u0131n ve 48 saat i\u00e7inde kullan\u0131n. Kullan\u0131m Tavsiyesi: Belirtilen miktarlar sadece tam ya\u015f mamayla beslenmeyi ifade eder ve dostunuzun \u00f6zel ihtiya\u00e7lar\u0131na g\u00f6re de\u011fi\u015febilir. Belirtilen miktarlar, dostunuzun g\u00fcnl\u00fck beslenme gereksinimlerini (kilo, ya\u015f ve ya\u015fam tarz\u0131na ba\u011fl\u0131 olarak) ve maman\u0131n \u00f6zelliklerini dikkate al\u0131r.\" \/>\n<meta property=\"og:url\" content=\"https:\/\/anadolupet.com.tr\/en\/product\/schesir-exigent-tavuk-ile-ordek-karacigeri-tam-ve-dengeli-yetiskin-kedi-mamasi-pouch-12x70g\/\" \/>\n<meta property=\"og:site_name\" content=\"Anadolu Pet Grup\" \/>\n<meta property=\"article:modified_time\" content=\"2026-02-23T12:51:42+00:00\" \/>\n<meta property=\"og:image\" content=\"https:\/\/anadolupet.com.tr\/wp-content\/uploads\/2026\/02\/230-21231004.jpg\" \/>\n\t<meta property=\"og:image:width\" content=\"750\" \/>\n\t<meta property=\"og:image:height\" content=\"750\" \/>\n\t<meta property=\"og:image:type\" content=\"image\/jpeg\" \/>\n<meta name=\"twitter:card\" content=\"summary_large_image\" \/>\n<script type=\"application\/ld+json\" class=\"yoast-schema-graph\">{\"@context\":\"https:\\\/\\\/schema.org\",\"@graph\":[{\"@type\":\"WebPage\",\"@id\":\"https:\\\/\\\/anadolupet.com.tr\\\/en\\\/product\\\/schesir-exigent-tavuk-ile-ordek-karacigeri-tam-ve-dengeli-yetiskin-kedi-mamasi-pouch-12x70g\\\/\",\"url\":\"https:\\\/\\\/anadolupet.com.tr\\\/en\\\/product\\\/schesir-exigent-tavuk-ile-ordek-karacigeri-tam-ve-dengeli-yetiskin-kedi-mamasi-pouch-12x70g\\\/\",\"name\":\"Schesir Exigent Tavuk ile \u00d6rdek Karaci\u011feri Tam ve Dengeli Yeti\u015fkin Kedi Mamas\u0131 Pouch 12x70g - Anadolu Pet Grup\",\"isPartOf\":{\"@id\":\"https:\\\/\\\/anadolupet.com.tr\\\/#website\"},\"primaryImageOfPage\":{\"@id\":\"https:\\\/\\\/anadolupet.com.tr\\\/en\\\/product\\\/schesir-exigent-tavuk-ile-ordek-karacigeri-tam-ve-dengeli-yetiskin-kedi-mamasi-pouch-12x70g\\\/#primaryimage\"},\"image\":{\"@id\":\"https:\\\/\\\/anadolupet.com.tr\\\/en\\\/product\\\/schesir-exigent-tavuk-ile-ordek-karacigeri-tam-ve-dengeli-yetiskin-kedi-mamasi-pouch-12x70g\\\/#primaryimage\"},\"thumbnailUrl\":\"https:\\\/\\\/anadolupet.com.tr\\\/wp-content\\\/uploads\\\/2026\\\/02\\\/230-21231004.jpg\",\"datePublished\":\"2026-02-14T14:45:32+00:00\",\"dateModified\":\"2026-02-23T12:51:42+00:00\",\"breadcrumb\":{\"@id\":\"https:\\\/\\\/anadolupet.com.tr\\\/en\\\/product\\\/schesir-exigent-tavuk-ile-ordek-karacigeri-tam-ve-dengeli-yetiskin-kedi-mamasi-pouch-12x70g\\\/#breadcrumb\"},\"inLanguage\":\"en-US\",\"potentialAction\":[{\"@type\":\"ReadAction\",\"target\":[\"https:\\\/\\\/anadolupet.com.tr\\\/en\\\/product\\\/schesir-exigent-tavuk-ile-ordek-karacigeri-tam-ve-dengeli-yetiskin-kedi-mamasi-pouch-12x70g\\\/\"]}]},{\"@type\":\"ImageObject\",\"inLanguage\":\"en-US\",\"@id\":\"https:\\\/\\\/anadolupet.com.tr\\\/en\\\/product\\\/schesir-exigent-tavuk-ile-ordek-karacigeri-tam-ve-dengeli-yetiskin-kedi-mamasi-pouch-12x70g\\\/#primaryimage\",\"url\":\"https:\\\/\\\/anadolupet.com.tr\\\/wp-content\\\/uploads\\\/2026\\\/02\\\/230-21231004.jpg\",\"contentUrl\":\"https:\\\/\\\/anadolupet.com.tr\\\/wp-content\\\/uploads\\\/2026\\\/02\\\/230-21231004.jpg\",\"width\":750,\"height\":750},{\"@type\":\"BreadcrumbList\",\"@id\":\"https:\\\/\\\/anadolupet.com.tr\\\/en\\\/product\\\/schesir-exigent-tavuk-ile-ordek-karacigeri-tam-ve-dengeli-yetiskin-kedi-mamasi-pouch-12x70g\\\/#breadcrumb\",\"itemListElement\":[{\"@type\":\"ListItem\",\"position\":1,\"name\":\"Anasayfa\",\"item\":\"https:\\\/\\\/anadolupet.com.tr\\\/\"},{\"@type\":\"ListItem\",\"position\":2,\"name\":\"\u00dcr\u00fcnler\",\"item\":\"https:\\\/\\\/anadolupet.com.tr\\\/urunler\\\/\"},{\"@type\":\"ListItem\",\"position\":3,\"name\":\"Schesir Exigent Tavuk ile \u00d6rdek Karaci\u011feri Tam ve Dengeli Yeti\u015fkin Kedi Mamas\u0131 Pouch 12x70g\"}]},{\"@type\":\"WebSite\",\"@id\":\"https:\\\/\\\/anadolupet.com.tr\\\/#website\",\"url\":\"https:\\\/\\\/anadolupet.com.tr\\\/\",\"name\":\"Anadolu Pet Grup\",\"description\":\"Her Can\u0131n \u0130yi Ya\u015fam\u0131 \u0130\u00e7in Biraraday\u0131z\",\"publisher\":{\"@id\":\"https:\\\/\\\/anadolupet.com.tr\\\/#organization\"},\"potentialAction\":[{\"@type\":\"SearchAction\",\"target\":{\"@type\":\"EntryPoint\",\"urlTemplate\":\"https:\\\/\\\/anadolupet.com.tr\\\/?s={search_term_string}\"},\"query-input\":{\"@type\":\"PropertyValueSpecification\",\"valueRequired\":true,\"valueName\":\"search_term_string\"}}],\"inLanguage\":\"en-US\"},{\"@type\":\"Organization\",\"@id\":\"https:\\\/\\\/anadolupet.com.tr\\\/#organization\",\"name\":\"Anadolu Pet Grup\",\"alternateName\":\"Anadolu Pet\",\"url\":\"https:\\\/\\\/anadolupet.com.tr\\\/\",\"logo\":{\"@type\":\"ImageObject\",\"inLanguage\":\"en-US\",\"@id\":\"https:\\\/\\\/anadolupet.com.tr\\\/#\\\/schema\\\/logo\\\/image\\\/\",\"url\":\"https:\\\/\\\/anadolupet.com.tr\\\/wp-content\\\/uploads\\\/2026\\\/03\\\/1614666743370.jpg\",\"contentUrl\":\"https:\\\/\\\/anadolupet.com.tr\\\/wp-content\\\/uploads\\\/2026\\\/03\\\/1614666743370.jpg\",\"width\":800,\"height\":571,\"caption\":\"Anadolu Pet Grup\"},\"image\":{\"@id\":\"https:\\\/\\\/anadolupet.com.tr\\\/#\\\/schema\\\/logo\\\/image\\\/\"}}]}<\/script>\n<!-- \/ Yoast SEO plugin. -->","yoast_head_json":{"title":"Schesir Exigent Tavuk ile \u00d6rdek Karaci\u011feri Tam ve Dengeli Yeti\u015fkin Kedi Mamas\u0131 Pouch 12x70g - Anadolu Pet Grup","robots":{"index":"index","follow":"follow","max-snippet":"max-snippet:-1","max-image-preview":"max-image-preview:large","max-video-preview":"max-video-preview:-1"},"canonical":"https:\/\/anadolupet.com.tr\/en\/product\/schesir-exigent-tavuk-ile-ordek-karacigeri-tam-ve-dengeli-yetiskin-kedi-mamasi-pouch-12x70g\/","og_locale":"en_US","og_type":"article","og_title":"Schesir Exigent Tavuk ile \u00d6rdek Karaci\u011feri Tam ve Dengeli Yeti\u015fkin Kedi Mamas\u0131 Pouch 12x70g - Anadolu Pet Grup","og_description":"Se\u00e7ici kediler i\u00e7in \u00f6zel olarak form\u00fcle edilmi\u015f; besleyici, lezzetli \u00f6rdek karakaraci\u011feri ile yumu\u015fak, kadifemsi bir mus halinde harmanlanm\u0131\u015f ger\u00e7ek tavuk etine dayal\u0131 tarif. 1. Kedilerin ihtiyac\u0131 olan t\u00fcm proteinleri, vitaminleri ve mineralleri i\u00e7eren %100 tam ve dengeli tarif 2. En se\u00e7ici kediler i\u00e7in tasarlanm\u0131\u015ft\u0131r 3. Ger\u00e7ek et ve bal\u0131ktan elde edilen protein a\u00e7\u0131s\u0131ndan zengin 4. Yumu\u015fak, kadifemsi mus i\u00e7inde, en se\u00e7ici damaklar i\u00e7in m\u00fckemmel 5. Kedinizin ihtiyac\u0131 olan hidrasyonu sa\u011flamak i\u00e7in s\u0131v\u0131 bak\u0131m\u0131ndan zengindir 6. Tah\u0131ls\u0131z 7. Y\u00fcksek besin de\u011ferine sahip, kaliteli, minimum d\u00fczeyde i\u015flenmi\u015f bile\u015fenler \u0130\u00e7indekiler: tavuk %56, tavuk pi\u015firme suyu %27, \u00f6rdek karaci\u011feri %7, balkaba\u011f\u0131, tapyoka ni\u015fastas\u0131, rafine ay\u00e7i\u00e7ek ya\u011f\u0131, yumurta tozu, mineraller, ton bal\u0131\u011f\u0131 ya\u011f\u0131, zencefil tozu. \u0130lave Malzemeler (kg): taurin 500 mg, Fe (demir (II) s\u00fclfat monohidrat) 15 mg, Zn (\u00e7inko oksit) 22 mg, Mn (manganez (II) oksit) 4,5 mg, I (potasyum iyod\u00fcr) 0,9 mg, D3 vitamini 390 I.U., kolin klor\u00fcr 560 mg, E vitamini 30 mg, A vitamini 19500 I.U., B1 vitamini 60 mg, B3 vitamini 30 mg, B7 vitamini 0.3 mg, B12 vitamini 0.12 mg, B5 vitamini 3 mg, B2 vitamini 4.8 mg, B6 vitamini 2.4 mg, B9 vitamini 1.2 mg. Analitik Bile\u015fenler: protein %10, ham ya\u011f %6, ham k\u00fcl %2, ham sel\u00fcloz %0,1. Nem oran\u0131 %80. Ca %0,25, P %0,22. kcal\/birim: 60 kcal\/70 g Besleme Talimat\u0131: 4 kg: g\u00fcnde 4 6 kg: g\u00fcnde 5 8 kg: g\u00fcnde 6 Saklama Talimatlar\u0131: Oda s\u0131cakl\u0131\u011f\u0131nda servis edin. A\u00e7\u0131ld\u0131ktan sonra buzdolab\u0131nda saklay\u0131n ve 48 saat i\u00e7inde kullan\u0131n. Kullan\u0131m Tavsiyesi: Belirtilen miktarlar sadece tam ya\u015f mamayla beslenmeyi ifade eder ve dostunuzun \u00f6zel ihtiya\u00e7lar\u0131na g\u00f6re de\u011fi\u015febilir. Belirtilen miktarlar, dostunuzun g\u00fcnl\u00fck beslenme gereksinimlerini (kilo, ya\u015f ve ya\u015fam tarz\u0131na ba\u011fl\u0131 olarak) ve maman\u0131n \u00f6zelliklerini dikkate al\u0131r.","og_url":"https:\/\/anadolupet.com.tr\/en\/product\/schesir-exigent-tavuk-ile-ordek-karacigeri-tam-ve-dengeli-yetiskin-kedi-mamasi-pouch-12x70g\/","og_site_name":"Anadolu Pet Grup","article_modified_time":"2026-02-23T12:51:42+00:00","og_image":[{"width":750,"height":750,"url":"https:\/\/anadolupet.com.tr\/wp-content\/uploads\/2026\/02\/230-21231004.jpg","type":"image\/jpeg"}],"twitter_card":"summary_large_image","schema":{"@context":"https:\/\/schema.org","@graph":[{"@type":"WebPage","@id":"https:\/\/anadolupet.com.tr\/en\/product\/schesir-exigent-tavuk-ile-ordek-karacigeri-tam-ve-dengeli-yetiskin-kedi-mamasi-pouch-12x70g\/","url":"https:\/\/anadolupet.com.tr\/en\/product\/schesir-exigent-tavuk-ile-ordek-karacigeri-tam-ve-dengeli-yetiskin-kedi-mamasi-pouch-12x70g\/","name":"Schesir Exigent Tavuk ile \u00d6rdek Karaci\u011feri Tam ve Dengeli Yeti\u015fkin Kedi Mamas\u0131 Pouch 12x70g - Anadolu Pet Grup","isPartOf":{"@id":"https:\/\/anadolupet.com.tr\/#website"},"primaryImageOfPage":{"@id":"https:\/\/anadolupet.com.tr\/en\/product\/schesir-exigent-tavuk-ile-ordek-karacigeri-tam-ve-dengeli-yetiskin-kedi-mamasi-pouch-12x70g\/#primaryimage"},"image":{"@id":"https:\/\/anadolupet.com.tr\/en\/product\/schesir-exigent-tavuk-ile-ordek-karacigeri-tam-ve-dengeli-yetiskin-kedi-mamasi-pouch-12x70g\/#primaryimage"},"thumbnailUrl":"https:\/\/anadolupet.com.tr\/wp-content\/uploads\/2026\/02\/230-21231004.jpg","datePublished":"2026-02-14T14:45:32+00:00","dateModified":"2026-02-23T12:51:42+00:00","breadcrumb":{"@id":"https:\/\/anadolupet.com.tr\/en\/product\/schesir-exigent-tavuk-ile-ordek-karacigeri-tam-ve-dengeli-yetiskin-kedi-mamasi-pouch-12x70g\/#breadcrumb"},"inLanguage":"en-US","potentialAction":[{"@type":"ReadAction","target":["https:\/\/anadolupet.com.tr\/en\/product\/schesir-exigent-tavuk-ile-ordek-karacigeri-tam-ve-dengeli-yetiskin-kedi-mamasi-pouch-12x70g\/"]}]},{"@type":"ImageObject","inLanguage":"en-US","@id":"https:\/\/anadolupet.com.tr\/en\/product\/schesir-exigent-tavuk-ile-ordek-karacigeri-tam-ve-dengeli-yetiskin-kedi-mamasi-pouch-12x70g\/#primaryimage","url":"https:\/\/anadolupet.com.tr\/wp-content\/uploads\/2026\/02\/230-21231004.jpg","contentUrl":"https:\/\/anadolupet.com.tr\/wp-content\/uploads\/2026\/02\/230-21231004.jpg","width":750,"height":750},{"@type":"BreadcrumbList","@id":"https:\/\/anadolupet.com.tr\/en\/product\/schesir-exigent-tavuk-ile-ordek-karacigeri-tam-ve-dengeli-yetiskin-kedi-mamasi-pouch-12x70g\/#breadcrumb","itemListElement":[{"@type":"ListItem","position":1,"name":"Anasayfa","item":"https:\/\/anadolupet.com.tr\/"},{"@type":"ListItem","position":2,"name":"\u00dcr\u00fcnler","item":"https:\/\/anadolupet.com.tr\/urunler\/"},{"@type":"ListItem","position":3,"name":"Schesir Exigent Tavuk ile \u00d6rdek Karaci\u011feri Tam ve Dengeli Yeti\u015fkin Kedi Mamas\u0131 Pouch 12x70g"}]},{"@type":"WebSite","@id":"https:\/\/anadolupet.com.tr\/#website","url":"https:\/\/anadolupet.com.tr\/","name":"Anadolu Pet Group","description":"We Stand Together for the Well-Being of Every Life","publisher":{"@id":"https:\/\/anadolupet.com.tr\/#organization"},"potentialAction":[{"@type":"SearchAction","target":{"@type":"EntryPoint","urlTemplate":"https:\/\/anadolupet.com.tr\/?s={search_term_string}"},"query-input":{"@type":"PropertyValueSpecification","valueRequired":true,"valueName":"search_term_string"}}],"inLanguage":"en-US"},{"@type":"Organization","@id":"https:\/\/anadolupet.com.tr\/#organization","name":"Anadolu Pet Group","alternateName":"Anadolu Pet","url":"https:\/\/anadolupet.com.tr\/","logo":{"@type":"ImageObject","inLanguage":"en-US","@id":"https:\/\/anadolupet.com.tr\/#\/schema\/logo\/image\/","url":"https:\/\/anadolupet.com.tr\/wp-content\/uploads\/2026\/03\/1614666743370.jpg","contentUrl":"https:\/\/anadolupet.com.tr\/wp-content\/uploads\/2026\/03\/1614666743370.jpg","width":800,"height":571,"caption":"Anadolu Pet Grup"},"image":{"@id":"https:\/\/anadolupet.com.tr\/#\/schema\/logo\/image\/"}}]}},"_links":{"self":[{"href":"https:\/\/anadolupet.com.tr\/en\/wp-json\/wp\/v2\/product\/46054","targetHints":{"allow":["GET"]}}],"collection":[{"href":"https:\/\/anadolupet.com.tr\/en\/wp-json\/wp\/v2\/product"}],"about":[{"href":"https:\/\/anadolupet.com.tr\/en\/wp-json\/wp\/v2\/types\/product"}],"replies":[{"embeddable":true,"href":"https:\/\/anadolupet.com.tr\/en\/wp-json\/wp\/v2\/comments?post=46054"}],"wp:featuredmedia":[{"embeddable":true,"href":"https:\/\/anadolupet.com.tr\/en\/wp-json\/wp\/v2\/media\/43108"}],"wp:attachment":[{"href":"https:\/\/anadolupet.com.tr\/en\/wp-json\/wp\/v2\/media?parent=46054"}],"wp:term":[{"taxonomy":"product_brand","embeddable":true,"href":"https:\/\/anadolupet.com.tr\/en\/wp-json\/wp\/v2\/product_brand?post=46054"},{"taxonomy":"product_cat","embeddable":true,"href":"https:\/\/anadolupet.com.tr\/en\/wp-json\/wp\/v2\/product_cat?post=46054"},{"taxonomy":"product_tag","embeddable":true,"href":"https:\/\/anadolupet.com.tr\/en\/wp-json\/wp\/v2\/product_tag?post=46054"}],"curies":[{"name":"wp","href":"https:\/\/api.w.org\/{rel}","templated":true}]}}