{"id":46060,"date":"2026-02-14T14:45:35","date_gmt":"2026-02-14T14:45:35","guid":{"rendered":"https:\/\/anadolupet.com.tr\/?post_type=product&#038;p=46060"},"modified":"2026-02-23T12:51:43","modified_gmt":"2026-02-23T12:51:43","slug":"schesir-for-cat-jole-icerisinde-ton-ve-sinarit-balikli-kedi-mamasi-85g","status":"publish","type":"product","link":"https:\/\/anadolupet.com.tr\/en\/urun\/schesir-for-cat-jole-icerisinde-ton-ve-sinarit-balikli-kedi-mamasi-85g\/","title":{"rendered":"Schesir For Cat J\u00f6le \u0130\u00e7erisinde Ton ve Sinarit Bal\u0131kl\u0131 Kedi Mamas\u0131 85g"},"content":{"rendered":"","protected":false},"excerpt":{"rendered":"<p>Tarif, lezzetli ton bal\u0131\u011f\u0131n\u0131n ger\u00e7ek filetolar\u0131na dayanmaktad\u0131r ve kolay sindirilebilir etiyle bilinen bir deniz bal\u0131\u011f\u0131 olan sinarit ile daha da \u00e7ekici ve i\u015ftah a\u00e7\u0131c\u0131 hale getirilmi\u015ftir. Rafine deniz lezzetlerini ve mama kab\u0131nda daha kat\u0131 bir k\u0131vam\u0131 seven kedilerin damak zevkini tatmin etmek i\u00e7in j\u00f6le olarak sunulur.<br \/>\n1. Ana malzeme ton bal\u0131\u011f\u0131, lezzetli sinaritle ile birle\u015ftirilmi\u015ftir 2. %100 do\u011fal i\u00e7erikler 3. Buharda pi\u015firilmi\u015f ve elle haz\u0131rlanm\u0131\u015ft\u0131r 4. Koruyucu veya renklendirici maddeler i\u00e7ermez 5. S\u00fcrd\u00fcr\u00fclebilir bal\u0131k\u00e7\u0131l\u0131ktan elde edilen ton bal\u0131\u011f\u0131 ve a\u00e7\u0131k denizde avlanan sinarit ile 6. Hayvanlar \u00fczerinde denenmemi\u015ftir 7. %100 geri d\u00f6n\u00fc\u015ft\u00fcr\u00fclebilir ambalaj (al\u00fcminyum kutu; ka\u011f\u0131t etiket)<br \/>\nBesleme Talimat\u0131:<br \/>\nG\u00fcnde en fazla 2 kutu verin.<br \/>\nSa\u011flanan talimatlar\u0131 izleyerek, tam ve dengeli bir diyet i\u00e7inde takviye olarak verin. Tek bir porsiyon olarak veya tam ve dengeli \u00fcr\u00fcnlerle birlikte sunun. Diyet dengesizli\u011fini \u00f6nlemek i\u00e7in \u00f6nerilen porsiyonu a\u015fmay\u0131n.<\/p>","protected":false},"featured_media":43223,"comment_status":"open","ping_status":"closed","template":"","meta":{"_acf_changed":false},"product_brand":[],"product_cat":[2427],"product_tag":[],"class_list":{"0":"post-46060","1":"product","2":"type-product","3":"status-publish","4":"has-post-thumbnail","6":"product_cat-kedi-konserveleri","8":"first","9":"instock","10":"shipping-taxable","11":"product-type-simple"},"acf":[],"yoast_head":"<!-- This site is optimized with the Yoast SEO plugin v27.5 - https:\/\/yoast.com\/product\/yoast-seo-wordpress\/ -->\n<title>Schesir For Cat J\u00f6le \u0130\u00e7erisinde Ton ve Sinarit Bal\u0131kl\u0131 Kedi Mamas\u0131 85g - Anadolu Pet Grup<\/title>\n<meta name=\"robots\" content=\"index, follow, max-snippet:-1, max-image-preview:large, max-video-preview:-1\" \/>\n<link rel=\"canonical\" href=\"https:\/\/anadolupet.com.tr\/en\/product\/schesir-for-cat-jole-icerisinde-ton-ve-sinarit-balikli-kedi-mamasi-85g\/\" \/>\n<meta property=\"og:locale\" content=\"en_US\" \/>\n<meta property=\"og:type\" content=\"article\" \/>\n<meta property=\"og:title\" content=\"Schesir For Cat J\u00f6le \u0130\u00e7erisinde Ton ve Sinarit Bal\u0131kl\u0131 Kedi Mamas\u0131 85g - Anadolu Pet Grup\" \/>\n<meta property=\"og:description\" content=\"Tarif, lezzetli ton bal\u0131\u011f\u0131n\u0131n ger\u00e7ek filetolar\u0131na dayanmaktad\u0131r ve kolay sindirilebilir etiyle bilinen bir deniz bal\u0131\u011f\u0131 olan sinarit ile daha da \u00e7ekici ve i\u015ftah a\u00e7\u0131c\u0131 hale getirilmi\u015ftir. Rafine deniz lezzetlerini ve mama kab\u0131nda daha kat\u0131 bir k\u0131vam\u0131 seven kedilerin damak zevkini tatmin etmek i\u00e7in j\u00f6le olarak sunulur. 1. Ana malzeme ton bal\u0131\u011f\u0131, lezzetli sinaritle ile birle\u015ftirilmi\u015ftir 2. %100 do\u011fal i\u00e7erikler 3. Buharda pi\u015firilmi\u015f ve elle haz\u0131rlanm\u0131\u015ft\u0131r 4. Koruyucu veya renklendirici maddeler i\u00e7ermez 5. S\u00fcrd\u00fcr\u00fclebilir bal\u0131k\u00e7\u0131l\u0131ktan elde edilen ton bal\u0131\u011f\u0131 ve a\u00e7\u0131k denizde avlanan sinarit ile 6. Hayvanlar \u00fczerinde denenmemi\u015ftir 7. %100 geri d\u00f6n\u00fc\u015ft\u00fcr\u00fclebilir ambalaj (al\u00fcminyum kutu; ka\u011f\u0131t etiket) Besleme Talimat\u0131: G\u00fcnde en fazla 2 kutu verin. Sa\u011flanan talimatlar\u0131 izleyerek, tam ve dengeli bir diyet i\u00e7inde takviye olarak verin. Tek bir porsiyon olarak veya tam ve dengeli \u00fcr\u00fcnlerle birlikte sunun. Diyet dengesizli\u011fini \u00f6nlemek i\u00e7in \u00f6nerilen porsiyonu a\u015fmay\u0131n.\" \/>\n<meta property=\"og:url\" content=\"https:\/\/anadolupet.com.tr\/en\/product\/schesir-for-cat-jole-icerisinde-ton-ve-sinarit-balikli-kedi-mamasi-85g\/\" \/>\n<meta property=\"og:site_name\" content=\"Anadolu Pet Grup\" \/>\n<meta property=\"article:modified_time\" content=\"2026-02-23T12:51:43+00:00\" \/>\n<meta property=\"og:image\" content=\"https:\/\/anadolupet.com.tr\/wp-content\/uploads\/2026\/02\/230-C272.jpg\" \/>\n\t<meta property=\"og:image:width\" content=\"750\" \/>\n\t<meta property=\"og:image:height\" content=\"750\" \/>\n\t<meta property=\"og:image:type\" content=\"image\/jpeg\" \/>\n<meta name=\"twitter:card\" content=\"summary_large_image\" \/>\n<script type=\"application\/ld+json\" class=\"yoast-schema-graph\">{\"@context\":\"https:\\\/\\\/schema.org\",\"@graph\":[{\"@type\":\"WebPage\",\"@id\":\"https:\\\/\\\/anadolupet.com.tr\\\/urun\\\/schesir-for-cat-jole-icerisinde-ton-ve-sinarit-balikli-kedi-mamasi-85g\\\/\",\"url\":\"https:\\\/\\\/anadolupet.com.tr\\\/urun\\\/schesir-for-cat-jole-icerisinde-ton-ve-sinarit-balikli-kedi-mamasi-85g\\\/\",\"name\":\"Schesir For Cat J\u00f6le \u0130\u00e7erisinde Ton ve Sinarit Bal\u0131kl\u0131 Kedi Mamas\u0131 85g - Anadolu Pet Grup\",\"isPartOf\":{\"@id\":\"https:\\\/\\\/anadolupet.com.tr\\\/#website\"},\"primaryImageOfPage\":{\"@id\":\"https:\\\/\\\/anadolupet.com.tr\\\/urun\\\/schesir-for-cat-jole-icerisinde-ton-ve-sinarit-balikli-kedi-mamasi-85g\\\/#primaryimage\"},\"image\":{\"@id\":\"https:\\\/\\\/anadolupet.com.tr\\\/urun\\\/schesir-for-cat-jole-icerisinde-ton-ve-sinarit-balikli-kedi-mamasi-85g\\\/#primaryimage\"},\"thumbnailUrl\":\"https:\\\/\\\/anadolupet.com.tr\\\/wp-content\\\/uploads\\\/2026\\\/02\\\/230-C272.jpg\",\"datePublished\":\"2026-02-14T14:45:35+00:00\",\"dateModified\":\"2026-02-23T12:51:43+00:00\",\"breadcrumb\":{\"@id\":\"https:\\\/\\\/anadolupet.com.tr\\\/urun\\\/schesir-for-cat-jole-icerisinde-ton-ve-sinarit-balikli-kedi-mamasi-85g\\\/#breadcrumb\"},\"inLanguage\":\"en-US\",\"potentialAction\":[{\"@type\":\"ReadAction\",\"target\":[\"https:\\\/\\\/anadolupet.com.tr\\\/urun\\\/schesir-for-cat-jole-icerisinde-ton-ve-sinarit-balikli-kedi-mamasi-85g\\\/\"]}]},{\"@type\":\"ImageObject\",\"inLanguage\":\"en-US\",\"@id\":\"https:\\\/\\\/anadolupet.com.tr\\\/urun\\\/schesir-for-cat-jole-icerisinde-ton-ve-sinarit-balikli-kedi-mamasi-85g\\\/#primaryimage\",\"url\":\"https:\\\/\\\/anadolupet.com.tr\\\/wp-content\\\/uploads\\\/2026\\\/02\\\/230-C272.jpg\",\"contentUrl\":\"https:\\\/\\\/anadolupet.com.tr\\\/wp-content\\\/uploads\\\/2026\\\/02\\\/230-C272.jpg\",\"width\":750,\"height\":750},{\"@type\":\"BreadcrumbList\",\"@id\":\"https:\\\/\\\/anadolupet.com.tr\\\/urun\\\/schesir-for-cat-jole-icerisinde-ton-ve-sinarit-balikli-kedi-mamasi-85g\\\/#breadcrumb\",\"itemListElement\":[{\"@type\":\"ListItem\",\"position\":1,\"name\":\"Anasayfa\",\"item\":\"https:\\\/\\\/anadolupet.com.tr\\\/\"},{\"@type\":\"ListItem\",\"position\":2,\"name\":\"\u00dcr\u00fcnler\",\"item\":\"https:\\\/\\\/anadolupet.com.tr\\\/urunler\\\/\"},{\"@type\":\"ListItem\",\"position\":3,\"name\":\"Schesir For Cat J\u00f6le \u0130\u00e7erisinde Ton ve Sinarit Bal\u0131kl\u0131 Kedi Mamas\u0131 85g\"}]},{\"@type\":\"WebSite\",\"@id\":\"https:\\\/\\\/anadolupet.com.tr\\\/#website\",\"url\":\"https:\\\/\\\/anadolupet.com.tr\\\/\",\"name\":\"Anadolu Pet Grup\",\"description\":\"Her Can\u0131n \u0130yi Ya\u015fam\u0131 \u0130\u00e7in Biraraday\u0131z\",\"publisher\":{\"@id\":\"https:\\\/\\\/anadolupet.com.tr\\\/#organization\"},\"potentialAction\":[{\"@type\":\"SearchAction\",\"target\":{\"@type\":\"EntryPoint\",\"urlTemplate\":\"https:\\\/\\\/anadolupet.com.tr\\\/?s={search_term_string}\"},\"query-input\":{\"@type\":\"PropertyValueSpecification\",\"valueRequired\":true,\"valueName\":\"search_term_string\"}}],\"inLanguage\":\"en-US\"},{\"@type\":\"Organization\",\"@id\":\"https:\\\/\\\/anadolupet.com.tr\\\/#organization\",\"name\":\"Anadolu Pet Grup\",\"alternateName\":\"Anadolu Pet\",\"url\":\"https:\\\/\\\/anadolupet.com.tr\\\/\",\"logo\":{\"@type\":\"ImageObject\",\"inLanguage\":\"en-US\",\"@id\":\"https:\\\/\\\/anadolupet.com.tr\\\/#\\\/schema\\\/logo\\\/image\\\/\",\"url\":\"https:\\\/\\\/anadolupet.com.tr\\\/wp-content\\\/uploads\\\/2026\\\/03\\\/1614666743370.jpg\",\"contentUrl\":\"https:\\\/\\\/anadolupet.com.tr\\\/wp-content\\\/uploads\\\/2026\\\/03\\\/1614666743370.jpg\",\"width\":800,\"height\":571,\"caption\":\"Anadolu Pet Grup\"},\"image\":{\"@id\":\"https:\\\/\\\/anadolupet.com.tr\\\/#\\\/schema\\\/logo\\\/image\\\/\"}}]}<\/script>\n<!-- \/ Yoast SEO plugin. -->","yoast_head_json":{"title":"Schesir For Cat J\u00f6le \u0130\u00e7erisinde Ton ve Sinarit Bal\u0131kl\u0131 Kedi Mamas\u0131 85g - Anadolu Pet Grup","robots":{"index":"index","follow":"follow","max-snippet":"max-snippet:-1","max-image-preview":"max-image-preview:large","max-video-preview":"max-video-preview:-1"},"canonical":"https:\/\/anadolupet.com.tr\/en\/product\/schesir-for-cat-jole-icerisinde-ton-ve-sinarit-balikli-kedi-mamasi-85g\/","og_locale":"en_US","og_type":"article","og_title":"Schesir For Cat J\u00f6le \u0130\u00e7erisinde Ton ve Sinarit Bal\u0131kl\u0131 Kedi Mamas\u0131 85g - Anadolu Pet Grup","og_description":"Tarif, lezzetli ton bal\u0131\u011f\u0131n\u0131n ger\u00e7ek filetolar\u0131na dayanmaktad\u0131r ve kolay sindirilebilir etiyle bilinen bir deniz bal\u0131\u011f\u0131 olan sinarit ile daha da \u00e7ekici ve i\u015ftah a\u00e7\u0131c\u0131 hale getirilmi\u015ftir. Rafine deniz lezzetlerini ve mama kab\u0131nda daha kat\u0131 bir k\u0131vam\u0131 seven kedilerin damak zevkini tatmin etmek i\u00e7in j\u00f6le olarak sunulur. 1. Ana malzeme ton bal\u0131\u011f\u0131, lezzetli sinaritle ile birle\u015ftirilmi\u015ftir 2. %100 do\u011fal i\u00e7erikler 3. Buharda pi\u015firilmi\u015f ve elle haz\u0131rlanm\u0131\u015ft\u0131r 4. Koruyucu veya renklendirici maddeler i\u00e7ermez 5. S\u00fcrd\u00fcr\u00fclebilir bal\u0131k\u00e7\u0131l\u0131ktan elde edilen ton bal\u0131\u011f\u0131 ve a\u00e7\u0131k denizde avlanan sinarit ile 6. Hayvanlar \u00fczerinde denenmemi\u015ftir 7. %100 geri d\u00f6n\u00fc\u015ft\u00fcr\u00fclebilir ambalaj (al\u00fcminyum kutu; ka\u011f\u0131t etiket) Besleme Talimat\u0131: G\u00fcnde en fazla 2 kutu verin. Sa\u011flanan talimatlar\u0131 izleyerek, tam ve dengeli bir diyet i\u00e7inde takviye olarak verin. Tek bir porsiyon olarak veya tam ve dengeli \u00fcr\u00fcnlerle birlikte sunun. Diyet dengesizli\u011fini \u00f6nlemek i\u00e7in \u00f6nerilen porsiyonu a\u015fmay\u0131n.","og_url":"https:\/\/anadolupet.com.tr\/en\/product\/schesir-for-cat-jole-icerisinde-ton-ve-sinarit-balikli-kedi-mamasi-85g\/","og_site_name":"Anadolu Pet Grup","article_modified_time":"2026-02-23T12:51:43+00:00","og_image":[{"width":750,"height":750,"url":"https:\/\/anadolupet.com.tr\/wp-content\/uploads\/2026\/02\/230-C272.jpg","type":"image\/jpeg"}],"twitter_card":"summary_large_image","schema":{"@context":"https:\/\/schema.org","@graph":[{"@type":"WebPage","@id":"https:\/\/anadolupet.com.tr\/urun\/schesir-for-cat-jole-icerisinde-ton-ve-sinarit-balikli-kedi-mamasi-85g\/","url":"https:\/\/anadolupet.com.tr\/urun\/schesir-for-cat-jole-icerisinde-ton-ve-sinarit-balikli-kedi-mamasi-85g\/","name":"Schesir For Cat J\u00f6le \u0130\u00e7erisinde Ton ve Sinarit Bal\u0131kl\u0131 Kedi Mamas\u0131 85g - Anadolu Pet Grup","isPartOf":{"@id":"https:\/\/anadolupet.com.tr\/#website"},"primaryImageOfPage":{"@id":"https:\/\/anadolupet.com.tr\/urun\/schesir-for-cat-jole-icerisinde-ton-ve-sinarit-balikli-kedi-mamasi-85g\/#primaryimage"},"image":{"@id":"https:\/\/anadolupet.com.tr\/urun\/schesir-for-cat-jole-icerisinde-ton-ve-sinarit-balikli-kedi-mamasi-85g\/#primaryimage"},"thumbnailUrl":"https:\/\/anadolupet.com.tr\/wp-content\/uploads\/2026\/02\/230-C272.jpg","datePublished":"2026-02-14T14:45:35+00:00","dateModified":"2026-02-23T12:51:43+00:00","breadcrumb":{"@id":"https:\/\/anadolupet.com.tr\/urun\/schesir-for-cat-jole-icerisinde-ton-ve-sinarit-balikli-kedi-mamasi-85g\/#breadcrumb"},"inLanguage":"en-US","potentialAction":[{"@type":"ReadAction","target":["https:\/\/anadolupet.com.tr\/urun\/schesir-for-cat-jole-icerisinde-ton-ve-sinarit-balikli-kedi-mamasi-85g\/"]}]},{"@type":"ImageObject","inLanguage":"en-US","@id":"https:\/\/anadolupet.com.tr\/urun\/schesir-for-cat-jole-icerisinde-ton-ve-sinarit-balikli-kedi-mamasi-85g\/#primaryimage","url":"https:\/\/anadolupet.com.tr\/wp-content\/uploads\/2026\/02\/230-C272.jpg","contentUrl":"https:\/\/anadolupet.com.tr\/wp-content\/uploads\/2026\/02\/230-C272.jpg","width":750,"height":750},{"@type":"BreadcrumbList","@id":"https:\/\/anadolupet.com.tr\/urun\/schesir-for-cat-jole-icerisinde-ton-ve-sinarit-balikli-kedi-mamasi-85g\/#breadcrumb","itemListElement":[{"@type":"ListItem","position":1,"name":"Anasayfa","item":"https:\/\/anadolupet.com.tr\/"},{"@type":"ListItem","position":2,"name":"\u00dcr\u00fcnler","item":"https:\/\/anadolupet.com.tr\/urunler\/"},{"@type":"ListItem","position":3,"name":"Schesir For Cat J\u00f6le \u0130\u00e7erisinde Ton ve Sinarit Bal\u0131kl\u0131 Kedi Mamas\u0131 85g"}]},{"@type":"WebSite","@id":"https:\/\/anadolupet.com.tr\/#website","url":"https:\/\/anadolupet.com.tr\/","name":"Anadolu Pet Group","description":"We Stand Together for the Well-Being of Every Life","publisher":{"@id":"https:\/\/anadolupet.com.tr\/#organization"},"potentialAction":[{"@type":"SearchAction","target":{"@type":"EntryPoint","urlTemplate":"https:\/\/anadolupet.com.tr\/?s={search_term_string}"},"query-input":{"@type":"PropertyValueSpecification","valueRequired":true,"valueName":"search_term_string"}}],"inLanguage":"en-US"},{"@type":"Organization","@id":"https:\/\/anadolupet.com.tr\/#organization","name":"Anadolu Pet Group","alternateName":"Anadolu Pet","url":"https:\/\/anadolupet.com.tr\/","logo":{"@type":"ImageObject","inLanguage":"en-US","@id":"https:\/\/anadolupet.com.tr\/#\/schema\/logo\/image\/","url":"https:\/\/anadolupet.com.tr\/wp-content\/uploads\/2026\/03\/1614666743370.jpg","contentUrl":"https:\/\/anadolupet.com.tr\/wp-content\/uploads\/2026\/03\/1614666743370.jpg","width":800,"height":571,"caption":"Anadolu Pet Grup"},"image":{"@id":"https:\/\/anadolupet.com.tr\/#\/schema\/logo\/image\/"}}]}},"_links":{"self":[{"href":"https:\/\/anadolupet.com.tr\/en\/wp-json\/wp\/v2\/product\/46060","targetHints":{"allow":["GET"]}}],"collection":[{"href":"https:\/\/anadolupet.com.tr\/en\/wp-json\/wp\/v2\/product"}],"about":[{"href":"https:\/\/anadolupet.com.tr\/en\/wp-json\/wp\/v2\/types\/product"}],"replies":[{"embeddable":true,"href":"https:\/\/anadolupet.com.tr\/en\/wp-json\/wp\/v2\/comments?post=46060"}],"wp:featuredmedia":[{"embeddable":true,"href":"https:\/\/anadolupet.com.tr\/en\/wp-json\/wp\/v2\/media\/43223"}],"wp:attachment":[{"href":"https:\/\/anadolupet.com.tr\/en\/wp-json\/wp\/v2\/media?parent=46060"}],"wp:term":[{"taxonomy":"product_brand","embeddable":true,"href":"https:\/\/anadolupet.com.tr\/en\/wp-json\/wp\/v2\/product_brand?post=46060"},{"taxonomy":"product_cat","embeddable":true,"href":"https:\/\/anadolupet.com.tr\/en\/wp-json\/wp\/v2\/product_cat?post=46060"},{"taxonomy":"product_tag","embeddable":true,"href":"https:\/\/anadolupet.com.tr\/en\/wp-json\/wp\/v2\/product_tag?post=46060"}],"curies":[{"name":"wp","href":"https:\/\/api.w.org\/{rel}","templated":true}]}}