{"id":46080,"date":"2026-02-14T14:45:39","date_gmt":"2026-02-14T14:45:39","guid":{"rendered":"https:\/\/anadolupet.com.tr\/urun\/schesir-jelly-tavuk-fileto-jole-icinde-yetiskin-kedi-konservesi-85g\/"},"modified":"2026-02-23T12:51:44","modified_gmt":"2026-02-23T12:51:44","slug":"schesir-jelly-tavuk-fileto-jole-icinde-yetiskin-kedi-konservesi-85g","status":"publish","type":"product","link":"https:\/\/anadolupet.com.tr\/en\/urun\/schesir-jelly-tavuk-fileto-jole-icinde-yetiskin-kedi-konservesi-85g\/","title":{"rendered":"Schesir Jelly Tavuk Fileto J\u00f6le \u0130\u00e7inde Yeti\u015fkin Kedi Konservesi 85g"},"content":{"rendered":"","protected":false},"excerpt":{"rendered":"<p>Schesir markas\u0131 her zaman en iyi kalitedeki do\u011fal \u00fcr\u00fcnleri sunar. Kediler i\u00e7in, fileto edilmi\u015f ger\u00e7ek tavuk eti ile \u00f6zenle haz\u0131rlanm\u0131\u015f, p\u00fcr\u00fczs\u00fcz, aloe vera katk\u0131l\u0131 jel i\u00e7erisinde konserve kedi mamas\u0131d\u0131r.<br \/>\nKonserve i\u00e7erisindeki besin de\u011feri y\u00fcksek aloe vera ile canl\u0131l\u0131k verir ve sindirimi kolayla\u015ft\u0131r\u0131r. \u0130nsan g\u0131das\u0131 olarak kullan\u0131labilecek kalitede %100 do\u011fal i\u00e7eriklere sahiptir.<br \/>\n\u0130\u00e7erik<br \/>\nTavuk Fileto %51<br \/>\nSu %46,5<br \/>\nPirin\u00e7 %1,5<br \/>\nAnaliz Raporu<br \/>\nProtein %10,5<br \/>\nHam Lif %0,1<br \/>\nHam S\u0131v\u0131 ve Kat\u0131 Ya\u011flar %1<br \/>\nHam K\u00fcl %1<br \/>\nNem %86<br \/>\nGuargum 3300 mg\/kg<br \/>\nKe\u00e7iboynuzu Gam\u0131 3300 mg\/kg<br \/>\nKaragenan 3300 mg\/kg<br \/>\nVitamin A 1325 IU\/kg<br \/>\nVitamin E 15 mg\/kg<br \/>\nTaur\u0131n 160 mg\/kg<\/p>","protected":false},"featured_media":42965,"comment_status":"open","ping_status":"closed","template":"","meta":{"_acf_changed":false},"product_brand":[],"product_cat":[2427],"product_tag":[],"class_list":{"0":"post-46080","1":"product","2":"type-product","3":"status-publish","4":"has-post-thumbnail","6":"product_cat-kedi-konserveleri","8":"first","9":"instock","10":"shipping-taxable","11":"product-type-simple"},"acf":[],"yoast_head":"<!-- This site is optimized with the Yoast SEO plugin v27.5 - https:\/\/yoast.com\/product\/yoast-seo-wordpress\/ -->\n<title>Schesir Jelly Tavuk Fileto J\u00f6le \u0130\u00e7inde Yeti\u015fkin Kedi Konservesi 85g - Anadolu Pet Grup<\/title>\n<meta name=\"robots\" content=\"index, follow, max-snippet:-1, max-image-preview:large, max-video-preview:-1\" \/>\n<link rel=\"canonical\" href=\"https:\/\/anadolupet.com.tr\/en\/product\/schesir-jelly-tavuk-fileto-jole-icinde-yetiskin-kedi-konservesi-85g\/\" \/>\n<meta property=\"og:locale\" content=\"en_US\" \/>\n<meta property=\"og:type\" content=\"article\" \/>\n<meta property=\"og:title\" content=\"Schesir Jelly Tavuk Fileto J\u00f6le \u0130\u00e7inde Yeti\u015fkin Kedi Konservesi 85g - Anadolu Pet Grup\" \/>\n<meta property=\"og:description\" content=\"Schesir markas\u0131 her zaman en iyi kalitedeki do\u011fal \u00fcr\u00fcnleri sunar. Kediler i\u00e7in, fileto edilmi\u015f ger\u00e7ek tavuk eti ile \u00f6zenle haz\u0131rlanm\u0131\u015f, p\u00fcr\u00fczs\u00fcz, aloe vera katk\u0131l\u0131 jel i\u00e7erisinde konserve kedi mamas\u0131d\u0131r. Konserve i\u00e7erisindeki besin de\u011feri y\u00fcksek aloe vera ile canl\u0131l\u0131k verir ve sindirimi kolayla\u015ft\u0131r\u0131r. \u0130nsan g\u0131das\u0131 olarak kullan\u0131labilecek kalitede %100 do\u011fal i\u00e7eriklere sahiptir. \u0130\u00e7erik Tavuk Fileto %51 Su %46,5 Pirin\u00e7 %1,5 Analiz Raporu Protein %10,5 Ham Lif %0,1 Ham S\u0131v\u0131 ve Kat\u0131 Ya\u011flar %1 Ham K\u00fcl %1 Nem %86 Guargum 3300 mg\/kg Ke\u00e7iboynuzu Gam\u0131 3300 mg\/kg Karagenan 3300 mg\/kg Vitamin A 1325 IU\/kg Vitamin E 15 mg\/kg Taur\u0131n 160 mg\/kg\" \/>\n<meta property=\"og:url\" content=\"https:\/\/anadolupet.com.tr\/en\/product\/schesir-jelly-tavuk-fileto-jole-icinde-yetiskin-kedi-konservesi-85g\/\" \/>\n<meta property=\"og:site_name\" content=\"Anadolu Pet Grup\" \/>\n<meta property=\"article:modified_time\" content=\"2026-02-23T12:51:44+00:00\" \/>\n<meta property=\"og:image\" content=\"https:\/\/anadolupet.com.tr\/wp-content\/uploads\/2026\/02\/230-21121503.jpg\" \/>\n\t<meta property=\"og:image:width\" content=\"750\" \/>\n\t<meta property=\"og:image:height\" content=\"750\" \/>\n\t<meta property=\"og:image:type\" content=\"image\/jpeg\" \/>\n<meta name=\"twitter:card\" content=\"summary_large_image\" \/>\n<script type=\"application\/ld+json\" class=\"yoast-schema-graph\">{\"@context\":\"https:\\\/\\\/schema.org\",\"@graph\":[{\"@type\":\"WebPage\",\"@id\":\"https:\\\/\\\/anadolupet.com.tr\\\/urun\\\/schesir-jelly-tavuk-fileto-jole-icinde-yetiskin-kedi-konservesi-85g\\\/\",\"url\":\"https:\\\/\\\/anadolupet.com.tr\\\/urun\\\/schesir-jelly-tavuk-fileto-jole-icinde-yetiskin-kedi-konservesi-85g\\\/\",\"name\":\"Schesir Jelly Tavuk Fileto J\u00f6le \u0130\u00e7inde Yeti\u015fkin Kedi Konservesi 85g - Anadolu Pet Grup\",\"isPartOf\":{\"@id\":\"https:\\\/\\\/anadolupet.com.tr\\\/#website\"},\"primaryImageOfPage\":{\"@id\":\"https:\\\/\\\/anadolupet.com.tr\\\/urun\\\/schesir-jelly-tavuk-fileto-jole-icinde-yetiskin-kedi-konservesi-85g\\\/#primaryimage\"},\"image\":{\"@id\":\"https:\\\/\\\/anadolupet.com.tr\\\/urun\\\/schesir-jelly-tavuk-fileto-jole-icinde-yetiskin-kedi-konservesi-85g\\\/#primaryimage\"},\"thumbnailUrl\":\"https:\\\/\\\/anadolupet.com.tr\\\/wp-content\\\/uploads\\\/2026\\\/02\\\/230-21121503.jpg\",\"datePublished\":\"2026-02-14T14:45:39+00:00\",\"dateModified\":\"2026-02-23T12:51:44+00:00\",\"breadcrumb\":{\"@id\":\"https:\\\/\\\/anadolupet.com.tr\\\/urun\\\/schesir-jelly-tavuk-fileto-jole-icinde-yetiskin-kedi-konservesi-85g\\\/#breadcrumb\"},\"inLanguage\":\"en-US\",\"potentialAction\":[{\"@type\":\"ReadAction\",\"target\":[\"https:\\\/\\\/anadolupet.com.tr\\\/urun\\\/schesir-jelly-tavuk-fileto-jole-icinde-yetiskin-kedi-konservesi-85g\\\/\"]}]},{\"@type\":\"ImageObject\",\"inLanguage\":\"en-US\",\"@id\":\"https:\\\/\\\/anadolupet.com.tr\\\/urun\\\/schesir-jelly-tavuk-fileto-jole-icinde-yetiskin-kedi-konservesi-85g\\\/#primaryimage\",\"url\":\"https:\\\/\\\/anadolupet.com.tr\\\/wp-content\\\/uploads\\\/2026\\\/02\\\/230-21121503.jpg\",\"contentUrl\":\"https:\\\/\\\/anadolupet.com.tr\\\/wp-content\\\/uploads\\\/2026\\\/02\\\/230-21121503.jpg\",\"width\":750,\"height\":750},{\"@type\":\"BreadcrumbList\",\"@id\":\"https:\\\/\\\/anadolupet.com.tr\\\/urun\\\/schesir-jelly-tavuk-fileto-jole-icinde-yetiskin-kedi-konservesi-85g\\\/#breadcrumb\",\"itemListElement\":[{\"@type\":\"ListItem\",\"position\":1,\"name\":\"Anasayfa\",\"item\":\"https:\\\/\\\/anadolupet.com.tr\\\/\"},{\"@type\":\"ListItem\",\"position\":2,\"name\":\"\u00dcr\u00fcnler\",\"item\":\"https:\\\/\\\/anadolupet.com.tr\\\/urunler\\\/\"},{\"@type\":\"ListItem\",\"position\":3,\"name\":\"Schesir Jelly Tavuk Fileto J\u00f6le \u0130\u00e7inde Yeti\u015fkin Kedi Konservesi 85g\"}]},{\"@type\":\"WebSite\",\"@id\":\"https:\\\/\\\/anadolupet.com.tr\\\/#website\",\"url\":\"https:\\\/\\\/anadolupet.com.tr\\\/\",\"name\":\"Anadolu Pet Grup\",\"description\":\"Her Can\u0131n \u0130yi Ya\u015fam\u0131 \u0130\u00e7in Biraraday\u0131z\",\"publisher\":{\"@id\":\"https:\\\/\\\/anadolupet.com.tr\\\/#organization\"},\"potentialAction\":[{\"@type\":\"SearchAction\",\"target\":{\"@type\":\"EntryPoint\",\"urlTemplate\":\"https:\\\/\\\/anadolupet.com.tr\\\/?s={search_term_string}\"},\"query-input\":{\"@type\":\"PropertyValueSpecification\",\"valueRequired\":true,\"valueName\":\"search_term_string\"}}],\"inLanguage\":\"en-US\"},{\"@type\":\"Organization\",\"@id\":\"https:\\\/\\\/anadolupet.com.tr\\\/#organization\",\"name\":\"Anadolu Pet Grup\",\"alternateName\":\"Anadolu Pet\",\"url\":\"https:\\\/\\\/anadolupet.com.tr\\\/\",\"logo\":{\"@type\":\"ImageObject\",\"inLanguage\":\"en-US\",\"@id\":\"https:\\\/\\\/anadolupet.com.tr\\\/#\\\/schema\\\/logo\\\/image\\\/\",\"url\":\"https:\\\/\\\/anadolupet.com.tr\\\/wp-content\\\/uploads\\\/2026\\\/03\\\/1614666743370.jpg\",\"contentUrl\":\"https:\\\/\\\/anadolupet.com.tr\\\/wp-content\\\/uploads\\\/2026\\\/03\\\/1614666743370.jpg\",\"width\":800,\"height\":571,\"caption\":\"Anadolu Pet Grup\"},\"image\":{\"@id\":\"https:\\\/\\\/anadolupet.com.tr\\\/#\\\/schema\\\/logo\\\/image\\\/\"}}]}<\/script>\n<!-- \/ Yoast SEO plugin. -->","yoast_head_json":{"title":"Schesir Jelly Tavuk Fileto J\u00f6le \u0130\u00e7inde Yeti\u015fkin Kedi Konservesi 85g - Anadolu Pet Grup","robots":{"index":"index","follow":"follow","max-snippet":"max-snippet:-1","max-image-preview":"max-image-preview:large","max-video-preview":"max-video-preview:-1"},"canonical":"https:\/\/anadolupet.com.tr\/en\/product\/schesir-jelly-tavuk-fileto-jole-icinde-yetiskin-kedi-konservesi-85g\/","og_locale":"en_US","og_type":"article","og_title":"Schesir Jelly Tavuk Fileto J\u00f6le \u0130\u00e7inde Yeti\u015fkin Kedi Konservesi 85g - Anadolu Pet Grup","og_description":"Schesir markas\u0131 her zaman en iyi kalitedeki do\u011fal \u00fcr\u00fcnleri sunar. Kediler i\u00e7in, fileto edilmi\u015f ger\u00e7ek tavuk eti ile \u00f6zenle haz\u0131rlanm\u0131\u015f, p\u00fcr\u00fczs\u00fcz, aloe vera katk\u0131l\u0131 jel i\u00e7erisinde konserve kedi mamas\u0131d\u0131r. Konserve i\u00e7erisindeki besin de\u011feri y\u00fcksek aloe vera ile canl\u0131l\u0131k verir ve sindirimi kolayla\u015ft\u0131r\u0131r. \u0130nsan g\u0131das\u0131 olarak kullan\u0131labilecek kalitede %100 do\u011fal i\u00e7eriklere sahiptir. \u0130\u00e7erik Tavuk Fileto %51 Su %46,5 Pirin\u00e7 %1,5 Analiz Raporu Protein %10,5 Ham Lif %0,1 Ham S\u0131v\u0131 ve Kat\u0131 Ya\u011flar %1 Ham K\u00fcl %1 Nem %86 Guargum 3300 mg\/kg Ke\u00e7iboynuzu Gam\u0131 3300 mg\/kg Karagenan 3300 mg\/kg Vitamin A 1325 IU\/kg Vitamin E 15 mg\/kg Taur\u0131n 160 mg\/kg","og_url":"https:\/\/anadolupet.com.tr\/en\/product\/schesir-jelly-tavuk-fileto-jole-icinde-yetiskin-kedi-konservesi-85g\/","og_site_name":"Anadolu Pet Grup","article_modified_time":"2026-02-23T12:51:44+00:00","og_image":[{"width":750,"height":750,"url":"https:\/\/anadolupet.com.tr\/wp-content\/uploads\/2026\/02\/230-21121503.jpg","type":"image\/jpeg"}],"twitter_card":"summary_large_image","schema":{"@context":"https:\/\/schema.org","@graph":[{"@type":"WebPage","@id":"https:\/\/anadolupet.com.tr\/urun\/schesir-jelly-tavuk-fileto-jole-icinde-yetiskin-kedi-konservesi-85g\/","url":"https:\/\/anadolupet.com.tr\/urun\/schesir-jelly-tavuk-fileto-jole-icinde-yetiskin-kedi-konservesi-85g\/","name":"Schesir Jelly Tavuk Fileto J\u00f6le \u0130\u00e7inde Yeti\u015fkin Kedi Konservesi 85g - Anadolu Pet Grup","isPartOf":{"@id":"https:\/\/anadolupet.com.tr\/#website"},"primaryImageOfPage":{"@id":"https:\/\/anadolupet.com.tr\/urun\/schesir-jelly-tavuk-fileto-jole-icinde-yetiskin-kedi-konservesi-85g\/#primaryimage"},"image":{"@id":"https:\/\/anadolupet.com.tr\/urun\/schesir-jelly-tavuk-fileto-jole-icinde-yetiskin-kedi-konservesi-85g\/#primaryimage"},"thumbnailUrl":"https:\/\/anadolupet.com.tr\/wp-content\/uploads\/2026\/02\/230-21121503.jpg","datePublished":"2026-02-14T14:45:39+00:00","dateModified":"2026-02-23T12:51:44+00:00","breadcrumb":{"@id":"https:\/\/anadolupet.com.tr\/urun\/schesir-jelly-tavuk-fileto-jole-icinde-yetiskin-kedi-konservesi-85g\/#breadcrumb"},"inLanguage":"en-US","potentialAction":[{"@type":"ReadAction","target":["https:\/\/anadolupet.com.tr\/urun\/schesir-jelly-tavuk-fileto-jole-icinde-yetiskin-kedi-konservesi-85g\/"]}]},{"@type":"ImageObject","inLanguage":"en-US","@id":"https:\/\/anadolupet.com.tr\/urun\/schesir-jelly-tavuk-fileto-jole-icinde-yetiskin-kedi-konservesi-85g\/#primaryimage","url":"https:\/\/anadolupet.com.tr\/wp-content\/uploads\/2026\/02\/230-21121503.jpg","contentUrl":"https:\/\/anadolupet.com.tr\/wp-content\/uploads\/2026\/02\/230-21121503.jpg","width":750,"height":750},{"@type":"BreadcrumbList","@id":"https:\/\/anadolupet.com.tr\/urun\/schesir-jelly-tavuk-fileto-jole-icinde-yetiskin-kedi-konservesi-85g\/#breadcrumb","itemListElement":[{"@type":"ListItem","position":1,"name":"Anasayfa","item":"https:\/\/anadolupet.com.tr\/"},{"@type":"ListItem","position":2,"name":"\u00dcr\u00fcnler","item":"https:\/\/anadolupet.com.tr\/urunler\/"},{"@type":"ListItem","position":3,"name":"Schesir Jelly Tavuk Fileto J\u00f6le \u0130\u00e7inde Yeti\u015fkin Kedi Konservesi 85g"}]},{"@type":"WebSite","@id":"https:\/\/anadolupet.com.tr\/#website","url":"https:\/\/anadolupet.com.tr\/","name":"Anadolu Pet Group","description":"We Stand Together for the Well-Being of Every Life","publisher":{"@id":"https:\/\/anadolupet.com.tr\/#organization"},"potentialAction":[{"@type":"SearchAction","target":{"@type":"EntryPoint","urlTemplate":"https:\/\/anadolupet.com.tr\/?s={search_term_string}"},"query-input":{"@type":"PropertyValueSpecification","valueRequired":true,"valueName":"search_term_string"}}],"inLanguage":"en-US"},{"@type":"Organization","@id":"https:\/\/anadolupet.com.tr\/#organization","name":"Anadolu Pet Group","alternateName":"Anadolu Pet","url":"https:\/\/anadolupet.com.tr\/","logo":{"@type":"ImageObject","inLanguage":"en-US","@id":"https:\/\/anadolupet.com.tr\/#\/schema\/logo\/image\/","url":"https:\/\/anadolupet.com.tr\/wp-content\/uploads\/2026\/03\/1614666743370.jpg","contentUrl":"https:\/\/anadolupet.com.tr\/wp-content\/uploads\/2026\/03\/1614666743370.jpg","width":800,"height":571,"caption":"Anadolu Pet Grup"},"image":{"@id":"https:\/\/anadolupet.com.tr\/#\/schema\/logo\/image\/"}}]}},"_links":{"self":[{"href":"https:\/\/anadolupet.com.tr\/en\/wp-json\/wp\/v2\/product\/46080","targetHints":{"allow":["GET"]}}],"collection":[{"href":"https:\/\/anadolupet.com.tr\/en\/wp-json\/wp\/v2\/product"}],"about":[{"href":"https:\/\/anadolupet.com.tr\/en\/wp-json\/wp\/v2\/types\/product"}],"replies":[{"embeddable":true,"href":"https:\/\/anadolupet.com.tr\/en\/wp-json\/wp\/v2\/comments?post=46080"}],"wp:featuredmedia":[{"embeddable":true,"href":"https:\/\/anadolupet.com.tr\/en\/wp-json\/wp\/v2\/media\/42965"}],"wp:attachment":[{"href":"https:\/\/anadolupet.com.tr\/en\/wp-json\/wp\/v2\/media?parent=46080"}],"wp:term":[{"taxonomy":"product_brand","embeddable":true,"href":"https:\/\/anadolupet.com.tr\/en\/wp-json\/wp\/v2\/product_brand?post=46080"},{"taxonomy":"product_cat","embeddable":true,"href":"https:\/\/anadolupet.com.tr\/en\/wp-json\/wp\/v2\/product_cat?post=46080"},{"taxonomy":"product_tag","embeddable":true,"href":"https:\/\/anadolupet.com.tr\/en\/wp-json\/wp\/v2\/product_tag?post=46080"}],"curies":[{"name":"wp","href":"https:\/\/api.w.org\/{rel}","templated":true}]}}