{"id":46082,"date":"2026-02-14T14:45:40","date_gmt":"2026-02-14T14:45:40","guid":{"rendered":"https:\/\/anadolupet.com.tr\/urun\/schesir-jelly-tavuk-fileto-ve-aloe-vera-jole-icinde-yavru-kopek-konservesi-150g\/"},"modified":"2026-02-23T12:51:44","modified_gmt":"2026-02-23T12:51:44","slug":"schesir-jelly-tavuk-fileto-ve-aloe-vera-jole-icinde-yavru-kopek-konservesi-150g","status":"publish","type":"product","link":"https:\/\/anadolupet.com.tr\/en\/urun\/schesir-jelly-tavuk-fileto-ve-aloe-vera-jole-icinde-yavru-kopek-konservesi-150g\/","title":{"rendered":"Schesir Jelly Tavuk Fileto ve Aloe Vera J\u00f6le \u0130\u00e7inde Yavru K\u00f6pek Konservesi 150g"},"content":{"rendered":"","protected":false},"excerpt":{"rendered":"<p>Ger\u00e7ek tavuk filetolar\u0131ndan yap\u0131lan bu tarif, faydal\u0131 \u00f6zellikleriyle bilinen aloe bitkisi ve omega ya\u011f asitleri sa\u011flayan bir miktar tohum ya\u011f\u0131 ile zenginle\u015ftirilmi\u015ftir. A\u011f\u0131z suland\u0131ran j\u00f6le formunda.<br \/>\n1. Yavru k\u00f6peklere \u00f6zel<br \/>\n2. Ana i\u00e7erik olarak tavuk, aloe ile<br \/>\n3. Omega-3 ya\u011f asitleri i\u00e7eren tohum ya\u011f\u0131 ile<br \/>\n4. %100 do\u011fal i\u00e7erikler 5. Buharda pi\u015firilmi\u015f ve elle i\u015flenmi\u015ftir 6. Koruyucu veya renklendirici i\u00e7ermez 7. Hayvanlar \u00fczerinde denenmemi\u015f<br \/>\n8. %100 geri d\u00f6n\u00fc\u015ft\u00fcr\u00fclebilir ambalaj (\u00e7elik konserve, ka\u011f\u0131t etiket) \u0130\u00c7\u0130NDEK\u0130LER: tavuk fileto %51, aloe %5, pirin\u00e7 %2, ay\u00e7i\u00e7ek ya\u011f\u0131 %1,7.<br \/>\nANAL\u0130T\u0130K B\u0130LE\u015eENLER: protein %10,8, ham ya\u011f %2, ham sel\u00fcloz %0,5, ham k\u00fcl %0,6. Nem %86. KULLANIM TAL\u0130MATI: 1 ila 6 ay aras\u0131 g\u00fcnde 1 konserve, 6. aydan sonra g\u00fcnde en fazla 2 konserve verin.<br \/>\nSAKLAMA Y\u00d6NTEM\u0130: Oda s\u0131cakl\u0131\u011f\u0131nda servis edin. A\u00e7\u0131ld\u0131ktan sonra buzdolab\u0131nda saklay\u0131n ve 48 saat i\u00e7inde t\u00fcketin.<\/p>","protected":false},"featured_media":42902,"comment_status":"open","ping_status":"closed","template":"","meta":{"_acf_changed":false},"product_brand":[],"product_cat":[2464],"product_tag":[],"class_list":{"0":"post-46082","1":"product","2":"type-product","3":"status-publish","4":"has-post-thumbnail","6":"product_cat-yetiskin-kopek-mamalari","8":"first","9":"instock","10":"shipping-taxable","11":"product-type-simple"},"acf":[],"yoast_head":"<!-- This site is optimized with the Yoast SEO plugin v27.5 - https:\/\/yoast.com\/product\/yoast-seo-wordpress\/ -->\n<title>Schesir Jelly Tavuk Fileto ve Aloe Vera J\u00f6le \u0130\u00e7inde Yavru K\u00f6pek Konservesi 150g - Anadolu Pet Grup<\/title>\n<meta name=\"robots\" content=\"index, follow, max-snippet:-1, max-image-preview:large, max-video-preview:-1\" \/>\n<link rel=\"canonical\" href=\"https:\/\/anadolupet.com.tr\/en\/product\/schesir-jelly-tavuk-fileto-ve-aloe-vera-jole-icinde-yavru-kopek-konservesi-150g\/\" \/>\n<meta property=\"og:locale\" content=\"en_US\" \/>\n<meta property=\"og:type\" content=\"article\" \/>\n<meta property=\"og:title\" content=\"Schesir Jelly Tavuk Fileto ve Aloe Vera J\u00f6le \u0130\u00e7inde Yavru K\u00f6pek Konservesi 150g - Anadolu Pet Grup\" \/>\n<meta property=\"og:description\" content=\"Ger\u00e7ek tavuk filetolar\u0131ndan yap\u0131lan bu tarif, faydal\u0131 \u00f6zellikleriyle bilinen aloe bitkisi ve omega ya\u011f asitleri sa\u011flayan bir miktar tohum ya\u011f\u0131 ile zenginle\u015ftirilmi\u015ftir. A\u011f\u0131z suland\u0131ran j\u00f6le formunda. 1. Yavru k\u00f6peklere \u00f6zel 2. Ana i\u00e7erik olarak tavuk, aloe ile 3. Omega-3 ya\u011f asitleri i\u00e7eren tohum ya\u011f\u0131 ile 4. %100 do\u011fal i\u00e7erikler 5. Buharda pi\u015firilmi\u015f ve elle i\u015flenmi\u015ftir 6. Koruyucu veya renklendirici i\u00e7ermez 7. Hayvanlar \u00fczerinde denenmemi\u015f 8. %100 geri d\u00f6n\u00fc\u015ft\u00fcr\u00fclebilir ambalaj (\u00e7elik konserve, ka\u011f\u0131t etiket) \u0130\u00c7\u0130NDEK\u0130LER: tavuk fileto %51, aloe %5, pirin\u00e7 %2, ay\u00e7i\u00e7ek ya\u011f\u0131 %1,7. ANAL\u0130T\u0130K B\u0130LE\u015eENLER: protein %10,8, ham ya\u011f %2, ham sel\u00fcloz %0,5, ham k\u00fcl %0,6. Nem %86. KULLANIM TAL\u0130MATI: 1 ila 6 ay aras\u0131 g\u00fcnde 1 konserve, 6. aydan sonra g\u00fcnde en fazla 2 konserve verin. SAKLAMA Y\u00d6NTEM\u0130: Oda s\u0131cakl\u0131\u011f\u0131nda servis edin. A\u00e7\u0131ld\u0131ktan sonra buzdolab\u0131nda saklay\u0131n ve 48 saat i\u00e7inde t\u00fcketin.\" \/>\n<meta property=\"og:url\" content=\"https:\/\/anadolupet.com.tr\/en\/product\/schesir-jelly-tavuk-fileto-ve-aloe-vera-jole-icinde-yavru-kopek-konservesi-150g\/\" \/>\n<meta property=\"og:site_name\" content=\"Anadolu Pet Grup\" \/>\n<meta property=\"article:modified_time\" content=\"2026-02-23T12:51:44+00:00\" \/>\n<meta property=\"og:image\" content=\"https:\/\/anadolupet.com.tr\/wp-content\/uploads\/2026\/02\/230-01064263.jpg\" \/>\n\t<meta property=\"og:image:width\" content=\"750\" \/>\n\t<meta property=\"og:image:height\" content=\"750\" \/>\n\t<meta property=\"og:image:type\" content=\"image\/jpeg\" \/>\n<meta name=\"twitter:card\" content=\"summary_large_image\" \/>\n<script type=\"application\/ld+json\" class=\"yoast-schema-graph\">{\"@context\":\"https:\\\/\\\/schema.org\",\"@graph\":[{\"@type\":\"WebPage\",\"@id\":\"https:\\\/\\\/anadolupet.com.tr\\\/urun\\\/schesir-jelly-tavuk-fileto-ve-aloe-vera-jole-icinde-yavru-kopek-konservesi-150g\\\/\",\"url\":\"https:\\\/\\\/anadolupet.com.tr\\\/urun\\\/schesir-jelly-tavuk-fileto-ve-aloe-vera-jole-icinde-yavru-kopek-konservesi-150g\\\/\",\"name\":\"Schesir Jelly Tavuk Fileto ve Aloe Vera J\u00f6le \u0130\u00e7inde Yavru K\u00f6pek Konservesi 150g - Anadolu Pet Grup\",\"isPartOf\":{\"@id\":\"https:\\\/\\\/anadolupet.com.tr\\\/#website\"},\"primaryImageOfPage\":{\"@id\":\"https:\\\/\\\/anadolupet.com.tr\\\/urun\\\/schesir-jelly-tavuk-fileto-ve-aloe-vera-jole-icinde-yavru-kopek-konservesi-150g\\\/#primaryimage\"},\"image\":{\"@id\":\"https:\\\/\\\/anadolupet.com.tr\\\/urun\\\/schesir-jelly-tavuk-fileto-ve-aloe-vera-jole-icinde-yavru-kopek-konservesi-150g\\\/#primaryimage\"},\"thumbnailUrl\":\"https:\\\/\\\/anadolupet.com.tr\\\/wp-content\\\/uploads\\\/2026\\\/02\\\/230-01064263.jpg\",\"datePublished\":\"2026-02-14T14:45:40+00:00\",\"dateModified\":\"2026-02-23T12:51:44+00:00\",\"breadcrumb\":{\"@id\":\"https:\\\/\\\/anadolupet.com.tr\\\/urun\\\/schesir-jelly-tavuk-fileto-ve-aloe-vera-jole-icinde-yavru-kopek-konservesi-150g\\\/#breadcrumb\"},\"inLanguage\":\"en-US\",\"potentialAction\":[{\"@type\":\"ReadAction\",\"target\":[\"https:\\\/\\\/anadolupet.com.tr\\\/urun\\\/schesir-jelly-tavuk-fileto-ve-aloe-vera-jole-icinde-yavru-kopek-konservesi-150g\\\/\"]}]},{\"@type\":\"ImageObject\",\"inLanguage\":\"en-US\",\"@id\":\"https:\\\/\\\/anadolupet.com.tr\\\/urun\\\/schesir-jelly-tavuk-fileto-ve-aloe-vera-jole-icinde-yavru-kopek-konservesi-150g\\\/#primaryimage\",\"url\":\"https:\\\/\\\/anadolupet.com.tr\\\/wp-content\\\/uploads\\\/2026\\\/02\\\/230-01064263.jpg\",\"contentUrl\":\"https:\\\/\\\/anadolupet.com.tr\\\/wp-content\\\/uploads\\\/2026\\\/02\\\/230-01064263.jpg\",\"width\":750,\"height\":750},{\"@type\":\"BreadcrumbList\",\"@id\":\"https:\\\/\\\/anadolupet.com.tr\\\/urun\\\/schesir-jelly-tavuk-fileto-ve-aloe-vera-jole-icinde-yavru-kopek-konservesi-150g\\\/#breadcrumb\",\"itemListElement\":[{\"@type\":\"ListItem\",\"position\":1,\"name\":\"Anasayfa\",\"item\":\"https:\\\/\\\/anadolupet.com.tr\\\/\"},{\"@type\":\"ListItem\",\"position\":2,\"name\":\"\u00dcr\u00fcnler\",\"item\":\"https:\\\/\\\/anadolupet.com.tr\\\/urunler\\\/\"},{\"@type\":\"ListItem\",\"position\":3,\"name\":\"Schesir Jelly Tavuk Fileto ve Aloe Vera J\u00f6le \u0130\u00e7inde Yavru K\u00f6pek Konservesi 150g\"}]},{\"@type\":\"WebSite\",\"@id\":\"https:\\\/\\\/anadolupet.com.tr\\\/#website\",\"url\":\"https:\\\/\\\/anadolupet.com.tr\\\/\",\"name\":\"Anadolu Pet Grup\",\"description\":\"Her Can\u0131n \u0130yi Ya\u015fam\u0131 \u0130\u00e7in Biraraday\u0131z\",\"publisher\":{\"@id\":\"https:\\\/\\\/anadolupet.com.tr\\\/#organization\"},\"potentialAction\":[{\"@type\":\"SearchAction\",\"target\":{\"@type\":\"EntryPoint\",\"urlTemplate\":\"https:\\\/\\\/anadolupet.com.tr\\\/?s={search_term_string}\"},\"query-input\":{\"@type\":\"PropertyValueSpecification\",\"valueRequired\":true,\"valueName\":\"search_term_string\"}}],\"inLanguage\":\"en-US\"},{\"@type\":\"Organization\",\"@id\":\"https:\\\/\\\/anadolupet.com.tr\\\/#organization\",\"name\":\"Anadolu Pet Grup\",\"alternateName\":\"Anadolu Pet\",\"url\":\"https:\\\/\\\/anadolupet.com.tr\\\/\",\"logo\":{\"@type\":\"ImageObject\",\"inLanguage\":\"en-US\",\"@id\":\"https:\\\/\\\/anadolupet.com.tr\\\/#\\\/schema\\\/logo\\\/image\\\/\",\"url\":\"https:\\\/\\\/anadolupet.com.tr\\\/wp-content\\\/uploads\\\/2026\\\/03\\\/1614666743370.jpg\",\"contentUrl\":\"https:\\\/\\\/anadolupet.com.tr\\\/wp-content\\\/uploads\\\/2026\\\/03\\\/1614666743370.jpg\",\"width\":800,\"height\":571,\"caption\":\"Anadolu Pet Grup\"},\"image\":{\"@id\":\"https:\\\/\\\/anadolupet.com.tr\\\/#\\\/schema\\\/logo\\\/image\\\/\"}}]}<\/script>\n<!-- \/ Yoast SEO plugin. -->","yoast_head_json":{"title":"Schesir Jelly Tavuk Fileto ve Aloe Vera J\u00f6le \u0130\u00e7inde Yavru K\u00f6pek Konservesi 150g - Anadolu Pet Grup","robots":{"index":"index","follow":"follow","max-snippet":"max-snippet:-1","max-image-preview":"max-image-preview:large","max-video-preview":"max-video-preview:-1"},"canonical":"https:\/\/anadolupet.com.tr\/en\/product\/schesir-jelly-tavuk-fileto-ve-aloe-vera-jole-icinde-yavru-kopek-konservesi-150g\/","og_locale":"en_US","og_type":"article","og_title":"Schesir Jelly Tavuk Fileto ve Aloe Vera J\u00f6le \u0130\u00e7inde Yavru K\u00f6pek Konservesi 150g - Anadolu Pet Grup","og_description":"Ger\u00e7ek tavuk filetolar\u0131ndan yap\u0131lan bu tarif, faydal\u0131 \u00f6zellikleriyle bilinen aloe bitkisi ve omega ya\u011f asitleri sa\u011flayan bir miktar tohum ya\u011f\u0131 ile zenginle\u015ftirilmi\u015ftir. A\u011f\u0131z suland\u0131ran j\u00f6le formunda. 1. Yavru k\u00f6peklere \u00f6zel 2. Ana i\u00e7erik olarak tavuk, aloe ile 3. Omega-3 ya\u011f asitleri i\u00e7eren tohum ya\u011f\u0131 ile 4. %100 do\u011fal i\u00e7erikler 5. Buharda pi\u015firilmi\u015f ve elle i\u015flenmi\u015ftir 6. Koruyucu veya renklendirici i\u00e7ermez 7. Hayvanlar \u00fczerinde denenmemi\u015f 8. %100 geri d\u00f6n\u00fc\u015ft\u00fcr\u00fclebilir ambalaj (\u00e7elik konserve, ka\u011f\u0131t etiket) \u0130\u00c7\u0130NDEK\u0130LER: tavuk fileto %51, aloe %5, pirin\u00e7 %2, ay\u00e7i\u00e7ek ya\u011f\u0131 %1,7. ANAL\u0130T\u0130K B\u0130LE\u015eENLER: protein %10,8, ham ya\u011f %2, ham sel\u00fcloz %0,5, ham k\u00fcl %0,6. Nem %86. KULLANIM TAL\u0130MATI: 1 ila 6 ay aras\u0131 g\u00fcnde 1 konserve, 6. aydan sonra g\u00fcnde en fazla 2 konserve verin. SAKLAMA Y\u00d6NTEM\u0130: Oda s\u0131cakl\u0131\u011f\u0131nda servis edin. A\u00e7\u0131ld\u0131ktan sonra buzdolab\u0131nda saklay\u0131n ve 48 saat i\u00e7inde t\u00fcketin.","og_url":"https:\/\/anadolupet.com.tr\/en\/product\/schesir-jelly-tavuk-fileto-ve-aloe-vera-jole-icinde-yavru-kopek-konservesi-150g\/","og_site_name":"Anadolu Pet Grup","article_modified_time":"2026-02-23T12:51:44+00:00","og_image":[{"width":750,"height":750,"url":"https:\/\/anadolupet.com.tr\/wp-content\/uploads\/2026\/02\/230-01064263.jpg","type":"image\/jpeg"}],"twitter_card":"summary_large_image","schema":{"@context":"https:\/\/schema.org","@graph":[{"@type":"WebPage","@id":"https:\/\/anadolupet.com.tr\/urun\/schesir-jelly-tavuk-fileto-ve-aloe-vera-jole-icinde-yavru-kopek-konservesi-150g\/","url":"https:\/\/anadolupet.com.tr\/urun\/schesir-jelly-tavuk-fileto-ve-aloe-vera-jole-icinde-yavru-kopek-konservesi-150g\/","name":"Schesir Jelly Tavuk Fileto ve Aloe Vera J\u00f6le \u0130\u00e7inde Yavru K\u00f6pek Konservesi 150g - Anadolu Pet Grup","isPartOf":{"@id":"https:\/\/anadolupet.com.tr\/#website"},"primaryImageOfPage":{"@id":"https:\/\/anadolupet.com.tr\/urun\/schesir-jelly-tavuk-fileto-ve-aloe-vera-jole-icinde-yavru-kopek-konservesi-150g\/#primaryimage"},"image":{"@id":"https:\/\/anadolupet.com.tr\/urun\/schesir-jelly-tavuk-fileto-ve-aloe-vera-jole-icinde-yavru-kopek-konservesi-150g\/#primaryimage"},"thumbnailUrl":"https:\/\/anadolupet.com.tr\/wp-content\/uploads\/2026\/02\/230-01064263.jpg","datePublished":"2026-02-14T14:45:40+00:00","dateModified":"2026-02-23T12:51:44+00:00","breadcrumb":{"@id":"https:\/\/anadolupet.com.tr\/urun\/schesir-jelly-tavuk-fileto-ve-aloe-vera-jole-icinde-yavru-kopek-konservesi-150g\/#breadcrumb"},"inLanguage":"en-US","potentialAction":[{"@type":"ReadAction","target":["https:\/\/anadolupet.com.tr\/urun\/schesir-jelly-tavuk-fileto-ve-aloe-vera-jole-icinde-yavru-kopek-konservesi-150g\/"]}]},{"@type":"ImageObject","inLanguage":"en-US","@id":"https:\/\/anadolupet.com.tr\/urun\/schesir-jelly-tavuk-fileto-ve-aloe-vera-jole-icinde-yavru-kopek-konservesi-150g\/#primaryimage","url":"https:\/\/anadolupet.com.tr\/wp-content\/uploads\/2026\/02\/230-01064263.jpg","contentUrl":"https:\/\/anadolupet.com.tr\/wp-content\/uploads\/2026\/02\/230-01064263.jpg","width":750,"height":750},{"@type":"BreadcrumbList","@id":"https:\/\/anadolupet.com.tr\/urun\/schesir-jelly-tavuk-fileto-ve-aloe-vera-jole-icinde-yavru-kopek-konservesi-150g\/#breadcrumb","itemListElement":[{"@type":"ListItem","position":1,"name":"Anasayfa","item":"https:\/\/anadolupet.com.tr\/"},{"@type":"ListItem","position":2,"name":"\u00dcr\u00fcnler","item":"https:\/\/anadolupet.com.tr\/urunler\/"},{"@type":"ListItem","position":3,"name":"Schesir Jelly Tavuk Fileto ve Aloe Vera J\u00f6le \u0130\u00e7inde Yavru K\u00f6pek Konservesi 150g"}]},{"@type":"WebSite","@id":"https:\/\/anadolupet.com.tr\/#website","url":"https:\/\/anadolupet.com.tr\/","name":"Anadolu Pet Group","description":"We Stand Together for the Well-Being of Every Life","publisher":{"@id":"https:\/\/anadolupet.com.tr\/#organization"},"potentialAction":[{"@type":"SearchAction","target":{"@type":"EntryPoint","urlTemplate":"https:\/\/anadolupet.com.tr\/?s={search_term_string}"},"query-input":{"@type":"PropertyValueSpecification","valueRequired":true,"valueName":"search_term_string"}}],"inLanguage":"en-US"},{"@type":"Organization","@id":"https:\/\/anadolupet.com.tr\/#organization","name":"Anadolu Pet Group","alternateName":"Anadolu Pet","url":"https:\/\/anadolupet.com.tr\/","logo":{"@type":"ImageObject","inLanguage":"en-US","@id":"https:\/\/anadolupet.com.tr\/#\/schema\/logo\/image\/","url":"https:\/\/anadolupet.com.tr\/wp-content\/uploads\/2026\/03\/1614666743370.jpg","contentUrl":"https:\/\/anadolupet.com.tr\/wp-content\/uploads\/2026\/03\/1614666743370.jpg","width":800,"height":571,"caption":"Anadolu Pet Grup"},"image":{"@id":"https:\/\/anadolupet.com.tr\/#\/schema\/logo\/image\/"}}]}},"_links":{"self":[{"href":"https:\/\/anadolupet.com.tr\/en\/wp-json\/wp\/v2\/product\/46082","targetHints":{"allow":["GET"]}}],"collection":[{"href":"https:\/\/anadolupet.com.tr\/en\/wp-json\/wp\/v2\/product"}],"about":[{"href":"https:\/\/anadolupet.com.tr\/en\/wp-json\/wp\/v2\/types\/product"}],"replies":[{"embeddable":true,"href":"https:\/\/anadolupet.com.tr\/en\/wp-json\/wp\/v2\/comments?post=46082"}],"wp:featuredmedia":[{"embeddable":true,"href":"https:\/\/anadolupet.com.tr\/en\/wp-json\/wp\/v2\/media\/42902"}],"wp:attachment":[{"href":"https:\/\/anadolupet.com.tr\/en\/wp-json\/wp\/v2\/media?parent=46082"}],"wp:term":[{"taxonomy":"product_brand","embeddable":true,"href":"https:\/\/anadolupet.com.tr\/en\/wp-json\/wp\/v2\/product_brand?post=46082"},{"taxonomy":"product_cat","embeddable":true,"href":"https:\/\/anadolupet.com.tr\/en\/wp-json\/wp\/v2\/product_cat?post=46082"},{"taxonomy":"product_tag","embeddable":true,"href":"https:\/\/anadolupet.com.tr\/en\/wp-json\/wp\/v2\/product_tag?post=46082"}],"curies":[{"name":"wp","href":"https:\/\/api.w.org\/{rel}","templated":true}]}}