{"id":46095,"date":"2026-02-14T14:45:42","date_gmt":"2026-02-14T14:45:42","guid":{"rendered":"https:\/\/anadolupet.com.tr\/urun\/schesir-jelly-tavuk-filetolu-jole-icinde-yavru-kedi-pouch-85g\/"},"modified":"2026-02-23T12:51:45","modified_gmt":"2026-02-23T12:51:45","slug":"schesir-jelly-tavuk-filetolu-jole-icinde-yavru-kedi-pouch-85g","status":"publish","type":"product","link":"https:\/\/anadolupet.com.tr\/en\/urun\/schesir-jelly-tavuk-filetolu-jole-icinde-yavru-kedi-pouch-85g\/","title":{"rendered":"Schesir Jelly Tavuk Filetolu J\u00f6le \u0130\u00e7inde Yavru Kedi Pouch 85g"},"content":{"rendered":"","protected":false},"excerpt":{"rendered":"<p>Ger\u00e7ek tavuk filetolar\u0131ndan yap\u0131lan, omega ya\u011f asitleri sa\u011flayan az miktarda tohum ya\u011f\u0131 eklenerek haz\u0131rlanan tarif. Jel formu sayesinde mama daha i\u015ftah a\u00e7\u0131c\u0131 ve kompakt bir k\u0131vam sunar. 3-12 ayl\u0131k yavru kediler i\u00e7in tam ve dengeli bir besindir.<br \/>\n1. 3-12 Ayl\u0131k yavru kediler i\u00e7in tam ve dengeli mama<br \/>\n2. %100 do\u011fal i\u00e7erikler<br \/>\n3. ana i\u00e7erik olarak tavuk<br \/>\n4. omega ya\u011f asitleri sa\u011flayan tohum ya\u011f\u0131 i\u00e7erir<br \/>\n5. %100 do\u011fal i\u00e7erikler<br \/>\n6. Buharda pi\u015firilmi\u015f ve elle i\u015flenmi\u015ftir<br \/>\n7. Koruyucu veya renklendirici i\u00e7ermez<br \/>\n8. hayvanlar \u00fczerinde denenmemi\u015f<br \/>\n9. 85 g\u2019l\u0131k pratik po\u015fet format\u0131nda, \u201da\u00e7, s\u0131k ve kaseye koy<br \/>\n\u0130\u00c7\u0130NDEK\u0130LER: tavuk %62, pirin\u00e7 %1,5, ay\u00e7i\u00e7e\u011fi \u00e7ekirde\u011fi ya\u011f\u0131 %1, tavuk ya\u011f\u0131 %0,5, mineral tuzlar.<br \/>\nANAL\u0130T\u0130K B\u0130LE\u015eENLER: protein %11, ham ya\u011f %2, ham sel\u00fcloz %0,1, ham k\u00fcl %1, kalsiyum 200 mg\/100g, fosfor 200 mg\/100g. Nem %82.<br \/>\nKULLANIM TAL\u0130MATI: 3-4 ay = g\u00fcnde 3 po\u015fet<br \/>\n5-7 ay = g\u00fcnde 4 po\u015fet<br \/>\n8-12 ay = g\u00fcnde 3+1\/2 po\u015fet<br \/>\n(g\u00fcnde en az 4 \u00f6\u011f\u00fcn)<br \/>\nSAKLAMA Y\u00d6NTEM\u0130: Oda s\u0131cakl\u0131\u011f\u0131nda servis edin. A\u00e7\u0131ld\u0131ktan sonra buzdolab\u0131nda saklay\u0131n ve 48 saat i\u00e7inde t\u00fcketin.<\/p>","protected":false},"featured_media":42914,"comment_status":"open","ping_status":"closed","template":"","meta":{"_acf_changed":false},"product_brand":[],"product_cat":[2464],"product_tag":[],"class_list":{"0":"post-46095","1":"product","2":"type-product","3":"status-publish","4":"has-post-thumbnail","6":"product_cat-yetiskin-kopek-mamalari","8":"first","9":"instock","10":"shipping-taxable","11":"product-type-simple"},"acf":[],"yoast_head":"<!-- This site is optimized with the Yoast SEO plugin v27.5 - https:\/\/yoast.com\/product\/yoast-seo-wordpress\/ -->\n<title>Schesir Jelly Tavuk Filetolu J\u00f6le \u0130\u00e7inde Yavru Kedi Pouch 85g - Anadolu Pet Grup<\/title>\n<meta name=\"robots\" content=\"index, follow, max-snippet:-1, max-image-preview:large, max-video-preview:-1\" \/>\n<link rel=\"canonical\" href=\"https:\/\/anadolupet.com.tr\/en\/product\/schesir-jelly-tavuk-filetolu-jole-icinde-yavru-kedi-pouch-85g\/\" \/>\n<meta property=\"og:locale\" content=\"en_US\" \/>\n<meta property=\"og:type\" content=\"article\" \/>\n<meta property=\"og:title\" content=\"Schesir Jelly Tavuk Filetolu J\u00f6le \u0130\u00e7inde Yavru Kedi Pouch 85g - Anadolu Pet Grup\" \/>\n<meta property=\"og:description\" content=\"Ger\u00e7ek tavuk filetolar\u0131ndan yap\u0131lan, omega ya\u011f asitleri sa\u011flayan az miktarda tohum ya\u011f\u0131 eklenerek haz\u0131rlanan tarif. Jel formu sayesinde mama daha i\u015ftah a\u00e7\u0131c\u0131 ve kompakt bir k\u0131vam sunar. 3-12 ayl\u0131k yavru kediler i\u00e7in tam ve dengeli bir besindir. 1. 3-12 Ayl\u0131k yavru kediler i\u00e7in tam ve dengeli mama 2. %100 do\u011fal i\u00e7erikler 3. ana i\u00e7erik olarak tavuk 4. omega ya\u011f asitleri sa\u011flayan tohum ya\u011f\u0131 i\u00e7erir 5. %100 do\u011fal i\u00e7erikler 6. Buharda pi\u015firilmi\u015f ve elle i\u015flenmi\u015ftir 7. Koruyucu veya renklendirici i\u00e7ermez 8. hayvanlar \u00fczerinde denenmemi\u015f 9. 85 g\u2019l\u0131k pratik po\u015fet format\u0131nda, \u201da\u00e7, s\u0131k ve kaseye koy \u0130\u00c7\u0130NDEK\u0130LER: tavuk %62, pirin\u00e7 %1,5, ay\u00e7i\u00e7e\u011fi \u00e7ekirde\u011fi ya\u011f\u0131 %1, tavuk ya\u011f\u0131 %0,5, mineral tuzlar. ANAL\u0130T\u0130K B\u0130LE\u015eENLER: protein %11, ham ya\u011f %2, ham sel\u00fcloz %0,1, ham k\u00fcl %1, kalsiyum 200 mg\/100g, fosfor 200 mg\/100g. Nem %82. KULLANIM TAL\u0130MATI: 3-4 ay = g\u00fcnde 3 po\u015fet 5-7 ay = g\u00fcnde 4 po\u015fet 8-12 ay = g\u00fcnde 3+1\/2 po\u015fet (g\u00fcnde en az 4 \u00f6\u011f\u00fcn) SAKLAMA Y\u00d6NTEM\u0130: Oda s\u0131cakl\u0131\u011f\u0131nda servis edin. A\u00e7\u0131ld\u0131ktan sonra buzdolab\u0131nda saklay\u0131n ve 48 saat i\u00e7inde t\u00fcketin.\" \/>\n<meta property=\"og:url\" content=\"https:\/\/anadolupet.com.tr\/en\/product\/schesir-jelly-tavuk-filetolu-jole-icinde-yavru-kedi-pouch-85g\/\" \/>\n<meta property=\"og:site_name\" content=\"Anadolu Pet Grup\" \/>\n<meta property=\"article:modified_time\" content=\"2026-02-23T12:51:45+00:00\" \/>\n<meta property=\"og:image\" content=\"https:\/\/anadolupet.com.tr\/wp-content\/uploads\/2026\/02\/230-03070104.jpg\" \/>\n\t<meta property=\"og:image:width\" content=\"750\" \/>\n\t<meta property=\"og:image:height\" content=\"750\" \/>\n\t<meta property=\"og:image:type\" content=\"image\/jpeg\" \/>\n<meta name=\"twitter:card\" content=\"summary_large_image\" \/>\n<script type=\"application\/ld+json\" class=\"yoast-schema-graph\">{\"@context\":\"https:\\\/\\\/schema.org\",\"@graph\":[{\"@type\":\"WebPage\",\"@id\":\"https:\\\/\\\/anadolupet.com.tr\\\/urun\\\/schesir-jelly-tavuk-filetolu-jole-icinde-yavru-kedi-pouch-85g\\\/\",\"url\":\"https:\\\/\\\/anadolupet.com.tr\\\/urun\\\/schesir-jelly-tavuk-filetolu-jole-icinde-yavru-kedi-pouch-85g\\\/\",\"name\":\"Schesir Jelly Tavuk Filetolu J\u00f6le \u0130\u00e7inde Yavru Kedi Pouch 85g - Anadolu Pet Grup\",\"isPartOf\":{\"@id\":\"https:\\\/\\\/anadolupet.com.tr\\\/#website\"},\"primaryImageOfPage\":{\"@id\":\"https:\\\/\\\/anadolupet.com.tr\\\/urun\\\/schesir-jelly-tavuk-filetolu-jole-icinde-yavru-kedi-pouch-85g\\\/#primaryimage\"},\"image\":{\"@id\":\"https:\\\/\\\/anadolupet.com.tr\\\/urun\\\/schesir-jelly-tavuk-filetolu-jole-icinde-yavru-kedi-pouch-85g\\\/#primaryimage\"},\"thumbnailUrl\":\"https:\\\/\\\/anadolupet.com.tr\\\/wp-content\\\/uploads\\\/2026\\\/02\\\/230-03070104.jpg\",\"datePublished\":\"2026-02-14T14:45:42+00:00\",\"dateModified\":\"2026-02-23T12:51:45+00:00\",\"breadcrumb\":{\"@id\":\"https:\\\/\\\/anadolupet.com.tr\\\/urun\\\/schesir-jelly-tavuk-filetolu-jole-icinde-yavru-kedi-pouch-85g\\\/#breadcrumb\"},\"inLanguage\":\"en-US\",\"potentialAction\":[{\"@type\":\"ReadAction\",\"target\":[\"https:\\\/\\\/anadolupet.com.tr\\\/urun\\\/schesir-jelly-tavuk-filetolu-jole-icinde-yavru-kedi-pouch-85g\\\/\"]}]},{\"@type\":\"ImageObject\",\"inLanguage\":\"en-US\",\"@id\":\"https:\\\/\\\/anadolupet.com.tr\\\/urun\\\/schesir-jelly-tavuk-filetolu-jole-icinde-yavru-kedi-pouch-85g\\\/#primaryimage\",\"url\":\"https:\\\/\\\/anadolupet.com.tr\\\/wp-content\\\/uploads\\\/2026\\\/02\\\/230-03070104.jpg\",\"contentUrl\":\"https:\\\/\\\/anadolupet.com.tr\\\/wp-content\\\/uploads\\\/2026\\\/02\\\/230-03070104.jpg\",\"width\":750,\"height\":750},{\"@type\":\"BreadcrumbList\",\"@id\":\"https:\\\/\\\/anadolupet.com.tr\\\/urun\\\/schesir-jelly-tavuk-filetolu-jole-icinde-yavru-kedi-pouch-85g\\\/#breadcrumb\",\"itemListElement\":[{\"@type\":\"ListItem\",\"position\":1,\"name\":\"Anasayfa\",\"item\":\"https:\\\/\\\/anadolupet.com.tr\\\/\"},{\"@type\":\"ListItem\",\"position\":2,\"name\":\"\u00dcr\u00fcnler\",\"item\":\"https:\\\/\\\/anadolupet.com.tr\\\/urunler\\\/\"},{\"@type\":\"ListItem\",\"position\":3,\"name\":\"Schesir Jelly Tavuk Filetolu J\u00f6le \u0130\u00e7inde Yavru Kedi Pouch 85g\"}]},{\"@type\":\"WebSite\",\"@id\":\"https:\\\/\\\/anadolupet.com.tr\\\/#website\",\"url\":\"https:\\\/\\\/anadolupet.com.tr\\\/\",\"name\":\"Anadolu Pet Grup\",\"description\":\"Her Can\u0131n \u0130yi Ya\u015fam\u0131 \u0130\u00e7in Biraraday\u0131z\",\"publisher\":{\"@id\":\"https:\\\/\\\/anadolupet.com.tr\\\/#organization\"},\"potentialAction\":[{\"@type\":\"SearchAction\",\"target\":{\"@type\":\"EntryPoint\",\"urlTemplate\":\"https:\\\/\\\/anadolupet.com.tr\\\/?s={search_term_string}\"},\"query-input\":{\"@type\":\"PropertyValueSpecification\",\"valueRequired\":true,\"valueName\":\"search_term_string\"}}],\"inLanguage\":\"en-US\"},{\"@type\":\"Organization\",\"@id\":\"https:\\\/\\\/anadolupet.com.tr\\\/#organization\",\"name\":\"Anadolu Pet Grup\",\"alternateName\":\"Anadolu Pet\",\"url\":\"https:\\\/\\\/anadolupet.com.tr\\\/\",\"logo\":{\"@type\":\"ImageObject\",\"inLanguage\":\"en-US\",\"@id\":\"https:\\\/\\\/anadolupet.com.tr\\\/#\\\/schema\\\/logo\\\/image\\\/\",\"url\":\"https:\\\/\\\/anadolupet.com.tr\\\/wp-content\\\/uploads\\\/2026\\\/03\\\/1614666743370.jpg\",\"contentUrl\":\"https:\\\/\\\/anadolupet.com.tr\\\/wp-content\\\/uploads\\\/2026\\\/03\\\/1614666743370.jpg\",\"width\":800,\"height\":571,\"caption\":\"Anadolu Pet Grup\"},\"image\":{\"@id\":\"https:\\\/\\\/anadolupet.com.tr\\\/#\\\/schema\\\/logo\\\/image\\\/\"}}]}<\/script>\n<!-- \/ Yoast SEO plugin. -->","yoast_head_json":{"title":"Schesir Jelly Tavuk Filetolu J\u00f6le \u0130\u00e7inde Yavru Kedi Pouch 85g - Anadolu Pet Grup","robots":{"index":"index","follow":"follow","max-snippet":"max-snippet:-1","max-image-preview":"max-image-preview:large","max-video-preview":"max-video-preview:-1"},"canonical":"https:\/\/anadolupet.com.tr\/en\/product\/schesir-jelly-tavuk-filetolu-jole-icinde-yavru-kedi-pouch-85g\/","og_locale":"en_US","og_type":"article","og_title":"Schesir Jelly Tavuk Filetolu J\u00f6le \u0130\u00e7inde Yavru Kedi Pouch 85g - Anadolu Pet Grup","og_description":"Ger\u00e7ek tavuk filetolar\u0131ndan yap\u0131lan, omega ya\u011f asitleri sa\u011flayan az miktarda tohum ya\u011f\u0131 eklenerek haz\u0131rlanan tarif. Jel formu sayesinde mama daha i\u015ftah a\u00e7\u0131c\u0131 ve kompakt bir k\u0131vam sunar. 3-12 ayl\u0131k yavru kediler i\u00e7in tam ve dengeli bir besindir. 1. 3-12 Ayl\u0131k yavru kediler i\u00e7in tam ve dengeli mama 2. %100 do\u011fal i\u00e7erikler 3. ana i\u00e7erik olarak tavuk 4. omega ya\u011f asitleri sa\u011flayan tohum ya\u011f\u0131 i\u00e7erir 5. %100 do\u011fal i\u00e7erikler 6. Buharda pi\u015firilmi\u015f ve elle i\u015flenmi\u015ftir 7. Koruyucu veya renklendirici i\u00e7ermez 8. hayvanlar \u00fczerinde denenmemi\u015f 9. 85 g\u2019l\u0131k pratik po\u015fet format\u0131nda, \u201da\u00e7, s\u0131k ve kaseye koy \u0130\u00c7\u0130NDEK\u0130LER: tavuk %62, pirin\u00e7 %1,5, ay\u00e7i\u00e7e\u011fi \u00e7ekirde\u011fi ya\u011f\u0131 %1, tavuk ya\u011f\u0131 %0,5, mineral tuzlar. ANAL\u0130T\u0130K B\u0130LE\u015eENLER: protein %11, ham ya\u011f %2, ham sel\u00fcloz %0,1, ham k\u00fcl %1, kalsiyum 200 mg\/100g, fosfor 200 mg\/100g. Nem %82. KULLANIM TAL\u0130MATI: 3-4 ay = g\u00fcnde 3 po\u015fet 5-7 ay = g\u00fcnde 4 po\u015fet 8-12 ay = g\u00fcnde 3+1\/2 po\u015fet (g\u00fcnde en az 4 \u00f6\u011f\u00fcn) SAKLAMA Y\u00d6NTEM\u0130: Oda s\u0131cakl\u0131\u011f\u0131nda servis edin. A\u00e7\u0131ld\u0131ktan sonra buzdolab\u0131nda saklay\u0131n ve 48 saat i\u00e7inde t\u00fcketin.","og_url":"https:\/\/anadolupet.com.tr\/en\/product\/schesir-jelly-tavuk-filetolu-jole-icinde-yavru-kedi-pouch-85g\/","og_site_name":"Anadolu Pet Grup","article_modified_time":"2026-02-23T12:51:45+00:00","og_image":[{"width":750,"height":750,"url":"https:\/\/anadolupet.com.tr\/wp-content\/uploads\/2026\/02\/230-03070104.jpg","type":"image\/jpeg"}],"twitter_card":"summary_large_image","schema":{"@context":"https:\/\/schema.org","@graph":[{"@type":"WebPage","@id":"https:\/\/anadolupet.com.tr\/urun\/schesir-jelly-tavuk-filetolu-jole-icinde-yavru-kedi-pouch-85g\/","url":"https:\/\/anadolupet.com.tr\/urun\/schesir-jelly-tavuk-filetolu-jole-icinde-yavru-kedi-pouch-85g\/","name":"Schesir Jelly Tavuk Filetolu J\u00f6le \u0130\u00e7inde Yavru Kedi Pouch 85g - Anadolu Pet Grup","isPartOf":{"@id":"https:\/\/anadolupet.com.tr\/#website"},"primaryImageOfPage":{"@id":"https:\/\/anadolupet.com.tr\/urun\/schesir-jelly-tavuk-filetolu-jole-icinde-yavru-kedi-pouch-85g\/#primaryimage"},"image":{"@id":"https:\/\/anadolupet.com.tr\/urun\/schesir-jelly-tavuk-filetolu-jole-icinde-yavru-kedi-pouch-85g\/#primaryimage"},"thumbnailUrl":"https:\/\/anadolupet.com.tr\/wp-content\/uploads\/2026\/02\/230-03070104.jpg","datePublished":"2026-02-14T14:45:42+00:00","dateModified":"2026-02-23T12:51:45+00:00","breadcrumb":{"@id":"https:\/\/anadolupet.com.tr\/urun\/schesir-jelly-tavuk-filetolu-jole-icinde-yavru-kedi-pouch-85g\/#breadcrumb"},"inLanguage":"en-US","potentialAction":[{"@type":"ReadAction","target":["https:\/\/anadolupet.com.tr\/urun\/schesir-jelly-tavuk-filetolu-jole-icinde-yavru-kedi-pouch-85g\/"]}]},{"@type":"ImageObject","inLanguage":"en-US","@id":"https:\/\/anadolupet.com.tr\/urun\/schesir-jelly-tavuk-filetolu-jole-icinde-yavru-kedi-pouch-85g\/#primaryimage","url":"https:\/\/anadolupet.com.tr\/wp-content\/uploads\/2026\/02\/230-03070104.jpg","contentUrl":"https:\/\/anadolupet.com.tr\/wp-content\/uploads\/2026\/02\/230-03070104.jpg","width":750,"height":750},{"@type":"BreadcrumbList","@id":"https:\/\/anadolupet.com.tr\/urun\/schesir-jelly-tavuk-filetolu-jole-icinde-yavru-kedi-pouch-85g\/#breadcrumb","itemListElement":[{"@type":"ListItem","position":1,"name":"Anasayfa","item":"https:\/\/anadolupet.com.tr\/"},{"@type":"ListItem","position":2,"name":"\u00dcr\u00fcnler","item":"https:\/\/anadolupet.com.tr\/urunler\/"},{"@type":"ListItem","position":3,"name":"Schesir Jelly Tavuk Filetolu J\u00f6le \u0130\u00e7inde Yavru Kedi Pouch 85g"}]},{"@type":"WebSite","@id":"https:\/\/anadolupet.com.tr\/#website","url":"https:\/\/anadolupet.com.tr\/","name":"Anadolu Pet Group","description":"We Stand Together for the Well-Being of Every Life","publisher":{"@id":"https:\/\/anadolupet.com.tr\/#organization"},"potentialAction":[{"@type":"SearchAction","target":{"@type":"EntryPoint","urlTemplate":"https:\/\/anadolupet.com.tr\/?s={search_term_string}"},"query-input":{"@type":"PropertyValueSpecification","valueRequired":true,"valueName":"search_term_string"}}],"inLanguage":"en-US"},{"@type":"Organization","@id":"https:\/\/anadolupet.com.tr\/#organization","name":"Anadolu Pet Group","alternateName":"Anadolu Pet","url":"https:\/\/anadolupet.com.tr\/","logo":{"@type":"ImageObject","inLanguage":"en-US","@id":"https:\/\/anadolupet.com.tr\/#\/schema\/logo\/image\/","url":"https:\/\/anadolupet.com.tr\/wp-content\/uploads\/2026\/03\/1614666743370.jpg","contentUrl":"https:\/\/anadolupet.com.tr\/wp-content\/uploads\/2026\/03\/1614666743370.jpg","width":800,"height":571,"caption":"Anadolu Pet Grup"},"image":{"@id":"https:\/\/anadolupet.com.tr\/#\/schema\/logo\/image\/"}}]}},"_links":{"self":[{"href":"https:\/\/anadolupet.com.tr\/en\/wp-json\/wp\/v2\/product\/46095","targetHints":{"allow":["GET"]}}],"collection":[{"href":"https:\/\/anadolupet.com.tr\/en\/wp-json\/wp\/v2\/product"}],"about":[{"href":"https:\/\/anadolupet.com.tr\/en\/wp-json\/wp\/v2\/types\/product"}],"replies":[{"embeddable":true,"href":"https:\/\/anadolupet.com.tr\/en\/wp-json\/wp\/v2\/comments?post=46095"}],"wp:featuredmedia":[{"embeddable":true,"href":"https:\/\/anadolupet.com.tr\/en\/wp-json\/wp\/v2\/media\/42914"}],"wp:attachment":[{"href":"https:\/\/anadolupet.com.tr\/en\/wp-json\/wp\/v2\/media?parent=46095"}],"wp:term":[{"taxonomy":"product_brand","embeddable":true,"href":"https:\/\/anadolupet.com.tr\/en\/wp-json\/wp\/v2\/product_brand?post=46095"},{"taxonomy":"product_cat","embeddable":true,"href":"https:\/\/anadolupet.com.tr\/en\/wp-json\/wp\/v2\/product_cat?post=46095"},{"taxonomy":"product_tag","embeddable":true,"href":"https:\/\/anadolupet.com.tr\/en\/wp-json\/wp\/v2\/product_tag?post=46095"}],"curies":[{"name":"wp","href":"https:\/\/api.w.org\/{rel}","templated":true}]}}