{"id":46116,"date":"2026-02-14T14:45:47","date_gmt":"2026-02-14T14:45:47","guid":{"rendered":"https:\/\/anadolupet.com.tr\/?post_type=product&#038;p=46116"},"modified":"2026-02-23T12:51:46","modified_gmt":"2026-02-23T12:51:46","slug":"schesir-stix-ordekli-krem-pouch-6-x-15g","status":"publish","type":"product","link":"https:\/\/anadolupet.com.tr\/en\/urun\/schesir-stix-ordekli-krem-pouch-6-x-15g\/","title":{"rendered":"Schesir Stix \u00d6rdekli Krem Pouch 6 x 15g"},"content":{"rendered":"","protected":false},"excerpt":{"rendered":"<p>Kremsi mus i\u00e7inde \u00f6rdek etinden elde edilen protein a\u00e7\u0131s\u0131ndan zengin tamamlay\u0131c\u0131 at\u0131\u015ft\u0131rmal\u0131k.<br \/>\n1. Tat ve hidrasyon sa\u011flamak i\u00e7in ek at\u0131\u015ft\u0131rmal\u0131k<br \/>\n2. Ger\u00e7ek \u00f6rdek ve tavuk etinden gelen protein<br \/>\n3. Yumu\u015fak, kremsi mus i\u00e7inde<br \/>\n4. Tah\u0131ls\u0131z<br \/>\n5. 6 mini porsiyonluk paket<br \/>\n6. \u00dcr\u00fcn\u00fc tek ba\u015f\u0131na (do\u011frudan paketten veya kasede) veya ba\u015fka bir mamayla kar\u0131\u015ft\u0131rarak servis edebilirsiniz.<br \/>\n\u0130\u00e7indekiler:<br \/>\n\u00f6rdek pi\u015firme suyu %60, \u00f6rdek %19, tavuk %16, tapyoka ni\u015fastas\u0131, yumurta tozu, tavuk ve ton bal\u0131\u011f\u0131 hidrolize proteinleri, bal\u0131k ekstrakt\u0131, mineraller.<br \/>\nAnalitik Bile\u015fenler:<br \/>\nprotein %7,5, ham ya\u011f %0,5, ham k\u00fcl %0,5, ham sel\u00fcloz %0,1. Nem oran\u0131 %89.<br \/>\nkcal\/birim:<br \/>\n5 kcal\/15 g<br \/>\nBesleme Talimat\u0131:<br \/>\nTek ba\u015f\u0131na (po\u015fetten veya tabakta) veya ambalaj \u00fczerindeki \u00e7izime g\u00f6re di\u011fer mamalarla kar\u0131\u015ft\u0131rarak besleyin.<br \/>\nSaklama Talimatlar\u0131:<br \/>\nOda s\u0131cakl\u0131\u011f\u0131nda servis edin. A\u00e7\u0131ld\u0131ktan sonra buzdolab\u0131nda saklay\u0131n ve 48 saat i\u00e7inde kullan\u0131n.<br \/>\nKullan\u0131m Tavsiyesi:<br \/>\nVerilen talimatlar\u0131 izleyerek, tam ve dengeli bir diyet i\u00e7inde takviye olarak verin. Tek bir porsiyon olarak veya tam ve dengeli \u00fcr\u00fcnlerle birlikte sunun. Diyetin dengesini bozmamak i\u00e7in a\u015f\u0131r\u0131 miktarda vermeyin.<\/p>","protected":false},"featured_media":43187,"comment_status":"open","ping_status":"closed","template":"","meta":{"_acf_changed":false},"product_brand":[],"product_cat":[2436],"product_tag":[],"class_list":{"0":"post-46116","1":"product","2":"type-product","3":"status-publish","4":"has-post-thumbnail","6":"product_cat-stix","8":"first","9":"instock","10":"shipping-taxable","11":"product-type-simple"},"acf":[],"yoast_head":"<!-- This site is optimized with the Yoast SEO plugin v27.5 - https:\/\/yoast.com\/product\/yoast-seo-wordpress\/ -->\n<title>Schesir Stix \u00d6rdekli Krem Pouch 6 x 15g - Anadolu Pet Grup<\/title>\n<meta name=\"robots\" content=\"index, follow, max-snippet:-1, max-image-preview:large, max-video-preview:-1\" \/>\n<link rel=\"canonical\" href=\"https:\/\/anadolupet.com.tr\/en\/product\/schesir-stix-ordekli-krem-pouch-6-x-15g\/\" \/>\n<meta property=\"og:locale\" content=\"en_US\" \/>\n<meta property=\"og:type\" content=\"article\" \/>\n<meta property=\"og:title\" content=\"Schesir Stix \u00d6rdekli Krem Pouch 6 x 15g - Anadolu Pet Grup\" \/>\n<meta property=\"og:description\" content=\"Kremsi mus i\u00e7inde \u00f6rdek etinden elde edilen protein a\u00e7\u0131s\u0131ndan zengin tamamlay\u0131c\u0131 at\u0131\u015ft\u0131rmal\u0131k. 1. Tat ve hidrasyon sa\u011flamak i\u00e7in ek at\u0131\u015ft\u0131rmal\u0131k 2. Ger\u00e7ek \u00f6rdek ve tavuk etinden gelen protein 3. Yumu\u015fak, kremsi mus i\u00e7inde 4. Tah\u0131ls\u0131z 5. 6 mini porsiyonluk paket 6. \u00dcr\u00fcn\u00fc tek ba\u015f\u0131na (do\u011frudan paketten veya kasede) veya ba\u015fka bir mamayla kar\u0131\u015ft\u0131rarak servis edebilirsiniz. \u0130\u00e7indekiler: \u00f6rdek pi\u015firme suyu %60, \u00f6rdek %19, tavuk %16, tapyoka ni\u015fastas\u0131, yumurta tozu, tavuk ve ton bal\u0131\u011f\u0131 hidrolize proteinleri, bal\u0131k ekstrakt\u0131, mineraller. Analitik Bile\u015fenler: protein %7,5, ham ya\u011f %0,5, ham k\u00fcl %0,5, ham sel\u00fcloz %0,1. Nem oran\u0131 %89. kcal\/birim: 5 kcal\/15 g Besleme Talimat\u0131: Tek ba\u015f\u0131na (po\u015fetten veya tabakta) veya ambalaj \u00fczerindeki \u00e7izime g\u00f6re di\u011fer mamalarla kar\u0131\u015ft\u0131rarak besleyin. Saklama Talimatlar\u0131: Oda s\u0131cakl\u0131\u011f\u0131nda servis edin. A\u00e7\u0131ld\u0131ktan sonra buzdolab\u0131nda saklay\u0131n ve 48 saat i\u00e7inde kullan\u0131n. Kullan\u0131m Tavsiyesi: Verilen talimatlar\u0131 izleyerek, tam ve dengeli bir diyet i\u00e7inde takviye olarak verin. Tek bir porsiyon olarak veya tam ve dengeli \u00fcr\u00fcnlerle birlikte sunun. Diyetin dengesini bozmamak i\u00e7in a\u015f\u0131r\u0131 miktarda vermeyin.\" \/>\n<meta property=\"og:url\" content=\"https:\/\/anadolupet.com.tr\/en\/product\/schesir-stix-ordekli-krem-pouch-6-x-15g\/\" \/>\n<meta property=\"og:site_name\" content=\"Anadolu Pet Grup\" \/>\n<meta property=\"article:modified_time\" content=\"2026-02-23T12:51:46+00:00\" \/>\n<meta property=\"og:image\" content=\"https:\/\/anadolupet.com.tr\/wp-content\/uploads\/2026\/02\/230-25231360_2.jpg\" \/>\n\t<meta property=\"og:image:width\" content=\"750\" \/>\n\t<meta property=\"og:image:height\" content=\"750\" \/>\n\t<meta property=\"og:image:type\" content=\"image\/jpeg\" \/>\n<meta name=\"twitter:card\" content=\"summary_large_image\" \/>\n<script type=\"application\/ld+json\" class=\"yoast-schema-graph\">{\"@context\":\"https:\\\/\\\/schema.org\",\"@graph\":[{\"@type\":\"WebPage\",\"@id\":\"https:\\\/\\\/anadolupet.com.tr\\\/urun\\\/schesir-stix-ordekli-krem-pouch-6-x-15g\\\/\",\"url\":\"https:\\\/\\\/anadolupet.com.tr\\\/urun\\\/schesir-stix-ordekli-krem-pouch-6-x-15g\\\/\",\"name\":\"Schesir Stix \u00d6rdekli Krem Pouch 6 x 15g - Anadolu Pet Grup\",\"isPartOf\":{\"@id\":\"https:\\\/\\\/anadolupet.com.tr\\\/#website\"},\"primaryImageOfPage\":{\"@id\":\"https:\\\/\\\/anadolupet.com.tr\\\/urun\\\/schesir-stix-ordekli-krem-pouch-6-x-15g\\\/#primaryimage\"},\"image\":{\"@id\":\"https:\\\/\\\/anadolupet.com.tr\\\/urun\\\/schesir-stix-ordekli-krem-pouch-6-x-15g\\\/#primaryimage\"},\"thumbnailUrl\":\"https:\\\/\\\/anadolupet.com.tr\\\/wp-content\\\/uploads\\\/2026\\\/02\\\/230-25231360_2.jpg\",\"datePublished\":\"2026-02-14T14:45:47+00:00\",\"dateModified\":\"2026-02-23T12:51:46+00:00\",\"breadcrumb\":{\"@id\":\"https:\\\/\\\/anadolupet.com.tr\\\/urun\\\/schesir-stix-ordekli-krem-pouch-6-x-15g\\\/#breadcrumb\"},\"inLanguage\":\"en-US\",\"potentialAction\":[{\"@type\":\"ReadAction\",\"target\":[\"https:\\\/\\\/anadolupet.com.tr\\\/urun\\\/schesir-stix-ordekli-krem-pouch-6-x-15g\\\/\"]}]},{\"@type\":\"ImageObject\",\"inLanguage\":\"en-US\",\"@id\":\"https:\\\/\\\/anadolupet.com.tr\\\/urun\\\/schesir-stix-ordekli-krem-pouch-6-x-15g\\\/#primaryimage\",\"url\":\"https:\\\/\\\/anadolupet.com.tr\\\/wp-content\\\/uploads\\\/2026\\\/02\\\/230-25231360_2.jpg\",\"contentUrl\":\"https:\\\/\\\/anadolupet.com.tr\\\/wp-content\\\/uploads\\\/2026\\\/02\\\/230-25231360_2.jpg\",\"width\":750,\"height\":750},{\"@type\":\"BreadcrumbList\",\"@id\":\"https:\\\/\\\/anadolupet.com.tr\\\/urun\\\/schesir-stix-ordekli-krem-pouch-6-x-15g\\\/#breadcrumb\",\"itemListElement\":[{\"@type\":\"ListItem\",\"position\":1,\"name\":\"Anasayfa\",\"item\":\"https:\\\/\\\/anadolupet.com.tr\\\/\"},{\"@type\":\"ListItem\",\"position\":2,\"name\":\"\u00dcr\u00fcnler\",\"item\":\"https:\\\/\\\/anadolupet.com.tr\\\/urunler\\\/\"},{\"@type\":\"ListItem\",\"position\":3,\"name\":\"Schesir Stix \u00d6rdekli Krem Pouch 6 x 15g\"}]},{\"@type\":\"WebSite\",\"@id\":\"https:\\\/\\\/anadolupet.com.tr\\\/#website\",\"url\":\"https:\\\/\\\/anadolupet.com.tr\\\/\",\"name\":\"Anadolu Pet Grup\",\"description\":\"Her Can\u0131n \u0130yi Ya\u015fam\u0131 \u0130\u00e7in Biraraday\u0131z\",\"publisher\":{\"@id\":\"https:\\\/\\\/anadolupet.com.tr\\\/#organization\"},\"potentialAction\":[{\"@type\":\"SearchAction\",\"target\":{\"@type\":\"EntryPoint\",\"urlTemplate\":\"https:\\\/\\\/anadolupet.com.tr\\\/?s={search_term_string}\"},\"query-input\":{\"@type\":\"PropertyValueSpecification\",\"valueRequired\":true,\"valueName\":\"search_term_string\"}}],\"inLanguage\":\"en-US\"},{\"@type\":\"Organization\",\"@id\":\"https:\\\/\\\/anadolupet.com.tr\\\/#organization\",\"name\":\"Anadolu Pet Grup\",\"alternateName\":\"Anadolu Pet\",\"url\":\"https:\\\/\\\/anadolupet.com.tr\\\/\",\"logo\":{\"@type\":\"ImageObject\",\"inLanguage\":\"en-US\",\"@id\":\"https:\\\/\\\/anadolupet.com.tr\\\/#\\\/schema\\\/logo\\\/image\\\/\",\"url\":\"https:\\\/\\\/anadolupet.com.tr\\\/wp-content\\\/uploads\\\/2026\\\/03\\\/1614666743370.jpg\",\"contentUrl\":\"https:\\\/\\\/anadolupet.com.tr\\\/wp-content\\\/uploads\\\/2026\\\/03\\\/1614666743370.jpg\",\"width\":800,\"height\":571,\"caption\":\"Anadolu Pet Grup\"},\"image\":{\"@id\":\"https:\\\/\\\/anadolupet.com.tr\\\/#\\\/schema\\\/logo\\\/image\\\/\"}}]}<\/script>\n<!-- \/ Yoast SEO plugin. -->","yoast_head_json":{"title":"Schesir Stix \u00d6rdekli Krem Pouch 6 x 15g - Anadolu Pet Grup","robots":{"index":"index","follow":"follow","max-snippet":"max-snippet:-1","max-image-preview":"max-image-preview:large","max-video-preview":"max-video-preview:-1"},"canonical":"https:\/\/anadolupet.com.tr\/en\/product\/schesir-stix-ordekli-krem-pouch-6-x-15g\/","og_locale":"en_US","og_type":"article","og_title":"Schesir Stix \u00d6rdekli Krem Pouch 6 x 15g - Anadolu Pet Grup","og_description":"Kremsi mus i\u00e7inde \u00f6rdek etinden elde edilen protein a\u00e7\u0131s\u0131ndan zengin tamamlay\u0131c\u0131 at\u0131\u015ft\u0131rmal\u0131k. 1. Tat ve hidrasyon sa\u011flamak i\u00e7in ek at\u0131\u015ft\u0131rmal\u0131k 2. Ger\u00e7ek \u00f6rdek ve tavuk etinden gelen protein 3. Yumu\u015fak, kremsi mus i\u00e7inde 4. Tah\u0131ls\u0131z 5. 6 mini porsiyonluk paket 6. \u00dcr\u00fcn\u00fc tek ba\u015f\u0131na (do\u011frudan paketten veya kasede) veya ba\u015fka bir mamayla kar\u0131\u015ft\u0131rarak servis edebilirsiniz. \u0130\u00e7indekiler: \u00f6rdek pi\u015firme suyu %60, \u00f6rdek %19, tavuk %16, tapyoka ni\u015fastas\u0131, yumurta tozu, tavuk ve ton bal\u0131\u011f\u0131 hidrolize proteinleri, bal\u0131k ekstrakt\u0131, mineraller. Analitik Bile\u015fenler: protein %7,5, ham ya\u011f %0,5, ham k\u00fcl %0,5, ham sel\u00fcloz %0,1. Nem oran\u0131 %89. kcal\/birim: 5 kcal\/15 g Besleme Talimat\u0131: Tek ba\u015f\u0131na (po\u015fetten veya tabakta) veya ambalaj \u00fczerindeki \u00e7izime g\u00f6re di\u011fer mamalarla kar\u0131\u015ft\u0131rarak besleyin. Saklama Talimatlar\u0131: Oda s\u0131cakl\u0131\u011f\u0131nda servis edin. A\u00e7\u0131ld\u0131ktan sonra buzdolab\u0131nda saklay\u0131n ve 48 saat i\u00e7inde kullan\u0131n. Kullan\u0131m Tavsiyesi: Verilen talimatlar\u0131 izleyerek, tam ve dengeli bir diyet i\u00e7inde takviye olarak verin. Tek bir porsiyon olarak veya tam ve dengeli \u00fcr\u00fcnlerle birlikte sunun. Diyetin dengesini bozmamak i\u00e7in a\u015f\u0131r\u0131 miktarda vermeyin.","og_url":"https:\/\/anadolupet.com.tr\/en\/product\/schesir-stix-ordekli-krem-pouch-6-x-15g\/","og_site_name":"Anadolu Pet Grup","article_modified_time":"2026-02-23T12:51:46+00:00","og_image":[{"width":750,"height":750,"url":"https:\/\/anadolupet.com.tr\/wp-content\/uploads\/2026\/02\/230-25231360_2.jpg","type":"image\/jpeg"}],"twitter_card":"summary_large_image","schema":{"@context":"https:\/\/schema.org","@graph":[{"@type":"WebPage","@id":"https:\/\/anadolupet.com.tr\/urun\/schesir-stix-ordekli-krem-pouch-6-x-15g\/","url":"https:\/\/anadolupet.com.tr\/urun\/schesir-stix-ordekli-krem-pouch-6-x-15g\/","name":"Schesir Stix \u00d6rdekli Krem Pouch 6 x 15g - Anadolu Pet Grup","isPartOf":{"@id":"https:\/\/anadolupet.com.tr\/#website"},"primaryImageOfPage":{"@id":"https:\/\/anadolupet.com.tr\/urun\/schesir-stix-ordekli-krem-pouch-6-x-15g\/#primaryimage"},"image":{"@id":"https:\/\/anadolupet.com.tr\/urun\/schesir-stix-ordekli-krem-pouch-6-x-15g\/#primaryimage"},"thumbnailUrl":"https:\/\/anadolupet.com.tr\/wp-content\/uploads\/2026\/02\/230-25231360_2.jpg","datePublished":"2026-02-14T14:45:47+00:00","dateModified":"2026-02-23T12:51:46+00:00","breadcrumb":{"@id":"https:\/\/anadolupet.com.tr\/urun\/schesir-stix-ordekli-krem-pouch-6-x-15g\/#breadcrumb"},"inLanguage":"en-US","potentialAction":[{"@type":"ReadAction","target":["https:\/\/anadolupet.com.tr\/urun\/schesir-stix-ordekli-krem-pouch-6-x-15g\/"]}]},{"@type":"ImageObject","inLanguage":"en-US","@id":"https:\/\/anadolupet.com.tr\/urun\/schesir-stix-ordekli-krem-pouch-6-x-15g\/#primaryimage","url":"https:\/\/anadolupet.com.tr\/wp-content\/uploads\/2026\/02\/230-25231360_2.jpg","contentUrl":"https:\/\/anadolupet.com.tr\/wp-content\/uploads\/2026\/02\/230-25231360_2.jpg","width":750,"height":750},{"@type":"BreadcrumbList","@id":"https:\/\/anadolupet.com.tr\/urun\/schesir-stix-ordekli-krem-pouch-6-x-15g\/#breadcrumb","itemListElement":[{"@type":"ListItem","position":1,"name":"Anasayfa","item":"https:\/\/anadolupet.com.tr\/"},{"@type":"ListItem","position":2,"name":"\u00dcr\u00fcnler","item":"https:\/\/anadolupet.com.tr\/urunler\/"},{"@type":"ListItem","position":3,"name":"Schesir Stix \u00d6rdekli Krem Pouch 6 x 15g"}]},{"@type":"WebSite","@id":"https:\/\/anadolupet.com.tr\/#website","url":"https:\/\/anadolupet.com.tr\/","name":"Anadolu Pet Group","description":"We Stand Together for the Well-Being of Every Life","publisher":{"@id":"https:\/\/anadolupet.com.tr\/#organization"},"potentialAction":[{"@type":"SearchAction","target":{"@type":"EntryPoint","urlTemplate":"https:\/\/anadolupet.com.tr\/?s={search_term_string}"},"query-input":{"@type":"PropertyValueSpecification","valueRequired":true,"valueName":"search_term_string"}}],"inLanguage":"en-US"},{"@type":"Organization","@id":"https:\/\/anadolupet.com.tr\/#organization","name":"Anadolu Pet Group","alternateName":"Anadolu Pet","url":"https:\/\/anadolupet.com.tr\/","logo":{"@type":"ImageObject","inLanguage":"en-US","@id":"https:\/\/anadolupet.com.tr\/#\/schema\/logo\/image\/","url":"https:\/\/anadolupet.com.tr\/wp-content\/uploads\/2026\/03\/1614666743370.jpg","contentUrl":"https:\/\/anadolupet.com.tr\/wp-content\/uploads\/2026\/03\/1614666743370.jpg","width":800,"height":571,"caption":"Anadolu Pet Grup"},"image":{"@id":"https:\/\/anadolupet.com.tr\/#\/schema\/logo\/image\/"}}]}},"_links":{"self":[{"href":"https:\/\/anadolupet.com.tr\/en\/wp-json\/wp\/v2\/product\/46116","targetHints":{"allow":["GET"]}}],"collection":[{"href":"https:\/\/anadolupet.com.tr\/en\/wp-json\/wp\/v2\/product"}],"about":[{"href":"https:\/\/anadolupet.com.tr\/en\/wp-json\/wp\/v2\/types\/product"}],"replies":[{"embeddable":true,"href":"https:\/\/anadolupet.com.tr\/en\/wp-json\/wp\/v2\/comments?post=46116"}],"wp:featuredmedia":[{"embeddable":true,"href":"https:\/\/anadolupet.com.tr\/en\/wp-json\/wp\/v2\/media\/43187"}],"wp:attachment":[{"href":"https:\/\/anadolupet.com.tr\/en\/wp-json\/wp\/v2\/media?parent=46116"}],"wp:term":[{"taxonomy":"product_brand","embeddable":true,"href":"https:\/\/anadolupet.com.tr\/en\/wp-json\/wp\/v2\/product_brand?post=46116"},{"taxonomy":"product_cat","embeddable":true,"href":"https:\/\/anadolupet.com.tr\/en\/wp-json\/wp\/v2\/product_cat?post=46116"},{"taxonomy":"product_tag","embeddable":true,"href":"https:\/\/anadolupet.com.tr\/en\/wp-json\/wp\/v2\/product_tag?post=46116"}],"curies":[{"name":"wp","href":"https:\/\/api.w.org\/{rel}","templated":true}]}}