{"id":46121,"date":"2026-02-14T14:45:47","date_gmt":"2026-02-14T14:45:47","guid":{"rendered":"https:\/\/anadolupet.com.tr\/urun\/schesir-soup-ton-baligi-ile-bal-kabagi-yetiskin-kedi-corbasi-pouch-40g\/"},"modified":"2026-02-23T12:51:47","modified_gmt":"2026-02-23T12:51:47","slug":"schesir-soup-ton-baligi-ile-bal-kabagi-yetiskin-kedi-corbasi-pouch-40g","status":"publish","type":"product","link":"https:\/\/anadolupet.com.tr\/en\/urun\/schesir-soup-ton-baligi-ile-bal-kabagi-yetiskin-kedi-corbasi-pouch-40g\/","title":{"rendered":"Schesir Soup Ton Bal\u0131\u011f\u0131 ile Bal Kaba\u011f\u0131 Yeti\u015fkin Kedi \u00c7orbas\u0131 Pouch 40g"},"content":{"rendered":"","protected":false},"excerpt":{"rendered":"<p>Narin balkaba\u011f\u0131 ile birlikte lezzetli ton bal\u0131\u011f\u0131 filetolar\u0131. Schesir ya\u015f mamas\u0131n\u0131 ve \u00f6zellikle s\u0131v\u0131 k\u0131sm\u0131n\u0131 seven kediler i\u00e7in bir \u00e7orba i\u00e7inde sunulmu\u015ftur. Do\u011fal bir porsiyon olarak tek ba\u015f\u0131na m\u00fckemmel bir se\u00e7enektir ve ayr\u0131ca ekstra lezzet i\u00e7in kuru mama ile kar\u0131\u015ft\u0131r\u0131larak da servis edilebilir.<br \/>\n1. Ana malzeme olarak ton bal\u0131\u011f\u0131, narin balkaba\u011f\u0131 ile birle\u015ftirilmi\u015ftir 2. %100 do\u011fal i\u00e7erikler 3. Tah\u0131l ve gluten i\u00e7ermez 4. Buharda pi\u015firilmi\u015f ve elle haz\u0131rlanm\u0131\u015ft\u0131r 5. Koruyucu veya renklendirici maddeler i\u00e7ermez 6. S\u00fcrd\u00fcr\u00fclebilir bal\u0131k\u00e7\u0131l\u0131ktan elde edilen ton bal\u0131\u011f\u0131 i\u00e7erir 7. Hayvanlar \u00fczerinde denenmemi\u015ftir 8. Kullan\u0131\u015fl\u0131 a\u00e7, s\u0131k ve kasede servis et po\u015fet format\u0131nda<br \/>\nBesleme Talimat\u0131:<br \/>\nG\u00fcnde en fazla 2 po\u015fet verin.<br \/>\nSa\u011flanan talimatlar\u0131 izleyerek, tam ve dengeli bir diyet i\u00e7inde takviye olarak verin. Tek bir porsiyon olarak veya tam ve dengeli \u00fcr\u00fcnlerle birlikte sunun. Diyet dengesizli\u011fini \u00f6nlemek i\u00e7in \u00f6nerilen porsiyonu a\u015fmay\u0131n.<\/p>","protected":false},"featured_media":43126,"comment_status":"open","ping_status":"closed","template":"","meta":{"_acf_changed":false},"product_brand":[],"product_cat":[2427],"product_tag":[],"class_list":{"0":"post-46121","1":"product","2":"type-product","3":"status-publish","4":"has-post-thumbnail","6":"product_cat-kedi-konserveleri","8":"first","9":"instock","10":"shipping-taxable","11":"product-type-simple"},"acf":[],"yoast_head":"<!-- This site is optimized with the Yoast SEO plugin v27.5 - https:\/\/yoast.com\/product\/yoast-seo-wordpress\/ -->\n<title>Schesir Soup Ton Bal\u0131\u011f\u0131 ile Bal Kaba\u011f\u0131 Yeti\u015fkin Kedi \u00c7orbas\u0131 Pouch 40g - Anadolu Pet Grup<\/title>\n<meta name=\"robots\" content=\"index, follow, max-snippet:-1, max-image-preview:large, max-video-preview:-1\" \/>\n<link rel=\"canonical\" href=\"https:\/\/anadolupet.com.tr\/en\/product\/schesir-soup-ton-baligi-ile-bal-kabagi-yetiskin-kedi-corbasi-pouch-40g\/\" \/>\n<meta property=\"og:locale\" content=\"en_US\" \/>\n<meta property=\"og:type\" content=\"article\" \/>\n<meta property=\"og:title\" content=\"Schesir Soup Ton Bal\u0131\u011f\u0131 ile Bal Kaba\u011f\u0131 Yeti\u015fkin Kedi \u00c7orbas\u0131 Pouch 40g - Anadolu Pet Grup\" \/>\n<meta property=\"og:description\" content=\"Narin balkaba\u011f\u0131 ile birlikte lezzetli ton bal\u0131\u011f\u0131 filetolar\u0131. Schesir ya\u015f mamas\u0131n\u0131 ve \u00f6zellikle s\u0131v\u0131 k\u0131sm\u0131n\u0131 seven kediler i\u00e7in bir \u00e7orba i\u00e7inde sunulmu\u015ftur. Do\u011fal bir porsiyon olarak tek ba\u015f\u0131na m\u00fckemmel bir se\u00e7enektir ve ayr\u0131ca ekstra lezzet i\u00e7in kuru mama ile kar\u0131\u015ft\u0131r\u0131larak da servis edilebilir. 1. Ana malzeme olarak ton bal\u0131\u011f\u0131, narin balkaba\u011f\u0131 ile birle\u015ftirilmi\u015ftir 2. %100 do\u011fal i\u00e7erikler 3. Tah\u0131l ve gluten i\u00e7ermez 4. Buharda pi\u015firilmi\u015f ve elle haz\u0131rlanm\u0131\u015ft\u0131r 5. Koruyucu veya renklendirici maddeler i\u00e7ermez 6. S\u00fcrd\u00fcr\u00fclebilir bal\u0131k\u00e7\u0131l\u0131ktan elde edilen ton bal\u0131\u011f\u0131 i\u00e7erir 7. Hayvanlar \u00fczerinde denenmemi\u015ftir 8. Kullan\u0131\u015fl\u0131 a\u00e7, s\u0131k ve kasede servis et po\u015fet format\u0131nda Besleme Talimat\u0131: G\u00fcnde en fazla 2 po\u015fet verin. Sa\u011flanan talimatlar\u0131 izleyerek, tam ve dengeli bir diyet i\u00e7inde takviye olarak verin. Tek bir porsiyon olarak veya tam ve dengeli \u00fcr\u00fcnlerle birlikte sunun. Diyet dengesizli\u011fini \u00f6nlemek i\u00e7in \u00f6nerilen porsiyonu a\u015fmay\u0131n.\" \/>\n<meta property=\"og:url\" content=\"https:\/\/anadolupet.com.tr\/en\/product\/schesir-soup-ton-baligi-ile-bal-kabagi-yetiskin-kedi-corbasi-pouch-40g\/\" \/>\n<meta property=\"og:site_name\" content=\"Anadolu Pet Grup\" \/>\n<meta property=\"article:modified_time\" content=\"2026-02-23T12:51:47+00:00\" \/>\n<meta property=\"og:image\" content=\"https:\/\/anadolupet.com.tr\/wp-content\/uploads\/2026\/02\/230-21254204.jpg\" \/>\n\t<meta property=\"og:image:width\" content=\"750\" \/>\n\t<meta property=\"og:image:height\" content=\"750\" \/>\n\t<meta property=\"og:image:type\" content=\"image\/jpeg\" \/>\n<meta name=\"twitter:card\" content=\"summary_large_image\" \/>\n<script type=\"application\/ld+json\" class=\"yoast-schema-graph\">{\"@context\":\"https:\\\/\\\/schema.org\",\"@graph\":[{\"@type\":\"WebPage\",\"@id\":\"https:\\\/\\\/anadolupet.com.tr\\\/urun\\\/schesir-soup-ton-baligi-ile-bal-kabagi-yetiskin-kedi-corbasi-pouch-40g\\\/\",\"url\":\"https:\\\/\\\/anadolupet.com.tr\\\/urun\\\/schesir-soup-ton-baligi-ile-bal-kabagi-yetiskin-kedi-corbasi-pouch-40g\\\/\",\"name\":\"Schesir Soup Ton Bal\u0131\u011f\u0131 ile Bal Kaba\u011f\u0131 Yeti\u015fkin Kedi \u00c7orbas\u0131 Pouch 40g - Anadolu Pet Grup\",\"isPartOf\":{\"@id\":\"https:\\\/\\\/anadolupet.com.tr\\\/#website\"},\"primaryImageOfPage\":{\"@id\":\"https:\\\/\\\/anadolupet.com.tr\\\/urun\\\/schesir-soup-ton-baligi-ile-bal-kabagi-yetiskin-kedi-corbasi-pouch-40g\\\/#primaryimage\"},\"image\":{\"@id\":\"https:\\\/\\\/anadolupet.com.tr\\\/urun\\\/schesir-soup-ton-baligi-ile-bal-kabagi-yetiskin-kedi-corbasi-pouch-40g\\\/#primaryimage\"},\"thumbnailUrl\":\"https:\\\/\\\/anadolupet.com.tr\\\/wp-content\\\/uploads\\\/2026\\\/02\\\/230-21254204.jpg\",\"datePublished\":\"2026-02-14T14:45:47+00:00\",\"dateModified\":\"2026-02-23T12:51:47+00:00\",\"breadcrumb\":{\"@id\":\"https:\\\/\\\/anadolupet.com.tr\\\/urun\\\/schesir-soup-ton-baligi-ile-bal-kabagi-yetiskin-kedi-corbasi-pouch-40g\\\/#breadcrumb\"},\"inLanguage\":\"en-US\",\"potentialAction\":[{\"@type\":\"ReadAction\",\"target\":[\"https:\\\/\\\/anadolupet.com.tr\\\/urun\\\/schesir-soup-ton-baligi-ile-bal-kabagi-yetiskin-kedi-corbasi-pouch-40g\\\/\"]}]},{\"@type\":\"ImageObject\",\"inLanguage\":\"en-US\",\"@id\":\"https:\\\/\\\/anadolupet.com.tr\\\/urun\\\/schesir-soup-ton-baligi-ile-bal-kabagi-yetiskin-kedi-corbasi-pouch-40g\\\/#primaryimage\",\"url\":\"https:\\\/\\\/anadolupet.com.tr\\\/wp-content\\\/uploads\\\/2026\\\/02\\\/230-21254204.jpg\",\"contentUrl\":\"https:\\\/\\\/anadolupet.com.tr\\\/wp-content\\\/uploads\\\/2026\\\/02\\\/230-21254204.jpg\",\"width\":750,\"height\":750},{\"@type\":\"BreadcrumbList\",\"@id\":\"https:\\\/\\\/anadolupet.com.tr\\\/urun\\\/schesir-soup-ton-baligi-ile-bal-kabagi-yetiskin-kedi-corbasi-pouch-40g\\\/#breadcrumb\",\"itemListElement\":[{\"@type\":\"ListItem\",\"position\":1,\"name\":\"Anasayfa\",\"item\":\"https:\\\/\\\/anadolupet.com.tr\\\/\"},{\"@type\":\"ListItem\",\"position\":2,\"name\":\"\u00dcr\u00fcnler\",\"item\":\"https:\\\/\\\/anadolupet.com.tr\\\/urunler\\\/\"},{\"@type\":\"ListItem\",\"position\":3,\"name\":\"Schesir Soup Ton Bal\u0131\u011f\u0131 ile Bal Kaba\u011f\u0131 Yeti\u015fkin Kedi \u00c7orbas\u0131 Pouch 40g\"}]},{\"@type\":\"WebSite\",\"@id\":\"https:\\\/\\\/anadolupet.com.tr\\\/#website\",\"url\":\"https:\\\/\\\/anadolupet.com.tr\\\/\",\"name\":\"Anadolu Pet Grup\",\"description\":\"Her Can\u0131n \u0130yi Ya\u015fam\u0131 \u0130\u00e7in Biraraday\u0131z\",\"publisher\":{\"@id\":\"https:\\\/\\\/anadolupet.com.tr\\\/#organization\"},\"potentialAction\":[{\"@type\":\"SearchAction\",\"target\":{\"@type\":\"EntryPoint\",\"urlTemplate\":\"https:\\\/\\\/anadolupet.com.tr\\\/?s={search_term_string}\"},\"query-input\":{\"@type\":\"PropertyValueSpecification\",\"valueRequired\":true,\"valueName\":\"search_term_string\"}}],\"inLanguage\":\"en-US\"},{\"@type\":\"Organization\",\"@id\":\"https:\\\/\\\/anadolupet.com.tr\\\/#organization\",\"name\":\"Anadolu Pet Grup\",\"alternateName\":\"Anadolu Pet\",\"url\":\"https:\\\/\\\/anadolupet.com.tr\\\/\",\"logo\":{\"@type\":\"ImageObject\",\"inLanguage\":\"en-US\",\"@id\":\"https:\\\/\\\/anadolupet.com.tr\\\/#\\\/schema\\\/logo\\\/image\\\/\",\"url\":\"https:\\\/\\\/anadolupet.com.tr\\\/wp-content\\\/uploads\\\/2026\\\/03\\\/1614666743370.jpg\",\"contentUrl\":\"https:\\\/\\\/anadolupet.com.tr\\\/wp-content\\\/uploads\\\/2026\\\/03\\\/1614666743370.jpg\",\"width\":800,\"height\":571,\"caption\":\"Anadolu Pet Grup\"},\"image\":{\"@id\":\"https:\\\/\\\/anadolupet.com.tr\\\/#\\\/schema\\\/logo\\\/image\\\/\"}}]}<\/script>\n<!-- \/ Yoast SEO plugin. -->","yoast_head_json":{"title":"Schesir Soup Ton Bal\u0131\u011f\u0131 ile Bal Kaba\u011f\u0131 Yeti\u015fkin Kedi \u00c7orbas\u0131 Pouch 40g - Anadolu Pet Grup","robots":{"index":"index","follow":"follow","max-snippet":"max-snippet:-1","max-image-preview":"max-image-preview:large","max-video-preview":"max-video-preview:-1"},"canonical":"https:\/\/anadolupet.com.tr\/en\/product\/schesir-soup-ton-baligi-ile-bal-kabagi-yetiskin-kedi-corbasi-pouch-40g\/","og_locale":"en_US","og_type":"article","og_title":"Schesir Soup Ton Bal\u0131\u011f\u0131 ile Bal Kaba\u011f\u0131 Yeti\u015fkin Kedi \u00c7orbas\u0131 Pouch 40g - Anadolu Pet Grup","og_description":"Narin balkaba\u011f\u0131 ile birlikte lezzetli ton bal\u0131\u011f\u0131 filetolar\u0131. Schesir ya\u015f mamas\u0131n\u0131 ve \u00f6zellikle s\u0131v\u0131 k\u0131sm\u0131n\u0131 seven kediler i\u00e7in bir \u00e7orba i\u00e7inde sunulmu\u015ftur. Do\u011fal bir porsiyon olarak tek ba\u015f\u0131na m\u00fckemmel bir se\u00e7enektir ve ayr\u0131ca ekstra lezzet i\u00e7in kuru mama ile kar\u0131\u015ft\u0131r\u0131larak da servis edilebilir. 1. Ana malzeme olarak ton bal\u0131\u011f\u0131, narin balkaba\u011f\u0131 ile birle\u015ftirilmi\u015ftir 2. %100 do\u011fal i\u00e7erikler 3. Tah\u0131l ve gluten i\u00e7ermez 4. Buharda pi\u015firilmi\u015f ve elle haz\u0131rlanm\u0131\u015ft\u0131r 5. Koruyucu veya renklendirici maddeler i\u00e7ermez 6. S\u00fcrd\u00fcr\u00fclebilir bal\u0131k\u00e7\u0131l\u0131ktan elde edilen ton bal\u0131\u011f\u0131 i\u00e7erir 7. Hayvanlar \u00fczerinde denenmemi\u015ftir 8. Kullan\u0131\u015fl\u0131 a\u00e7, s\u0131k ve kasede servis et po\u015fet format\u0131nda Besleme Talimat\u0131: G\u00fcnde en fazla 2 po\u015fet verin. Sa\u011flanan talimatlar\u0131 izleyerek, tam ve dengeli bir diyet i\u00e7inde takviye olarak verin. Tek bir porsiyon olarak veya tam ve dengeli \u00fcr\u00fcnlerle birlikte sunun. Diyet dengesizli\u011fini \u00f6nlemek i\u00e7in \u00f6nerilen porsiyonu a\u015fmay\u0131n.","og_url":"https:\/\/anadolupet.com.tr\/en\/product\/schesir-soup-ton-baligi-ile-bal-kabagi-yetiskin-kedi-corbasi-pouch-40g\/","og_site_name":"Anadolu Pet Grup","article_modified_time":"2026-02-23T12:51:47+00:00","og_image":[{"width":750,"height":750,"url":"https:\/\/anadolupet.com.tr\/wp-content\/uploads\/2026\/02\/230-21254204.jpg","type":"image\/jpeg"}],"twitter_card":"summary_large_image","schema":{"@context":"https:\/\/schema.org","@graph":[{"@type":"WebPage","@id":"https:\/\/anadolupet.com.tr\/urun\/schesir-soup-ton-baligi-ile-bal-kabagi-yetiskin-kedi-corbasi-pouch-40g\/","url":"https:\/\/anadolupet.com.tr\/urun\/schesir-soup-ton-baligi-ile-bal-kabagi-yetiskin-kedi-corbasi-pouch-40g\/","name":"Schesir Soup Ton Bal\u0131\u011f\u0131 ile Bal Kaba\u011f\u0131 Yeti\u015fkin Kedi \u00c7orbas\u0131 Pouch 40g - Anadolu Pet Grup","isPartOf":{"@id":"https:\/\/anadolupet.com.tr\/#website"},"primaryImageOfPage":{"@id":"https:\/\/anadolupet.com.tr\/urun\/schesir-soup-ton-baligi-ile-bal-kabagi-yetiskin-kedi-corbasi-pouch-40g\/#primaryimage"},"image":{"@id":"https:\/\/anadolupet.com.tr\/urun\/schesir-soup-ton-baligi-ile-bal-kabagi-yetiskin-kedi-corbasi-pouch-40g\/#primaryimage"},"thumbnailUrl":"https:\/\/anadolupet.com.tr\/wp-content\/uploads\/2026\/02\/230-21254204.jpg","datePublished":"2026-02-14T14:45:47+00:00","dateModified":"2026-02-23T12:51:47+00:00","breadcrumb":{"@id":"https:\/\/anadolupet.com.tr\/urun\/schesir-soup-ton-baligi-ile-bal-kabagi-yetiskin-kedi-corbasi-pouch-40g\/#breadcrumb"},"inLanguage":"en-US","potentialAction":[{"@type":"ReadAction","target":["https:\/\/anadolupet.com.tr\/urun\/schesir-soup-ton-baligi-ile-bal-kabagi-yetiskin-kedi-corbasi-pouch-40g\/"]}]},{"@type":"ImageObject","inLanguage":"en-US","@id":"https:\/\/anadolupet.com.tr\/urun\/schesir-soup-ton-baligi-ile-bal-kabagi-yetiskin-kedi-corbasi-pouch-40g\/#primaryimage","url":"https:\/\/anadolupet.com.tr\/wp-content\/uploads\/2026\/02\/230-21254204.jpg","contentUrl":"https:\/\/anadolupet.com.tr\/wp-content\/uploads\/2026\/02\/230-21254204.jpg","width":750,"height":750},{"@type":"BreadcrumbList","@id":"https:\/\/anadolupet.com.tr\/urun\/schesir-soup-ton-baligi-ile-bal-kabagi-yetiskin-kedi-corbasi-pouch-40g\/#breadcrumb","itemListElement":[{"@type":"ListItem","position":1,"name":"Anasayfa","item":"https:\/\/anadolupet.com.tr\/"},{"@type":"ListItem","position":2,"name":"\u00dcr\u00fcnler","item":"https:\/\/anadolupet.com.tr\/urunler\/"},{"@type":"ListItem","position":3,"name":"Schesir Soup Ton Bal\u0131\u011f\u0131 ile Bal Kaba\u011f\u0131 Yeti\u015fkin Kedi \u00c7orbas\u0131 Pouch 40g"}]},{"@type":"WebSite","@id":"https:\/\/anadolupet.com.tr\/#website","url":"https:\/\/anadolupet.com.tr\/","name":"Anadolu Pet Group","description":"We Stand Together for the Well-Being of Every Life","publisher":{"@id":"https:\/\/anadolupet.com.tr\/#organization"},"potentialAction":[{"@type":"SearchAction","target":{"@type":"EntryPoint","urlTemplate":"https:\/\/anadolupet.com.tr\/?s={search_term_string}"},"query-input":{"@type":"PropertyValueSpecification","valueRequired":true,"valueName":"search_term_string"}}],"inLanguage":"en-US"},{"@type":"Organization","@id":"https:\/\/anadolupet.com.tr\/#organization","name":"Anadolu Pet Group","alternateName":"Anadolu Pet","url":"https:\/\/anadolupet.com.tr\/","logo":{"@type":"ImageObject","inLanguage":"en-US","@id":"https:\/\/anadolupet.com.tr\/#\/schema\/logo\/image\/","url":"https:\/\/anadolupet.com.tr\/wp-content\/uploads\/2026\/03\/1614666743370.jpg","contentUrl":"https:\/\/anadolupet.com.tr\/wp-content\/uploads\/2026\/03\/1614666743370.jpg","width":800,"height":571,"caption":"Anadolu Pet Grup"},"image":{"@id":"https:\/\/anadolupet.com.tr\/#\/schema\/logo\/image\/"}}]}},"_links":{"self":[{"href":"https:\/\/anadolupet.com.tr\/en\/wp-json\/wp\/v2\/product\/46121","targetHints":{"allow":["GET"]}}],"collection":[{"href":"https:\/\/anadolupet.com.tr\/en\/wp-json\/wp\/v2\/product"}],"about":[{"href":"https:\/\/anadolupet.com.tr\/en\/wp-json\/wp\/v2\/types\/product"}],"replies":[{"embeddable":true,"href":"https:\/\/anadolupet.com.tr\/en\/wp-json\/wp\/v2\/comments?post=46121"}],"wp:featuredmedia":[{"embeddable":true,"href":"https:\/\/anadolupet.com.tr\/en\/wp-json\/wp\/v2\/media\/43126"}],"wp:attachment":[{"href":"https:\/\/anadolupet.com.tr\/en\/wp-json\/wp\/v2\/media?parent=46121"}],"wp:term":[{"taxonomy":"product_brand","embeddable":true,"href":"https:\/\/anadolupet.com.tr\/en\/wp-json\/wp\/v2\/product_brand?post=46121"},{"taxonomy":"product_cat","embeddable":true,"href":"https:\/\/anadolupet.com.tr\/en\/wp-json\/wp\/v2\/product_cat?post=46121"},{"taxonomy":"product_tag","embeddable":true,"href":"https:\/\/anadolupet.com.tr\/en\/wp-json\/wp\/v2\/product_tag?post=46121"}],"curies":[{"name":"wp","href":"https:\/\/api.w.org\/{rel}","templated":true}]}}