{"id":46123,"date":"2026-02-14T14:45:48","date_gmt":"2026-02-14T14:45:48","guid":{"rendered":"https:\/\/anadolupet.com.tr\/urun\/schesir-stix-ordekli-krem-odul-mamasi-12x6x15g\/"},"modified":"2026-02-23T12:51:47","modified_gmt":"2026-02-23T12:51:47","slug":"schesir-stix-ordekli-krem-odul-mamasi-12x6x15g","status":"publish","type":"product","link":"https:\/\/anadolupet.com.tr\/en\/urun\/schesir-stix-ordekli-krem-odul-mamasi-12x6x15g\/","title":{"rendered":"Schesir Stix \u00d6rdekli Krem \u00d6d\u00fcl Mamas\u0131 12x6x15g"},"content":{"rendered":"","protected":false},"excerpt":{"rendered":"<p>Ger\u00e7ek \u00f6rdek ve tavuk etinden gelen protein bak\u0131m\u0131ndan zengin, p\u00fcr\u00fczs\u00fcz mousse k\u0131vam\u0131nda ek at\u0131\u015ft\u0131rmal\u0131k.<br \/>\n1.tat ve hidrasyon sa\u011flamak i\u00e7in tamamlay\u0131c\u0131 at\u0131\u015ft\u0131rmal\u0131k<br \/>\n2. ger\u00e7ek tavuk ve \u00f6rdek etinden elde edilen protein<br \/>\n3. yumu\u015fak, p\u00fcr\u00fczs\u00fcz mousse k\u0131vam\u0131nda<br \/>\n4. tah\u0131ls\u0131z<br \/>\n5. 6 mini porsiyonluk paket<br \/>\n6. tek ba\u015f\u0131na (do\u011frudan torbadan veya kasede) veya ba\u015fka bir yiyecekle kar\u0131\u015ft\u0131rarak servis edebilirsiniz.<br \/>\n\u0130\u00c7\u0130NDEK\u0130LER: %60 \u00f6rdek suyu, %19 \u00f6rdek, %16 tavuk, tapiyoka ni\u015fastas\u0131, yumurta tozu, hidrolize tavuk ve ton bal\u0131\u011f\u0131 proteinleri, bal\u0131k \u00f6z\u00fc, mineraller.<br \/>\nANAL\u0130T\u0130K B\u0130LE\u015eENLER: protein %7,5, ham ya\u011f %0,5, ham k\u00fcl %0,5, ham sel\u00fcloz %0,1. Nem %89.<br \/>\nKULLANIM TAL\u0130MATI: Tek ba\u015f\u0131na (do\u011frudan torbadan veya kasede) servis edin veya torban\u0131n \u00f6n y\u00fcz\u00fcnde g\u00f6sterildi\u011fi gibi ba\u015fka bir yiyecekle kar\u0131\u015ft\u0131r\u0131n.<br \/>\nSAKLAMA Y\u00d6NTEM\u0130: Oda s\u0131cakl\u0131\u011f\u0131nda servis edin. A\u00e7\u0131ld\u0131ktan sonra buzdolab\u0131nda saklay\u0131n ve 48 saat i\u00e7inde t\u00fcketin.<\/p>","protected":false},"featured_media":43185,"comment_status":"open","ping_status":"closed","template":"","meta":{"_acf_changed":false},"product_brand":[],"product_cat":[2436],"product_tag":[],"class_list":{"0":"post-46123","1":"product","2":"type-product","3":"status-publish","4":"has-post-thumbnail","6":"product_cat-stix","8":"first","9":"instock","10":"shipping-taxable","11":"product-type-simple"},"acf":[],"yoast_head":"<!-- This site is optimized with the Yoast SEO plugin v27.5 - https:\/\/yoast.com\/product\/yoast-seo-wordpress\/ -->\n<title>Schesir Stix \u00d6rdekli Krem \u00d6d\u00fcl Mamas\u0131 12x6x15g - Anadolu Pet Grup<\/title>\n<meta name=\"robots\" content=\"index, follow, max-snippet:-1, max-image-preview:large, max-video-preview:-1\" \/>\n<link rel=\"canonical\" href=\"https:\/\/anadolupet.com.tr\/en\/product\/schesir-stix-ordekli-krem-odul-mamasi-12x6x15g\/\" \/>\n<meta property=\"og:locale\" content=\"en_US\" \/>\n<meta property=\"og:type\" content=\"article\" \/>\n<meta property=\"og:title\" content=\"Schesir Stix \u00d6rdekli Krem \u00d6d\u00fcl Mamas\u0131 12x6x15g - Anadolu Pet Grup\" \/>\n<meta property=\"og:description\" content=\"Ger\u00e7ek \u00f6rdek ve tavuk etinden gelen protein bak\u0131m\u0131ndan zengin, p\u00fcr\u00fczs\u00fcz mousse k\u0131vam\u0131nda ek at\u0131\u015ft\u0131rmal\u0131k. 1.tat ve hidrasyon sa\u011flamak i\u00e7in tamamlay\u0131c\u0131 at\u0131\u015ft\u0131rmal\u0131k 2. ger\u00e7ek tavuk ve \u00f6rdek etinden elde edilen protein 3. yumu\u015fak, p\u00fcr\u00fczs\u00fcz mousse k\u0131vam\u0131nda 4. tah\u0131ls\u0131z 5. 6 mini porsiyonluk paket 6. tek ba\u015f\u0131na (do\u011frudan torbadan veya kasede) veya ba\u015fka bir yiyecekle kar\u0131\u015ft\u0131rarak servis edebilirsiniz. \u0130\u00c7\u0130NDEK\u0130LER: %60 \u00f6rdek suyu, %19 \u00f6rdek, %16 tavuk, tapiyoka ni\u015fastas\u0131, yumurta tozu, hidrolize tavuk ve ton bal\u0131\u011f\u0131 proteinleri, bal\u0131k \u00f6z\u00fc, mineraller. ANAL\u0130T\u0130K B\u0130LE\u015eENLER: protein %7,5, ham ya\u011f %0,5, ham k\u00fcl %0,5, ham sel\u00fcloz %0,1. Nem %89. KULLANIM TAL\u0130MATI: Tek ba\u015f\u0131na (do\u011frudan torbadan veya kasede) servis edin veya torban\u0131n \u00f6n y\u00fcz\u00fcnde g\u00f6sterildi\u011fi gibi ba\u015fka bir yiyecekle kar\u0131\u015ft\u0131r\u0131n. SAKLAMA Y\u00d6NTEM\u0130: Oda s\u0131cakl\u0131\u011f\u0131nda servis edin. A\u00e7\u0131ld\u0131ktan sonra buzdolab\u0131nda saklay\u0131n ve 48 saat i\u00e7inde t\u00fcketin.\" \/>\n<meta property=\"og:url\" content=\"https:\/\/anadolupet.com.tr\/en\/product\/schesir-stix-ordekli-krem-odul-mamasi-12x6x15g\/\" \/>\n<meta property=\"og:site_name\" content=\"Anadolu Pet Grup\" \/>\n<meta property=\"article:modified_time\" content=\"2026-02-23T12:51:47+00:00\" \/>\n<meta property=\"og:image\" content=\"https:\/\/anadolupet.com.tr\/wp-content\/uploads\/2026\/02\/230-25231304_2.jpg\" \/>\n\t<meta property=\"og:image:width\" content=\"750\" \/>\n\t<meta property=\"og:image:height\" content=\"750\" \/>\n\t<meta property=\"og:image:type\" content=\"image\/jpeg\" \/>\n<meta name=\"twitter:card\" content=\"summary_large_image\" \/>\n<script type=\"application\/ld+json\" class=\"yoast-schema-graph\">{\"@context\":\"https:\\\/\\\/schema.org\",\"@graph\":[{\"@type\":\"WebPage\",\"@id\":\"https:\\\/\\\/anadolupet.com.tr\\\/urun\\\/schesir-stix-ordekli-krem-odul-mamasi-12x6x15g\\\/\",\"url\":\"https:\\\/\\\/anadolupet.com.tr\\\/urun\\\/schesir-stix-ordekli-krem-odul-mamasi-12x6x15g\\\/\",\"name\":\"Schesir Stix \u00d6rdekli Krem \u00d6d\u00fcl Mamas\u0131 12x6x15g - Anadolu Pet Grup\",\"isPartOf\":{\"@id\":\"https:\\\/\\\/anadolupet.com.tr\\\/#website\"},\"primaryImageOfPage\":{\"@id\":\"https:\\\/\\\/anadolupet.com.tr\\\/urun\\\/schesir-stix-ordekli-krem-odul-mamasi-12x6x15g\\\/#primaryimage\"},\"image\":{\"@id\":\"https:\\\/\\\/anadolupet.com.tr\\\/urun\\\/schesir-stix-ordekli-krem-odul-mamasi-12x6x15g\\\/#primaryimage\"},\"thumbnailUrl\":\"https:\\\/\\\/anadolupet.com.tr\\\/wp-content\\\/uploads\\\/2026\\\/02\\\/230-25231304_2.jpg\",\"datePublished\":\"2026-02-14T14:45:48+00:00\",\"dateModified\":\"2026-02-23T12:51:47+00:00\",\"breadcrumb\":{\"@id\":\"https:\\\/\\\/anadolupet.com.tr\\\/urun\\\/schesir-stix-ordekli-krem-odul-mamasi-12x6x15g\\\/#breadcrumb\"},\"inLanguage\":\"en-US\",\"potentialAction\":[{\"@type\":\"ReadAction\",\"target\":[\"https:\\\/\\\/anadolupet.com.tr\\\/urun\\\/schesir-stix-ordekli-krem-odul-mamasi-12x6x15g\\\/\"]}]},{\"@type\":\"ImageObject\",\"inLanguage\":\"en-US\",\"@id\":\"https:\\\/\\\/anadolupet.com.tr\\\/urun\\\/schesir-stix-ordekli-krem-odul-mamasi-12x6x15g\\\/#primaryimage\",\"url\":\"https:\\\/\\\/anadolupet.com.tr\\\/wp-content\\\/uploads\\\/2026\\\/02\\\/230-25231304_2.jpg\",\"contentUrl\":\"https:\\\/\\\/anadolupet.com.tr\\\/wp-content\\\/uploads\\\/2026\\\/02\\\/230-25231304_2.jpg\",\"width\":750,\"height\":750},{\"@type\":\"BreadcrumbList\",\"@id\":\"https:\\\/\\\/anadolupet.com.tr\\\/urun\\\/schesir-stix-ordekli-krem-odul-mamasi-12x6x15g\\\/#breadcrumb\",\"itemListElement\":[{\"@type\":\"ListItem\",\"position\":1,\"name\":\"Anasayfa\",\"item\":\"https:\\\/\\\/anadolupet.com.tr\\\/\"},{\"@type\":\"ListItem\",\"position\":2,\"name\":\"\u00dcr\u00fcnler\",\"item\":\"https:\\\/\\\/anadolupet.com.tr\\\/urunler\\\/\"},{\"@type\":\"ListItem\",\"position\":3,\"name\":\"Schesir Stix \u00d6rdekli Krem \u00d6d\u00fcl Mamas\u0131 12x6x15g\"}]},{\"@type\":\"WebSite\",\"@id\":\"https:\\\/\\\/anadolupet.com.tr\\\/#website\",\"url\":\"https:\\\/\\\/anadolupet.com.tr\\\/\",\"name\":\"Anadolu Pet Grup\",\"description\":\"Her Can\u0131n \u0130yi Ya\u015fam\u0131 \u0130\u00e7in Biraraday\u0131z\",\"publisher\":{\"@id\":\"https:\\\/\\\/anadolupet.com.tr\\\/#organization\"},\"potentialAction\":[{\"@type\":\"SearchAction\",\"target\":{\"@type\":\"EntryPoint\",\"urlTemplate\":\"https:\\\/\\\/anadolupet.com.tr\\\/?s={search_term_string}\"},\"query-input\":{\"@type\":\"PropertyValueSpecification\",\"valueRequired\":true,\"valueName\":\"search_term_string\"}}],\"inLanguage\":\"en-US\"},{\"@type\":\"Organization\",\"@id\":\"https:\\\/\\\/anadolupet.com.tr\\\/#organization\",\"name\":\"Anadolu Pet Grup\",\"alternateName\":\"Anadolu Pet\",\"url\":\"https:\\\/\\\/anadolupet.com.tr\\\/\",\"logo\":{\"@type\":\"ImageObject\",\"inLanguage\":\"en-US\",\"@id\":\"https:\\\/\\\/anadolupet.com.tr\\\/#\\\/schema\\\/logo\\\/image\\\/\",\"url\":\"https:\\\/\\\/anadolupet.com.tr\\\/wp-content\\\/uploads\\\/2026\\\/03\\\/1614666743370.jpg\",\"contentUrl\":\"https:\\\/\\\/anadolupet.com.tr\\\/wp-content\\\/uploads\\\/2026\\\/03\\\/1614666743370.jpg\",\"width\":800,\"height\":571,\"caption\":\"Anadolu Pet Grup\"},\"image\":{\"@id\":\"https:\\\/\\\/anadolupet.com.tr\\\/#\\\/schema\\\/logo\\\/image\\\/\"}}]}<\/script>\n<!-- \/ Yoast SEO plugin. -->","yoast_head_json":{"title":"Schesir Stix \u00d6rdekli Krem \u00d6d\u00fcl Mamas\u0131 12x6x15g - Anadolu Pet Grup","robots":{"index":"index","follow":"follow","max-snippet":"max-snippet:-1","max-image-preview":"max-image-preview:large","max-video-preview":"max-video-preview:-1"},"canonical":"https:\/\/anadolupet.com.tr\/en\/product\/schesir-stix-ordekli-krem-odul-mamasi-12x6x15g\/","og_locale":"en_US","og_type":"article","og_title":"Schesir Stix \u00d6rdekli Krem \u00d6d\u00fcl Mamas\u0131 12x6x15g - Anadolu Pet Grup","og_description":"Ger\u00e7ek \u00f6rdek ve tavuk etinden gelen protein bak\u0131m\u0131ndan zengin, p\u00fcr\u00fczs\u00fcz mousse k\u0131vam\u0131nda ek at\u0131\u015ft\u0131rmal\u0131k. 1.tat ve hidrasyon sa\u011flamak i\u00e7in tamamlay\u0131c\u0131 at\u0131\u015ft\u0131rmal\u0131k 2. ger\u00e7ek tavuk ve \u00f6rdek etinden elde edilen protein 3. yumu\u015fak, p\u00fcr\u00fczs\u00fcz mousse k\u0131vam\u0131nda 4. tah\u0131ls\u0131z 5. 6 mini porsiyonluk paket 6. tek ba\u015f\u0131na (do\u011frudan torbadan veya kasede) veya ba\u015fka bir yiyecekle kar\u0131\u015ft\u0131rarak servis edebilirsiniz. \u0130\u00c7\u0130NDEK\u0130LER: %60 \u00f6rdek suyu, %19 \u00f6rdek, %16 tavuk, tapiyoka ni\u015fastas\u0131, yumurta tozu, hidrolize tavuk ve ton bal\u0131\u011f\u0131 proteinleri, bal\u0131k \u00f6z\u00fc, mineraller. ANAL\u0130T\u0130K B\u0130LE\u015eENLER: protein %7,5, ham ya\u011f %0,5, ham k\u00fcl %0,5, ham sel\u00fcloz %0,1. Nem %89. KULLANIM TAL\u0130MATI: Tek ba\u015f\u0131na (do\u011frudan torbadan veya kasede) servis edin veya torban\u0131n \u00f6n y\u00fcz\u00fcnde g\u00f6sterildi\u011fi gibi ba\u015fka bir yiyecekle kar\u0131\u015ft\u0131r\u0131n. SAKLAMA Y\u00d6NTEM\u0130: Oda s\u0131cakl\u0131\u011f\u0131nda servis edin. A\u00e7\u0131ld\u0131ktan sonra buzdolab\u0131nda saklay\u0131n ve 48 saat i\u00e7inde t\u00fcketin.","og_url":"https:\/\/anadolupet.com.tr\/en\/product\/schesir-stix-ordekli-krem-odul-mamasi-12x6x15g\/","og_site_name":"Anadolu Pet Grup","article_modified_time":"2026-02-23T12:51:47+00:00","og_image":[{"width":750,"height":750,"url":"https:\/\/anadolupet.com.tr\/wp-content\/uploads\/2026\/02\/230-25231304_2.jpg","type":"image\/jpeg"}],"twitter_card":"summary_large_image","schema":{"@context":"https:\/\/schema.org","@graph":[{"@type":"WebPage","@id":"https:\/\/anadolupet.com.tr\/urun\/schesir-stix-ordekli-krem-odul-mamasi-12x6x15g\/","url":"https:\/\/anadolupet.com.tr\/urun\/schesir-stix-ordekli-krem-odul-mamasi-12x6x15g\/","name":"Schesir Stix \u00d6rdekli Krem \u00d6d\u00fcl Mamas\u0131 12x6x15g - Anadolu Pet Grup","isPartOf":{"@id":"https:\/\/anadolupet.com.tr\/#website"},"primaryImageOfPage":{"@id":"https:\/\/anadolupet.com.tr\/urun\/schesir-stix-ordekli-krem-odul-mamasi-12x6x15g\/#primaryimage"},"image":{"@id":"https:\/\/anadolupet.com.tr\/urun\/schesir-stix-ordekli-krem-odul-mamasi-12x6x15g\/#primaryimage"},"thumbnailUrl":"https:\/\/anadolupet.com.tr\/wp-content\/uploads\/2026\/02\/230-25231304_2.jpg","datePublished":"2026-02-14T14:45:48+00:00","dateModified":"2026-02-23T12:51:47+00:00","breadcrumb":{"@id":"https:\/\/anadolupet.com.tr\/urun\/schesir-stix-ordekli-krem-odul-mamasi-12x6x15g\/#breadcrumb"},"inLanguage":"en-US","potentialAction":[{"@type":"ReadAction","target":["https:\/\/anadolupet.com.tr\/urun\/schesir-stix-ordekli-krem-odul-mamasi-12x6x15g\/"]}]},{"@type":"ImageObject","inLanguage":"en-US","@id":"https:\/\/anadolupet.com.tr\/urun\/schesir-stix-ordekli-krem-odul-mamasi-12x6x15g\/#primaryimage","url":"https:\/\/anadolupet.com.tr\/wp-content\/uploads\/2026\/02\/230-25231304_2.jpg","contentUrl":"https:\/\/anadolupet.com.tr\/wp-content\/uploads\/2026\/02\/230-25231304_2.jpg","width":750,"height":750},{"@type":"BreadcrumbList","@id":"https:\/\/anadolupet.com.tr\/urun\/schesir-stix-ordekli-krem-odul-mamasi-12x6x15g\/#breadcrumb","itemListElement":[{"@type":"ListItem","position":1,"name":"Anasayfa","item":"https:\/\/anadolupet.com.tr\/"},{"@type":"ListItem","position":2,"name":"\u00dcr\u00fcnler","item":"https:\/\/anadolupet.com.tr\/urunler\/"},{"@type":"ListItem","position":3,"name":"Schesir Stix \u00d6rdekli Krem \u00d6d\u00fcl Mamas\u0131 12x6x15g"}]},{"@type":"WebSite","@id":"https:\/\/anadolupet.com.tr\/#website","url":"https:\/\/anadolupet.com.tr\/","name":"Anadolu Pet Group","description":"We Stand Together for the Well-Being of Every Life","publisher":{"@id":"https:\/\/anadolupet.com.tr\/#organization"},"potentialAction":[{"@type":"SearchAction","target":{"@type":"EntryPoint","urlTemplate":"https:\/\/anadolupet.com.tr\/?s={search_term_string}"},"query-input":{"@type":"PropertyValueSpecification","valueRequired":true,"valueName":"search_term_string"}}],"inLanguage":"en-US"},{"@type":"Organization","@id":"https:\/\/anadolupet.com.tr\/#organization","name":"Anadolu Pet Group","alternateName":"Anadolu Pet","url":"https:\/\/anadolupet.com.tr\/","logo":{"@type":"ImageObject","inLanguage":"en-US","@id":"https:\/\/anadolupet.com.tr\/#\/schema\/logo\/image\/","url":"https:\/\/anadolupet.com.tr\/wp-content\/uploads\/2026\/03\/1614666743370.jpg","contentUrl":"https:\/\/anadolupet.com.tr\/wp-content\/uploads\/2026\/03\/1614666743370.jpg","width":800,"height":571,"caption":"Anadolu Pet Grup"},"image":{"@id":"https:\/\/anadolupet.com.tr\/#\/schema\/logo\/image\/"}}]}},"_links":{"self":[{"href":"https:\/\/anadolupet.com.tr\/en\/wp-json\/wp\/v2\/product\/46123","targetHints":{"allow":["GET"]}}],"collection":[{"href":"https:\/\/anadolupet.com.tr\/en\/wp-json\/wp\/v2\/product"}],"about":[{"href":"https:\/\/anadolupet.com.tr\/en\/wp-json\/wp\/v2\/types\/product"}],"replies":[{"embeddable":true,"href":"https:\/\/anadolupet.com.tr\/en\/wp-json\/wp\/v2\/comments?post=46123"}],"wp:featuredmedia":[{"embeddable":true,"href":"https:\/\/anadolupet.com.tr\/en\/wp-json\/wp\/v2\/media\/43185"}],"wp:attachment":[{"href":"https:\/\/anadolupet.com.tr\/en\/wp-json\/wp\/v2\/media?parent=46123"}],"wp:term":[{"taxonomy":"product_brand","embeddable":true,"href":"https:\/\/anadolupet.com.tr\/en\/wp-json\/wp\/v2\/product_brand?post=46123"},{"taxonomy":"product_cat","embeddable":true,"href":"https:\/\/anadolupet.com.tr\/en\/wp-json\/wp\/v2\/product_cat?post=46123"},{"taxonomy":"product_tag","embeddable":true,"href":"https:\/\/anadolupet.com.tr\/en\/wp-json\/wp\/v2\/product_tag?post=46123"}],"curies":[{"name":"wp","href":"https:\/\/api.w.org\/{rel}","templated":true}]}}