{"id":46133,"date":"2026-02-14T14:45:50","date_gmt":"2026-02-14T14:45:50","guid":{"rendered":"https:\/\/anadolupet.com.tr\/urun\/schesir-tam-ve-dengeli-ton-baligi-ile-levrekli-jole-icinde-kedi-konservesi-multipack-6x50g\/"},"modified":"2026-02-23T12:51:48","modified_gmt":"2026-02-23T12:51:48","slug":"schesir-tam-ve-dengeli-ton-baligi-ile-levrekli-jole-icinde-kedi-konservesi-multipack-6x50g","status":"publish","type":"product","link":"https:\/\/anadolupet.com.tr\/en\/urun\/schesir-tam-ve-dengeli-ton-baligi-ile-levrekli-jole-icinde-kedi-konservesi-multipack-6x50g\/","title":{"rendered":"Schesir Tam ve Dengeli Ton Bal\u0131\u011f\u0131 ile Levrekli J\u00f6le \u0130\u00e7inde Kedi Konservesi Multipack 6x50g"},"content":{"rendered":"","protected":false},"excerpt":{"rendered":"<p>Schesir, y\u00fcksek kaliteli i\u00e7erikleri tam ve dengeli \u00f6\u011f\u00fcnlerde birle\u015ftirerek do\u011fal beslenmeyi ya\u015f kedi mamalar\u0131yla geli\u015ftirir.<br \/>\nHer tarif, kedinizin sa\u011fl\u0131\u011f\u0131 ve canl\u0131l\u0131\u011f\u0131 i\u00e7in gerekli olan vitaminler, mineraller ve taurin bak\u0131m\u0131ndan zengin olup kedinizin ihtiya\u00e7 duydu\u011fu t\u00fcm temel besin \u00f6\u011felerini sa\u011flamak \u00fczere tasarlanm\u0131\u015ft\u0131r. Ayn\u0131 zamanda en se\u00e7ici damak zevkini bile tatmin eden kar\u015f\u0131 konulmaz lezzet ve tazeli\u011fi korur.<br \/>\nSchesir, di\u011fer tam mamalardan farkl\u0131 olarak buharda pi\u015firilmi\u015f ve \u00f6zenle se\u00e7ilmi\u015f ton bal\u0131\u011f\u0131 filetolar\u0131ndan olu\u015fan, j\u00f6le veya et suyu bazl\u0131 ger\u00e7ek \u00f6\u011f\u00fcnler sunar.<br \/>\nTariflerimiz, tamamlay\u0131c\u0131 mamalardan daha y\u00fcksek besin de\u011feri sunarak dengeli bir beslenme sa\u011flar.<br \/>\n\u2022 Y\u00fcksek kaliteli do\u011fal i\u00e7erikler: Kediniz i\u00e7in sa\u011fl\u0131kl\u0131 ve lezzetli bir \u00f6\u011f\u00fcn sunmak amac\u0131yla yapay renklendirici veya koruyucu madde eklemeden yaln\u0131zca %100 do\u011fal i\u00e7erikler kullan\u0131yoruz. \u2022 Enfes levrekli j\u00f6le i\u00e7inde ton bal\u0131\u011f\u0131 filetolar\u0131: Tariflerimiz, en se\u00e7ici damak zevkine hitap etmek amac\u0131yla buharda pi\u015firilmi\u015f ve elle i\u015flenmi\u015f, y\u00fcksek kaliteli ton bal\u0131\u011f\u0131 filetolar\u0131 sunar.<br \/>\n\u2022 Y\u00fcksek besin profili: Kedinizin sa\u011fl\u0131\u011f\u0131n\u0131 ve genel iyilik halini desteklemek amac\u0131yla protein, vitamin ve temel minerallerin dengeli al\u0131m\u0131n\u0131 sa\u011flayarak besin i\u00e7eri\u011fini geli\u015ftirdik.<br \/>\n\u2022 Y\u00fcksek nem i\u00e7eri\u011fi: Y\u00fcksek nem oran\u0131, kedinizin hidrasyonunu destekler ve b\u00f6breklerin d\u00fczg\u00fcn \u00e7al\u0131\u015fmas\u0131na katk\u0131da bulunarak genel sa\u011fl\u0131\u011f\u0131na olumlu etki eder. \u2022 D\u00fc\u015f\u00fck karbonhidrat i\u00e7eri\u011fi: Form\u00fcllerimiz, kedilerin etobur do\u011fas\u0131na uygun, daha sa\u011fl\u0131kl\u0131 bir beslenme i\u00e7in azalt\u0131lm\u0131\u015f karbonhidrat i\u00e7eri\u011fine sahiptir.<br \/>\n\u2022 Y\u00fcksek protein i\u00e7eri\u011fi: \u00dcr\u00fcnlerimiz, ev kedilerimizin sa\u011fl\u0131kl\u0131 ve enerjik kalabilmesi i\u00e7in do\u011fal olarak ihtiya\u00e7 duydu\u011fu y\u00fcksek protein miktar\u0131n\u0131 kar\u015f\u0131layacak \u015fekilde form\u00fcle edilmi\u015ftir.<br \/>\nNeden kediniz i\u00e7in yeni ya\u015f mama serisini tercih etmelisiniz:<br \/>\n\u2022 Tat ve kalitede devaml\u0131l\u0131k: Besin profilini geli\u015ftirirken \u00fcr\u00fcnlerimizin duyusal \u00f6zelliklerini koruduk. B\u00f6ylece kediniz, zaten sevdi\u011fi tat ve dokular\u0131 tan\u0131maya devam eder.<br \/>\n\u2022 Gelenekten \u00f6d\u00fcn vermeyen yenilik: Yeni ambalaj tasar\u0131m\u0131, \u00fcr\u00fcn\u00fcn geli\u015fimini yans\u0131t\u0131rken Schesir\u2019i kedi sahiplerinin g\u00fcvendi\u011fi bir marka yapan kimli\u011fini korumaktad\u0131r.<br \/>\n\u2022 Rakiplerden ayr\u0131\u015fma: Do\u011fal i\u00e7eriklerin birle\u015fimi, yapay katk\u0131 maddelerinin olmamas\u0131 ve geli\u015ftirilmi\u015f besin profili, Schesir Complete Nutrition\u2019\u0131 benzersiz bir se\u00e7enek haline getirir.<br \/>\n\u0130\u00c7\u0130NDEK\u0130LER: ton bal\u0131\u011f\u0131 %51, levrek %4, rafine ay\u00e7i\u00e7ek ya\u011f\u0131 %2, pirin\u00e7 %1,5, mineraller.<br \/>\nANAL\u0130T\u0130K B\u0130LE\u015eENLER: protein %13, ham ya\u011f %2,5, ham k\u00fcl %1, ham sel\u00fcloz %0,5. Nem %82. KULLANIM TAL\u0130MATI: 4 kg = g\u00fcnde 3\u00bd konserve<br \/>\n6 kg = g\u00fcnde 4\u00bd konserve<br \/>\n8 kg = g\u00fcnde 5\u00bd konserve<br \/>\nSAKLAMA Y\u00d6NTEM\u0130: Oda s\u0131cakl\u0131\u011f\u0131nda servis edin. A\u00e7\u0131ld\u0131ktan sonra buzdolab\u0131nda saklay\u0131n ve 48 saat i\u00e7inde t\u00fcketin.<\/p>","protected":false},"featured_media":42958,"comment_status":"open","ping_status":"closed","template":"","meta":{"_acf_changed":false},"product_brand":[],"product_cat":[2436],"product_tag":[],"class_list":{"0":"post-46133","1":"product","2":"type-product","3":"status-publish","4":"has-post-thumbnail","6":"product_cat-stix","8":"first","9":"instock","10":"shipping-taxable","11":"product-type-simple"},"acf":[],"yoast_head":"<!-- This site is optimized with the Yoast SEO plugin v27.4 - https:\/\/yoast.com\/product\/yoast-seo-wordpress\/ -->\n<title>Schesir Tam ve Dengeli Ton Bal\u0131\u011f\u0131 ile Levrekli J\u00f6le \u0130\u00e7inde Kedi Konservesi Multipack 6x50g - Anadolu Pet Grup<\/title>\n<meta name=\"robots\" content=\"index, follow, max-snippet:-1, max-image-preview:large, max-video-preview:-1\" \/>\n<link rel=\"canonical\" href=\"https:\/\/anadolupet.com.tr\/en\/product\/schesir-tam-ve-dengeli-ton-baligi-ile-levrekli-jole-icinde-kedi-konservesi-multipack-6x50g\/\" \/>\n<meta property=\"og:locale\" content=\"en_US\" \/>\n<meta property=\"og:type\" content=\"article\" \/>\n<meta property=\"og:title\" content=\"Schesir Tam ve Dengeli Ton Bal\u0131\u011f\u0131 ile Levrekli J\u00f6le \u0130\u00e7inde Kedi Konservesi Multipack 6x50g - Anadolu Pet Grup\" \/>\n<meta property=\"og:description\" content=\"Schesir, y\u00fcksek kaliteli i\u00e7erikleri tam ve dengeli \u00f6\u011f\u00fcnlerde birle\u015ftirerek do\u011fal beslenmeyi ya\u015f kedi mamalar\u0131yla geli\u015ftirir. Her tarif, kedinizin sa\u011fl\u0131\u011f\u0131 ve canl\u0131l\u0131\u011f\u0131 i\u00e7in gerekli olan vitaminler, mineraller ve taurin bak\u0131m\u0131ndan zengin olup kedinizin ihtiya\u00e7 duydu\u011fu t\u00fcm temel besin \u00f6\u011felerini sa\u011flamak \u00fczere tasarlanm\u0131\u015ft\u0131r. Ayn\u0131 zamanda en se\u00e7ici damak zevkini bile tatmin eden kar\u015f\u0131 konulmaz lezzet ve tazeli\u011fi korur. Schesir, di\u011fer tam mamalardan farkl\u0131 olarak buharda pi\u015firilmi\u015f ve \u00f6zenle se\u00e7ilmi\u015f ton bal\u0131\u011f\u0131 filetolar\u0131ndan olu\u015fan, j\u00f6le veya et suyu bazl\u0131 ger\u00e7ek \u00f6\u011f\u00fcnler sunar. Tariflerimiz, tamamlay\u0131c\u0131 mamalardan daha y\u00fcksek besin de\u011feri sunarak dengeli bir beslenme sa\u011flar. \u2022 Y\u00fcksek kaliteli do\u011fal i\u00e7erikler: Kediniz i\u00e7in sa\u011fl\u0131kl\u0131 ve lezzetli bir \u00f6\u011f\u00fcn sunmak amac\u0131yla yapay renklendirici veya koruyucu madde eklemeden yaln\u0131zca %100 do\u011fal i\u00e7erikler kullan\u0131yoruz. \u2022 Enfes levrekli j\u00f6le i\u00e7inde ton bal\u0131\u011f\u0131 filetolar\u0131: Tariflerimiz, en se\u00e7ici damak zevkine hitap etmek amac\u0131yla buharda pi\u015firilmi\u015f ve elle i\u015flenmi\u015f, y\u00fcksek kaliteli ton bal\u0131\u011f\u0131 filetolar\u0131 sunar. \u2022 Y\u00fcksek besin profili: Kedinizin sa\u011fl\u0131\u011f\u0131n\u0131 ve genel iyilik halini desteklemek amac\u0131yla protein, vitamin ve temel minerallerin dengeli al\u0131m\u0131n\u0131 sa\u011flayarak besin i\u00e7eri\u011fini geli\u015ftirdik. \u2022 Y\u00fcksek nem i\u00e7eri\u011fi: Y\u00fcksek nem oran\u0131, kedinizin hidrasyonunu destekler ve b\u00f6breklerin d\u00fczg\u00fcn \u00e7al\u0131\u015fmas\u0131na katk\u0131da bulunarak genel sa\u011fl\u0131\u011f\u0131na olumlu etki eder. \u2022 D\u00fc\u015f\u00fck karbonhidrat i\u00e7eri\u011fi: Form\u00fcllerimiz, kedilerin etobur do\u011fas\u0131na uygun, daha sa\u011fl\u0131kl\u0131 bir beslenme i\u00e7in azalt\u0131lm\u0131\u015f karbonhidrat i\u00e7eri\u011fine sahiptir. \u2022 Y\u00fcksek protein i\u00e7eri\u011fi: \u00dcr\u00fcnlerimiz, ev kedilerimizin sa\u011fl\u0131kl\u0131 ve enerjik kalabilmesi i\u00e7in do\u011fal olarak ihtiya\u00e7 duydu\u011fu y\u00fcksek protein miktar\u0131n\u0131 kar\u015f\u0131layacak \u015fekilde form\u00fcle edilmi\u015ftir. Neden kediniz i\u00e7in yeni ya\u015f mama serisini tercih etmelisiniz: \u2022 Tat ve kalitede devaml\u0131l\u0131k: Besin profilini geli\u015ftirirken \u00fcr\u00fcnlerimizin duyusal \u00f6zelliklerini koruduk. B\u00f6ylece kediniz, zaten sevdi\u011fi tat ve dokular\u0131 tan\u0131maya devam eder. \u2022 Gelenekten \u00f6d\u00fcn vermeyen yenilik: Yeni ambalaj tasar\u0131m\u0131, \u00fcr\u00fcn\u00fcn geli\u015fimini yans\u0131t\u0131rken Schesir\u2019i kedi sahiplerinin g\u00fcvendi\u011fi bir marka yapan kimli\u011fini korumaktad\u0131r. \u2022 Rakiplerden ayr\u0131\u015fma: Do\u011fal i\u00e7eriklerin birle\u015fimi, yapay katk\u0131 maddelerinin olmamas\u0131 ve geli\u015ftirilmi\u015f besin profili, Schesir Complete Nutrition\u2019\u0131 benzersiz bir se\u00e7enek haline getirir. \u0130\u00c7\u0130NDEK\u0130LER: ton bal\u0131\u011f\u0131 %51, levrek %4, rafine ay\u00e7i\u00e7ek ya\u011f\u0131 %2, pirin\u00e7 %1,5, mineraller. ANAL\u0130T\u0130K B\u0130LE\u015eENLER: protein %13, ham ya\u011f %2,5, ham k\u00fcl %1, ham sel\u00fcloz %0,5. Nem %82. KULLANIM TAL\u0130MATI: 4 kg = g\u00fcnde 3\u00bd konserve 6 kg = g\u00fcnde 4\u00bd konserve 8 kg = g\u00fcnde 5\u00bd konserve SAKLAMA Y\u00d6NTEM\u0130: Oda s\u0131cakl\u0131\u011f\u0131nda servis edin. A\u00e7\u0131ld\u0131ktan sonra buzdolab\u0131nda saklay\u0131n ve 48 saat i\u00e7inde t\u00fcketin.\" \/>\n<meta property=\"og:url\" content=\"https:\/\/anadolupet.com.tr\/en\/product\/schesir-tam-ve-dengeli-ton-baligi-ile-levrekli-jole-icinde-kedi-konservesi-multipack-6x50g\/\" \/>\n<meta property=\"og:site_name\" content=\"Anadolu Pet Grup\" \/>\n<meta property=\"article:modified_time\" content=\"2026-02-23T12:51:48+00:00\" \/>\n<meta property=\"og:image\" content=\"https:\/\/anadolupet.com.tr\/wp-content\/uploads\/2026\/02\/230-21120504_2.jpg\" \/>\n\t<meta property=\"og:image:width\" content=\"750\" \/>\n\t<meta property=\"og:image:height\" content=\"750\" \/>\n\t<meta property=\"og:image:type\" content=\"image\/jpeg\" \/>\n<meta name=\"twitter:card\" content=\"summary_large_image\" \/>\n<script type=\"application\/ld+json\" class=\"yoast-schema-graph\">{\"@context\":\"https:\\\/\\\/schema.org\",\"@graph\":[{\"@type\":\"WebPage\",\"@id\":\"https:\\\/\\\/anadolupet.com.tr\\\/en\\\/product\\\/schesir-tam-ve-dengeli-ton-baligi-ile-levrekli-jole-icinde-kedi-konservesi-multipack-6x50g\\\/\",\"url\":\"https:\\\/\\\/anadolupet.com.tr\\\/en\\\/product\\\/schesir-tam-ve-dengeli-ton-baligi-ile-levrekli-jole-icinde-kedi-konservesi-multipack-6x50g\\\/\",\"name\":\"Schesir Tam ve Dengeli Ton Bal\u0131\u011f\u0131 ile Levrekli J\u00f6le \u0130\u00e7inde Kedi Konservesi Multipack 6x50g - Anadolu Pet Grup\",\"isPartOf\":{\"@id\":\"https:\\\/\\\/anadolupet.com.tr\\\/#website\"},\"primaryImageOfPage\":{\"@id\":\"https:\\\/\\\/anadolupet.com.tr\\\/en\\\/product\\\/schesir-tam-ve-dengeli-ton-baligi-ile-levrekli-jole-icinde-kedi-konservesi-multipack-6x50g\\\/#primaryimage\"},\"image\":{\"@id\":\"https:\\\/\\\/anadolupet.com.tr\\\/en\\\/product\\\/schesir-tam-ve-dengeli-ton-baligi-ile-levrekli-jole-icinde-kedi-konservesi-multipack-6x50g\\\/#primaryimage\"},\"thumbnailUrl\":\"https:\\\/\\\/anadolupet.com.tr\\\/wp-content\\\/uploads\\\/2026\\\/02\\\/230-21120504_2.jpg\",\"datePublished\":\"2026-02-14T14:45:50+00:00\",\"dateModified\":\"2026-02-23T12:51:48+00:00\",\"breadcrumb\":{\"@id\":\"https:\\\/\\\/anadolupet.com.tr\\\/en\\\/product\\\/schesir-tam-ve-dengeli-ton-baligi-ile-levrekli-jole-icinde-kedi-konservesi-multipack-6x50g\\\/#breadcrumb\"},\"inLanguage\":\"en-US\",\"potentialAction\":[{\"@type\":\"ReadAction\",\"target\":[\"https:\\\/\\\/anadolupet.com.tr\\\/en\\\/product\\\/schesir-tam-ve-dengeli-ton-baligi-ile-levrekli-jole-icinde-kedi-konservesi-multipack-6x50g\\\/\"]}]},{\"@type\":\"ImageObject\",\"inLanguage\":\"en-US\",\"@id\":\"https:\\\/\\\/anadolupet.com.tr\\\/en\\\/product\\\/schesir-tam-ve-dengeli-ton-baligi-ile-levrekli-jole-icinde-kedi-konservesi-multipack-6x50g\\\/#primaryimage\",\"url\":\"https:\\\/\\\/anadolupet.com.tr\\\/wp-content\\\/uploads\\\/2026\\\/02\\\/230-21120504_2.jpg\",\"contentUrl\":\"https:\\\/\\\/anadolupet.com.tr\\\/wp-content\\\/uploads\\\/2026\\\/02\\\/230-21120504_2.jpg\",\"width\":750,\"height\":750},{\"@type\":\"BreadcrumbList\",\"@id\":\"https:\\\/\\\/anadolupet.com.tr\\\/en\\\/product\\\/schesir-tam-ve-dengeli-ton-baligi-ile-levrekli-jole-icinde-kedi-konservesi-multipack-6x50g\\\/#breadcrumb\",\"itemListElement\":[{\"@type\":\"ListItem\",\"position\":1,\"name\":\"Anasayfa\",\"item\":\"https:\\\/\\\/anadolupet.com.tr\\\/\"},{\"@type\":\"ListItem\",\"position\":2,\"name\":\"\u00dcr\u00fcnler\",\"item\":\"https:\\\/\\\/anadolupet.com.tr\\\/urunler\\\/\"},{\"@type\":\"ListItem\",\"position\":3,\"name\":\"Schesir Tam ve Dengeli Ton Bal\u0131\u011f\u0131 ile Levrekli J\u00f6le \u0130\u00e7inde Kedi Konservesi Multipack 6x50g\"}]},{\"@type\":\"WebSite\",\"@id\":\"https:\\\/\\\/anadolupet.com.tr\\\/#website\",\"url\":\"https:\\\/\\\/anadolupet.com.tr\\\/\",\"name\":\"Anadolu Pet Grup\",\"description\":\"Her Can\u0131n \u0130yi Ya\u015fam\u0131 \u0130\u00e7in Biraraday\u0131z\",\"publisher\":{\"@id\":\"https:\\\/\\\/anadolupet.com.tr\\\/#organization\"},\"potentialAction\":[{\"@type\":\"SearchAction\",\"target\":{\"@type\":\"EntryPoint\",\"urlTemplate\":\"https:\\\/\\\/anadolupet.com.tr\\\/?s={search_term_string}\"},\"query-input\":{\"@type\":\"PropertyValueSpecification\",\"valueRequired\":true,\"valueName\":\"search_term_string\"}}],\"inLanguage\":\"en-US\"},{\"@type\":\"Organization\",\"@id\":\"https:\\\/\\\/anadolupet.com.tr\\\/#organization\",\"name\":\"Anadolu Pet Grup\",\"alternateName\":\"Anadolu Pet\",\"url\":\"https:\\\/\\\/anadolupet.com.tr\\\/\",\"logo\":{\"@type\":\"ImageObject\",\"inLanguage\":\"en-US\",\"@id\":\"https:\\\/\\\/anadolupet.com.tr\\\/#\\\/schema\\\/logo\\\/image\\\/\",\"url\":\"https:\\\/\\\/anadolupet.com.tr\\\/wp-content\\\/uploads\\\/2026\\\/03\\\/1614666743370.jpg\",\"contentUrl\":\"https:\\\/\\\/anadolupet.com.tr\\\/wp-content\\\/uploads\\\/2026\\\/03\\\/1614666743370.jpg\",\"width\":800,\"height\":571,\"caption\":\"Anadolu Pet Grup\"},\"image\":{\"@id\":\"https:\\\/\\\/anadolupet.com.tr\\\/#\\\/schema\\\/logo\\\/image\\\/\"}}]}<\/script>\n<!-- \/ Yoast SEO plugin. -->","yoast_head_json":{"title":"Schesir Tam ve Dengeli Ton Bal\u0131\u011f\u0131 ile Levrekli J\u00f6le \u0130\u00e7inde Kedi Konservesi Multipack 6x50g - Anadolu Pet Grup","robots":{"index":"index","follow":"follow","max-snippet":"max-snippet:-1","max-image-preview":"max-image-preview:large","max-video-preview":"max-video-preview:-1"},"canonical":"https:\/\/anadolupet.com.tr\/en\/product\/schesir-tam-ve-dengeli-ton-baligi-ile-levrekli-jole-icinde-kedi-konservesi-multipack-6x50g\/","og_locale":"en_US","og_type":"article","og_title":"Schesir Tam ve Dengeli Ton Bal\u0131\u011f\u0131 ile Levrekli J\u00f6le \u0130\u00e7inde Kedi Konservesi Multipack 6x50g - Anadolu Pet Grup","og_description":"Schesir, y\u00fcksek kaliteli i\u00e7erikleri tam ve dengeli \u00f6\u011f\u00fcnlerde birle\u015ftirerek do\u011fal beslenmeyi ya\u015f kedi mamalar\u0131yla geli\u015ftirir. Her tarif, kedinizin sa\u011fl\u0131\u011f\u0131 ve canl\u0131l\u0131\u011f\u0131 i\u00e7in gerekli olan vitaminler, mineraller ve taurin bak\u0131m\u0131ndan zengin olup kedinizin ihtiya\u00e7 duydu\u011fu t\u00fcm temel besin \u00f6\u011felerini sa\u011flamak \u00fczere tasarlanm\u0131\u015ft\u0131r. Ayn\u0131 zamanda en se\u00e7ici damak zevkini bile tatmin eden kar\u015f\u0131 konulmaz lezzet ve tazeli\u011fi korur. Schesir, di\u011fer tam mamalardan farkl\u0131 olarak buharda pi\u015firilmi\u015f ve \u00f6zenle se\u00e7ilmi\u015f ton bal\u0131\u011f\u0131 filetolar\u0131ndan olu\u015fan, j\u00f6le veya et suyu bazl\u0131 ger\u00e7ek \u00f6\u011f\u00fcnler sunar. Tariflerimiz, tamamlay\u0131c\u0131 mamalardan daha y\u00fcksek besin de\u011feri sunarak dengeli bir beslenme sa\u011flar. \u2022 Y\u00fcksek kaliteli do\u011fal i\u00e7erikler: Kediniz i\u00e7in sa\u011fl\u0131kl\u0131 ve lezzetli bir \u00f6\u011f\u00fcn sunmak amac\u0131yla yapay renklendirici veya koruyucu madde eklemeden yaln\u0131zca %100 do\u011fal i\u00e7erikler kullan\u0131yoruz. \u2022 Enfes levrekli j\u00f6le i\u00e7inde ton bal\u0131\u011f\u0131 filetolar\u0131: Tariflerimiz, en se\u00e7ici damak zevkine hitap etmek amac\u0131yla buharda pi\u015firilmi\u015f ve elle i\u015flenmi\u015f, y\u00fcksek kaliteli ton bal\u0131\u011f\u0131 filetolar\u0131 sunar. \u2022 Y\u00fcksek besin profili: Kedinizin sa\u011fl\u0131\u011f\u0131n\u0131 ve genel iyilik halini desteklemek amac\u0131yla protein, vitamin ve temel minerallerin dengeli al\u0131m\u0131n\u0131 sa\u011flayarak besin i\u00e7eri\u011fini geli\u015ftirdik. \u2022 Y\u00fcksek nem i\u00e7eri\u011fi: Y\u00fcksek nem oran\u0131, kedinizin hidrasyonunu destekler ve b\u00f6breklerin d\u00fczg\u00fcn \u00e7al\u0131\u015fmas\u0131na katk\u0131da bulunarak genel sa\u011fl\u0131\u011f\u0131na olumlu etki eder. \u2022 D\u00fc\u015f\u00fck karbonhidrat i\u00e7eri\u011fi: Form\u00fcllerimiz, kedilerin etobur do\u011fas\u0131na uygun, daha sa\u011fl\u0131kl\u0131 bir beslenme i\u00e7in azalt\u0131lm\u0131\u015f karbonhidrat i\u00e7eri\u011fine sahiptir. \u2022 Y\u00fcksek protein i\u00e7eri\u011fi: \u00dcr\u00fcnlerimiz, ev kedilerimizin sa\u011fl\u0131kl\u0131 ve enerjik kalabilmesi i\u00e7in do\u011fal olarak ihtiya\u00e7 duydu\u011fu y\u00fcksek protein miktar\u0131n\u0131 kar\u015f\u0131layacak \u015fekilde form\u00fcle edilmi\u015ftir. Neden kediniz i\u00e7in yeni ya\u015f mama serisini tercih etmelisiniz: \u2022 Tat ve kalitede devaml\u0131l\u0131k: Besin profilini geli\u015ftirirken \u00fcr\u00fcnlerimizin duyusal \u00f6zelliklerini koruduk. B\u00f6ylece kediniz, zaten sevdi\u011fi tat ve dokular\u0131 tan\u0131maya devam eder. \u2022 Gelenekten \u00f6d\u00fcn vermeyen yenilik: Yeni ambalaj tasar\u0131m\u0131, \u00fcr\u00fcn\u00fcn geli\u015fimini yans\u0131t\u0131rken Schesir\u2019i kedi sahiplerinin g\u00fcvendi\u011fi bir marka yapan kimli\u011fini korumaktad\u0131r. \u2022 Rakiplerden ayr\u0131\u015fma: Do\u011fal i\u00e7eriklerin birle\u015fimi, yapay katk\u0131 maddelerinin olmamas\u0131 ve geli\u015ftirilmi\u015f besin profili, Schesir Complete Nutrition\u2019\u0131 benzersiz bir se\u00e7enek haline getirir. \u0130\u00c7\u0130NDEK\u0130LER: ton bal\u0131\u011f\u0131 %51, levrek %4, rafine ay\u00e7i\u00e7ek ya\u011f\u0131 %2, pirin\u00e7 %1,5, mineraller. ANAL\u0130T\u0130K B\u0130LE\u015eENLER: protein %13, ham ya\u011f %2,5, ham k\u00fcl %1, ham sel\u00fcloz %0,5. Nem %82. KULLANIM TAL\u0130MATI: 4 kg = g\u00fcnde 3\u00bd konserve 6 kg = g\u00fcnde 4\u00bd konserve 8 kg = g\u00fcnde 5\u00bd konserve SAKLAMA Y\u00d6NTEM\u0130: Oda s\u0131cakl\u0131\u011f\u0131nda servis edin. A\u00e7\u0131ld\u0131ktan sonra buzdolab\u0131nda saklay\u0131n ve 48 saat i\u00e7inde t\u00fcketin.","og_url":"https:\/\/anadolupet.com.tr\/en\/product\/schesir-tam-ve-dengeli-ton-baligi-ile-levrekli-jole-icinde-kedi-konservesi-multipack-6x50g\/","og_site_name":"Anadolu Pet Grup","article_modified_time":"2026-02-23T12:51:48+00:00","og_image":[{"width":750,"height":750,"url":"https:\/\/anadolupet.com.tr\/wp-content\/uploads\/2026\/02\/230-21120504_2.jpg","type":"image\/jpeg"}],"twitter_card":"summary_large_image","schema":{"@context":"https:\/\/schema.org","@graph":[{"@type":"WebPage","@id":"https:\/\/anadolupet.com.tr\/en\/product\/schesir-tam-ve-dengeli-ton-baligi-ile-levrekli-jole-icinde-kedi-konservesi-multipack-6x50g\/","url":"https:\/\/anadolupet.com.tr\/en\/product\/schesir-tam-ve-dengeli-ton-baligi-ile-levrekli-jole-icinde-kedi-konservesi-multipack-6x50g\/","name":"Schesir Tam ve Dengeli Ton Bal\u0131\u011f\u0131 ile Levrekli J\u00f6le \u0130\u00e7inde Kedi Konservesi Multipack 6x50g - Anadolu Pet Grup","isPartOf":{"@id":"https:\/\/anadolupet.com.tr\/#website"},"primaryImageOfPage":{"@id":"https:\/\/anadolupet.com.tr\/en\/product\/schesir-tam-ve-dengeli-ton-baligi-ile-levrekli-jole-icinde-kedi-konservesi-multipack-6x50g\/#primaryimage"},"image":{"@id":"https:\/\/anadolupet.com.tr\/en\/product\/schesir-tam-ve-dengeli-ton-baligi-ile-levrekli-jole-icinde-kedi-konservesi-multipack-6x50g\/#primaryimage"},"thumbnailUrl":"https:\/\/anadolupet.com.tr\/wp-content\/uploads\/2026\/02\/230-21120504_2.jpg","datePublished":"2026-02-14T14:45:50+00:00","dateModified":"2026-02-23T12:51:48+00:00","breadcrumb":{"@id":"https:\/\/anadolupet.com.tr\/en\/product\/schesir-tam-ve-dengeli-ton-baligi-ile-levrekli-jole-icinde-kedi-konservesi-multipack-6x50g\/#breadcrumb"},"inLanguage":"en-US","potentialAction":[{"@type":"ReadAction","target":["https:\/\/anadolupet.com.tr\/en\/product\/schesir-tam-ve-dengeli-ton-baligi-ile-levrekli-jole-icinde-kedi-konservesi-multipack-6x50g\/"]}]},{"@type":"ImageObject","inLanguage":"en-US","@id":"https:\/\/anadolupet.com.tr\/en\/product\/schesir-tam-ve-dengeli-ton-baligi-ile-levrekli-jole-icinde-kedi-konservesi-multipack-6x50g\/#primaryimage","url":"https:\/\/anadolupet.com.tr\/wp-content\/uploads\/2026\/02\/230-21120504_2.jpg","contentUrl":"https:\/\/anadolupet.com.tr\/wp-content\/uploads\/2026\/02\/230-21120504_2.jpg","width":750,"height":750},{"@type":"BreadcrumbList","@id":"https:\/\/anadolupet.com.tr\/en\/product\/schesir-tam-ve-dengeli-ton-baligi-ile-levrekli-jole-icinde-kedi-konservesi-multipack-6x50g\/#breadcrumb","itemListElement":[{"@type":"ListItem","position":1,"name":"Anasayfa","item":"https:\/\/anadolupet.com.tr\/"},{"@type":"ListItem","position":2,"name":"\u00dcr\u00fcnler","item":"https:\/\/anadolupet.com.tr\/urunler\/"},{"@type":"ListItem","position":3,"name":"Schesir Tam ve Dengeli Ton Bal\u0131\u011f\u0131 ile Levrekli J\u00f6le \u0130\u00e7inde Kedi Konservesi Multipack 6x50g"}]},{"@type":"WebSite","@id":"https:\/\/anadolupet.com.tr\/#website","url":"https:\/\/anadolupet.com.tr\/","name":"Anadolu Pet Group","description":"We Stand Together for the Well-Being of Every Life","publisher":{"@id":"https:\/\/anadolupet.com.tr\/#organization"},"potentialAction":[{"@type":"SearchAction","target":{"@type":"EntryPoint","urlTemplate":"https:\/\/anadolupet.com.tr\/?s={search_term_string}"},"query-input":{"@type":"PropertyValueSpecification","valueRequired":true,"valueName":"search_term_string"}}],"inLanguage":"en-US"},{"@type":"Organization","@id":"https:\/\/anadolupet.com.tr\/#organization","name":"Anadolu Pet Group","alternateName":"Anadolu Pet","url":"https:\/\/anadolupet.com.tr\/","logo":{"@type":"ImageObject","inLanguage":"en-US","@id":"https:\/\/anadolupet.com.tr\/#\/schema\/logo\/image\/","url":"https:\/\/anadolupet.com.tr\/wp-content\/uploads\/2026\/03\/1614666743370.jpg","contentUrl":"https:\/\/anadolupet.com.tr\/wp-content\/uploads\/2026\/03\/1614666743370.jpg","width":800,"height":571,"caption":"Anadolu Pet Grup"},"image":{"@id":"https:\/\/anadolupet.com.tr\/#\/schema\/logo\/image\/"}}]}},"_links":{"self":[{"href":"https:\/\/anadolupet.com.tr\/en\/wp-json\/wp\/v2\/product\/46133","targetHints":{"allow":["GET"]}}],"collection":[{"href":"https:\/\/anadolupet.com.tr\/en\/wp-json\/wp\/v2\/product"}],"about":[{"href":"https:\/\/anadolupet.com.tr\/en\/wp-json\/wp\/v2\/types\/product"}],"replies":[{"embeddable":true,"href":"https:\/\/anadolupet.com.tr\/en\/wp-json\/wp\/v2\/comments?post=46133"}],"wp:featuredmedia":[{"embeddable":true,"href":"https:\/\/anadolupet.com.tr\/en\/wp-json\/wp\/v2\/media\/42958"}],"wp:attachment":[{"href":"https:\/\/anadolupet.com.tr\/en\/wp-json\/wp\/v2\/media?parent=46133"}],"wp:term":[{"taxonomy":"product_brand","embeddable":true,"href":"https:\/\/anadolupet.com.tr\/en\/wp-json\/wp\/v2\/product_brand?post=46133"},{"taxonomy":"product_cat","embeddable":true,"href":"https:\/\/anadolupet.com.tr\/en\/wp-json\/wp\/v2\/product_cat?post=46133"},{"taxonomy":"product_tag","embeddable":true,"href":"https:\/\/anadolupet.com.tr\/en\/wp-json\/wp\/v2\/product_tag?post=46133"}],"curies":[{"name":"wp","href":"https:\/\/api.w.org\/{rel}","templated":true}]}}