{"id":46143,"date":"2026-02-14T14:45:51","date_gmt":"2026-02-14T14:45:51","guid":{"rendered":"https:\/\/anadolupet.com.tr\/urun\/schesir-tamamlayici-sardalyali-sos-icinde-kedi-konservesi-70g\/"},"modified":"2026-02-23T12:51:49","modified_gmt":"2026-02-23T12:51:49","slug":"schesir-tamamlayici-sardalyali-sos-icinde-kedi-konservesi-70g","status":"publish","type":"product","link":"https:\/\/anadolupet.com.tr\/en\/urun\/schesir-tamamlayici-sardalyali-sos-icinde-kedi-konservesi-70g\/","title":{"rendered":"Schesir Tamamlay\u0131c\u0131 Sardalyal\u0131 Sos \u0130\u00e7inde Kedi Konservesi 70g"},"content":{"rendered":"","protected":false},"excerpt":{"rendered":"<p>Kedilerin bal\u0131\u011fa bay\u0131ld\u0131\u011f\u0131n\u0131 Schesir olarak \u00e7ok iyi biliyoruz. Ger\u00e7ek sardalya par\u00e7alar\u0131n\u0131n lezzetli ve sulu bir sos i\u00e7inde pi\u015firilmesiyle haz\u0131rlanan tarifimiz, kedilerinizin yeni tutkusu olacak ve onsuz yapamayacaklar. D\u00fc\u015f\u00fck \u0131s\u0131da pi\u015firme y\u00f6ntemimiz ve elle i\u015fleme s\u00fcrecimiz sayesinde \u00fcr\u00fcn, besin de\u011ferini ve duyusal \u00f6zelliklerini koruyarak kediniz i\u00e7in maksimum besleyicilik ve lezzet sunar.<br \/>\n1. %100 do\u011fal i\u00e7erikler, minimum d\u00fczeyde i\u015flenmi\u015f<br \/>\n2. Tah\u0131ls\u0131z<br \/>\n3. Buharda pi\u015firilmi\u015f ve elle i\u015flenmi\u015f<br \/>\n4. Koruyucu veya renklendirici i\u00e7ermez<br \/>\n5. %100 geri d\u00f6n\u00fc\u015ft\u00fcr\u00fclebilir ambalaj<br \/>\n\u0130\u00c7\u0130NDEK\u0130LER: sardalya %60, sardalya sosu, tapiyoka ni\u015fastas\u0131, k\u0131rm\u0131z\u0131 biber.<br \/>\nANAL\u0130T\u0130K B\u0130LE\u015eENLER: protein %11,5, ham ya\u011f %6,5, ham sel\u00fcloz %0,5, ham k\u00fcl %2,5. Nem %79.<br \/>\nKULLANIM TAL\u0130MATI: Tam kuru mamayla beraber g\u00fcnde en fazla 2 konserve.<br \/>\nSAKLAMA Y\u00d6NTEM\u0130: Oda s\u0131cakl\u0131\u011f\u0131nda servis edin. A\u00e7\u0131ld\u0131ktan sonra buzdolab\u0131nda saklay\u0131n ve 48 saat i\u00e7inde t\u00fcketin.<\/p>","protected":false},"featured_media":42918,"comment_status":"open","ping_status":"closed","template":"","meta":{"_acf_changed":false},"product_brand":[],"product_cat":[2436],"product_tag":[],"class_list":{"0":"post-46143","1":"product","2":"type-product","3":"status-publish","4":"has-post-thumbnail","6":"product_cat-stix","8":"first","9":"instock","10":"shipping-taxable","11":"product-type-simple"},"acf":[],"yoast_head":"<!-- This site is optimized with the Yoast SEO plugin v27.4 - https:\/\/yoast.com\/product\/yoast-seo-wordpress\/ -->\n<title>Schesir Tamamlay\u0131c\u0131 Sardalyal\u0131 Sos \u0130\u00e7inde Kedi Konservesi 70g - Anadolu Pet Grup<\/title>\n<meta name=\"robots\" content=\"index, follow, max-snippet:-1, max-image-preview:large, max-video-preview:-1\" \/>\n<link rel=\"canonical\" href=\"https:\/\/anadolupet.com.tr\/en\/product\/schesir-tamamlayici-sardalyali-sos-icinde-kedi-konservesi-70g\/\" \/>\n<meta property=\"og:locale\" content=\"en_US\" \/>\n<meta property=\"og:type\" content=\"article\" \/>\n<meta property=\"og:title\" content=\"Schesir Tamamlay\u0131c\u0131 Sardalyal\u0131 Sos \u0130\u00e7inde Kedi Konservesi 70g - Anadolu Pet Grup\" \/>\n<meta property=\"og:description\" content=\"Kedilerin bal\u0131\u011fa bay\u0131ld\u0131\u011f\u0131n\u0131 Schesir olarak \u00e7ok iyi biliyoruz. Ger\u00e7ek sardalya par\u00e7alar\u0131n\u0131n lezzetli ve sulu bir sos i\u00e7inde pi\u015firilmesiyle haz\u0131rlanan tarifimiz, kedilerinizin yeni tutkusu olacak ve onsuz yapamayacaklar. D\u00fc\u015f\u00fck \u0131s\u0131da pi\u015firme y\u00f6ntemimiz ve elle i\u015fleme s\u00fcrecimiz sayesinde \u00fcr\u00fcn, besin de\u011ferini ve duyusal \u00f6zelliklerini koruyarak kediniz i\u00e7in maksimum besleyicilik ve lezzet sunar. 1. %100 do\u011fal i\u00e7erikler, minimum d\u00fczeyde i\u015flenmi\u015f 2. Tah\u0131ls\u0131z 3. Buharda pi\u015firilmi\u015f ve elle i\u015flenmi\u015f 4. Koruyucu veya renklendirici i\u00e7ermez 5. %100 geri d\u00f6n\u00fc\u015ft\u00fcr\u00fclebilir ambalaj \u0130\u00c7\u0130NDEK\u0130LER: sardalya %60, sardalya sosu, tapiyoka ni\u015fastas\u0131, k\u0131rm\u0131z\u0131 biber. ANAL\u0130T\u0130K B\u0130LE\u015eENLER: protein %11,5, ham ya\u011f %6,5, ham sel\u00fcloz %0,5, ham k\u00fcl %2,5. Nem %79. KULLANIM TAL\u0130MATI: Tam kuru mamayla beraber g\u00fcnde en fazla 2 konserve. SAKLAMA Y\u00d6NTEM\u0130: Oda s\u0131cakl\u0131\u011f\u0131nda servis edin. A\u00e7\u0131ld\u0131ktan sonra buzdolab\u0131nda saklay\u0131n ve 48 saat i\u00e7inde t\u00fcketin.\" \/>\n<meta property=\"og:url\" content=\"https:\/\/anadolupet.com.tr\/en\/product\/schesir-tamamlayici-sardalyali-sos-icinde-kedi-konservesi-70g\/\" \/>\n<meta property=\"og:site_name\" content=\"Anadolu Pet Grup\" \/>\n<meta property=\"article:modified_time\" content=\"2026-02-23T12:51:49+00:00\" \/>\n<meta property=\"og:image\" content=\"https:\/\/anadolupet.com.tr\/wp-content\/uploads\/2026\/02\/230-21110103_4.jpg\" \/>\n\t<meta property=\"og:image:width\" content=\"750\" \/>\n\t<meta property=\"og:image:height\" content=\"750\" \/>\n\t<meta property=\"og:image:type\" content=\"image\/jpeg\" \/>\n<meta name=\"twitter:card\" content=\"summary_large_image\" \/>\n<script type=\"application\/ld+json\" class=\"yoast-schema-graph\">{\"@context\":\"https:\\\/\\\/schema.org\",\"@graph\":[{\"@type\":\"WebPage\",\"@id\":\"https:\\\/\\\/anadolupet.com.tr\\\/urun\\\/schesir-tamamlayici-sardalyali-sos-icinde-kedi-konservesi-70g\\\/\",\"url\":\"https:\\\/\\\/anadolupet.com.tr\\\/urun\\\/schesir-tamamlayici-sardalyali-sos-icinde-kedi-konservesi-70g\\\/\",\"name\":\"Schesir Tamamlay\u0131c\u0131 Sardalyal\u0131 Sos \u0130\u00e7inde Kedi Konservesi 70g - Anadolu Pet Grup\",\"isPartOf\":{\"@id\":\"https:\\\/\\\/anadolupet.com.tr\\\/#website\"},\"primaryImageOfPage\":{\"@id\":\"https:\\\/\\\/anadolupet.com.tr\\\/urun\\\/schesir-tamamlayici-sardalyali-sos-icinde-kedi-konservesi-70g\\\/#primaryimage\"},\"image\":{\"@id\":\"https:\\\/\\\/anadolupet.com.tr\\\/urun\\\/schesir-tamamlayici-sardalyali-sos-icinde-kedi-konservesi-70g\\\/#primaryimage\"},\"thumbnailUrl\":\"https:\\\/\\\/anadolupet.com.tr\\\/wp-content\\\/uploads\\\/2026\\\/02\\\/230-21110103_4.jpg\",\"datePublished\":\"2026-02-14T14:45:51+00:00\",\"dateModified\":\"2026-02-23T12:51:49+00:00\",\"breadcrumb\":{\"@id\":\"https:\\\/\\\/anadolupet.com.tr\\\/urun\\\/schesir-tamamlayici-sardalyali-sos-icinde-kedi-konservesi-70g\\\/#breadcrumb\"},\"inLanguage\":\"en-US\",\"potentialAction\":[{\"@type\":\"ReadAction\",\"target\":[\"https:\\\/\\\/anadolupet.com.tr\\\/urun\\\/schesir-tamamlayici-sardalyali-sos-icinde-kedi-konservesi-70g\\\/\"]}]},{\"@type\":\"ImageObject\",\"inLanguage\":\"en-US\",\"@id\":\"https:\\\/\\\/anadolupet.com.tr\\\/urun\\\/schesir-tamamlayici-sardalyali-sos-icinde-kedi-konservesi-70g\\\/#primaryimage\",\"url\":\"https:\\\/\\\/anadolupet.com.tr\\\/wp-content\\\/uploads\\\/2026\\\/02\\\/230-21110103_4.jpg\",\"contentUrl\":\"https:\\\/\\\/anadolupet.com.tr\\\/wp-content\\\/uploads\\\/2026\\\/02\\\/230-21110103_4.jpg\",\"width\":750,\"height\":750},{\"@type\":\"BreadcrumbList\",\"@id\":\"https:\\\/\\\/anadolupet.com.tr\\\/urun\\\/schesir-tamamlayici-sardalyali-sos-icinde-kedi-konservesi-70g\\\/#breadcrumb\",\"itemListElement\":[{\"@type\":\"ListItem\",\"position\":1,\"name\":\"Anasayfa\",\"item\":\"https:\\\/\\\/anadolupet.com.tr\\\/\"},{\"@type\":\"ListItem\",\"position\":2,\"name\":\"\u00dcr\u00fcnler\",\"item\":\"https:\\\/\\\/anadolupet.com.tr\\\/urunler\\\/\"},{\"@type\":\"ListItem\",\"position\":3,\"name\":\"Schesir Tamamlay\u0131c\u0131 Sardalyal\u0131 Sos \u0130\u00e7inde Kedi Konservesi 70g\"}]},{\"@type\":\"WebSite\",\"@id\":\"https:\\\/\\\/anadolupet.com.tr\\\/#website\",\"url\":\"https:\\\/\\\/anadolupet.com.tr\\\/\",\"name\":\"Anadolu Pet Grup\",\"description\":\"Her Can\u0131n \u0130yi Ya\u015fam\u0131 \u0130\u00e7in Biraraday\u0131z\",\"publisher\":{\"@id\":\"https:\\\/\\\/anadolupet.com.tr\\\/#organization\"},\"potentialAction\":[{\"@type\":\"SearchAction\",\"target\":{\"@type\":\"EntryPoint\",\"urlTemplate\":\"https:\\\/\\\/anadolupet.com.tr\\\/?s={search_term_string}\"},\"query-input\":{\"@type\":\"PropertyValueSpecification\",\"valueRequired\":true,\"valueName\":\"search_term_string\"}}],\"inLanguage\":\"en-US\"},{\"@type\":\"Organization\",\"@id\":\"https:\\\/\\\/anadolupet.com.tr\\\/#organization\",\"name\":\"Anadolu Pet Grup\",\"alternateName\":\"Anadolu Pet\",\"url\":\"https:\\\/\\\/anadolupet.com.tr\\\/\",\"logo\":{\"@type\":\"ImageObject\",\"inLanguage\":\"en-US\",\"@id\":\"https:\\\/\\\/anadolupet.com.tr\\\/#\\\/schema\\\/logo\\\/image\\\/\",\"url\":\"https:\\\/\\\/anadolupet.com.tr\\\/wp-content\\\/uploads\\\/2026\\\/03\\\/1614666743370.jpg\",\"contentUrl\":\"https:\\\/\\\/anadolupet.com.tr\\\/wp-content\\\/uploads\\\/2026\\\/03\\\/1614666743370.jpg\",\"width\":800,\"height\":571,\"caption\":\"Anadolu Pet Grup\"},\"image\":{\"@id\":\"https:\\\/\\\/anadolupet.com.tr\\\/#\\\/schema\\\/logo\\\/image\\\/\"}}]}<\/script>\n<!-- \/ Yoast SEO plugin. -->","yoast_head_json":{"title":"Schesir Tamamlay\u0131c\u0131 Sardalyal\u0131 Sos \u0130\u00e7inde Kedi Konservesi 70g - Anadolu Pet Grup","robots":{"index":"index","follow":"follow","max-snippet":"max-snippet:-1","max-image-preview":"max-image-preview:large","max-video-preview":"max-video-preview:-1"},"canonical":"https:\/\/anadolupet.com.tr\/en\/product\/schesir-tamamlayici-sardalyali-sos-icinde-kedi-konservesi-70g\/","og_locale":"en_US","og_type":"article","og_title":"Schesir Tamamlay\u0131c\u0131 Sardalyal\u0131 Sos \u0130\u00e7inde Kedi Konservesi 70g - Anadolu Pet Grup","og_description":"Kedilerin bal\u0131\u011fa bay\u0131ld\u0131\u011f\u0131n\u0131 Schesir olarak \u00e7ok iyi biliyoruz. Ger\u00e7ek sardalya par\u00e7alar\u0131n\u0131n lezzetli ve sulu bir sos i\u00e7inde pi\u015firilmesiyle haz\u0131rlanan tarifimiz, kedilerinizin yeni tutkusu olacak ve onsuz yapamayacaklar. D\u00fc\u015f\u00fck \u0131s\u0131da pi\u015firme y\u00f6ntemimiz ve elle i\u015fleme s\u00fcrecimiz sayesinde \u00fcr\u00fcn, besin de\u011ferini ve duyusal \u00f6zelliklerini koruyarak kediniz i\u00e7in maksimum besleyicilik ve lezzet sunar. 1. %100 do\u011fal i\u00e7erikler, minimum d\u00fczeyde i\u015flenmi\u015f 2. Tah\u0131ls\u0131z 3. Buharda pi\u015firilmi\u015f ve elle i\u015flenmi\u015f 4. Koruyucu veya renklendirici i\u00e7ermez 5. %100 geri d\u00f6n\u00fc\u015ft\u00fcr\u00fclebilir ambalaj \u0130\u00c7\u0130NDEK\u0130LER: sardalya %60, sardalya sosu, tapiyoka ni\u015fastas\u0131, k\u0131rm\u0131z\u0131 biber. ANAL\u0130T\u0130K B\u0130LE\u015eENLER: protein %11,5, ham ya\u011f %6,5, ham sel\u00fcloz %0,5, ham k\u00fcl %2,5. Nem %79. KULLANIM TAL\u0130MATI: Tam kuru mamayla beraber g\u00fcnde en fazla 2 konserve. SAKLAMA Y\u00d6NTEM\u0130: Oda s\u0131cakl\u0131\u011f\u0131nda servis edin. A\u00e7\u0131ld\u0131ktan sonra buzdolab\u0131nda saklay\u0131n ve 48 saat i\u00e7inde t\u00fcketin.","og_url":"https:\/\/anadolupet.com.tr\/en\/product\/schesir-tamamlayici-sardalyali-sos-icinde-kedi-konservesi-70g\/","og_site_name":"Anadolu Pet Grup","article_modified_time":"2026-02-23T12:51:49+00:00","og_image":[{"width":750,"height":750,"url":"https:\/\/anadolupet.com.tr\/wp-content\/uploads\/2026\/02\/230-21110103_4.jpg","type":"image\/jpeg"}],"twitter_card":"summary_large_image","schema":{"@context":"https:\/\/schema.org","@graph":[{"@type":"WebPage","@id":"https:\/\/anadolupet.com.tr\/urun\/schesir-tamamlayici-sardalyali-sos-icinde-kedi-konservesi-70g\/","url":"https:\/\/anadolupet.com.tr\/urun\/schesir-tamamlayici-sardalyali-sos-icinde-kedi-konservesi-70g\/","name":"Schesir Tamamlay\u0131c\u0131 Sardalyal\u0131 Sos \u0130\u00e7inde Kedi Konservesi 70g - Anadolu Pet Grup","isPartOf":{"@id":"https:\/\/anadolupet.com.tr\/#website"},"primaryImageOfPage":{"@id":"https:\/\/anadolupet.com.tr\/urun\/schesir-tamamlayici-sardalyali-sos-icinde-kedi-konservesi-70g\/#primaryimage"},"image":{"@id":"https:\/\/anadolupet.com.tr\/urun\/schesir-tamamlayici-sardalyali-sos-icinde-kedi-konservesi-70g\/#primaryimage"},"thumbnailUrl":"https:\/\/anadolupet.com.tr\/wp-content\/uploads\/2026\/02\/230-21110103_4.jpg","datePublished":"2026-02-14T14:45:51+00:00","dateModified":"2026-02-23T12:51:49+00:00","breadcrumb":{"@id":"https:\/\/anadolupet.com.tr\/urun\/schesir-tamamlayici-sardalyali-sos-icinde-kedi-konservesi-70g\/#breadcrumb"},"inLanguage":"en-US","potentialAction":[{"@type":"ReadAction","target":["https:\/\/anadolupet.com.tr\/urun\/schesir-tamamlayici-sardalyali-sos-icinde-kedi-konservesi-70g\/"]}]},{"@type":"ImageObject","inLanguage":"en-US","@id":"https:\/\/anadolupet.com.tr\/urun\/schesir-tamamlayici-sardalyali-sos-icinde-kedi-konservesi-70g\/#primaryimage","url":"https:\/\/anadolupet.com.tr\/wp-content\/uploads\/2026\/02\/230-21110103_4.jpg","contentUrl":"https:\/\/anadolupet.com.tr\/wp-content\/uploads\/2026\/02\/230-21110103_4.jpg","width":750,"height":750},{"@type":"BreadcrumbList","@id":"https:\/\/anadolupet.com.tr\/urun\/schesir-tamamlayici-sardalyali-sos-icinde-kedi-konservesi-70g\/#breadcrumb","itemListElement":[{"@type":"ListItem","position":1,"name":"Anasayfa","item":"https:\/\/anadolupet.com.tr\/"},{"@type":"ListItem","position":2,"name":"\u00dcr\u00fcnler","item":"https:\/\/anadolupet.com.tr\/urunler\/"},{"@type":"ListItem","position":3,"name":"Schesir Tamamlay\u0131c\u0131 Sardalyal\u0131 Sos \u0130\u00e7inde Kedi Konservesi 70g"}]},{"@type":"WebSite","@id":"https:\/\/anadolupet.com.tr\/#website","url":"https:\/\/anadolupet.com.tr\/","name":"Anadolu Pet Group","description":"We Stand Together for the Well-Being of Every Life","publisher":{"@id":"https:\/\/anadolupet.com.tr\/#organization"},"potentialAction":[{"@type":"SearchAction","target":{"@type":"EntryPoint","urlTemplate":"https:\/\/anadolupet.com.tr\/?s={search_term_string}"},"query-input":{"@type":"PropertyValueSpecification","valueRequired":true,"valueName":"search_term_string"}}],"inLanguage":"en-US"},{"@type":"Organization","@id":"https:\/\/anadolupet.com.tr\/#organization","name":"Anadolu Pet Group","alternateName":"Anadolu Pet","url":"https:\/\/anadolupet.com.tr\/","logo":{"@type":"ImageObject","inLanguage":"en-US","@id":"https:\/\/anadolupet.com.tr\/#\/schema\/logo\/image\/","url":"https:\/\/anadolupet.com.tr\/wp-content\/uploads\/2026\/03\/1614666743370.jpg","contentUrl":"https:\/\/anadolupet.com.tr\/wp-content\/uploads\/2026\/03\/1614666743370.jpg","width":800,"height":571,"caption":"Anadolu Pet Grup"},"image":{"@id":"https:\/\/anadolupet.com.tr\/#\/schema\/logo\/image\/"}}]}},"_links":{"self":[{"href":"https:\/\/anadolupet.com.tr\/en\/wp-json\/wp\/v2\/product\/46143","targetHints":{"allow":["GET"]}}],"collection":[{"href":"https:\/\/anadolupet.com.tr\/en\/wp-json\/wp\/v2\/product"}],"about":[{"href":"https:\/\/anadolupet.com.tr\/en\/wp-json\/wp\/v2\/types\/product"}],"replies":[{"embeddable":true,"href":"https:\/\/anadolupet.com.tr\/en\/wp-json\/wp\/v2\/comments?post=46143"}],"wp:featuredmedia":[{"embeddable":true,"href":"https:\/\/anadolupet.com.tr\/en\/wp-json\/wp\/v2\/media\/42918"}],"wp:attachment":[{"href":"https:\/\/anadolupet.com.tr\/en\/wp-json\/wp\/v2\/media?parent=46143"}],"wp:term":[{"taxonomy":"product_brand","embeddable":true,"href":"https:\/\/anadolupet.com.tr\/en\/wp-json\/wp\/v2\/product_brand?post=46143"},{"taxonomy":"product_cat","embeddable":true,"href":"https:\/\/anadolupet.com.tr\/en\/wp-json\/wp\/v2\/product_cat?post=46143"},{"taxonomy":"product_tag","embeddable":true,"href":"https:\/\/anadolupet.com.tr\/en\/wp-json\/wp\/v2\/product_tag?post=46143"}],"curies":[{"name":"wp","href":"https:\/\/api.w.org\/{rel}","templated":true}]}}