{"id":46157,"date":"2026-02-14T14:45:53","date_gmt":"2026-02-14T14:45:53","guid":{"rendered":"https:\/\/anadolupet.com.tr\/?post_type=product&#038;p=46157"},"modified":"2026-02-25T08:07:47","modified_gmt":"2026-02-25T08:07:47","slug":"smartbones-kopek-odul-kemigi-tavuklu-mini-8li-128g","status":"publish","type":"product","link":"https:\/\/anadolupet.com.tr\/en\/urun\/smartbones-kopek-odul-kemigi-tavuklu-mini-8li-128g\/","title":{"rendered":"SmartBones Dog Treat Bone Chicken Mini (8 pcs) 128g"},"content":{"rendered":"","protected":false},"excerpt":{"rendered":"<p>SmartBones Delicious Reward Snacks<br \/>\nSmartBones will wow your dog with delicious chewy snacks they won't be able to resist. The outer layer of Classics contains healthy vegetables instead of rawhide, while the inner layer is filled with delicious chicken meat. That's why all these delicious SmartBones chew snacks are easy to digest. SmartBones are rich in vitamins and minerals, and their soft texture makes them much gentler on the gums and stomach. That's why all SmartBones treat snacks claim to help keep teeth clean and healthy. Irresistible SmartBones are well tolerated by our pets as they are free from wheat and rawhide.<br \/>\nSmartBones k\u00f6pek dostlar\u0131m\u0131z i\u00e7in standart a\u011f\u0131z bak\u0131m kemiklerine g\u00f6re \u00e7ok daha sa\u011fl\u0131kl\u0131d\u0131r! SmartBones Chicken Mini 8&#8217;li<br \/>\nK\u00fc\u00e7\u00fck \u0131rk k\u00f6peklerin t\u00fcketimi i\u00e7in uygundur.<br \/>\nA\u011f\u0131rl\u0131k: 128 gr<br \/>\nWhy SmartBones?<br \/>\n*Does not contain rawhide.<br \/>\n*Easy to digest.<br \/>\n*Less fat.<br \/>\n*Rich in vitamins and minerals.<br \/>\n*Irresistible flavor with chicken, beef, peanut, sweet potato options<\/p>","protected":false},"featured_media":47262,"comment_status":"open","ping_status":"closed","template":"","meta":{"_acf_changed":false},"product_brand":[],"product_cat":[2449],"product_tag":[],"class_list":{"0":"post-46157","1":"product","2":"type-product","3":"status-publish","4":"has-post-thumbnail","6":"product_cat-kopek-kemikleri","8":"first","9":"instock","10":"shipping-taxable","11":"product-type-simple"},"acf":[],"yoast_head":"<!-- This site is optimized with the Yoast SEO plugin v27.4 - https:\/\/yoast.com\/product\/yoast-seo-wordpress\/ -->\n<title>SmartBones K\u00f6pek \u00d6d\u00fcl Kemi\u011fi Tavuklu Mini (8li) 128g - Anadolu Pet Grup<\/title>\n<meta name=\"robots\" content=\"index, follow, max-snippet:-1, max-image-preview:large, max-video-preview:-1\" \/>\n<link rel=\"canonical\" href=\"https:\/\/anadolupet.com.tr\/en\/product\/smartbones-kopek-odul-kemigi-tavuklu-mini-8li-128g\/\" \/>\n<meta property=\"og:locale\" content=\"en_US\" \/>\n<meta property=\"og:type\" content=\"article\" \/>\n<meta property=\"og:title\" content=\"SmartBones K\u00f6pek \u00d6d\u00fcl Kemi\u011fi Tavuklu Mini (8li) 128g - Anadolu Pet Grup\" \/>\n<meta property=\"og:description\" content=\"SmartBones Lezzetli \u00d6d\u00fcl At\u0131\u015ft\u0131rmal\u0131klar\u0131 SmartBones, k\u00f6pe\u011finizi kar\u015f\u0131 koyamayaca\u011f\u0131 lezzetli \u00e7i\u011fneme at\u0131\u015ft\u0131rmal\u0131klar\u0131yla etkisi alt\u0131na al\u0131r. Classics\u2019in d\u0131\u015f katman\u0131 ham deri yerine sa\u011fl\u0131kl\u0131 sebzeler i\u00e7erirken i\u00e7 katman\u0131nda lezzetli tavuk eti bulunur. \u0130\u015fte tam da bu y\u00fczden, t\u00fcm bu lezzetli SmartBones \u00e7i\u011fneme at\u0131\u015ft\u0131rmal\u0131klar\u0131n\u0131n sindirimi de olduk\u00e7a kolayd\u0131r. SmartBones vitamin ve mineral bak\u0131m\u0131ndan olduk\u00e7a zengindir ve ayr\u0131ca yumu\u015fak dokusu sayesinde di\u015f etlerine ve mideye kar\u015f\u0131 \u00e7ok daha naziktir. Bu nedenle, t\u00fcm SmartBones \u00f6d\u00fcl at\u0131\u015ft\u0131rmal\u0131klar\u0131 di\u015fleri temiz ve sa\u011fl\u0131kl\u0131 tutmaya yard\u0131mc\u0131 olma konusunda iddial\u0131d\u0131r. Bu\u011fday ve ham deri i\u00e7ermedi\u011fi i\u00e7in kar\u015f\u0131 konulamaz SmartBones evcil dostlar\u0131m\u0131z taraf\u0131ndan iyi tolere edilir. SmartBones k\u00f6pek dostlar\u0131m\u0131z i\u00e7in standart a\u011f\u0131z bak\u0131m kemiklerine g\u00f6re \u00e7ok daha sa\u011fl\u0131kl\u0131d\u0131r! SmartBones Chicken Mini 8&#039;li K\u00fc\u00e7\u00fck \u0131rk k\u00f6peklerin t\u00fcketimi i\u00e7in uygundur. A\u011f\u0131rl\u0131k: 128 gr Neden SmartBones? *Ham deri i\u00e7ermez. *Sindirimi kolay. *Daha az ya\u011fl\u0131. *Vitamin ve mineral a\u00e7\u0131s\u0131ndan zengin. *Tavuk, s\u0131\u011f\u0131r eti, yer f\u0131st\u0131\u011f\u0131, tatl\u0131 patates se\u00e7enekleriyle kar\u015f\u0131 konulmaz lezzet\" \/>\n<meta property=\"og:url\" content=\"https:\/\/anadolupet.com.tr\/en\/product\/smartbones-kopek-odul-kemigi-tavuklu-mini-8li-128g\/\" \/>\n<meta property=\"og:site_name\" content=\"Anadolu Pet Grup\" \/>\n<meta property=\"article:modified_time\" content=\"2026-02-25T08:07:47+00:00\" \/>\n<meta property=\"og:image\" content=\"https:\/\/anadolupet.com.tr\/wp-content\/uploads\/2026\/02\/406-661520.jpg\" \/>\n\t<meta property=\"og:image:width\" content=\"750\" \/>\n\t<meta property=\"og:image:height\" content=\"750\" \/>\n\t<meta property=\"og:image:type\" content=\"image\/jpeg\" \/>\n<meta name=\"twitter:card\" content=\"summary_large_image\" \/>\n<script type=\"application\/ld+json\" class=\"yoast-schema-graph\">{\"@context\":\"https:\\\/\\\/schema.org\",\"@graph\":[{\"@type\":\"WebPage\",\"@id\":\"https:\\\/\\\/anadolupet.com.tr\\\/urun\\\/smartbones-kopek-odul-kemigi-tavuklu-mini-8li-128g\\\/\",\"url\":\"https:\\\/\\\/anadolupet.com.tr\\\/urun\\\/smartbones-kopek-odul-kemigi-tavuklu-mini-8li-128g\\\/\",\"name\":\"SmartBones K\u00f6pek \u00d6d\u00fcl Kemi\u011fi Tavuklu Mini (8li) 128g - Anadolu Pet Grup\",\"isPartOf\":{\"@id\":\"https:\\\/\\\/anadolupet.com.tr\\\/#website\"},\"primaryImageOfPage\":{\"@id\":\"https:\\\/\\\/anadolupet.com.tr\\\/urun\\\/smartbones-kopek-odul-kemigi-tavuklu-mini-8li-128g\\\/#primaryimage\"},\"image\":{\"@id\":\"https:\\\/\\\/anadolupet.com.tr\\\/urun\\\/smartbones-kopek-odul-kemigi-tavuklu-mini-8li-128g\\\/#primaryimage\"},\"thumbnailUrl\":\"https:\\\/\\\/anadolupet.com.tr\\\/wp-content\\\/uploads\\\/2026\\\/02\\\/406-661520.jpg\",\"datePublished\":\"2026-02-14T14:45:53+00:00\",\"dateModified\":\"2026-02-25T08:07:47+00:00\",\"breadcrumb\":{\"@id\":\"https:\\\/\\\/anadolupet.com.tr\\\/urun\\\/smartbones-kopek-odul-kemigi-tavuklu-mini-8li-128g\\\/#breadcrumb\"},\"inLanguage\":\"en-US\",\"potentialAction\":[{\"@type\":\"ReadAction\",\"target\":[\"https:\\\/\\\/anadolupet.com.tr\\\/urun\\\/smartbones-kopek-odul-kemigi-tavuklu-mini-8li-128g\\\/\"]}]},{\"@type\":\"ImageObject\",\"inLanguage\":\"en-US\",\"@id\":\"https:\\\/\\\/anadolupet.com.tr\\\/urun\\\/smartbones-kopek-odul-kemigi-tavuklu-mini-8li-128g\\\/#primaryimage\",\"url\":\"https:\\\/\\\/anadolupet.com.tr\\\/wp-content\\\/uploads\\\/2026\\\/02\\\/406-661520.jpg\",\"contentUrl\":\"https:\\\/\\\/anadolupet.com.tr\\\/wp-content\\\/uploads\\\/2026\\\/02\\\/406-661520.jpg\",\"width\":750,\"height\":750},{\"@type\":\"BreadcrumbList\",\"@id\":\"https:\\\/\\\/anadolupet.com.tr\\\/urun\\\/smartbones-kopek-odul-kemigi-tavuklu-mini-8li-128g\\\/#breadcrumb\",\"itemListElement\":[{\"@type\":\"ListItem\",\"position\":1,\"name\":\"Anasayfa\",\"item\":\"https:\\\/\\\/anadolupet.com.tr\\\/\"},{\"@type\":\"ListItem\",\"position\":2,\"name\":\"\u00dcr\u00fcnler\",\"item\":\"https:\\\/\\\/anadolupet.com.tr\\\/urunler\\\/\"},{\"@type\":\"ListItem\",\"position\":3,\"name\":\"SmartBones K\u00f6pek \u00d6d\u00fcl Kemi\u011fi Tavuklu Mini (8li) 128g\"}]},{\"@type\":\"WebSite\",\"@id\":\"https:\\\/\\\/anadolupet.com.tr\\\/#website\",\"url\":\"https:\\\/\\\/anadolupet.com.tr\\\/\",\"name\":\"Anadolu Pet Grup\",\"description\":\"Her Can\u0131n \u0130yi Ya\u015fam\u0131 \u0130\u00e7in Biraraday\u0131z\",\"publisher\":{\"@id\":\"https:\\\/\\\/anadolupet.com.tr\\\/#organization\"},\"potentialAction\":[{\"@type\":\"SearchAction\",\"target\":{\"@type\":\"EntryPoint\",\"urlTemplate\":\"https:\\\/\\\/anadolupet.com.tr\\\/?s={search_term_string}\"},\"query-input\":{\"@type\":\"PropertyValueSpecification\",\"valueRequired\":true,\"valueName\":\"search_term_string\"}}],\"inLanguage\":\"en-US\"},{\"@type\":\"Organization\",\"@id\":\"https:\\\/\\\/anadolupet.com.tr\\\/#organization\",\"name\":\"Anadolu Pet Grup\",\"alternateName\":\"Anadolu Pet\",\"url\":\"https:\\\/\\\/anadolupet.com.tr\\\/\",\"logo\":{\"@type\":\"ImageObject\",\"inLanguage\":\"en-US\",\"@id\":\"https:\\\/\\\/anadolupet.com.tr\\\/#\\\/schema\\\/logo\\\/image\\\/\",\"url\":\"https:\\\/\\\/anadolupet.com.tr\\\/wp-content\\\/uploads\\\/2026\\\/03\\\/1614666743370.jpg\",\"contentUrl\":\"https:\\\/\\\/anadolupet.com.tr\\\/wp-content\\\/uploads\\\/2026\\\/03\\\/1614666743370.jpg\",\"width\":800,\"height\":571,\"caption\":\"Anadolu Pet Grup\"},\"image\":{\"@id\":\"https:\\\/\\\/anadolupet.com.tr\\\/#\\\/schema\\\/logo\\\/image\\\/\"}}]}<\/script>\n<!-- \/ Yoast SEO plugin. -->","yoast_head_json":{"title":"SmartBones K\u00f6pek \u00d6d\u00fcl Kemi\u011fi Tavuklu Mini (8li) 128g - Anadolu Pet Grup","robots":{"index":"index","follow":"follow","max-snippet":"max-snippet:-1","max-image-preview":"max-image-preview:large","max-video-preview":"max-video-preview:-1"},"canonical":"https:\/\/anadolupet.com.tr\/en\/product\/smartbones-kopek-odul-kemigi-tavuklu-mini-8li-128g\/","og_locale":"en_US","og_type":"article","og_title":"SmartBones K\u00f6pek \u00d6d\u00fcl Kemi\u011fi Tavuklu Mini (8li) 128g - Anadolu Pet Grup","og_description":"SmartBones Lezzetli \u00d6d\u00fcl At\u0131\u015ft\u0131rmal\u0131klar\u0131 SmartBones, k\u00f6pe\u011finizi kar\u015f\u0131 koyamayaca\u011f\u0131 lezzetli \u00e7i\u011fneme at\u0131\u015ft\u0131rmal\u0131klar\u0131yla etkisi alt\u0131na al\u0131r. Classics\u2019in d\u0131\u015f katman\u0131 ham deri yerine sa\u011fl\u0131kl\u0131 sebzeler i\u00e7erirken i\u00e7 katman\u0131nda lezzetli tavuk eti bulunur. \u0130\u015fte tam da bu y\u00fczden, t\u00fcm bu lezzetli SmartBones \u00e7i\u011fneme at\u0131\u015ft\u0131rmal\u0131klar\u0131n\u0131n sindirimi de olduk\u00e7a kolayd\u0131r. SmartBones vitamin ve mineral bak\u0131m\u0131ndan olduk\u00e7a zengindir ve ayr\u0131ca yumu\u015fak dokusu sayesinde di\u015f etlerine ve mideye kar\u015f\u0131 \u00e7ok daha naziktir. Bu nedenle, t\u00fcm SmartBones \u00f6d\u00fcl at\u0131\u015ft\u0131rmal\u0131klar\u0131 di\u015fleri temiz ve sa\u011fl\u0131kl\u0131 tutmaya yard\u0131mc\u0131 olma konusunda iddial\u0131d\u0131r. Bu\u011fday ve ham deri i\u00e7ermedi\u011fi i\u00e7in kar\u015f\u0131 konulamaz SmartBones evcil dostlar\u0131m\u0131z taraf\u0131ndan iyi tolere edilir. SmartBones k\u00f6pek dostlar\u0131m\u0131z i\u00e7in standart a\u011f\u0131z bak\u0131m kemiklerine g\u00f6re \u00e7ok daha sa\u011fl\u0131kl\u0131d\u0131r! SmartBones Chicken Mini 8'li K\u00fc\u00e7\u00fck \u0131rk k\u00f6peklerin t\u00fcketimi i\u00e7in uygundur. A\u011f\u0131rl\u0131k: 128 gr Neden SmartBones? *Ham deri i\u00e7ermez. *Sindirimi kolay. *Daha az ya\u011fl\u0131. *Vitamin ve mineral a\u00e7\u0131s\u0131ndan zengin. *Tavuk, s\u0131\u011f\u0131r eti, yer f\u0131st\u0131\u011f\u0131, tatl\u0131 patates se\u00e7enekleriyle kar\u015f\u0131 konulmaz lezzet","og_url":"https:\/\/anadolupet.com.tr\/en\/product\/smartbones-kopek-odul-kemigi-tavuklu-mini-8li-128g\/","og_site_name":"Anadolu Pet Grup","article_modified_time":"2026-02-25T08:07:47+00:00","og_image":[{"width":750,"height":750,"url":"https:\/\/anadolupet.com.tr\/wp-content\/uploads\/2026\/02\/406-661520.jpg","type":"image\/jpeg"}],"twitter_card":"summary_large_image","schema":{"@context":"https:\/\/schema.org","@graph":[{"@type":"WebPage","@id":"https:\/\/anadolupet.com.tr\/urun\/smartbones-kopek-odul-kemigi-tavuklu-mini-8li-128g\/","url":"https:\/\/anadolupet.com.tr\/urun\/smartbones-kopek-odul-kemigi-tavuklu-mini-8li-128g\/","name":"SmartBones K\u00f6pek \u00d6d\u00fcl Kemi\u011fi Tavuklu Mini (8li) 128g - Anadolu Pet Grup","isPartOf":{"@id":"https:\/\/anadolupet.com.tr\/#website"},"primaryImageOfPage":{"@id":"https:\/\/anadolupet.com.tr\/urun\/smartbones-kopek-odul-kemigi-tavuklu-mini-8li-128g\/#primaryimage"},"image":{"@id":"https:\/\/anadolupet.com.tr\/urun\/smartbones-kopek-odul-kemigi-tavuklu-mini-8li-128g\/#primaryimage"},"thumbnailUrl":"https:\/\/anadolupet.com.tr\/wp-content\/uploads\/2026\/02\/406-661520.jpg","datePublished":"2026-02-14T14:45:53+00:00","dateModified":"2026-02-25T08:07:47+00:00","breadcrumb":{"@id":"https:\/\/anadolupet.com.tr\/urun\/smartbones-kopek-odul-kemigi-tavuklu-mini-8li-128g\/#breadcrumb"},"inLanguage":"en-US","potentialAction":[{"@type":"ReadAction","target":["https:\/\/anadolupet.com.tr\/urun\/smartbones-kopek-odul-kemigi-tavuklu-mini-8li-128g\/"]}]},{"@type":"ImageObject","inLanguage":"en-US","@id":"https:\/\/anadolupet.com.tr\/urun\/smartbones-kopek-odul-kemigi-tavuklu-mini-8li-128g\/#primaryimage","url":"https:\/\/anadolupet.com.tr\/wp-content\/uploads\/2026\/02\/406-661520.jpg","contentUrl":"https:\/\/anadolupet.com.tr\/wp-content\/uploads\/2026\/02\/406-661520.jpg","width":750,"height":750},{"@type":"BreadcrumbList","@id":"https:\/\/anadolupet.com.tr\/urun\/smartbones-kopek-odul-kemigi-tavuklu-mini-8li-128g\/#breadcrumb","itemListElement":[{"@type":"ListItem","position":1,"name":"Anasayfa","item":"https:\/\/anadolupet.com.tr\/"},{"@type":"ListItem","position":2,"name":"\u00dcr\u00fcnler","item":"https:\/\/anadolupet.com.tr\/urunler\/"},{"@type":"ListItem","position":3,"name":"SmartBones K\u00f6pek \u00d6d\u00fcl Kemi\u011fi Tavuklu Mini (8li) 128g"}]},{"@type":"WebSite","@id":"https:\/\/anadolupet.com.tr\/#website","url":"https:\/\/anadolupet.com.tr\/","name":"Anadolu Pet Group","description":"We Stand Together for the Well-Being of Every Life","publisher":{"@id":"https:\/\/anadolupet.com.tr\/#organization"},"potentialAction":[{"@type":"SearchAction","target":{"@type":"EntryPoint","urlTemplate":"https:\/\/anadolupet.com.tr\/?s={search_term_string}"},"query-input":{"@type":"PropertyValueSpecification","valueRequired":true,"valueName":"search_term_string"}}],"inLanguage":"en-US"},{"@type":"Organization","@id":"https:\/\/anadolupet.com.tr\/#organization","name":"Anadolu Pet Group","alternateName":"Anadolu Pet","url":"https:\/\/anadolupet.com.tr\/","logo":{"@type":"ImageObject","inLanguage":"en-US","@id":"https:\/\/anadolupet.com.tr\/#\/schema\/logo\/image\/","url":"https:\/\/anadolupet.com.tr\/wp-content\/uploads\/2026\/03\/1614666743370.jpg","contentUrl":"https:\/\/anadolupet.com.tr\/wp-content\/uploads\/2026\/03\/1614666743370.jpg","width":800,"height":571,"caption":"Anadolu Pet Grup"},"image":{"@id":"https:\/\/anadolupet.com.tr\/#\/schema\/logo\/image\/"}}]}},"_links":{"self":[{"href":"https:\/\/anadolupet.com.tr\/en\/wp-json\/wp\/v2\/product\/46157","targetHints":{"allow":["GET"]}}],"collection":[{"href":"https:\/\/anadolupet.com.tr\/en\/wp-json\/wp\/v2\/product"}],"about":[{"href":"https:\/\/anadolupet.com.tr\/en\/wp-json\/wp\/v2\/types\/product"}],"replies":[{"embeddable":true,"href":"https:\/\/anadolupet.com.tr\/en\/wp-json\/wp\/v2\/comments?post=46157"}],"wp:featuredmedia":[{"embeddable":true,"href":"https:\/\/anadolupet.com.tr\/en\/wp-json\/wp\/v2\/media\/47262"}],"wp:attachment":[{"href":"https:\/\/anadolupet.com.tr\/en\/wp-json\/wp\/v2\/media?parent=46157"}],"wp:term":[{"taxonomy":"product_brand","embeddable":true,"href":"https:\/\/anadolupet.com.tr\/en\/wp-json\/wp\/v2\/product_brand?post=46157"},{"taxonomy":"product_cat","embeddable":true,"href":"https:\/\/anadolupet.com.tr\/en\/wp-json\/wp\/v2\/product_cat?post=46157"},{"taxonomy":"product_tag","embeddable":true,"href":"https:\/\/anadolupet.com.tr\/en\/wp-json\/wp\/v2\/product_tag?post=46157"}],"curies":[{"name":"wp","href":"https:\/\/api.w.org\/{rel}","templated":true}]}}