{"id":46160,"date":"2026-02-14T14:45:53","date_gmt":"2026-02-14T14:45:53","guid":{"rendered":"https:\/\/anadolupet.com.tr\/?post_type=product&#038;p=46160"},"modified":"2026-02-25T08:10:48","modified_gmt":"2026-02-25T08:10:48","slug":"tetra-active-substrate-bitki-kumu-3lt","status":"publish","type":"product","link":"https:\/\/anadolupet.com.tr\/en\/urun\/tetra-active-substrate-bitki-kumu-3lt\/","title":{"rendered":"Tetra Active Substrate Bitki Kumu &#8211; 3LT"},"content":{"rendered":"","protected":false},"excerpt":{"rendered":"<p>Tetra Active Substrate, g\u00f6zenekli kil gran\u00fcl yap\u0131s\u0131 ile bitki dostu kar\u0131\u015f\u0131ma sahip, akvaryumdaki su kirlili\u011fini azaltan do\u011fal substrat kumdur.<br \/>\nDetaylar;<br \/>\n*Yararl\u0131 bakterilerin yerle\u015fmesini te\u015fvik eder.<br \/>\n*Bitkilere besin sa\u011flayarak daha h\u0131zl\u0131 k\u00f6klenmesini sa\u011flar.<br \/>\n*G\u00fc\u00e7l\u00fc ve sa\u011fl\u0131kl\u0131 bitki b\u00fcy\u00fcmesini destekler.<br \/>\n*Organik su kirlili\u011fini azalt\u0131r.<br \/>\nDozaj;<br \/>\nTa\u015f\u0131ma ile ilgili a\u015f\u0131nmay\u0131 gidermek ve bulan\u0131kl\u0131\u011f\u0131 \u00f6nlemek i\u00e7in kullanmadan \u00f6nce iyice y\u0131kay\u0131n. Akvaryumu yakla\u015f\u0131k 4 cm y\u00fcksekli\u011finde Tetra ActiveSubstrate katman\u0131yla doldurun. 10 Litre akvaryuma 1 litre active substrate konulmas\u0131 tavsiye edilir. Akvaryumdaki bal\u0131klara zarar vermez.<br \/>\nMiktar;<br \/>\n3 Lt<\/p>","protected":false},"featured_media":47267,"comment_status":"open","ping_status":"closed","template":"","meta":{"_acf_changed":false},"product_brand":[],"product_cat":[2397],"product_tag":[],"class_list":{"0":"post-46160","1":"product","2":"type-product","3":"status-publish","4":"has-post-thumbnail","6":"product_cat-kumlar","8":"first","9":"instock","10":"shipping-taxable","11":"product-type-simple"},"acf":[],"yoast_head":"<!-- This site is optimized with the Yoast SEO plugin v27.4 - https:\/\/yoast.com\/product\/yoast-seo-wordpress\/ -->\n<title>Tetra Active Substrate Bitki Kumu - 3LT - Anadolu Pet Grup<\/title>\n<meta name=\"robots\" content=\"index, follow, max-snippet:-1, max-image-preview:large, max-video-preview:-1\" \/>\n<link rel=\"canonical\" href=\"https:\/\/anadolupet.com.tr\/en\/product\/tetra-active-substrate-bitki-kumu-3lt\/\" \/>\n<meta property=\"og:locale\" content=\"en_US\" \/>\n<meta property=\"og:type\" content=\"article\" \/>\n<meta property=\"og:title\" content=\"Tetra Active Substrate Bitki Kumu - 3LT - Anadolu Pet Grup\" \/>\n<meta property=\"og:description\" content=\"Tetra Active Substrate, g\u00f6zenekli kil gran\u00fcl yap\u0131s\u0131 ile bitki dostu kar\u0131\u015f\u0131ma sahip, akvaryumdaki su kirlili\u011fini azaltan do\u011fal substrat kumdur. Detaylar; *Yararl\u0131 bakterilerin yerle\u015fmesini te\u015fvik eder. *Bitkilere besin sa\u011flayarak daha h\u0131zl\u0131 k\u00f6klenmesini sa\u011flar. *G\u00fc\u00e7l\u00fc ve sa\u011fl\u0131kl\u0131 bitki b\u00fcy\u00fcmesini destekler. *Organik su kirlili\u011fini azalt\u0131r. Dozaj; Ta\u015f\u0131ma ile ilgili a\u015f\u0131nmay\u0131 gidermek ve bulan\u0131kl\u0131\u011f\u0131 \u00f6nlemek i\u00e7in kullanmadan \u00f6nce iyice y\u0131kay\u0131n. Akvaryumu yakla\u015f\u0131k 4 cm y\u00fcksekli\u011finde Tetra ActiveSubstrate katman\u0131yla doldurun. 10 Litre akvaryuma 1 litre active substrate konulmas\u0131 tavsiye edilir. Akvaryumdaki bal\u0131klara zarar vermez. Miktar; 3 Lt\" \/>\n<meta property=\"og:url\" content=\"https:\/\/anadolupet.com.tr\/en\/product\/tetra-active-substrate-bitki-kumu-3lt\/\" \/>\n<meta property=\"og:site_name\" content=\"Anadolu Pet Grup\" \/>\n<meta property=\"article:modified_time\" content=\"2026-02-25T08:10:48+00:00\" \/>\n<meta property=\"og:image\" content=\"https:\/\/anadolupet.com.tr\/wp-content\/uploads\/2026\/02\/401-708361-1.jpg\" \/>\n\t<meta property=\"og:image:width\" content=\"750\" \/>\n\t<meta property=\"og:image:height\" content=\"750\" \/>\n\t<meta property=\"og:image:type\" content=\"image\/jpeg\" \/>\n<meta name=\"twitter:card\" content=\"summary_large_image\" \/>\n<script type=\"application\/ld+json\" class=\"yoast-schema-graph\">{\"@context\":\"https:\\\/\\\/schema.org\",\"@graph\":[{\"@type\":\"WebPage\",\"@id\":\"https:\\\/\\\/anadolupet.com.tr\\\/urun\\\/tetra-active-substrate-bitki-kumu-3lt\\\/\",\"url\":\"https:\\\/\\\/anadolupet.com.tr\\\/urun\\\/tetra-active-substrate-bitki-kumu-3lt\\\/\",\"name\":\"Tetra Active Substrate Bitki Kumu - 3LT - Anadolu Pet Grup\",\"isPartOf\":{\"@id\":\"https:\\\/\\\/anadolupet.com.tr\\\/#website\"},\"primaryImageOfPage\":{\"@id\":\"https:\\\/\\\/anadolupet.com.tr\\\/urun\\\/tetra-active-substrate-bitki-kumu-3lt\\\/#primaryimage\"},\"image\":{\"@id\":\"https:\\\/\\\/anadolupet.com.tr\\\/urun\\\/tetra-active-substrate-bitki-kumu-3lt\\\/#primaryimage\"},\"thumbnailUrl\":\"https:\\\/\\\/anadolupet.com.tr\\\/wp-content\\\/uploads\\\/2026\\\/02\\\/401-708361-1.jpg\",\"datePublished\":\"2026-02-14T14:45:53+00:00\",\"dateModified\":\"2026-02-25T08:10:48+00:00\",\"breadcrumb\":{\"@id\":\"https:\\\/\\\/anadolupet.com.tr\\\/urun\\\/tetra-active-substrate-bitki-kumu-3lt\\\/#breadcrumb\"},\"inLanguage\":\"en-US\",\"potentialAction\":[{\"@type\":\"ReadAction\",\"target\":[\"https:\\\/\\\/anadolupet.com.tr\\\/urun\\\/tetra-active-substrate-bitki-kumu-3lt\\\/\"]}]},{\"@type\":\"ImageObject\",\"inLanguage\":\"en-US\",\"@id\":\"https:\\\/\\\/anadolupet.com.tr\\\/urun\\\/tetra-active-substrate-bitki-kumu-3lt\\\/#primaryimage\",\"url\":\"https:\\\/\\\/anadolupet.com.tr\\\/wp-content\\\/uploads\\\/2026\\\/02\\\/401-708361-1.jpg\",\"contentUrl\":\"https:\\\/\\\/anadolupet.com.tr\\\/wp-content\\\/uploads\\\/2026\\\/02\\\/401-708361-1.jpg\",\"width\":750,\"height\":750},{\"@type\":\"BreadcrumbList\",\"@id\":\"https:\\\/\\\/anadolupet.com.tr\\\/urun\\\/tetra-active-substrate-bitki-kumu-3lt\\\/#breadcrumb\",\"itemListElement\":[{\"@type\":\"ListItem\",\"position\":1,\"name\":\"Anasayfa\",\"item\":\"https:\\\/\\\/anadolupet.com.tr\\\/\"},{\"@type\":\"ListItem\",\"position\":2,\"name\":\"\u00dcr\u00fcnler\",\"item\":\"https:\\\/\\\/anadolupet.com.tr\\\/urunler\\\/\"},{\"@type\":\"ListItem\",\"position\":3,\"name\":\"Tetra Active Substrate Bitki Kumu &#8211; 3LT\"}]},{\"@type\":\"WebSite\",\"@id\":\"https:\\\/\\\/anadolupet.com.tr\\\/#website\",\"url\":\"https:\\\/\\\/anadolupet.com.tr\\\/\",\"name\":\"Anadolu Pet Grup\",\"description\":\"Her Can\u0131n \u0130yi Ya\u015fam\u0131 \u0130\u00e7in Biraraday\u0131z\",\"publisher\":{\"@id\":\"https:\\\/\\\/anadolupet.com.tr\\\/#organization\"},\"potentialAction\":[{\"@type\":\"SearchAction\",\"target\":{\"@type\":\"EntryPoint\",\"urlTemplate\":\"https:\\\/\\\/anadolupet.com.tr\\\/?s={search_term_string}\"},\"query-input\":{\"@type\":\"PropertyValueSpecification\",\"valueRequired\":true,\"valueName\":\"search_term_string\"}}],\"inLanguage\":\"en-US\"},{\"@type\":\"Organization\",\"@id\":\"https:\\\/\\\/anadolupet.com.tr\\\/#organization\",\"name\":\"Anadolu Pet Grup\",\"alternateName\":\"Anadolu Pet\",\"url\":\"https:\\\/\\\/anadolupet.com.tr\\\/\",\"logo\":{\"@type\":\"ImageObject\",\"inLanguage\":\"en-US\",\"@id\":\"https:\\\/\\\/anadolupet.com.tr\\\/#\\\/schema\\\/logo\\\/image\\\/\",\"url\":\"https:\\\/\\\/anadolupet.com.tr\\\/wp-content\\\/uploads\\\/2026\\\/03\\\/1614666743370.jpg\",\"contentUrl\":\"https:\\\/\\\/anadolupet.com.tr\\\/wp-content\\\/uploads\\\/2026\\\/03\\\/1614666743370.jpg\",\"width\":800,\"height\":571,\"caption\":\"Anadolu Pet Grup\"},\"image\":{\"@id\":\"https:\\\/\\\/anadolupet.com.tr\\\/#\\\/schema\\\/logo\\\/image\\\/\"}}]}<\/script>\n<!-- \/ Yoast SEO plugin. -->","yoast_head_json":{"title":"Tetra Active Substrate Bitki Kumu - 3LT - Anadolu Pet Grup","robots":{"index":"index","follow":"follow","max-snippet":"max-snippet:-1","max-image-preview":"max-image-preview:large","max-video-preview":"max-video-preview:-1"},"canonical":"https:\/\/anadolupet.com.tr\/en\/product\/tetra-active-substrate-bitki-kumu-3lt\/","og_locale":"en_US","og_type":"article","og_title":"Tetra Active Substrate Bitki Kumu - 3LT - Anadolu Pet Grup","og_description":"Tetra Active Substrate, g\u00f6zenekli kil gran\u00fcl yap\u0131s\u0131 ile bitki dostu kar\u0131\u015f\u0131ma sahip, akvaryumdaki su kirlili\u011fini azaltan do\u011fal substrat kumdur. Detaylar; *Yararl\u0131 bakterilerin yerle\u015fmesini te\u015fvik eder. *Bitkilere besin sa\u011flayarak daha h\u0131zl\u0131 k\u00f6klenmesini sa\u011flar. *G\u00fc\u00e7l\u00fc ve sa\u011fl\u0131kl\u0131 bitki b\u00fcy\u00fcmesini destekler. *Organik su kirlili\u011fini azalt\u0131r. Dozaj; Ta\u015f\u0131ma ile ilgili a\u015f\u0131nmay\u0131 gidermek ve bulan\u0131kl\u0131\u011f\u0131 \u00f6nlemek i\u00e7in kullanmadan \u00f6nce iyice y\u0131kay\u0131n. Akvaryumu yakla\u015f\u0131k 4 cm y\u00fcksekli\u011finde Tetra ActiveSubstrate katman\u0131yla doldurun. 10 Litre akvaryuma 1 litre active substrate konulmas\u0131 tavsiye edilir. Akvaryumdaki bal\u0131klara zarar vermez. Miktar; 3 Lt","og_url":"https:\/\/anadolupet.com.tr\/en\/product\/tetra-active-substrate-bitki-kumu-3lt\/","og_site_name":"Anadolu Pet Grup","article_modified_time":"2026-02-25T08:10:48+00:00","og_image":[{"width":750,"height":750,"url":"https:\/\/anadolupet.com.tr\/wp-content\/uploads\/2026\/02\/401-708361-1.jpg","type":"image\/jpeg"}],"twitter_card":"summary_large_image","schema":{"@context":"https:\/\/schema.org","@graph":[{"@type":"WebPage","@id":"https:\/\/anadolupet.com.tr\/urun\/tetra-active-substrate-bitki-kumu-3lt\/","url":"https:\/\/anadolupet.com.tr\/urun\/tetra-active-substrate-bitki-kumu-3lt\/","name":"Tetra Active Substrate Bitki Kumu - 3LT - Anadolu Pet Grup","isPartOf":{"@id":"https:\/\/anadolupet.com.tr\/#website"},"primaryImageOfPage":{"@id":"https:\/\/anadolupet.com.tr\/urun\/tetra-active-substrate-bitki-kumu-3lt\/#primaryimage"},"image":{"@id":"https:\/\/anadolupet.com.tr\/urun\/tetra-active-substrate-bitki-kumu-3lt\/#primaryimage"},"thumbnailUrl":"https:\/\/anadolupet.com.tr\/wp-content\/uploads\/2026\/02\/401-708361-1.jpg","datePublished":"2026-02-14T14:45:53+00:00","dateModified":"2026-02-25T08:10:48+00:00","breadcrumb":{"@id":"https:\/\/anadolupet.com.tr\/urun\/tetra-active-substrate-bitki-kumu-3lt\/#breadcrumb"},"inLanguage":"en-US","potentialAction":[{"@type":"ReadAction","target":["https:\/\/anadolupet.com.tr\/urun\/tetra-active-substrate-bitki-kumu-3lt\/"]}]},{"@type":"ImageObject","inLanguage":"en-US","@id":"https:\/\/anadolupet.com.tr\/urun\/tetra-active-substrate-bitki-kumu-3lt\/#primaryimage","url":"https:\/\/anadolupet.com.tr\/wp-content\/uploads\/2026\/02\/401-708361-1.jpg","contentUrl":"https:\/\/anadolupet.com.tr\/wp-content\/uploads\/2026\/02\/401-708361-1.jpg","width":750,"height":750},{"@type":"BreadcrumbList","@id":"https:\/\/anadolupet.com.tr\/urun\/tetra-active-substrate-bitki-kumu-3lt\/#breadcrumb","itemListElement":[{"@type":"ListItem","position":1,"name":"Anasayfa","item":"https:\/\/anadolupet.com.tr\/"},{"@type":"ListItem","position":2,"name":"\u00dcr\u00fcnler","item":"https:\/\/anadolupet.com.tr\/urunler\/"},{"@type":"ListItem","position":3,"name":"Tetra Active Substrate Bitki Kumu &#8211; 3LT"}]},{"@type":"WebSite","@id":"https:\/\/anadolupet.com.tr\/#website","url":"https:\/\/anadolupet.com.tr\/","name":"Anadolu Pet Group","description":"We Stand Together for the Well-Being of Every Life","publisher":{"@id":"https:\/\/anadolupet.com.tr\/#organization"},"potentialAction":[{"@type":"SearchAction","target":{"@type":"EntryPoint","urlTemplate":"https:\/\/anadolupet.com.tr\/?s={search_term_string}"},"query-input":{"@type":"PropertyValueSpecification","valueRequired":true,"valueName":"search_term_string"}}],"inLanguage":"en-US"},{"@type":"Organization","@id":"https:\/\/anadolupet.com.tr\/#organization","name":"Anadolu Pet Group","alternateName":"Anadolu Pet","url":"https:\/\/anadolupet.com.tr\/","logo":{"@type":"ImageObject","inLanguage":"en-US","@id":"https:\/\/anadolupet.com.tr\/#\/schema\/logo\/image\/","url":"https:\/\/anadolupet.com.tr\/wp-content\/uploads\/2026\/03\/1614666743370.jpg","contentUrl":"https:\/\/anadolupet.com.tr\/wp-content\/uploads\/2026\/03\/1614666743370.jpg","width":800,"height":571,"caption":"Anadolu Pet Grup"},"image":{"@id":"https:\/\/anadolupet.com.tr\/#\/schema\/logo\/image\/"}}]}},"_links":{"self":[{"href":"https:\/\/anadolupet.com.tr\/en\/wp-json\/wp\/v2\/product\/46160","targetHints":{"allow":["GET"]}}],"collection":[{"href":"https:\/\/anadolupet.com.tr\/en\/wp-json\/wp\/v2\/product"}],"about":[{"href":"https:\/\/anadolupet.com.tr\/en\/wp-json\/wp\/v2\/types\/product"}],"replies":[{"embeddable":true,"href":"https:\/\/anadolupet.com.tr\/en\/wp-json\/wp\/v2\/comments?post=46160"}],"wp:featuredmedia":[{"embeddable":true,"href":"https:\/\/anadolupet.com.tr\/en\/wp-json\/wp\/v2\/media\/47267"}],"wp:attachment":[{"href":"https:\/\/anadolupet.com.tr\/en\/wp-json\/wp\/v2\/media?parent=46160"}],"wp:term":[{"taxonomy":"product_brand","embeddable":true,"href":"https:\/\/anadolupet.com.tr\/en\/wp-json\/wp\/v2\/product_brand?post=46160"},{"taxonomy":"product_cat","embeddable":true,"href":"https:\/\/anadolupet.com.tr\/en\/wp-json\/wp\/v2\/product_cat?post=46160"},{"taxonomy":"product_tag","embeddable":true,"href":"https:\/\/anadolupet.com.tr\/en\/wp-json\/wp\/v2\/product_tag?post=46160"}],"curies":[{"name":"wp","href":"https:\/\/api.w.org\/{rel}","templated":true}]}}