{"id":46162,"date":"2026-02-14T14:45:53","date_gmt":"2026-02-14T14:45:53","guid":{"rendered":"https:\/\/anadolupet.com.tr\/urun\/schesir-tamamlayici-ton-balikli-jole-icinde-kedi-konservesi-70g\/"},"modified":"2026-02-25T08:47:26","modified_gmt":"2026-02-25T08:47:26","slug":"schesir-tamamlayici-ton-balikli-jole-icinde-kedi-konservesi-70g","status":"publish","type":"product","link":"https:\/\/anadolupet.com.tr\/en\/urun\/schesir-tamamlayici-ton-balikli-jole-icinde-kedi-konservesi-70g\/","title":{"rendered":"Schesir Tamamlay\u0131c\u0131 Ton Bal\u0131kl\u0131 J\u00f6le \u0130\u00e7inde Kedi Konservesi 70g"},"content":{"rendered":"","protected":false},"excerpt":{"rendered":"<p>Yeti\u015fkin kediler i\u00e7in do\u011fal, hafif ve lezzetli tamamlay\u0131c\u0131 ya\u015f mama. A\u00e7\u0131k denizde yakalanm\u0131\u015f ger\u00e7ek ton bal\u0131\u011f\u0131 filetosu ile haz\u0131rlanan bu mama, yumu\u015fak j\u00f6le formunda sunulur ve kedinizin do\u011fal beslenme ihtiya\u00e7lar\u0131na m\u00fckemmel uyum sa\u011flar.<br \/>\n\u00d6ne \u00c7\u0131kan \u00d6zellikler<br \/>\nA\u00e7\u0131k denizde yakalanm\u0131\u015f, kaliteli ton bal\u0131\u011f\u0131<br \/>\nBuharda pi\u015firilmi\u015f ton bal\u0131\u011f\u0131 filetosu<br \/>\nAz say\u0131da, basit ve do\u011fal i\u00e7erik<br \/>\nY\u00fcksek protein, d\u00fc\u015f\u00fck karbonhidrat oran\u0131<br \/>\nYumu\u015fak j\u00f6le formu ile ekstra hidrasyon sa\u011flar<br \/>\n\u0130\u015ftah a\u00e7\u0131c\u0131 ve do\u011fal lezzet<br \/>\nYeti\u015fkin kediler i\u00e7in tamamlay\u0131c\u0131 ya\u015f mama<br \/>\n\u0130\u00e7indekiler<br \/>\nTon Bal\u0131\u011f\u0131 %55,1<br \/>\nPirin\u00e7 %1,5<br \/>\nKullan\u0131m \u00d6nerisi<br \/>\nTam ve dengeli mamalara ek olarak tamamlay\u0131c\u0131 ya\u015f mama \u015feklinde sunulmal\u0131d\u0131r.<br \/>\n\u00d6d\u00fcl olarak ya da kuru\/tam ya\u015f mamalarla birlikte verilebilir.<br \/>\nOda s\u0131cakl\u0131\u011f\u0131nda servis edilmesi tavsiye edilir.<br \/>\nDengeli beslenme i\u00e7in g\u00fcnde en fazla 2 kutu verilmesi \u00f6nerilir.<br \/>\nSchesir Ton Bal\u0131kl\u0131 J\u00f6le \u0130\u00e7inde Kedi Konservesi, katk\u0131 maddesi i\u00e7ermeyen form\u00fcl\u00fc ve do\u011fal bal\u0131k aromas\u0131yla kedinizin \u00f6\u011f\u00fcnlerine sa\u011fl\u0131k ve lezzet katar.<\/p>","protected":false},"featured_media":47284,"comment_status":"open","ping_status":"closed","template":"","meta":{"_acf_changed":false},"product_brand":[],"product_cat":[2436],"product_tag":[],"class_list":{"0":"post-46162","1":"product","2":"type-product","3":"status-publish","4":"has-post-thumbnail","6":"product_cat-stix","8":"first","9":"instock","10":"shipping-taxable","11":"product-type-simple"},"acf":[],"yoast_head":"<!-- This site is optimized with the Yoast SEO plugin v27.5 - https:\/\/yoast.com\/product\/yoast-seo-wordpress\/ -->\n<title>Schesir Tamamlay\u0131c\u0131 Ton Bal\u0131kl\u0131 J\u00f6le \u0130\u00e7inde Kedi Konservesi 70g - Anadolu Pet Grup<\/title>\n<meta name=\"robots\" content=\"index, follow, max-snippet:-1, max-image-preview:large, max-video-preview:-1\" \/>\n<link rel=\"canonical\" href=\"https:\/\/anadolupet.com.tr\/en\/product\/schesir-tamamlayici-ton-balikli-jole-icinde-kedi-konservesi-70g\/\" \/>\n<meta property=\"og:locale\" content=\"en_US\" \/>\n<meta property=\"og:type\" content=\"article\" \/>\n<meta property=\"og:title\" content=\"Schesir Tamamlay\u0131c\u0131 Ton Bal\u0131kl\u0131 J\u00f6le \u0130\u00e7inde Kedi Konservesi 70g - Anadolu Pet Grup\" \/>\n<meta property=\"og:description\" content=\"Yeti\u015fkin kediler i\u00e7in do\u011fal, hafif ve lezzetli tamamlay\u0131c\u0131 ya\u015f mama. A\u00e7\u0131k denizde yakalanm\u0131\u015f ger\u00e7ek ton bal\u0131\u011f\u0131 filetosu ile haz\u0131rlanan bu mama, yumu\u015fak j\u00f6le formunda sunulur ve kedinizin do\u011fal beslenme ihtiya\u00e7lar\u0131na m\u00fckemmel uyum sa\u011flar. \u00d6ne \u00c7\u0131kan \u00d6zellikler A\u00e7\u0131k denizde yakalanm\u0131\u015f, kaliteli ton bal\u0131\u011f\u0131 Buharda pi\u015firilmi\u015f ton bal\u0131\u011f\u0131 filetosu Az say\u0131da, basit ve do\u011fal i\u00e7erik Y\u00fcksek protein, d\u00fc\u015f\u00fck karbonhidrat oran\u0131 Yumu\u015fak j\u00f6le formu ile ekstra hidrasyon sa\u011flar \u0130\u015ftah a\u00e7\u0131c\u0131 ve do\u011fal lezzet Yeti\u015fkin kediler i\u00e7in tamamlay\u0131c\u0131 ya\u015f mama \u0130\u00e7indekiler Ton Bal\u0131\u011f\u0131 %55,1 Pirin\u00e7 %1,5 Kullan\u0131m \u00d6nerisi Tam ve dengeli mamalara ek olarak tamamlay\u0131c\u0131 ya\u015f mama \u015feklinde sunulmal\u0131d\u0131r. \u00d6d\u00fcl olarak ya da kuru\/tam ya\u015f mamalarla birlikte verilebilir. Oda s\u0131cakl\u0131\u011f\u0131nda servis edilmesi tavsiye edilir. Dengeli beslenme i\u00e7in g\u00fcnde en fazla 2 kutu verilmesi \u00f6nerilir. Schesir Ton Bal\u0131kl\u0131 J\u00f6le \u0130\u00e7inde Kedi Konservesi, katk\u0131 maddesi i\u00e7ermeyen form\u00fcl\u00fc ve do\u011fal bal\u0131k aromas\u0131yla kedinizin \u00f6\u011f\u00fcnlerine sa\u011fl\u0131k ve lezzet katar.\" \/>\n<meta property=\"og:url\" content=\"https:\/\/anadolupet.com.tr\/en\/product\/schesir-tamamlayici-ton-balikli-jole-icinde-kedi-konservesi-70g\/\" \/>\n<meta property=\"og:site_name\" content=\"Anadolu Pet Grup\" \/>\n<meta property=\"article:modified_time\" content=\"2026-02-25T08:47:26+00:00\" \/>\n<meta property=\"og:image\" content=\"https:\/\/anadolupet.com.tr\/wp-content\/uploads\/2026\/02\/230-21121803-scaled.jpg\" \/>\n\t<meta property=\"og:image:width\" content=\"2560\" \/>\n\t<meta property=\"og:image:height\" content=\"2560\" \/>\n\t<meta property=\"og:image:type\" content=\"image\/jpeg\" \/>\n<meta name=\"twitter:card\" content=\"summary_large_image\" \/>\n<script type=\"application\/ld+json\" class=\"yoast-schema-graph\">{\"@context\":\"https:\\\/\\\/schema.org\",\"@graph\":[{\"@type\":\"WebPage\",\"@id\":\"https:\\\/\\\/anadolupet.com.tr\\\/urun\\\/schesir-tamamlayici-ton-balikli-jole-icinde-kedi-konservesi-70g\\\/\",\"url\":\"https:\\\/\\\/anadolupet.com.tr\\\/urun\\\/schesir-tamamlayici-ton-balikli-jole-icinde-kedi-konservesi-70g\\\/\",\"name\":\"Schesir Tamamlay\u0131c\u0131 Ton Bal\u0131kl\u0131 J\u00f6le \u0130\u00e7inde Kedi Konservesi 70g - Anadolu Pet Grup\",\"isPartOf\":{\"@id\":\"https:\\\/\\\/anadolupet.com.tr\\\/#website\"},\"primaryImageOfPage\":{\"@id\":\"https:\\\/\\\/anadolupet.com.tr\\\/urun\\\/schesir-tamamlayici-ton-balikli-jole-icinde-kedi-konservesi-70g\\\/#primaryimage\"},\"image\":{\"@id\":\"https:\\\/\\\/anadolupet.com.tr\\\/urun\\\/schesir-tamamlayici-ton-balikli-jole-icinde-kedi-konservesi-70g\\\/#primaryimage\"},\"thumbnailUrl\":\"https:\\\/\\\/anadolupet.com.tr\\\/wp-content\\\/uploads\\\/2026\\\/02\\\/230-21121803-scaled.jpg\",\"datePublished\":\"2026-02-14T14:45:53+00:00\",\"dateModified\":\"2026-02-25T08:47:26+00:00\",\"breadcrumb\":{\"@id\":\"https:\\\/\\\/anadolupet.com.tr\\\/urun\\\/schesir-tamamlayici-ton-balikli-jole-icinde-kedi-konservesi-70g\\\/#breadcrumb\"},\"inLanguage\":\"en-US\",\"potentialAction\":[{\"@type\":\"ReadAction\",\"target\":[\"https:\\\/\\\/anadolupet.com.tr\\\/urun\\\/schesir-tamamlayici-ton-balikli-jole-icinde-kedi-konservesi-70g\\\/\"]}]},{\"@type\":\"ImageObject\",\"inLanguage\":\"en-US\",\"@id\":\"https:\\\/\\\/anadolupet.com.tr\\\/urun\\\/schesir-tamamlayici-ton-balikli-jole-icinde-kedi-konservesi-70g\\\/#primaryimage\",\"url\":\"https:\\\/\\\/anadolupet.com.tr\\\/wp-content\\\/uploads\\\/2026\\\/02\\\/230-21121803-scaled.jpg\",\"contentUrl\":\"https:\\\/\\\/anadolupet.com.tr\\\/wp-content\\\/uploads\\\/2026\\\/02\\\/230-21121803-scaled.jpg\",\"width\":2560,\"height\":2560},{\"@type\":\"BreadcrumbList\",\"@id\":\"https:\\\/\\\/anadolupet.com.tr\\\/urun\\\/schesir-tamamlayici-ton-balikli-jole-icinde-kedi-konservesi-70g\\\/#breadcrumb\",\"itemListElement\":[{\"@type\":\"ListItem\",\"position\":1,\"name\":\"Anasayfa\",\"item\":\"https:\\\/\\\/anadolupet.com.tr\\\/\"},{\"@type\":\"ListItem\",\"position\":2,\"name\":\"\u00dcr\u00fcnler\",\"item\":\"https:\\\/\\\/anadolupet.com.tr\\\/urunler\\\/\"},{\"@type\":\"ListItem\",\"position\":3,\"name\":\"Schesir Tamamlay\u0131c\u0131 Ton Bal\u0131kl\u0131 J\u00f6le \u0130\u00e7inde Kedi Konservesi 70g\"}]},{\"@type\":\"WebSite\",\"@id\":\"https:\\\/\\\/anadolupet.com.tr\\\/#website\",\"url\":\"https:\\\/\\\/anadolupet.com.tr\\\/\",\"name\":\"Anadolu Pet Grup\",\"description\":\"Her Can\u0131n \u0130yi Ya\u015fam\u0131 \u0130\u00e7in Biraraday\u0131z\",\"publisher\":{\"@id\":\"https:\\\/\\\/anadolupet.com.tr\\\/#organization\"},\"potentialAction\":[{\"@type\":\"SearchAction\",\"target\":{\"@type\":\"EntryPoint\",\"urlTemplate\":\"https:\\\/\\\/anadolupet.com.tr\\\/?s={search_term_string}\"},\"query-input\":{\"@type\":\"PropertyValueSpecification\",\"valueRequired\":true,\"valueName\":\"search_term_string\"}}],\"inLanguage\":\"en-US\"},{\"@type\":\"Organization\",\"@id\":\"https:\\\/\\\/anadolupet.com.tr\\\/#organization\",\"name\":\"Anadolu Pet Grup\",\"alternateName\":\"Anadolu Pet\",\"url\":\"https:\\\/\\\/anadolupet.com.tr\\\/\",\"logo\":{\"@type\":\"ImageObject\",\"inLanguage\":\"en-US\",\"@id\":\"https:\\\/\\\/anadolupet.com.tr\\\/#\\\/schema\\\/logo\\\/image\\\/\",\"url\":\"https:\\\/\\\/anadolupet.com.tr\\\/wp-content\\\/uploads\\\/2026\\\/03\\\/1614666743370.jpg\",\"contentUrl\":\"https:\\\/\\\/anadolupet.com.tr\\\/wp-content\\\/uploads\\\/2026\\\/03\\\/1614666743370.jpg\",\"width\":800,\"height\":571,\"caption\":\"Anadolu Pet Grup\"},\"image\":{\"@id\":\"https:\\\/\\\/anadolupet.com.tr\\\/#\\\/schema\\\/logo\\\/image\\\/\"}}]}<\/script>\n<!-- \/ Yoast SEO plugin. -->","yoast_head_json":{"title":"Schesir Tamamlay\u0131c\u0131 Ton Bal\u0131kl\u0131 J\u00f6le \u0130\u00e7inde Kedi Konservesi 70g - Anadolu Pet Grup","robots":{"index":"index","follow":"follow","max-snippet":"max-snippet:-1","max-image-preview":"max-image-preview:large","max-video-preview":"max-video-preview:-1"},"canonical":"https:\/\/anadolupet.com.tr\/en\/product\/schesir-tamamlayici-ton-balikli-jole-icinde-kedi-konservesi-70g\/","og_locale":"en_US","og_type":"article","og_title":"Schesir Tamamlay\u0131c\u0131 Ton Bal\u0131kl\u0131 J\u00f6le \u0130\u00e7inde Kedi Konservesi 70g - Anadolu Pet Grup","og_description":"Yeti\u015fkin kediler i\u00e7in do\u011fal, hafif ve lezzetli tamamlay\u0131c\u0131 ya\u015f mama. A\u00e7\u0131k denizde yakalanm\u0131\u015f ger\u00e7ek ton bal\u0131\u011f\u0131 filetosu ile haz\u0131rlanan bu mama, yumu\u015fak j\u00f6le formunda sunulur ve kedinizin do\u011fal beslenme ihtiya\u00e7lar\u0131na m\u00fckemmel uyum sa\u011flar. \u00d6ne \u00c7\u0131kan \u00d6zellikler A\u00e7\u0131k denizde yakalanm\u0131\u015f, kaliteli ton bal\u0131\u011f\u0131 Buharda pi\u015firilmi\u015f ton bal\u0131\u011f\u0131 filetosu Az say\u0131da, basit ve do\u011fal i\u00e7erik Y\u00fcksek protein, d\u00fc\u015f\u00fck karbonhidrat oran\u0131 Yumu\u015fak j\u00f6le formu ile ekstra hidrasyon sa\u011flar \u0130\u015ftah a\u00e7\u0131c\u0131 ve do\u011fal lezzet Yeti\u015fkin kediler i\u00e7in tamamlay\u0131c\u0131 ya\u015f mama \u0130\u00e7indekiler Ton Bal\u0131\u011f\u0131 %55,1 Pirin\u00e7 %1,5 Kullan\u0131m \u00d6nerisi Tam ve dengeli mamalara ek olarak tamamlay\u0131c\u0131 ya\u015f mama \u015feklinde sunulmal\u0131d\u0131r. \u00d6d\u00fcl olarak ya da kuru\/tam ya\u015f mamalarla birlikte verilebilir. Oda s\u0131cakl\u0131\u011f\u0131nda servis edilmesi tavsiye edilir. Dengeli beslenme i\u00e7in g\u00fcnde en fazla 2 kutu verilmesi \u00f6nerilir. Schesir Ton Bal\u0131kl\u0131 J\u00f6le \u0130\u00e7inde Kedi Konservesi, katk\u0131 maddesi i\u00e7ermeyen form\u00fcl\u00fc ve do\u011fal bal\u0131k aromas\u0131yla kedinizin \u00f6\u011f\u00fcnlerine sa\u011fl\u0131k ve lezzet katar.","og_url":"https:\/\/anadolupet.com.tr\/en\/product\/schesir-tamamlayici-ton-balikli-jole-icinde-kedi-konservesi-70g\/","og_site_name":"Anadolu Pet Grup","article_modified_time":"2026-02-25T08:47:26+00:00","og_image":[{"width":2560,"height":2560,"url":"https:\/\/anadolupet.com.tr\/wp-content\/uploads\/2026\/02\/230-21121803-scaled.jpg","type":"image\/jpeg"}],"twitter_card":"summary_large_image","schema":{"@context":"https:\/\/schema.org","@graph":[{"@type":"WebPage","@id":"https:\/\/anadolupet.com.tr\/urun\/schesir-tamamlayici-ton-balikli-jole-icinde-kedi-konservesi-70g\/","url":"https:\/\/anadolupet.com.tr\/urun\/schesir-tamamlayici-ton-balikli-jole-icinde-kedi-konservesi-70g\/","name":"Schesir Tamamlay\u0131c\u0131 Ton Bal\u0131kl\u0131 J\u00f6le \u0130\u00e7inde Kedi Konservesi 70g - Anadolu Pet Grup","isPartOf":{"@id":"https:\/\/anadolupet.com.tr\/#website"},"primaryImageOfPage":{"@id":"https:\/\/anadolupet.com.tr\/urun\/schesir-tamamlayici-ton-balikli-jole-icinde-kedi-konservesi-70g\/#primaryimage"},"image":{"@id":"https:\/\/anadolupet.com.tr\/urun\/schesir-tamamlayici-ton-balikli-jole-icinde-kedi-konservesi-70g\/#primaryimage"},"thumbnailUrl":"https:\/\/anadolupet.com.tr\/wp-content\/uploads\/2026\/02\/230-21121803-scaled.jpg","datePublished":"2026-02-14T14:45:53+00:00","dateModified":"2026-02-25T08:47:26+00:00","breadcrumb":{"@id":"https:\/\/anadolupet.com.tr\/urun\/schesir-tamamlayici-ton-balikli-jole-icinde-kedi-konservesi-70g\/#breadcrumb"},"inLanguage":"en-US","potentialAction":[{"@type":"ReadAction","target":["https:\/\/anadolupet.com.tr\/urun\/schesir-tamamlayici-ton-balikli-jole-icinde-kedi-konservesi-70g\/"]}]},{"@type":"ImageObject","inLanguage":"en-US","@id":"https:\/\/anadolupet.com.tr\/urun\/schesir-tamamlayici-ton-balikli-jole-icinde-kedi-konservesi-70g\/#primaryimage","url":"https:\/\/anadolupet.com.tr\/wp-content\/uploads\/2026\/02\/230-21121803-scaled.jpg","contentUrl":"https:\/\/anadolupet.com.tr\/wp-content\/uploads\/2026\/02\/230-21121803-scaled.jpg","width":2560,"height":2560},{"@type":"BreadcrumbList","@id":"https:\/\/anadolupet.com.tr\/urun\/schesir-tamamlayici-ton-balikli-jole-icinde-kedi-konservesi-70g\/#breadcrumb","itemListElement":[{"@type":"ListItem","position":1,"name":"Anasayfa","item":"https:\/\/anadolupet.com.tr\/"},{"@type":"ListItem","position":2,"name":"\u00dcr\u00fcnler","item":"https:\/\/anadolupet.com.tr\/urunler\/"},{"@type":"ListItem","position":3,"name":"Schesir Tamamlay\u0131c\u0131 Ton Bal\u0131kl\u0131 J\u00f6le \u0130\u00e7inde Kedi Konservesi 70g"}]},{"@type":"WebSite","@id":"https:\/\/anadolupet.com.tr\/#website","url":"https:\/\/anadolupet.com.tr\/","name":"Anadolu Pet Group","description":"We Stand Together for the Well-Being of Every Life","publisher":{"@id":"https:\/\/anadolupet.com.tr\/#organization"},"potentialAction":[{"@type":"SearchAction","target":{"@type":"EntryPoint","urlTemplate":"https:\/\/anadolupet.com.tr\/?s={search_term_string}"},"query-input":{"@type":"PropertyValueSpecification","valueRequired":true,"valueName":"search_term_string"}}],"inLanguage":"en-US"},{"@type":"Organization","@id":"https:\/\/anadolupet.com.tr\/#organization","name":"Anadolu Pet Group","alternateName":"Anadolu Pet","url":"https:\/\/anadolupet.com.tr\/","logo":{"@type":"ImageObject","inLanguage":"en-US","@id":"https:\/\/anadolupet.com.tr\/#\/schema\/logo\/image\/","url":"https:\/\/anadolupet.com.tr\/wp-content\/uploads\/2026\/03\/1614666743370.jpg","contentUrl":"https:\/\/anadolupet.com.tr\/wp-content\/uploads\/2026\/03\/1614666743370.jpg","width":800,"height":571,"caption":"Anadolu Pet Grup"},"image":{"@id":"https:\/\/anadolupet.com.tr\/#\/schema\/logo\/image\/"}}]}},"_links":{"self":[{"href":"https:\/\/anadolupet.com.tr\/en\/wp-json\/wp\/v2\/product\/46162","targetHints":{"allow":["GET"]}}],"collection":[{"href":"https:\/\/anadolupet.com.tr\/en\/wp-json\/wp\/v2\/product"}],"about":[{"href":"https:\/\/anadolupet.com.tr\/en\/wp-json\/wp\/v2\/types\/product"}],"replies":[{"embeddable":true,"href":"https:\/\/anadolupet.com.tr\/en\/wp-json\/wp\/v2\/comments?post=46162"}],"wp:featuredmedia":[{"embeddable":true,"href":"https:\/\/anadolupet.com.tr\/en\/wp-json\/wp\/v2\/media\/47284"}],"wp:attachment":[{"href":"https:\/\/anadolupet.com.tr\/en\/wp-json\/wp\/v2\/media?parent=46162"}],"wp:term":[{"taxonomy":"product_brand","embeddable":true,"href":"https:\/\/anadolupet.com.tr\/en\/wp-json\/wp\/v2\/product_brand?post=46162"},{"taxonomy":"product_cat","embeddable":true,"href":"https:\/\/anadolupet.com.tr\/en\/wp-json\/wp\/v2\/product_cat?post=46162"},{"taxonomy":"product_tag","embeddable":true,"href":"https:\/\/anadolupet.com.tr\/en\/wp-json\/wp\/v2\/product_tag?post=46162"}],"curies":[{"name":"wp","href":"https:\/\/api.w.org\/{rel}","templated":true}]}}