{"id":46163,"date":"2026-02-14T14:45:53","date_gmt":"2026-02-14T14:45:53","guid":{"rendered":"https:\/\/anadolupet.com.tr\/urun\/schesir-tamamlayici-ton-balikli-ve-kalamarli-jole-icinde-kedi-konservesi-70g\/"},"modified":"2026-02-23T12:51:52","modified_gmt":"2026-02-23T12:51:52","slug":"schesir-tamamlayici-ton-balikli-ve-kalamarli-jole-icinde-kedi-konservesi-70g","status":"publish","type":"product","link":"https:\/\/anadolupet.com.tr\/en\/urun\/schesir-tamamlayici-ton-balikli-ve-kalamarli-jole-icinde-kedi-konservesi-70g\/","title":{"rendered":"Schesir Tamamlay\u0131c\u0131 Ton Bal\u0131kl\u0131 ve Kalamarl\u0131 J\u00f6le \u0130\u00e7inde Kedi Konservesi 70g"},"content":{"rendered":"","protected":false},"excerpt":{"rendered":"<p>Schesir Ton Bal\u0131kl\u0131 ve Kalamarl\u0131 J\u00f6le \u0130\u00e7inde Konserve Kedi Mamas\u0131, yeti\u015fkin kediler i\u00e7in \u00f6zel olarak haz\u0131rlanm\u0131\u015f tamamlay\u0131c\u0131 bir konserve kedi mamas\u0131d\u0131r. Hafif ve do\u011fal j\u00f6le i\u00e7inde sunulan ton bal\u0131\u011f\u0131 ve kalamar kar\u0131\u015f\u0131m\u0131 ile y\u00fcksek kaliteli deniz \u00fcr\u00fcn\u00fc proteini ve lezzet sunacak \u015fekilde form\u00fcle edilmi\u015ftir. Zengin j\u00f6lesi, kedilerin s\u0131v\u0131 al\u0131m\u0131n\u0131 desteklemek amac\u0131yla tasarlanm\u0131\u015ft\u0131r. \u0130\u00e7eri\u011finde yapay renklendirici ve koruyucu bulunmayan bu Schesir kedi mamas\u0131, do\u011fal bile\u015fenleriyle g\u00fcvenilir bir tamamlay\u0131c\u0131 besin se\u00e7ene\u011fidir.<br \/>\nBuharda pi\u015firilerek haz\u0131rlanan i\u00e7erikler, besin de\u011ferlerini ve do\u011fal aromas\u0131n\u0131 en \u00fcst d\u00fczeyde korur. Bu kedi konserve mama, Schesir markas\u0131n\u0131n kalite ilkelerine uygun olarak hi\u00e7bir yapay koruyucu, renklendirici veya kimyasal katk\u0131 maddesi bar\u0131nd\u0131rmaz. \u0130\u00e7eri\u011findeki kalamar, do\u011fal bir mineral kayna\u011f\u0131 sa\u011flarken, ton bal\u0131\u011f\u0131ndan gelen Omega-3 ya\u011f asitleri kedinizin t\u00fcy sa\u011fl\u0131\u011f\u0131n\u0131 ve parlakl\u0131\u011f\u0131n\u0131 destekleyen bir kedi konserve alternatifi olu\u015fturur<br \/>\n\u00d6ne \u00c7\u0131kan \u00d6zellikler<br \/>\nGer\u00e7ek Ton Bal\u0131\u011f\u0131 ve Kalamar: K\u0131y\u0131lm\u0131\u015f \u00fcr\u00fcnler yerine, b\u00fct\u00fcn halinde i\u015flenmi\u015f kaliteli ton bal\u0131\u011f\u0131 filetolar\u0131 ve kalamar par\u00e7alar\u0131 i\u00e7erir.<br \/>\nJ\u00f6leli Gurme Yap\u0131s\u0131: Yumu\u015fak j\u00f6le dokusu, se\u00e7ici kedilerin bile ilgisini \u00e7eken yo\u011fun bir aroma ve doku sunar.<br \/>\nOmega-3 ve Omega-6 Deste\u011fi: Sa\u011fl\u0131kl\u0131 deri ve parlak t\u00fcyler i\u00e7in gerekli olan esansiyel ya\u011f asitleri bak\u0131m\u0131ndan zengindir.<br \/>\nKatk\u0131s\u0131z Safl\u0131k: Renklendirici ve koruyucu i\u00e7ermeyen form\u00fcl\u00fcyle kedinizin sa\u011fl\u0131\u011f\u0131n\u0131 \u00f6n planda tutar.<br \/>\nMama \u0130\u00e7eri\u011fi<br \/>\nTon bal\u0131\u011f\u0131 %18, Kalamar %6, Pirin\u00e7 %1,5.<br \/>\nAnalitik Bile\u015fenler<br \/>\nProtein: %12,5<br \/>\nYa\u011f: %1<br \/>\nLif: %0,5<br \/>\nK\u00fcl: %0,8<br \/>\nNem: %85<\/p>","protected":false},"featured_media":42979,"comment_status":"open","ping_status":"closed","template":"","meta":{"_acf_changed":false},"product_brand":[],"product_cat":[2436],"product_tag":[],"class_list":{"0":"post-46163","1":"product","2":"type-product","3":"status-publish","4":"has-post-thumbnail","6":"product_cat-stix","8":"first","9":"instock","10":"shipping-taxable","11":"product-type-simple"},"acf":[],"yoast_head":"<!-- This site is optimized with the Yoast SEO plugin v27.5 - https:\/\/yoast.com\/product\/yoast-seo-wordpress\/ -->\n<title>Schesir Tamamlay\u0131c\u0131 Ton Bal\u0131kl\u0131 ve Kalamarl\u0131 J\u00f6le \u0130\u00e7inde Kedi Konservesi 70g - Anadolu Pet Grup<\/title>\n<meta name=\"robots\" content=\"index, follow, max-snippet:-1, max-image-preview:large, max-video-preview:-1\" \/>\n<link rel=\"canonical\" href=\"https:\/\/anadolupet.com.tr\/en\/product\/schesir-tamamlayici-ton-balikli-ve-kalamarli-jole-icinde-kedi-konservesi-70g\/\" \/>\n<meta property=\"og:locale\" content=\"en_US\" \/>\n<meta property=\"og:type\" content=\"article\" \/>\n<meta property=\"og:title\" content=\"Schesir Tamamlay\u0131c\u0131 Ton Bal\u0131kl\u0131 ve Kalamarl\u0131 J\u00f6le \u0130\u00e7inde Kedi Konservesi 70g - Anadolu Pet Grup\" \/>\n<meta property=\"og:description\" content=\"Schesir Ton Bal\u0131kl\u0131 ve Kalamarl\u0131 J\u00f6le \u0130\u00e7inde Konserve Kedi Mamas\u0131, yeti\u015fkin kediler i\u00e7in \u00f6zel olarak haz\u0131rlanm\u0131\u015f tamamlay\u0131c\u0131 bir konserve kedi mamas\u0131d\u0131r. Hafif ve do\u011fal j\u00f6le i\u00e7inde sunulan ton bal\u0131\u011f\u0131 ve kalamar kar\u0131\u015f\u0131m\u0131 ile y\u00fcksek kaliteli deniz \u00fcr\u00fcn\u00fc proteini ve lezzet sunacak \u015fekilde form\u00fcle edilmi\u015ftir. Zengin j\u00f6lesi, kedilerin s\u0131v\u0131 al\u0131m\u0131n\u0131 desteklemek amac\u0131yla tasarlanm\u0131\u015ft\u0131r. \u0130\u00e7eri\u011finde yapay renklendirici ve koruyucu bulunmayan bu Schesir kedi mamas\u0131, do\u011fal bile\u015fenleriyle g\u00fcvenilir bir tamamlay\u0131c\u0131 besin se\u00e7ene\u011fidir. Buharda pi\u015firilerek haz\u0131rlanan i\u00e7erikler, besin de\u011ferlerini ve do\u011fal aromas\u0131n\u0131 en \u00fcst d\u00fczeyde korur. Bu kedi konserve mama, Schesir markas\u0131n\u0131n kalite ilkelerine uygun olarak hi\u00e7bir yapay koruyucu, renklendirici veya kimyasal katk\u0131 maddesi bar\u0131nd\u0131rmaz. \u0130\u00e7eri\u011findeki kalamar, do\u011fal bir mineral kayna\u011f\u0131 sa\u011flarken, ton bal\u0131\u011f\u0131ndan gelen Omega-3 ya\u011f asitleri kedinizin t\u00fcy sa\u011fl\u0131\u011f\u0131n\u0131 ve parlakl\u0131\u011f\u0131n\u0131 destekleyen bir kedi konserve alternatifi olu\u015fturur \u00d6ne \u00c7\u0131kan \u00d6zellikler Ger\u00e7ek Ton Bal\u0131\u011f\u0131 ve Kalamar: K\u0131y\u0131lm\u0131\u015f \u00fcr\u00fcnler yerine, b\u00fct\u00fcn halinde i\u015flenmi\u015f kaliteli ton bal\u0131\u011f\u0131 filetolar\u0131 ve kalamar par\u00e7alar\u0131 i\u00e7erir. J\u00f6leli Gurme Yap\u0131s\u0131: Yumu\u015fak j\u00f6le dokusu, se\u00e7ici kedilerin bile ilgisini \u00e7eken yo\u011fun bir aroma ve doku sunar. Omega-3 ve Omega-6 Deste\u011fi: Sa\u011fl\u0131kl\u0131 deri ve parlak t\u00fcyler i\u00e7in gerekli olan esansiyel ya\u011f asitleri bak\u0131m\u0131ndan zengindir. Katk\u0131s\u0131z Safl\u0131k: Renklendirici ve koruyucu i\u00e7ermeyen form\u00fcl\u00fcyle kedinizin sa\u011fl\u0131\u011f\u0131n\u0131 \u00f6n planda tutar. Mama \u0130\u00e7eri\u011fi Ton bal\u0131\u011f\u0131 %18, Kalamar %6, Pirin\u00e7 %1,5. Analitik Bile\u015fenler Protein: %12,5 Ya\u011f: %1 Lif: %0,5 K\u00fcl: %0,8 Nem: %85\" \/>\n<meta property=\"og:url\" content=\"https:\/\/anadolupet.com.tr\/en\/product\/schesir-tamamlayici-ton-balikli-ve-kalamarli-jole-icinde-kedi-konservesi-70g\/\" \/>\n<meta property=\"og:site_name\" content=\"Anadolu Pet Grup\" \/>\n<meta property=\"article:modified_time\" content=\"2026-02-23T12:51:52+00:00\" \/>\n<meta property=\"og:image\" content=\"https:\/\/anadolupet.com.tr\/wp-content\/uploads\/2026\/02\/230-21122703_4.jpg\" \/>\n\t<meta property=\"og:image:width\" content=\"750\" \/>\n\t<meta property=\"og:image:height\" content=\"750\" \/>\n\t<meta property=\"og:image:type\" content=\"image\/jpeg\" \/>\n<meta name=\"twitter:card\" content=\"summary_large_image\" \/>\n<script type=\"application\/ld+json\" class=\"yoast-schema-graph\">{\"@context\":\"https:\\\/\\\/schema.org\",\"@graph\":[{\"@type\":\"WebPage\",\"@id\":\"https:\\\/\\\/anadolupet.com.tr\\\/urun\\\/schesir-tamamlayici-ton-balikli-ve-kalamarli-jole-icinde-kedi-konservesi-70g\\\/\",\"url\":\"https:\\\/\\\/anadolupet.com.tr\\\/urun\\\/schesir-tamamlayici-ton-balikli-ve-kalamarli-jole-icinde-kedi-konservesi-70g\\\/\",\"name\":\"Schesir Tamamlay\u0131c\u0131 Ton Bal\u0131kl\u0131 ve Kalamarl\u0131 J\u00f6le \u0130\u00e7inde Kedi Konservesi 70g - Anadolu Pet Grup\",\"isPartOf\":{\"@id\":\"https:\\\/\\\/anadolupet.com.tr\\\/#website\"},\"primaryImageOfPage\":{\"@id\":\"https:\\\/\\\/anadolupet.com.tr\\\/urun\\\/schesir-tamamlayici-ton-balikli-ve-kalamarli-jole-icinde-kedi-konservesi-70g\\\/#primaryimage\"},\"image\":{\"@id\":\"https:\\\/\\\/anadolupet.com.tr\\\/urun\\\/schesir-tamamlayici-ton-balikli-ve-kalamarli-jole-icinde-kedi-konservesi-70g\\\/#primaryimage\"},\"thumbnailUrl\":\"https:\\\/\\\/anadolupet.com.tr\\\/wp-content\\\/uploads\\\/2026\\\/02\\\/230-21122703_4.jpg\",\"datePublished\":\"2026-02-14T14:45:53+00:00\",\"dateModified\":\"2026-02-23T12:51:52+00:00\",\"breadcrumb\":{\"@id\":\"https:\\\/\\\/anadolupet.com.tr\\\/urun\\\/schesir-tamamlayici-ton-balikli-ve-kalamarli-jole-icinde-kedi-konservesi-70g\\\/#breadcrumb\"},\"inLanguage\":\"en-US\",\"potentialAction\":[{\"@type\":\"ReadAction\",\"target\":[\"https:\\\/\\\/anadolupet.com.tr\\\/urun\\\/schesir-tamamlayici-ton-balikli-ve-kalamarli-jole-icinde-kedi-konservesi-70g\\\/\"]}]},{\"@type\":\"ImageObject\",\"inLanguage\":\"en-US\",\"@id\":\"https:\\\/\\\/anadolupet.com.tr\\\/urun\\\/schesir-tamamlayici-ton-balikli-ve-kalamarli-jole-icinde-kedi-konservesi-70g\\\/#primaryimage\",\"url\":\"https:\\\/\\\/anadolupet.com.tr\\\/wp-content\\\/uploads\\\/2026\\\/02\\\/230-21122703_4.jpg\",\"contentUrl\":\"https:\\\/\\\/anadolupet.com.tr\\\/wp-content\\\/uploads\\\/2026\\\/02\\\/230-21122703_4.jpg\",\"width\":750,\"height\":750},{\"@type\":\"BreadcrumbList\",\"@id\":\"https:\\\/\\\/anadolupet.com.tr\\\/urun\\\/schesir-tamamlayici-ton-balikli-ve-kalamarli-jole-icinde-kedi-konservesi-70g\\\/#breadcrumb\",\"itemListElement\":[{\"@type\":\"ListItem\",\"position\":1,\"name\":\"Anasayfa\",\"item\":\"https:\\\/\\\/anadolupet.com.tr\\\/\"},{\"@type\":\"ListItem\",\"position\":2,\"name\":\"\u00dcr\u00fcnler\",\"item\":\"https:\\\/\\\/anadolupet.com.tr\\\/urunler\\\/\"},{\"@type\":\"ListItem\",\"position\":3,\"name\":\"Schesir Tamamlay\u0131c\u0131 Ton Bal\u0131kl\u0131 ve Kalamarl\u0131 J\u00f6le \u0130\u00e7inde Kedi Konservesi 70g\"}]},{\"@type\":\"WebSite\",\"@id\":\"https:\\\/\\\/anadolupet.com.tr\\\/#website\",\"url\":\"https:\\\/\\\/anadolupet.com.tr\\\/\",\"name\":\"Anadolu Pet Grup\",\"description\":\"Her Can\u0131n \u0130yi Ya\u015fam\u0131 \u0130\u00e7in Biraraday\u0131z\",\"publisher\":{\"@id\":\"https:\\\/\\\/anadolupet.com.tr\\\/#organization\"},\"potentialAction\":[{\"@type\":\"SearchAction\",\"target\":{\"@type\":\"EntryPoint\",\"urlTemplate\":\"https:\\\/\\\/anadolupet.com.tr\\\/?s={search_term_string}\"},\"query-input\":{\"@type\":\"PropertyValueSpecification\",\"valueRequired\":true,\"valueName\":\"search_term_string\"}}],\"inLanguage\":\"en-US\"},{\"@type\":\"Organization\",\"@id\":\"https:\\\/\\\/anadolupet.com.tr\\\/#organization\",\"name\":\"Anadolu Pet Grup\",\"alternateName\":\"Anadolu Pet\",\"url\":\"https:\\\/\\\/anadolupet.com.tr\\\/\",\"logo\":{\"@type\":\"ImageObject\",\"inLanguage\":\"en-US\",\"@id\":\"https:\\\/\\\/anadolupet.com.tr\\\/#\\\/schema\\\/logo\\\/image\\\/\",\"url\":\"https:\\\/\\\/anadolupet.com.tr\\\/wp-content\\\/uploads\\\/2026\\\/03\\\/1614666743370.jpg\",\"contentUrl\":\"https:\\\/\\\/anadolupet.com.tr\\\/wp-content\\\/uploads\\\/2026\\\/03\\\/1614666743370.jpg\",\"width\":800,\"height\":571,\"caption\":\"Anadolu Pet Grup\"},\"image\":{\"@id\":\"https:\\\/\\\/anadolupet.com.tr\\\/#\\\/schema\\\/logo\\\/image\\\/\"}}]}<\/script>\n<!-- \/ Yoast SEO plugin. -->","yoast_head_json":{"title":"Schesir Tamamlay\u0131c\u0131 Ton Bal\u0131kl\u0131 ve Kalamarl\u0131 J\u00f6le \u0130\u00e7inde Kedi Konservesi 70g - Anadolu Pet Grup","robots":{"index":"index","follow":"follow","max-snippet":"max-snippet:-1","max-image-preview":"max-image-preview:large","max-video-preview":"max-video-preview:-1"},"canonical":"https:\/\/anadolupet.com.tr\/en\/product\/schesir-tamamlayici-ton-balikli-ve-kalamarli-jole-icinde-kedi-konservesi-70g\/","og_locale":"en_US","og_type":"article","og_title":"Schesir Tamamlay\u0131c\u0131 Ton Bal\u0131kl\u0131 ve Kalamarl\u0131 J\u00f6le \u0130\u00e7inde Kedi Konservesi 70g - Anadolu Pet Grup","og_description":"Schesir Ton Bal\u0131kl\u0131 ve Kalamarl\u0131 J\u00f6le \u0130\u00e7inde Konserve Kedi Mamas\u0131, yeti\u015fkin kediler i\u00e7in \u00f6zel olarak haz\u0131rlanm\u0131\u015f tamamlay\u0131c\u0131 bir konserve kedi mamas\u0131d\u0131r. Hafif ve do\u011fal j\u00f6le i\u00e7inde sunulan ton bal\u0131\u011f\u0131 ve kalamar kar\u0131\u015f\u0131m\u0131 ile y\u00fcksek kaliteli deniz \u00fcr\u00fcn\u00fc proteini ve lezzet sunacak \u015fekilde form\u00fcle edilmi\u015ftir. Zengin j\u00f6lesi, kedilerin s\u0131v\u0131 al\u0131m\u0131n\u0131 desteklemek amac\u0131yla tasarlanm\u0131\u015ft\u0131r. \u0130\u00e7eri\u011finde yapay renklendirici ve koruyucu bulunmayan bu Schesir kedi mamas\u0131, do\u011fal bile\u015fenleriyle g\u00fcvenilir bir tamamlay\u0131c\u0131 besin se\u00e7ene\u011fidir. Buharda pi\u015firilerek haz\u0131rlanan i\u00e7erikler, besin de\u011ferlerini ve do\u011fal aromas\u0131n\u0131 en \u00fcst d\u00fczeyde korur. Bu kedi konserve mama, Schesir markas\u0131n\u0131n kalite ilkelerine uygun olarak hi\u00e7bir yapay koruyucu, renklendirici veya kimyasal katk\u0131 maddesi bar\u0131nd\u0131rmaz. \u0130\u00e7eri\u011findeki kalamar, do\u011fal bir mineral kayna\u011f\u0131 sa\u011flarken, ton bal\u0131\u011f\u0131ndan gelen Omega-3 ya\u011f asitleri kedinizin t\u00fcy sa\u011fl\u0131\u011f\u0131n\u0131 ve parlakl\u0131\u011f\u0131n\u0131 destekleyen bir kedi konserve alternatifi olu\u015fturur \u00d6ne \u00c7\u0131kan \u00d6zellikler Ger\u00e7ek Ton Bal\u0131\u011f\u0131 ve Kalamar: K\u0131y\u0131lm\u0131\u015f \u00fcr\u00fcnler yerine, b\u00fct\u00fcn halinde i\u015flenmi\u015f kaliteli ton bal\u0131\u011f\u0131 filetolar\u0131 ve kalamar par\u00e7alar\u0131 i\u00e7erir. J\u00f6leli Gurme Yap\u0131s\u0131: Yumu\u015fak j\u00f6le dokusu, se\u00e7ici kedilerin bile ilgisini \u00e7eken yo\u011fun bir aroma ve doku sunar. Omega-3 ve Omega-6 Deste\u011fi: Sa\u011fl\u0131kl\u0131 deri ve parlak t\u00fcyler i\u00e7in gerekli olan esansiyel ya\u011f asitleri bak\u0131m\u0131ndan zengindir. Katk\u0131s\u0131z Safl\u0131k: Renklendirici ve koruyucu i\u00e7ermeyen form\u00fcl\u00fcyle kedinizin sa\u011fl\u0131\u011f\u0131n\u0131 \u00f6n planda tutar. Mama \u0130\u00e7eri\u011fi Ton bal\u0131\u011f\u0131 %18, Kalamar %6, Pirin\u00e7 %1,5. Analitik Bile\u015fenler Protein: %12,5 Ya\u011f: %1 Lif: %0,5 K\u00fcl: %0,8 Nem: %85","og_url":"https:\/\/anadolupet.com.tr\/en\/product\/schesir-tamamlayici-ton-balikli-ve-kalamarli-jole-icinde-kedi-konservesi-70g\/","og_site_name":"Anadolu Pet Grup","article_modified_time":"2026-02-23T12:51:52+00:00","og_image":[{"width":750,"height":750,"url":"https:\/\/anadolupet.com.tr\/wp-content\/uploads\/2026\/02\/230-21122703_4.jpg","type":"image\/jpeg"}],"twitter_card":"summary_large_image","schema":{"@context":"https:\/\/schema.org","@graph":[{"@type":"WebPage","@id":"https:\/\/anadolupet.com.tr\/urun\/schesir-tamamlayici-ton-balikli-ve-kalamarli-jole-icinde-kedi-konservesi-70g\/","url":"https:\/\/anadolupet.com.tr\/urun\/schesir-tamamlayici-ton-balikli-ve-kalamarli-jole-icinde-kedi-konservesi-70g\/","name":"Schesir Tamamlay\u0131c\u0131 Ton Bal\u0131kl\u0131 ve Kalamarl\u0131 J\u00f6le \u0130\u00e7inde Kedi Konservesi 70g - Anadolu Pet Grup","isPartOf":{"@id":"https:\/\/anadolupet.com.tr\/#website"},"primaryImageOfPage":{"@id":"https:\/\/anadolupet.com.tr\/urun\/schesir-tamamlayici-ton-balikli-ve-kalamarli-jole-icinde-kedi-konservesi-70g\/#primaryimage"},"image":{"@id":"https:\/\/anadolupet.com.tr\/urun\/schesir-tamamlayici-ton-balikli-ve-kalamarli-jole-icinde-kedi-konservesi-70g\/#primaryimage"},"thumbnailUrl":"https:\/\/anadolupet.com.tr\/wp-content\/uploads\/2026\/02\/230-21122703_4.jpg","datePublished":"2026-02-14T14:45:53+00:00","dateModified":"2026-02-23T12:51:52+00:00","breadcrumb":{"@id":"https:\/\/anadolupet.com.tr\/urun\/schesir-tamamlayici-ton-balikli-ve-kalamarli-jole-icinde-kedi-konservesi-70g\/#breadcrumb"},"inLanguage":"en-US","potentialAction":[{"@type":"ReadAction","target":["https:\/\/anadolupet.com.tr\/urun\/schesir-tamamlayici-ton-balikli-ve-kalamarli-jole-icinde-kedi-konservesi-70g\/"]}]},{"@type":"ImageObject","inLanguage":"en-US","@id":"https:\/\/anadolupet.com.tr\/urun\/schesir-tamamlayici-ton-balikli-ve-kalamarli-jole-icinde-kedi-konservesi-70g\/#primaryimage","url":"https:\/\/anadolupet.com.tr\/wp-content\/uploads\/2026\/02\/230-21122703_4.jpg","contentUrl":"https:\/\/anadolupet.com.tr\/wp-content\/uploads\/2026\/02\/230-21122703_4.jpg","width":750,"height":750},{"@type":"BreadcrumbList","@id":"https:\/\/anadolupet.com.tr\/urun\/schesir-tamamlayici-ton-balikli-ve-kalamarli-jole-icinde-kedi-konservesi-70g\/#breadcrumb","itemListElement":[{"@type":"ListItem","position":1,"name":"Anasayfa","item":"https:\/\/anadolupet.com.tr\/"},{"@type":"ListItem","position":2,"name":"\u00dcr\u00fcnler","item":"https:\/\/anadolupet.com.tr\/urunler\/"},{"@type":"ListItem","position":3,"name":"Schesir Tamamlay\u0131c\u0131 Ton Bal\u0131kl\u0131 ve Kalamarl\u0131 J\u00f6le \u0130\u00e7inde Kedi Konservesi 70g"}]},{"@type":"WebSite","@id":"https:\/\/anadolupet.com.tr\/#website","url":"https:\/\/anadolupet.com.tr\/","name":"Anadolu Pet Group","description":"We Stand Together for the Well-Being of Every Life","publisher":{"@id":"https:\/\/anadolupet.com.tr\/#organization"},"potentialAction":[{"@type":"SearchAction","target":{"@type":"EntryPoint","urlTemplate":"https:\/\/anadolupet.com.tr\/?s={search_term_string}"},"query-input":{"@type":"PropertyValueSpecification","valueRequired":true,"valueName":"search_term_string"}}],"inLanguage":"en-US"},{"@type":"Organization","@id":"https:\/\/anadolupet.com.tr\/#organization","name":"Anadolu Pet Group","alternateName":"Anadolu Pet","url":"https:\/\/anadolupet.com.tr\/","logo":{"@type":"ImageObject","inLanguage":"en-US","@id":"https:\/\/anadolupet.com.tr\/#\/schema\/logo\/image\/","url":"https:\/\/anadolupet.com.tr\/wp-content\/uploads\/2026\/03\/1614666743370.jpg","contentUrl":"https:\/\/anadolupet.com.tr\/wp-content\/uploads\/2026\/03\/1614666743370.jpg","width":800,"height":571,"caption":"Anadolu Pet Grup"},"image":{"@id":"https:\/\/anadolupet.com.tr\/#\/schema\/logo\/image\/"}}]}},"_links":{"self":[{"href":"https:\/\/anadolupet.com.tr\/en\/wp-json\/wp\/v2\/product\/46163","targetHints":{"allow":["GET"]}}],"collection":[{"href":"https:\/\/anadolupet.com.tr\/en\/wp-json\/wp\/v2\/product"}],"about":[{"href":"https:\/\/anadolupet.com.tr\/en\/wp-json\/wp\/v2\/types\/product"}],"replies":[{"embeddable":true,"href":"https:\/\/anadolupet.com.tr\/en\/wp-json\/wp\/v2\/comments?post=46163"}],"wp:featuredmedia":[{"embeddable":true,"href":"https:\/\/anadolupet.com.tr\/en\/wp-json\/wp\/v2\/media\/42979"}],"wp:attachment":[{"href":"https:\/\/anadolupet.com.tr\/en\/wp-json\/wp\/v2\/media?parent=46163"}],"wp:term":[{"taxonomy":"product_brand","embeddable":true,"href":"https:\/\/anadolupet.com.tr\/en\/wp-json\/wp\/v2\/product_brand?post=46163"},{"taxonomy":"product_cat","embeddable":true,"href":"https:\/\/anadolupet.com.tr\/en\/wp-json\/wp\/v2\/product_cat?post=46163"},{"taxonomy":"product_tag","embeddable":true,"href":"https:\/\/anadolupet.com.tr\/en\/wp-json\/wp\/v2\/product_tag?post=46163"}],"curies":[{"name":"wp","href":"https:\/\/api.w.org\/{rel}","templated":true}]}}