{"id":46166,"date":"2026-02-14T14:45:54","date_gmt":"2026-02-14T14:45:54","guid":{"rendered":"https:\/\/anadolupet.com.tr\/urun\/schesir-tamamlayici-ton-ve-sari-kuyruk-balikli-jole-icinde-kedi-konservesi-70g\/"},"modified":"2026-02-23T12:51:52","modified_gmt":"2026-02-23T12:51:52","slug":"schesir-tamamlayici-ton-ve-sari-kuyruk-balikli-jole-icinde-kedi-konservesi-70g","status":"publish","type":"product","link":"https:\/\/anadolupet.com.tr\/en\/urun\/schesir-tamamlayici-ton-ve-sari-kuyruk-balikli-jole-icinde-kedi-konservesi-70g\/","title":{"rendered":"Schesir Tamamlay\u0131c\u0131 Ton ve Sar\u0131 Kuyruk Bal\u0131kl\u0131 J\u00f6le \u0130\u00e7inde Kedi Konservesi 70g"},"content":{"rendered":"","protected":false},"excerpt":{"rendered":"<p>Schesir Ton Bal\u0131kl\u0131 ve Sar\u0131 Kuyruk Bal\u0131kl\u0131 J\u00f6le \u0130\u00e7inde Konserve Kedi Mamas\u0131, yeti\u015fkin kedilerin \u00f6\u011f\u00fcnlerini \u00e7e\u015fitlendirmek ve lezzetlendirmek \u00fczere form\u00fcle edilmi\u015f tamamlay\u0131c\u0131 bir konserve kedi mamas\u0131d\u0131r. Hafif ve do\u011fal j\u00f6le i\u00e7inde sunulan ton bal\u0131\u011f\u0131 ve sar\u0131 kuyruk bal\u0131\u011f\u0131 kar\u0131\u015f\u0131m\u0131 ile y\u00fcksek kaliteli deniz \u00fcr\u00fcn\u00fc proteini ve omega ya\u011f asitleri kayna\u011f\u0131 sunar. Zengin j\u00f6lesi ile kedilerin s\u0131v\u0131 al\u0131m\u0131n\u0131 destekleyecek \u015fekilde haz\u0131rlanm\u0131\u015ft\u0131r. \u0130\u00e7eri\u011finde yapay renklendirici ve koruyucu bulunmayan bu Schesir kedi mamas\u0131, do\u011fal bile\u015fenleriyle g\u00fcvenilir bir tamamlay\u0131c\u0131 besin se\u00e7ene\u011fidir.<br \/>\nBuharda pi\u015firme y\u00f6ntemi sayesinde i\u00e7erisindeki Omega-3 ve Omega-6 ya\u011f asitlerini muhafaza eden bu kedi konserve mamas\u0131, kedinizin t\u00fcy ve deri sa\u011fl\u0131\u011f\u0131n\u0131 desteklerken parlakl\u0131k kazand\u0131r\u0131r. Schesir markas\u0131n\u0131n y\u00fcksek kalite standartlar\u0131na uygun olarak, hi\u00e7bir yapay renklendirici, koruyucu veya kimyasal katk\u0131 maddesi i\u00e7ermez. Do\u011fal ve taze bile\u015fenlerden olu\u015fan yap\u0131s\u0131, bu kedi konserve \u00e7e\u015fidini hem sa\u011fl\u0131kl\u0131 hem de g\u00fcvenilir bir ek g\u0131da tercihi yapar.<br \/>\n\u00d6ne \u00c7\u0131kan \u00d6zellikler<br \/>\nGer\u00e7ek Okyanus Bal\u0131klar\u0131: Sadece en kaliteli ton bal\u0131\u011f\u0131 ve sar\u0131 kuyruk bal\u0131\u011f\u0131 filetolar\u0131 kullan\u0131larak haz\u0131rlanm\u0131\u015ft\u0131r.<br \/>\nJ\u00f6le \u0130\u00e7inde Yumu\u015fak Doku: \u0130\u015ftah art\u0131ran hafif j\u00f6leli yap\u0131s\u0131 sayesinde kolay t\u00fcketim ve sindirim sa\u011flar.<br \/>\nOmega Ya\u011f Asitleri Bak\u0131m\u0131ndan Zengin: Deri sa\u011fl\u0131\u011f\u0131n\u0131 koruyan ve t\u00fcylerin daha parlak \u00e7\u0131kmas\u0131n\u0131 destekleyen do\u011fal ya\u011flar i\u00e7erir.<br \/>\nSaf ve Do\u011fal: Hi\u00e7bir yapay tatland\u0131r\u0131c\u0131, renklendirici veya koruyucu madde i\u00e7ermez.<br \/>\nMama \u0130\u00e7eri\u011fi<br \/>\nTon bal\u0131\u011f\u0131 %51, Pirin\u00e7 %1,5.<br \/>\nAnalitik Bile\u015fenler<br \/>\nProtein: %12,5<br \/>\nYa\u011f: %1<br \/>\nLif: %0,5<br \/>\nK\u00fcl: %0,8<br \/>\nNem: %85<\/p>","protected":false},"featured_media":42983,"comment_status":"open","ping_status":"closed","template":"","meta":{"_acf_changed":false},"product_brand":[],"product_cat":[2436],"product_tag":[],"class_list":{"0":"post-46166","1":"product","2":"type-product","3":"status-publish","4":"has-post-thumbnail","6":"product_cat-stix","8":"first","9":"instock","10":"shipping-taxable","11":"product-type-simple"},"acf":[],"yoast_head":"<!-- This site is optimized with the Yoast SEO plugin v27.5 - https:\/\/yoast.com\/product\/yoast-seo-wordpress\/ -->\n<title>Schesir Tamamlay\u0131c\u0131 Ton ve Sar\u0131 Kuyruk Bal\u0131kl\u0131 J\u00f6le \u0130\u00e7inde Kedi Konservesi 70g - Anadolu Pet Grup<\/title>\n<meta name=\"robots\" content=\"index, follow, max-snippet:-1, max-image-preview:large, max-video-preview:-1\" \/>\n<link rel=\"canonical\" href=\"https:\/\/anadolupet.com.tr\/en\/product\/schesir-tamamlayici-ton-ve-sari-kuyruk-balikli-jole-icinde-kedi-konservesi-70g\/\" \/>\n<meta property=\"og:locale\" content=\"en_US\" \/>\n<meta property=\"og:type\" content=\"article\" \/>\n<meta property=\"og:title\" content=\"Schesir Tamamlay\u0131c\u0131 Ton ve Sar\u0131 Kuyruk Bal\u0131kl\u0131 J\u00f6le \u0130\u00e7inde Kedi Konservesi 70g - Anadolu Pet Grup\" \/>\n<meta property=\"og:description\" content=\"Schesir Ton Bal\u0131kl\u0131 ve Sar\u0131 Kuyruk Bal\u0131kl\u0131 J\u00f6le \u0130\u00e7inde Konserve Kedi Mamas\u0131, yeti\u015fkin kedilerin \u00f6\u011f\u00fcnlerini \u00e7e\u015fitlendirmek ve lezzetlendirmek \u00fczere form\u00fcle edilmi\u015f tamamlay\u0131c\u0131 bir konserve kedi mamas\u0131d\u0131r. Hafif ve do\u011fal j\u00f6le i\u00e7inde sunulan ton bal\u0131\u011f\u0131 ve sar\u0131 kuyruk bal\u0131\u011f\u0131 kar\u0131\u015f\u0131m\u0131 ile y\u00fcksek kaliteli deniz \u00fcr\u00fcn\u00fc proteini ve omega ya\u011f asitleri kayna\u011f\u0131 sunar. Zengin j\u00f6lesi ile kedilerin s\u0131v\u0131 al\u0131m\u0131n\u0131 destekleyecek \u015fekilde haz\u0131rlanm\u0131\u015ft\u0131r. \u0130\u00e7eri\u011finde yapay renklendirici ve koruyucu bulunmayan bu Schesir kedi mamas\u0131, do\u011fal bile\u015fenleriyle g\u00fcvenilir bir tamamlay\u0131c\u0131 besin se\u00e7ene\u011fidir. Buharda pi\u015firme y\u00f6ntemi sayesinde i\u00e7erisindeki Omega-3 ve Omega-6 ya\u011f asitlerini muhafaza eden bu kedi konserve mamas\u0131, kedinizin t\u00fcy ve deri sa\u011fl\u0131\u011f\u0131n\u0131 desteklerken parlakl\u0131k kazand\u0131r\u0131r. Schesir markas\u0131n\u0131n y\u00fcksek kalite standartlar\u0131na uygun olarak, hi\u00e7bir yapay renklendirici, koruyucu veya kimyasal katk\u0131 maddesi i\u00e7ermez. Do\u011fal ve taze bile\u015fenlerden olu\u015fan yap\u0131s\u0131, bu kedi konserve \u00e7e\u015fidini hem sa\u011fl\u0131kl\u0131 hem de g\u00fcvenilir bir ek g\u0131da tercihi yapar. \u00d6ne \u00c7\u0131kan \u00d6zellikler Ger\u00e7ek Okyanus Bal\u0131klar\u0131: Sadece en kaliteli ton bal\u0131\u011f\u0131 ve sar\u0131 kuyruk bal\u0131\u011f\u0131 filetolar\u0131 kullan\u0131larak haz\u0131rlanm\u0131\u015ft\u0131r. J\u00f6le \u0130\u00e7inde Yumu\u015fak Doku: \u0130\u015ftah art\u0131ran hafif j\u00f6leli yap\u0131s\u0131 sayesinde kolay t\u00fcketim ve sindirim sa\u011flar. Omega Ya\u011f Asitleri Bak\u0131m\u0131ndan Zengin: Deri sa\u011fl\u0131\u011f\u0131n\u0131 koruyan ve t\u00fcylerin daha parlak \u00e7\u0131kmas\u0131n\u0131 destekleyen do\u011fal ya\u011flar i\u00e7erir. Saf ve Do\u011fal: Hi\u00e7bir yapay tatland\u0131r\u0131c\u0131, renklendirici veya koruyucu madde i\u00e7ermez. Mama \u0130\u00e7eri\u011fi Ton bal\u0131\u011f\u0131 %51, Pirin\u00e7 %1,5. Analitik Bile\u015fenler Protein: %12,5 Ya\u011f: %1 Lif: %0,5 K\u00fcl: %0,8 Nem: %85\" \/>\n<meta property=\"og:url\" content=\"https:\/\/anadolupet.com.tr\/en\/product\/schesir-tamamlayici-ton-ve-sari-kuyruk-balikli-jole-icinde-kedi-konservesi-70g\/\" \/>\n<meta property=\"og:site_name\" content=\"Anadolu Pet Grup\" \/>\n<meta property=\"article:modified_time\" content=\"2026-02-23T12:51:52+00:00\" \/>\n<meta property=\"og:image\" content=\"https:\/\/anadolupet.com.tr\/wp-content\/uploads\/2026\/02\/230-21122803_4.jpg\" \/>\n\t<meta property=\"og:image:width\" content=\"750\" \/>\n\t<meta property=\"og:image:height\" content=\"750\" \/>\n\t<meta property=\"og:image:type\" content=\"image\/jpeg\" \/>\n<meta name=\"twitter:card\" content=\"summary_large_image\" \/>\n<script type=\"application\/ld+json\" class=\"yoast-schema-graph\">{\"@context\":\"https:\\\/\\\/schema.org\",\"@graph\":[{\"@type\":\"WebPage\",\"@id\":\"https:\\\/\\\/anadolupet.com.tr\\\/urun\\\/schesir-tamamlayici-ton-ve-sari-kuyruk-balikli-jole-icinde-kedi-konservesi-70g\\\/\",\"url\":\"https:\\\/\\\/anadolupet.com.tr\\\/urun\\\/schesir-tamamlayici-ton-ve-sari-kuyruk-balikli-jole-icinde-kedi-konservesi-70g\\\/\",\"name\":\"Schesir Tamamlay\u0131c\u0131 Ton ve Sar\u0131 Kuyruk Bal\u0131kl\u0131 J\u00f6le \u0130\u00e7inde Kedi Konservesi 70g - Anadolu Pet Grup\",\"isPartOf\":{\"@id\":\"https:\\\/\\\/anadolupet.com.tr\\\/#website\"},\"primaryImageOfPage\":{\"@id\":\"https:\\\/\\\/anadolupet.com.tr\\\/urun\\\/schesir-tamamlayici-ton-ve-sari-kuyruk-balikli-jole-icinde-kedi-konservesi-70g\\\/#primaryimage\"},\"image\":{\"@id\":\"https:\\\/\\\/anadolupet.com.tr\\\/urun\\\/schesir-tamamlayici-ton-ve-sari-kuyruk-balikli-jole-icinde-kedi-konservesi-70g\\\/#primaryimage\"},\"thumbnailUrl\":\"https:\\\/\\\/anadolupet.com.tr\\\/wp-content\\\/uploads\\\/2026\\\/02\\\/230-21122803_4.jpg\",\"datePublished\":\"2026-02-14T14:45:54+00:00\",\"dateModified\":\"2026-02-23T12:51:52+00:00\",\"breadcrumb\":{\"@id\":\"https:\\\/\\\/anadolupet.com.tr\\\/urun\\\/schesir-tamamlayici-ton-ve-sari-kuyruk-balikli-jole-icinde-kedi-konservesi-70g\\\/#breadcrumb\"},\"inLanguage\":\"en-US\",\"potentialAction\":[{\"@type\":\"ReadAction\",\"target\":[\"https:\\\/\\\/anadolupet.com.tr\\\/urun\\\/schesir-tamamlayici-ton-ve-sari-kuyruk-balikli-jole-icinde-kedi-konservesi-70g\\\/\"]}]},{\"@type\":\"ImageObject\",\"inLanguage\":\"en-US\",\"@id\":\"https:\\\/\\\/anadolupet.com.tr\\\/urun\\\/schesir-tamamlayici-ton-ve-sari-kuyruk-balikli-jole-icinde-kedi-konservesi-70g\\\/#primaryimage\",\"url\":\"https:\\\/\\\/anadolupet.com.tr\\\/wp-content\\\/uploads\\\/2026\\\/02\\\/230-21122803_4.jpg\",\"contentUrl\":\"https:\\\/\\\/anadolupet.com.tr\\\/wp-content\\\/uploads\\\/2026\\\/02\\\/230-21122803_4.jpg\",\"width\":750,\"height\":750},{\"@type\":\"BreadcrumbList\",\"@id\":\"https:\\\/\\\/anadolupet.com.tr\\\/urun\\\/schesir-tamamlayici-ton-ve-sari-kuyruk-balikli-jole-icinde-kedi-konservesi-70g\\\/#breadcrumb\",\"itemListElement\":[{\"@type\":\"ListItem\",\"position\":1,\"name\":\"Anasayfa\",\"item\":\"https:\\\/\\\/anadolupet.com.tr\\\/\"},{\"@type\":\"ListItem\",\"position\":2,\"name\":\"\u00dcr\u00fcnler\",\"item\":\"https:\\\/\\\/anadolupet.com.tr\\\/urunler\\\/\"},{\"@type\":\"ListItem\",\"position\":3,\"name\":\"Schesir Tamamlay\u0131c\u0131 Ton ve Sar\u0131 Kuyruk Bal\u0131kl\u0131 J\u00f6le \u0130\u00e7inde Kedi Konservesi 70g\"}]},{\"@type\":\"WebSite\",\"@id\":\"https:\\\/\\\/anadolupet.com.tr\\\/#website\",\"url\":\"https:\\\/\\\/anadolupet.com.tr\\\/\",\"name\":\"Anadolu Pet Grup\",\"description\":\"Her Can\u0131n \u0130yi Ya\u015fam\u0131 \u0130\u00e7in Biraraday\u0131z\",\"publisher\":{\"@id\":\"https:\\\/\\\/anadolupet.com.tr\\\/#organization\"},\"potentialAction\":[{\"@type\":\"SearchAction\",\"target\":{\"@type\":\"EntryPoint\",\"urlTemplate\":\"https:\\\/\\\/anadolupet.com.tr\\\/?s={search_term_string}\"},\"query-input\":{\"@type\":\"PropertyValueSpecification\",\"valueRequired\":true,\"valueName\":\"search_term_string\"}}],\"inLanguage\":\"en-US\"},{\"@type\":\"Organization\",\"@id\":\"https:\\\/\\\/anadolupet.com.tr\\\/#organization\",\"name\":\"Anadolu Pet Grup\",\"alternateName\":\"Anadolu Pet\",\"url\":\"https:\\\/\\\/anadolupet.com.tr\\\/\",\"logo\":{\"@type\":\"ImageObject\",\"inLanguage\":\"en-US\",\"@id\":\"https:\\\/\\\/anadolupet.com.tr\\\/#\\\/schema\\\/logo\\\/image\\\/\",\"url\":\"https:\\\/\\\/anadolupet.com.tr\\\/wp-content\\\/uploads\\\/2026\\\/03\\\/1614666743370.jpg\",\"contentUrl\":\"https:\\\/\\\/anadolupet.com.tr\\\/wp-content\\\/uploads\\\/2026\\\/03\\\/1614666743370.jpg\",\"width\":800,\"height\":571,\"caption\":\"Anadolu Pet Grup\"},\"image\":{\"@id\":\"https:\\\/\\\/anadolupet.com.tr\\\/#\\\/schema\\\/logo\\\/image\\\/\"}}]}<\/script>\n<!-- \/ Yoast SEO plugin. -->","yoast_head_json":{"title":"Schesir Tamamlay\u0131c\u0131 Ton ve Sar\u0131 Kuyruk Bal\u0131kl\u0131 J\u00f6le \u0130\u00e7inde Kedi Konservesi 70g - Anadolu Pet Grup","robots":{"index":"index","follow":"follow","max-snippet":"max-snippet:-1","max-image-preview":"max-image-preview:large","max-video-preview":"max-video-preview:-1"},"canonical":"https:\/\/anadolupet.com.tr\/en\/product\/schesir-tamamlayici-ton-ve-sari-kuyruk-balikli-jole-icinde-kedi-konservesi-70g\/","og_locale":"en_US","og_type":"article","og_title":"Schesir Tamamlay\u0131c\u0131 Ton ve Sar\u0131 Kuyruk Bal\u0131kl\u0131 J\u00f6le \u0130\u00e7inde Kedi Konservesi 70g - Anadolu Pet Grup","og_description":"Schesir Ton Bal\u0131kl\u0131 ve Sar\u0131 Kuyruk Bal\u0131kl\u0131 J\u00f6le \u0130\u00e7inde Konserve Kedi Mamas\u0131, yeti\u015fkin kedilerin \u00f6\u011f\u00fcnlerini \u00e7e\u015fitlendirmek ve lezzetlendirmek \u00fczere form\u00fcle edilmi\u015f tamamlay\u0131c\u0131 bir konserve kedi mamas\u0131d\u0131r. Hafif ve do\u011fal j\u00f6le i\u00e7inde sunulan ton bal\u0131\u011f\u0131 ve sar\u0131 kuyruk bal\u0131\u011f\u0131 kar\u0131\u015f\u0131m\u0131 ile y\u00fcksek kaliteli deniz \u00fcr\u00fcn\u00fc proteini ve omega ya\u011f asitleri kayna\u011f\u0131 sunar. Zengin j\u00f6lesi ile kedilerin s\u0131v\u0131 al\u0131m\u0131n\u0131 destekleyecek \u015fekilde haz\u0131rlanm\u0131\u015ft\u0131r. \u0130\u00e7eri\u011finde yapay renklendirici ve koruyucu bulunmayan bu Schesir kedi mamas\u0131, do\u011fal bile\u015fenleriyle g\u00fcvenilir bir tamamlay\u0131c\u0131 besin se\u00e7ene\u011fidir. Buharda pi\u015firme y\u00f6ntemi sayesinde i\u00e7erisindeki Omega-3 ve Omega-6 ya\u011f asitlerini muhafaza eden bu kedi konserve mamas\u0131, kedinizin t\u00fcy ve deri sa\u011fl\u0131\u011f\u0131n\u0131 desteklerken parlakl\u0131k kazand\u0131r\u0131r. Schesir markas\u0131n\u0131n y\u00fcksek kalite standartlar\u0131na uygun olarak, hi\u00e7bir yapay renklendirici, koruyucu veya kimyasal katk\u0131 maddesi i\u00e7ermez. Do\u011fal ve taze bile\u015fenlerden olu\u015fan yap\u0131s\u0131, bu kedi konserve \u00e7e\u015fidini hem sa\u011fl\u0131kl\u0131 hem de g\u00fcvenilir bir ek g\u0131da tercihi yapar. \u00d6ne \u00c7\u0131kan \u00d6zellikler Ger\u00e7ek Okyanus Bal\u0131klar\u0131: Sadece en kaliteli ton bal\u0131\u011f\u0131 ve sar\u0131 kuyruk bal\u0131\u011f\u0131 filetolar\u0131 kullan\u0131larak haz\u0131rlanm\u0131\u015ft\u0131r. J\u00f6le \u0130\u00e7inde Yumu\u015fak Doku: \u0130\u015ftah art\u0131ran hafif j\u00f6leli yap\u0131s\u0131 sayesinde kolay t\u00fcketim ve sindirim sa\u011flar. Omega Ya\u011f Asitleri Bak\u0131m\u0131ndan Zengin: Deri sa\u011fl\u0131\u011f\u0131n\u0131 koruyan ve t\u00fcylerin daha parlak \u00e7\u0131kmas\u0131n\u0131 destekleyen do\u011fal ya\u011flar i\u00e7erir. Saf ve Do\u011fal: Hi\u00e7bir yapay tatland\u0131r\u0131c\u0131, renklendirici veya koruyucu madde i\u00e7ermez. Mama \u0130\u00e7eri\u011fi Ton bal\u0131\u011f\u0131 %51, Pirin\u00e7 %1,5. Analitik Bile\u015fenler Protein: %12,5 Ya\u011f: %1 Lif: %0,5 K\u00fcl: %0,8 Nem: %85","og_url":"https:\/\/anadolupet.com.tr\/en\/product\/schesir-tamamlayici-ton-ve-sari-kuyruk-balikli-jole-icinde-kedi-konservesi-70g\/","og_site_name":"Anadolu Pet Grup","article_modified_time":"2026-02-23T12:51:52+00:00","og_image":[{"width":750,"height":750,"url":"https:\/\/anadolupet.com.tr\/wp-content\/uploads\/2026\/02\/230-21122803_4.jpg","type":"image\/jpeg"}],"twitter_card":"summary_large_image","schema":{"@context":"https:\/\/schema.org","@graph":[{"@type":"WebPage","@id":"https:\/\/anadolupet.com.tr\/urun\/schesir-tamamlayici-ton-ve-sari-kuyruk-balikli-jole-icinde-kedi-konservesi-70g\/","url":"https:\/\/anadolupet.com.tr\/urun\/schesir-tamamlayici-ton-ve-sari-kuyruk-balikli-jole-icinde-kedi-konservesi-70g\/","name":"Schesir Tamamlay\u0131c\u0131 Ton ve Sar\u0131 Kuyruk Bal\u0131kl\u0131 J\u00f6le \u0130\u00e7inde Kedi Konservesi 70g - Anadolu Pet Grup","isPartOf":{"@id":"https:\/\/anadolupet.com.tr\/#website"},"primaryImageOfPage":{"@id":"https:\/\/anadolupet.com.tr\/urun\/schesir-tamamlayici-ton-ve-sari-kuyruk-balikli-jole-icinde-kedi-konservesi-70g\/#primaryimage"},"image":{"@id":"https:\/\/anadolupet.com.tr\/urun\/schesir-tamamlayici-ton-ve-sari-kuyruk-balikli-jole-icinde-kedi-konservesi-70g\/#primaryimage"},"thumbnailUrl":"https:\/\/anadolupet.com.tr\/wp-content\/uploads\/2026\/02\/230-21122803_4.jpg","datePublished":"2026-02-14T14:45:54+00:00","dateModified":"2026-02-23T12:51:52+00:00","breadcrumb":{"@id":"https:\/\/anadolupet.com.tr\/urun\/schesir-tamamlayici-ton-ve-sari-kuyruk-balikli-jole-icinde-kedi-konservesi-70g\/#breadcrumb"},"inLanguage":"en-US","potentialAction":[{"@type":"ReadAction","target":["https:\/\/anadolupet.com.tr\/urun\/schesir-tamamlayici-ton-ve-sari-kuyruk-balikli-jole-icinde-kedi-konservesi-70g\/"]}]},{"@type":"ImageObject","inLanguage":"en-US","@id":"https:\/\/anadolupet.com.tr\/urun\/schesir-tamamlayici-ton-ve-sari-kuyruk-balikli-jole-icinde-kedi-konservesi-70g\/#primaryimage","url":"https:\/\/anadolupet.com.tr\/wp-content\/uploads\/2026\/02\/230-21122803_4.jpg","contentUrl":"https:\/\/anadolupet.com.tr\/wp-content\/uploads\/2026\/02\/230-21122803_4.jpg","width":750,"height":750},{"@type":"BreadcrumbList","@id":"https:\/\/anadolupet.com.tr\/urun\/schesir-tamamlayici-ton-ve-sari-kuyruk-balikli-jole-icinde-kedi-konservesi-70g\/#breadcrumb","itemListElement":[{"@type":"ListItem","position":1,"name":"Anasayfa","item":"https:\/\/anadolupet.com.tr\/"},{"@type":"ListItem","position":2,"name":"\u00dcr\u00fcnler","item":"https:\/\/anadolupet.com.tr\/urunler\/"},{"@type":"ListItem","position":3,"name":"Schesir Tamamlay\u0131c\u0131 Ton ve Sar\u0131 Kuyruk Bal\u0131kl\u0131 J\u00f6le \u0130\u00e7inde Kedi Konservesi 70g"}]},{"@type":"WebSite","@id":"https:\/\/anadolupet.com.tr\/#website","url":"https:\/\/anadolupet.com.tr\/","name":"Anadolu Pet Group","description":"We Stand Together for the Well-Being of Every Life","publisher":{"@id":"https:\/\/anadolupet.com.tr\/#organization"},"potentialAction":[{"@type":"SearchAction","target":{"@type":"EntryPoint","urlTemplate":"https:\/\/anadolupet.com.tr\/?s={search_term_string}"},"query-input":{"@type":"PropertyValueSpecification","valueRequired":true,"valueName":"search_term_string"}}],"inLanguage":"en-US"},{"@type":"Organization","@id":"https:\/\/anadolupet.com.tr\/#organization","name":"Anadolu Pet Group","alternateName":"Anadolu Pet","url":"https:\/\/anadolupet.com.tr\/","logo":{"@type":"ImageObject","inLanguage":"en-US","@id":"https:\/\/anadolupet.com.tr\/#\/schema\/logo\/image\/","url":"https:\/\/anadolupet.com.tr\/wp-content\/uploads\/2026\/03\/1614666743370.jpg","contentUrl":"https:\/\/anadolupet.com.tr\/wp-content\/uploads\/2026\/03\/1614666743370.jpg","width":800,"height":571,"caption":"Anadolu Pet Grup"},"image":{"@id":"https:\/\/anadolupet.com.tr\/#\/schema\/logo\/image\/"}}]}},"_links":{"self":[{"href":"https:\/\/anadolupet.com.tr\/en\/wp-json\/wp\/v2\/product\/46166","targetHints":{"allow":["GET"]}}],"collection":[{"href":"https:\/\/anadolupet.com.tr\/en\/wp-json\/wp\/v2\/product"}],"about":[{"href":"https:\/\/anadolupet.com.tr\/en\/wp-json\/wp\/v2\/types\/product"}],"replies":[{"embeddable":true,"href":"https:\/\/anadolupet.com.tr\/en\/wp-json\/wp\/v2\/comments?post=46166"}],"wp:featuredmedia":[{"embeddable":true,"href":"https:\/\/anadolupet.com.tr\/en\/wp-json\/wp\/v2\/media\/42983"}],"wp:attachment":[{"href":"https:\/\/anadolupet.com.tr\/en\/wp-json\/wp\/v2\/media?parent=46166"}],"wp:term":[{"taxonomy":"product_brand","embeddable":true,"href":"https:\/\/anadolupet.com.tr\/en\/wp-json\/wp\/v2\/product_brand?post=46166"},{"taxonomy":"product_cat","embeddable":true,"href":"https:\/\/anadolupet.com.tr\/en\/wp-json\/wp\/v2\/product_cat?post=46166"},{"taxonomy":"product_tag","embeddable":true,"href":"https:\/\/anadolupet.com.tr\/en\/wp-json\/wp\/v2\/product_tag?post=46166"}],"curies":[{"name":"wp","href":"https:\/\/api.w.org\/{rel}","templated":true}]}}