{"id":46169,"date":"2026-02-14T14:45:54","date_gmt":"2026-02-14T14:45:54","guid":{"rendered":"https:\/\/anadolupet.com.tr\/urun\/schesir-tavuklu-ve-aloeli-yavru-kedi-konservesi-85g\/"},"modified":"2026-02-23T12:51:53","modified_gmt":"2026-02-23T12:51:53","slug":"schesir-tavuklu-ve-aloeli-yavru-kedi-konservesi-85g","status":"publish","type":"product","link":"https:\/\/anadolupet.com.tr\/en\/urun\/schesir-tavuklu-ve-aloeli-yavru-kedi-konservesi-85g\/","title":{"rendered":"Schesir Tavuklu ve Aloeli Yavru Kedi Konservesi 85g"},"content":{"rendered":"","protected":false},"excerpt":{"rendered":"<p>Tarif, ince do\u011franm\u0131\u015f ve faydal\u0131 \u00f6zellikleriyle bilinen bir bitki olan aloe ve omega ya\u011f asitleri sa\u011flayan k\u00fc\u00e7\u00fck bir tohum ya\u011f\u0131 ilavesiyle zenginle\u015ftirilmi\u015f ger\u00e7ek tavuk filetolar\u0131na dayan\u0131r. Mama, kase i\u00e7inde \u00e7ekici ve daha kompakt bir k\u0131vam i\u00e7in j\u00f6le \u015feklindedir. 3 ila 12 ayl\u0131k b\u00fcy\u00fcyen yavru kediler i\u00e7in tam ve dengeli \u00fcr\u00fcn.<br \/>\n1. 3-12 ayl\u0131k yavru kediler i\u00e7in tam ve dengeli \u00fcr\u00fcn 2. %100 do\u011fal i\u00e7erikler 3. ana malzeme tavuk, aloe bitkisiyle birle\u015ftirilmi\u015ftir 4. omega ya\u011f asitleri sa\u011flayan tohum ya\u011f\u0131 ile 5. %100 do\u011fal i\u00e7erikler 6. Buharda pi\u015firilmi\u015f ve elle haz\u0131rlanm\u0131\u015ft\u0131r 7. Koruyucu veya renklendirici madde i\u00e7ermez 8. hayvanlar \u00fczerinde denenmemi\u015ftir 9. %100 geri d\u00f6n\u00fc\u015ft\u00fcr\u00fclebilir ambalaj (al\u00fcminyum kutu, ka\u011f\u0131t etiket)<br \/>\nBesleme Talimat\u0131:<br \/>\n3 &#8211; 12 ay i\u00e7in 24 saatte 3 konserveye kadar \/ g\u00fcnde en az 4 \u00f6\u011f\u00fcn<br \/>\nBelirtilen miktarlar tek ba\u015f\u0131na tam \u0131slak \u00fcr\u00fcn\u00fcn uygulanmas\u0131n\u0131 ifade eder ve hayvan\u0131n \u00f6zel ihtiya\u00e7lar\u0131na g\u00f6re de\u011fi\u015febilir. Miktarlar, hayvan\u0131n g\u00fcnl\u00fck beslenme gereksinimlerini (kilo, ya\u015f ve ya\u015fam tarz\u0131na ba\u011fl\u0131 olarak) ve maman\u0131n \u00f6zelliklerini dikkate al\u0131r.<\/p>","protected":false},"featured_media":42912,"comment_status":"open","ping_status":"closed","template":"","meta":{"_acf_changed":false},"product_brand":[],"product_cat":[2436],"product_tag":[],"class_list":{"0":"post-46169","1":"product","2":"type-product","3":"status-publish","4":"has-post-thumbnail","6":"product_cat-stix","8":"first","9":"instock","10":"shipping-taxable","11":"product-type-simple"},"acf":[],"yoast_head":"<!-- This site is optimized with the Yoast SEO plugin v27.5 - https:\/\/yoast.com\/product\/yoast-seo-wordpress\/ -->\n<title>Schesir Tavuklu ve Aloeli Yavru Kedi Konservesi 85g - Anadolu Pet Grup<\/title>\n<meta name=\"robots\" content=\"index, follow, max-snippet:-1, max-image-preview:large, max-video-preview:-1\" \/>\n<link rel=\"canonical\" href=\"https:\/\/anadolupet.com.tr\/en\/product\/schesir-tavuklu-ve-aloeli-yavru-kedi-konservesi-85g\/\" \/>\n<meta property=\"og:locale\" content=\"en_US\" \/>\n<meta property=\"og:type\" content=\"article\" \/>\n<meta property=\"og:title\" content=\"Schesir Tavuklu ve Aloeli Yavru Kedi Konservesi 85g - Anadolu Pet Grup\" \/>\n<meta property=\"og:description\" content=\"Tarif, ince do\u011franm\u0131\u015f ve faydal\u0131 \u00f6zellikleriyle bilinen bir bitki olan aloe ve omega ya\u011f asitleri sa\u011flayan k\u00fc\u00e7\u00fck bir tohum ya\u011f\u0131 ilavesiyle zenginle\u015ftirilmi\u015f ger\u00e7ek tavuk filetolar\u0131na dayan\u0131r. Mama, kase i\u00e7inde \u00e7ekici ve daha kompakt bir k\u0131vam i\u00e7in j\u00f6le \u015feklindedir. 3 ila 12 ayl\u0131k b\u00fcy\u00fcyen yavru kediler i\u00e7in tam ve dengeli \u00fcr\u00fcn. 1. 3-12 ayl\u0131k yavru kediler i\u00e7in tam ve dengeli \u00fcr\u00fcn 2. %100 do\u011fal i\u00e7erikler 3. ana malzeme tavuk, aloe bitkisiyle birle\u015ftirilmi\u015ftir 4. omega ya\u011f asitleri sa\u011flayan tohum ya\u011f\u0131 ile 5. %100 do\u011fal i\u00e7erikler 6. Buharda pi\u015firilmi\u015f ve elle haz\u0131rlanm\u0131\u015ft\u0131r 7. Koruyucu veya renklendirici madde i\u00e7ermez 8. hayvanlar \u00fczerinde denenmemi\u015ftir 9. %100 geri d\u00f6n\u00fc\u015ft\u00fcr\u00fclebilir ambalaj (al\u00fcminyum kutu, ka\u011f\u0131t etiket) Besleme Talimat\u0131: 3 - 12 ay i\u00e7in 24 saatte 3 konserveye kadar \/ g\u00fcnde en az 4 \u00f6\u011f\u00fcn Belirtilen miktarlar tek ba\u015f\u0131na tam \u0131slak \u00fcr\u00fcn\u00fcn uygulanmas\u0131n\u0131 ifade eder ve hayvan\u0131n \u00f6zel ihtiya\u00e7lar\u0131na g\u00f6re de\u011fi\u015febilir. Miktarlar, hayvan\u0131n g\u00fcnl\u00fck beslenme gereksinimlerini (kilo, ya\u015f ve ya\u015fam tarz\u0131na ba\u011fl\u0131 olarak) ve maman\u0131n \u00f6zelliklerini dikkate al\u0131r.\" \/>\n<meta property=\"og:url\" content=\"https:\/\/anadolupet.com.tr\/en\/product\/schesir-tavuklu-ve-aloeli-yavru-kedi-konservesi-85g\/\" \/>\n<meta property=\"og:site_name\" content=\"Anadolu Pet Grup\" \/>\n<meta property=\"article:modified_time\" content=\"2026-02-23T12:51:53+00:00\" \/>\n<meta property=\"og:image\" content=\"https:\/\/anadolupet.com.tr\/wp-content\/uploads\/2026\/02\/230-03064101_2.jpg\" \/>\n\t<meta property=\"og:image:width\" content=\"750\" \/>\n\t<meta property=\"og:image:height\" content=\"750\" \/>\n\t<meta property=\"og:image:type\" content=\"image\/jpeg\" \/>\n<meta name=\"twitter:card\" content=\"summary_large_image\" \/>\n<script type=\"application\/ld+json\" class=\"yoast-schema-graph\">{\"@context\":\"https:\\\/\\\/schema.org\",\"@graph\":[{\"@type\":\"WebPage\",\"@id\":\"https:\\\/\\\/anadolupet.com.tr\\\/urun\\\/schesir-tavuklu-ve-aloeli-yavru-kedi-konservesi-85g\\\/\",\"url\":\"https:\\\/\\\/anadolupet.com.tr\\\/urun\\\/schesir-tavuklu-ve-aloeli-yavru-kedi-konservesi-85g\\\/\",\"name\":\"Schesir Tavuklu ve Aloeli Yavru Kedi Konservesi 85g - Anadolu Pet Grup\",\"isPartOf\":{\"@id\":\"https:\\\/\\\/anadolupet.com.tr\\\/#website\"},\"primaryImageOfPage\":{\"@id\":\"https:\\\/\\\/anadolupet.com.tr\\\/urun\\\/schesir-tavuklu-ve-aloeli-yavru-kedi-konservesi-85g\\\/#primaryimage\"},\"image\":{\"@id\":\"https:\\\/\\\/anadolupet.com.tr\\\/urun\\\/schesir-tavuklu-ve-aloeli-yavru-kedi-konservesi-85g\\\/#primaryimage\"},\"thumbnailUrl\":\"https:\\\/\\\/anadolupet.com.tr\\\/wp-content\\\/uploads\\\/2026\\\/02\\\/230-03064101_2.jpg\",\"datePublished\":\"2026-02-14T14:45:54+00:00\",\"dateModified\":\"2026-02-23T12:51:53+00:00\",\"breadcrumb\":{\"@id\":\"https:\\\/\\\/anadolupet.com.tr\\\/urun\\\/schesir-tavuklu-ve-aloeli-yavru-kedi-konservesi-85g\\\/#breadcrumb\"},\"inLanguage\":\"en-US\",\"potentialAction\":[{\"@type\":\"ReadAction\",\"target\":[\"https:\\\/\\\/anadolupet.com.tr\\\/urun\\\/schesir-tavuklu-ve-aloeli-yavru-kedi-konservesi-85g\\\/\"]}]},{\"@type\":\"ImageObject\",\"inLanguage\":\"en-US\",\"@id\":\"https:\\\/\\\/anadolupet.com.tr\\\/urun\\\/schesir-tavuklu-ve-aloeli-yavru-kedi-konservesi-85g\\\/#primaryimage\",\"url\":\"https:\\\/\\\/anadolupet.com.tr\\\/wp-content\\\/uploads\\\/2026\\\/02\\\/230-03064101_2.jpg\",\"contentUrl\":\"https:\\\/\\\/anadolupet.com.tr\\\/wp-content\\\/uploads\\\/2026\\\/02\\\/230-03064101_2.jpg\",\"width\":750,\"height\":750},{\"@type\":\"BreadcrumbList\",\"@id\":\"https:\\\/\\\/anadolupet.com.tr\\\/urun\\\/schesir-tavuklu-ve-aloeli-yavru-kedi-konservesi-85g\\\/#breadcrumb\",\"itemListElement\":[{\"@type\":\"ListItem\",\"position\":1,\"name\":\"Anasayfa\",\"item\":\"https:\\\/\\\/anadolupet.com.tr\\\/\"},{\"@type\":\"ListItem\",\"position\":2,\"name\":\"\u00dcr\u00fcnler\",\"item\":\"https:\\\/\\\/anadolupet.com.tr\\\/urunler\\\/\"},{\"@type\":\"ListItem\",\"position\":3,\"name\":\"Schesir Tavuklu ve Aloeli Yavru Kedi Konservesi 85g\"}]},{\"@type\":\"WebSite\",\"@id\":\"https:\\\/\\\/anadolupet.com.tr\\\/#website\",\"url\":\"https:\\\/\\\/anadolupet.com.tr\\\/\",\"name\":\"Anadolu Pet Grup\",\"description\":\"Her Can\u0131n \u0130yi Ya\u015fam\u0131 \u0130\u00e7in Biraraday\u0131z\",\"publisher\":{\"@id\":\"https:\\\/\\\/anadolupet.com.tr\\\/#organization\"},\"potentialAction\":[{\"@type\":\"SearchAction\",\"target\":{\"@type\":\"EntryPoint\",\"urlTemplate\":\"https:\\\/\\\/anadolupet.com.tr\\\/?s={search_term_string}\"},\"query-input\":{\"@type\":\"PropertyValueSpecification\",\"valueRequired\":true,\"valueName\":\"search_term_string\"}}],\"inLanguage\":\"en-US\"},{\"@type\":\"Organization\",\"@id\":\"https:\\\/\\\/anadolupet.com.tr\\\/#organization\",\"name\":\"Anadolu Pet Grup\",\"alternateName\":\"Anadolu Pet\",\"url\":\"https:\\\/\\\/anadolupet.com.tr\\\/\",\"logo\":{\"@type\":\"ImageObject\",\"inLanguage\":\"en-US\",\"@id\":\"https:\\\/\\\/anadolupet.com.tr\\\/#\\\/schema\\\/logo\\\/image\\\/\",\"url\":\"https:\\\/\\\/anadolupet.com.tr\\\/wp-content\\\/uploads\\\/2026\\\/03\\\/1614666743370.jpg\",\"contentUrl\":\"https:\\\/\\\/anadolupet.com.tr\\\/wp-content\\\/uploads\\\/2026\\\/03\\\/1614666743370.jpg\",\"width\":800,\"height\":571,\"caption\":\"Anadolu Pet Grup\"},\"image\":{\"@id\":\"https:\\\/\\\/anadolupet.com.tr\\\/#\\\/schema\\\/logo\\\/image\\\/\"}}]}<\/script>\n<!-- \/ Yoast SEO plugin. -->","yoast_head_json":{"title":"Schesir Tavuklu ve Aloeli Yavru Kedi Konservesi 85g - Anadolu Pet Grup","robots":{"index":"index","follow":"follow","max-snippet":"max-snippet:-1","max-image-preview":"max-image-preview:large","max-video-preview":"max-video-preview:-1"},"canonical":"https:\/\/anadolupet.com.tr\/en\/product\/schesir-tavuklu-ve-aloeli-yavru-kedi-konservesi-85g\/","og_locale":"en_US","og_type":"article","og_title":"Schesir Tavuklu ve Aloeli Yavru Kedi Konservesi 85g - Anadolu Pet Grup","og_description":"Tarif, ince do\u011franm\u0131\u015f ve faydal\u0131 \u00f6zellikleriyle bilinen bir bitki olan aloe ve omega ya\u011f asitleri sa\u011flayan k\u00fc\u00e7\u00fck bir tohum ya\u011f\u0131 ilavesiyle zenginle\u015ftirilmi\u015f ger\u00e7ek tavuk filetolar\u0131na dayan\u0131r. Mama, kase i\u00e7inde \u00e7ekici ve daha kompakt bir k\u0131vam i\u00e7in j\u00f6le \u015feklindedir. 3 ila 12 ayl\u0131k b\u00fcy\u00fcyen yavru kediler i\u00e7in tam ve dengeli \u00fcr\u00fcn. 1. 3-12 ayl\u0131k yavru kediler i\u00e7in tam ve dengeli \u00fcr\u00fcn 2. %100 do\u011fal i\u00e7erikler 3. ana malzeme tavuk, aloe bitkisiyle birle\u015ftirilmi\u015ftir 4. omega ya\u011f asitleri sa\u011flayan tohum ya\u011f\u0131 ile 5. %100 do\u011fal i\u00e7erikler 6. Buharda pi\u015firilmi\u015f ve elle haz\u0131rlanm\u0131\u015ft\u0131r 7. Koruyucu veya renklendirici madde i\u00e7ermez 8. hayvanlar \u00fczerinde denenmemi\u015ftir 9. %100 geri d\u00f6n\u00fc\u015ft\u00fcr\u00fclebilir ambalaj (al\u00fcminyum kutu, ka\u011f\u0131t etiket) Besleme Talimat\u0131: 3 - 12 ay i\u00e7in 24 saatte 3 konserveye kadar \/ g\u00fcnde en az 4 \u00f6\u011f\u00fcn Belirtilen miktarlar tek ba\u015f\u0131na tam \u0131slak \u00fcr\u00fcn\u00fcn uygulanmas\u0131n\u0131 ifade eder ve hayvan\u0131n \u00f6zel ihtiya\u00e7lar\u0131na g\u00f6re de\u011fi\u015febilir. Miktarlar, hayvan\u0131n g\u00fcnl\u00fck beslenme gereksinimlerini (kilo, ya\u015f ve ya\u015fam tarz\u0131na ba\u011fl\u0131 olarak) ve maman\u0131n \u00f6zelliklerini dikkate al\u0131r.","og_url":"https:\/\/anadolupet.com.tr\/en\/product\/schesir-tavuklu-ve-aloeli-yavru-kedi-konservesi-85g\/","og_site_name":"Anadolu Pet Grup","article_modified_time":"2026-02-23T12:51:53+00:00","og_image":[{"width":750,"height":750,"url":"https:\/\/anadolupet.com.tr\/wp-content\/uploads\/2026\/02\/230-03064101_2.jpg","type":"image\/jpeg"}],"twitter_card":"summary_large_image","schema":{"@context":"https:\/\/schema.org","@graph":[{"@type":"WebPage","@id":"https:\/\/anadolupet.com.tr\/urun\/schesir-tavuklu-ve-aloeli-yavru-kedi-konservesi-85g\/","url":"https:\/\/anadolupet.com.tr\/urun\/schesir-tavuklu-ve-aloeli-yavru-kedi-konservesi-85g\/","name":"Schesir Tavuklu ve Aloeli Yavru Kedi Konservesi 85g - Anadolu Pet Grup","isPartOf":{"@id":"https:\/\/anadolupet.com.tr\/#website"},"primaryImageOfPage":{"@id":"https:\/\/anadolupet.com.tr\/urun\/schesir-tavuklu-ve-aloeli-yavru-kedi-konservesi-85g\/#primaryimage"},"image":{"@id":"https:\/\/anadolupet.com.tr\/urun\/schesir-tavuklu-ve-aloeli-yavru-kedi-konservesi-85g\/#primaryimage"},"thumbnailUrl":"https:\/\/anadolupet.com.tr\/wp-content\/uploads\/2026\/02\/230-03064101_2.jpg","datePublished":"2026-02-14T14:45:54+00:00","dateModified":"2026-02-23T12:51:53+00:00","breadcrumb":{"@id":"https:\/\/anadolupet.com.tr\/urun\/schesir-tavuklu-ve-aloeli-yavru-kedi-konservesi-85g\/#breadcrumb"},"inLanguage":"en-US","potentialAction":[{"@type":"ReadAction","target":["https:\/\/anadolupet.com.tr\/urun\/schesir-tavuklu-ve-aloeli-yavru-kedi-konservesi-85g\/"]}]},{"@type":"ImageObject","inLanguage":"en-US","@id":"https:\/\/anadolupet.com.tr\/urun\/schesir-tavuklu-ve-aloeli-yavru-kedi-konservesi-85g\/#primaryimage","url":"https:\/\/anadolupet.com.tr\/wp-content\/uploads\/2026\/02\/230-03064101_2.jpg","contentUrl":"https:\/\/anadolupet.com.tr\/wp-content\/uploads\/2026\/02\/230-03064101_2.jpg","width":750,"height":750},{"@type":"BreadcrumbList","@id":"https:\/\/anadolupet.com.tr\/urun\/schesir-tavuklu-ve-aloeli-yavru-kedi-konservesi-85g\/#breadcrumb","itemListElement":[{"@type":"ListItem","position":1,"name":"Anasayfa","item":"https:\/\/anadolupet.com.tr\/"},{"@type":"ListItem","position":2,"name":"\u00dcr\u00fcnler","item":"https:\/\/anadolupet.com.tr\/urunler\/"},{"@type":"ListItem","position":3,"name":"Schesir Tavuklu ve Aloeli Yavru Kedi Konservesi 85g"}]},{"@type":"WebSite","@id":"https:\/\/anadolupet.com.tr\/#website","url":"https:\/\/anadolupet.com.tr\/","name":"Anadolu Pet Group","description":"We Stand Together for the Well-Being of Every Life","publisher":{"@id":"https:\/\/anadolupet.com.tr\/#organization"},"potentialAction":[{"@type":"SearchAction","target":{"@type":"EntryPoint","urlTemplate":"https:\/\/anadolupet.com.tr\/?s={search_term_string}"},"query-input":{"@type":"PropertyValueSpecification","valueRequired":true,"valueName":"search_term_string"}}],"inLanguage":"en-US"},{"@type":"Organization","@id":"https:\/\/anadolupet.com.tr\/#organization","name":"Anadolu Pet Group","alternateName":"Anadolu Pet","url":"https:\/\/anadolupet.com.tr\/","logo":{"@type":"ImageObject","inLanguage":"en-US","@id":"https:\/\/anadolupet.com.tr\/#\/schema\/logo\/image\/","url":"https:\/\/anadolupet.com.tr\/wp-content\/uploads\/2026\/03\/1614666743370.jpg","contentUrl":"https:\/\/anadolupet.com.tr\/wp-content\/uploads\/2026\/03\/1614666743370.jpg","width":800,"height":571,"caption":"Anadolu Pet Grup"},"image":{"@id":"https:\/\/anadolupet.com.tr\/#\/schema\/logo\/image\/"}}]}},"_links":{"self":[{"href":"https:\/\/anadolupet.com.tr\/en\/wp-json\/wp\/v2\/product\/46169","targetHints":{"allow":["GET"]}}],"collection":[{"href":"https:\/\/anadolupet.com.tr\/en\/wp-json\/wp\/v2\/product"}],"about":[{"href":"https:\/\/anadolupet.com.tr\/en\/wp-json\/wp\/v2\/types\/product"}],"replies":[{"embeddable":true,"href":"https:\/\/anadolupet.com.tr\/en\/wp-json\/wp\/v2\/comments?post=46169"}],"wp:featuredmedia":[{"embeddable":true,"href":"https:\/\/anadolupet.com.tr\/en\/wp-json\/wp\/v2\/media\/42912"}],"wp:attachment":[{"href":"https:\/\/anadolupet.com.tr\/en\/wp-json\/wp\/v2\/media?parent=46169"}],"wp:term":[{"taxonomy":"product_brand","embeddable":true,"href":"https:\/\/anadolupet.com.tr\/en\/wp-json\/wp\/v2\/product_brand?post=46169"},{"taxonomy":"product_cat","embeddable":true,"href":"https:\/\/anadolupet.com.tr\/en\/wp-json\/wp\/v2\/product_cat?post=46169"},{"taxonomy":"product_tag","embeddable":true,"href":"https:\/\/anadolupet.com.tr\/en\/wp-json\/wp\/v2\/product_tag?post=46169"}],"curies":[{"name":"wp","href":"https:\/\/api.w.org\/{rel}","templated":true}]}}