{"id":46177,"date":"2026-02-14T14:45:57","date_gmt":"2026-02-14T14:45:57","guid":{"rendered":"https:\/\/anadolupet.com.tr\/?post_type=product&#038;p=46177"},"modified":"2026-02-23T16:49:07","modified_gmt":"2026-02-23T16:49:07","slug":"tetra-algumin-plus-yosun-onleyici-250ml","status":"publish","type":"product","link":"https:\/\/anadolupet.com.tr\/en\/urun\/tetra-algumin-plus-yosun-onleyici-250ml\/","title":{"rendered":"Tetra Algumin Plus Yosun \u00d6nleyici &#8211; 250ML"},"content":{"rendered":"","protected":false},"excerpt":{"rendered":"<p>Tetra Algumin Plus, akvaryumda olu\u015fan her t\u00fcrl\u00fc\u00fc alg \u00e7e\u015fidi ile m\u00fccaele eder ve yeni alg olu\u015fumunu \u00f6nler. Detaylar;<br \/>\n* Suyun ye\u015fermesine neden olan ye\u015fil alglerin yok edilmesinde kullan\u0131l\u0131r.<br \/>\n* En s\u0131k g\u00f6r\u00fclen t\u00fcm ye\u015fil alg t\u00fcrleri i\u00e7in geni\u015f spektrumlu bir etkiye sahiptir.<br \/>\n* Anti-alg giderici olarak humik asitleri i\u00e7erir.<br \/>\n* Bal\u0131klara, bitkilere ve mikroorganizmalara zarar vermez.<br \/>\nEk bilgi;<br \/>\n*Optimum alg \u00f6nleme: Akvaryumdaki algler g\u00f6ze ho\u015f g\u00f6r\u00fcnmez ve su bitkilerinin b\u00fcy\u00fcmesini de engelleyebilir. Ayr\u0131ca akvaryumdaki biyolojik dengeyi uzun vadede olumsuz etkilerler. Algler, \u0131\u015f\u0131\u011fa \u00e7ok fazla maruz kald\u0131\u011f\u0131nda veya besin fazlas\u0131 oldu\u011funda b\u00fcy\u00fcr. Yosun b\u00fcy\u00fcmesini \u00f6nlemek i\u00e7in, alg besinleri fosfat (PO4) ve nitrat (NO3-) azalt\u0131lmal\u0131d\u0131r, \u00f6rn. Tetra EasyBalance ile. \u00d6nleme i\u00e7in d\u00fczenli olarak \u00f6zel yosun \u00f6nleyici maddeler kullanmak da m\u00fcmk\u00fcnd\u00fcr.<br \/>\n*Alg \u00f6nleyici \u00fcr\u00fcnleri g\u00fcvenle kullan\u0131n. Kullanmadan \u00f6nce her zaman etiketi ve \u00fcr\u00fcn bilgisini okuyun.<br \/>\nDozaj;<br \/>\n*Her 4 haftada bir 20 l akvaryum suyuna 5 ml ekleyin.<br \/>\n*Uygulama: Kullanmadan \u00f6nce sallay\u0131n\u0131z. Do\u011frudan suya s\u0131v\u0131y\u0131 ekleyin.<br \/>\n*Not: \u00dcr\u00fcn\u00fc g\u00fcne\u015f \u0131\u015f\u0131\u011f\u0131ndan uzak tutun. Aktif karbon filtreleme, \u00fcr\u00fcn\u00fcn etkinli\u011fini azalt\u0131r. UV ar\u0131t\u0131c\u0131y\u0131 kapat\u0131n. Havaland\u0131rma gereklidir. \u00d6l\u00fc algleri mekanik olarak uzakla\u015ft\u0131r\u0131n.<br \/>\nMiktar;<br \/>\n250 ml<\/p>","protected":false},"featured_media":47163,"comment_status":"open","ping_status":"closed","template":"","meta":{"_acf_changed":false},"product_brand":[],"product_cat":[2410],"product_tag":[],"class_list":{"0":"post-46177","1":"product","2":"type-product","3":"status-publish","4":"has-post-thumbnail","6":"product_cat-su-duzenleyiciler","8":"first","9":"instock","10":"shipping-taxable","11":"product-type-simple"},"acf":[],"yoast_head":"<!-- This site is optimized with the Yoast SEO plugin v27.4 - https:\/\/yoast.com\/product\/yoast-seo-wordpress\/ -->\n<title>Tetra Algumin Plus Yosun \u00d6nleyici - 250ML - Anadolu Pet Grup<\/title>\n<meta name=\"robots\" content=\"index, follow, max-snippet:-1, max-image-preview:large, max-video-preview:-1\" \/>\n<link rel=\"canonical\" href=\"https:\/\/anadolupet.com.tr\/en\/product\/tetra-algumin-plus-yosun-onleyici-250ml\/\" \/>\n<meta property=\"og:locale\" content=\"en_US\" \/>\n<meta property=\"og:type\" content=\"article\" \/>\n<meta property=\"og:title\" content=\"Tetra Algumin Plus Yosun \u00d6nleyici - 250ML - Anadolu Pet Grup\" \/>\n<meta property=\"og:description\" content=\"Tetra Algumin Plus, akvaryumda olu\u015fan her t\u00fcrl\u00fc\u00fc alg \u00e7e\u015fidi ile m\u00fccaele eder ve yeni alg olu\u015fumunu \u00f6nler. Detaylar; * Suyun ye\u015fermesine neden olan ye\u015fil alglerin yok edilmesinde kullan\u0131l\u0131r. * En s\u0131k g\u00f6r\u00fclen t\u00fcm ye\u015fil alg t\u00fcrleri i\u00e7in geni\u015f spektrumlu bir etkiye sahiptir. * Anti-alg giderici olarak humik asitleri i\u00e7erir. * Bal\u0131klara, bitkilere ve mikroorganizmalara zarar vermez. Ek bilgi; *Optimum alg \u00f6nleme: Akvaryumdaki algler g\u00f6ze ho\u015f g\u00f6r\u00fcnmez ve su bitkilerinin b\u00fcy\u00fcmesini de engelleyebilir. Ayr\u0131ca akvaryumdaki biyolojik dengeyi uzun vadede olumsuz etkilerler. Algler, \u0131\u015f\u0131\u011fa \u00e7ok fazla maruz kald\u0131\u011f\u0131nda veya besin fazlas\u0131 oldu\u011funda b\u00fcy\u00fcr. Yosun b\u00fcy\u00fcmesini \u00f6nlemek i\u00e7in, alg besinleri fosfat (PO4) ve nitrat (NO3-) azalt\u0131lmal\u0131d\u0131r, \u00f6rn. Tetra EasyBalance ile. \u00d6nleme i\u00e7in d\u00fczenli olarak \u00f6zel yosun \u00f6nleyici maddeler kullanmak da m\u00fcmk\u00fcnd\u00fcr. *Alg \u00f6nleyici \u00fcr\u00fcnleri g\u00fcvenle kullan\u0131n. Kullanmadan \u00f6nce her zaman etiketi ve \u00fcr\u00fcn bilgisini okuyun. Dozaj; *Her 4 haftada bir 20 l akvaryum suyuna 5 ml ekleyin. *Uygulama: Kullanmadan \u00f6nce sallay\u0131n\u0131z. Do\u011frudan suya s\u0131v\u0131y\u0131 ekleyin. *Not: \u00dcr\u00fcn\u00fc g\u00fcne\u015f \u0131\u015f\u0131\u011f\u0131ndan uzak tutun. Aktif karbon filtreleme, \u00fcr\u00fcn\u00fcn etkinli\u011fini azalt\u0131r. UV ar\u0131t\u0131c\u0131y\u0131 kapat\u0131n. Havaland\u0131rma gereklidir. \u00d6l\u00fc algleri mekanik olarak uzakla\u015ft\u0131r\u0131n. Miktar; 250 ml\" \/>\n<meta property=\"og:url\" content=\"https:\/\/anadolupet.com.tr\/en\/product\/tetra-algumin-plus-yosun-onleyici-250ml\/\" \/>\n<meta property=\"og:site_name\" content=\"Anadolu Pet Grup\" \/>\n<meta property=\"article:modified_time\" content=\"2026-02-23T16:49:07+00:00\" \/>\n<meta property=\"og:image\" content=\"https:\/\/anadolupet.com.tr\/wp-content\/uploads\/2026\/02\/401-708768.jpg\" \/>\n\t<meta property=\"og:image:width\" content=\"750\" \/>\n\t<meta property=\"og:image:height\" content=\"750\" \/>\n\t<meta property=\"og:image:type\" content=\"image\/jpeg\" \/>\n<meta name=\"twitter:card\" content=\"summary_large_image\" \/>\n<script type=\"application\/ld+json\" class=\"yoast-schema-graph\">{\"@context\":\"https:\\\/\\\/schema.org\",\"@graph\":[{\"@type\":\"WebPage\",\"@id\":\"https:\\\/\\\/anadolupet.com.tr\\\/urun\\\/tetra-algumin-plus-yosun-onleyici-250ml\\\/\",\"url\":\"https:\\\/\\\/anadolupet.com.tr\\\/urun\\\/tetra-algumin-plus-yosun-onleyici-250ml\\\/\",\"name\":\"Tetra Algumin Plus Yosun \u00d6nleyici - 250ML - Anadolu Pet Grup\",\"isPartOf\":{\"@id\":\"https:\\\/\\\/anadolupet.com.tr\\\/#website\"},\"primaryImageOfPage\":{\"@id\":\"https:\\\/\\\/anadolupet.com.tr\\\/urun\\\/tetra-algumin-plus-yosun-onleyici-250ml\\\/#primaryimage\"},\"image\":{\"@id\":\"https:\\\/\\\/anadolupet.com.tr\\\/urun\\\/tetra-algumin-plus-yosun-onleyici-250ml\\\/#primaryimage\"},\"thumbnailUrl\":\"https:\\\/\\\/anadolupet.com.tr\\\/wp-content\\\/uploads\\\/2026\\\/02\\\/401-708768.jpg\",\"datePublished\":\"2026-02-14T14:45:57+00:00\",\"dateModified\":\"2026-02-23T16:49:07+00:00\",\"breadcrumb\":{\"@id\":\"https:\\\/\\\/anadolupet.com.tr\\\/urun\\\/tetra-algumin-plus-yosun-onleyici-250ml\\\/#breadcrumb\"},\"inLanguage\":\"en-US\",\"potentialAction\":[{\"@type\":\"ReadAction\",\"target\":[\"https:\\\/\\\/anadolupet.com.tr\\\/urun\\\/tetra-algumin-plus-yosun-onleyici-250ml\\\/\"]}]},{\"@type\":\"ImageObject\",\"inLanguage\":\"en-US\",\"@id\":\"https:\\\/\\\/anadolupet.com.tr\\\/urun\\\/tetra-algumin-plus-yosun-onleyici-250ml\\\/#primaryimage\",\"url\":\"https:\\\/\\\/anadolupet.com.tr\\\/wp-content\\\/uploads\\\/2026\\\/02\\\/401-708768.jpg\",\"contentUrl\":\"https:\\\/\\\/anadolupet.com.tr\\\/wp-content\\\/uploads\\\/2026\\\/02\\\/401-708768.jpg\",\"width\":750,\"height\":750},{\"@type\":\"BreadcrumbList\",\"@id\":\"https:\\\/\\\/anadolupet.com.tr\\\/urun\\\/tetra-algumin-plus-yosun-onleyici-250ml\\\/#breadcrumb\",\"itemListElement\":[{\"@type\":\"ListItem\",\"position\":1,\"name\":\"Anasayfa\",\"item\":\"https:\\\/\\\/anadolupet.com.tr\\\/\"},{\"@type\":\"ListItem\",\"position\":2,\"name\":\"\u00dcr\u00fcnler\",\"item\":\"https:\\\/\\\/anadolupet.com.tr\\\/urunler\\\/\"},{\"@type\":\"ListItem\",\"position\":3,\"name\":\"Tetra Algumin Plus Yosun \u00d6nleyici &#8211; 250ML\"}]},{\"@type\":\"WebSite\",\"@id\":\"https:\\\/\\\/anadolupet.com.tr\\\/#website\",\"url\":\"https:\\\/\\\/anadolupet.com.tr\\\/\",\"name\":\"Anadolu Pet Grup\",\"description\":\"Her Can\u0131n \u0130yi Ya\u015fam\u0131 \u0130\u00e7in Biraraday\u0131z\",\"publisher\":{\"@id\":\"https:\\\/\\\/anadolupet.com.tr\\\/#organization\"},\"potentialAction\":[{\"@type\":\"SearchAction\",\"target\":{\"@type\":\"EntryPoint\",\"urlTemplate\":\"https:\\\/\\\/anadolupet.com.tr\\\/?s={search_term_string}\"},\"query-input\":{\"@type\":\"PropertyValueSpecification\",\"valueRequired\":true,\"valueName\":\"search_term_string\"}}],\"inLanguage\":\"en-US\"},{\"@type\":\"Organization\",\"@id\":\"https:\\\/\\\/anadolupet.com.tr\\\/#organization\",\"name\":\"Anadolu Pet Grup\",\"alternateName\":\"Anadolu Pet\",\"url\":\"https:\\\/\\\/anadolupet.com.tr\\\/\",\"logo\":{\"@type\":\"ImageObject\",\"inLanguage\":\"en-US\",\"@id\":\"https:\\\/\\\/anadolupet.com.tr\\\/#\\\/schema\\\/logo\\\/image\\\/\",\"url\":\"https:\\\/\\\/anadolupet.com.tr\\\/wp-content\\\/uploads\\\/2026\\\/03\\\/1614666743370.jpg\",\"contentUrl\":\"https:\\\/\\\/anadolupet.com.tr\\\/wp-content\\\/uploads\\\/2026\\\/03\\\/1614666743370.jpg\",\"width\":800,\"height\":571,\"caption\":\"Anadolu Pet Grup\"},\"image\":{\"@id\":\"https:\\\/\\\/anadolupet.com.tr\\\/#\\\/schema\\\/logo\\\/image\\\/\"}}]}<\/script>\n<!-- \/ Yoast SEO plugin. -->","yoast_head_json":{"title":"Tetra Algumin Plus Yosun \u00d6nleyici - 250ML - Anadolu Pet Grup","robots":{"index":"index","follow":"follow","max-snippet":"max-snippet:-1","max-image-preview":"max-image-preview:large","max-video-preview":"max-video-preview:-1"},"canonical":"https:\/\/anadolupet.com.tr\/en\/product\/tetra-algumin-plus-yosun-onleyici-250ml\/","og_locale":"en_US","og_type":"article","og_title":"Tetra Algumin Plus Yosun \u00d6nleyici - 250ML - Anadolu Pet Grup","og_description":"Tetra Algumin Plus, akvaryumda olu\u015fan her t\u00fcrl\u00fc\u00fc alg \u00e7e\u015fidi ile m\u00fccaele eder ve yeni alg olu\u015fumunu \u00f6nler. Detaylar; * Suyun ye\u015fermesine neden olan ye\u015fil alglerin yok edilmesinde kullan\u0131l\u0131r. * En s\u0131k g\u00f6r\u00fclen t\u00fcm ye\u015fil alg t\u00fcrleri i\u00e7in geni\u015f spektrumlu bir etkiye sahiptir. * Anti-alg giderici olarak humik asitleri i\u00e7erir. * Bal\u0131klara, bitkilere ve mikroorganizmalara zarar vermez. Ek bilgi; *Optimum alg \u00f6nleme: Akvaryumdaki algler g\u00f6ze ho\u015f g\u00f6r\u00fcnmez ve su bitkilerinin b\u00fcy\u00fcmesini de engelleyebilir. Ayr\u0131ca akvaryumdaki biyolojik dengeyi uzun vadede olumsuz etkilerler. Algler, \u0131\u015f\u0131\u011fa \u00e7ok fazla maruz kald\u0131\u011f\u0131nda veya besin fazlas\u0131 oldu\u011funda b\u00fcy\u00fcr. Yosun b\u00fcy\u00fcmesini \u00f6nlemek i\u00e7in, alg besinleri fosfat (PO4) ve nitrat (NO3-) azalt\u0131lmal\u0131d\u0131r, \u00f6rn. Tetra EasyBalance ile. \u00d6nleme i\u00e7in d\u00fczenli olarak \u00f6zel yosun \u00f6nleyici maddeler kullanmak da m\u00fcmk\u00fcnd\u00fcr. *Alg \u00f6nleyici \u00fcr\u00fcnleri g\u00fcvenle kullan\u0131n. Kullanmadan \u00f6nce her zaman etiketi ve \u00fcr\u00fcn bilgisini okuyun. Dozaj; *Her 4 haftada bir 20 l akvaryum suyuna 5 ml ekleyin. *Uygulama: Kullanmadan \u00f6nce sallay\u0131n\u0131z. Do\u011frudan suya s\u0131v\u0131y\u0131 ekleyin. *Not: \u00dcr\u00fcn\u00fc g\u00fcne\u015f \u0131\u015f\u0131\u011f\u0131ndan uzak tutun. Aktif karbon filtreleme, \u00fcr\u00fcn\u00fcn etkinli\u011fini azalt\u0131r. UV ar\u0131t\u0131c\u0131y\u0131 kapat\u0131n. Havaland\u0131rma gereklidir. \u00d6l\u00fc algleri mekanik olarak uzakla\u015ft\u0131r\u0131n. Miktar; 250 ml","og_url":"https:\/\/anadolupet.com.tr\/en\/product\/tetra-algumin-plus-yosun-onleyici-250ml\/","og_site_name":"Anadolu Pet Grup","article_modified_time":"2026-02-23T16:49:07+00:00","og_image":[{"width":750,"height":750,"url":"https:\/\/anadolupet.com.tr\/wp-content\/uploads\/2026\/02\/401-708768.jpg","type":"image\/jpeg"}],"twitter_card":"summary_large_image","schema":{"@context":"https:\/\/schema.org","@graph":[{"@type":"WebPage","@id":"https:\/\/anadolupet.com.tr\/urun\/tetra-algumin-plus-yosun-onleyici-250ml\/","url":"https:\/\/anadolupet.com.tr\/urun\/tetra-algumin-plus-yosun-onleyici-250ml\/","name":"Tetra Algumin Plus Yosun \u00d6nleyici - 250ML - Anadolu Pet Grup","isPartOf":{"@id":"https:\/\/anadolupet.com.tr\/#website"},"primaryImageOfPage":{"@id":"https:\/\/anadolupet.com.tr\/urun\/tetra-algumin-plus-yosun-onleyici-250ml\/#primaryimage"},"image":{"@id":"https:\/\/anadolupet.com.tr\/urun\/tetra-algumin-plus-yosun-onleyici-250ml\/#primaryimage"},"thumbnailUrl":"https:\/\/anadolupet.com.tr\/wp-content\/uploads\/2026\/02\/401-708768.jpg","datePublished":"2026-02-14T14:45:57+00:00","dateModified":"2026-02-23T16:49:07+00:00","breadcrumb":{"@id":"https:\/\/anadolupet.com.tr\/urun\/tetra-algumin-plus-yosun-onleyici-250ml\/#breadcrumb"},"inLanguage":"en-US","potentialAction":[{"@type":"ReadAction","target":["https:\/\/anadolupet.com.tr\/urun\/tetra-algumin-plus-yosun-onleyici-250ml\/"]}]},{"@type":"ImageObject","inLanguage":"en-US","@id":"https:\/\/anadolupet.com.tr\/urun\/tetra-algumin-plus-yosun-onleyici-250ml\/#primaryimage","url":"https:\/\/anadolupet.com.tr\/wp-content\/uploads\/2026\/02\/401-708768.jpg","contentUrl":"https:\/\/anadolupet.com.tr\/wp-content\/uploads\/2026\/02\/401-708768.jpg","width":750,"height":750},{"@type":"BreadcrumbList","@id":"https:\/\/anadolupet.com.tr\/urun\/tetra-algumin-plus-yosun-onleyici-250ml\/#breadcrumb","itemListElement":[{"@type":"ListItem","position":1,"name":"Anasayfa","item":"https:\/\/anadolupet.com.tr\/"},{"@type":"ListItem","position":2,"name":"\u00dcr\u00fcnler","item":"https:\/\/anadolupet.com.tr\/urunler\/"},{"@type":"ListItem","position":3,"name":"Tetra Algumin Plus Yosun \u00d6nleyici &#8211; 250ML"}]},{"@type":"WebSite","@id":"https:\/\/anadolupet.com.tr\/#website","url":"https:\/\/anadolupet.com.tr\/","name":"Anadolu Pet Group","description":"We Stand Together for the Well-Being of Every Life","publisher":{"@id":"https:\/\/anadolupet.com.tr\/#organization"},"potentialAction":[{"@type":"SearchAction","target":{"@type":"EntryPoint","urlTemplate":"https:\/\/anadolupet.com.tr\/?s={search_term_string}"},"query-input":{"@type":"PropertyValueSpecification","valueRequired":true,"valueName":"search_term_string"}}],"inLanguage":"en-US"},{"@type":"Organization","@id":"https:\/\/anadolupet.com.tr\/#organization","name":"Anadolu Pet Group","alternateName":"Anadolu Pet","url":"https:\/\/anadolupet.com.tr\/","logo":{"@type":"ImageObject","inLanguage":"en-US","@id":"https:\/\/anadolupet.com.tr\/#\/schema\/logo\/image\/","url":"https:\/\/anadolupet.com.tr\/wp-content\/uploads\/2026\/03\/1614666743370.jpg","contentUrl":"https:\/\/anadolupet.com.tr\/wp-content\/uploads\/2026\/03\/1614666743370.jpg","width":800,"height":571,"caption":"Anadolu Pet Grup"},"image":{"@id":"https:\/\/anadolupet.com.tr\/#\/schema\/logo\/image\/"}}]}},"_links":{"self":[{"href":"https:\/\/anadolupet.com.tr\/en\/wp-json\/wp\/v2\/product\/46177","targetHints":{"allow":["GET"]}}],"collection":[{"href":"https:\/\/anadolupet.com.tr\/en\/wp-json\/wp\/v2\/product"}],"about":[{"href":"https:\/\/anadolupet.com.tr\/en\/wp-json\/wp\/v2\/types\/product"}],"replies":[{"embeddable":true,"href":"https:\/\/anadolupet.com.tr\/en\/wp-json\/wp\/v2\/comments?post=46177"}],"wp:featuredmedia":[{"embeddable":true,"href":"https:\/\/anadolupet.com.tr\/en\/wp-json\/wp\/v2\/media\/47163"}],"wp:attachment":[{"href":"https:\/\/anadolupet.com.tr\/en\/wp-json\/wp\/v2\/media?parent=46177"}],"wp:term":[{"taxonomy":"product_brand","embeddable":true,"href":"https:\/\/anadolupet.com.tr\/en\/wp-json\/wp\/v2\/product_brand?post=46177"},{"taxonomy":"product_cat","embeddable":true,"href":"https:\/\/anadolupet.com.tr\/en\/wp-json\/wp\/v2\/product_cat?post=46177"},{"taxonomy":"product_tag","embeddable":true,"href":"https:\/\/anadolupet.com.tr\/en\/wp-json\/wp\/v2\/product_tag?post=46177"}],"curies":[{"name":"wp","href":"https:\/\/api.w.org\/{rel}","templated":true}]}}