{"id":46182,"date":"2026-02-14T14:45:57","date_gmt":"2026-02-14T14:45:57","guid":{"rendered":"https:\/\/anadolupet.com.tr\/?post_type=product&#038;p=46182"},"modified":"2026-02-23T16:49:07","modified_gmt":"2026-02-23T16:49:07","slug":"tetra-aps-300-hava-motoru-yedek-korugu","status":"publish","type":"product","link":"https:\/\/anadolupet.com.tr\/en\/urun\/tetra-aps-300-hava-motoru-yedek-korugu\/","title":{"rendered":"Tetra APS 300 Hava Motoru Yedek K\u00f6r\u00fc\u011f\u00fc"},"content":{"rendered":"","protected":false},"excerpt":{"rendered":"<p>Tetra APS 300 Yedek Conta, hava motorunun orijinal yedek par\u00e7as\u0131d\u0131r. APS 300 modelleri ile uyumludur.<br \/>\nUzun s\u00fcre kullan\u0131m sonucunda a\u015f\u0131nmadan kaynaklanan deformazyondan sonra ne yaz\u0131k ki hava motoru contalar\u0131 a\u015f\u0131nmaktad\u0131r. A\u015f\u0131nma bir s\u00fcre sonra hava motorunun sesli \u00e7al\u0131\u015fmas\u0131na sebep olacakt\u0131r. Bu sebeple Yedek contalar hava motorunun daha sessiz ve stabil \u00e7al\u0131\u015fmas\u0131n\u0131 sa\u011flar.<\/p>","protected":false},"featured_media":47193,"comment_status":"open","ping_status":"closed","template":"","meta":{"_acf_changed":false},"product_brand":[],"product_cat":[2380],"product_tag":[],"class_list":{"0":"post-46182","1":"product","2":"type-product","3":"status-publish","4":"has-post-thumbnail","6":"product_cat-contalar","8":"first","9":"instock","10":"shipping-taxable","11":"product-type-simple"},"acf":[],"yoast_head":"<!-- This site is optimized with the Yoast SEO plugin v27.4 - https:\/\/yoast.com\/product\/yoast-seo-wordpress\/ -->\n<title>Tetra APS 300 Hava Motoru Yedek K\u00f6r\u00fc\u011f\u00fc - Anadolu Pet Grup<\/title>\n<meta name=\"robots\" content=\"index, follow, max-snippet:-1, max-image-preview:large, max-video-preview:-1\" \/>\n<link rel=\"canonical\" href=\"https:\/\/anadolupet.com.tr\/en\/product\/tetra-aps-300-hava-motoru-yedek-korugu\/\" \/>\n<meta property=\"og:locale\" content=\"en_US\" \/>\n<meta property=\"og:type\" content=\"article\" \/>\n<meta property=\"og:title\" content=\"Tetra APS 300 Hava Motoru Yedek K\u00f6r\u00fc\u011f\u00fc - Anadolu Pet Grup\" \/>\n<meta property=\"og:description\" content=\"Tetra APS 300 Yedek Conta, hava motorunun orijinal yedek par\u00e7as\u0131d\u0131r. APS 300 modelleri ile uyumludur. Uzun s\u00fcre kullan\u0131m sonucunda a\u015f\u0131nmadan kaynaklanan deformazyondan sonra ne yaz\u0131k ki hava motoru contalar\u0131 a\u015f\u0131nmaktad\u0131r. A\u015f\u0131nma bir s\u00fcre sonra hava motorunun sesli \u00e7al\u0131\u015fmas\u0131na sebep olacakt\u0131r. Bu sebeple Yedek contalar hava motorunun daha sessiz ve stabil \u00e7al\u0131\u015fmas\u0131n\u0131 sa\u011flar.\" \/>\n<meta property=\"og:url\" content=\"https:\/\/anadolupet.com.tr\/en\/product\/tetra-aps-300-hava-motoru-yedek-korugu\/\" \/>\n<meta property=\"og:site_name\" content=\"Anadolu Pet Grup\" \/>\n<meta property=\"article:modified_time\" content=\"2026-02-23T16:49:07+00:00\" \/>\n<meta property=\"og:image\" content=\"https:\/\/anadolupet.com.tr\/wp-content\/uploads\/2026\/02\/402-181212.jpg\" \/>\n\t<meta property=\"og:image:width\" content=\"750\" \/>\n\t<meta property=\"og:image:height\" content=\"750\" \/>\n\t<meta property=\"og:image:type\" content=\"image\/jpeg\" \/>\n<meta name=\"twitter:card\" content=\"summary_large_image\" \/>\n<script type=\"application\/ld+json\" class=\"yoast-schema-graph\">{\"@context\":\"https:\\\/\\\/schema.org\",\"@graph\":[{\"@type\":\"WebPage\",\"@id\":\"https:\\\/\\\/anadolupet.com.tr\\\/urun\\\/tetra-aps-300-hava-motoru-yedek-korugu\\\/\",\"url\":\"https:\\\/\\\/anadolupet.com.tr\\\/urun\\\/tetra-aps-300-hava-motoru-yedek-korugu\\\/\",\"name\":\"Tetra APS 300 Hava Motoru Yedek K\u00f6r\u00fc\u011f\u00fc - Anadolu Pet Grup\",\"isPartOf\":{\"@id\":\"https:\\\/\\\/anadolupet.com.tr\\\/#website\"},\"primaryImageOfPage\":{\"@id\":\"https:\\\/\\\/anadolupet.com.tr\\\/urun\\\/tetra-aps-300-hava-motoru-yedek-korugu\\\/#primaryimage\"},\"image\":{\"@id\":\"https:\\\/\\\/anadolupet.com.tr\\\/urun\\\/tetra-aps-300-hava-motoru-yedek-korugu\\\/#primaryimage\"},\"thumbnailUrl\":\"https:\\\/\\\/anadolupet.com.tr\\\/wp-content\\\/uploads\\\/2026\\\/02\\\/402-181212.jpg\",\"datePublished\":\"2026-02-14T14:45:57+00:00\",\"dateModified\":\"2026-02-23T16:49:07+00:00\",\"breadcrumb\":{\"@id\":\"https:\\\/\\\/anadolupet.com.tr\\\/urun\\\/tetra-aps-300-hava-motoru-yedek-korugu\\\/#breadcrumb\"},\"inLanguage\":\"en-US\",\"potentialAction\":[{\"@type\":\"ReadAction\",\"target\":[\"https:\\\/\\\/anadolupet.com.tr\\\/urun\\\/tetra-aps-300-hava-motoru-yedek-korugu\\\/\"]}]},{\"@type\":\"ImageObject\",\"inLanguage\":\"en-US\",\"@id\":\"https:\\\/\\\/anadolupet.com.tr\\\/urun\\\/tetra-aps-300-hava-motoru-yedek-korugu\\\/#primaryimage\",\"url\":\"https:\\\/\\\/anadolupet.com.tr\\\/wp-content\\\/uploads\\\/2026\\\/02\\\/402-181212.jpg\",\"contentUrl\":\"https:\\\/\\\/anadolupet.com.tr\\\/wp-content\\\/uploads\\\/2026\\\/02\\\/402-181212.jpg\",\"width\":750,\"height\":750},{\"@type\":\"BreadcrumbList\",\"@id\":\"https:\\\/\\\/anadolupet.com.tr\\\/urun\\\/tetra-aps-300-hava-motoru-yedek-korugu\\\/#breadcrumb\",\"itemListElement\":[{\"@type\":\"ListItem\",\"position\":1,\"name\":\"Anasayfa\",\"item\":\"https:\\\/\\\/anadolupet.com.tr\\\/\"},{\"@type\":\"ListItem\",\"position\":2,\"name\":\"\u00dcr\u00fcnler\",\"item\":\"https:\\\/\\\/anadolupet.com.tr\\\/urunler\\\/\"},{\"@type\":\"ListItem\",\"position\":3,\"name\":\"Tetra APS 300 Hava Motoru Yedek K\u00f6r\u00fc\u011f\u00fc\"}]},{\"@type\":\"WebSite\",\"@id\":\"https:\\\/\\\/anadolupet.com.tr\\\/#website\",\"url\":\"https:\\\/\\\/anadolupet.com.tr\\\/\",\"name\":\"Anadolu Pet Grup\",\"description\":\"Her Can\u0131n \u0130yi Ya\u015fam\u0131 \u0130\u00e7in Biraraday\u0131z\",\"publisher\":{\"@id\":\"https:\\\/\\\/anadolupet.com.tr\\\/#organization\"},\"potentialAction\":[{\"@type\":\"SearchAction\",\"target\":{\"@type\":\"EntryPoint\",\"urlTemplate\":\"https:\\\/\\\/anadolupet.com.tr\\\/?s={search_term_string}\"},\"query-input\":{\"@type\":\"PropertyValueSpecification\",\"valueRequired\":true,\"valueName\":\"search_term_string\"}}],\"inLanguage\":\"en-US\"},{\"@type\":\"Organization\",\"@id\":\"https:\\\/\\\/anadolupet.com.tr\\\/#organization\",\"name\":\"Anadolu Pet Grup\",\"alternateName\":\"Anadolu Pet\",\"url\":\"https:\\\/\\\/anadolupet.com.tr\\\/\",\"logo\":{\"@type\":\"ImageObject\",\"inLanguage\":\"en-US\",\"@id\":\"https:\\\/\\\/anadolupet.com.tr\\\/#\\\/schema\\\/logo\\\/image\\\/\",\"url\":\"https:\\\/\\\/anadolupet.com.tr\\\/wp-content\\\/uploads\\\/2026\\\/03\\\/1614666743370.jpg\",\"contentUrl\":\"https:\\\/\\\/anadolupet.com.tr\\\/wp-content\\\/uploads\\\/2026\\\/03\\\/1614666743370.jpg\",\"width\":800,\"height\":571,\"caption\":\"Anadolu Pet Grup\"},\"image\":{\"@id\":\"https:\\\/\\\/anadolupet.com.tr\\\/#\\\/schema\\\/logo\\\/image\\\/\"}}]}<\/script>\n<!-- \/ Yoast SEO plugin. -->","yoast_head_json":{"title":"Tetra APS 300 Hava Motoru Yedek K\u00f6r\u00fc\u011f\u00fc - Anadolu Pet Grup","robots":{"index":"index","follow":"follow","max-snippet":"max-snippet:-1","max-image-preview":"max-image-preview:large","max-video-preview":"max-video-preview:-1"},"canonical":"https:\/\/anadolupet.com.tr\/en\/product\/tetra-aps-300-hava-motoru-yedek-korugu\/","og_locale":"en_US","og_type":"article","og_title":"Tetra APS 300 Hava Motoru Yedek K\u00f6r\u00fc\u011f\u00fc - Anadolu Pet Grup","og_description":"Tetra APS 300 Yedek Conta, hava motorunun orijinal yedek par\u00e7as\u0131d\u0131r. APS 300 modelleri ile uyumludur. Uzun s\u00fcre kullan\u0131m sonucunda a\u015f\u0131nmadan kaynaklanan deformazyondan sonra ne yaz\u0131k ki hava motoru contalar\u0131 a\u015f\u0131nmaktad\u0131r. A\u015f\u0131nma bir s\u00fcre sonra hava motorunun sesli \u00e7al\u0131\u015fmas\u0131na sebep olacakt\u0131r. Bu sebeple Yedek contalar hava motorunun daha sessiz ve stabil \u00e7al\u0131\u015fmas\u0131n\u0131 sa\u011flar.","og_url":"https:\/\/anadolupet.com.tr\/en\/product\/tetra-aps-300-hava-motoru-yedek-korugu\/","og_site_name":"Anadolu Pet Grup","article_modified_time":"2026-02-23T16:49:07+00:00","og_image":[{"width":750,"height":750,"url":"https:\/\/anadolupet.com.tr\/wp-content\/uploads\/2026\/02\/402-181212.jpg","type":"image\/jpeg"}],"twitter_card":"summary_large_image","schema":{"@context":"https:\/\/schema.org","@graph":[{"@type":"WebPage","@id":"https:\/\/anadolupet.com.tr\/urun\/tetra-aps-300-hava-motoru-yedek-korugu\/","url":"https:\/\/anadolupet.com.tr\/urun\/tetra-aps-300-hava-motoru-yedek-korugu\/","name":"Tetra APS 300 Hava Motoru Yedek K\u00f6r\u00fc\u011f\u00fc - Anadolu Pet Grup","isPartOf":{"@id":"https:\/\/anadolupet.com.tr\/#website"},"primaryImageOfPage":{"@id":"https:\/\/anadolupet.com.tr\/urun\/tetra-aps-300-hava-motoru-yedek-korugu\/#primaryimage"},"image":{"@id":"https:\/\/anadolupet.com.tr\/urun\/tetra-aps-300-hava-motoru-yedek-korugu\/#primaryimage"},"thumbnailUrl":"https:\/\/anadolupet.com.tr\/wp-content\/uploads\/2026\/02\/402-181212.jpg","datePublished":"2026-02-14T14:45:57+00:00","dateModified":"2026-02-23T16:49:07+00:00","breadcrumb":{"@id":"https:\/\/anadolupet.com.tr\/urun\/tetra-aps-300-hava-motoru-yedek-korugu\/#breadcrumb"},"inLanguage":"en-US","potentialAction":[{"@type":"ReadAction","target":["https:\/\/anadolupet.com.tr\/urun\/tetra-aps-300-hava-motoru-yedek-korugu\/"]}]},{"@type":"ImageObject","inLanguage":"en-US","@id":"https:\/\/anadolupet.com.tr\/urun\/tetra-aps-300-hava-motoru-yedek-korugu\/#primaryimage","url":"https:\/\/anadolupet.com.tr\/wp-content\/uploads\/2026\/02\/402-181212.jpg","contentUrl":"https:\/\/anadolupet.com.tr\/wp-content\/uploads\/2026\/02\/402-181212.jpg","width":750,"height":750},{"@type":"BreadcrumbList","@id":"https:\/\/anadolupet.com.tr\/urun\/tetra-aps-300-hava-motoru-yedek-korugu\/#breadcrumb","itemListElement":[{"@type":"ListItem","position":1,"name":"Anasayfa","item":"https:\/\/anadolupet.com.tr\/"},{"@type":"ListItem","position":2,"name":"\u00dcr\u00fcnler","item":"https:\/\/anadolupet.com.tr\/urunler\/"},{"@type":"ListItem","position":3,"name":"Tetra APS 300 Hava Motoru Yedek K\u00f6r\u00fc\u011f\u00fc"}]},{"@type":"WebSite","@id":"https:\/\/anadolupet.com.tr\/#website","url":"https:\/\/anadolupet.com.tr\/","name":"Anadolu Pet Group","description":"We Stand Together for the Well-Being of Every Life","publisher":{"@id":"https:\/\/anadolupet.com.tr\/#organization"},"potentialAction":[{"@type":"SearchAction","target":{"@type":"EntryPoint","urlTemplate":"https:\/\/anadolupet.com.tr\/?s={search_term_string}"},"query-input":{"@type":"PropertyValueSpecification","valueRequired":true,"valueName":"search_term_string"}}],"inLanguage":"en-US"},{"@type":"Organization","@id":"https:\/\/anadolupet.com.tr\/#organization","name":"Anadolu Pet Group","alternateName":"Anadolu Pet","url":"https:\/\/anadolupet.com.tr\/","logo":{"@type":"ImageObject","inLanguage":"en-US","@id":"https:\/\/anadolupet.com.tr\/#\/schema\/logo\/image\/","url":"https:\/\/anadolupet.com.tr\/wp-content\/uploads\/2026\/03\/1614666743370.jpg","contentUrl":"https:\/\/anadolupet.com.tr\/wp-content\/uploads\/2026\/03\/1614666743370.jpg","width":800,"height":571,"caption":"Anadolu Pet Grup"},"image":{"@id":"https:\/\/anadolupet.com.tr\/#\/schema\/logo\/image\/"}}]}},"_links":{"self":[{"href":"https:\/\/anadolupet.com.tr\/en\/wp-json\/wp\/v2\/product\/46182","targetHints":{"allow":["GET"]}}],"collection":[{"href":"https:\/\/anadolupet.com.tr\/en\/wp-json\/wp\/v2\/product"}],"about":[{"href":"https:\/\/anadolupet.com.tr\/en\/wp-json\/wp\/v2\/types\/product"}],"replies":[{"embeddable":true,"href":"https:\/\/anadolupet.com.tr\/en\/wp-json\/wp\/v2\/comments?post=46182"}],"wp:featuredmedia":[{"embeddable":true,"href":"https:\/\/anadolupet.com.tr\/en\/wp-json\/wp\/v2\/media\/47193"}],"wp:attachment":[{"href":"https:\/\/anadolupet.com.tr\/en\/wp-json\/wp\/v2\/media?parent=46182"}],"wp:term":[{"taxonomy":"product_brand","embeddable":true,"href":"https:\/\/anadolupet.com.tr\/en\/wp-json\/wp\/v2\/product_brand?post=46182"},{"taxonomy":"product_cat","embeddable":true,"href":"https:\/\/anadolupet.com.tr\/en\/wp-json\/wp\/v2\/product_cat?post=46182"},{"taxonomy":"product_tag","embeddable":true,"href":"https:\/\/anadolupet.com.tr\/en\/wp-json\/wp\/v2\/product_tag?post=46182"}],"curies":[{"name":"wp","href":"https:\/\/api.w.org\/{rel}","templated":true}]}}