{"id":46195,"date":"2026-02-14T14:45:58","date_gmt":"2026-02-14T14:45:58","guid":{"rendered":"https:\/\/anadolupet.com.tr\/?post_type=product&#038;p=46195"},"modified":"2026-02-23T16:49:09","modified_gmt":"2026-02-23T16:49:09","slug":"tetra-bb-bioball-ex600-700-1200-filtre-malzemesi","status":"publish","type":"product","link":"https:\/\/anadolupet.com.tr\/en\/urun\/tetra-bb-bioball-ex600-700-1200-filtre-malzemesi\/","title":{"rendered":"Tetra BB BioBall EX600\/700\/1200 Filtre Malzemesi"},"content":{"rendered":"","protected":false},"excerpt":{"rendered":"<p>Tetra BB BioBalls, b\u00fcy\u00fck par\u00e7ac\u0131klar\u0131 sudan fiziksel olarak uzakla\u015ft\u0131r\u0131r. Yararl\u0131 bakterilerin b\u00fcy\u00fcmesini desteklemek i\u00e7in geni\u015f bir y\u00fczey alan\u0131na sahiptirler. Filtre malzemesidir. Tetra filtrelerin t\u00fcm modellerine uygun olmakla birlikte t\u00fcm filtrelerde kullan\u0131labilen 2 cm \u00e7ap\u0131nda geni\u015f y\u00fczey hacmine sahip i\u00e7 veya sump filtre malzemesidir.<br \/>\nTetra Bio Ball uyumlu oldu\u011fu modeller;<br \/>\nEx 400<br \/>\nEx 600<br \/>\nEx 600 Plus<br \/>\nEx 700<br \/>\nEx 800 Plus<br \/>\nEx 1200<br \/>\nEx 1200 Plus<\/p>","protected":false},"featured_media":47168,"comment_status":"open","ping_status":"closed","template":"","meta":{"_acf_changed":false},"product_brand":[],"product_cat":[2381],"product_tag":[],"class_list":{"0":"post-46195","1":"product","2":"type-product","3":"status-publish","4":"has-post-thumbnail","6":"product_cat-dis-filtre-malzemeleri","8":"first","9":"instock","10":"shipping-taxable","11":"product-type-simple"},"acf":[],"yoast_head":"<!-- This site is optimized with the Yoast SEO plugin v27.5 - https:\/\/yoast.com\/product\/yoast-seo-wordpress\/ -->\n<title>Tetra BB BioBall EX600\/700\/1200 Filtre Malzemesi - Anadolu Pet Grup<\/title>\n<meta name=\"robots\" content=\"index, follow, max-snippet:-1, max-image-preview:large, max-video-preview:-1\" \/>\n<link rel=\"canonical\" href=\"https:\/\/anadolupet.com.tr\/en\/product\/tetra-bb-bioball-ex600-700-1200-filtre-malzemesi\/\" \/>\n<meta property=\"og:locale\" content=\"en_US\" \/>\n<meta property=\"og:type\" content=\"article\" \/>\n<meta property=\"og:title\" content=\"Tetra BB BioBall EX600\/700\/1200 Filtre Malzemesi - Anadolu Pet Grup\" \/>\n<meta property=\"og:description\" content=\"Tetra BB BioBalls, b\u00fcy\u00fck par\u00e7ac\u0131klar\u0131 sudan fiziksel olarak uzakla\u015ft\u0131r\u0131r. Yararl\u0131 bakterilerin b\u00fcy\u00fcmesini desteklemek i\u00e7in geni\u015f bir y\u00fczey alan\u0131na sahiptirler. Filtre malzemesidir. Tetra filtrelerin t\u00fcm modellerine uygun olmakla birlikte t\u00fcm filtrelerde kullan\u0131labilen 2 cm \u00e7ap\u0131nda geni\u015f y\u00fczey hacmine sahip i\u00e7 veya sump filtre malzemesidir. Tetra Bio Ball uyumlu oldu\u011fu modeller; Ex 400 Ex 600 Ex 600 Plus Ex 700 Ex 800 Plus Ex 1200 Ex 1200 Plus\" \/>\n<meta property=\"og:url\" content=\"https:\/\/anadolupet.com.tr\/en\/product\/tetra-bb-bioball-ex600-700-1200-filtre-malzemesi\/\" \/>\n<meta property=\"og:site_name\" content=\"Anadolu Pet Grup\" \/>\n<meta property=\"article:modified_time\" content=\"2026-02-23T16:49:09+00:00\" \/>\n<meta property=\"og:image\" content=\"https:\/\/anadolupet.com.tr\/wp-content\/uploads\/2026\/02\/402-145566.jpg\" \/>\n\t<meta property=\"og:image:width\" content=\"750\" \/>\n\t<meta property=\"og:image:height\" content=\"750\" \/>\n\t<meta property=\"og:image:type\" content=\"image\/jpeg\" \/>\n<meta name=\"twitter:card\" content=\"summary_large_image\" \/>\n<script type=\"application\/ld+json\" class=\"yoast-schema-graph\">{\"@context\":\"https:\\\/\\\/schema.org\",\"@graph\":[{\"@type\":\"WebPage\",\"@id\":\"https:\\\/\\\/anadolupet.com.tr\\\/en\\\/product\\\/tetra-bb-bioball-ex600-700-1200-filtre-malzemesi\\\/\",\"url\":\"https:\\\/\\\/anadolupet.com.tr\\\/en\\\/product\\\/tetra-bb-bioball-ex600-700-1200-filtre-malzemesi\\\/\",\"name\":\"Tetra BB BioBall EX600\\\/700\\\/1200 Filtre Malzemesi - Anadolu Pet Grup\",\"isPartOf\":{\"@id\":\"https:\\\/\\\/anadolupet.com.tr\\\/#website\"},\"primaryImageOfPage\":{\"@id\":\"https:\\\/\\\/anadolupet.com.tr\\\/en\\\/product\\\/tetra-bb-bioball-ex600-700-1200-filtre-malzemesi\\\/#primaryimage\"},\"image\":{\"@id\":\"https:\\\/\\\/anadolupet.com.tr\\\/en\\\/product\\\/tetra-bb-bioball-ex600-700-1200-filtre-malzemesi\\\/#primaryimage\"},\"thumbnailUrl\":\"https:\\\/\\\/anadolupet.com.tr\\\/wp-content\\\/uploads\\\/2026\\\/02\\\/402-145566.jpg\",\"datePublished\":\"2026-02-14T14:45:58+00:00\",\"dateModified\":\"2026-02-23T16:49:09+00:00\",\"breadcrumb\":{\"@id\":\"https:\\\/\\\/anadolupet.com.tr\\\/en\\\/product\\\/tetra-bb-bioball-ex600-700-1200-filtre-malzemesi\\\/#breadcrumb\"},\"inLanguage\":\"en-US\",\"potentialAction\":[{\"@type\":\"ReadAction\",\"target\":[\"https:\\\/\\\/anadolupet.com.tr\\\/en\\\/product\\\/tetra-bb-bioball-ex600-700-1200-filtre-malzemesi\\\/\"]}]},{\"@type\":\"ImageObject\",\"inLanguage\":\"en-US\",\"@id\":\"https:\\\/\\\/anadolupet.com.tr\\\/en\\\/product\\\/tetra-bb-bioball-ex600-700-1200-filtre-malzemesi\\\/#primaryimage\",\"url\":\"https:\\\/\\\/anadolupet.com.tr\\\/wp-content\\\/uploads\\\/2026\\\/02\\\/402-145566.jpg\",\"contentUrl\":\"https:\\\/\\\/anadolupet.com.tr\\\/wp-content\\\/uploads\\\/2026\\\/02\\\/402-145566.jpg\",\"width\":750,\"height\":750},{\"@type\":\"BreadcrumbList\",\"@id\":\"https:\\\/\\\/anadolupet.com.tr\\\/en\\\/product\\\/tetra-bb-bioball-ex600-700-1200-filtre-malzemesi\\\/#breadcrumb\",\"itemListElement\":[{\"@type\":\"ListItem\",\"position\":1,\"name\":\"Anasayfa\",\"item\":\"https:\\\/\\\/anadolupet.com.tr\\\/\"},{\"@type\":\"ListItem\",\"position\":2,\"name\":\"\u00dcr\u00fcnler\",\"item\":\"https:\\\/\\\/anadolupet.com.tr\\\/urunler\\\/\"},{\"@type\":\"ListItem\",\"position\":3,\"name\":\"Tetra BB BioBall EX600\\\/700\\\/1200 Filtre Malzemesi\"}]},{\"@type\":\"WebSite\",\"@id\":\"https:\\\/\\\/anadolupet.com.tr\\\/#website\",\"url\":\"https:\\\/\\\/anadolupet.com.tr\\\/\",\"name\":\"Anadolu Pet Grup\",\"description\":\"Her Can\u0131n \u0130yi Ya\u015fam\u0131 \u0130\u00e7in Biraraday\u0131z\",\"publisher\":{\"@id\":\"https:\\\/\\\/anadolupet.com.tr\\\/#organization\"},\"potentialAction\":[{\"@type\":\"SearchAction\",\"target\":{\"@type\":\"EntryPoint\",\"urlTemplate\":\"https:\\\/\\\/anadolupet.com.tr\\\/?s={search_term_string}\"},\"query-input\":{\"@type\":\"PropertyValueSpecification\",\"valueRequired\":true,\"valueName\":\"search_term_string\"}}],\"inLanguage\":\"en-US\"},{\"@type\":\"Organization\",\"@id\":\"https:\\\/\\\/anadolupet.com.tr\\\/#organization\",\"name\":\"Anadolu Pet Grup\",\"alternateName\":\"Anadolu Pet\",\"url\":\"https:\\\/\\\/anadolupet.com.tr\\\/\",\"logo\":{\"@type\":\"ImageObject\",\"inLanguage\":\"en-US\",\"@id\":\"https:\\\/\\\/anadolupet.com.tr\\\/#\\\/schema\\\/logo\\\/image\\\/\",\"url\":\"https:\\\/\\\/anadolupet.com.tr\\\/wp-content\\\/uploads\\\/2026\\\/03\\\/1614666743370.jpg\",\"contentUrl\":\"https:\\\/\\\/anadolupet.com.tr\\\/wp-content\\\/uploads\\\/2026\\\/03\\\/1614666743370.jpg\",\"width\":800,\"height\":571,\"caption\":\"Anadolu Pet Grup\"},\"image\":{\"@id\":\"https:\\\/\\\/anadolupet.com.tr\\\/#\\\/schema\\\/logo\\\/image\\\/\"}}]}<\/script>\n<!-- \/ Yoast SEO plugin. -->","yoast_head_json":{"title":"Tetra BB BioBall EX600\/700\/1200 Filtre Malzemesi - Anadolu Pet Grup","robots":{"index":"index","follow":"follow","max-snippet":"max-snippet:-1","max-image-preview":"max-image-preview:large","max-video-preview":"max-video-preview:-1"},"canonical":"https:\/\/anadolupet.com.tr\/en\/product\/tetra-bb-bioball-ex600-700-1200-filtre-malzemesi\/","og_locale":"en_US","og_type":"article","og_title":"Tetra BB BioBall EX600\/700\/1200 Filtre Malzemesi - Anadolu Pet Grup","og_description":"Tetra BB BioBalls, b\u00fcy\u00fck par\u00e7ac\u0131klar\u0131 sudan fiziksel olarak uzakla\u015ft\u0131r\u0131r. Yararl\u0131 bakterilerin b\u00fcy\u00fcmesini desteklemek i\u00e7in geni\u015f bir y\u00fczey alan\u0131na sahiptirler. Filtre malzemesidir. Tetra filtrelerin t\u00fcm modellerine uygun olmakla birlikte t\u00fcm filtrelerde kullan\u0131labilen 2 cm \u00e7ap\u0131nda geni\u015f y\u00fczey hacmine sahip i\u00e7 veya sump filtre malzemesidir. Tetra Bio Ball uyumlu oldu\u011fu modeller; Ex 400 Ex 600 Ex 600 Plus Ex 700 Ex 800 Plus Ex 1200 Ex 1200 Plus","og_url":"https:\/\/anadolupet.com.tr\/en\/product\/tetra-bb-bioball-ex600-700-1200-filtre-malzemesi\/","og_site_name":"Anadolu Pet Grup","article_modified_time":"2026-02-23T16:49:09+00:00","og_image":[{"width":750,"height":750,"url":"https:\/\/anadolupet.com.tr\/wp-content\/uploads\/2026\/02\/402-145566.jpg","type":"image\/jpeg"}],"twitter_card":"summary_large_image","schema":{"@context":"https:\/\/schema.org","@graph":[{"@type":"WebPage","@id":"https:\/\/anadolupet.com.tr\/en\/product\/tetra-bb-bioball-ex600-700-1200-filtre-malzemesi\/","url":"https:\/\/anadolupet.com.tr\/en\/product\/tetra-bb-bioball-ex600-700-1200-filtre-malzemesi\/","name":"Tetra BB BioBall EX600\/700\/1200 Filtre Malzemesi - Anadolu Pet Grup","isPartOf":{"@id":"https:\/\/anadolupet.com.tr\/#website"},"primaryImageOfPage":{"@id":"https:\/\/anadolupet.com.tr\/en\/product\/tetra-bb-bioball-ex600-700-1200-filtre-malzemesi\/#primaryimage"},"image":{"@id":"https:\/\/anadolupet.com.tr\/en\/product\/tetra-bb-bioball-ex600-700-1200-filtre-malzemesi\/#primaryimage"},"thumbnailUrl":"https:\/\/anadolupet.com.tr\/wp-content\/uploads\/2026\/02\/402-145566.jpg","datePublished":"2026-02-14T14:45:58+00:00","dateModified":"2026-02-23T16:49:09+00:00","breadcrumb":{"@id":"https:\/\/anadolupet.com.tr\/en\/product\/tetra-bb-bioball-ex600-700-1200-filtre-malzemesi\/#breadcrumb"},"inLanguage":"en-US","potentialAction":[{"@type":"ReadAction","target":["https:\/\/anadolupet.com.tr\/en\/product\/tetra-bb-bioball-ex600-700-1200-filtre-malzemesi\/"]}]},{"@type":"ImageObject","inLanguage":"en-US","@id":"https:\/\/anadolupet.com.tr\/en\/product\/tetra-bb-bioball-ex600-700-1200-filtre-malzemesi\/#primaryimage","url":"https:\/\/anadolupet.com.tr\/wp-content\/uploads\/2026\/02\/402-145566.jpg","contentUrl":"https:\/\/anadolupet.com.tr\/wp-content\/uploads\/2026\/02\/402-145566.jpg","width":750,"height":750},{"@type":"BreadcrumbList","@id":"https:\/\/anadolupet.com.tr\/en\/product\/tetra-bb-bioball-ex600-700-1200-filtre-malzemesi\/#breadcrumb","itemListElement":[{"@type":"ListItem","position":1,"name":"Anasayfa","item":"https:\/\/anadolupet.com.tr\/"},{"@type":"ListItem","position":2,"name":"\u00dcr\u00fcnler","item":"https:\/\/anadolupet.com.tr\/urunler\/"},{"@type":"ListItem","position":3,"name":"Tetra BB BioBall EX600\/700\/1200 Filtre Malzemesi"}]},{"@type":"WebSite","@id":"https:\/\/anadolupet.com.tr\/#website","url":"https:\/\/anadolupet.com.tr\/","name":"Anadolu Pet Group","description":"We Stand Together for the Well-Being of Every Life","publisher":{"@id":"https:\/\/anadolupet.com.tr\/#organization"},"potentialAction":[{"@type":"SearchAction","target":{"@type":"EntryPoint","urlTemplate":"https:\/\/anadolupet.com.tr\/?s={search_term_string}"},"query-input":{"@type":"PropertyValueSpecification","valueRequired":true,"valueName":"search_term_string"}}],"inLanguage":"en-US"},{"@type":"Organization","@id":"https:\/\/anadolupet.com.tr\/#organization","name":"Anadolu Pet Group","alternateName":"Anadolu Pet","url":"https:\/\/anadolupet.com.tr\/","logo":{"@type":"ImageObject","inLanguage":"en-US","@id":"https:\/\/anadolupet.com.tr\/#\/schema\/logo\/image\/","url":"https:\/\/anadolupet.com.tr\/wp-content\/uploads\/2026\/03\/1614666743370.jpg","contentUrl":"https:\/\/anadolupet.com.tr\/wp-content\/uploads\/2026\/03\/1614666743370.jpg","width":800,"height":571,"caption":"Anadolu Pet Grup"},"image":{"@id":"https:\/\/anadolupet.com.tr\/#\/schema\/logo\/image\/"}}]}},"_links":{"self":[{"href":"https:\/\/anadolupet.com.tr\/en\/wp-json\/wp\/v2\/product\/46195","targetHints":{"allow":["GET"]}}],"collection":[{"href":"https:\/\/anadolupet.com.tr\/en\/wp-json\/wp\/v2\/product"}],"about":[{"href":"https:\/\/anadolupet.com.tr\/en\/wp-json\/wp\/v2\/types\/product"}],"replies":[{"embeddable":true,"href":"https:\/\/anadolupet.com.tr\/en\/wp-json\/wp\/v2\/comments?post=46195"}],"wp:featuredmedia":[{"embeddable":true,"href":"https:\/\/anadolupet.com.tr\/en\/wp-json\/wp\/v2\/media\/47168"}],"wp:attachment":[{"href":"https:\/\/anadolupet.com.tr\/en\/wp-json\/wp\/v2\/media?parent=46195"}],"wp:term":[{"taxonomy":"product_brand","embeddable":true,"href":"https:\/\/anadolupet.com.tr\/en\/wp-json\/wp\/v2\/product_brand?post=46195"},{"taxonomy":"product_cat","embeddable":true,"href":"https:\/\/anadolupet.com.tr\/en\/wp-json\/wp\/v2\/product_cat?post=46195"},{"taxonomy":"product_tag","embeddable":true,"href":"https:\/\/anadolupet.com.tr\/en\/wp-json\/wp\/v2\/product_tag?post=46195"}],"curies":[{"name":"wp","href":"https:\/\/api.w.org\/{rel}","templated":true}]}}