{"id":46196,"date":"2026-02-14T14:45:58","date_gmt":"2026-02-14T14:45:58","guid":{"rendered":"https:\/\/anadolupet.com.tr\/?post_type=product&#038;p=46196"},"modified":"2026-02-23T16:49:09","modified_gmt":"2026-02-23T16:49:09","slug":"tetra-betta-granules-granul-betta-balik-yemi-5gr","status":"publish","type":"product","link":"https:\/\/anadolupet.com.tr\/en\/urun\/tetra-betta-granules-granul-betta-balik-yemi-5gr\/","title":{"rendered":"Tetra Betta Gran\u00fcles Gran\u00fcl Betta Bal\u0131k Yemi &#8211; 5GR"},"content":{"rendered":"","protected":false},"excerpt":{"rendered":"<p>Tetra Betta Granules, beta bal\u0131klar\u0131 ve gurami gibi di\u011fer labirent t\u00fcr\u00fc bal\u0131klar\u0131n, enerji ihtiyac\u0131n\u0131 kar\u015f\u0131layan, rengini ve canl\u0131l\u0131\u011f\u0131n\u0131 koruyan, gran\u00fcl formda \u00fcretilmi\u015f ana besin yemidir. \u0130\u00e7eri\u011findeki hayvansal proteinler sayesinde bal\u0131klar\u0131n\u0131z\u0131n geli\u015fimini h\u0131zland\u0131r\u0131r. Bal\u0131\u011f\u0131n\u0131z\u0131n do\u011fal dokusunu ve renklerinin parlakl\u0131\u011f\u0131n\u0131 peki\u015ftirecek do\u011fal pigmentler i\u00e7erir. Tetra Betta Granules, y\u00fcksek besin teknolojisi kullan\u0131larak, en iyi ham maddeler ile \u00fcretilmi\u015ftir. \u0130\u00e7eri\u011fi;<br \/>\nBal\u0131k ve bal\u0131k \u00fcr\u00fcnleri, bitkisel protein \u00f6zleri, tah\u0131llar, \u00e7e\u015fitli bitkiler, istridye ve karides, mayalar, mineraller, algler, deniz yosunu, ya\u011flar, g\u0131da boyas\u0131 ve koruyucular i\u00e7ermektedir.<br \/>\nDozaj;<br \/>\nG\u00fcnde 2 yada 3 kez beslenmeniz tavsiye edilir. Bal\u0131klar\u0131n\u0131z yemlerini en fazla birka\u00e7 dakika i\u00e7erisinde t\u00fcketecektir. Miktar;<br \/>\n5 gr<\/p>","protected":false},"featured_media":47056,"comment_status":"open","ping_status":"closed","template":"","meta":{"_acf_changed":false},"product_brand":[],"product_cat":[2418],"product_tag":[],"class_list":{"0":"post-46196","1":"product","2":"type-product","3":"status-publish","4":"has-post-thumbnail","6":"product_cat-ture-ozel-yemler","8":"first","9":"instock","10":"shipping-taxable","11":"product-type-simple"},"acf":[],"yoast_head":"<!-- This site is optimized with the Yoast SEO plugin v27.5 - https:\/\/yoast.com\/product\/yoast-seo-wordpress\/ -->\n<title>Tetra Betta Gran\u00fcles Gran\u00fcl Betta Bal\u0131k Yemi - 5GR - Anadolu Pet Grup<\/title>\n<meta name=\"robots\" content=\"index, follow, max-snippet:-1, max-image-preview:large, max-video-preview:-1\" \/>\n<link rel=\"canonical\" href=\"https:\/\/anadolupet.com.tr\/en\/product\/tetra-betta-granules-granul-betta-balik-yemi-5gr\/\" \/>\n<meta property=\"og:locale\" content=\"en_US\" \/>\n<meta property=\"og:type\" content=\"article\" \/>\n<meta property=\"og:title\" content=\"Tetra Betta Gran\u00fcles Gran\u00fcl Betta Bal\u0131k Yemi - 5GR - Anadolu Pet Grup\" \/>\n<meta property=\"og:description\" content=\"Tetra Betta Granules, beta bal\u0131klar\u0131 ve gurami gibi di\u011fer labirent t\u00fcr\u00fc bal\u0131klar\u0131n, enerji ihtiyac\u0131n\u0131 kar\u015f\u0131layan, rengini ve canl\u0131l\u0131\u011f\u0131n\u0131 koruyan, gran\u00fcl formda \u00fcretilmi\u015f ana besin yemidir. \u0130\u00e7eri\u011findeki hayvansal proteinler sayesinde bal\u0131klar\u0131n\u0131z\u0131n geli\u015fimini h\u0131zland\u0131r\u0131r. Bal\u0131\u011f\u0131n\u0131z\u0131n do\u011fal dokusunu ve renklerinin parlakl\u0131\u011f\u0131n\u0131 peki\u015ftirecek do\u011fal pigmentler i\u00e7erir. Tetra Betta Granules, y\u00fcksek besin teknolojisi kullan\u0131larak, en iyi ham maddeler ile \u00fcretilmi\u015ftir. \u0130\u00e7eri\u011fi; Bal\u0131k ve bal\u0131k \u00fcr\u00fcnleri, bitkisel protein \u00f6zleri, tah\u0131llar, \u00e7e\u015fitli bitkiler, istridye ve karides, mayalar, mineraller, algler, deniz yosunu, ya\u011flar, g\u0131da boyas\u0131 ve koruyucular i\u00e7ermektedir. Dozaj; G\u00fcnde 2 yada 3 kez beslenmeniz tavsiye edilir. Bal\u0131klar\u0131n\u0131z yemlerini en fazla birka\u00e7 dakika i\u00e7erisinde t\u00fcketecektir. Miktar; 5 gr\" \/>\n<meta property=\"og:url\" content=\"https:\/\/anadolupet.com.tr\/en\/product\/tetra-betta-granules-granul-betta-balik-yemi-5gr\/\" \/>\n<meta property=\"og:site_name\" content=\"Anadolu Pet Grup\" \/>\n<meta property=\"article:modified_time\" content=\"2026-02-23T16:49:09+00:00\" \/>\n<meta property=\"og:image\" content=\"https:\/\/anadolupet.com.tr\/wp-content\/uploads\/2026\/02\/400-193680.jpg\" \/>\n\t<meta property=\"og:image:width\" content=\"750\" \/>\n\t<meta property=\"og:image:height\" content=\"750\" \/>\n\t<meta property=\"og:image:type\" content=\"image\/jpeg\" \/>\n<meta name=\"twitter:card\" content=\"summary_large_image\" \/>\n<script type=\"application\/ld+json\" class=\"yoast-schema-graph\">{\"@context\":\"https:\\\/\\\/schema.org\",\"@graph\":[{\"@type\":\"WebPage\",\"@id\":\"https:\\\/\\\/anadolupet.com.tr\\\/urun\\\/tetra-betta-granules-granul-betta-balik-yemi-5gr\\\/\",\"url\":\"https:\\\/\\\/anadolupet.com.tr\\\/urun\\\/tetra-betta-granules-granul-betta-balik-yemi-5gr\\\/\",\"name\":\"Tetra Betta Gran\u00fcles Gran\u00fcl Betta Bal\u0131k Yemi - 5GR - Anadolu Pet Grup\",\"isPartOf\":{\"@id\":\"https:\\\/\\\/anadolupet.com.tr\\\/#website\"},\"primaryImageOfPage\":{\"@id\":\"https:\\\/\\\/anadolupet.com.tr\\\/urun\\\/tetra-betta-granules-granul-betta-balik-yemi-5gr\\\/#primaryimage\"},\"image\":{\"@id\":\"https:\\\/\\\/anadolupet.com.tr\\\/urun\\\/tetra-betta-granules-granul-betta-balik-yemi-5gr\\\/#primaryimage\"},\"thumbnailUrl\":\"https:\\\/\\\/anadolupet.com.tr\\\/wp-content\\\/uploads\\\/2026\\\/02\\\/400-193680.jpg\",\"datePublished\":\"2026-02-14T14:45:58+00:00\",\"dateModified\":\"2026-02-23T16:49:09+00:00\",\"breadcrumb\":{\"@id\":\"https:\\\/\\\/anadolupet.com.tr\\\/urun\\\/tetra-betta-granules-granul-betta-balik-yemi-5gr\\\/#breadcrumb\"},\"inLanguage\":\"en-US\",\"potentialAction\":[{\"@type\":\"ReadAction\",\"target\":[\"https:\\\/\\\/anadolupet.com.tr\\\/urun\\\/tetra-betta-granules-granul-betta-balik-yemi-5gr\\\/\"]}]},{\"@type\":\"ImageObject\",\"inLanguage\":\"en-US\",\"@id\":\"https:\\\/\\\/anadolupet.com.tr\\\/urun\\\/tetra-betta-granules-granul-betta-balik-yemi-5gr\\\/#primaryimage\",\"url\":\"https:\\\/\\\/anadolupet.com.tr\\\/wp-content\\\/uploads\\\/2026\\\/02\\\/400-193680.jpg\",\"contentUrl\":\"https:\\\/\\\/anadolupet.com.tr\\\/wp-content\\\/uploads\\\/2026\\\/02\\\/400-193680.jpg\",\"width\":750,\"height\":750},{\"@type\":\"BreadcrumbList\",\"@id\":\"https:\\\/\\\/anadolupet.com.tr\\\/urun\\\/tetra-betta-granules-granul-betta-balik-yemi-5gr\\\/#breadcrumb\",\"itemListElement\":[{\"@type\":\"ListItem\",\"position\":1,\"name\":\"Anasayfa\",\"item\":\"https:\\\/\\\/anadolupet.com.tr\\\/\"},{\"@type\":\"ListItem\",\"position\":2,\"name\":\"\u00dcr\u00fcnler\",\"item\":\"https:\\\/\\\/anadolupet.com.tr\\\/urunler\\\/\"},{\"@type\":\"ListItem\",\"position\":3,\"name\":\"Tetra Betta Gran\u00fcles Gran\u00fcl Betta Bal\u0131k Yemi &#8211; 5GR\"}]},{\"@type\":\"WebSite\",\"@id\":\"https:\\\/\\\/anadolupet.com.tr\\\/#website\",\"url\":\"https:\\\/\\\/anadolupet.com.tr\\\/\",\"name\":\"Anadolu Pet Grup\",\"description\":\"Her Can\u0131n \u0130yi Ya\u015fam\u0131 \u0130\u00e7in Biraraday\u0131z\",\"publisher\":{\"@id\":\"https:\\\/\\\/anadolupet.com.tr\\\/#organization\"},\"potentialAction\":[{\"@type\":\"SearchAction\",\"target\":{\"@type\":\"EntryPoint\",\"urlTemplate\":\"https:\\\/\\\/anadolupet.com.tr\\\/?s={search_term_string}\"},\"query-input\":{\"@type\":\"PropertyValueSpecification\",\"valueRequired\":true,\"valueName\":\"search_term_string\"}}],\"inLanguage\":\"en-US\"},{\"@type\":\"Organization\",\"@id\":\"https:\\\/\\\/anadolupet.com.tr\\\/#organization\",\"name\":\"Anadolu Pet Grup\",\"alternateName\":\"Anadolu Pet\",\"url\":\"https:\\\/\\\/anadolupet.com.tr\\\/\",\"logo\":{\"@type\":\"ImageObject\",\"inLanguage\":\"en-US\",\"@id\":\"https:\\\/\\\/anadolupet.com.tr\\\/#\\\/schema\\\/logo\\\/image\\\/\",\"url\":\"https:\\\/\\\/anadolupet.com.tr\\\/wp-content\\\/uploads\\\/2026\\\/03\\\/1614666743370.jpg\",\"contentUrl\":\"https:\\\/\\\/anadolupet.com.tr\\\/wp-content\\\/uploads\\\/2026\\\/03\\\/1614666743370.jpg\",\"width\":800,\"height\":571,\"caption\":\"Anadolu Pet Grup\"},\"image\":{\"@id\":\"https:\\\/\\\/anadolupet.com.tr\\\/#\\\/schema\\\/logo\\\/image\\\/\"}}]}<\/script>\n<!-- \/ Yoast SEO plugin. -->","yoast_head_json":{"title":"Tetra Betta Gran\u00fcles Gran\u00fcl Betta Bal\u0131k Yemi - 5GR - Anadolu Pet Grup","robots":{"index":"index","follow":"follow","max-snippet":"max-snippet:-1","max-image-preview":"max-image-preview:large","max-video-preview":"max-video-preview:-1"},"canonical":"https:\/\/anadolupet.com.tr\/en\/product\/tetra-betta-granules-granul-betta-balik-yemi-5gr\/","og_locale":"en_US","og_type":"article","og_title":"Tetra Betta Gran\u00fcles Gran\u00fcl Betta Bal\u0131k Yemi - 5GR - Anadolu Pet Grup","og_description":"Tetra Betta Granules, beta bal\u0131klar\u0131 ve gurami gibi di\u011fer labirent t\u00fcr\u00fc bal\u0131klar\u0131n, enerji ihtiyac\u0131n\u0131 kar\u015f\u0131layan, rengini ve canl\u0131l\u0131\u011f\u0131n\u0131 koruyan, gran\u00fcl formda \u00fcretilmi\u015f ana besin yemidir. \u0130\u00e7eri\u011findeki hayvansal proteinler sayesinde bal\u0131klar\u0131n\u0131z\u0131n geli\u015fimini h\u0131zland\u0131r\u0131r. Bal\u0131\u011f\u0131n\u0131z\u0131n do\u011fal dokusunu ve renklerinin parlakl\u0131\u011f\u0131n\u0131 peki\u015ftirecek do\u011fal pigmentler i\u00e7erir. Tetra Betta Granules, y\u00fcksek besin teknolojisi kullan\u0131larak, en iyi ham maddeler ile \u00fcretilmi\u015ftir. \u0130\u00e7eri\u011fi; Bal\u0131k ve bal\u0131k \u00fcr\u00fcnleri, bitkisel protein \u00f6zleri, tah\u0131llar, \u00e7e\u015fitli bitkiler, istridye ve karides, mayalar, mineraller, algler, deniz yosunu, ya\u011flar, g\u0131da boyas\u0131 ve koruyucular i\u00e7ermektedir. Dozaj; G\u00fcnde 2 yada 3 kez beslenmeniz tavsiye edilir. Bal\u0131klar\u0131n\u0131z yemlerini en fazla birka\u00e7 dakika i\u00e7erisinde t\u00fcketecektir. Miktar; 5 gr","og_url":"https:\/\/anadolupet.com.tr\/en\/product\/tetra-betta-granules-granul-betta-balik-yemi-5gr\/","og_site_name":"Anadolu Pet Grup","article_modified_time":"2026-02-23T16:49:09+00:00","og_image":[{"width":750,"height":750,"url":"https:\/\/anadolupet.com.tr\/wp-content\/uploads\/2026\/02\/400-193680.jpg","type":"image\/jpeg"}],"twitter_card":"summary_large_image","schema":{"@context":"https:\/\/schema.org","@graph":[{"@type":"WebPage","@id":"https:\/\/anadolupet.com.tr\/urun\/tetra-betta-granules-granul-betta-balik-yemi-5gr\/","url":"https:\/\/anadolupet.com.tr\/urun\/tetra-betta-granules-granul-betta-balik-yemi-5gr\/","name":"Tetra Betta Gran\u00fcles Gran\u00fcl Betta Bal\u0131k Yemi - 5GR - Anadolu Pet Grup","isPartOf":{"@id":"https:\/\/anadolupet.com.tr\/#website"},"primaryImageOfPage":{"@id":"https:\/\/anadolupet.com.tr\/urun\/tetra-betta-granules-granul-betta-balik-yemi-5gr\/#primaryimage"},"image":{"@id":"https:\/\/anadolupet.com.tr\/urun\/tetra-betta-granules-granul-betta-balik-yemi-5gr\/#primaryimage"},"thumbnailUrl":"https:\/\/anadolupet.com.tr\/wp-content\/uploads\/2026\/02\/400-193680.jpg","datePublished":"2026-02-14T14:45:58+00:00","dateModified":"2026-02-23T16:49:09+00:00","breadcrumb":{"@id":"https:\/\/anadolupet.com.tr\/urun\/tetra-betta-granules-granul-betta-balik-yemi-5gr\/#breadcrumb"},"inLanguage":"en-US","potentialAction":[{"@type":"ReadAction","target":["https:\/\/anadolupet.com.tr\/urun\/tetra-betta-granules-granul-betta-balik-yemi-5gr\/"]}]},{"@type":"ImageObject","inLanguage":"en-US","@id":"https:\/\/anadolupet.com.tr\/urun\/tetra-betta-granules-granul-betta-balik-yemi-5gr\/#primaryimage","url":"https:\/\/anadolupet.com.tr\/wp-content\/uploads\/2026\/02\/400-193680.jpg","contentUrl":"https:\/\/anadolupet.com.tr\/wp-content\/uploads\/2026\/02\/400-193680.jpg","width":750,"height":750},{"@type":"BreadcrumbList","@id":"https:\/\/anadolupet.com.tr\/urun\/tetra-betta-granules-granul-betta-balik-yemi-5gr\/#breadcrumb","itemListElement":[{"@type":"ListItem","position":1,"name":"Anasayfa","item":"https:\/\/anadolupet.com.tr\/"},{"@type":"ListItem","position":2,"name":"\u00dcr\u00fcnler","item":"https:\/\/anadolupet.com.tr\/urunler\/"},{"@type":"ListItem","position":3,"name":"Tetra Betta Gran\u00fcles Gran\u00fcl Betta Bal\u0131k Yemi &#8211; 5GR"}]},{"@type":"WebSite","@id":"https:\/\/anadolupet.com.tr\/#website","url":"https:\/\/anadolupet.com.tr\/","name":"Anadolu Pet Group","description":"We Stand Together for the Well-Being of Every Life","publisher":{"@id":"https:\/\/anadolupet.com.tr\/#organization"},"potentialAction":[{"@type":"SearchAction","target":{"@type":"EntryPoint","urlTemplate":"https:\/\/anadolupet.com.tr\/?s={search_term_string}"},"query-input":{"@type":"PropertyValueSpecification","valueRequired":true,"valueName":"search_term_string"}}],"inLanguage":"en-US"},{"@type":"Organization","@id":"https:\/\/anadolupet.com.tr\/#organization","name":"Anadolu Pet Group","alternateName":"Anadolu Pet","url":"https:\/\/anadolupet.com.tr\/","logo":{"@type":"ImageObject","inLanguage":"en-US","@id":"https:\/\/anadolupet.com.tr\/#\/schema\/logo\/image\/","url":"https:\/\/anadolupet.com.tr\/wp-content\/uploads\/2026\/03\/1614666743370.jpg","contentUrl":"https:\/\/anadolupet.com.tr\/wp-content\/uploads\/2026\/03\/1614666743370.jpg","width":800,"height":571,"caption":"Anadolu Pet Grup"},"image":{"@id":"https:\/\/anadolupet.com.tr\/#\/schema\/logo\/image\/"}}]}},"_links":{"self":[{"href":"https:\/\/anadolupet.com.tr\/en\/wp-json\/wp\/v2\/product\/46196","targetHints":{"allow":["GET"]}}],"collection":[{"href":"https:\/\/anadolupet.com.tr\/en\/wp-json\/wp\/v2\/product"}],"about":[{"href":"https:\/\/anadolupet.com.tr\/en\/wp-json\/wp\/v2\/types\/product"}],"replies":[{"embeddable":true,"href":"https:\/\/anadolupet.com.tr\/en\/wp-json\/wp\/v2\/comments?post=46196"}],"wp:featuredmedia":[{"embeddable":true,"href":"https:\/\/anadolupet.com.tr\/en\/wp-json\/wp\/v2\/media\/47056"}],"wp:attachment":[{"href":"https:\/\/anadolupet.com.tr\/en\/wp-json\/wp\/v2\/media?parent=46196"}],"wp:term":[{"taxonomy":"product_brand","embeddable":true,"href":"https:\/\/anadolupet.com.tr\/en\/wp-json\/wp\/v2\/product_brand?post=46196"},{"taxonomy":"product_cat","embeddable":true,"href":"https:\/\/anadolupet.com.tr\/en\/wp-json\/wp\/v2\/product_cat?post=46196"},{"taxonomy":"product_tag","embeddable":true,"href":"https:\/\/anadolupet.com.tr\/en\/wp-json\/wp\/v2\/product_tag?post=46196"}],"curies":[{"name":"wp","href":"https:\/\/api.w.org\/{rel}","templated":true}]}}